{"id":992,"date":"2025-10-23T10:48:23","date_gmt":"2025-10-23T08:48:23","guid":{"rendered":"https:\/\/forkommerce.com\/?page_id=992"},"modified":"2026-03-04T16:24:55","modified_gmt":"2026-03-04T15:24:55","slug":"impressum","status":"publish","type":"page","link":"https:\/\/forkommerce.com\/de\/impressum\/","title":{"rendered":"Impressum"},"content":{"rendered":"<h1 class=\"title-main\">Impressum<\/h1>\n<div class=\"clearfix\"><\/div>\n<style>\ndl {\n    margin-top: 0;\n    margin-bottom: 20px;\n}\n.dl-horizontal dt {\n    float: left;\n    width: 180px;\n    clear: left;\n    text-align: right;\n    overflow: hidden;\n    text-overflow: ellipsis;\n    white-space: nowrap;\n}\n.dl-horizontal dd {\n    margin-left: 200px;\n}\n.dl-horizontal dt {\n    font-weight: bold;\n}\n\/* Larghezza massima di 767px *\/\n@media only screen and (max-width: 767px) {\n    .dl-horizontal dt {\n        float: none; \/* Annulliamo il float *\/\n        width: auto; \/* Annulliamo la larghezza *\/\n        clear: none; \/* Annulliamo il clear *\/\n        text-align: left; \/* Reimpostiamo l'allineamento del testo *\/\n        overflow: visible; \/* Annulliamo l'overflow *\/\n        text-overflow: clip; \/* Annulliamo l'overflow del testo *\/\n        white-space: normal; \/* Reimpostiamo lo spazio bianco *\/\n    }\n    .dl-horizontal dd {\n        margin-left: 25px; \/* Rimuoviamo il margine sinistro *\/\n    }\n}\n<\/style>\n<dl class=\"dl-horizontal\">\n<dt>Firma \/ Rechtsform:<\/dt>\n<dd>FORKOMMERCE S.r.l.<\/dd>\n<dt>Adresse:<\/dt>\n<dd>Via Vecchia Ferriera 13, 36100 Vicenza (VI) \u2013 Italia<\/dd>\n<dt>Telefon:<\/dt>\n<dd><a href=\"tel:+393351657127\">+39 335 165 7127<\/a><\/dd>\n<dt>Mail:<\/dt>\n<dd><a href=\"mailto:info@forkommerce.com\">info@forkommerce.com<\/a><\/dd>\n<dt>Italienische PEC-E-Mail-Adresse:<\/dt>\n<dd><a href=\"mailto:forkommercesrl@legalmail.it\">forkommercesrl@legalmail.it<\/a><\/dd>\n<\/dl>\n<dl class=\"dl-horizontal\">\n<dt>Stammkapital:<\/dt>\n<dd>10.000,00 \u20ac t.v. in H\u00f6he von 25% gleich 2.500,00 \u20ac<\/dd>\n<dt>Umsatzsteuer-ID:<\/dt>\n<dd>IT-04628580245<\/dd>\n<dt>Italienischer SdI-Code:<\/dt>\n<dd>M5UXCR1<\/dd>\n<\/dl>\n<dl class=\"dl-horizontal\">\n<dt>Bezugskonto:<\/dt>\n<dd>FORKOMMERCE SRL<\/dd>\n<dt>IBAN:<\/dt>\n<dd>IT83Y0303259750010001216918<\/dd>\n<dt>BIC\/SWIFT:<\/dt>\n<dd>BACRIT22XXX<\/dd>\n<\/dl>\n<dl class=\"dl-horizontal\">\n<dt>Textverantwortlicher:<\/dt>\n<dd>FORKOMMERCE S.r.l.<\/dd>\n<dt>Web:<\/dt>\n<dd>Argo Comunicazioni<\/dd>\n<\/dl>\n<dl class=\"dl-horizontal\">\n<dt>Hinweise:<\/dt>\n<dd>Alle Daten und Inhalte auf dieser Website (https:\/\/forkommerce.com) wurden von FORKOMMERCE S.r.l. sorgf\u00e4ltig gepr\u00fcft. Trotzdem werden die Informationen auf der Internetseite ohne Garantie f\u00fcr die Richtigkeit, Vollst\u00e4ndigkeit und Aktualit\u00e4t der Daten zur Verf\u00fcgung gestellt. FORKOMMERCE S.r.l. beh\u00e4lt sich das Recht vor, die auf der Website ver\u00f6ffentlichten Informationen und Inhalte zu aktualisieren, zu \u00e4ndern und zu modifizieren.<\/dd>\n<dt>Copyright:<\/dt>\n<dd>Die Struktur und der Inhalt dieser Website (https:\/\/forkommerce.com) sind durch Copyright gesch\u00fctzt. Die Vervielf\u00e4ltigung von Informationen und Daten, insbesondere die Nutzung von Texten, Textteilen oder Bildern, bedarf der ausdr\u00fccklichen Genehmigung von FORKOMMERCE S.r.l..<\/p>\n<p>F\u00fcr die au\u00dfergerichtliche Streitbeilegung im Bereich des Verbraucherrechts hat die Europ\u00e4ische Union eine Online-Plattform (&#8222;OS-Plattform&#8220;) eingerichtet, an die man sich wenden kann. Die Plattform ist unter <a href=\"http:\/\/ec.europa.eu\/consumers\/odr\/\" target=\"_blank\" rel=\"noopener\">http:\/\/ec.europa.eu\/consumers\/odr\/<\/a> zu finden.<\/dd>\n<\/dl>\n","protected":false},"excerpt":{"rendered":"<p>Impressum Firma \/ Rechtsform: FORKOMMERCE S.r.l. Adresse: Via Vecchia Ferriera  [&#8230;]<\/p>\n","protected":false},"author":1,"featured_media":0,"parent":0,"menu_order":0,"comment_status":"closed","ping_status":"closed","template":"","meta":{"footnotes":""},"class_list":["post-992","page","type-page","status-publish","hentry"],"yoast_head":"<!-- This site is optimized with the Yoast SEO plugin v27.3 - https:\/\/yoast.com\/product\/yoast-seo-wordpress\/ -->\n<title>Impressum | Forkommerce Spare Parts<\/title>\n<meta name=\"robots\" content=\"index, follow, max-snippet:-1, max-image-preview:large, max-video-preview:-1\" \/>\n<link rel=\"canonical\" href=\"https:\/\/forkommerce.com\/de\/impressum\/\" \/>\n<meta property=\"og:locale\" content=\"de_DE\" \/>\n<meta property=\"og:type\" content=\"article\" \/>\n<meta property=\"og:title\" content=\"Impressum | Forkommerce Spare Parts\" \/>\n<meta property=\"og:description\" content=\"Impressum Firma \/ Rechtsform: FORKOMMERCE S.r.l. Adresse: Via Vecchia Ferriera [...]\" \/>\n<meta property=\"og:url\" content=\"https:\/\/forkommerce.com\/de\/impressum\/\" \/>\n<meta property=\"og:site_name\" content=\"Forkommerce Spare Parts\" \/>\n<meta property=\"article:modified_time\" content=\"2026-03-04T15:24:55+00:00\" \/>\n<meta property=\"og:image\" content=\"https:\/\/forkommerce.com\/wp-content\/uploads\/2025\/12\/Slider-Home.jpg\" \/>\n\t<meta property=\"og:image:width\" content=\"1920\" \/>\n\t<meta property=\"og:image:height\" content=\"800\" \/>\n\t<meta property=\"og:image:type\" content=\"image\/jpeg\" \/>\n<meta name=\"twitter:card\" content=\"summary_large_image\" \/>\n<script type=\"application\/ld+json\" class=\"yoast-schema-graph\">{\"@context\":\"https:\\\/\\\/schema.org\",\"@graph\":[{\"@type\":\"WebPage\",\"@id\":\"https:\\\/\\\/forkommerce.com\\\/de\\\/impressum\\\/\",\"url\":\"https:\\\/\\\/forkommerce.com\\\/de\\\/impressum\\\/\",\"name\":\"Impressum | Forkommerce Spare Parts\",\"isPartOf\":{\"@id\":\"https:\\\/\\\/forkommerce.com\\\/it\\\/#website\"},\"datePublished\":\"2025-10-23T08:48:23+00:00\",\"dateModified\":\"2026-03-04T15:24:55+00:00\",\"breadcrumb\":{\"@id\":\"https:\\\/\\\/forkommerce.com\\\/de\\\/impressum\\\/#breadcrumb\"},\"inLanguage\":\"de\",\"potentialAction\":[{\"@type\":\"ReadAction\",\"target\":[\"https:\\\/\\\/forkommerce.com\\\/de\\\/impressum\\\/\"]}]},{\"@type\":\"BreadcrumbList\",\"@id\":\"https:\\\/\\\/forkommerce.com\\\/de\\\/impressum\\\/#breadcrumb\",\"itemListElement\":[{\"@type\":\"ListItem\",\"position\":1,\"name\":\"Home\",\"item\":\"https:\\\/\\\/forkommerce.com\\\/de\\\/\"},{\"@type\":\"ListItem\",\"position\":2,\"name\":\"Impressum\"}]},{\"@type\":\"WebSite\",\"@id\":\"https:\\\/\\\/forkommerce.com\\\/it\\\/#website\",\"url\":\"https:\\\/\\\/forkommerce.com\\\/it\\\/\",\"name\":\"Forkommerce Spare Parts\",\"description\":\"Ricambi originali e compatibili per carrelli elevatori e transpallet\",\"publisher\":{\"@id\":\"https:\\\/\\\/forkommerce.com\\\/it\\\/#organization\"},\"alternateName\":\"Forkommerce Spare Parts\",\"potentialAction\":[{\"@type\":\"SearchAction\",\"target\":{\"@type\":\"EntryPoint\",\"urlTemplate\":\"https:\\\/\\\/forkommerce.com\\\/it\\\/?s={search_term_string}\"},\"query-input\":{\"@type\":\"PropertyValueSpecification\",\"valueRequired\":true,\"valueName\":\"search_term_string\"}}],\"inLanguage\":\"de\"},{\"@type\":\"Organization\",\"@id\":\"https:\\\/\\\/forkommerce.com\\\/it\\\/#organization\",\"name\":\"Forkommerce Spare Parts\",\"url\":\"https:\\\/\\\/forkommerce.com\\\/it\\\/\",\"logo\":{\"@type\":\"ImageObject\",\"inLanguage\":\"de\",\"@id\":\"https:\\\/\\\/forkommerce.com\\\/it\\\/#\\\/schema\\\/logo\\\/image\\\/\",\"url\":\"https:\\\/\\\/forkommerce.com\\\/wp-content\\\/uploads\\\/2025\\\/09\\\/Logo-Forkommercex2.png\",\"contentUrl\":\"https:\\\/\\\/forkommerce.com\\\/wp-content\\\/uploads\\\/2025\\\/09\\\/Logo-Forkommercex2.png\",\"width\":470,\"height\":120,\"caption\":\"Forkommerce Spare Parts\"},\"image\":{\"@id\":\"https:\\\/\\\/forkommerce.com\\\/it\\\/#\\\/schema\\\/logo\\\/image\\\/\"}}]}<\/script>\n<!-- \/ Yoast SEO plugin. -->","yoast_head_json":{"title":"Impressum | Forkommerce Spare Parts","robots":{"index":"index","follow":"follow","max-snippet":"max-snippet:-1","max-image-preview":"max-image-preview:large","max-video-preview":"max-video-preview:-1"},"canonical":"https:\/\/forkommerce.com\/de\/impressum\/","og_locale":"de_DE","og_type":"article","og_title":"Impressum | Forkommerce Spare Parts","og_description":"Impressum Firma \/ Rechtsform: FORKOMMERCE S.r.l. Adresse: Via Vecchia Ferriera [...]","og_url":"https:\/\/forkommerce.com\/de\/impressum\/","og_site_name":"Forkommerce Spare Parts","article_modified_time":"2026-03-04T15:24:55+00:00","og_image":[{"width":1920,"height":800,"url":"https:\/\/forkommerce.com\/wp-content\/uploads\/2025\/12\/Slider-Home.jpg","type":"image\/jpeg"}],"twitter_card":"summary_large_image","schema":{"@context":"https:\/\/schema.org","@graph":[{"@type":"WebPage","@id":"https:\/\/forkommerce.com\/de\/impressum\/","url":"https:\/\/forkommerce.com\/de\/impressum\/","name":"Impressum | Forkommerce Spare Parts","isPartOf":{"@id":"https:\/\/forkommerce.com\/it\/#website"},"datePublished":"2025-10-23T08:48:23+00:00","dateModified":"2026-03-04T15:24:55+00:00","breadcrumb":{"@id":"https:\/\/forkommerce.com\/de\/impressum\/#breadcrumb"},"inLanguage":"de","potentialAction":[{"@type":"ReadAction","target":["https:\/\/forkommerce.com\/de\/impressum\/"]}]},{"@type":"BreadcrumbList","@id":"https:\/\/forkommerce.com\/de\/impressum\/#breadcrumb","itemListElement":[{"@type":"ListItem","position":1,"name":"Home","item":"https:\/\/forkommerce.com\/de\/"},{"@type":"ListItem","position":2,"name":"Impressum"}]},{"@type":"WebSite","@id":"https:\/\/forkommerce.com\/it\/#website","url":"https:\/\/forkommerce.com\/it\/","name":"Forkommerce Spare Parts","description":"Ricambi originali e compatibili per carrelli elevatori e transpallet","publisher":{"@id":"https:\/\/forkommerce.com\/it\/#organization"},"alternateName":"Forkommerce Spare Parts","potentialAction":[{"@type":"SearchAction","target":{"@type":"EntryPoint","urlTemplate":"https:\/\/forkommerce.com\/it\/?s={search_term_string}"},"query-input":{"@type":"PropertyValueSpecification","valueRequired":true,"valueName":"search_term_string"}}],"inLanguage":"de"},{"@type":"Organization","@id":"https:\/\/forkommerce.com\/it\/#organization","name":"Forkommerce Spare Parts","url":"https:\/\/forkommerce.com\/it\/","logo":{"@type":"ImageObject","inLanguage":"de","@id":"https:\/\/forkommerce.com\/it\/#\/schema\/logo\/image\/","url":"https:\/\/forkommerce.com\/wp-content\/uploads\/2025\/09\/Logo-Forkommercex2.png","contentUrl":"https:\/\/forkommerce.com\/wp-content\/uploads\/2025\/09\/Logo-Forkommercex2.png","width":470,"height":120,"caption":"Forkommerce Spare Parts"},"image":{"@id":"https:\/\/forkommerce.com\/it\/#\/schema\/logo\/image\/"}}]}},"_links":{"self":[{"href":"https:\/\/forkommerce.com\/de\/wp-json\/wp\/v2\/pages\/992","targetHints":{"allow":["GET"]}}],"collection":[{"href":"https:\/\/forkommerce.com\/de\/wp-json\/wp\/v2\/pages"}],"about":[{"href":"https:\/\/forkommerce.com\/de\/wp-json\/wp\/v2\/types\/page"}],"author":[{"embeddable":true,"href":"https:\/\/forkommerce.com\/de\/wp-json\/wp\/v2\/users\/1"}],"replies":[{"embeddable":true,"href":"https:\/\/forkommerce.com\/de\/wp-json\/wp\/v2\/comments?post=992"}],"version-history":[{"count":2,"href":"https:\/\/forkommerce.com\/de\/wp-json\/wp\/v2\/pages\/992\/revisions"}],"predecessor-version":[{"id":4782,"href":"https:\/\/forkommerce.com\/de\/wp-json\/wp\/v2\/pages\/992\/revisions\/4782"}],"wp:attachment":[{"href":"https:\/\/forkommerce.com\/de\/wp-json\/wp\/v2\/media?parent=992"}],"curies":[{"name":"wp","href":"https:\/\/api.w.org\/{rel}","templated":true}]}}