{"id":2628,"date":"2026-02-09T12:45:05","date_gmt":"2026-02-09T11:45:05","guid":{"rendered":"https:\/\/forkommerce.com\/prodotto\/antriebsrad-230x90-45-vulkollan-fuer-linde-0039933800-kompatibel\/"},"modified":"2026-04-10T14:08:08","modified_gmt":"2026-04-10T12:08:08","slug":"antriebsrad-230x90-45-vulkollan-fuer-linde-0039933800-kompatibel","status":"publish","type":"product","link":"https:\/\/forkommerce.com\/de\/produkt\/antriebsrad-230x90-45-vulkollan-fuer-linde-0039933800-kompatibel\/","title":{"rendered":"Antriebsrad 230\u00d790\/45 Vulkollan f\u00fcr Linde 0039933800 (Kompatibel)"},"content":{"rendered":"<p data-start=\"163\" data-end=\"493\">Hochleistungs-Antriebsrad, 230&#215;90-45 kompatibel mit <strong data-start=\"237\" data-end=\"246\">Linde<\/strong> Gabelstaplern (Originalcode 0039933800).<\/p>\n<p data-start=\"163\" data-end=\"493\">Hergestellt aus Vulkollan, einem hoch verschlei\u00df- und abriebfesten Material, garantiert es einen reibungslosen Lauf, eine lange Lebensdauer und hervorragende Traktion auch in industriellen Umgebungen und Lagern mit hohem Verkehrsaufkommen.<\/p>\n<h4 data-section-id=\"d437e9\" data-start=\"500\" data-end=\"529\">Hauptmerkmale<\/h4>\n<p data-start=\"533\" data-end=\"591\">Kompatibilit\u00e4t: Linde \u2013 Art.-Nr. 0039933800 (kompatibel).<\/p>\n<p data-start=\"656\" data-end=\"701\">Material: Hochfestes Vulkollan.<\/p>\n<p data-start=\"704\" data-end=\"743\">Radtyp: Antriebsrad.<\/p>\n<p data-start=\"746\" data-end=\"817\">Verwendung: Ersatzrad f\u00fcr Linde Gabelstapler und Hubwagen.<\/p>\n<p data-start=\"820\" data-end=\"897\">Eigenschaften: hohe Langlebigkeit, Abriebfestigkeit, hervorragende Haftung.<\/p>\n<p data-start=\"900\" data-end=\"950\">Anwendung: Innenbereich und Industriefl\u00e4chen.<\/p>\n<p>OEM Stellana<\/p>\n<p>372 L14\/16<br \/>\n372 L14\/16\/L14AP\/16AP<br \/>\n1173 L14\/L16<\/p>\n<p>Still 0039933826<\/p>\n<p>EXH 25-30 \/ EXH-SF 20-25 (2360-2363)<\/p>\n","protected":false},"excerpt":{"rendered":"<p>Antriebsrad 230\u00d790 45 Vulkollan f\u00fcr Linde 0039933800 (Kompatibel)<\/p>\n","protected":false},"featured_media":2629,"template":"","meta":[],"product_brand":[119],"product_cat":[86,78],"product_tag":[],"class_list":{"0":"post-2628","1":"product","2":"type-product","3":"status-publish","4":"has-post-thumbnail","6":"product_brand-linde","7":"product_cat-alternativteil","8":"product_cat-rollen-und-raeder","10":"first","11":"instock","12":"taxable","13":"shipping-taxable","14":"purchasable","15":"product-type-simple"},"yoast_head":"<!-- This site is optimized with the Yoast SEO plugin v27.3 - https:\/\/yoast.com\/product\/yoast-seo-wordpress\/ -->\n<title>Antriebsrad 230\u00d790\/45 Vulkollan f\u00fcr Linde 0039933800 (Kompatibel) | Forkommerce Spare Parts<\/title>\n<meta name=\"robots\" content=\"index, follow, max-snippet:-1, max-image-preview:large, max-video-preview:-1\" \/>\n<link rel=\"canonical\" href=\"https:\/\/forkommerce.com\/de\/produkt\/antriebsrad-230x90-45-vulkollan-fuer-linde-0039933800-kompatibel\/\" \/>\n<meta property=\"og:locale\" content=\"de_DE\" \/>\n<meta property=\"og:type\" content=\"article\" \/>\n<meta property=\"og:title\" content=\"Antriebsrad 230\u00d790\/45 Vulkollan f\u00fcr Linde 0039933800 (Kompatibel) | Forkommerce Spare Parts\" \/>\n<meta property=\"og:description\" content=\"Antriebsrad 230\u00d790 45 Vulkollan f\u00fcr Linde 0039933800 (Kompatibel)\" \/>\n<meta property=\"og:url\" content=\"https:\/\/forkommerce.com\/de\/produkt\/antriebsrad-230x90-45-vulkollan-fuer-linde-0039933800-kompatibel\/\" \/>\n<meta property=\"og:site_name\" content=\"Forkommerce Spare Parts\" \/>\n<meta property=\"article:modified_time\" content=\"2026-04-10T12:08:08+00:00\" \/>\n<meta property=\"og:image\" content=\"https:\/\/forkommerce.com\/wp-content\/uploads\/2026\/02\/Ruota-di-trazione-230\u00d790-45-Vulkollan-per-Linde-0039933800-Compatibili.jpeg\" \/>\n\t<meta property=\"og:image:width\" content=\"602\" \/>\n\t<meta property=\"og:image:height\" content=\"583\" \/>\n\t<meta property=\"og:image:type\" content=\"image\/jpeg\" \/>\n<meta name=\"twitter:card\" content=\"summary_large_image\" \/>\n<script type=\"application\/ld+json\" class=\"yoast-schema-graph\">{\"@context\":\"https:\\\/\\\/schema.org\",\"@graph\":[{\"@type\":\"WebPage\",\"@id\":\"https:\\\/\\\/forkommerce.com\\\/de\\\/produkt\\\/antriebsrad-230x90-45-vulkollan-fuer-linde-0039933800-kompatibel\\\/\",\"url\":\"https:\\\/\\\/forkommerce.com\\\/de\\\/produkt\\\/antriebsrad-230x90-45-vulkollan-fuer-linde-0039933800-kompatibel\\\/\",\"name\":\"Antriebsrad 230\u00d790\\\/45 Vulkollan f\u00fcr Linde 0039933800 (Kompatibel) | Forkommerce Spare Parts\",\"isPartOf\":{\"@id\":\"https:\\\/\\\/forkommerce.com\\\/it\\\/#website\"},\"primaryImageOfPage\":{\"@id\":\"https:\\\/\\\/forkommerce.com\\\/de\\\/produkt\\\/antriebsrad-230x90-45-vulkollan-fuer-linde-0039933800-kompatibel\\\/#primaryimage\"},\"image\":{\"@id\":\"https:\\\/\\\/forkommerce.com\\\/de\\\/produkt\\\/antriebsrad-230x90-45-vulkollan-fuer-linde-0039933800-kompatibel\\\/#primaryimage\"},\"thumbnailUrl\":\"https:\\\/\\\/forkommerce.com\\\/wp-content\\\/uploads\\\/2026\\\/02\\\/Ruota-di-trazione-230\u00d790-45-Vulkollan-per-Linde-0039933800-Compatibili.jpeg\",\"datePublished\":\"2026-02-09T11:45:05+00:00\",\"dateModified\":\"2026-04-10T12:08:08+00:00\",\"breadcrumb\":{\"@id\":\"https:\\\/\\\/forkommerce.com\\\/de\\\/produkt\\\/antriebsrad-230x90-45-vulkollan-fuer-linde-0039933800-kompatibel\\\/#breadcrumb\"},\"inLanguage\":\"de\",\"potentialAction\":[{\"@type\":\"ReadAction\",\"target\":[\"https:\\\/\\\/forkommerce.com\\\/de\\\/produkt\\\/antriebsrad-230x90-45-vulkollan-fuer-linde-0039933800-kompatibel\\\/\"]}]},{\"@type\":\"ImageObject\",\"inLanguage\":\"de\",\"@id\":\"https:\\\/\\\/forkommerce.com\\\/de\\\/produkt\\\/antriebsrad-230x90-45-vulkollan-fuer-linde-0039933800-kompatibel\\\/#primaryimage\",\"url\":\"https:\\\/\\\/forkommerce.com\\\/wp-content\\\/uploads\\\/2026\\\/02\\\/Ruota-di-trazione-230\u00d790-45-Vulkollan-per-Linde-0039933800-Compatibili.jpeg\",\"contentUrl\":\"https:\\\/\\\/forkommerce.com\\\/wp-content\\\/uploads\\\/2026\\\/02\\\/Ruota-di-trazione-230\u00d790-45-Vulkollan-per-Linde-0039933800-Compatibili.jpeg\",\"width\":602,\"height\":583,\"caption\":\"Antriebsrad 230\u00d790 45 Vulkollan f\u00fcr Linde 0039933800 (Kompatibel)\"},{\"@type\":\"BreadcrumbList\",\"@id\":\"https:\\\/\\\/forkommerce.com\\\/de\\\/produkt\\\/antriebsrad-230x90-45-vulkollan-fuer-linde-0039933800-kompatibel\\\/#breadcrumb\",\"itemListElement\":[{\"@type\":\"ListItem\",\"position\":1,\"name\":\"Home\",\"item\":\"https:\\\/\\\/forkommerce.com\\\/de\\\/\"},{\"@type\":\"ListItem\",\"position\":2,\"name\":\"Shop\",\"item\":\"https:\\\/\\\/forkommerce.com\\\/it\\\/negozio\\\/\"},{\"@type\":\"ListItem\",\"position\":3,\"name\":\"Antriebsrad 230\u00d790\\\/45 Vulkollan f\u00fcr Linde 0039933800 (Kompatibel)\"}]},{\"@type\":\"WebSite\",\"@id\":\"https:\\\/\\\/forkommerce.com\\\/it\\\/#website\",\"url\":\"https:\\\/\\\/forkommerce.com\\\/it\\\/\",\"name\":\"Forkommerce Spare Parts\",\"description\":\"Ricambi originali e compatibili per carrelli elevatori e transpallet\",\"publisher\":{\"@id\":\"https:\\\/\\\/forkommerce.com\\\/it\\\/#organization\"},\"alternateName\":\"Forkommerce Spare Parts\",\"potentialAction\":[{\"@type\":\"SearchAction\",\"target\":{\"@type\":\"EntryPoint\",\"urlTemplate\":\"https:\\\/\\\/forkommerce.com\\\/it\\\/?s={search_term_string}\"},\"query-input\":{\"@type\":\"PropertyValueSpecification\",\"valueRequired\":true,\"valueName\":\"search_term_string\"}}],\"inLanguage\":\"de\"},{\"@type\":\"Organization\",\"@id\":\"https:\\\/\\\/forkommerce.com\\\/it\\\/#organization\",\"name\":\"Forkommerce Spare Parts\",\"url\":\"https:\\\/\\\/forkommerce.com\\\/it\\\/\",\"logo\":{\"@type\":\"ImageObject\",\"inLanguage\":\"de\",\"@id\":\"https:\\\/\\\/forkommerce.com\\\/it\\\/#\\\/schema\\\/logo\\\/image\\\/\",\"url\":\"https:\\\/\\\/forkommerce.com\\\/wp-content\\\/uploads\\\/2025\\\/09\\\/Logo-Forkommercex2.png\",\"contentUrl\":\"https:\\\/\\\/forkommerce.com\\\/wp-content\\\/uploads\\\/2025\\\/09\\\/Logo-Forkommercex2.png\",\"width\":470,\"height\":120,\"caption\":\"Forkommerce Spare Parts\"},\"image\":{\"@id\":\"https:\\\/\\\/forkommerce.com\\\/it\\\/#\\\/schema\\\/logo\\\/image\\\/\"}}]}<\/script>\n<!-- \/ Yoast SEO plugin. -->","yoast_head_json":{"title":"Antriebsrad 230\u00d790\/45 Vulkollan f\u00fcr Linde 0039933800 (Kompatibel) | Forkommerce Spare Parts","robots":{"index":"index","follow":"follow","max-snippet":"max-snippet:-1","max-image-preview":"max-image-preview:large","max-video-preview":"max-video-preview:-1"},"canonical":"https:\/\/forkommerce.com\/de\/produkt\/antriebsrad-230x90-45-vulkollan-fuer-linde-0039933800-kompatibel\/","og_locale":"de_DE","og_type":"article","og_title":"Antriebsrad 230\u00d790\/45 Vulkollan f\u00fcr Linde 0039933800 (Kompatibel) | Forkommerce Spare Parts","og_description":"Antriebsrad 230\u00d790 45 Vulkollan f\u00fcr Linde 0039933800 (Kompatibel)","og_url":"https:\/\/forkommerce.com\/de\/produkt\/antriebsrad-230x90-45-vulkollan-fuer-linde-0039933800-kompatibel\/","og_site_name":"Forkommerce Spare Parts","article_modified_time":"2026-04-10T12:08:08+00:00","og_image":[{"width":602,"height":583,"url":"https:\/\/forkommerce.com\/wp-content\/uploads\/2026\/02\/Ruota-di-trazione-230\u00d790-45-Vulkollan-per-Linde-0039933800-Compatibili.jpeg","type":"image\/jpeg"}],"twitter_card":"summary_large_image","schema":{"@context":"https:\/\/schema.org","@graph":[{"@type":"WebPage","@id":"https:\/\/forkommerce.com\/de\/produkt\/antriebsrad-230x90-45-vulkollan-fuer-linde-0039933800-kompatibel\/","url":"https:\/\/forkommerce.com\/de\/produkt\/antriebsrad-230x90-45-vulkollan-fuer-linde-0039933800-kompatibel\/","name":"Antriebsrad 230\u00d790\/45 Vulkollan f\u00fcr Linde 0039933800 (Kompatibel) | Forkommerce Spare Parts","isPartOf":{"@id":"https:\/\/forkommerce.com\/it\/#website"},"primaryImageOfPage":{"@id":"https:\/\/forkommerce.com\/de\/produkt\/antriebsrad-230x90-45-vulkollan-fuer-linde-0039933800-kompatibel\/#primaryimage"},"image":{"@id":"https:\/\/forkommerce.com\/de\/produkt\/antriebsrad-230x90-45-vulkollan-fuer-linde-0039933800-kompatibel\/#primaryimage"},"thumbnailUrl":"https:\/\/forkommerce.com\/wp-content\/uploads\/2026\/02\/Ruota-di-trazione-230\u00d790-45-Vulkollan-per-Linde-0039933800-Compatibili.jpeg","datePublished":"2026-02-09T11:45:05+00:00","dateModified":"2026-04-10T12:08:08+00:00","breadcrumb":{"@id":"https:\/\/forkommerce.com\/de\/produkt\/antriebsrad-230x90-45-vulkollan-fuer-linde-0039933800-kompatibel\/#breadcrumb"},"inLanguage":"de","potentialAction":[{"@type":"ReadAction","target":["https:\/\/forkommerce.com\/de\/produkt\/antriebsrad-230x90-45-vulkollan-fuer-linde-0039933800-kompatibel\/"]}]},{"@type":"ImageObject","inLanguage":"de","@id":"https:\/\/forkommerce.com\/de\/produkt\/antriebsrad-230x90-45-vulkollan-fuer-linde-0039933800-kompatibel\/#primaryimage","url":"https:\/\/forkommerce.com\/wp-content\/uploads\/2026\/02\/Ruota-di-trazione-230\u00d790-45-Vulkollan-per-Linde-0039933800-Compatibili.jpeg","contentUrl":"https:\/\/forkommerce.com\/wp-content\/uploads\/2026\/02\/Ruota-di-trazione-230\u00d790-45-Vulkollan-per-Linde-0039933800-Compatibili.jpeg","width":602,"height":583,"caption":"Antriebsrad 230\u00d790 45 Vulkollan f\u00fcr Linde 0039933800 (Kompatibel)"},{"@type":"BreadcrumbList","@id":"https:\/\/forkommerce.com\/de\/produkt\/antriebsrad-230x90-45-vulkollan-fuer-linde-0039933800-kompatibel\/#breadcrumb","itemListElement":[{"@type":"ListItem","position":1,"name":"Home","item":"https:\/\/forkommerce.com\/de\/"},{"@type":"ListItem","position":2,"name":"Shop","item":"https:\/\/forkommerce.com\/it\/negozio\/"},{"@type":"ListItem","position":3,"name":"Antriebsrad 230\u00d790\/45 Vulkollan f\u00fcr Linde 0039933800 (Kompatibel)"}]},{"@type":"WebSite","@id":"https:\/\/forkommerce.com\/it\/#website","url":"https:\/\/forkommerce.com\/it\/","name":"Forkommerce Spare Parts","description":"Ricambi originali e compatibili per carrelli elevatori e transpallet","publisher":{"@id":"https:\/\/forkommerce.com\/it\/#organization"},"alternateName":"Forkommerce Spare Parts","potentialAction":[{"@type":"SearchAction","target":{"@type":"EntryPoint","urlTemplate":"https:\/\/forkommerce.com\/it\/?s={search_term_string}"},"query-input":{"@type":"PropertyValueSpecification","valueRequired":true,"valueName":"search_term_string"}}],"inLanguage":"de"},{"@type":"Organization","@id":"https:\/\/forkommerce.com\/it\/#organization","name":"Forkommerce Spare Parts","url":"https:\/\/forkommerce.com\/it\/","logo":{"@type":"ImageObject","inLanguage":"de","@id":"https:\/\/forkommerce.com\/it\/#\/schema\/logo\/image\/","url":"https:\/\/forkommerce.com\/wp-content\/uploads\/2025\/09\/Logo-Forkommercex2.png","contentUrl":"https:\/\/forkommerce.com\/wp-content\/uploads\/2025\/09\/Logo-Forkommercex2.png","width":470,"height":120,"caption":"Forkommerce Spare Parts"},"image":{"@id":"https:\/\/forkommerce.com\/it\/#\/schema\/logo\/image\/"}}]}},"_links":{"self":[{"href":"https:\/\/forkommerce.com\/de\/wp-json\/wp\/v2\/product\/2628","targetHints":{"allow":["GET"]}}],"collection":[{"href":"https:\/\/forkommerce.com\/de\/wp-json\/wp\/v2\/product"}],"about":[{"href":"https:\/\/forkommerce.com\/de\/wp-json\/wp\/v2\/types\/product"}],"wp:featuredmedia":[{"embeddable":true,"href":"https:\/\/forkommerce.com\/de\/wp-json\/wp\/v2\/media\/2629"}],"wp:attachment":[{"href":"https:\/\/forkommerce.com\/de\/wp-json\/wp\/v2\/media?parent=2628"}],"wp:term":[{"taxonomy":"product_brand","embeddable":true,"href":"https:\/\/forkommerce.com\/de\/wp-json\/wp\/v2\/product_brand?post=2628"},{"taxonomy":"product_cat","embeddable":true,"href":"https:\/\/forkommerce.com\/de\/wp-json\/wp\/v2\/product_cat?post=2628"},{"taxonomy":"product_tag","embeddable":true,"href":"https:\/\/forkommerce.com\/de\/wp-json\/wp\/v2\/product_tag?post=2628"}],"curies":[{"name":"wp","href":"https:\/\/api.w.org\/{rel}","templated":true}]}}