{"id":2680,"date":"2026-02-09T10:31:52","date_gmt":"2026-02-09T09:31:52","guid":{"rendered":"https:\/\/forkommerce.com\/prodotto\/antriebsrad-230x75-82-45-polyurethan-5-loch-still-4400716-kompatibel\/"},"modified":"2026-04-10T14:35:11","modified_gmt":"2026-04-10T12:35:11","slug":"antriebsrad-230x75-82-45-polyurethan-5-loch-still-4400716-kompatibel","status":"publish","type":"product","link":"https:\/\/forkommerce.com\/de\/produkt\/antriebsrad-230x75-82-45-polyurethan-5-loch-still-4400716-kompatibel\/","title":{"rendered":"Antriebsrad 230&#215;75\/82-45 Polyurethan 5-Loch Still 4400716 (Kompatibel)"},"content":{"rendered":"<h4>Antriebsrad 230&#215;75\/82-45 Polyurethan 5-Loch Still 4400716<\/h4>\n<p data-start=\"172\" data-end=\"536\">Hochleistungs-Antriebsrad, kompatibel mit <strong data-start=\"246\" data-end=\"255\">Still<\/strong> Gabelstaplern (Original-Teilenummer 4400716).<\/p>\n<p data-start=\"172\" data-end=\"536\">Gefertigt aus verschlei\u00dffestem Polyurethan, garantiert dieses Rad einen ruhigen Lauf, Stabilit\u00e4t und eine lange Lebensdauer, selbst in intensiven Industrieumgebungen.<\/p>\n<p data-start=\"172\" data-end=\"536\">Ideal als Original-Ersatzteil oder gleichwertiger Ersatz f\u00fcr die Fahrzeugwartung.<\/p>\n<p data-start=\"172\" data-end=\"536\">H\u00e4rte 92 Shore A<strong>, <\/strong>entwickelt f\u00fcr R\u00e4der mit gro\u00dfem Durchmesser.<\/p>\n<h4 data-section-id=\"d437e9\" data-start=\"543\" data-end=\"572\">Hauptmerkmale<\/h4>\n<p data-start=\"576\" data-end=\"637\">Kompatibel mit <strong data-start=\"611\" data-end=\"620\">Still<\/strong> Gabelstaplern (Teilenr. 4400716)<\/p>\n<p data-start=\"640\" data-end=\"690\">Gefertigt aus hochfestem Polyurethan.<\/p>\n<p data-start=\"693\" data-end=\"732\">Radtyp: Antriebsrad.<\/p>\n<p data-start=\"735\" data-end=\"793\">Hervorragende Bodenhaftung und Stabilit\u00e4t auf Industrieb\u00f6den.<\/p>\n<p data-start=\"796\" data-end=\"859\">Ruhiger und ger\u00e4uscharmer Lauf, auch bei schweren Lasten.<\/p>\n<p data-start=\"862\" data-end=\"908\">Perfekter Ersatz f\u00fcr das Original-Ersatzteil.<\/p>\n<p data-start=\"911\" data-end=\"955\">Reduziert Wartungsaufwand und Verschlei\u00df der Komponenten.<\/p>\n<p>Kompatibilit\u00e4t \/ Verwendet bei<\/p>\n<p>LINDE<br \/>\nCodes: 0009903819, 0009934071<\/p>\n<ul>\n<li>1151 T16 \/ T16P \/ T20 \/ T20P<\/li>\n<li>1152 T16 \/ T18 \/ T20 \/ T16L<\/li>\n<li>1160 D06 \/ D08<\/li>\n<li>1169 L10 \/ L12 \/ L14C<\/li>\n<li>1169 L10P \/ L12P \/ L14P<\/li>\n<li>1172 L10 \/ L12 \/ L12i<\/li>\n<\/ul>\n","protected":false},"excerpt":{"rendered":"<p>Antriebsrad 230&#215;75\/82-45 Polyurethan 5-Loch Still 4400716 (Kompatibel)<\/p>\n","protected":false},"featured_media":2681,"template":"","meta":[],"product_brand":[119,126],"product_cat":[86,78],"product_tag":[],"class_list":{"0":"post-2680","1":"product","2":"type-product","3":"status-publish","4":"has-post-thumbnail","6":"product_brand-linde","7":"product_brand-still","8":"product_cat-alternativteil","9":"product_cat-rollen-und-raeder","11":"first","12":"instock","13":"taxable","14":"shipping-taxable","15":"purchasable","16":"product-type-simple"},"yoast_head":"<!-- This site is optimized with the Yoast SEO plugin v27.3 - https:\/\/yoast.com\/product\/yoast-seo-wordpress\/ -->\n<title>Antriebsrad 230x75\/82-45 Polyurethan 5-Loch Still 4400716 (Kompatibel) | Forkommerce Spare Parts<\/title>\n<meta name=\"robots\" content=\"index, follow, max-snippet:-1, max-image-preview:large, max-video-preview:-1\" \/>\n<link rel=\"canonical\" href=\"https:\/\/forkommerce.com\/de\/produkt\/antriebsrad-230x75-82-45-polyurethan-5-loch-still-4400716-kompatibel\/\" \/>\n<meta property=\"og:locale\" content=\"de_DE\" \/>\n<meta property=\"og:type\" content=\"article\" \/>\n<meta property=\"og:title\" content=\"Antriebsrad 230x75\/82-45 Polyurethan 5-Loch Still 4400716 (Kompatibel) | Forkommerce Spare Parts\" \/>\n<meta property=\"og:description\" content=\"Antriebsrad 230x75\/82-45 Polyurethan 5-Loch Still 4400716 (Kompatibel)\" \/>\n<meta property=\"og:url\" content=\"https:\/\/forkommerce.com\/de\/produkt\/antriebsrad-230x75-82-45-polyurethan-5-loch-still-4400716-kompatibel\/\" \/>\n<meta property=\"og:site_name\" content=\"Forkommerce Spare Parts\" \/>\n<meta property=\"article:modified_time\" content=\"2026-04-10T12:35:11+00:00\" \/>\n<meta property=\"og:image\" content=\"https:\/\/forkommerce.com\/wp-content\/uploads\/2026\/02\/Ruota-trazione-230x75-82-45-Poliuretano-5F-Still-4400716-Compatibile.jpg\" \/>\n\t<meta property=\"og:image:width\" content=\"378\" \/>\n\t<meta property=\"og:image:height\" content=\"472\" \/>\n\t<meta property=\"og:image:type\" content=\"image\/jpeg\" \/>\n<meta name=\"twitter:card\" content=\"summary_large_image\" \/>\n<meta name=\"twitter:label1\" content=\"Gesch\u00e4tzte Lesezeit\" \/>\n\t<meta name=\"twitter:data1\" content=\"1\u00a0Minute\" \/>\n<script type=\"application\/ld+json\" class=\"yoast-schema-graph\">{\"@context\":\"https:\\\/\\\/schema.org\",\"@graph\":[{\"@type\":\"WebPage\",\"@id\":\"https:\\\/\\\/forkommerce.com\\\/de\\\/produkt\\\/antriebsrad-230x75-82-45-polyurethan-5-loch-still-4400716-kompatibel\\\/\",\"url\":\"https:\\\/\\\/forkommerce.com\\\/de\\\/produkt\\\/antriebsrad-230x75-82-45-polyurethan-5-loch-still-4400716-kompatibel\\\/\",\"name\":\"Antriebsrad 230x75\\\/82-45 Polyurethan 5-Loch Still 4400716 (Kompatibel) | Forkommerce Spare Parts\",\"isPartOf\":{\"@id\":\"https:\\\/\\\/forkommerce.com\\\/it\\\/#website\"},\"primaryImageOfPage\":{\"@id\":\"https:\\\/\\\/forkommerce.com\\\/de\\\/produkt\\\/antriebsrad-230x75-82-45-polyurethan-5-loch-still-4400716-kompatibel\\\/#primaryimage\"},\"image\":{\"@id\":\"https:\\\/\\\/forkommerce.com\\\/de\\\/produkt\\\/antriebsrad-230x75-82-45-polyurethan-5-loch-still-4400716-kompatibel\\\/#primaryimage\"},\"thumbnailUrl\":\"https:\\\/\\\/forkommerce.com\\\/wp-content\\\/uploads\\\/2026\\\/02\\\/Ruota-trazione-230x75-82-45-Poliuretano-5F-Still-4400716-Compatibile.jpg\",\"datePublished\":\"2026-02-09T09:31:52+00:00\",\"dateModified\":\"2026-04-10T12:35:11+00:00\",\"breadcrumb\":{\"@id\":\"https:\\\/\\\/forkommerce.com\\\/de\\\/produkt\\\/antriebsrad-230x75-82-45-polyurethan-5-loch-still-4400716-kompatibel\\\/#breadcrumb\"},\"inLanguage\":\"de\",\"potentialAction\":[{\"@type\":\"ReadAction\",\"target\":[\"https:\\\/\\\/forkommerce.com\\\/de\\\/produkt\\\/antriebsrad-230x75-82-45-polyurethan-5-loch-still-4400716-kompatibel\\\/\"]}]},{\"@type\":\"ImageObject\",\"inLanguage\":\"de\",\"@id\":\"https:\\\/\\\/forkommerce.com\\\/de\\\/produkt\\\/antriebsrad-230x75-82-45-polyurethan-5-loch-still-4400716-kompatibel\\\/#primaryimage\",\"url\":\"https:\\\/\\\/forkommerce.com\\\/wp-content\\\/uploads\\\/2026\\\/02\\\/Ruota-trazione-230x75-82-45-Poliuretano-5F-Still-4400716-Compatibile.jpg\",\"contentUrl\":\"https:\\\/\\\/forkommerce.com\\\/wp-content\\\/uploads\\\/2026\\\/02\\\/Ruota-trazione-230x75-82-45-Poliuretano-5F-Still-4400716-Compatibile.jpg\",\"width\":378,\"height\":472,\"caption\":\"Antriebsrad 230x75 82 45 Polyurethan 5-Loch Still 4400716 (Kompatibel)\"},{\"@type\":\"BreadcrumbList\",\"@id\":\"https:\\\/\\\/forkommerce.com\\\/de\\\/produkt\\\/antriebsrad-230x75-82-45-polyurethan-5-loch-still-4400716-kompatibel\\\/#breadcrumb\",\"itemListElement\":[{\"@type\":\"ListItem\",\"position\":1,\"name\":\"Home\",\"item\":\"https:\\\/\\\/forkommerce.com\\\/de\\\/\"},{\"@type\":\"ListItem\",\"position\":2,\"name\":\"Shop\",\"item\":\"https:\\\/\\\/forkommerce.com\\\/it\\\/negozio\\\/\"},{\"@type\":\"ListItem\",\"position\":3,\"name\":\"Antriebsrad 230&#215;75\\\/82-45 Polyurethan 5-Loch Still 4400716 (Kompatibel)\"}]},{\"@type\":\"WebSite\",\"@id\":\"https:\\\/\\\/forkommerce.com\\\/it\\\/#website\",\"url\":\"https:\\\/\\\/forkommerce.com\\\/it\\\/\",\"name\":\"Forkommerce Spare Parts\",\"description\":\"Ricambi originali e compatibili per carrelli elevatori e transpallet\",\"publisher\":{\"@id\":\"https:\\\/\\\/forkommerce.com\\\/it\\\/#organization\"},\"alternateName\":\"Forkommerce Spare Parts\",\"potentialAction\":[{\"@type\":\"SearchAction\",\"target\":{\"@type\":\"EntryPoint\",\"urlTemplate\":\"https:\\\/\\\/forkommerce.com\\\/it\\\/?s={search_term_string}\"},\"query-input\":{\"@type\":\"PropertyValueSpecification\",\"valueRequired\":true,\"valueName\":\"search_term_string\"}}],\"inLanguage\":\"de\"},{\"@type\":\"Organization\",\"@id\":\"https:\\\/\\\/forkommerce.com\\\/it\\\/#organization\",\"name\":\"Forkommerce Spare Parts\",\"url\":\"https:\\\/\\\/forkommerce.com\\\/it\\\/\",\"logo\":{\"@type\":\"ImageObject\",\"inLanguage\":\"de\",\"@id\":\"https:\\\/\\\/forkommerce.com\\\/it\\\/#\\\/schema\\\/logo\\\/image\\\/\",\"url\":\"https:\\\/\\\/forkommerce.com\\\/wp-content\\\/uploads\\\/2025\\\/09\\\/Logo-Forkommercex2.png\",\"contentUrl\":\"https:\\\/\\\/forkommerce.com\\\/wp-content\\\/uploads\\\/2025\\\/09\\\/Logo-Forkommercex2.png\",\"width\":470,\"height\":120,\"caption\":\"Forkommerce Spare Parts\"},\"image\":{\"@id\":\"https:\\\/\\\/forkommerce.com\\\/it\\\/#\\\/schema\\\/logo\\\/image\\\/\"}}]}<\/script>\n<!-- \/ Yoast SEO plugin. -->","yoast_head_json":{"title":"Antriebsrad 230x75\/82-45 Polyurethan 5-Loch Still 4400716 (Kompatibel) | Forkommerce Spare Parts","robots":{"index":"index","follow":"follow","max-snippet":"max-snippet:-1","max-image-preview":"max-image-preview:large","max-video-preview":"max-video-preview:-1"},"canonical":"https:\/\/forkommerce.com\/de\/produkt\/antriebsrad-230x75-82-45-polyurethan-5-loch-still-4400716-kompatibel\/","og_locale":"de_DE","og_type":"article","og_title":"Antriebsrad 230x75\/82-45 Polyurethan 5-Loch Still 4400716 (Kompatibel) | Forkommerce Spare Parts","og_description":"Antriebsrad 230x75\/82-45 Polyurethan 5-Loch Still 4400716 (Kompatibel)","og_url":"https:\/\/forkommerce.com\/de\/produkt\/antriebsrad-230x75-82-45-polyurethan-5-loch-still-4400716-kompatibel\/","og_site_name":"Forkommerce Spare Parts","article_modified_time":"2026-04-10T12:35:11+00:00","og_image":[{"width":378,"height":472,"url":"https:\/\/forkommerce.com\/wp-content\/uploads\/2026\/02\/Ruota-trazione-230x75-82-45-Poliuretano-5F-Still-4400716-Compatibile.jpg","type":"image\/jpeg"}],"twitter_card":"summary_large_image","twitter_misc":{"Gesch\u00e4tzte Lesezeit":"1\u00a0Minute"},"schema":{"@context":"https:\/\/schema.org","@graph":[{"@type":"WebPage","@id":"https:\/\/forkommerce.com\/de\/produkt\/antriebsrad-230x75-82-45-polyurethan-5-loch-still-4400716-kompatibel\/","url":"https:\/\/forkommerce.com\/de\/produkt\/antriebsrad-230x75-82-45-polyurethan-5-loch-still-4400716-kompatibel\/","name":"Antriebsrad 230x75\/82-45 Polyurethan 5-Loch Still 4400716 (Kompatibel) | Forkommerce Spare Parts","isPartOf":{"@id":"https:\/\/forkommerce.com\/it\/#website"},"primaryImageOfPage":{"@id":"https:\/\/forkommerce.com\/de\/produkt\/antriebsrad-230x75-82-45-polyurethan-5-loch-still-4400716-kompatibel\/#primaryimage"},"image":{"@id":"https:\/\/forkommerce.com\/de\/produkt\/antriebsrad-230x75-82-45-polyurethan-5-loch-still-4400716-kompatibel\/#primaryimage"},"thumbnailUrl":"https:\/\/forkommerce.com\/wp-content\/uploads\/2026\/02\/Ruota-trazione-230x75-82-45-Poliuretano-5F-Still-4400716-Compatibile.jpg","datePublished":"2026-02-09T09:31:52+00:00","dateModified":"2026-04-10T12:35:11+00:00","breadcrumb":{"@id":"https:\/\/forkommerce.com\/de\/produkt\/antriebsrad-230x75-82-45-polyurethan-5-loch-still-4400716-kompatibel\/#breadcrumb"},"inLanguage":"de","potentialAction":[{"@type":"ReadAction","target":["https:\/\/forkommerce.com\/de\/produkt\/antriebsrad-230x75-82-45-polyurethan-5-loch-still-4400716-kompatibel\/"]}]},{"@type":"ImageObject","inLanguage":"de","@id":"https:\/\/forkommerce.com\/de\/produkt\/antriebsrad-230x75-82-45-polyurethan-5-loch-still-4400716-kompatibel\/#primaryimage","url":"https:\/\/forkommerce.com\/wp-content\/uploads\/2026\/02\/Ruota-trazione-230x75-82-45-Poliuretano-5F-Still-4400716-Compatibile.jpg","contentUrl":"https:\/\/forkommerce.com\/wp-content\/uploads\/2026\/02\/Ruota-trazione-230x75-82-45-Poliuretano-5F-Still-4400716-Compatibile.jpg","width":378,"height":472,"caption":"Antriebsrad 230x75 82 45 Polyurethan 5-Loch Still 4400716 (Kompatibel)"},{"@type":"BreadcrumbList","@id":"https:\/\/forkommerce.com\/de\/produkt\/antriebsrad-230x75-82-45-polyurethan-5-loch-still-4400716-kompatibel\/#breadcrumb","itemListElement":[{"@type":"ListItem","position":1,"name":"Home","item":"https:\/\/forkommerce.com\/de\/"},{"@type":"ListItem","position":2,"name":"Shop","item":"https:\/\/forkommerce.com\/it\/negozio\/"},{"@type":"ListItem","position":3,"name":"Antriebsrad 230&#215;75\/82-45 Polyurethan 5-Loch Still 4400716 (Kompatibel)"}]},{"@type":"WebSite","@id":"https:\/\/forkommerce.com\/it\/#website","url":"https:\/\/forkommerce.com\/it\/","name":"Forkommerce Spare Parts","description":"Ricambi originali e compatibili per carrelli elevatori e transpallet","publisher":{"@id":"https:\/\/forkommerce.com\/it\/#organization"},"alternateName":"Forkommerce Spare Parts","potentialAction":[{"@type":"SearchAction","target":{"@type":"EntryPoint","urlTemplate":"https:\/\/forkommerce.com\/it\/?s={search_term_string}"},"query-input":{"@type":"PropertyValueSpecification","valueRequired":true,"valueName":"search_term_string"}}],"inLanguage":"de"},{"@type":"Organization","@id":"https:\/\/forkommerce.com\/it\/#organization","name":"Forkommerce Spare Parts","url":"https:\/\/forkommerce.com\/it\/","logo":{"@type":"ImageObject","inLanguage":"de","@id":"https:\/\/forkommerce.com\/it\/#\/schema\/logo\/image\/","url":"https:\/\/forkommerce.com\/wp-content\/uploads\/2025\/09\/Logo-Forkommercex2.png","contentUrl":"https:\/\/forkommerce.com\/wp-content\/uploads\/2025\/09\/Logo-Forkommercex2.png","width":470,"height":120,"caption":"Forkommerce Spare Parts"},"image":{"@id":"https:\/\/forkommerce.com\/it\/#\/schema\/logo\/image\/"}}]}},"_links":{"self":[{"href":"https:\/\/forkommerce.com\/de\/wp-json\/wp\/v2\/product\/2680","targetHints":{"allow":["GET"]}}],"collection":[{"href":"https:\/\/forkommerce.com\/de\/wp-json\/wp\/v2\/product"}],"about":[{"href":"https:\/\/forkommerce.com\/de\/wp-json\/wp\/v2\/types\/product"}],"wp:featuredmedia":[{"embeddable":true,"href":"https:\/\/forkommerce.com\/de\/wp-json\/wp\/v2\/media\/2681"}],"wp:attachment":[{"href":"https:\/\/forkommerce.com\/de\/wp-json\/wp\/v2\/media?parent=2680"}],"wp:term":[{"taxonomy":"product_brand","embeddable":true,"href":"https:\/\/forkommerce.com\/de\/wp-json\/wp\/v2\/product_brand?post=2680"},{"taxonomy":"product_cat","embeddable":true,"href":"https:\/\/forkommerce.com\/de\/wp-json\/wp\/v2\/product_cat?post=2680"},{"taxonomy":"product_tag","embeddable":true,"href":"https:\/\/forkommerce.com\/de\/wp-json\/wp\/v2\/product_tag?post=2680"}],"curies":[{"name":"wp","href":"https:\/\/api.w.org\/{rel}","templated":true}]}}