{"id":2704,"date":"2026-02-09T09:37:18","date_gmt":"2026-02-09T08:37:18","guid":{"rendered":"https:\/\/forkommerce.com\/prodotto\/stuetzrad-140x54-60-polyurethan-jungheinrich-50432647-kompatibel\/"},"modified":"2026-04-10T14:33:37","modified_gmt":"2026-04-10T12:33:37","slug":"stuetzrad-140x54-60-polyurethan-jungheinrich-50432647-kompatibel","status":"publish","type":"product","link":"https:\/\/forkommerce.com\/de\/produkt\/stuetzrad-140x54-60-polyurethan-jungheinrich-50432647-kompatibel\/","title":{"rendered":"St\u00fctzrad 140&#215;54\/60 Polyurethan Jungheinrich 50432647 (Kompatibel)"},"content":{"rendered":"<h4><strong>St\u00fctzrad <\/strong><strong>140&#215;54\/60 Polyurethan Jungheinrich 50432647 <\/strong> <\/h4>\n<p>Hochwertiges St\u00fctzrad, entwickelt f\u00fcr Jungheinrich-Gabelstapler (Original-Code 50432647).<\/p>\n<p>Aus verschlei\u00dffestem Polyurethan gefertigt, gew\u00e4hrleistet es Stabilit\u00e4t und reibungslosen Lauf w\u00e4hrend der Handhabungsvorg\u00e4nge und tr\u00e4gt zur Sicherheit und Effizienz des Fahrzeugs bei.<\/p>\n<p>Ideal als Ersatzteil, um Langlebigkeit, Stabilit\u00e4t und Laufruhe beim Einsatz von Elektro-Gabelstaplern und Hubwagen zu gew\u00e4hrleisten.<\/p>\n<p>Kompatibel mit verschiedenen Gabelstaplermodellen von Jungheinrich, Linde, Still, Crown und Steinbock.<\/p>\n<h3 data-section-id=\"1sv4o0i\" data-start=\"156\" data-end=\"186\">Hauptmerkmale:<\/h3>\n<p data-start=\"190\" data-end=\"281\">St\u00fctzrad kompatibel mit Jungheinrich-Gabelstaplern (Art.-Nr. 50432647).<\/p>\n<p data-start=\"284\" data-end=\"341\">Material: hochverschlei\u00dffestes Polyurethan.<\/p>\n<p data-start=\"344\" data-end=\"391\">Radtyp: St\u00fctzrad \/ Tragrad.<\/p>\n<p data-start=\"394\" data-end=\"436\">Gew\u00e4hrleistet optimale Stabilit\u00e4t und Langlebigkeit.<\/p>\n<p data-start=\"439\" data-end=\"503\">Reibungsloser und leiser Lauf, auch bei schweren Lasten.<\/p>\n<p data-start=\"506\" data-end=\"559\">Ideal als Ersatz f\u00fcr das Originalersatzteil.<\/p>\n<p data-start=\"562\" data-end=\"607\">Reduziert Verschlei\u00df von Komponenten und Boden.<\/p>\n<p data-start=\"610\" data-end=\"676\">Geeignet f\u00fcr Industrieumgebungen und Lager mit hohem Verkehrsaufkommen.<\/p>\n<p><strong>Originalcodes \/ Querverweise:<\/strong><br \/>\n50432647, 51036772, 50056035, 50019777, 27885180, 50312941, 50056034, 51146301, 0009933747 (Linde), 0009934020 (Linde), 4499771 (Still), 810974-003 (Crown), 5061784 (Steinbock)<\/p>\n<p><strong>Kompatibel mit Jungheinrich-Modellen:<\/strong><\/p>\n<ul>\n<li>EJC 12-16 \/ 7.96 &#8211; 4.98<\/li>\n<li>EJC 10\/12 \/ 10.97 &#8211;<\/li>\n<li>EJC 14\/16 \/ 6.98 &#8211; 2.06<\/li>\n<li>EJC-Z 14\/16 \/ 1.99 &#8211; 4.05<\/li>\n<li>EJC 12 C \/ 7.03 &#8211; 1<\/li>\n<li>EJC-20\/25 \/ 4.05 &#8211; 12.06<\/li>\n<li>EJC Z14\/Z16 \/ 5.05 &#8211; 1<\/li>\n<li>EJC 212-216 \/ 1.06 &#8211; 5.08<\/li>\n<li>EJC 220 \/ 8.06 &#8211;<\/li>\n<li>EJC 110\/112 \/ 8.07 &#8211; 10.07<\/li>\n<li>EJC 110\/112 \/ 9.07 &#8211;<\/li>\n<li>EJC 212 \/ 214 \/ 216 \/ 6.08 &#8211;<\/li>\n<li>EJC M10 \/ 6.09 &#8211; 6.09 1<\/li>\n<li>EJC 110n\/112n \/ 10.09 &#8211;<\/li>\n<li>EJD 16-4 \/ 8.96 &#8211; 12.99<\/li>\n<li>EJE 16-4 \/ 1.00 \u2013<\/li>\n<\/ul>\n<p>&nbsp;<\/p>\n","protected":false},"excerpt":{"rendered":"<p>St\u00fctzrad 140&#215;54\/60 Polyurethan Jungheinrich 50432647 (Kompatibel)<\/p>\n","protected":false},"featured_media":2705,"template":"","meta":[],"product_brand":[168,178,119,126],"product_cat":[86,78],"product_tag":[],"class_list":{"0":"post-2704","1":"product","2":"type-product","3":"status-publish","4":"has-post-thumbnail","6":"product_brand-crown","7":"product_brand-jungheinrich","8":"product_brand-linde","9":"product_brand-still","10":"product_cat-alternativteil","11":"product_cat-rollen-und-raeder","13":"first","14":"instock","15":"taxable","16":"shipping-taxable","17":"purchasable","18":"product-type-simple"},"yoast_head":"<!-- This site is optimized with the Yoast SEO plugin v27.3 - https:\/\/yoast.com\/product\/yoast-seo-wordpress\/ -->\n<title>St\u00fctzrad 140x54\/60 Polyurethan Jungheinrich 50432647 (Kompatibel) | Forkommerce Spare Parts<\/title>\n<meta name=\"robots\" content=\"index, follow, max-snippet:-1, max-image-preview:large, max-video-preview:-1\" \/>\n<link rel=\"canonical\" href=\"https:\/\/forkommerce.com\/de\/produkt\/stuetzrad-140x54-60-polyurethan-jungheinrich-50432647-kompatibel\/\" \/>\n<meta property=\"og:locale\" content=\"de_DE\" \/>\n<meta property=\"og:type\" content=\"article\" \/>\n<meta property=\"og:title\" content=\"St\u00fctzrad 140x54\/60 Polyurethan Jungheinrich 50432647 (Kompatibel) | Forkommerce Spare Parts\" \/>\n<meta property=\"og:description\" content=\"St\u00fctzrad 140x54\/60 Polyurethan Jungheinrich 50432647 (Kompatibel)\" \/>\n<meta property=\"og:url\" content=\"https:\/\/forkommerce.com\/de\/produkt\/stuetzrad-140x54-60-polyurethan-jungheinrich-50432647-kompatibel\/\" \/>\n<meta property=\"og:site_name\" content=\"Forkommerce Spare Parts\" \/>\n<meta property=\"article:modified_time\" content=\"2026-04-10T12:33:37+00:00\" \/>\n<meta property=\"og:image\" content=\"https:\/\/forkommerce.com\/wp-content\/uploads\/2026\/02\/Ruota-stabilizzatrice-140x54-60-Poliuretano-20F-Jungheinrich-50432647-Compatibile.jpg\" \/>\n\t<meta property=\"og:image:width\" content=\"378\" \/>\n\t<meta property=\"og:image:height\" content=\"472\" \/>\n\t<meta property=\"og:image:type\" content=\"image\/jpeg\" \/>\n<meta name=\"twitter:card\" content=\"summary_large_image\" \/>\n<meta name=\"twitter:label1\" content=\"Gesch\u00e4tzte Lesezeit\" \/>\n\t<meta name=\"twitter:data1\" content=\"1\u00a0Minute\" \/>\n<script type=\"application\/ld+json\" class=\"yoast-schema-graph\">{\"@context\":\"https:\\\/\\\/schema.org\",\"@graph\":[{\"@type\":\"WebPage\",\"@id\":\"https:\\\/\\\/forkommerce.com\\\/de\\\/produkt\\\/stuetzrad-140x54-60-polyurethan-jungheinrich-50432647-kompatibel\\\/\",\"url\":\"https:\\\/\\\/forkommerce.com\\\/de\\\/produkt\\\/stuetzrad-140x54-60-polyurethan-jungheinrich-50432647-kompatibel\\\/\",\"name\":\"St\u00fctzrad 140x54\\\/60 Polyurethan Jungheinrich 50432647 (Kompatibel) | Forkommerce Spare Parts\",\"isPartOf\":{\"@id\":\"https:\\\/\\\/forkommerce.com\\\/it\\\/#website\"},\"primaryImageOfPage\":{\"@id\":\"https:\\\/\\\/forkommerce.com\\\/de\\\/produkt\\\/stuetzrad-140x54-60-polyurethan-jungheinrich-50432647-kompatibel\\\/#primaryimage\"},\"image\":{\"@id\":\"https:\\\/\\\/forkommerce.com\\\/de\\\/produkt\\\/stuetzrad-140x54-60-polyurethan-jungheinrich-50432647-kompatibel\\\/#primaryimage\"},\"thumbnailUrl\":\"https:\\\/\\\/forkommerce.com\\\/wp-content\\\/uploads\\\/2026\\\/02\\\/Ruota-stabilizzatrice-140x54-60-Poliuretano-20F-Jungheinrich-50432647-Compatibile.jpg\",\"datePublished\":\"2026-02-09T08:37:18+00:00\",\"dateModified\":\"2026-04-10T12:33:37+00:00\",\"breadcrumb\":{\"@id\":\"https:\\\/\\\/forkommerce.com\\\/de\\\/produkt\\\/stuetzrad-140x54-60-polyurethan-jungheinrich-50432647-kompatibel\\\/#breadcrumb\"},\"inLanguage\":\"de\",\"potentialAction\":[{\"@type\":\"ReadAction\",\"target\":[\"https:\\\/\\\/forkommerce.com\\\/de\\\/produkt\\\/stuetzrad-140x54-60-polyurethan-jungheinrich-50432647-kompatibel\\\/\"]}]},{\"@type\":\"ImageObject\",\"inLanguage\":\"de\",\"@id\":\"https:\\\/\\\/forkommerce.com\\\/de\\\/produkt\\\/stuetzrad-140x54-60-polyurethan-jungheinrich-50432647-kompatibel\\\/#primaryimage\",\"url\":\"https:\\\/\\\/forkommerce.com\\\/wp-content\\\/uploads\\\/2026\\\/02\\\/Ruota-stabilizzatrice-140x54-60-Poliuretano-20F-Jungheinrich-50432647-Compatibile.jpg\",\"contentUrl\":\"https:\\\/\\\/forkommerce.com\\\/wp-content\\\/uploads\\\/2026\\\/02\\\/Ruota-stabilizzatrice-140x54-60-Poliuretano-20F-Jungheinrich-50432647-Compatibile.jpg\",\"width\":378,\"height\":472,\"caption\":\"St\u00fctzrad 140x54 60 Polyurethan 20F Jungheinrich 50432647 (Kompatibel)\"},{\"@type\":\"BreadcrumbList\",\"@id\":\"https:\\\/\\\/forkommerce.com\\\/de\\\/produkt\\\/stuetzrad-140x54-60-polyurethan-jungheinrich-50432647-kompatibel\\\/#breadcrumb\",\"itemListElement\":[{\"@type\":\"ListItem\",\"position\":1,\"name\":\"Home\",\"item\":\"https:\\\/\\\/forkommerce.com\\\/de\\\/\"},{\"@type\":\"ListItem\",\"position\":2,\"name\":\"Shop\",\"item\":\"https:\\\/\\\/forkommerce.com\\\/it\\\/negozio\\\/\"},{\"@type\":\"ListItem\",\"position\":3,\"name\":\"St\u00fctzrad 140&#215;54\\\/60 Polyurethan Jungheinrich 50432647 (Kompatibel)\"}]},{\"@type\":\"WebSite\",\"@id\":\"https:\\\/\\\/forkommerce.com\\\/it\\\/#website\",\"url\":\"https:\\\/\\\/forkommerce.com\\\/it\\\/\",\"name\":\"Forkommerce Spare Parts\",\"description\":\"Ricambi originali e compatibili per carrelli elevatori e transpallet\",\"publisher\":{\"@id\":\"https:\\\/\\\/forkommerce.com\\\/it\\\/#organization\"},\"alternateName\":\"Forkommerce Spare Parts\",\"potentialAction\":[{\"@type\":\"SearchAction\",\"target\":{\"@type\":\"EntryPoint\",\"urlTemplate\":\"https:\\\/\\\/forkommerce.com\\\/it\\\/?s={search_term_string}\"},\"query-input\":{\"@type\":\"PropertyValueSpecification\",\"valueRequired\":true,\"valueName\":\"search_term_string\"}}],\"inLanguage\":\"de\"},{\"@type\":\"Organization\",\"@id\":\"https:\\\/\\\/forkommerce.com\\\/it\\\/#organization\",\"name\":\"Forkommerce Spare Parts\",\"url\":\"https:\\\/\\\/forkommerce.com\\\/it\\\/\",\"logo\":{\"@type\":\"ImageObject\",\"inLanguage\":\"de\",\"@id\":\"https:\\\/\\\/forkommerce.com\\\/it\\\/#\\\/schema\\\/logo\\\/image\\\/\",\"url\":\"https:\\\/\\\/forkommerce.com\\\/wp-content\\\/uploads\\\/2025\\\/09\\\/Logo-Forkommercex2.png\",\"contentUrl\":\"https:\\\/\\\/forkommerce.com\\\/wp-content\\\/uploads\\\/2025\\\/09\\\/Logo-Forkommercex2.png\",\"width\":470,\"height\":120,\"caption\":\"Forkommerce Spare Parts\"},\"image\":{\"@id\":\"https:\\\/\\\/forkommerce.com\\\/it\\\/#\\\/schema\\\/logo\\\/image\\\/\"}}]}<\/script>\n<!-- \/ Yoast SEO plugin. -->","yoast_head_json":{"title":"St\u00fctzrad 140x54\/60 Polyurethan Jungheinrich 50432647 (Kompatibel) | Forkommerce Spare Parts","robots":{"index":"index","follow":"follow","max-snippet":"max-snippet:-1","max-image-preview":"max-image-preview:large","max-video-preview":"max-video-preview:-1"},"canonical":"https:\/\/forkommerce.com\/de\/produkt\/stuetzrad-140x54-60-polyurethan-jungheinrich-50432647-kompatibel\/","og_locale":"de_DE","og_type":"article","og_title":"St\u00fctzrad 140x54\/60 Polyurethan Jungheinrich 50432647 (Kompatibel) | Forkommerce Spare Parts","og_description":"St\u00fctzrad 140x54\/60 Polyurethan Jungheinrich 50432647 (Kompatibel)","og_url":"https:\/\/forkommerce.com\/de\/produkt\/stuetzrad-140x54-60-polyurethan-jungheinrich-50432647-kompatibel\/","og_site_name":"Forkommerce Spare Parts","article_modified_time":"2026-04-10T12:33:37+00:00","og_image":[{"width":378,"height":472,"url":"https:\/\/forkommerce.com\/wp-content\/uploads\/2026\/02\/Ruota-stabilizzatrice-140x54-60-Poliuretano-20F-Jungheinrich-50432647-Compatibile.jpg","type":"image\/jpeg"}],"twitter_card":"summary_large_image","twitter_misc":{"Gesch\u00e4tzte Lesezeit":"1\u00a0Minute"},"schema":{"@context":"https:\/\/schema.org","@graph":[{"@type":"WebPage","@id":"https:\/\/forkommerce.com\/de\/produkt\/stuetzrad-140x54-60-polyurethan-jungheinrich-50432647-kompatibel\/","url":"https:\/\/forkommerce.com\/de\/produkt\/stuetzrad-140x54-60-polyurethan-jungheinrich-50432647-kompatibel\/","name":"St\u00fctzrad 140x54\/60 Polyurethan Jungheinrich 50432647 (Kompatibel) | Forkommerce Spare Parts","isPartOf":{"@id":"https:\/\/forkommerce.com\/it\/#website"},"primaryImageOfPage":{"@id":"https:\/\/forkommerce.com\/de\/produkt\/stuetzrad-140x54-60-polyurethan-jungheinrich-50432647-kompatibel\/#primaryimage"},"image":{"@id":"https:\/\/forkommerce.com\/de\/produkt\/stuetzrad-140x54-60-polyurethan-jungheinrich-50432647-kompatibel\/#primaryimage"},"thumbnailUrl":"https:\/\/forkommerce.com\/wp-content\/uploads\/2026\/02\/Ruota-stabilizzatrice-140x54-60-Poliuretano-20F-Jungheinrich-50432647-Compatibile.jpg","datePublished":"2026-02-09T08:37:18+00:00","dateModified":"2026-04-10T12:33:37+00:00","breadcrumb":{"@id":"https:\/\/forkommerce.com\/de\/produkt\/stuetzrad-140x54-60-polyurethan-jungheinrich-50432647-kompatibel\/#breadcrumb"},"inLanguage":"de","potentialAction":[{"@type":"ReadAction","target":["https:\/\/forkommerce.com\/de\/produkt\/stuetzrad-140x54-60-polyurethan-jungheinrich-50432647-kompatibel\/"]}]},{"@type":"ImageObject","inLanguage":"de","@id":"https:\/\/forkommerce.com\/de\/produkt\/stuetzrad-140x54-60-polyurethan-jungheinrich-50432647-kompatibel\/#primaryimage","url":"https:\/\/forkommerce.com\/wp-content\/uploads\/2026\/02\/Ruota-stabilizzatrice-140x54-60-Poliuretano-20F-Jungheinrich-50432647-Compatibile.jpg","contentUrl":"https:\/\/forkommerce.com\/wp-content\/uploads\/2026\/02\/Ruota-stabilizzatrice-140x54-60-Poliuretano-20F-Jungheinrich-50432647-Compatibile.jpg","width":378,"height":472,"caption":"St\u00fctzrad 140x54 60 Polyurethan 20F Jungheinrich 50432647 (Kompatibel)"},{"@type":"BreadcrumbList","@id":"https:\/\/forkommerce.com\/de\/produkt\/stuetzrad-140x54-60-polyurethan-jungheinrich-50432647-kompatibel\/#breadcrumb","itemListElement":[{"@type":"ListItem","position":1,"name":"Home","item":"https:\/\/forkommerce.com\/de\/"},{"@type":"ListItem","position":2,"name":"Shop","item":"https:\/\/forkommerce.com\/it\/negozio\/"},{"@type":"ListItem","position":3,"name":"St\u00fctzrad 140&#215;54\/60 Polyurethan Jungheinrich 50432647 (Kompatibel)"}]},{"@type":"WebSite","@id":"https:\/\/forkommerce.com\/it\/#website","url":"https:\/\/forkommerce.com\/it\/","name":"Forkommerce Spare Parts","description":"Ricambi originali e compatibili per carrelli elevatori e transpallet","publisher":{"@id":"https:\/\/forkommerce.com\/it\/#organization"},"alternateName":"Forkommerce Spare Parts","potentialAction":[{"@type":"SearchAction","target":{"@type":"EntryPoint","urlTemplate":"https:\/\/forkommerce.com\/it\/?s={search_term_string}"},"query-input":{"@type":"PropertyValueSpecification","valueRequired":true,"valueName":"search_term_string"}}],"inLanguage":"de"},{"@type":"Organization","@id":"https:\/\/forkommerce.com\/it\/#organization","name":"Forkommerce Spare Parts","url":"https:\/\/forkommerce.com\/it\/","logo":{"@type":"ImageObject","inLanguage":"de","@id":"https:\/\/forkommerce.com\/it\/#\/schema\/logo\/image\/","url":"https:\/\/forkommerce.com\/wp-content\/uploads\/2025\/09\/Logo-Forkommercex2.png","contentUrl":"https:\/\/forkommerce.com\/wp-content\/uploads\/2025\/09\/Logo-Forkommercex2.png","width":470,"height":120,"caption":"Forkommerce Spare Parts"},"image":{"@id":"https:\/\/forkommerce.com\/it\/#\/schema\/logo\/image\/"}}]}},"_links":{"self":[{"href":"https:\/\/forkommerce.com\/de\/wp-json\/wp\/v2\/product\/2704","targetHints":{"allow":["GET"]}}],"collection":[{"href":"https:\/\/forkommerce.com\/de\/wp-json\/wp\/v2\/product"}],"about":[{"href":"https:\/\/forkommerce.com\/de\/wp-json\/wp\/v2\/types\/product"}],"wp:featuredmedia":[{"embeddable":true,"href":"https:\/\/forkommerce.com\/de\/wp-json\/wp\/v2\/media\/2705"}],"wp:attachment":[{"href":"https:\/\/forkommerce.com\/de\/wp-json\/wp\/v2\/media?parent=2704"}],"wp:term":[{"taxonomy":"product_brand","embeddable":true,"href":"https:\/\/forkommerce.com\/de\/wp-json\/wp\/v2\/product_brand?post=2704"},{"taxonomy":"product_cat","embeddable":true,"href":"https:\/\/forkommerce.com\/de\/wp-json\/wp\/v2\/product_cat?post=2704"},{"taxonomy":"product_tag","embeddable":true,"href":"https:\/\/forkommerce.com\/de\/wp-json\/wp\/v2\/product_tag?post=2704"}],"curies":[{"name":"wp","href":"https:\/\/api.w.org\/{rel}","templated":true}]}}