{"id":2740,"date":"2026-02-09T08:42:30","date_gmt":"2026-02-09T07:42:30","guid":{"rendered":"https:\/\/forkommerce.com\/prodotto\/rad-85x100-105-polyurethan-12f-jungheinrich-50410186-kompatibel\/"},"modified":"2026-04-10T14:20:01","modified_gmt":"2026-04-10T12:20:01","slug":"rad-85x100-105-polyurethan-12f-jungheinrich-50410186-kompatibel","status":"publish","type":"product","link":"https:\/\/forkommerce.com\/de\/produkt\/rad-85x100-105-polyurethan-12f-jungheinrich-50410186-kompatibel\/","title":{"rendered":"Rad 85&#215;100\/105 Polyurethan 12F Jungheinrich 50410186 (Kompatibel)"},"content":{"rendered":"<p data-start=\"196\" data-end=\"603\"><strong>Jungheinrich Lastrolle 85\u00d7100-105 \u2013 Verst\u00e4rktes Polyurethan PT-92\u00ae<\/strong><\/p>\n<p data-start=\"196\" data-end=\"603\">Hochwertige Rolle f\u00fcr Jungheinrich Gabelstapler.<\/p>\n<p data-start=\"196\" data-end=\"603\">Gefertigt aus verst\u00e4rktem Polyurethan mit hoher Verschlei\u00dffestigkeit, gew\u00e4hrleistet sie Stabilit\u00e4t, reibungslosen Lauf und lange Lebensdauer auch in intensiven Industrieumgebungen. Ideal als Originalteil oder gleichwertiger Ersatz, garantiert sie konstante Leistung und Sicherheit beim Handling schwerer Lasten. <\/p>\n<p data-start=\"605\" data-end=\"866\">Dank der Kombination aus Festigkeit und Flexibilit\u00e4t des Polyurethans reduziert diese Rolle den Verschlei\u00df von Komponenten und Kontaktfl\u00e4chen und verl\u00e4ngert die Betriebslebensdauer des Gabelstaplers.<\/p>\n<p data-start=\"605\" data-end=\"866\">Perfekt f\u00fcr Lager, Logistikzentren und Produktionslinien.<\/p>\n<p>  Ideal f\u00fcr intensiven Einsatz und kontinuierlichen Betrieb im 3-Schicht-Betrieb.<\/p>\n<h4 data-section-id=\"d437e9\" data-start=\"873\" data-end=\"902\">Hauptmerkmale:<\/h4>\n<p data-start=\"978\" data-end=\"1051\">Material: Polyurethan mit hoher Verschlei\u00df- und Abriebfestigkeit.<\/p>\n<p data-start=\"1054\" data-end=\"1101\">Rollentyp: St\u00fctz- \/ Stabilisierungsrolle.<\/p>\n<p data-start=\"1104\" data-end=\"1146\">Gew\u00e4hrleistet optimale Stabilit\u00e4t und Langlebigkeit.<\/p>\n<p data-start=\"1149\" data-end=\"1213\">Reibungsloser und leiser Lauf, auch bei schweren Lasten.<\/p>\n<p data-start=\"1216\" data-end=\"1269\">Ideal als Ersatz f\u00fcr das Originalersatzteil.<\/p>\n<p data-start=\"1272\" data-end=\"1319\">Reduziert Verschlei\u00df von Komponenten und Boden.<\/p>\n<p data-start=\"1322\" data-end=\"1388\">Geeignet f\u00fcr Industrieumgebungen und Lager mit hohem Verkehrsaufkommen.<\/p>\n<p>&nbsp;<\/p>\n<p><strong>Kompatibilit\u00e4t<\/strong><br \/>\nJungheinrich 85\u00d7100 \/ 85\u00d7105-25<\/p>\n<p><strong>Referenznummern:<\/strong><br \/>\n27631330 \u2013 50410186 \u2013 51064610<\/p>\n<p>Kompatibel mit zahlreichen Jungheinrich-Modellen der Serien EJC, EJG, EKC, EKE, ERC.<\/p>\n","protected":false},"excerpt":{"rendered":"<p>Rad 85&#215;100\/105 Polyurethan 12F Jungheinrich 50410186 (Kompatibel)<\/p>\n","protected":false},"featured_media":2744,"template":"","meta":[],"product_brand":[178],"product_cat":[86,78],"product_tag":[],"class_list":{"0":"post-2740","1":"product","2":"type-product","3":"status-publish","4":"has-post-thumbnail","6":"product_brand-jungheinrich","7":"product_cat-alternativteil","8":"product_cat-rollen-und-raeder","10":"first","11":"instock","12":"taxable","13":"shipping-taxable","14":"purchasable","15":"product-type-simple"},"yoast_head":"<!-- This site is optimized with the Yoast SEO plugin v27.3 - https:\/\/yoast.com\/product\/yoast-seo-wordpress\/ -->\n<title>Rad 85x100\/105 Polyurethan 12F Jungheinrich 50410186 (Kompatibel) | Forkommerce Spare Parts<\/title>\n<meta name=\"robots\" content=\"index, follow, max-snippet:-1, max-image-preview:large, max-video-preview:-1\" \/>\n<link rel=\"canonical\" href=\"https:\/\/forkommerce.com\/de\/produkt\/rad-85x100-105-polyurethan-12f-jungheinrich-50410186-kompatibel\/\" \/>\n<meta property=\"og:locale\" content=\"de_DE\" \/>\n<meta property=\"og:type\" content=\"article\" \/>\n<meta property=\"og:title\" content=\"Rad 85x100\/105 Polyurethan 12F Jungheinrich 50410186 (Kompatibel) | Forkommerce Spare Parts\" \/>\n<meta property=\"og:description\" content=\"Rad 85x100\/105 Polyurethan 12F Jungheinrich 50410186 (Kompatibel)\" \/>\n<meta property=\"og:url\" content=\"https:\/\/forkommerce.com\/de\/produkt\/rad-85x100-105-polyurethan-12f-jungheinrich-50410186-kompatibel\/\" \/>\n<meta property=\"og:site_name\" content=\"Forkommerce Spare Parts\" \/>\n<meta property=\"article:modified_time\" content=\"2026-04-10T12:20:01+00:00\" \/>\n<meta property=\"og:image\" content=\"https:\/\/forkommerce.com\/wp-content\/uploads\/2026\/02\/Ruota-85x100-105-Poliuretano-12F-Jungheinrich-50410186-Compatibile.jpg\" \/>\n\t<meta property=\"og:image:width\" content=\"371\" \/>\n\t<meta property=\"og:image:height\" content=\"346\" \/>\n\t<meta property=\"og:image:type\" content=\"image\/jpeg\" \/>\n<meta name=\"twitter:card\" content=\"summary_large_image\" \/>\n<meta name=\"twitter:label1\" content=\"Gesch\u00e4tzte Lesezeit\" \/>\n\t<meta name=\"twitter:data1\" content=\"1\u00a0Minute\" \/>\n<script type=\"application\/ld+json\" class=\"yoast-schema-graph\">{\"@context\":\"https:\\\/\\\/schema.org\",\"@graph\":[{\"@type\":\"WebPage\",\"@id\":\"https:\\\/\\\/forkommerce.com\\\/de\\\/produkt\\\/rad-85x100-105-polyurethan-12f-jungheinrich-50410186-kompatibel\\\/\",\"url\":\"https:\\\/\\\/forkommerce.com\\\/de\\\/produkt\\\/rad-85x100-105-polyurethan-12f-jungheinrich-50410186-kompatibel\\\/\",\"name\":\"Rad 85x100\\\/105 Polyurethan 12F Jungheinrich 50410186 (Kompatibel) | Forkommerce Spare Parts\",\"isPartOf\":{\"@id\":\"https:\\\/\\\/forkommerce.com\\\/it\\\/#website\"},\"primaryImageOfPage\":{\"@id\":\"https:\\\/\\\/forkommerce.com\\\/de\\\/produkt\\\/rad-85x100-105-polyurethan-12f-jungheinrich-50410186-kompatibel\\\/#primaryimage\"},\"image\":{\"@id\":\"https:\\\/\\\/forkommerce.com\\\/de\\\/produkt\\\/rad-85x100-105-polyurethan-12f-jungheinrich-50410186-kompatibel\\\/#primaryimage\"},\"thumbnailUrl\":\"https:\\\/\\\/forkommerce.com\\\/wp-content\\\/uploads\\\/2026\\\/02\\\/Ruota-85x100-105-Poliuretano-12F-Jungheinrich-50410186-Compatibile.jpg\",\"datePublished\":\"2026-02-09T07:42:30+00:00\",\"dateModified\":\"2026-04-10T12:20:01+00:00\",\"breadcrumb\":{\"@id\":\"https:\\\/\\\/forkommerce.com\\\/de\\\/produkt\\\/rad-85x100-105-polyurethan-12f-jungheinrich-50410186-kompatibel\\\/#breadcrumb\"},\"inLanguage\":\"de\",\"potentialAction\":[{\"@type\":\"ReadAction\",\"target\":[\"https:\\\/\\\/forkommerce.com\\\/de\\\/produkt\\\/rad-85x100-105-polyurethan-12f-jungheinrich-50410186-kompatibel\\\/\"]}]},{\"@type\":\"ImageObject\",\"inLanguage\":\"de\",\"@id\":\"https:\\\/\\\/forkommerce.com\\\/de\\\/produkt\\\/rad-85x100-105-polyurethan-12f-jungheinrich-50410186-kompatibel\\\/#primaryimage\",\"url\":\"https:\\\/\\\/forkommerce.com\\\/wp-content\\\/uploads\\\/2026\\\/02\\\/Ruota-85x100-105-Poliuretano-12F-Jungheinrich-50410186-Compatibile.jpg\",\"contentUrl\":\"https:\\\/\\\/forkommerce.com\\\/wp-content\\\/uploads\\\/2026\\\/02\\\/Ruota-85x100-105-Poliuretano-12F-Jungheinrich-50410186-Compatibile.jpg\",\"width\":371,\"height\":346,\"caption\":\"Rad 85x100 105 Polyurethan 12F Jungheinrich 50410186 (Kompatibel)\"},{\"@type\":\"BreadcrumbList\",\"@id\":\"https:\\\/\\\/forkommerce.com\\\/de\\\/produkt\\\/rad-85x100-105-polyurethan-12f-jungheinrich-50410186-kompatibel\\\/#breadcrumb\",\"itemListElement\":[{\"@type\":\"ListItem\",\"position\":1,\"name\":\"Home\",\"item\":\"https:\\\/\\\/forkommerce.com\\\/de\\\/\"},{\"@type\":\"ListItem\",\"position\":2,\"name\":\"Shop\",\"item\":\"https:\\\/\\\/forkommerce.com\\\/it\\\/negozio\\\/\"},{\"@type\":\"ListItem\",\"position\":3,\"name\":\"Rad 85&#215;100\\\/105 Polyurethan 12F Jungheinrich 50410186 (Kompatibel)\"}]},{\"@type\":\"WebSite\",\"@id\":\"https:\\\/\\\/forkommerce.com\\\/it\\\/#website\",\"url\":\"https:\\\/\\\/forkommerce.com\\\/it\\\/\",\"name\":\"Forkommerce Spare Parts\",\"description\":\"Ricambi originali e compatibili per carrelli elevatori e transpallet\",\"publisher\":{\"@id\":\"https:\\\/\\\/forkommerce.com\\\/it\\\/#organization\"},\"alternateName\":\"Forkommerce Spare Parts\",\"potentialAction\":[{\"@type\":\"SearchAction\",\"target\":{\"@type\":\"EntryPoint\",\"urlTemplate\":\"https:\\\/\\\/forkommerce.com\\\/it\\\/?s={search_term_string}\"},\"query-input\":{\"@type\":\"PropertyValueSpecification\",\"valueRequired\":true,\"valueName\":\"search_term_string\"}}],\"inLanguage\":\"de\"},{\"@type\":\"Organization\",\"@id\":\"https:\\\/\\\/forkommerce.com\\\/it\\\/#organization\",\"name\":\"Forkommerce Spare Parts\",\"url\":\"https:\\\/\\\/forkommerce.com\\\/it\\\/\",\"logo\":{\"@type\":\"ImageObject\",\"inLanguage\":\"de\",\"@id\":\"https:\\\/\\\/forkommerce.com\\\/it\\\/#\\\/schema\\\/logo\\\/image\\\/\",\"url\":\"https:\\\/\\\/forkommerce.com\\\/wp-content\\\/uploads\\\/2025\\\/09\\\/Logo-Forkommercex2.png\",\"contentUrl\":\"https:\\\/\\\/forkommerce.com\\\/wp-content\\\/uploads\\\/2025\\\/09\\\/Logo-Forkommercex2.png\",\"width\":470,\"height\":120,\"caption\":\"Forkommerce Spare Parts\"},\"image\":{\"@id\":\"https:\\\/\\\/forkommerce.com\\\/it\\\/#\\\/schema\\\/logo\\\/image\\\/\"}}]}<\/script>\n<!-- \/ Yoast SEO plugin. -->","yoast_head_json":{"title":"Rad 85x100\/105 Polyurethan 12F Jungheinrich 50410186 (Kompatibel) | Forkommerce Spare Parts","robots":{"index":"index","follow":"follow","max-snippet":"max-snippet:-1","max-image-preview":"max-image-preview:large","max-video-preview":"max-video-preview:-1"},"canonical":"https:\/\/forkommerce.com\/de\/produkt\/rad-85x100-105-polyurethan-12f-jungheinrich-50410186-kompatibel\/","og_locale":"de_DE","og_type":"article","og_title":"Rad 85x100\/105 Polyurethan 12F Jungheinrich 50410186 (Kompatibel) | Forkommerce Spare Parts","og_description":"Rad 85x100\/105 Polyurethan 12F Jungheinrich 50410186 (Kompatibel)","og_url":"https:\/\/forkommerce.com\/de\/produkt\/rad-85x100-105-polyurethan-12f-jungheinrich-50410186-kompatibel\/","og_site_name":"Forkommerce Spare Parts","article_modified_time":"2026-04-10T12:20:01+00:00","og_image":[{"width":371,"height":346,"url":"https:\/\/forkommerce.com\/wp-content\/uploads\/2026\/02\/Ruota-85x100-105-Poliuretano-12F-Jungheinrich-50410186-Compatibile.jpg","type":"image\/jpeg"}],"twitter_card":"summary_large_image","twitter_misc":{"Gesch\u00e4tzte Lesezeit":"1\u00a0Minute"},"schema":{"@context":"https:\/\/schema.org","@graph":[{"@type":"WebPage","@id":"https:\/\/forkommerce.com\/de\/produkt\/rad-85x100-105-polyurethan-12f-jungheinrich-50410186-kompatibel\/","url":"https:\/\/forkommerce.com\/de\/produkt\/rad-85x100-105-polyurethan-12f-jungheinrich-50410186-kompatibel\/","name":"Rad 85x100\/105 Polyurethan 12F Jungheinrich 50410186 (Kompatibel) | Forkommerce Spare Parts","isPartOf":{"@id":"https:\/\/forkommerce.com\/it\/#website"},"primaryImageOfPage":{"@id":"https:\/\/forkommerce.com\/de\/produkt\/rad-85x100-105-polyurethan-12f-jungheinrich-50410186-kompatibel\/#primaryimage"},"image":{"@id":"https:\/\/forkommerce.com\/de\/produkt\/rad-85x100-105-polyurethan-12f-jungheinrich-50410186-kompatibel\/#primaryimage"},"thumbnailUrl":"https:\/\/forkommerce.com\/wp-content\/uploads\/2026\/02\/Ruota-85x100-105-Poliuretano-12F-Jungheinrich-50410186-Compatibile.jpg","datePublished":"2026-02-09T07:42:30+00:00","dateModified":"2026-04-10T12:20:01+00:00","breadcrumb":{"@id":"https:\/\/forkommerce.com\/de\/produkt\/rad-85x100-105-polyurethan-12f-jungheinrich-50410186-kompatibel\/#breadcrumb"},"inLanguage":"de","potentialAction":[{"@type":"ReadAction","target":["https:\/\/forkommerce.com\/de\/produkt\/rad-85x100-105-polyurethan-12f-jungheinrich-50410186-kompatibel\/"]}]},{"@type":"ImageObject","inLanguage":"de","@id":"https:\/\/forkommerce.com\/de\/produkt\/rad-85x100-105-polyurethan-12f-jungheinrich-50410186-kompatibel\/#primaryimage","url":"https:\/\/forkommerce.com\/wp-content\/uploads\/2026\/02\/Ruota-85x100-105-Poliuretano-12F-Jungheinrich-50410186-Compatibile.jpg","contentUrl":"https:\/\/forkommerce.com\/wp-content\/uploads\/2026\/02\/Ruota-85x100-105-Poliuretano-12F-Jungheinrich-50410186-Compatibile.jpg","width":371,"height":346,"caption":"Rad 85x100 105 Polyurethan 12F Jungheinrich 50410186 (Kompatibel)"},{"@type":"BreadcrumbList","@id":"https:\/\/forkommerce.com\/de\/produkt\/rad-85x100-105-polyurethan-12f-jungheinrich-50410186-kompatibel\/#breadcrumb","itemListElement":[{"@type":"ListItem","position":1,"name":"Home","item":"https:\/\/forkommerce.com\/de\/"},{"@type":"ListItem","position":2,"name":"Shop","item":"https:\/\/forkommerce.com\/it\/negozio\/"},{"@type":"ListItem","position":3,"name":"Rad 85&#215;100\/105 Polyurethan 12F Jungheinrich 50410186 (Kompatibel)"}]},{"@type":"WebSite","@id":"https:\/\/forkommerce.com\/it\/#website","url":"https:\/\/forkommerce.com\/it\/","name":"Forkommerce Spare Parts","description":"Ricambi originali e compatibili per carrelli elevatori e transpallet","publisher":{"@id":"https:\/\/forkommerce.com\/it\/#organization"},"alternateName":"Forkommerce Spare Parts","potentialAction":[{"@type":"SearchAction","target":{"@type":"EntryPoint","urlTemplate":"https:\/\/forkommerce.com\/it\/?s={search_term_string}"},"query-input":{"@type":"PropertyValueSpecification","valueRequired":true,"valueName":"search_term_string"}}],"inLanguage":"de"},{"@type":"Organization","@id":"https:\/\/forkommerce.com\/it\/#organization","name":"Forkommerce Spare Parts","url":"https:\/\/forkommerce.com\/it\/","logo":{"@type":"ImageObject","inLanguage":"de","@id":"https:\/\/forkommerce.com\/it\/#\/schema\/logo\/image\/","url":"https:\/\/forkommerce.com\/wp-content\/uploads\/2025\/09\/Logo-Forkommercex2.png","contentUrl":"https:\/\/forkommerce.com\/wp-content\/uploads\/2025\/09\/Logo-Forkommercex2.png","width":470,"height":120,"caption":"Forkommerce Spare Parts"},"image":{"@id":"https:\/\/forkommerce.com\/it\/#\/schema\/logo\/image\/"}}]}},"_links":{"self":[{"href":"https:\/\/forkommerce.com\/de\/wp-json\/wp\/v2\/product\/2740","targetHints":{"allow":["GET"]}}],"collection":[{"href":"https:\/\/forkommerce.com\/de\/wp-json\/wp\/v2\/product"}],"about":[{"href":"https:\/\/forkommerce.com\/de\/wp-json\/wp\/v2\/types\/product"}],"wp:featuredmedia":[{"embeddable":true,"href":"https:\/\/forkommerce.com\/de\/wp-json\/wp\/v2\/media\/2744"}],"wp:attachment":[{"href":"https:\/\/forkommerce.com\/de\/wp-json\/wp\/v2\/media?parent=2740"}],"wp:term":[{"taxonomy":"product_brand","embeddable":true,"href":"https:\/\/forkommerce.com\/de\/wp-json\/wp\/v2\/product_brand?post=2740"},{"taxonomy":"product_cat","embeddable":true,"href":"https:\/\/forkommerce.com\/de\/wp-json\/wp\/v2\/product_cat?post=2740"},{"taxonomy":"product_tag","embeddable":true,"href":"https:\/\/forkommerce.com\/de\/wp-json\/wp\/v2\/product_tag?post=2740"}],"curies":[{"name":"wp","href":"https:\/\/api.w.org\/{rel}","templated":true}]}}