{"id":2819,"date":"2026-02-06T11:51:37","date_gmt":"2026-02-06T10:51:37","guid":{"rendered":"https:\/\/forkommerce.com\/prodotto\/laufrolle-85x80-85-polyurethan-12f-heli-1000332004-kompatibel\/"},"modified":"2026-04-11T10:37:06","modified_gmt":"2026-04-11T08:37:06","slug":"laufrolle-85x80-85-polyurethan-12f-heli-1000332004-kompatibel","status":"publish","type":"product","link":"https:\/\/forkommerce.com\/de\/produkt\/laufrolle-85x80-85-polyurethan-12f-heli-1000332004-kompatibel\/","title":{"rendered":"Laufrolle 85&#215;80\/85 Polyurethan 12F Heli 1000332004 (Kompatibel)"},"content":{"rendered":"<h4><strong>Laufrolle 85&#215;80\/85 Polyurethan 12F Heli 1000332004 <\/strong><\/h4>\n<p data-start=\"180\" data-end=\"609\">Hochwertige Lastrolle, entwickelt f\u00fcr Heli Gabelstapler.<\/p>\n<p data-start=\"180\" data-end=\"609\">Aus verschlei\u00dffestem Polyurethan gefertigt, garantiert sie einen reibungslosen Lauf, Stabilit\u00e4t und eine lange Lebensdauer, selbst in hochfrequentierten Industrieumgebungen.<\/p>\n<p data-start=\"180\" data-end=\"609\">Ideal als Original- oder gleichwertiges Ersatzteil tr\u00e4gt sie zur Verbesserung der Betriebseffizienz und Sicherheit beim Umschlag von Paletten und schweren G\u00fctern bei.<\/p>\n<p data-start=\"611\" data-end=\"846\">Dank des langlebigen und widerstandsf\u00e4higen Materials reduziert die Rolle den Verschlei\u00df von Komponenten und Kontaktfl\u00e4chen und gew\u00e4hrleistet konstante Leistung auch bei hohen Lasten. Perfekt f\u00fcr Lager, Logistikzentren und Produktionslinien. <\/p>\n<h4 data-section-id=\"d437e9\" data-start=\"853\" data-end=\"882\">Hauptmerkmale:<\/h4>\n<p data-start=\"952\" data-end=\"1025\">Material: Polyurethan mit hoher Verschlei\u00df- und Abriebfestigkeit.<\/p>\n<p data-start=\"1028\" data-end=\"1074\">Rollentyp: Stabilisator \/ St\u00fctzrolle.<\/p>\n<p data-start=\"1077\" data-end=\"1119\">Gew\u00e4hrleistet optimale Stabilit\u00e4t und Langlebigkeit.<\/p>\n<p data-start=\"1122\" data-end=\"1186\">Reibungsloser und leiser Lauf, auch bei schweren Lasten.<\/p>\n<p data-start=\"1189\" data-end=\"1242\">Ideal als Ersatz f\u00fcr das Originalersatzteil.<\/p>\n<p data-start=\"1245\" data-end=\"1292\">Reduziert Verschlei\u00df von Komponenten und Boden.<\/p>\n<p data-start=\"1295\" data-end=\"1361\">Geeignet f\u00fcr Industrieumgebungen und Lager mit hohem Verkehrsaufkommen.<\/p>\n<h5><strong>Kompatibilit\u00e4t \/ Anwendungen:<\/strong><\/h5>\n<p>Kompatibel mit Heli Staplern:<\/p>\n<p>CBD20-30-460 \/ 470<\/p>\n<p>CBD20-30TD \/ KBZ<\/p>\n","protected":false},"excerpt":{"rendered":"<p>Laufrolle 85&#215;80\/85 Polyurethan 12F Heli 1000332004 (Kompatibel)<\/p>\n","protected":false},"featured_media":2820,"template":"","meta":[],"product_brand":[224],"product_cat":[86,78],"product_tag":[],"class_list":{"0":"post-2819","1":"product","2":"type-product","3":"status-publish","4":"has-post-thumbnail","6":"product_brand-heli","7":"product_cat-alternativteil","8":"product_cat-rollen-und-raeder","10":"first","11":"instock","12":"taxable","13":"shipping-taxable","14":"purchasable","15":"product-type-simple"},"yoast_head":"<!-- This site is optimized with the Yoast SEO plugin v27.3 - https:\/\/yoast.com\/product\/yoast-seo-wordpress\/ -->\n<title>Laufrolle 85x80\/85 Polyurethan 12F Heli 1000332004 (Kompatibel) | Forkommerce Spare Parts<\/title>\n<meta name=\"robots\" content=\"index, follow, max-snippet:-1, max-image-preview:large, max-video-preview:-1\" \/>\n<link rel=\"canonical\" href=\"https:\/\/forkommerce.com\/de\/produkt\/laufrolle-85x80-85-polyurethan-12f-heli-1000332004-kompatibel\/\" \/>\n<meta property=\"og:locale\" content=\"de_DE\" \/>\n<meta property=\"og:type\" content=\"article\" \/>\n<meta property=\"og:title\" content=\"Laufrolle 85x80\/85 Polyurethan 12F Heli 1000332004 (Kompatibel) | Forkommerce Spare Parts\" \/>\n<meta property=\"og:description\" content=\"Laufrolle 85x80\/85 Polyurethan 12F Heli 1000332004 (Kompatibel)\" \/>\n<meta property=\"og:url\" content=\"https:\/\/forkommerce.com\/de\/produkt\/laufrolle-85x80-85-polyurethan-12f-heli-1000332004-kompatibel\/\" \/>\n<meta property=\"og:site_name\" content=\"Forkommerce Spare Parts\" \/>\n<meta property=\"article:modified_time\" content=\"2026-04-11T08:37:06+00:00\" \/>\n<meta property=\"og:image\" content=\"https:\/\/forkommerce.com\/wp-content\/uploads\/2026\/02\/Rullo-85x80-85-Poliuretano-12F-Heli-1000332004-Compatibile.jpeg\" \/>\n\t<meta property=\"og:image:width\" content=\"488\" \/>\n\t<meta property=\"og:image:height\" content=\"445\" \/>\n\t<meta property=\"og:image:type\" content=\"image\/jpeg\" \/>\n<meta name=\"twitter:card\" content=\"summary_large_image\" \/>\n<meta name=\"twitter:label1\" content=\"Gesch\u00e4tzte Lesezeit\" \/>\n\t<meta name=\"twitter:data1\" content=\"1\u00a0Minute\" \/>\n<script type=\"application\/ld+json\" class=\"yoast-schema-graph\">{\"@context\":\"https:\\\/\\\/schema.org\",\"@graph\":[{\"@type\":\"WebPage\",\"@id\":\"https:\\\/\\\/forkommerce.com\\\/de\\\/produkt\\\/laufrolle-85x80-85-polyurethan-12f-heli-1000332004-kompatibel\\\/\",\"url\":\"https:\\\/\\\/forkommerce.com\\\/de\\\/produkt\\\/laufrolle-85x80-85-polyurethan-12f-heli-1000332004-kompatibel\\\/\",\"name\":\"Laufrolle 85x80\\\/85 Polyurethan 12F Heli 1000332004 (Kompatibel) | Forkommerce Spare Parts\",\"isPartOf\":{\"@id\":\"https:\\\/\\\/forkommerce.com\\\/it\\\/#website\"},\"primaryImageOfPage\":{\"@id\":\"https:\\\/\\\/forkommerce.com\\\/de\\\/produkt\\\/laufrolle-85x80-85-polyurethan-12f-heli-1000332004-kompatibel\\\/#primaryimage\"},\"image\":{\"@id\":\"https:\\\/\\\/forkommerce.com\\\/de\\\/produkt\\\/laufrolle-85x80-85-polyurethan-12f-heli-1000332004-kompatibel\\\/#primaryimage\"},\"thumbnailUrl\":\"https:\\\/\\\/forkommerce.com\\\/wp-content\\\/uploads\\\/2026\\\/02\\\/Rullo-85x80-85-Poliuretano-12F-Heli-1000332004-Compatibile.jpeg\",\"datePublished\":\"2026-02-06T10:51:37+00:00\",\"dateModified\":\"2026-04-11T08:37:06+00:00\",\"breadcrumb\":{\"@id\":\"https:\\\/\\\/forkommerce.com\\\/de\\\/produkt\\\/laufrolle-85x80-85-polyurethan-12f-heli-1000332004-kompatibel\\\/#breadcrumb\"},\"inLanguage\":\"de\",\"potentialAction\":[{\"@type\":\"ReadAction\",\"target\":[\"https:\\\/\\\/forkommerce.com\\\/de\\\/produkt\\\/laufrolle-85x80-85-polyurethan-12f-heli-1000332004-kompatibel\\\/\"]}]},{\"@type\":\"ImageObject\",\"inLanguage\":\"de\",\"@id\":\"https:\\\/\\\/forkommerce.com\\\/de\\\/produkt\\\/laufrolle-85x80-85-polyurethan-12f-heli-1000332004-kompatibel\\\/#primaryimage\",\"url\":\"https:\\\/\\\/forkommerce.com\\\/wp-content\\\/uploads\\\/2026\\\/02\\\/Rullo-85x80-85-Poliuretano-12F-Heli-1000332004-Compatibile.jpeg\",\"contentUrl\":\"https:\\\/\\\/forkommerce.com\\\/wp-content\\\/uploads\\\/2026\\\/02\\\/Rullo-85x80-85-Poliuretano-12F-Heli-1000332004-Compatibile.jpeg\",\"width\":488,\"height\":445,\"caption\":\"Laufrolle 85x80 85 Polyurethan 12F Heli 1000332004 (Kompatibel)\"},{\"@type\":\"BreadcrumbList\",\"@id\":\"https:\\\/\\\/forkommerce.com\\\/de\\\/produkt\\\/laufrolle-85x80-85-polyurethan-12f-heli-1000332004-kompatibel\\\/#breadcrumb\",\"itemListElement\":[{\"@type\":\"ListItem\",\"position\":1,\"name\":\"Home\",\"item\":\"https:\\\/\\\/forkommerce.com\\\/de\\\/\"},{\"@type\":\"ListItem\",\"position\":2,\"name\":\"Shop\",\"item\":\"https:\\\/\\\/forkommerce.com\\\/it\\\/negozio\\\/\"},{\"@type\":\"ListItem\",\"position\":3,\"name\":\"Laufrolle 85&#215;80\\\/85 Polyurethan 12F Heli 1000332004 (Kompatibel)\"}]},{\"@type\":\"WebSite\",\"@id\":\"https:\\\/\\\/forkommerce.com\\\/it\\\/#website\",\"url\":\"https:\\\/\\\/forkommerce.com\\\/it\\\/\",\"name\":\"Forkommerce Spare Parts\",\"description\":\"Ricambi originali e compatibili per carrelli elevatori e transpallet\",\"publisher\":{\"@id\":\"https:\\\/\\\/forkommerce.com\\\/it\\\/#organization\"},\"alternateName\":\"Forkommerce Spare Parts\",\"potentialAction\":[{\"@type\":\"SearchAction\",\"target\":{\"@type\":\"EntryPoint\",\"urlTemplate\":\"https:\\\/\\\/forkommerce.com\\\/it\\\/?s={search_term_string}\"},\"query-input\":{\"@type\":\"PropertyValueSpecification\",\"valueRequired\":true,\"valueName\":\"search_term_string\"}}],\"inLanguage\":\"de\"},{\"@type\":\"Organization\",\"@id\":\"https:\\\/\\\/forkommerce.com\\\/it\\\/#organization\",\"name\":\"Forkommerce Spare Parts\",\"url\":\"https:\\\/\\\/forkommerce.com\\\/it\\\/\",\"logo\":{\"@type\":\"ImageObject\",\"inLanguage\":\"de\",\"@id\":\"https:\\\/\\\/forkommerce.com\\\/it\\\/#\\\/schema\\\/logo\\\/image\\\/\",\"url\":\"https:\\\/\\\/forkommerce.com\\\/wp-content\\\/uploads\\\/2025\\\/09\\\/Logo-Forkommercex2.png\",\"contentUrl\":\"https:\\\/\\\/forkommerce.com\\\/wp-content\\\/uploads\\\/2025\\\/09\\\/Logo-Forkommercex2.png\",\"width\":470,\"height\":120,\"caption\":\"Forkommerce Spare Parts\"},\"image\":{\"@id\":\"https:\\\/\\\/forkommerce.com\\\/it\\\/#\\\/schema\\\/logo\\\/image\\\/\"}}]}<\/script>\n<!-- \/ Yoast SEO plugin. -->","yoast_head_json":{"title":"Laufrolle 85x80\/85 Polyurethan 12F Heli 1000332004 (Kompatibel) | Forkommerce Spare Parts","robots":{"index":"index","follow":"follow","max-snippet":"max-snippet:-1","max-image-preview":"max-image-preview:large","max-video-preview":"max-video-preview:-1"},"canonical":"https:\/\/forkommerce.com\/de\/produkt\/laufrolle-85x80-85-polyurethan-12f-heli-1000332004-kompatibel\/","og_locale":"de_DE","og_type":"article","og_title":"Laufrolle 85x80\/85 Polyurethan 12F Heli 1000332004 (Kompatibel) | Forkommerce Spare Parts","og_description":"Laufrolle 85x80\/85 Polyurethan 12F Heli 1000332004 (Kompatibel)","og_url":"https:\/\/forkommerce.com\/de\/produkt\/laufrolle-85x80-85-polyurethan-12f-heli-1000332004-kompatibel\/","og_site_name":"Forkommerce Spare Parts","article_modified_time":"2026-04-11T08:37:06+00:00","og_image":[{"width":488,"height":445,"url":"https:\/\/forkommerce.com\/wp-content\/uploads\/2026\/02\/Rullo-85x80-85-Poliuretano-12F-Heli-1000332004-Compatibile.jpeg","type":"image\/jpeg"}],"twitter_card":"summary_large_image","twitter_misc":{"Gesch\u00e4tzte Lesezeit":"1\u00a0Minute"},"schema":{"@context":"https:\/\/schema.org","@graph":[{"@type":"WebPage","@id":"https:\/\/forkommerce.com\/de\/produkt\/laufrolle-85x80-85-polyurethan-12f-heli-1000332004-kompatibel\/","url":"https:\/\/forkommerce.com\/de\/produkt\/laufrolle-85x80-85-polyurethan-12f-heli-1000332004-kompatibel\/","name":"Laufrolle 85x80\/85 Polyurethan 12F Heli 1000332004 (Kompatibel) | Forkommerce Spare Parts","isPartOf":{"@id":"https:\/\/forkommerce.com\/it\/#website"},"primaryImageOfPage":{"@id":"https:\/\/forkommerce.com\/de\/produkt\/laufrolle-85x80-85-polyurethan-12f-heli-1000332004-kompatibel\/#primaryimage"},"image":{"@id":"https:\/\/forkommerce.com\/de\/produkt\/laufrolle-85x80-85-polyurethan-12f-heli-1000332004-kompatibel\/#primaryimage"},"thumbnailUrl":"https:\/\/forkommerce.com\/wp-content\/uploads\/2026\/02\/Rullo-85x80-85-Poliuretano-12F-Heli-1000332004-Compatibile.jpeg","datePublished":"2026-02-06T10:51:37+00:00","dateModified":"2026-04-11T08:37:06+00:00","breadcrumb":{"@id":"https:\/\/forkommerce.com\/de\/produkt\/laufrolle-85x80-85-polyurethan-12f-heli-1000332004-kompatibel\/#breadcrumb"},"inLanguage":"de","potentialAction":[{"@type":"ReadAction","target":["https:\/\/forkommerce.com\/de\/produkt\/laufrolle-85x80-85-polyurethan-12f-heli-1000332004-kompatibel\/"]}]},{"@type":"ImageObject","inLanguage":"de","@id":"https:\/\/forkommerce.com\/de\/produkt\/laufrolle-85x80-85-polyurethan-12f-heli-1000332004-kompatibel\/#primaryimage","url":"https:\/\/forkommerce.com\/wp-content\/uploads\/2026\/02\/Rullo-85x80-85-Poliuretano-12F-Heli-1000332004-Compatibile.jpeg","contentUrl":"https:\/\/forkommerce.com\/wp-content\/uploads\/2026\/02\/Rullo-85x80-85-Poliuretano-12F-Heli-1000332004-Compatibile.jpeg","width":488,"height":445,"caption":"Laufrolle 85x80 85 Polyurethan 12F Heli 1000332004 (Kompatibel)"},{"@type":"BreadcrumbList","@id":"https:\/\/forkommerce.com\/de\/produkt\/laufrolle-85x80-85-polyurethan-12f-heli-1000332004-kompatibel\/#breadcrumb","itemListElement":[{"@type":"ListItem","position":1,"name":"Home","item":"https:\/\/forkommerce.com\/de\/"},{"@type":"ListItem","position":2,"name":"Shop","item":"https:\/\/forkommerce.com\/it\/negozio\/"},{"@type":"ListItem","position":3,"name":"Laufrolle 85&#215;80\/85 Polyurethan 12F Heli 1000332004 (Kompatibel)"}]},{"@type":"WebSite","@id":"https:\/\/forkommerce.com\/it\/#website","url":"https:\/\/forkommerce.com\/it\/","name":"Forkommerce Spare Parts","description":"Ricambi originali e compatibili per carrelli elevatori e transpallet","publisher":{"@id":"https:\/\/forkommerce.com\/it\/#organization"},"alternateName":"Forkommerce Spare Parts","potentialAction":[{"@type":"SearchAction","target":{"@type":"EntryPoint","urlTemplate":"https:\/\/forkommerce.com\/it\/?s={search_term_string}"},"query-input":{"@type":"PropertyValueSpecification","valueRequired":true,"valueName":"search_term_string"}}],"inLanguage":"de"},{"@type":"Organization","@id":"https:\/\/forkommerce.com\/it\/#organization","name":"Forkommerce Spare Parts","url":"https:\/\/forkommerce.com\/it\/","logo":{"@type":"ImageObject","inLanguage":"de","@id":"https:\/\/forkommerce.com\/it\/#\/schema\/logo\/image\/","url":"https:\/\/forkommerce.com\/wp-content\/uploads\/2025\/09\/Logo-Forkommercex2.png","contentUrl":"https:\/\/forkommerce.com\/wp-content\/uploads\/2025\/09\/Logo-Forkommercex2.png","width":470,"height":120,"caption":"Forkommerce Spare Parts"},"image":{"@id":"https:\/\/forkommerce.com\/it\/#\/schema\/logo\/image\/"}}]}},"_links":{"self":[{"href":"https:\/\/forkommerce.com\/de\/wp-json\/wp\/v2\/product\/2819","targetHints":{"allow":["GET"]}}],"collection":[{"href":"https:\/\/forkommerce.com\/de\/wp-json\/wp\/v2\/product"}],"about":[{"href":"https:\/\/forkommerce.com\/de\/wp-json\/wp\/v2\/types\/product"}],"wp:featuredmedia":[{"embeddable":true,"href":"https:\/\/forkommerce.com\/de\/wp-json\/wp\/v2\/media\/2820"}],"wp:attachment":[{"href":"https:\/\/forkommerce.com\/de\/wp-json\/wp\/v2\/media?parent=2819"}],"wp:term":[{"taxonomy":"product_brand","embeddable":true,"href":"https:\/\/forkommerce.com\/de\/wp-json\/wp\/v2\/product_brand?post=2819"},{"taxonomy":"product_cat","embeddable":true,"href":"https:\/\/forkommerce.com\/de\/wp-json\/wp\/v2\/product_cat?post=2819"},{"taxonomy":"product_tag","embeddable":true,"href":"https:\/\/forkommerce.com\/de\/wp-json\/wp\/v2\/product_tag?post=2819"}],"curies":[{"name":"wp","href":"https:\/\/api.w.org\/{rel}","templated":true}]}}