{"id":2835,"date":"2026-02-06T12:03:19","date_gmt":"2026-02-06T11:03:19","guid":{"rendered":"https:\/\/forkommerce.com\/prodotto\/laufrolle-85x80-85-polyurethan-20f-linde-0009903524-kompatibel\/"},"modified":"2026-04-10T14:18:57","modified_gmt":"2026-04-10T12:18:57","slug":"laufrolle-85x80-85-polyurethan-20f-linde-0009903524-kompatibel","status":"publish","type":"product","link":"https:\/\/forkommerce.com\/de\/produkt\/laufrolle-85x80-85-polyurethan-20f-linde-0009903524-kompatibel\/","title":{"rendered":"Laufrolle 85&#215;80\/85 Polyurethan 20F Linde 0009903524 (Kompatibel)"},"content":{"rendered":"<h4 data-section-id=\"3q99xj\" data-start=\"124\" data-end=\"180\">Rolle 85&#215;80\/85 aus Polyurethan 20F \u2013 Linde 0009903524<\/h4>\n<p data-start=\"182\" data-end=\"613\">Hochwertige Rolle f\u00fcr Linde Gabelstapler.<\/p>\n<p data-start=\"182\" data-end=\"613\">Hergestellt aus hochverschlei\u00dffestem verst\u00e4rktem Polyurethan, gew\u00e4hrleistet sie reibungslosen Lauf, Stabilit\u00e4t und lange Lebensdauer auch in intensiven Industrieumgebungen. Ideal als Originalersatzteil oder gleichwertige Alternative, tr\u00e4gt sie zur Verbesserung der Betriebseffizienz und Sicherheit beim Umschlag von Paletten und schweren G\u00fctern bei. <\/p>\n<p data-start=\"615\" data-end=\"847\">Dank des widerstandsf\u00e4higen und langlebigen Materials reduziert die Rolle den Verschlei\u00df von Komponenten und Kontaktfl\u00e4chen und gew\u00e4hrleistet konstante Leistung bei reduziertem Wartungsaufwand.<\/p>\n<p data-start=\"615\" data-end=\"847\">Hochleistungs-Tragrolle aus Polyurethan, geeignet f\u00fcr Elektro-Hubwagen und Lagerwagen.<\/p>\n<p data-start=\"615\" data-end=\"847\">Konzipiert f\u00fcr professionellen Einsatz und hohe Lasten.<\/p>\n<h4 data-section-id=\"d437e9\" data-start=\"854\" data-end=\"883\">Hauptmerkmale<\/h4>\n<p data-start=\"954\" data-end=\"1027\">Material: hochverschlei\u00df- und abriebfestes Polyurethan.<\/p>\n<p data-start=\"1030\" data-end=\"1076\">Rollentyp: Stabilisator \/ St\u00fctzrolle.<\/p>\n<p data-start=\"1079\" data-end=\"1121\">Gew\u00e4hrleistet optimale Stabilit\u00e4t und Langlebigkeit.<\/p>\n<p data-start=\"1124\" data-end=\"1188\">Reibungsloser und leiser Lauf, auch bei schweren Lasten.<\/p>\n<p data-start=\"1191\" data-end=\"1244\">Ideal als Ersatz f\u00fcr das Originalersatzteil.<\/p>\n<p data-start=\"1247\" data-end=\"1294\">Reduziert den Verschlei\u00df von Komponenten und Boden.<\/p>\n<p data-start=\"1297\" data-end=\"1363\">Geeignet f\u00fcr Industrieumgebungen und Lager mit hohem Verkehrsaufkommen.<\/p>\n<h5><strong>Kompatibilit\u00e4t:<\/strong><\/h5>\n<h5><strong>Linde<\/strong><br \/>\n<strong>Modelle der Serien L, N und T (u. a. L20, N20, T16, T18, T20, T30)<\/strong><\/h5>\n<h5>Crown<br \/>\nCR 808984-001 \/ 808984001<br \/>\nWP2300S, WP2300, WP2000S, WP2000<\/h5>\n<h5><strong>Heli<\/strong><br \/>\n1000332004<\/h5>\n","protected":false},"excerpt":{"rendered":"<p>Laufrolle 85&#215;80\/85 Polyurethan 20F Linde 0009903524 (Kompatibel)<\/p>\n","protected":false},"featured_media":2836,"template":"","meta":[],"product_brand":[168,119],"product_cat":[86,78],"product_tag":[],"class_list":{"0":"post-2835","1":"product","2":"type-product","3":"status-publish","4":"has-post-thumbnail","6":"product_brand-crown","7":"product_brand-linde","8":"product_cat-alternativteil","9":"product_cat-rollen-und-raeder","11":"first","12":"instock","13":"taxable","14":"shipping-taxable","15":"purchasable","16":"product-type-simple"},"yoast_head":"<!-- This site is optimized with the Yoast SEO plugin v27.3 - https:\/\/yoast.com\/product\/yoast-seo-wordpress\/ -->\n<title>Laufrolle 85x80\/85 Polyurethan 20F Linde 0009903524 (Kompatibel) | Forkommerce Spare Parts<\/title>\n<meta name=\"robots\" content=\"index, follow, max-snippet:-1, max-image-preview:large, max-video-preview:-1\" \/>\n<link rel=\"canonical\" href=\"https:\/\/forkommerce.com\/de\/produkt\/laufrolle-85x80-85-polyurethan-20f-linde-0009903524-kompatibel\/\" \/>\n<meta property=\"og:locale\" content=\"de_DE\" \/>\n<meta property=\"og:type\" content=\"article\" \/>\n<meta property=\"og:title\" content=\"Laufrolle 85x80\/85 Polyurethan 20F Linde 0009903524 (Kompatibel) | Forkommerce Spare Parts\" \/>\n<meta property=\"og:description\" content=\"Laufrolle 85x80\/85 Polyurethan 20F Linde 0009903524 (Kompatibel)\" \/>\n<meta property=\"og:url\" content=\"https:\/\/forkommerce.com\/de\/produkt\/laufrolle-85x80-85-polyurethan-20f-linde-0009903524-kompatibel\/\" \/>\n<meta property=\"og:site_name\" content=\"Forkommerce Spare Parts\" \/>\n<meta property=\"article:modified_time\" content=\"2026-04-10T12:18:57+00:00\" \/>\n<meta property=\"og:image\" content=\"https:\/\/forkommerce.com\/wp-content\/uploads\/2026\/02\/Rullo-85x80-85-Poliuretano-20F-Linde-0009903524-Compatibile.jpg\" \/>\n\t<meta property=\"og:image:width\" content=\"333\" \/>\n\t<meta property=\"og:image:height\" content=\"358\" \/>\n\t<meta property=\"og:image:type\" content=\"image\/jpeg\" \/>\n<meta name=\"twitter:card\" content=\"summary_large_image\" \/>\n<meta name=\"twitter:label1\" content=\"Gesch\u00e4tzte Lesezeit\" \/>\n\t<meta name=\"twitter:data1\" content=\"1\u00a0Minute\" \/>\n<script type=\"application\/ld+json\" class=\"yoast-schema-graph\">{\"@context\":\"https:\\\/\\\/schema.org\",\"@graph\":[{\"@type\":\"WebPage\",\"@id\":\"https:\\\/\\\/forkommerce.com\\\/de\\\/produkt\\\/laufrolle-85x80-85-polyurethan-20f-linde-0009903524-kompatibel\\\/\",\"url\":\"https:\\\/\\\/forkommerce.com\\\/de\\\/produkt\\\/laufrolle-85x80-85-polyurethan-20f-linde-0009903524-kompatibel\\\/\",\"name\":\"Laufrolle 85x80\\\/85 Polyurethan 20F Linde 0009903524 (Kompatibel) | Forkommerce Spare Parts\",\"isPartOf\":{\"@id\":\"https:\\\/\\\/forkommerce.com\\\/it\\\/#website\"},\"primaryImageOfPage\":{\"@id\":\"https:\\\/\\\/forkommerce.com\\\/de\\\/produkt\\\/laufrolle-85x80-85-polyurethan-20f-linde-0009903524-kompatibel\\\/#primaryimage\"},\"image\":{\"@id\":\"https:\\\/\\\/forkommerce.com\\\/de\\\/produkt\\\/laufrolle-85x80-85-polyurethan-20f-linde-0009903524-kompatibel\\\/#primaryimage\"},\"thumbnailUrl\":\"https:\\\/\\\/forkommerce.com\\\/wp-content\\\/uploads\\\/2026\\\/02\\\/Rullo-85x80-85-Poliuretano-20F-Linde-0009903524-Compatibile.jpg\",\"datePublished\":\"2026-02-06T11:03:19+00:00\",\"dateModified\":\"2026-04-10T12:18:57+00:00\",\"breadcrumb\":{\"@id\":\"https:\\\/\\\/forkommerce.com\\\/de\\\/produkt\\\/laufrolle-85x80-85-polyurethan-20f-linde-0009903524-kompatibel\\\/#breadcrumb\"},\"inLanguage\":\"de\",\"potentialAction\":[{\"@type\":\"ReadAction\",\"target\":[\"https:\\\/\\\/forkommerce.com\\\/de\\\/produkt\\\/laufrolle-85x80-85-polyurethan-20f-linde-0009903524-kompatibel\\\/\"]}]},{\"@type\":\"ImageObject\",\"inLanguage\":\"de\",\"@id\":\"https:\\\/\\\/forkommerce.com\\\/de\\\/produkt\\\/laufrolle-85x80-85-polyurethan-20f-linde-0009903524-kompatibel\\\/#primaryimage\",\"url\":\"https:\\\/\\\/forkommerce.com\\\/wp-content\\\/uploads\\\/2026\\\/02\\\/Rullo-85x80-85-Poliuretano-20F-Linde-0009903524-Compatibile.jpg\",\"contentUrl\":\"https:\\\/\\\/forkommerce.com\\\/wp-content\\\/uploads\\\/2026\\\/02\\\/Rullo-85x80-85-Poliuretano-20F-Linde-0009903524-Compatibile.jpg\",\"width\":333,\"height\":358,\"caption\":\"Laufrolle 85x80 85 Polyurethan 20F Linde 0009903524 (Kompatibel)\"},{\"@type\":\"BreadcrumbList\",\"@id\":\"https:\\\/\\\/forkommerce.com\\\/de\\\/produkt\\\/laufrolle-85x80-85-polyurethan-20f-linde-0009903524-kompatibel\\\/#breadcrumb\",\"itemListElement\":[{\"@type\":\"ListItem\",\"position\":1,\"name\":\"Home\",\"item\":\"https:\\\/\\\/forkommerce.com\\\/de\\\/\"},{\"@type\":\"ListItem\",\"position\":2,\"name\":\"Shop\",\"item\":\"https:\\\/\\\/forkommerce.com\\\/it\\\/negozio\\\/\"},{\"@type\":\"ListItem\",\"position\":3,\"name\":\"Laufrolle 85&#215;80\\\/85 Polyurethan 20F Linde 0009903524 (Kompatibel)\"}]},{\"@type\":\"WebSite\",\"@id\":\"https:\\\/\\\/forkommerce.com\\\/it\\\/#website\",\"url\":\"https:\\\/\\\/forkommerce.com\\\/it\\\/\",\"name\":\"Forkommerce Spare Parts\",\"description\":\"Ricambi originali e compatibili per carrelli elevatori e transpallet\",\"publisher\":{\"@id\":\"https:\\\/\\\/forkommerce.com\\\/it\\\/#organization\"},\"alternateName\":\"Forkommerce Spare Parts\",\"potentialAction\":[{\"@type\":\"SearchAction\",\"target\":{\"@type\":\"EntryPoint\",\"urlTemplate\":\"https:\\\/\\\/forkommerce.com\\\/it\\\/?s={search_term_string}\"},\"query-input\":{\"@type\":\"PropertyValueSpecification\",\"valueRequired\":true,\"valueName\":\"search_term_string\"}}],\"inLanguage\":\"de\"},{\"@type\":\"Organization\",\"@id\":\"https:\\\/\\\/forkommerce.com\\\/it\\\/#organization\",\"name\":\"Forkommerce Spare Parts\",\"url\":\"https:\\\/\\\/forkommerce.com\\\/it\\\/\",\"logo\":{\"@type\":\"ImageObject\",\"inLanguage\":\"de\",\"@id\":\"https:\\\/\\\/forkommerce.com\\\/it\\\/#\\\/schema\\\/logo\\\/image\\\/\",\"url\":\"https:\\\/\\\/forkommerce.com\\\/wp-content\\\/uploads\\\/2025\\\/09\\\/Logo-Forkommercex2.png\",\"contentUrl\":\"https:\\\/\\\/forkommerce.com\\\/wp-content\\\/uploads\\\/2025\\\/09\\\/Logo-Forkommercex2.png\",\"width\":470,\"height\":120,\"caption\":\"Forkommerce Spare Parts\"},\"image\":{\"@id\":\"https:\\\/\\\/forkommerce.com\\\/it\\\/#\\\/schema\\\/logo\\\/image\\\/\"}}]}<\/script>\n<!-- \/ Yoast SEO plugin. -->","yoast_head_json":{"title":"Laufrolle 85x80\/85 Polyurethan 20F Linde 0009903524 (Kompatibel) | Forkommerce Spare Parts","robots":{"index":"index","follow":"follow","max-snippet":"max-snippet:-1","max-image-preview":"max-image-preview:large","max-video-preview":"max-video-preview:-1"},"canonical":"https:\/\/forkommerce.com\/de\/produkt\/laufrolle-85x80-85-polyurethan-20f-linde-0009903524-kompatibel\/","og_locale":"de_DE","og_type":"article","og_title":"Laufrolle 85x80\/85 Polyurethan 20F Linde 0009903524 (Kompatibel) | Forkommerce Spare Parts","og_description":"Laufrolle 85x80\/85 Polyurethan 20F Linde 0009903524 (Kompatibel)","og_url":"https:\/\/forkommerce.com\/de\/produkt\/laufrolle-85x80-85-polyurethan-20f-linde-0009903524-kompatibel\/","og_site_name":"Forkommerce Spare Parts","article_modified_time":"2026-04-10T12:18:57+00:00","og_image":[{"width":333,"height":358,"url":"https:\/\/forkommerce.com\/wp-content\/uploads\/2026\/02\/Rullo-85x80-85-Poliuretano-20F-Linde-0009903524-Compatibile.jpg","type":"image\/jpeg"}],"twitter_card":"summary_large_image","twitter_misc":{"Gesch\u00e4tzte Lesezeit":"1\u00a0Minute"},"schema":{"@context":"https:\/\/schema.org","@graph":[{"@type":"WebPage","@id":"https:\/\/forkommerce.com\/de\/produkt\/laufrolle-85x80-85-polyurethan-20f-linde-0009903524-kompatibel\/","url":"https:\/\/forkommerce.com\/de\/produkt\/laufrolle-85x80-85-polyurethan-20f-linde-0009903524-kompatibel\/","name":"Laufrolle 85x80\/85 Polyurethan 20F Linde 0009903524 (Kompatibel) | Forkommerce Spare Parts","isPartOf":{"@id":"https:\/\/forkommerce.com\/it\/#website"},"primaryImageOfPage":{"@id":"https:\/\/forkommerce.com\/de\/produkt\/laufrolle-85x80-85-polyurethan-20f-linde-0009903524-kompatibel\/#primaryimage"},"image":{"@id":"https:\/\/forkommerce.com\/de\/produkt\/laufrolle-85x80-85-polyurethan-20f-linde-0009903524-kompatibel\/#primaryimage"},"thumbnailUrl":"https:\/\/forkommerce.com\/wp-content\/uploads\/2026\/02\/Rullo-85x80-85-Poliuretano-20F-Linde-0009903524-Compatibile.jpg","datePublished":"2026-02-06T11:03:19+00:00","dateModified":"2026-04-10T12:18:57+00:00","breadcrumb":{"@id":"https:\/\/forkommerce.com\/de\/produkt\/laufrolle-85x80-85-polyurethan-20f-linde-0009903524-kompatibel\/#breadcrumb"},"inLanguage":"de","potentialAction":[{"@type":"ReadAction","target":["https:\/\/forkommerce.com\/de\/produkt\/laufrolle-85x80-85-polyurethan-20f-linde-0009903524-kompatibel\/"]}]},{"@type":"ImageObject","inLanguage":"de","@id":"https:\/\/forkommerce.com\/de\/produkt\/laufrolle-85x80-85-polyurethan-20f-linde-0009903524-kompatibel\/#primaryimage","url":"https:\/\/forkommerce.com\/wp-content\/uploads\/2026\/02\/Rullo-85x80-85-Poliuretano-20F-Linde-0009903524-Compatibile.jpg","contentUrl":"https:\/\/forkommerce.com\/wp-content\/uploads\/2026\/02\/Rullo-85x80-85-Poliuretano-20F-Linde-0009903524-Compatibile.jpg","width":333,"height":358,"caption":"Laufrolle 85x80 85 Polyurethan 20F Linde 0009903524 (Kompatibel)"},{"@type":"BreadcrumbList","@id":"https:\/\/forkommerce.com\/de\/produkt\/laufrolle-85x80-85-polyurethan-20f-linde-0009903524-kompatibel\/#breadcrumb","itemListElement":[{"@type":"ListItem","position":1,"name":"Home","item":"https:\/\/forkommerce.com\/de\/"},{"@type":"ListItem","position":2,"name":"Shop","item":"https:\/\/forkommerce.com\/it\/negozio\/"},{"@type":"ListItem","position":3,"name":"Laufrolle 85&#215;80\/85 Polyurethan 20F Linde 0009903524 (Kompatibel)"}]},{"@type":"WebSite","@id":"https:\/\/forkommerce.com\/it\/#website","url":"https:\/\/forkommerce.com\/it\/","name":"Forkommerce Spare Parts","description":"Ricambi originali e compatibili per carrelli elevatori e transpallet","publisher":{"@id":"https:\/\/forkommerce.com\/it\/#organization"},"alternateName":"Forkommerce Spare Parts","potentialAction":[{"@type":"SearchAction","target":{"@type":"EntryPoint","urlTemplate":"https:\/\/forkommerce.com\/it\/?s={search_term_string}"},"query-input":{"@type":"PropertyValueSpecification","valueRequired":true,"valueName":"search_term_string"}}],"inLanguage":"de"},{"@type":"Organization","@id":"https:\/\/forkommerce.com\/it\/#organization","name":"Forkommerce Spare Parts","url":"https:\/\/forkommerce.com\/it\/","logo":{"@type":"ImageObject","inLanguage":"de","@id":"https:\/\/forkommerce.com\/it\/#\/schema\/logo\/image\/","url":"https:\/\/forkommerce.com\/wp-content\/uploads\/2025\/09\/Logo-Forkommercex2.png","contentUrl":"https:\/\/forkommerce.com\/wp-content\/uploads\/2025\/09\/Logo-Forkommercex2.png","width":470,"height":120,"caption":"Forkommerce Spare Parts"},"image":{"@id":"https:\/\/forkommerce.com\/it\/#\/schema\/logo\/image\/"}}]}},"_links":{"self":[{"href":"https:\/\/forkommerce.com\/de\/wp-json\/wp\/v2\/product\/2835","targetHints":{"allow":["GET"]}}],"collection":[{"href":"https:\/\/forkommerce.com\/de\/wp-json\/wp\/v2\/product"}],"about":[{"href":"https:\/\/forkommerce.com\/de\/wp-json\/wp\/v2\/types\/product"}],"wp:featuredmedia":[{"embeddable":true,"href":"https:\/\/forkommerce.com\/de\/wp-json\/wp\/v2\/media\/2836"}],"wp:attachment":[{"href":"https:\/\/forkommerce.com\/de\/wp-json\/wp\/v2\/media?parent=2835"}],"wp:term":[{"taxonomy":"product_brand","embeddable":true,"href":"https:\/\/forkommerce.com\/de\/wp-json\/wp\/v2\/product_brand?post=2835"},{"taxonomy":"product_cat","embeddable":true,"href":"https:\/\/forkommerce.com\/de\/wp-json\/wp\/v2\/product_cat?post=2835"},{"taxonomy":"product_tag","embeddable":true,"href":"https:\/\/forkommerce.com\/de\/wp-json\/wp\/v2\/product_tag?post=2835"}],"curies":[{"name":"wp","href":"https:\/\/api.w.org\/{rel}","templated":true}]}}