{"id":2865,"date":"2026-02-04T09:00:05","date_gmt":"2026-02-04T08:00:05","guid":{"rendered":"https:\/\/forkommerce.com\/prodotto\/bolzen-mit-splinten-bl846\/"},"modified":"2026-04-11T10:38:39","modified_gmt":"2026-04-11T08:38:39","slug":"bolzen-mit-splinten-bl846","status":"publish","type":"product","link":"https:\/\/forkommerce.com\/de\/produkt\/bolzen-mit-splinten-bl846\/","title":{"rendered":"Bolzen mit Splinten BL846"},"content":{"rendered":"<p data-start=\"174\" data-end=\"558\"><strong>Gabelkopf-Verbindung <em>clevis<\/em> mit Splintloch, spezifisch f\u00fcr Flyerketten BL846 (ANSI\/ISO 1\u2033 Teilung, Kombination 4\u00d76).<\/strong><\/p>\n<p data-start=\"174\" data-end=\"558\">Der <strong data-start=\"177\" data-end=\"206\">Splintbolzen BL846<\/strong> ist ein Befestigungselement f\u00fcr Flyerketten der Serie BL846, die h\u00e4ufig in Hubsystemen und Hubger\u00fcsten von Gabelstaplern eingesetzt werden.<\/p>\n<p data-start=\"174\" data-end=\"558\">Dieser Bolzen erm\u00f6glicht die sichere Verbindung von Kettenliedern oder mechanischen Anschl\u00fcssen und gew\u00e4hrleistet Stabilit\u00e4t sowie Zuverl\u00e4ssigkeit auch unter schweren Betriebsbedingungen.<\/p>\n<p data-start=\"560\" data-end=\"779\">Gefertigt aus hochfestem Stahl, verf\u00fcgt der Bolzen \u00fcber eine Querbohrung f\u00fcr Splinte, die eine Arretierung mittels Sicherungssplinten erm\u00f6glicht und ein versehentliches Herausrutschen w\u00e4hrend des Betriebs verhindert.<\/p>\n<p data-start=\"781\" data-end=\"1191\">Dank seiner Ma\u00dfgenauigkeit und Kompatibilit\u00e4t mit Standardketten nach ANSI \/ ISO Typ BL ist er ideal f\u00fcr Wartung, industrielle Ersatzteile und Materialflussanwendungen. BL-Ketten werden aufgrund ihrer hohen Zugfestigkeit h\u00e4ufig in Gabelstaplern, Hebeanlagen und Industriemaschinen verwendet. <\/p>\n<h4 data-section-id=\"1ti5jzm\" data-start=\"1198\" data-end=\"1226\">Hauptmerkmale:<\/h4>\n<p data-start=\"1339\" data-end=\"1378\">Material: Kohlenstoffstahl f\u00fcr industrielle Hebe- und F\u00f6rderanwendungen.<\/p>\n<p data-start=\"1381\" data-end=\"1427\">Befestigungssystem: Sicherungssplint<\/p>\n<p data-start=\"1430\" data-end=\"1476\">Hohe Verschlei\u00df- und Zugfestigkeit<\/p>\n<p data-start=\"1479\" data-end=\"1537\">Ideal f\u00fcr Wartung und Austausch von Kettenkomponenten<\/p>\n<p data-start=\"1540\" data-end=\"1606\">Einsatz in industriellen Hub- und F\u00f6rdersystemen<\/p>\n<p><strong>Kompatibel mit Bolzen-\u00d8 ca. 9,5 mm und hohen, dicken Laschen f\u00fcr schwere Eins\u00e4tze.<\/strong><\/p>\n<p>&nbsp;<\/p>\n","protected":false},"excerpt":{"rendered":"<p>Bolzen mit Splinten BL846<\/p>\n","protected":false},"featured_media":2866,"template":"","meta":[],"product_brand":[],"product_cat":[206],"product_tag":[],"class_list":{"0":"post-2865","1":"product","2":"type-product","3":"status-publish","4":"has-post-thumbnail","6":"product_cat-kettenbolzen","8":"first","9":"instock","10":"taxable","11":"shipping-taxable","12":"purchasable","13":"product-type-simple"},"yoast_head":"<!-- This site is optimized with the Yoast SEO plugin v27.3 - https:\/\/yoast.com\/product\/yoast-seo-wordpress\/ -->\n<title>Bolzen mit Splinten BL846 | Forkommerce Spare Parts<\/title>\n<meta name=\"robots\" content=\"index, follow, max-snippet:-1, max-image-preview:large, max-video-preview:-1\" \/>\n<link rel=\"canonical\" href=\"https:\/\/forkommerce.com\/de\/produkt\/bolzen-mit-splinten-bl846\/\" \/>\n<meta property=\"og:locale\" content=\"de_DE\" \/>\n<meta property=\"og:type\" content=\"article\" \/>\n<meta property=\"og:title\" content=\"Bolzen mit Splinten BL846 | Forkommerce Spare Parts\" \/>\n<meta property=\"og:description\" content=\"Bolzen mit Splinten BL846\" \/>\n<meta property=\"og:url\" content=\"https:\/\/forkommerce.com\/de\/produkt\/bolzen-mit-splinten-bl846\/\" \/>\n<meta property=\"og:site_name\" content=\"Forkommerce Spare Parts\" \/>\n<meta property=\"article:modified_time\" content=\"2026-04-11T08:38:39+00:00\" \/>\n<meta property=\"og:image\" content=\"https:\/\/forkommerce.com\/wp-content\/uploads\/2026\/02\/Perno-con-coppiglie-BL846.jpeg\" \/>\n\t<meta property=\"og:image:width\" content=\"671\" \/>\n\t<meta property=\"og:image:height\" content=\"648\" \/>\n\t<meta property=\"og:image:type\" content=\"image\/jpeg\" \/>\n<meta name=\"twitter:card\" content=\"summary_large_image\" \/>\n<meta name=\"twitter:label1\" content=\"Gesch\u00e4tzte Lesezeit\" \/>\n\t<meta name=\"twitter:data1\" content=\"1\u00a0Minute\" \/>\n<script type=\"application\/ld+json\" class=\"yoast-schema-graph\">{\"@context\":\"https:\\\/\\\/schema.org\",\"@graph\":[{\"@type\":\"WebPage\",\"@id\":\"https:\\\/\\\/forkommerce.com\\\/de\\\/produkt\\\/bolzen-mit-splinten-bl846\\\/\",\"url\":\"https:\\\/\\\/forkommerce.com\\\/de\\\/produkt\\\/bolzen-mit-splinten-bl846\\\/\",\"name\":\"Bolzen mit Splinten BL846 | Forkommerce Spare Parts\",\"isPartOf\":{\"@id\":\"https:\\\/\\\/forkommerce.com\\\/it\\\/#website\"},\"primaryImageOfPage\":{\"@id\":\"https:\\\/\\\/forkommerce.com\\\/de\\\/produkt\\\/bolzen-mit-splinten-bl846\\\/#primaryimage\"},\"image\":{\"@id\":\"https:\\\/\\\/forkommerce.com\\\/de\\\/produkt\\\/bolzen-mit-splinten-bl846\\\/#primaryimage\"},\"thumbnailUrl\":\"https:\\\/\\\/forkommerce.com\\\/wp-content\\\/uploads\\\/2026\\\/02\\\/Perno-con-coppiglie-BL846.jpeg\",\"datePublished\":\"2026-02-04T08:00:05+00:00\",\"dateModified\":\"2026-04-11T08:38:39+00:00\",\"breadcrumb\":{\"@id\":\"https:\\\/\\\/forkommerce.com\\\/de\\\/produkt\\\/bolzen-mit-splinten-bl846\\\/#breadcrumb\"},\"inLanguage\":\"de\",\"potentialAction\":[{\"@type\":\"ReadAction\",\"target\":[\"https:\\\/\\\/forkommerce.com\\\/de\\\/produkt\\\/bolzen-mit-splinten-bl846\\\/\"]}]},{\"@type\":\"ImageObject\",\"inLanguage\":\"de\",\"@id\":\"https:\\\/\\\/forkommerce.com\\\/de\\\/produkt\\\/bolzen-mit-splinten-bl846\\\/#primaryimage\",\"url\":\"https:\\\/\\\/forkommerce.com\\\/wp-content\\\/uploads\\\/2026\\\/02\\\/Perno-con-coppiglie-BL846.jpeg\",\"contentUrl\":\"https:\\\/\\\/forkommerce.com\\\/wp-content\\\/uploads\\\/2026\\\/02\\\/Perno-con-coppiglie-BL846.jpeg\",\"width\":671,\"height\":648,\"caption\":\"Bolzen mit Splinten BL846\"},{\"@type\":\"BreadcrumbList\",\"@id\":\"https:\\\/\\\/forkommerce.com\\\/de\\\/produkt\\\/bolzen-mit-splinten-bl846\\\/#breadcrumb\",\"itemListElement\":[{\"@type\":\"ListItem\",\"position\":1,\"name\":\"Home\",\"item\":\"https:\\\/\\\/forkommerce.com\\\/de\\\/\"},{\"@type\":\"ListItem\",\"position\":2,\"name\":\"Shop\",\"item\":\"https:\\\/\\\/forkommerce.com\\\/it\\\/negozio\\\/\"},{\"@type\":\"ListItem\",\"position\":3,\"name\":\"Bolzen mit Splinten BL846\"}]},{\"@type\":\"WebSite\",\"@id\":\"https:\\\/\\\/forkommerce.com\\\/it\\\/#website\",\"url\":\"https:\\\/\\\/forkommerce.com\\\/it\\\/\",\"name\":\"Forkommerce Spare Parts\",\"description\":\"Ricambi originali e compatibili per carrelli elevatori e transpallet\",\"publisher\":{\"@id\":\"https:\\\/\\\/forkommerce.com\\\/it\\\/#organization\"},\"alternateName\":\"Forkommerce Spare Parts\",\"potentialAction\":[{\"@type\":\"SearchAction\",\"target\":{\"@type\":\"EntryPoint\",\"urlTemplate\":\"https:\\\/\\\/forkommerce.com\\\/it\\\/?s={search_term_string}\"},\"query-input\":{\"@type\":\"PropertyValueSpecification\",\"valueRequired\":true,\"valueName\":\"search_term_string\"}}],\"inLanguage\":\"de\"},{\"@type\":\"Organization\",\"@id\":\"https:\\\/\\\/forkommerce.com\\\/it\\\/#organization\",\"name\":\"Forkommerce Spare Parts\",\"url\":\"https:\\\/\\\/forkommerce.com\\\/it\\\/\",\"logo\":{\"@type\":\"ImageObject\",\"inLanguage\":\"de\",\"@id\":\"https:\\\/\\\/forkommerce.com\\\/it\\\/#\\\/schema\\\/logo\\\/image\\\/\",\"url\":\"https:\\\/\\\/forkommerce.com\\\/wp-content\\\/uploads\\\/2025\\\/09\\\/Logo-Forkommercex2.png\",\"contentUrl\":\"https:\\\/\\\/forkommerce.com\\\/wp-content\\\/uploads\\\/2025\\\/09\\\/Logo-Forkommercex2.png\",\"width\":470,\"height\":120,\"caption\":\"Forkommerce Spare Parts\"},\"image\":{\"@id\":\"https:\\\/\\\/forkommerce.com\\\/it\\\/#\\\/schema\\\/logo\\\/image\\\/\"}}]}<\/script>\n<!-- \/ Yoast SEO plugin. -->","yoast_head_json":{"title":"Bolzen mit Splinten BL846 | Forkommerce Spare Parts","robots":{"index":"index","follow":"follow","max-snippet":"max-snippet:-1","max-image-preview":"max-image-preview:large","max-video-preview":"max-video-preview:-1"},"canonical":"https:\/\/forkommerce.com\/de\/produkt\/bolzen-mit-splinten-bl846\/","og_locale":"de_DE","og_type":"article","og_title":"Bolzen mit Splinten BL846 | Forkommerce Spare Parts","og_description":"Bolzen mit Splinten BL846","og_url":"https:\/\/forkommerce.com\/de\/produkt\/bolzen-mit-splinten-bl846\/","og_site_name":"Forkommerce Spare Parts","article_modified_time":"2026-04-11T08:38:39+00:00","og_image":[{"width":671,"height":648,"url":"https:\/\/forkommerce.com\/wp-content\/uploads\/2026\/02\/Perno-con-coppiglie-BL846.jpeg","type":"image\/jpeg"}],"twitter_card":"summary_large_image","twitter_misc":{"Gesch\u00e4tzte Lesezeit":"1\u00a0Minute"},"schema":{"@context":"https:\/\/schema.org","@graph":[{"@type":"WebPage","@id":"https:\/\/forkommerce.com\/de\/produkt\/bolzen-mit-splinten-bl846\/","url":"https:\/\/forkommerce.com\/de\/produkt\/bolzen-mit-splinten-bl846\/","name":"Bolzen mit Splinten BL846 | Forkommerce Spare Parts","isPartOf":{"@id":"https:\/\/forkommerce.com\/it\/#website"},"primaryImageOfPage":{"@id":"https:\/\/forkommerce.com\/de\/produkt\/bolzen-mit-splinten-bl846\/#primaryimage"},"image":{"@id":"https:\/\/forkommerce.com\/de\/produkt\/bolzen-mit-splinten-bl846\/#primaryimage"},"thumbnailUrl":"https:\/\/forkommerce.com\/wp-content\/uploads\/2026\/02\/Perno-con-coppiglie-BL846.jpeg","datePublished":"2026-02-04T08:00:05+00:00","dateModified":"2026-04-11T08:38:39+00:00","breadcrumb":{"@id":"https:\/\/forkommerce.com\/de\/produkt\/bolzen-mit-splinten-bl846\/#breadcrumb"},"inLanguage":"de","potentialAction":[{"@type":"ReadAction","target":["https:\/\/forkommerce.com\/de\/produkt\/bolzen-mit-splinten-bl846\/"]}]},{"@type":"ImageObject","inLanguage":"de","@id":"https:\/\/forkommerce.com\/de\/produkt\/bolzen-mit-splinten-bl846\/#primaryimage","url":"https:\/\/forkommerce.com\/wp-content\/uploads\/2026\/02\/Perno-con-coppiglie-BL846.jpeg","contentUrl":"https:\/\/forkommerce.com\/wp-content\/uploads\/2026\/02\/Perno-con-coppiglie-BL846.jpeg","width":671,"height":648,"caption":"Bolzen mit Splinten BL846"},{"@type":"BreadcrumbList","@id":"https:\/\/forkommerce.com\/de\/produkt\/bolzen-mit-splinten-bl846\/#breadcrumb","itemListElement":[{"@type":"ListItem","position":1,"name":"Home","item":"https:\/\/forkommerce.com\/de\/"},{"@type":"ListItem","position":2,"name":"Shop","item":"https:\/\/forkommerce.com\/it\/negozio\/"},{"@type":"ListItem","position":3,"name":"Bolzen mit Splinten BL846"}]},{"@type":"WebSite","@id":"https:\/\/forkommerce.com\/it\/#website","url":"https:\/\/forkommerce.com\/it\/","name":"Forkommerce Spare Parts","description":"Ricambi originali e compatibili per carrelli elevatori e transpallet","publisher":{"@id":"https:\/\/forkommerce.com\/it\/#organization"},"alternateName":"Forkommerce Spare Parts","potentialAction":[{"@type":"SearchAction","target":{"@type":"EntryPoint","urlTemplate":"https:\/\/forkommerce.com\/it\/?s={search_term_string}"},"query-input":{"@type":"PropertyValueSpecification","valueRequired":true,"valueName":"search_term_string"}}],"inLanguage":"de"},{"@type":"Organization","@id":"https:\/\/forkommerce.com\/it\/#organization","name":"Forkommerce Spare Parts","url":"https:\/\/forkommerce.com\/it\/","logo":{"@type":"ImageObject","inLanguage":"de","@id":"https:\/\/forkommerce.com\/it\/#\/schema\/logo\/image\/","url":"https:\/\/forkommerce.com\/wp-content\/uploads\/2025\/09\/Logo-Forkommercex2.png","contentUrl":"https:\/\/forkommerce.com\/wp-content\/uploads\/2025\/09\/Logo-Forkommercex2.png","width":470,"height":120,"caption":"Forkommerce Spare Parts"},"image":{"@id":"https:\/\/forkommerce.com\/it\/#\/schema\/logo\/image\/"}}]}},"_links":{"self":[{"href":"https:\/\/forkommerce.com\/de\/wp-json\/wp\/v2\/product\/2865","targetHints":{"allow":["GET"]}}],"collection":[{"href":"https:\/\/forkommerce.com\/de\/wp-json\/wp\/v2\/product"}],"about":[{"href":"https:\/\/forkommerce.com\/de\/wp-json\/wp\/v2\/types\/product"}],"wp:featuredmedia":[{"embeddable":true,"href":"https:\/\/forkommerce.com\/de\/wp-json\/wp\/v2\/media\/2866"}],"wp:attachment":[{"href":"https:\/\/forkommerce.com\/de\/wp-json\/wp\/v2\/media?parent=2865"}],"wp:term":[{"taxonomy":"product_brand","embeddable":true,"href":"https:\/\/forkommerce.com\/de\/wp-json\/wp\/v2\/product_brand?post=2865"},{"taxonomy":"product_cat","embeddable":true,"href":"https:\/\/forkommerce.com\/de\/wp-json\/wp\/v2\/product_cat?post=2865"},{"taxonomy":"product_tag","embeddable":true,"href":"https:\/\/forkommerce.com\/de\/wp-json\/wp\/v2\/product_tag?post=2865"}],"curies":[{"name":"wp","href":"https:\/\/api.w.org\/{rel}","templated":true}]}}