{"id":2875,"date":"2026-02-04T08:51:35","date_gmt":"2026-02-04T07:51:35","guid":{"rendered":"https:\/\/forkommerce.com\/prodotto\/bolzen-mit-splinten-bl844\/"},"modified":"2026-04-11T10:39:35","modified_gmt":"2026-04-11T08:39:35","slug":"bolzen-mit-splinten-bl844","status":"publish","type":"product","link":"https:\/\/forkommerce.com\/de\/produkt\/bolzen-mit-splinten-bl844\/","title":{"rendered":"Bolzen mit Splinten BL844"},"content":{"rendered":"<p data-start=\"30\" data-end=\"277\"><strong>Gabelst\u00fcck-Verbindung <em>clevis<\/em> mit Bolzen und Vorbereitung f\u00fcr Splint, speziell entwickelt f\u00fcr BL844-Flyerketten (4\u00d74, 1\u2033 Teilung).<\/strong><\/p>\n<p data-start=\"30\" data-end=\"277\">Der <strong data-start=\"33\" data-end=\"62\">Bolzen mit Splinten BL844<\/strong> ist ein Befestigungselement f\u00fcr die sichere Verbindung und Arretierung von Flyerketten der Serie BL844, die haupts\u00e4chlich in Hubsystemen und Hubger\u00fcsten von Gabelstaplern eingesetzt werden.<\/p>\n<p data-start=\"279\" data-end=\"474\">Dieser Bolzen erm\u00f6glicht das Verbinden von Kettengliedern oder mechanischen Elementen und garantiert Stabilit\u00e4t, Sicherheit und Zugfestigkeit auch bei intensiven industriellen Anwendungen.<\/p>\n<p data-start=\"476\" data-end=\"799\">Er ist aus hochfestem Stahl gefertigt und verf\u00fcgt \u00fcber eine Querbohrung zum Einsetzen des Sicherungssplints, der ein versehentliches Herausrutschen des Bolzens w\u00e4hrend des Betriebs verhindert.<\/p>\n<p data-start=\"476\" data-end=\"799\">Die robuste Bauweise und pr\u00e4zise Verarbeitung gew\u00e4hrleisten eine lange Lebensdauer und Zuverl\u00e4ssigkeit auch unter schweren Arbeitsbedingungen.<\/p>\n<p data-start=\"801\" data-end=\"1005\">Er eignet sich besonders f\u00fcr die Wartung, den Austausch und die Montage von BL-Industrieketten in Materialflusssystemen, Hebeanlagen und Industriemaschinen.<\/p>\n<p>Gefertigt aus hochfestem Stahl, mit Bolzen-\u00d8 9,53 mm und Laschen, die mit der Kettenbreite kompatibel sind.<\/p>\n<h4 data-section-id=\"1ti5jzm\" data-start=\"1012\" data-end=\"1040\">Hauptmerkmale:<\/h4>\n<p data-start=\"1195\" data-end=\"1242\">Verriegelungssystem: Sicherungssplint.<\/p>\n<p data-start=\"1245\" data-end=\"1291\">Hohe Zugfestigkeit und Verschlei\u00dffestigkeit.<\/p>\n<p data-start=\"1294\" data-end=\"1341\">Ideal zum Verbinden von Industriekettenenden oder zum Befestigen von Ketten an Halterungen\/Gabeln in Hebe- und F\u00f6rderanwendungen.<\/p>\n<p data-start=\"1344\" data-end=\"1395\">Geeignet f\u00fcr Hebe- und F\u00f6rdersysteme.<\/p>\n","protected":false},"excerpt":{"rendered":"<p>Bolzen mit Splinten BL844<\/p>\n","protected":false},"featured_media":2876,"template":"","meta":[],"product_brand":[],"product_cat":[206],"product_tag":[],"class_list":{"0":"post-2875","1":"product","2":"type-product","3":"status-publish","4":"has-post-thumbnail","6":"product_cat-kettenbolzen","8":"first","9":"instock","10":"taxable","11":"shipping-taxable","12":"purchasable","13":"product-type-simple"},"yoast_head":"<!-- This site is optimized with the Yoast SEO plugin v27.3 - https:\/\/yoast.com\/product\/yoast-seo-wordpress\/ -->\n<title>Bolzen mit Splinten BL844 | Forkommerce Spare Parts<\/title>\n<meta name=\"robots\" content=\"index, follow, max-snippet:-1, max-image-preview:large, max-video-preview:-1\" \/>\n<link rel=\"canonical\" href=\"https:\/\/forkommerce.com\/de\/produkt\/bolzen-mit-splinten-bl844\/\" \/>\n<meta property=\"og:locale\" content=\"de_DE\" \/>\n<meta property=\"og:type\" content=\"article\" \/>\n<meta property=\"og:title\" content=\"Bolzen mit Splinten BL844 | Forkommerce Spare Parts\" \/>\n<meta property=\"og:description\" content=\"Bolzen mit Splinten BL844\" \/>\n<meta property=\"og:url\" content=\"https:\/\/forkommerce.com\/de\/produkt\/bolzen-mit-splinten-bl844\/\" \/>\n<meta property=\"og:site_name\" content=\"Forkommerce Spare Parts\" \/>\n<meta property=\"article:modified_time\" content=\"2026-04-11T08:39:35+00:00\" \/>\n<meta property=\"og:image\" content=\"https:\/\/forkommerce.com\/wp-content\/uploads\/2026\/02\/Perno-con-coppiglie-BL844.jpeg\" \/>\n\t<meta property=\"og:image:width\" content=\"692\" \/>\n\t<meta property=\"og:image:height\" content=\"664\" \/>\n\t<meta property=\"og:image:type\" content=\"image\/jpeg\" \/>\n<meta name=\"twitter:card\" content=\"summary_large_image\" \/>\n<meta name=\"twitter:label1\" content=\"Gesch\u00e4tzte Lesezeit\" \/>\n\t<meta name=\"twitter:data1\" content=\"1\u00a0Minute\" \/>\n<script type=\"application\/ld+json\" class=\"yoast-schema-graph\">{\"@context\":\"https:\\\/\\\/schema.org\",\"@graph\":[{\"@type\":\"WebPage\",\"@id\":\"https:\\\/\\\/forkommerce.com\\\/de\\\/produkt\\\/bolzen-mit-splinten-bl844\\\/\",\"url\":\"https:\\\/\\\/forkommerce.com\\\/de\\\/produkt\\\/bolzen-mit-splinten-bl844\\\/\",\"name\":\"Bolzen mit Splinten BL844 | Forkommerce Spare Parts\",\"isPartOf\":{\"@id\":\"https:\\\/\\\/forkommerce.com\\\/it\\\/#website\"},\"primaryImageOfPage\":{\"@id\":\"https:\\\/\\\/forkommerce.com\\\/de\\\/produkt\\\/bolzen-mit-splinten-bl844\\\/#primaryimage\"},\"image\":{\"@id\":\"https:\\\/\\\/forkommerce.com\\\/de\\\/produkt\\\/bolzen-mit-splinten-bl844\\\/#primaryimage\"},\"thumbnailUrl\":\"https:\\\/\\\/forkommerce.com\\\/wp-content\\\/uploads\\\/2026\\\/02\\\/Perno-con-coppiglie-BL844.jpeg\",\"datePublished\":\"2026-02-04T07:51:35+00:00\",\"dateModified\":\"2026-04-11T08:39:35+00:00\",\"breadcrumb\":{\"@id\":\"https:\\\/\\\/forkommerce.com\\\/de\\\/produkt\\\/bolzen-mit-splinten-bl844\\\/#breadcrumb\"},\"inLanguage\":\"de\",\"potentialAction\":[{\"@type\":\"ReadAction\",\"target\":[\"https:\\\/\\\/forkommerce.com\\\/de\\\/produkt\\\/bolzen-mit-splinten-bl844\\\/\"]}]},{\"@type\":\"ImageObject\",\"inLanguage\":\"de\",\"@id\":\"https:\\\/\\\/forkommerce.com\\\/de\\\/produkt\\\/bolzen-mit-splinten-bl844\\\/#primaryimage\",\"url\":\"https:\\\/\\\/forkommerce.com\\\/wp-content\\\/uploads\\\/2026\\\/02\\\/Perno-con-coppiglie-BL844.jpeg\",\"contentUrl\":\"https:\\\/\\\/forkommerce.com\\\/wp-content\\\/uploads\\\/2026\\\/02\\\/Perno-con-coppiglie-BL844.jpeg\",\"width\":692,\"height\":664,\"caption\":\"Bolzen mit Splinten BL844\"},{\"@type\":\"BreadcrumbList\",\"@id\":\"https:\\\/\\\/forkommerce.com\\\/de\\\/produkt\\\/bolzen-mit-splinten-bl844\\\/#breadcrumb\",\"itemListElement\":[{\"@type\":\"ListItem\",\"position\":1,\"name\":\"Home\",\"item\":\"https:\\\/\\\/forkommerce.com\\\/de\\\/\"},{\"@type\":\"ListItem\",\"position\":2,\"name\":\"Shop\",\"item\":\"https:\\\/\\\/forkommerce.com\\\/it\\\/negozio\\\/\"},{\"@type\":\"ListItem\",\"position\":3,\"name\":\"Bolzen mit Splinten BL844\"}]},{\"@type\":\"WebSite\",\"@id\":\"https:\\\/\\\/forkommerce.com\\\/it\\\/#website\",\"url\":\"https:\\\/\\\/forkommerce.com\\\/it\\\/\",\"name\":\"Forkommerce Spare Parts\",\"description\":\"Ricambi originali e compatibili per carrelli elevatori e transpallet\",\"publisher\":{\"@id\":\"https:\\\/\\\/forkommerce.com\\\/it\\\/#organization\"},\"alternateName\":\"Forkommerce Spare Parts\",\"potentialAction\":[{\"@type\":\"SearchAction\",\"target\":{\"@type\":\"EntryPoint\",\"urlTemplate\":\"https:\\\/\\\/forkommerce.com\\\/it\\\/?s={search_term_string}\"},\"query-input\":{\"@type\":\"PropertyValueSpecification\",\"valueRequired\":true,\"valueName\":\"search_term_string\"}}],\"inLanguage\":\"de\"},{\"@type\":\"Organization\",\"@id\":\"https:\\\/\\\/forkommerce.com\\\/it\\\/#organization\",\"name\":\"Forkommerce Spare Parts\",\"url\":\"https:\\\/\\\/forkommerce.com\\\/it\\\/\",\"logo\":{\"@type\":\"ImageObject\",\"inLanguage\":\"de\",\"@id\":\"https:\\\/\\\/forkommerce.com\\\/it\\\/#\\\/schema\\\/logo\\\/image\\\/\",\"url\":\"https:\\\/\\\/forkommerce.com\\\/wp-content\\\/uploads\\\/2025\\\/09\\\/Logo-Forkommercex2.png\",\"contentUrl\":\"https:\\\/\\\/forkommerce.com\\\/wp-content\\\/uploads\\\/2025\\\/09\\\/Logo-Forkommercex2.png\",\"width\":470,\"height\":120,\"caption\":\"Forkommerce Spare Parts\"},\"image\":{\"@id\":\"https:\\\/\\\/forkommerce.com\\\/it\\\/#\\\/schema\\\/logo\\\/image\\\/\"}}]}<\/script>\n<!-- \/ Yoast SEO plugin. -->","yoast_head_json":{"title":"Bolzen mit Splinten BL844 | Forkommerce Spare Parts","robots":{"index":"index","follow":"follow","max-snippet":"max-snippet:-1","max-image-preview":"max-image-preview:large","max-video-preview":"max-video-preview:-1"},"canonical":"https:\/\/forkommerce.com\/de\/produkt\/bolzen-mit-splinten-bl844\/","og_locale":"de_DE","og_type":"article","og_title":"Bolzen mit Splinten BL844 | Forkommerce Spare Parts","og_description":"Bolzen mit Splinten BL844","og_url":"https:\/\/forkommerce.com\/de\/produkt\/bolzen-mit-splinten-bl844\/","og_site_name":"Forkommerce Spare Parts","article_modified_time":"2026-04-11T08:39:35+00:00","og_image":[{"width":692,"height":664,"url":"https:\/\/forkommerce.com\/wp-content\/uploads\/2026\/02\/Perno-con-coppiglie-BL844.jpeg","type":"image\/jpeg"}],"twitter_card":"summary_large_image","twitter_misc":{"Gesch\u00e4tzte Lesezeit":"1\u00a0Minute"},"schema":{"@context":"https:\/\/schema.org","@graph":[{"@type":"WebPage","@id":"https:\/\/forkommerce.com\/de\/produkt\/bolzen-mit-splinten-bl844\/","url":"https:\/\/forkommerce.com\/de\/produkt\/bolzen-mit-splinten-bl844\/","name":"Bolzen mit Splinten BL844 | Forkommerce Spare Parts","isPartOf":{"@id":"https:\/\/forkommerce.com\/it\/#website"},"primaryImageOfPage":{"@id":"https:\/\/forkommerce.com\/de\/produkt\/bolzen-mit-splinten-bl844\/#primaryimage"},"image":{"@id":"https:\/\/forkommerce.com\/de\/produkt\/bolzen-mit-splinten-bl844\/#primaryimage"},"thumbnailUrl":"https:\/\/forkommerce.com\/wp-content\/uploads\/2026\/02\/Perno-con-coppiglie-BL844.jpeg","datePublished":"2026-02-04T07:51:35+00:00","dateModified":"2026-04-11T08:39:35+00:00","breadcrumb":{"@id":"https:\/\/forkommerce.com\/de\/produkt\/bolzen-mit-splinten-bl844\/#breadcrumb"},"inLanguage":"de","potentialAction":[{"@type":"ReadAction","target":["https:\/\/forkommerce.com\/de\/produkt\/bolzen-mit-splinten-bl844\/"]}]},{"@type":"ImageObject","inLanguage":"de","@id":"https:\/\/forkommerce.com\/de\/produkt\/bolzen-mit-splinten-bl844\/#primaryimage","url":"https:\/\/forkommerce.com\/wp-content\/uploads\/2026\/02\/Perno-con-coppiglie-BL844.jpeg","contentUrl":"https:\/\/forkommerce.com\/wp-content\/uploads\/2026\/02\/Perno-con-coppiglie-BL844.jpeg","width":692,"height":664,"caption":"Bolzen mit Splinten BL844"},{"@type":"BreadcrumbList","@id":"https:\/\/forkommerce.com\/de\/produkt\/bolzen-mit-splinten-bl844\/#breadcrumb","itemListElement":[{"@type":"ListItem","position":1,"name":"Home","item":"https:\/\/forkommerce.com\/de\/"},{"@type":"ListItem","position":2,"name":"Shop","item":"https:\/\/forkommerce.com\/it\/negozio\/"},{"@type":"ListItem","position":3,"name":"Bolzen mit Splinten BL844"}]},{"@type":"WebSite","@id":"https:\/\/forkommerce.com\/it\/#website","url":"https:\/\/forkommerce.com\/it\/","name":"Forkommerce Spare Parts","description":"Ricambi originali e compatibili per carrelli elevatori e transpallet","publisher":{"@id":"https:\/\/forkommerce.com\/it\/#organization"},"alternateName":"Forkommerce Spare Parts","potentialAction":[{"@type":"SearchAction","target":{"@type":"EntryPoint","urlTemplate":"https:\/\/forkommerce.com\/it\/?s={search_term_string}"},"query-input":{"@type":"PropertyValueSpecification","valueRequired":true,"valueName":"search_term_string"}}],"inLanguage":"de"},{"@type":"Organization","@id":"https:\/\/forkommerce.com\/it\/#organization","name":"Forkommerce Spare Parts","url":"https:\/\/forkommerce.com\/it\/","logo":{"@type":"ImageObject","inLanguage":"de","@id":"https:\/\/forkommerce.com\/it\/#\/schema\/logo\/image\/","url":"https:\/\/forkommerce.com\/wp-content\/uploads\/2025\/09\/Logo-Forkommercex2.png","contentUrl":"https:\/\/forkommerce.com\/wp-content\/uploads\/2025\/09\/Logo-Forkommercex2.png","width":470,"height":120,"caption":"Forkommerce Spare Parts"},"image":{"@id":"https:\/\/forkommerce.com\/it\/#\/schema\/logo\/image\/"}}]}},"_links":{"self":[{"href":"https:\/\/forkommerce.com\/de\/wp-json\/wp\/v2\/product\/2875","targetHints":{"allow":["GET"]}}],"collection":[{"href":"https:\/\/forkommerce.com\/de\/wp-json\/wp\/v2\/product"}],"about":[{"href":"https:\/\/forkommerce.com\/de\/wp-json\/wp\/v2\/types\/product"}],"wp:featuredmedia":[{"embeddable":true,"href":"https:\/\/forkommerce.com\/de\/wp-json\/wp\/v2\/media\/2876"}],"wp:attachment":[{"href":"https:\/\/forkommerce.com\/de\/wp-json\/wp\/v2\/media?parent=2875"}],"wp:term":[{"taxonomy":"product_brand","embeddable":true,"href":"https:\/\/forkommerce.com\/de\/wp-json\/wp\/v2\/product_brand?post=2875"},{"taxonomy":"product_cat","embeddable":true,"href":"https:\/\/forkommerce.com\/de\/wp-json\/wp\/v2\/product_cat?post=2875"},{"taxonomy":"product_tag","embeddable":true,"href":"https:\/\/forkommerce.com\/de\/wp-json\/wp\/v2\/product_tag?post=2875"}],"curies":[{"name":"wp","href":"https:\/\/api.w.org\/{rel}","templated":true}]}}