{"id":2919,"date":"2026-02-04T08:46:31","date_gmt":"2026-02-04T07:46:31","guid":{"rendered":"https:\/\/forkommerce.com\/prodotto\/bolzen-mit-splinten-bl834\/"},"modified":"2026-04-11T10:39:24","modified_gmt":"2026-04-11T08:39:24","slug":"bolzen-mit-splinten-bl834","status":"publish","type":"product","link":"https:\/\/forkommerce.com\/de\/produkt\/bolzen-mit-splinten-bl834\/","title":{"rendered":"Bolzen mit Splinten BL834"},"content":{"rendered":"<p data-start=\"30\" data-end=\"286\"><strong>Universelle <em>Clevis<\/em>-Verbindung f\u00fcr Blattketten der Serie BL834 (ANSI\/ISO).<\/strong><\/p>\n<p data-start=\"30\" data-end=\"286\">Der <strong data-start=\"33\" data-end=\"62\">Bolzen mit Splint BL834<\/strong> ist ein Befestigungselement, das f\u00fcr die sichere Verbindung und Verriegelung von Fleyer-Ketten entwickelt wurde, die \u00fcblicherweise in industriellen Hebesystemen und Hubger\u00fcsten von Gabelstaplern eingesetzt werden.<\/p>\n<p data-start=\"288\" data-end=\"495\">Dieser Bolzen erm\u00f6glicht die Verbindung von Kettengliedern oder mechanischen Elementen und gew\u00e4hrleistet Zuverl\u00e4ssigkeit, Stabilit\u00e4t und Sicherheit auch unter schweren Arbeitsbedingungen und intensiven Nutzungszyklen.<\/p>\n<p data-start=\"497\" data-end=\"833\">Gefertigt aus hochfestem Stahl, ist der Bolzen mit einer Durchgangsbohrung f\u00fcr den Sicherungssplint ausgestattet, der ein versehentliches Herausrutschen w\u00e4hrend des Betriebs verhindert.<\/p>\n<p data-start=\"497\" data-end=\"833\">Die Ma\u00dfgenauigkeit und Robustheit des Materials gew\u00e4hrleisten lange Lebensdauer und hervorragende Leistung in industriellen Anwendungen.<\/p>\n<p data-start=\"835\" data-end=\"1053\">Besonders geeignet f\u00fcr Wartungs-, Austausch- oder Montagearbeiten an BL-Industrieketten, die in Materialhandhabungssystemen, Hebeeinrichtungen und Industriemaschinen eingesetzt werden.<\/p>\n<h4 data-section-id=\"1ti5jzm\" data-start=\"1060\" data-end=\"1088\">Hauptmerkmale:<\/h4>\n<p data-start=\"1201\" data-end=\"1240\">Material: hochfester Stahl.<\/p>\n<p data-start=\"1243\" data-end=\"1289\">Befestigungssystem: Sicherungssplint.<\/p>\n<p data-start=\"1292\" data-end=\"1338\">Hohe Zug- und Verschlei\u00dffestigkeit.<\/p>\n<p data-start=\"1341\" data-end=\"1388\">Ideal f\u00fcr Wartung und Industrieersatzteile.<\/p>\n<p data-start=\"1391\" data-end=\"1442\">Geeignet f\u00fcr Hebe- und Handhabungssysteme.<\/p>\n<p><strong>Bolzen \u00d8 9,53 mm mit Bohrung f\u00fcr Sicherungssplint. <\/strong><\/p>\n<p><strong>Kompatibel mit Teilung 1\u2033 und Innenbreite \u224832,5 mm.<\/strong><\/p>\n","protected":false},"excerpt":{"rendered":"<p>Bolzen mit Splinten BL834<\/p>\n","protected":false},"featured_media":2921,"template":"","meta":[],"product_brand":[],"product_cat":[206],"product_tag":[],"class_list":{"0":"post-2919","1":"product","2":"type-product","3":"status-publish","4":"has-post-thumbnail","6":"product_cat-kettenbolzen","8":"first","9":"instock","10":"taxable","11":"shipping-taxable","12":"purchasable","13":"product-type-simple"},"yoast_head":"<!-- This site is optimized with the Yoast SEO plugin v27.3 - https:\/\/yoast.com\/product\/yoast-seo-wordpress\/ -->\n<title>Bolzen mit Splinten BL834 | Forkommerce Spare Parts<\/title>\n<meta name=\"robots\" content=\"index, follow, max-snippet:-1, max-image-preview:large, max-video-preview:-1\" \/>\n<link rel=\"canonical\" href=\"https:\/\/forkommerce.com\/de\/produkt\/bolzen-mit-splinten-bl834\/\" \/>\n<meta property=\"og:locale\" content=\"de_DE\" \/>\n<meta property=\"og:type\" content=\"article\" \/>\n<meta property=\"og:title\" content=\"Bolzen mit Splinten BL834 | Forkommerce Spare Parts\" \/>\n<meta property=\"og:description\" content=\"Bolzen mit Splinten BL834\" \/>\n<meta property=\"og:url\" content=\"https:\/\/forkommerce.com\/de\/produkt\/bolzen-mit-splinten-bl834\/\" \/>\n<meta property=\"og:site_name\" content=\"Forkommerce Spare Parts\" \/>\n<meta property=\"article:modified_time\" content=\"2026-04-11T08:39:24+00:00\" \/>\n<meta property=\"og:image\" content=\"https:\/\/forkommerce.com\/wp-content\/uploads\/2026\/02\/Perno-con-coppiglie-BL834-.jpeg\" \/>\n\t<meta property=\"og:image:width\" content=\"408\" \/>\n\t<meta property=\"og:image:height\" content=\"647\" \/>\n\t<meta property=\"og:image:type\" content=\"image\/jpeg\" \/>\n<meta name=\"twitter:card\" content=\"summary_large_image\" \/>\n<meta name=\"twitter:label1\" content=\"Gesch\u00e4tzte Lesezeit\" \/>\n\t<meta name=\"twitter:data1\" content=\"1\u00a0Minute\" \/>\n<script type=\"application\/ld+json\" class=\"yoast-schema-graph\">{\"@context\":\"https:\\\/\\\/schema.org\",\"@graph\":[{\"@type\":\"WebPage\",\"@id\":\"https:\\\/\\\/forkommerce.com\\\/de\\\/produkt\\\/bolzen-mit-splinten-bl834\\\/\",\"url\":\"https:\\\/\\\/forkommerce.com\\\/de\\\/produkt\\\/bolzen-mit-splinten-bl834\\\/\",\"name\":\"Bolzen mit Splinten BL834 | Forkommerce Spare Parts\",\"isPartOf\":{\"@id\":\"https:\\\/\\\/forkommerce.com\\\/it\\\/#website\"},\"primaryImageOfPage\":{\"@id\":\"https:\\\/\\\/forkommerce.com\\\/de\\\/produkt\\\/bolzen-mit-splinten-bl834\\\/#primaryimage\"},\"image\":{\"@id\":\"https:\\\/\\\/forkommerce.com\\\/de\\\/produkt\\\/bolzen-mit-splinten-bl834\\\/#primaryimage\"},\"thumbnailUrl\":\"https:\\\/\\\/forkommerce.com\\\/wp-content\\\/uploads\\\/2026\\\/02\\\/Perno-con-coppiglie-BL834-.jpeg\",\"datePublished\":\"2026-02-04T07:46:31+00:00\",\"dateModified\":\"2026-04-11T08:39:24+00:00\",\"breadcrumb\":{\"@id\":\"https:\\\/\\\/forkommerce.com\\\/de\\\/produkt\\\/bolzen-mit-splinten-bl834\\\/#breadcrumb\"},\"inLanguage\":\"de\",\"potentialAction\":[{\"@type\":\"ReadAction\",\"target\":[\"https:\\\/\\\/forkommerce.com\\\/de\\\/produkt\\\/bolzen-mit-splinten-bl834\\\/\"]}]},{\"@type\":\"ImageObject\",\"inLanguage\":\"de\",\"@id\":\"https:\\\/\\\/forkommerce.com\\\/de\\\/produkt\\\/bolzen-mit-splinten-bl834\\\/#primaryimage\",\"url\":\"https:\\\/\\\/forkommerce.com\\\/wp-content\\\/uploads\\\/2026\\\/02\\\/Perno-con-coppiglie-BL834-.jpeg\",\"contentUrl\":\"https:\\\/\\\/forkommerce.com\\\/wp-content\\\/uploads\\\/2026\\\/02\\\/Perno-con-coppiglie-BL834-.jpeg\",\"width\":408,\"height\":647,\"caption\":\"Bolzen mit Splinten BL834\"},{\"@type\":\"BreadcrumbList\",\"@id\":\"https:\\\/\\\/forkommerce.com\\\/de\\\/produkt\\\/bolzen-mit-splinten-bl834\\\/#breadcrumb\",\"itemListElement\":[{\"@type\":\"ListItem\",\"position\":1,\"name\":\"Home\",\"item\":\"https:\\\/\\\/forkommerce.com\\\/de\\\/\"},{\"@type\":\"ListItem\",\"position\":2,\"name\":\"Shop\",\"item\":\"https:\\\/\\\/forkommerce.com\\\/it\\\/negozio\\\/\"},{\"@type\":\"ListItem\",\"position\":3,\"name\":\"Bolzen mit Splinten BL834\"}]},{\"@type\":\"WebSite\",\"@id\":\"https:\\\/\\\/forkommerce.com\\\/it\\\/#website\",\"url\":\"https:\\\/\\\/forkommerce.com\\\/it\\\/\",\"name\":\"Forkommerce Spare Parts\",\"description\":\"Ricambi originali e compatibili per carrelli elevatori e transpallet\",\"publisher\":{\"@id\":\"https:\\\/\\\/forkommerce.com\\\/it\\\/#organization\"},\"alternateName\":\"Forkommerce Spare Parts\",\"potentialAction\":[{\"@type\":\"SearchAction\",\"target\":{\"@type\":\"EntryPoint\",\"urlTemplate\":\"https:\\\/\\\/forkommerce.com\\\/it\\\/?s={search_term_string}\"},\"query-input\":{\"@type\":\"PropertyValueSpecification\",\"valueRequired\":true,\"valueName\":\"search_term_string\"}}],\"inLanguage\":\"de\"},{\"@type\":\"Organization\",\"@id\":\"https:\\\/\\\/forkommerce.com\\\/it\\\/#organization\",\"name\":\"Forkommerce Spare Parts\",\"url\":\"https:\\\/\\\/forkommerce.com\\\/it\\\/\",\"logo\":{\"@type\":\"ImageObject\",\"inLanguage\":\"de\",\"@id\":\"https:\\\/\\\/forkommerce.com\\\/it\\\/#\\\/schema\\\/logo\\\/image\\\/\",\"url\":\"https:\\\/\\\/forkommerce.com\\\/wp-content\\\/uploads\\\/2025\\\/09\\\/Logo-Forkommercex2.png\",\"contentUrl\":\"https:\\\/\\\/forkommerce.com\\\/wp-content\\\/uploads\\\/2025\\\/09\\\/Logo-Forkommercex2.png\",\"width\":470,\"height\":120,\"caption\":\"Forkommerce Spare Parts\"},\"image\":{\"@id\":\"https:\\\/\\\/forkommerce.com\\\/it\\\/#\\\/schema\\\/logo\\\/image\\\/\"}}]}<\/script>\n<!-- \/ Yoast SEO plugin. -->","yoast_head_json":{"title":"Bolzen mit Splinten BL834 | Forkommerce Spare Parts","robots":{"index":"index","follow":"follow","max-snippet":"max-snippet:-1","max-image-preview":"max-image-preview:large","max-video-preview":"max-video-preview:-1"},"canonical":"https:\/\/forkommerce.com\/de\/produkt\/bolzen-mit-splinten-bl834\/","og_locale":"de_DE","og_type":"article","og_title":"Bolzen mit Splinten BL834 | Forkommerce Spare Parts","og_description":"Bolzen mit Splinten BL834","og_url":"https:\/\/forkommerce.com\/de\/produkt\/bolzen-mit-splinten-bl834\/","og_site_name":"Forkommerce Spare Parts","article_modified_time":"2026-04-11T08:39:24+00:00","og_image":[{"width":408,"height":647,"url":"https:\/\/forkommerce.com\/wp-content\/uploads\/2026\/02\/Perno-con-coppiglie-BL834-.jpeg","type":"image\/jpeg"}],"twitter_card":"summary_large_image","twitter_misc":{"Gesch\u00e4tzte Lesezeit":"1\u00a0Minute"},"schema":{"@context":"https:\/\/schema.org","@graph":[{"@type":"WebPage","@id":"https:\/\/forkommerce.com\/de\/produkt\/bolzen-mit-splinten-bl834\/","url":"https:\/\/forkommerce.com\/de\/produkt\/bolzen-mit-splinten-bl834\/","name":"Bolzen mit Splinten BL834 | Forkommerce Spare Parts","isPartOf":{"@id":"https:\/\/forkommerce.com\/it\/#website"},"primaryImageOfPage":{"@id":"https:\/\/forkommerce.com\/de\/produkt\/bolzen-mit-splinten-bl834\/#primaryimage"},"image":{"@id":"https:\/\/forkommerce.com\/de\/produkt\/bolzen-mit-splinten-bl834\/#primaryimage"},"thumbnailUrl":"https:\/\/forkommerce.com\/wp-content\/uploads\/2026\/02\/Perno-con-coppiglie-BL834-.jpeg","datePublished":"2026-02-04T07:46:31+00:00","dateModified":"2026-04-11T08:39:24+00:00","breadcrumb":{"@id":"https:\/\/forkommerce.com\/de\/produkt\/bolzen-mit-splinten-bl834\/#breadcrumb"},"inLanguage":"de","potentialAction":[{"@type":"ReadAction","target":["https:\/\/forkommerce.com\/de\/produkt\/bolzen-mit-splinten-bl834\/"]}]},{"@type":"ImageObject","inLanguage":"de","@id":"https:\/\/forkommerce.com\/de\/produkt\/bolzen-mit-splinten-bl834\/#primaryimage","url":"https:\/\/forkommerce.com\/wp-content\/uploads\/2026\/02\/Perno-con-coppiglie-BL834-.jpeg","contentUrl":"https:\/\/forkommerce.com\/wp-content\/uploads\/2026\/02\/Perno-con-coppiglie-BL834-.jpeg","width":408,"height":647,"caption":"Bolzen mit Splinten BL834"},{"@type":"BreadcrumbList","@id":"https:\/\/forkommerce.com\/de\/produkt\/bolzen-mit-splinten-bl834\/#breadcrumb","itemListElement":[{"@type":"ListItem","position":1,"name":"Home","item":"https:\/\/forkommerce.com\/de\/"},{"@type":"ListItem","position":2,"name":"Shop","item":"https:\/\/forkommerce.com\/it\/negozio\/"},{"@type":"ListItem","position":3,"name":"Bolzen mit Splinten BL834"}]},{"@type":"WebSite","@id":"https:\/\/forkommerce.com\/it\/#website","url":"https:\/\/forkommerce.com\/it\/","name":"Forkommerce Spare Parts","description":"Ricambi originali e compatibili per carrelli elevatori e transpallet","publisher":{"@id":"https:\/\/forkommerce.com\/it\/#organization"},"alternateName":"Forkommerce Spare Parts","potentialAction":[{"@type":"SearchAction","target":{"@type":"EntryPoint","urlTemplate":"https:\/\/forkommerce.com\/it\/?s={search_term_string}"},"query-input":{"@type":"PropertyValueSpecification","valueRequired":true,"valueName":"search_term_string"}}],"inLanguage":"de"},{"@type":"Organization","@id":"https:\/\/forkommerce.com\/it\/#organization","name":"Forkommerce Spare Parts","url":"https:\/\/forkommerce.com\/it\/","logo":{"@type":"ImageObject","inLanguage":"de","@id":"https:\/\/forkommerce.com\/it\/#\/schema\/logo\/image\/","url":"https:\/\/forkommerce.com\/wp-content\/uploads\/2025\/09\/Logo-Forkommercex2.png","contentUrl":"https:\/\/forkommerce.com\/wp-content\/uploads\/2025\/09\/Logo-Forkommercex2.png","width":470,"height":120,"caption":"Forkommerce Spare Parts"},"image":{"@id":"https:\/\/forkommerce.com\/it\/#\/schema\/logo\/image\/"}}]}},"_links":{"self":[{"href":"https:\/\/forkommerce.com\/de\/wp-json\/wp\/v2\/product\/2919","targetHints":{"allow":["GET"]}}],"collection":[{"href":"https:\/\/forkommerce.com\/de\/wp-json\/wp\/v2\/product"}],"about":[{"href":"https:\/\/forkommerce.com\/de\/wp-json\/wp\/v2\/types\/product"}],"wp:featuredmedia":[{"embeddable":true,"href":"https:\/\/forkommerce.com\/de\/wp-json\/wp\/v2\/media\/2921"}],"wp:attachment":[{"href":"https:\/\/forkommerce.com\/de\/wp-json\/wp\/v2\/media?parent=2919"}],"wp:term":[{"taxonomy":"product_brand","embeddable":true,"href":"https:\/\/forkommerce.com\/de\/wp-json\/wp\/v2\/product_brand?post=2919"},{"taxonomy":"product_cat","embeddable":true,"href":"https:\/\/forkommerce.com\/de\/wp-json\/wp\/v2\/product_cat?post=2919"},{"taxonomy":"product_tag","embeddable":true,"href":"https:\/\/forkommerce.com\/de\/wp-json\/wp\/v2\/product_tag?post=2919"}],"curies":[{"name":"wp","href":"https:\/\/api.w.org\/{rel}","templated":true}]}}