{"id":3013,"date":"2026-02-03T10:29:13","date_gmt":"2026-02-03T09:29:13","guid":{"rendered":"https:\/\/forkommerce.com\/prodotto\/kettenbolzen-linde-m-170\/"},"modified":"2026-04-11T10:39:59","modified_gmt":"2026-04-11T08:39:59","slug":"kettenbolzen-linde-m-170","status":"publish","type":"product","link":"https:\/\/forkommerce.com\/de\/produkt\/kettenbolzen-linde-m-170\/","title":{"rendered":"Kettenbolzen Linde M.170"},"content":{"rendered":"<p><strong>Kettenbolzen Linde M.170  <\/strong><\/p>\n<p data-start=\"43\" data-end=\"421\">Der Bolzen mit Splinten Linde M.170 ist ein Befestigungselement, das f\u00fcr die sichere Verbindung von Industrieketten an Linde-Gabelstaplern entwickelt wurde.<\/p>\n<p data-start=\"43\" data-end=\"421\">Zylindrischer Verbindungsbolzen aus hochfestem Stahl f\u00fcr Hub- und F\u00f6rderketten an Linde Material Handling Gabelstaplern.<\/p>\n<p data-start=\"423\" data-end=\"699\">Gefertigt aus hochfestem Stahl, verf\u00fcgt der Bolzen \u00fcber eine Querbohrung zum Einsetzen des Sicherungssplints, der ein versehentliches Herausrutschen w\u00e4hrend des Betriebs verhindert und Stabilit\u00e4t, Zuverl\u00e4ssigkeit sowie Sicherheit bei schweren Anwendungen gew\u00e4hrleistet.<\/p>\n<p data-start=\"701\" data-end=\"874\">Er ist ideal f\u00fcr die Wartung, den Austausch und als Ersatzteil f\u00fcr Ketten von Linde-Gabelstaplern und sichert eine lange Lebensdauer sowie optimale Leistung auch unter hohen Lasten.<\/p>\n<p>Dieser Bolzen wurde entwickelt, um dynamischen Lasten und den typischen Beanspruchungen von Hubmasten standzuhalten; er ist das zentrale Element, das die Kettenlaschen verbindet und die Gelenkbewegung der Glieder w\u00e4hrend des Gebrauchs erm\u00f6glicht.<\/p>\n<h4 data-section-id=\"1ti5jzm\" data-start=\"881\" data-end=\"909\">Hauptmerkmale:<\/h4>\n<p data-start=\"1032\" data-end=\"1071\">Material: Hochfester Stahl f\u00fcr hohe Langlebigkeit unter Last.<\/p>\n<p data-start=\"1074\" data-end=\"1120\">Befestigungssystem: Sicherungssplint.<\/p>\n<p>Verwendung: Verbindungselement f\u00fcr Flyerketten an Linde-Gabelstaplern, ideal f\u00fcr Wartung, Reparatur oder Austausch in Hubmasten.<\/p>\n<p data-start=\"1123\" data-end=\"1169\">Hohe Zugfestigkeit und Verschlei\u00dffestigkeit.<\/p>\n<p data-start=\"1172\" data-end=\"1219\">Ideal f\u00fcr industrielle Wartung und Ersatzteile.<\/p>\n<p data-start=\"1222\" data-end=\"1279\">Geeignet f\u00fcr Gabelstapler und Hebesysteme.<\/p>\n","protected":false},"excerpt":{"rendered":"<p>Kettenbolzen Linde M.170<\/p>\n","protected":false},"featured_media":0,"template":"","meta":[],"product_brand":[119],"product_cat":[206],"product_tag":[],"class_list":{"0":"post-3013","1":"product","2":"type-product","3":"status-publish","5":"product_brand-linde","6":"product_cat-kettenbolzen","8":"first","9":"instock","10":"taxable","11":"shipping-taxable","12":"purchasable","13":"product-type-simple"},"yoast_head":"<!-- This site is optimized with the Yoast SEO plugin v27.3 - https:\/\/yoast.com\/product\/yoast-seo-wordpress\/ -->\n<title>Kettenbolzen Linde M.170 | Forkommerce Spare Parts<\/title>\n<meta name=\"robots\" content=\"index, follow, max-snippet:-1, max-image-preview:large, max-video-preview:-1\" \/>\n<link rel=\"canonical\" href=\"https:\/\/forkommerce.com\/de\/produkt\/kettenbolzen-linde-m-170\/\" \/>\n<meta property=\"og:locale\" content=\"de_DE\" \/>\n<meta property=\"og:type\" content=\"article\" \/>\n<meta property=\"og:title\" content=\"Kettenbolzen Linde M.170 | Forkommerce Spare Parts\" \/>\n<meta property=\"og:description\" content=\"Kettenbolzen Linde M.170\" \/>\n<meta property=\"og:url\" content=\"https:\/\/forkommerce.com\/de\/produkt\/kettenbolzen-linde-m-170\/\" \/>\n<meta property=\"og:site_name\" content=\"Forkommerce Spare Parts\" \/>\n<meta property=\"article:modified_time\" content=\"2026-04-11T08:39:59+00:00\" \/>\n<meta property=\"og:image\" content=\"https:\/\/forkommerce.com\/wp-content\/uploads\/2025\/12\/Slider-Home.jpg\" \/>\n\t<meta property=\"og:image:width\" content=\"1920\" \/>\n\t<meta property=\"og:image:height\" content=\"800\" \/>\n\t<meta property=\"og:image:type\" content=\"image\/jpeg\" \/>\n<meta name=\"twitter:card\" content=\"summary_large_image\" \/>\n<meta name=\"twitter:label1\" content=\"Gesch\u00e4tzte Lesezeit\" \/>\n\t<meta name=\"twitter:data1\" content=\"1\u00a0Minute\" \/>\n<script type=\"application\/ld+json\" class=\"yoast-schema-graph\">{\"@context\":\"https:\\\/\\\/schema.org\",\"@graph\":[{\"@type\":\"WebPage\",\"@id\":\"https:\\\/\\\/forkommerce.com\\\/de\\\/produkt\\\/kettenbolzen-linde-m-170\\\/\",\"url\":\"https:\\\/\\\/forkommerce.com\\\/de\\\/produkt\\\/kettenbolzen-linde-m-170\\\/\",\"name\":\"Kettenbolzen Linde M.170 | Forkommerce Spare Parts\",\"isPartOf\":{\"@id\":\"https:\\\/\\\/forkommerce.com\\\/it\\\/#website\"},\"datePublished\":\"2026-02-03T09:29:13+00:00\",\"dateModified\":\"2026-04-11T08:39:59+00:00\",\"breadcrumb\":{\"@id\":\"https:\\\/\\\/forkommerce.com\\\/de\\\/produkt\\\/kettenbolzen-linde-m-170\\\/#breadcrumb\"},\"inLanguage\":\"de\",\"potentialAction\":[{\"@type\":\"ReadAction\",\"target\":[\"https:\\\/\\\/forkommerce.com\\\/de\\\/produkt\\\/kettenbolzen-linde-m-170\\\/\"]}]},{\"@type\":\"BreadcrumbList\",\"@id\":\"https:\\\/\\\/forkommerce.com\\\/de\\\/produkt\\\/kettenbolzen-linde-m-170\\\/#breadcrumb\",\"itemListElement\":[{\"@type\":\"ListItem\",\"position\":1,\"name\":\"Home\",\"item\":\"https:\\\/\\\/forkommerce.com\\\/de\\\/\"},{\"@type\":\"ListItem\",\"position\":2,\"name\":\"Shop\",\"item\":\"https:\\\/\\\/forkommerce.com\\\/it\\\/negozio\\\/\"},{\"@type\":\"ListItem\",\"position\":3,\"name\":\"Kettenbolzen Linde M.170\"}]},{\"@type\":\"WebSite\",\"@id\":\"https:\\\/\\\/forkommerce.com\\\/it\\\/#website\",\"url\":\"https:\\\/\\\/forkommerce.com\\\/it\\\/\",\"name\":\"Forkommerce Spare Parts\",\"description\":\"Ricambi originali e compatibili per carrelli elevatori e transpallet\",\"publisher\":{\"@id\":\"https:\\\/\\\/forkommerce.com\\\/it\\\/#organization\"},\"alternateName\":\"Forkommerce Spare Parts\",\"potentialAction\":[{\"@type\":\"SearchAction\",\"target\":{\"@type\":\"EntryPoint\",\"urlTemplate\":\"https:\\\/\\\/forkommerce.com\\\/it\\\/?s={search_term_string}\"},\"query-input\":{\"@type\":\"PropertyValueSpecification\",\"valueRequired\":true,\"valueName\":\"search_term_string\"}}],\"inLanguage\":\"de\"},{\"@type\":\"Organization\",\"@id\":\"https:\\\/\\\/forkommerce.com\\\/it\\\/#organization\",\"name\":\"Forkommerce Spare Parts\",\"url\":\"https:\\\/\\\/forkommerce.com\\\/it\\\/\",\"logo\":{\"@type\":\"ImageObject\",\"inLanguage\":\"de\",\"@id\":\"https:\\\/\\\/forkommerce.com\\\/it\\\/#\\\/schema\\\/logo\\\/image\\\/\",\"url\":\"https:\\\/\\\/forkommerce.com\\\/wp-content\\\/uploads\\\/2025\\\/09\\\/Logo-Forkommercex2.png\",\"contentUrl\":\"https:\\\/\\\/forkommerce.com\\\/wp-content\\\/uploads\\\/2025\\\/09\\\/Logo-Forkommercex2.png\",\"width\":470,\"height\":120,\"caption\":\"Forkommerce Spare Parts\"},\"image\":{\"@id\":\"https:\\\/\\\/forkommerce.com\\\/it\\\/#\\\/schema\\\/logo\\\/image\\\/\"}}]}<\/script>\n<!-- \/ Yoast SEO plugin. -->","yoast_head_json":{"title":"Kettenbolzen Linde M.170 | Forkommerce Spare Parts","robots":{"index":"index","follow":"follow","max-snippet":"max-snippet:-1","max-image-preview":"max-image-preview:large","max-video-preview":"max-video-preview:-1"},"canonical":"https:\/\/forkommerce.com\/de\/produkt\/kettenbolzen-linde-m-170\/","og_locale":"de_DE","og_type":"article","og_title":"Kettenbolzen Linde M.170 | Forkommerce Spare Parts","og_description":"Kettenbolzen Linde M.170","og_url":"https:\/\/forkommerce.com\/de\/produkt\/kettenbolzen-linde-m-170\/","og_site_name":"Forkommerce Spare Parts","article_modified_time":"2026-04-11T08:39:59+00:00","og_image":[{"width":1920,"height":800,"url":"https:\/\/forkommerce.com\/wp-content\/uploads\/2025\/12\/Slider-Home.jpg","type":"image\/jpeg"}],"twitter_card":"summary_large_image","twitter_misc":{"Gesch\u00e4tzte Lesezeit":"1\u00a0Minute"},"schema":{"@context":"https:\/\/schema.org","@graph":[{"@type":"WebPage","@id":"https:\/\/forkommerce.com\/de\/produkt\/kettenbolzen-linde-m-170\/","url":"https:\/\/forkommerce.com\/de\/produkt\/kettenbolzen-linde-m-170\/","name":"Kettenbolzen Linde M.170 | Forkommerce Spare Parts","isPartOf":{"@id":"https:\/\/forkommerce.com\/it\/#website"},"datePublished":"2026-02-03T09:29:13+00:00","dateModified":"2026-04-11T08:39:59+00:00","breadcrumb":{"@id":"https:\/\/forkommerce.com\/de\/produkt\/kettenbolzen-linde-m-170\/#breadcrumb"},"inLanguage":"de","potentialAction":[{"@type":"ReadAction","target":["https:\/\/forkommerce.com\/de\/produkt\/kettenbolzen-linde-m-170\/"]}]},{"@type":"BreadcrumbList","@id":"https:\/\/forkommerce.com\/de\/produkt\/kettenbolzen-linde-m-170\/#breadcrumb","itemListElement":[{"@type":"ListItem","position":1,"name":"Home","item":"https:\/\/forkommerce.com\/de\/"},{"@type":"ListItem","position":2,"name":"Shop","item":"https:\/\/forkommerce.com\/it\/negozio\/"},{"@type":"ListItem","position":3,"name":"Kettenbolzen Linde M.170"}]},{"@type":"WebSite","@id":"https:\/\/forkommerce.com\/it\/#website","url":"https:\/\/forkommerce.com\/it\/","name":"Forkommerce Spare Parts","description":"Ricambi originali e compatibili per carrelli elevatori e transpallet","publisher":{"@id":"https:\/\/forkommerce.com\/it\/#organization"},"alternateName":"Forkommerce Spare Parts","potentialAction":[{"@type":"SearchAction","target":{"@type":"EntryPoint","urlTemplate":"https:\/\/forkommerce.com\/it\/?s={search_term_string}"},"query-input":{"@type":"PropertyValueSpecification","valueRequired":true,"valueName":"search_term_string"}}],"inLanguage":"de"},{"@type":"Organization","@id":"https:\/\/forkommerce.com\/it\/#organization","name":"Forkommerce Spare Parts","url":"https:\/\/forkommerce.com\/it\/","logo":{"@type":"ImageObject","inLanguage":"de","@id":"https:\/\/forkommerce.com\/it\/#\/schema\/logo\/image\/","url":"https:\/\/forkommerce.com\/wp-content\/uploads\/2025\/09\/Logo-Forkommercex2.png","contentUrl":"https:\/\/forkommerce.com\/wp-content\/uploads\/2025\/09\/Logo-Forkommercex2.png","width":470,"height":120,"caption":"Forkommerce Spare Parts"},"image":{"@id":"https:\/\/forkommerce.com\/it\/#\/schema\/logo\/image\/"}}]}},"_links":{"self":[{"href":"https:\/\/forkommerce.com\/de\/wp-json\/wp\/v2\/product\/3013","targetHints":{"allow":["GET"]}}],"collection":[{"href":"https:\/\/forkommerce.com\/de\/wp-json\/wp\/v2\/product"}],"about":[{"href":"https:\/\/forkommerce.com\/de\/wp-json\/wp\/v2\/types\/product"}],"wp:attachment":[{"href":"https:\/\/forkommerce.com\/de\/wp-json\/wp\/v2\/media?parent=3013"}],"wp:term":[{"taxonomy":"product_brand","embeddable":true,"href":"https:\/\/forkommerce.com\/de\/wp-json\/wp\/v2\/product_brand?post=3013"},{"taxonomy":"product_cat","embeddable":true,"href":"https:\/\/forkommerce.com\/de\/wp-json\/wp\/v2\/product_cat?post=3013"},{"taxonomy":"product_tag","embeddable":true,"href":"https:\/\/forkommerce.com\/de\/wp-json\/wp\/v2\/product_tag?post=3013"}],"curies":[{"name":"wp","href":"https:\/\/api.w.org\/{rel}","templated":true}]}}