{"id":3017,"date":"2026-02-03T10:23:21","date_gmt":"2026-02-03T09:23:21","guid":{"rendered":"https:\/\/forkommerce.com\/prodotto\/kettenbolzen-f2544ks\/"},"modified":"2026-04-11T11:23:48","modified_gmt":"2026-04-11T09:23:48","slug":"kettenbolzen-f2544ks","status":"publish","type":"product","link":"https:\/\/forkommerce.com\/de\/produkt\/kettenbolzen-f2544ks\/","title":{"rendered":"Kettenbolzen F2544KS"},"content":{"rendered":"<p data-start=\"39\" data-end=\"290\"><strong>Bolzen \/ Pin f\u00fcr Flyerkette F2544KS.<\/strong><\/p>\n<p data-start=\"39\" data-end=\"290\">Der Splintbolzen F2544KS ist ein Befestigungselement f\u00fcr die sichere Verbindung von Industrieketten der Serie F2544KS, die vor allem in Hebesystemen, Getrieben und beim Umschlag schwerer Materialien eingesetzt werden.<\/p>\n<p data-start=\"292\" data-end=\"497\">Dieser Bolzen erm\u00f6glicht das Verbinden von Kettengliedern oder anderen Anschlusselementen und gew\u00e4hrleistet Stabilit\u00e4t, Sicherheit und Zugfestigkeit auch bei schweren Anwendungen und hohen Lasten.<\/p>\n<p data-start=\"292\" data-end=\"497\">Dieser aus hochfestem, behandeltem Stahl gefertigte Pin hat einen Nenndurchmesser von 8,28\u202fmm und eine Nutzl\u00e4nge von 35,3\u202fmm. Er ist f\u00fcr die pr\u00e4zise Verbindung der Kettenlaschen konstruiert und garantiert Zuverl\u00e4ssigkeit sowie Langlebigkeit auch unter Last.<\/p>\n<p data-start=\"499\" data-end=\"820\">Er ist aus hochfestem Stahl gefertigt und verf\u00fcgt \u00fcber eine Durchgangsbohrung f\u00fcr den Sicherungssplint, der ein versehentliches Herausrutschen w\u00e4hrend des Betriebs verhindert. Die pr\u00e4zise Verarbeitung und die Robustheit des Materials sorgen f\u00fcr Zuverl\u00e4ssigkeit, lange Lebensdauer und einfache Wartung. <\/p>\n<p data-start=\"822\" data-end=\"985\">Er eignet sich ideal als Ersatzteil f\u00fcr Industrieketten der Serie F2544KS, die in Hebeanlagen, Industriemaschinen und Schwerlast-F\u00f6rdersystemen eingesetzt werden.<\/p>\n<h4 data-section-id=\"1ti5jzm\" data-start=\"992\" data-end=\"1020\">Hauptmerkmale:<\/h4>\n<p data-start=\"1139\" data-end=\"1178\">Material: hochfester Stahl, f\u00fcr schwere Eins\u00e4tze behandelt.<\/p>\n<p data-start=\"1181\" data-end=\"1227\">Befestigungssystem: Sicherungssplint.<\/p>\n<p data-start=\"1230\" data-end=\"1276\">Hohe Zugfestigkeit und Verschlei\u00dffestigkeit.<\/p>\n<p data-start=\"1230\" data-end=\"1276\">Ideal f\u00fcr die Wartung, Reparatur oder Montage von ma\u00dfgefertigten Ketten.<\/p>\n<p data-start=\"1279\" data-end=\"1326\">Geeignet f\u00fcr Gabelstapler-Hubger\u00fcste, Industrie-Hebezeuge und Materialflussanlagen.<\/p>\n<p><strong>Kompatibilit\u00e4t: Speziell f\u00fcr Flyerketten mit dem Code F25-44KS (ISO LL1644) oder von Herstellern wie Rexnord.<\/strong><\/p>\n","protected":false},"excerpt":{"rendered":"<p>Kettenbolzen F2544KS<\/p>\n","protected":false},"featured_media":3018,"template":"","meta":[],"product_brand":[],"product_cat":[206],"product_tag":[],"class_list":{"0":"post-3017","1":"product","2":"type-product","3":"status-publish","4":"has-post-thumbnail","6":"product_cat-kettenbolzen","8":"first","9":"instock","10":"taxable","11":"shipping-taxable","12":"purchasable","13":"product-type-simple"},"yoast_head":"<!-- This site is optimized with the Yoast SEO plugin v27.3 - https:\/\/yoast.com\/product\/yoast-seo-wordpress\/ -->\n<title>Kettenbolzen F2544KS | Forkommerce Spare Parts<\/title>\n<meta name=\"robots\" content=\"index, follow, max-snippet:-1, max-image-preview:large, max-video-preview:-1\" \/>\n<link rel=\"canonical\" href=\"https:\/\/forkommerce.com\/de\/produkt\/kettenbolzen-f2544ks\/\" \/>\n<meta property=\"og:locale\" content=\"de_DE\" \/>\n<meta property=\"og:type\" content=\"article\" \/>\n<meta property=\"og:title\" content=\"Kettenbolzen F2544KS | Forkommerce Spare Parts\" \/>\n<meta property=\"og:description\" content=\"Kettenbolzen F2544KS\" \/>\n<meta property=\"og:url\" content=\"https:\/\/forkommerce.com\/de\/produkt\/kettenbolzen-f2544ks\/\" \/>\n<meta property=\"og:site_name\" content=\"Forkommerce Spare Parts\" \/>\n<meta property=\"article:modified_time\" content=\"2026-04-11T09:23:48+00:00\" \/>\n<meta property=\"og:image\" content=\"https:\/\/forkommerce.com\/wp-content\/uploads\/2026\/02\/Perno-per-catena-F2544KS.jpeg\" \/>\n\t<meta property=\"og:image:width\" content=\"413\" \/>\n\t<meta property=\"og:image:height\" content=\"384\" \/>\n\t<meta property=\"og:image:type\" content=\"image\/jpeg\" \/>\n<meta name=\"twitter:card\" content=\"summary_large_image\" \/>\n<meta name=\"twitter:label1\" content=\"Gesch\u00e4tzte Lesezeit\" \/>\n\t<meta name=\"twitter:data1\" content=\"1\u00a0Minute\" \/>\n<script type=\"application\/ld+json\" class=\"yoast-schema-graph\">{\"@context\":\"https:\\\/\\\/schema.org\",\"@graph\":[{\"@type\":\"WebPage\",\"@id\":\"https:\\\/\\\/forkommerce.com\\\/de\\\/produkt\\\/kettenbolzen-f2544ks\\\/\",\"url\":\"https:\\\/\\\/forkommerce.com\\\/de\\\/produkt\\\/kettenbolzen-f2544ks\\\/\",\"name\":\"Kettenbolzen F2544KS | Forkommerce Spare Parts\",\"isPartOf\":{\"@id\":\"https:\\\/\\\/forkommerce.com\\\/it\\\/#website\"},\"primaryImageOfPage\":{\"@id\":\"https:\\\/\\\/forkommerce.com\\\/de\\\/produkt\\\/kettenbolzen-f2544ks\\\/#primaryimage\"},\"image\":{\"@id\":\"https:\\\/\\\/forkommerce.com\\\/de\\\/produkt\\\/kettenbolzen-f2544ks\\\/#primaryimage\"},\"thumbnailUrl\":\"https:\\\/\\\/forkommerce.com\\\/wp-content\\\/uploads\\\/2026\\\/02\\\/Perno-per-catena-F2544KS.jpeg\",\"datePublished\":\"2026-02-03T09:23:21+00:00\",\"dateModified\":\"2026-04-11T09:23:48+00:00\",\"breadcrumb\":{\"@id\":\"https:\\\/\\\/forkommerce.com\\\/de\\\/produkt\\\/kettenbolzen-f2544ks\\\/#breadcrumb\"},\"inLanguage\":\"de\",\"potentialAction\":[{\"@type\":\"ReadAction\",\"target\":[\"https:\\\/\\\/forkommerce.com\\\/de\\\/produkt\\\/kettenbolzen-f2544ks\\\/\"]}]},{\"@type\":\"ImageObject\",\"inLanguage\":\"de\",\"@id\":\"https:\\\/\\\/forkommerce.com\\\/de\\\/produkt\\\/kettenbolzen-f2544ks\\\/#primaryimage\",\"url\":\"https:\\\/\\\/forkommerce.com\\\/wp-content\\\/uploads\\\/2026\\\/02\\\/Perno-per-catena-F2544KS.jpeg\",\"contentUrl\":\"https:\\\/\\\/forkommerce.com\\\/wp-content\\\/uploads\\\/2026\\\/02\\\/Perno-per-catena-F2544KS.jpeg\",\"width\":413,\"height\":384,\"caption\":\"Bolzen f\u00fcr Kette F2544KS\"},{\"@type\":\"BreadcrumbList\",\"@id\":\"https:\\\/\\\/forkommerce.com\\\/de\\\/produkt\\\/kettenbolzen-f2544ks\\\/#breadcrumb\",\"itemListElement\":[{\"@type\":\"ListItem\",\"position\":1,\"name\":\"Home\",\"item\":\"https:\\\/\\\/forkommerce.com\\\/de\\\/\"},{\"@type\":\"ListItem\",\"position\":2,\"name\":\"Shop\",\"item\":\"https:\\\/\\\/forkommerce.com\\\/it\\\/negozio\\\/\"},{\"@type\":\"ListItem\",\"position\":3,\"name\":\"Kettenbolzen F2544KS\"}]},{\"@type\":\"WebSite\",\"@id\":\"https:\\\/\\\/forkommerce.com\\\/it\\\/#website\",\"url\":\"https:\\\/\\\/forkommerce.com\\\/it\\\/\",\"name\":\"Forkommerce Spare Parts\",\"description\":\"Ricambi originali e compatibili per carrelli elevatori e transpallet\",\"publisher\":{\"@id\":\"https:\\\/\\\/forkommerce.com\\\/it\\\/#organization\"},\"alternateName\":\"Forkommerce Spare Parts\",\"potentialAction\":[{\"@type\":\"SearchAction\",\"target\":{\"@type\":\"EntryPoint\",\"urlTemplate\":\"https:\\\/\\\/forkommerce.com\\\/it\\\/?s={search_term_string}\"},\"query-input\":{\"@type\":\"PropertyValueSpecification\",\"valueRequired\":true,\"valueName\":\"search_term_string\"}}],\"inLanguage\":\"de\"},{\"@type\":\"Organization\",\"@id\":\"https:\\\/\\\/forkommerce.com\\\/it\\\/#organization\",\"name\":\"Forkommerce Spare Parts\",\"url\":\"https:\\\/\\\/forkommerce.com\\\/it\\\/\",\"logo\":{\"@type\":\"ImageObject\",\"inLanguage\":\"de\",\"@id\":\"https:\\\/\\\/forkommerce.com\\\/it\\\/#\\\/schema\\\/logo\\\/image\\\/\",\"url\":\"https:\\\/\\\/forkommerce.com\\\/wp-content\\\/uploads\\\/2025\\\/09\\\/Logo-Forkommercex2.png\",\"contentUrl\":\"https:\\\/\\\/forkommerce.com\\\/wp-content\\\/uploads\\\/2025\\\/09\\\/Logo-Forkommercex2.png\",\"width\":470,\"height\":120,\"caption\":\"Forkommerce Spare Parts\"},\"image\":{\"@id\":\"https:\\\/\\\/forkommerce.com\\\/it\\\/#\\\/schema\\\/logo\\\/image\\\/\"}}]}<\/script>\n<!-- \/ Yoast SEO plugin. -->","yoast_head_json":{"title":"Kettenbolzen F2544KS | Forkommerce Spare Parts","robots":{"index":"index","follow":"follow","max-snippet":"max-snippet:-1","max-image-preview":"max-image-preview:large","max-video-preview":"max-video-preview:-1"},"canonical":"https:\/\/forkommerce.com\/de\/produkt\/kettenbolzen-f2544ks\/","og_locale":"de_DE","og_type":"article","og_title":"Kettenbolzen F2544KS | Forkommerce Spare Parts","og_description":"Kettenbolzen F2544KS","og_url":"https:\/\/forkommerce.com\/de\/produkt\/kettenbolzen-f2544ks\/","og_site_name":"Forkommerce Spare Parts","article_modified_time":"2026-04-11T09:23:48+00:00","og_image":[{"width":413,"height":384,"url":"https:\/\/forkommerce.com\/wp-content\/uploads\/2026\/02\/Perno-per-catena-F2544KS.jpeg","type":"image\/jpeg"}],"twitter_card":"summary_large_image","twitter_misc":{"Gesch\u00e4tzte Lesezeit":"1\u00a0Minute"},"schema":{"@context":"https:\/\/schema.org","@graph":[{"@type":"WebPage","@id":"https:\/\/forkommerce.com\/de\/produkt\/kettenbolzen-f2544ks\/","url":"https:\/\/forkommerce.com\/de\/produkt\/kettenbolzen-f2544ks\/","name":"Kettenbolzen F2544KS | Forkommerce Spare Parts","isPartOf":{"@id":"https:\/\/forkommerce.com\/it\/#website"},"primaryImageOfPage":{"@id":"https:\/\/forkommerce.com\/de\/produkt\/kettenbolzen-f2544ks\/#primaryimage"},"image":{"@id":"https:\/\/forkommerce.com\/de\/produkt\/kettenbolzen-f2544ks\/#primaryimage"},"thumbnailUrl":"https:\/\/forkommerce.com\/wp-content\/uploads\/2026\/02\/Perno-per-catena-F2544KS.jpeg","datePublished":"2026-02-03T09:23:21+00:00","dateModified":"2026-04-11T09:23:48+00:00","breadcrumb":{"@id":"https:\/\/forkommerce.com\/de\/produkt\/kettenbolzen-f2544ks\/#breadcrumb"},"inLanguage":"de","potentialAction":[{"@type":"ReadAction","target":["https:\/\/forkommerce.com\/de\/produkt\/kettenbolzen-f2544ks\/"]}]},{"@type":"ImageObject","inLanguage":"de","@id":"https:\/\/forkommerce.com\/de\/produkt\/kettenbolzen-f2544ks\/#primaryimage","url":"https:\/\/forkommerce.com\/wp-content\/uploads\/2026\/02\/Perno-per-catena-F2544KS.jpeg","contentUrl":"https:\/\/forkommerce.com\/wp-content\/uploads\/2026\/02\/Perno-per-catena-F2544KS.jpeg","width":413,"height":384,"caption":"Bolzen f\u00fcr Kette F2544KS"},{"@type":"BreadcrumbList","@id":"https:\/\/forkommerce.com\/de\/produkt\/kettenbolzen-f2544ks\/#breadcrumb","itemListElement":[{"@type":"ListItem","position":1,"name":"Home","item":"https:\/\/forkommerce.com\/de\/"},{"@type":"ListItem","position":2,"name":"Shop","item":"https:\/\/forkommerce.com\/it\/negozio\/"},{"@type":"ListItem","position":3,"name":"Kettenbolzen F2544KS"}]},{"@type":"WebSite","@id":"https:\/\/forkommerce.com\/it\/#website","url":"https:\/\/forkommerce.com\/it\/","name":"Forkommerce Spare Parts","description":"Ricambi originali e compatibili per carrelli elevatori e transpallet","publisher":{"@id":"https:\/\/forkommerce.com\/it\/#organization"},"alternateName":"Forkommerce Spare Parts","potentialAction":[{"@type":"SearchAction","target":{"@type":"EntryPoint","urlTemplate":"https:\/\/forkommerce.com\/it\/?s={search_term_string}"},"query-input":{"@type":"PropertyValueSpecification","valueRequired":true,"valueName":"search_term_string"}}],"inLanguage":"de"},{"@type":"Organization","@id":"https:\/\/forkommerce.com\/it\/#organization","name":"Forkommerce Spare Parts","url":"https:\/\/forkommerce.com\/it\/","logo":{"@type":"ImageObject","inLanguage":"de","@id":"https:\/\/forkommerce.com\/it\/#\/schema\/logo\/image\/","url":"https:\/\/forkommerce.com\/wp-content\/uploads\/2025\/09\/Logo-Forkommercex2.png","contentUrl":"https:\/\/forkommerce.com\/wp-content\/uploads\/2025\/09\/Logo-Forkommercex2.png","width":470,"height":120,"caption":"Forkommerce Spare Parts"},"image":{"@id":"https:\/\/forkommerce.com\/it\/#\/schema\/logo\/image\/"}}]}},"_links":{"self":[{"href":"https:\/\/forkommerce.com\/de\/wp-json\/wp\/v2\/product\/3017","targetHints":{"allow":["GET"]}}],"collection":[{"href":"https:\/\/forkommerce.com\/de\/wp-json\/wp\/v2\/product"}],"about":[{"href":"https:\/\/forkommerce.com\/de\/wp-json\/wp\/v2\/types\/product"}],"wp:featuredmedia":[{"embeddable":true,"href":"https:\/\/forkommerce.com\/de\/wp-json\/wp\/v2\/media\/3018"}],"wp:attachment":[{"href":"https:\/\/forkommerce.com\/de\/wp-json\/wp\/v2\/media?parent=3017"}],"wp:term":[{"taxonomy":"product_brand","embeddable":true,"href":"https:\/\/forkommerce.com\/de\/wp-json\/wp\/v2\/product_brand?post=3017"},{"taxonomy":"product_cat","embeddable":true,"href":"https:\/\/forkommerce.com\/de\/wp-json\/wp\/v2\/product_cat?post=3017"},{"taxonomy":"product_tag","embeddable":true,"href":"https:\/\/forkommerce.com\/de\/wp-json\/wp\/v2\/product_tag?post=3017"}],"curies":[{"name":"wp","href":"https:\/\/api.w.org\/{rel}","templated":true}]}}