{"id":3028,"date":"2026-02-03T09:48:53","date_gmt":"2026-02-03T08:48:53","guid":{"rendered":"https:\/\/forkommerce.com\/prodotto\/kettenbolzen-mit-splint-bl844ks-116\/"},"modified":"2026-04-11T11:22:08","modified_gmt":"2026-04-11T09:22:08","slug":"kettenbolzen-mit-splint-bl844ks-116","status":"publish","type":"product","link":"https:\/\/forkommerce.com\/de\/produkt\/kettenbolzen-mit-splint-bl844ks-116\/","title":{"rendered":"Kettenbolzen mit Splint BL844KS 116"},"content":{"rendered":"<p data-start=\"36\" data-end=\"305\"><strong>Bolzen \/ Verbindungsbolzen f\u00fcr Kette Leaf BL866KS-111.<\/strong><\/p>\n<p data-start=\"36\" data-end=\"305\">Der Bolzen mit Splint BL844KS 116 ist ein Befestigungselement f\u00fcr die sichere Verbindung von Industrieketten, die haupts\u00e4chlich in Hebe-, Antriebs- und Materialhandhabungssystemen im industriellen Bereich eingesetzt werden.<\/p>\n<p data-start=\"307\" data-end=\"513\">Dieser Bolzen erm\u00f6glicht die Verbindung von Kettengliedern oder anderen Verbindungselementen und gew\u00e4hrleistet Stabilit\u00e4t, Sicherheit und Zugfestigkeit, auch bei anspruchsvollen Anwendungen und hohen Lasten.<\/p>\n<p data-start=\"515\" data-end=\"831\">Gefertigt aus hochfestem Stahl, ist er mit einer Durchgangsbohrung f\u00fcr den Sicherungssplint ausgestattet, der ein versehentliches Herausrutschen w\u00e4hrend des Betriebs verhindert.<\/p>\n<p data-start=\"515\" data-end=\"831\">Die Ma\u00dfgenauigkeit und Robustheit des Materials gew\u00e4hrleisten Zuverl\u00e4ssigkeit, lange Lebensdauer und einfache Wartung.<\/p>\n<p data-start=\"833\" data-end=\"1018\">Besonders geeignet als Ersatzteil f\u00fcr Industrieketten der Serie BL844KS 116, die in Hebeanlagen, Industriemaschinen und Schwerlast-Handhabungssystemen eingesetzt werden.<\/p>\n<h4 data-section-id=\"1ti5jzm\" data-start=\"1025\" data-end=\"1053\">Hauptmerkmale:<\/h4>\n<p data-start=\"1171\" data-end=\"1210\">Material: hochfester Stahl.<\/p>\n<p data-start=\"1213\" data-end=\"1259\">Befestigungssystem: Sicherungssplint.<\/p>\n<p data-start=\"1262\" data-end=\"1308\">Hohe Zugfestigkeit und Verschlei\u00dffestigkeit.<\/p>\n<p data-start=\"1311\" data-end=\"1358\">Ideal f\u00fcr: Wartung, Reparatur oder Montage von ma\u00dfgefertigten Ketten.<\/p>\n<p data-start=\"1311\" data-end=\"1358\">Wartung und Industrieersatzteile f\u00fcr Gabelstapler, Hebeb\u00fchnen, Heavy-Duty-Anlagen.<\/p>\n<p data-start=\"1361\" data-end=\"1420\">Geeignet f\u00fcr: Hebe- und Schwerlast-Handhabungssysteme.<\/p>\n<p data-start=\"1361\" data-end=\"1420\"><strong> Kompatibel mit Leaf-Ketten ANSI 6\u00d76 und Teilung 1&#8243;<\/strong><\/p>\n","protected":false},"excerpt":{"rendered":"<p>Kettenbolzen mit Splint BL844KS 116<\/p>\n","protected":false},"featured_media":3029,"template":"","meta":[],"product_brand":[],"product_cat":[206],"product_tag":[],"class_list":{"0":"post-3028","1":"product","2":"type-product","3":"status-publish","4":"has-post-thumbnail","6":"product_cat-kettenbolzen","8":"first","9":"instock","10":"taxable","11":"shipping-taxable","12":"purchasable","13":"product-type-simple"},"yoast_head":"<!-- This site is optimized with the Yoast SEO plugin v27.3 - https:\/\/yoast.com\/product\/yoast-seo-wordpress\/ -->\n<title>Kettenbolzen mit Splint BL844KS 116 | Forkommerce Spare Parts<\/title>\n<meta name=\"robots\" content=\"index, follow, max-snippet:-1, max-image-preview:large, max-video-preview:-1\" \/>\n<link rel=\"canonical\" href=\"https:\/\/forkommerce.com\/de\/produkt\/kettenbolzen-mit-splint-bl844ks-116\/\" \/>\n<meta property=\"og:locale\" content=\"de_DE\" \/>\n<meta property=\"og:type\" content=\"article\" \/>\n<meta property=\"og:title\" content=\"Kettenbolzen mit Splint BL844KS 116 | Forkommerce Spare Parts\" \/>\n<meta property=\"og:description\" content=\"Kettenbolzen mit Splint BL844KS 116\" \/>\n<meta property=\"og:url\" content=\"https:\/\/forkommerce.com\/de\/produkt\/kettenbolzen-mit-splint-bl844ks-116\/\" \/>\n<meta property=\"og:site_name\" content=\"Forkommerce Spare Parts\" \/>\n<meta property=\"article:modified_time\" content=\"2026-04-11T09:22:08+00:00\" \/>\n<meta property=\"og:image\" content=\"https:\/\/forkommerce.com\/wp-content\/uploads\/2026\/02\/Perno-catena-con-coppiglia-BL844KS-116.jpeg\" \/>\n\t<meta property=\"og:image:width\" content=\"567\" \/>\n\t<meta property=\"og:image:height\" content=\"643\" \/>\n\t<meta property=\"og:image:type\" content=\"image\/jpeg\" \/>\n<meta name=\"twitter:card\" content=\"summary_large_image\" \/>\n<meta name=\"twitter:label1\" content=\"Gesch\u00e4tzte Lesezeit\" \/>\n\t<meta name=\"twitter:data1\" content=\"1\u00a0Minute\" \/>\n<script type=\"application\/ld+json\" class=\"yoast-schema-graph\">{\"@context\":\"https:\\\/\\\/schema.org\",\"@graph\":[{\"@type\":\"WebPage\",\"@id\":\"https:\\\/\\\/forkommerce.com\\\/de\\\/produkt\\\/kettenbolzen-mit-splint-bl844ks-116\\\/\",\"url\":\"https:\\\/\\\/forkommerce.com\\\/de\\\/produkt\\\/kettenbolzen-mit-splint-bl844ks-116\\\/\",\"name\":\"Kettenbolzen mit Splint BL844KS 116 | Forkommerce Spare Parts\",\"isPartOf\":{\"@id\":\"https:\\\/\\\/forkommerce.com\\\/it\\\/#website\"},\"primaryImageOfPage\":{\"@id\":\"https:\\\/\\\/forkommerce.com\\\/de\\\/produkt\\\/kettenbolzen-mit-splint-bl844ks-116\\\/#primaryimage\"},\"image\":{\"@id\":\"https:\\\/\\\/forkommerce.com\\\/de\\\/produkt\\\/kettenbolzen-mit-splint-bl844ks-116\\\/#primaryimage\"},\"thumbnailUrl\":\"https:\\\/\\\/forkommerce.com\\\/wp-content\\\/uploads\\\/2026\\\/02\\\/Perno-catena-con-coppiglia-BL844KS-116.jpeg\",\"datePublished\":\"2026-02-03T08:48:53+00:00\",\"dateModified\":\"2026-04-11T09:22:08+00:00\",\"breadcrumb\":{\"@id\":\"https:\\\/\\\/forkommerce.com\\\/de\\\/produkt\\\/kettenbolzen-mit-splint-bl844ks-116\\\/#breadcrumb\"},\"inLanguage\":\"de\",\"potentialAction\":[{\"@type\":\"ReadAction\",\"target\":[\"https:\\\/\\\/forkommerce.com\\\/de\\\/produkt\\\/kettenbolzen-mit-splint-bl844ks-116\\\/\"]}]},{\"@type\":\"ImageObject\",\"inLanguage\":\"de\",\"@id\":\"https:\\\/\\\/forkommerce.com\\\/de\\\/produkt\\\/kettenbolzen-mit-splint-bl844ks-116\\\/#primaryimage\",\"url\":\"https:\\\/\\\/forkommerce.com\\\/wp-content\\\/uploads\\\/2026\\\/02\\\/Perno-catena-con-coppiglia-BL844KS-116.jpeg\",\"contentUrl\":\"https:\\\/\\\/forkommerce.com\\\/wp-content\\\/uploads\\\/2026\\\/02\\\/Perno-catena-con-coppiglia-BL844KS-116.jpeg\",\"width\":567,\"height\":643,\"caption\":\"Kettenbolzen mit Splint BL844KS 116\"},{\"@type\":\"BreadcrumbList\",\"@id\":\"https:\\\/\\\/forkommerce.com\\\/de\\\/produkt\\\/kettenbolzen-mit-splint-bl844ks-116\\\/#breadcrumb\",\"itemListElement\":[{\"@type\":\"ListItem\",\"position\":1,\"name\":\"Home\",\"item\":\"https:\\\/\\\/forkommerce.com\\\/de\\\/\"},{\"@type\":\"ListItem\",\"position\":2,\"name\":\"Shop\",\"item\":\"https:\\\/\\\/forkommerce.com\\\/it\\\/negozio\\\/\"},{\"@type\":\"ListItem\",\"position\":3,\"name\":\"Kettenbolzen mit Splint BL844KS 116\"}]},{\"@type\":\"WebSite\",\"@id\":\"https:\\\/\\\/forkommerce.com\\\/it\\\/#website\",\"url\":\"https:\\\/\\\/forkommerce.com\\\/it\\\/\",\"name\":\"Forkommerce Spare Parts\",\"description\":\"Ricambi originali e compatibili per carrelli elevatori e transpallet\",\"publisher\":{\"@id\":\"https:\\\/\\\/forkommerce.com\\\/it\\\/#organization\"},\"alternateName\":\"Forkommerce Spare Parts\",\"potentialAction\":[{\"@type\":\"SearchAction\",\"target\":{\"@type\":\"EntryPoint\",\"urlTemplate\":\"https:\\\/\\\/forkommerce.com\\\/it\\\/?s={search_term_string}\"},\"query-input\":{\"@type\":\"PropertyValueSpecification\",\"valueRequired\":true,\"valueName\":\"search_term_string\"}}],\"inLanguage\":\"de\"},{\"@type\":\"Organization\",\"@id\":\"https:\\\/\\\/forkommerce.com\\\/it\\\/#organization\",\"name\":\"Forkommerce Spare Parts\",\"url\":\"https:\\\/\\\/forkommerce.com\\\/it\\\/\",\"logo\":{\"@type\":\"ImageObject\",\"inLanguage\":\"de\",\"@id\":\"https:\\\/\\\/forkommerce.com\\\/it\\\/#\\\/schema\\\/logo\\\/image\\\/\",\"url\":\"https:\\\/\\\/forkommerce.com\\\/wp-content\\\/uploads\\\/2025\\\/09\\\/Logo-Forkommercex2.png\",\"contentUrl\":\"https:\\\/\\\/forkommerce.com\\\/wp-content\\\/uploads\\\/2025\\\/09\\\/Logo-Forkommercex2.png\",\"width\":470,\"height\":120,\"caption\":\"Forkommerce Spare Parts\"},\"image\":{\"@id\":\"https:\\\/\\\/forkommerce.com\\\/it\\\/#\\\/schema\\\/logo\\\/image\\\/\"}}]}<\/script>\n<!-- \/ Yoast SEO plugin. -->","yoast_head_json":{"title":"Kettenbolzen mit Splint BL844KS 116 | Forkommerce Spare Parts","robots":{"index":"index","follow":"follow","max-snippet":"max-snippet:-1","max-image-preview":"max-image-preview:large","max-video-preview":"max-video-preview:-1"},"canonical":"https:\/\/forkommerce.com\/de\/produkt\/kettenbolzen-mit-splint-bl844ks-116\/","og_locale":"de_DE","og_type":"article","og_title":"Kettenbolzen mit Splint BL844KS 116 | Forkommerce Spare Parts","og_description":"Kettenbolzen mit Splint BL844KS 116","og_url":"https:\/\/forkommerce.com\/de\/produkt\/kettenbolzen-mit-splint-bl844ks-116\/","og_site_name":"Forkommerce Spare Parts","article_modified_time":"2026-04-11T09:22:08+00:00","og_image":[{"width":567,"height":643,"url":"https:\/\/forkommerce.com\/wp-content\/uploads\/2026\/02\/Perno-catena-con-coppiglia-BL844KS-116.jpeg","type":"image\/jpeg"}],"twitter_card":"summary_large_image","twitter_misc":{"Gesch\u00e4tzte Lesezeit":"1\u00a0Minute"},"schema":{"@context":"https:\/\/schema.org","@graph":[{"@type":"WebPage","@id":"https:\/\/forkommerce.com\/de\/produkt\/kettenbolzen-mit-splint-bl844ks-116\/","url":"https:\/\/forkommerce.com\/de\/produkt\/kettenbolzen-mit-splint-bl844ks-116\/","name":"Kettenbolzen mit Splint BL844KS 116 | Forkommerce Spare Parts","isPartOf":{"@id":"https:\/\/forkommerce.com\/it\/#website"},"primaryImageOfPage":{"@id":"https:\/\/forkommerce.com\/de\/produkt\/kettenbolzen-mit-splint-bl844ks-116\/#primaryimage"},"image":{"@id":"https:\/\/forkommerce.com\/de\/produkt\/kettenbolzen-mit-splint-bl844ks-116\/#primaryimage"},"thumbnailUrl":"https:\/\/forkommerce.com\/wp-content\/uploads\/2026\/02\/Perno-catena-con-coppiglia-BL844KS-116.jpeg","datePublished":"2026-02-03T08:48:53+00:00","dateModified":"2026-04-11T09:22:08+00:00","breadcrumb":{"@id":"https:\/\/forkommerce.com\/de\/produkt\/kettenbolzen-mit-splint-bl844ks-116\/#breadcrumb"},"inLanguage":"de","potentialAction":[{"@type":"ReadAction","target":["https:\/\/forkommerce.com\/de\/produkt\/kettenbolzen-mit-splint-bl844ks-116\/"]}]},{"@type":"ImageObject","inLanguage":"de","@id":"https:\/\/forkommerce.com\/de\/produkt\/kettenbolzen-mit-splint-bl844ks-116\/#primaryimage","url":"https:\/\/forkommerce.com\/wp-content\/uploads\/2026\/02\/Perno-catena-con-coppiglia-BL844KS-116.jpeg","contentUrl":"https:\/\/forkommerce.com\/wp-content\/uploads\/2026\/02\/Perno-catena-con-coppiglia-BL844KS-116.jpeg","width":567,"height":643,"caption":"Kettenbolzen mit Splint BL844KS 116"},{"@type":"BreadcrumbList","@id":"https:\/\/forkommerce.com\/de\/produkt\/kettenbolzen-mit-splint-bl844ks-116\/#breadcrumb","itemListElement":[{"@type":"ListItem","position":1,"name":"Home","item":"https:\/\/forkommerce.com\/de\/"},{"@type":"ListItem","position":2,"name":"Shop","item":"https:\/\/forkommerce.com\/it\/negozio\/"},{"@type":"ListItem","position":3,"name":"Kettenbolzen mit Splint BL844KS 116"}]},{"@type":"WebSite","@id":"https:\/\/forkommerce.com\/it\/#website","url":"https:\/\/forkommerce.com\/it\/","name":"Forkommerce Spare Parts","description":"Ricambi originali e compatibili per carrelli elevatori e transpallet","publisher":{"@id":"https:\/\/forkommerce.com\/it\/#organization"},"alternateName":"Forkommerce Spare Parts","potentialAction":[{"@type":"SearchAction","target":{"@type":"EntryPoint","urlTemplate":"https:\/\/forkommerce.com\/it\/?s={search_term_string}"},"query-input":{"@type":"PropertyValueSpecification","valueRequired":true,"valueName":"search_term_string"}}],"inLanguage":"de"},{"@type":"Organization","@id":"https:\/\/forkommerce.com\/it\/#organization","name":"Forkommerce Spare Parts","url":"https:\/\/forkommerce.com\/it\/","logo":{"@type":"ImageObject","inLanguage":"de","@id":"https:\/\/forkommerce.com\/it\/#\/schema\/logo\/image\/","url":"https:\/\/forkommerce.com\/wp-content\/uploads\/2025\/09\/Logo-Forkommercex2.png","contentUrl":"https:\/\/forkommerce.com\/wp-content\/uploads\/2025\/09\/Logo-Forkommercex2.png","width":470,"height":120,"caption":"Forkommerce Spare Parts"},"image":{"@id":"https:\/\/forkommerce.com\/it\/#\/schema\/logo\/image\/"}}]}},"_links":{"self":[{"href":"https:\/\/forkommerce.com\/de\/wp-json\/wp\/v2\/product\/3028","targetHints":{"allow":["GET"]}}],"collection":[{"href":"https:\/\/forkommerce.com\/de\/wp-json\/wp\/v2\/product"}],"about":[{"href":"https:\/\/forkommerce.com\/de\/wp-json\/wp\/v2\/types\/product"}],"wp:featuredmedia":[{"embeddable":true,"href":"https:\/\/forkommerce.com\/de\/wp-json\/wp\/v2\/media\/3029"}],"wp:attachment":[{"href":"https:\/\/forkommerce.com\/de\/wp-json\/wp\/v2\/media?parent=3028"}],"wp:term":[{"taxonomy":"product_brand","embeddable":true,"href":"https:\/\/forkommerce.com\/de\/wp-json\/wp\/v2\/product_brand?post=3028"},{"taxonomy":"product_cat","embeddable":true,"href":"https:\/\/forkommerce.com\/de\/wp-json\/wp\/v2\/product_cat?post=3028"},{"taxonomy":"product_tag","embeddable":true,"href":"https:\/\/forkommerce.com\/de\/wp-json\/wp\/v2\/product_tag?post=3028"}],"curies":[{"name":"wp","href":"https:\/\/api.w.org\/{rel}","templated":true}]}}