{"id":3102,"date":"2026-02-03T09:28:57","date_gmt":"2026-02-03T08:28:57","guid":{"rendered":"https:\/\/forkommerce.com\/prodotto\/kettenbolzen-bl633ks\/"},"modified":"2026-04-11T11:22:31","modified_gmt":"2026-04-11T09:22:31","slug":"kettenbolzen-bl633ks","status":"publish","type":"product","link":"https:\/\/forkommerce.com\/de\/produkt\/kettenbolzen-bl633ks\/","title":{"rendered":"Kettenbolzen BL633KS"},"content":{"rendered":"<p data-start=\"32\" data-end=\"297\"><strong>Kettenbolzen BL633KS  <\/strong><\/p>\n<p data-start=\"32\" data-end=\"297\">Der Bolzen mit Splint BL633KS ist ein Befestigungselement f\u00fcr die sichere Verbindung von Industrieketten, die haupts\u00e4chlich in Hebe-, Antriebs- und Materialtransportsystemen im industriellen Bereich eingesetzt werden.<\/p>\n<p data-start=\"299\" data-end=\"514\">Dieser Bolzen erm\u00f6glicht die Verbindung von Kettengliedern oder anderen Verbindungselementen und gew\u00e4hrleistet Stabilit\u00e4t, Sicherheit und Zugfestigkeit, auch unter hohen Lasten oder schweren Arbeitsbedingungen.<\/p>\n<p data-start=\"516\" data-end=\"848\">Gefertigt aus hochfestem Stahl, ist der Bolzen mit einer Durchgangsbohrung f\u00fcr den Sicherungssplint ausgestattet, der ein versehentliches Herausrutschen w\u00e4hrend des Betriebs verhindert.<\/p>\n<p data-start=\"516\" data-end=\"848\">Die pr\u00e4zise Verarbeitung und die Robustheit des Materials sorgen f\u00fcr Zuverl\u00e4ssigkeit, lange Lebensdauer und einfache Wartung.<\/p>\n<p>Professioneller Ersatzbolzen f\u00fcr BL633KS-Flyerketten, eingesetzt in industriellen Hebeanwendungen, Materialtransport und auf Gabelstaplern wie Linde-Serien 391\/394\/335\/350.<\/p>\n<h4 data-section-id=\"1ti5jzm\" data-start=\"1038\" data-end=\"1066\">Hauptmerkmale:<\/h4>\n<p data-start=\"1180\" data-end=\"1219\">Material: Hochfester Stahl f\u00fcr Langlebigkeit und Widerstandsf\u00e4higkeit gegen schwere Lasten.<\/p>\n<p data-start=\"1222\" data-end=\"1268\">Befestigungssystem: Sicherungssplint.<\/p>\n<p data-start=\"1271\" data-end=\"1317\">Hohe Zugfestigkeit und Verschlei\u00dffestigkeit.<\/p>\n<p data-start=\"1320\" data-end=\"1367\">Ideal f\u00fcr Wartung, Industrie-Ersatzteile, Reparatur oder Montage von ma\u00dfgefertigten Ketten.<\/p>\n<p data-start=\"1320\" data-end=\"1367\">Typische Anwendungen: Hebezeuge, Gabelstapler, industrielle F\u00f6rderanlagen.<\/p>\n<p data-start=\"1370\" data-end=\"1429\">Geeignet f\u00fcr Hebesysteme und Schwerlasttransport.<\/p>\n","protected":false},"excerpt":{"rendered":"<p><strong>Kettenbolzen BL633KS  <\/strong><\/p>\n","protected":false},"featured_media":2976,"template":"","meta":[],"product_brand":[],"product_cat":[206],"product_tag":[],"class_list":{"0":"post-3102","1":"product","2":"type-product","3":"status-publish","4":"has-post-thumbnail","6":"product_cat-kettenbolzen","8":"first","9":"instock","10":"taxable","11":"shipping-taxable","12":"purchasable","13":"product-type-simple"},"yoast_head":"<!-- This site is optimized with the Yoast SEO plugin v27.3 - https:\/\/yoast.com\/product\/yoast-seo-wordpress\/ -->\n<title>Kettenbolzen BL633KS | Forkommerce Spare Parts<\/title>\n<meta name=\"robots\" content=\"index, follow, max-snippet:-1, max-image-preview:large, max-video-preview:-1\" \/>\n<link rel=\"canonical\" href=\"https:\/\/forkommerce.com\/de\/produkt\/kettenbolzen-bl633ks\/\" \/>\n<meta property=\"og:locale\" content=\"de_DE\" \/>\n<meta property=\"og:type\" content=\"article\" \/>\n<meta property=\"og:title\" content=\"Kettenbolzen BL633KS | Forkommerce Spare Parts\" \/>\n<meta property=\"og:description\" content=\"Kettenbolzen BL633KS\" \/>\n<meta property=\"og:url\" content=\"https:\/\/forkommerce.com\/de\/produkt\/kettenbolzen-bl633ks\/\" \/>\n<meta property=\"og:site_name\" content=\"Forkommerce Spare Parts\" \/>\n<meta property=\"article:modified_time\" content=\"2026-04-11T09:22:31+00:00\" \/>\n<meta property=\"og:image\" content=\"https:\/\/forkommerce.com\/wp-content\/uploads\/2026\/02\/Perno-a-chiodo-per-catena-BL644.jpeg\" \/>\n\t<meta property=\"og:image:width\" content=\"465\" \/>\n\t<meta property=\"og:image:height\" content=\"469\" \/>\n\t<meta property=\"og:image:type\" content=\"image\/jpeg\" \/>\n<meta name=\"twitter:card\" content=\"summary_large_image\" \/>\n<meta name=\"twitter:label1\" content=\"Gesch\u00e4tzte Lesezeit\" \/>\n\t<meta name=\"twitter:data1\" content=\"1\u00a0Minute\" \/>\n<script type=\"application\/ld+json\" class=\"yoast-schema-graph\">{\"@context\":\"https:\\\/\\\/schema.org\",\"@graph\":[{\"@type\":\"WebPage\",\"@id\":\"https:\\\/\\\/forkommerce.com\\\/de\\\/produkt\\\/kettenbolzen-bl633ks\\\/\",\"url\":\"https:\\\/\\\/forkommerce.com\\\/de\\\/produkt\\\/kettenbolzen-bl633ks\\\/\",\"name\":\"Kettenbolzen BL633KS | Forkommerce Spare Parts\",\"isPartOf\":{\"@id\":\"https:\\\/\\\/forkommerce.com\\\/it\\\/#website\"},\"primaryImageOfPage\":{\"@id\":\"https:\\\/\\\/forkommerce.com\\\/de\\\/produkt\\\/kettenbolzen-bl633ks\\\/#primaryimage\"},\"image\":{\"@id\":\"https:\\\/\\\/forkommerce.com\\\/de\\\/produkt\\\/kettenbolzen-bl633ks\\\/#primaryimage\"},\"thumbnailUrl\":\"https:\\\/\\\/forkommerce.com\\\/wp-content\\\/uploads\\\/2026\\\/02\\\/Perno-a-chiodo-per-catena-BL644.jpeg\",\"datePublished\":\"2026-02-03T08:28:57+00:00\",\"dateModified\":\"2026-04-11T09:22:31+00:00\",\"breadcrumb\":{\"@id\":\"https:\\\/\\\/forkommerce.com\\\/de\\\/produkt\\\/kettenbolzen-bl633ks\\\/#breadcrumb\"},\"inLanguage\":\"de\",\"potentialAction\":[{\"@type\":\"ReadAction\",\"target\":[\"https:\\\/\\\/forkommerce.com\\\/de\\\/produkt\\\/kettenbolzen-bl633ks\\\/\"]}]},{\"@type\":\"ImageObject\",\"inLanguage\":\"de\",\"@id\":\"https:\\\/\\\/forkommerce.com\\\/de\\\/produkt\\\/kettenbolzen-bl633ks\\\/#primaryimage\",\"url\":\"https:\\\/\\\/forkommerce.com\\\/wp-content\\\/uploads\\\/2026\\\/02\\\/Perno-a-chiodo-per-catena-BL644.jpeg\",\"contentUrl\":\"https:\\\/\\\/forkommerce.com\\\/wp-content\\\/uploads\\\/2026\\\/02\\\/Perno-a-chiodo-per-catena-BL644.jpeg\",\"width\":465,\"height\":469,\"caption\":\"Nietbolzen f\u00fcr Kette BL644\"},{\"@type\":\"BreadcrumbList\",\"@id\":\"https:\\\/\\\/forkommerce.com\\\/de\\\/produkt\\\/kettenbolzen-bl633ks\\\/#breadcrumb\",\"itemListElement\":[{\"@type\":\"ListItem\",\"position\":1,\"name\":\"Home\",\"item\":\"https:\\\/\\\/forkommerce.com\\\/de\\\/\"},{\"@type\":\"ListItem\",\"position\":2,\"name\":\"Shop\",\"item\":\"https:\\\/\\\/forkommerce.com\\\/it\\\/negozio\\\/\"},{\"@type\":\"ListItem\",\"position\":3,\"name\":\"Kettenbolzen BL633KS\"}]},{\"@type\":\"WebSite\",\"@id\":\"https:\\\/\\\/forkommerce.com\\\/it\\\/#website\",\"url\":\"https:\\\/\\\/forkommerce.com\\\/it\\\/\",\"name\":\"Forkommerce Spare Parts\",\"description\":\"Ricambi originali e compatibili per carrelli elevatori e transpallet\",\"publisher\":{\"@id\":\"https:\\\/\\\/forkommerce.com\\\/it\\\/#organization\"},\"alternateName\":\"Forkommerce Spare Parts\",\"potentialAction\":[{\"@type\":\"SearchAction\",\"target\":{\"@type\":\"EntryPoint\",\"urlTemplate\":\"https:\\\/\\\/forkommerce.com\\\/it\\\/?s={search_term_string}\"},\"query-input\":{\"@type\":\"PropertyValueSpecification\",\"valueRequired\":true,\"valueName\":\"search_term_string\"}}],\"inLanguage\":\"de\"},{\"@type\":\"Organization\",\"@id\":\"https:\\\/\\\/forkommerce.com\\\/it\\\/#organization\",\"name\":\"Forkommerce Spare Parts\",\"url\":\"https:\\\/\\\/forkommerce.com\\\/it\\\/\",\"logo\":{\"@type\":\"ImageObject\",\"inLanguage\":\"de\",\"@id\":\"https:\\\/\\\/forkommerce.com\\\/it\\\/#\\\/schema\\\/logo\\\/image\\\/\",\"url\":\"https:\\\/\\\/forkommerce.com\\\/wp-content\\\/uploads\\\/2025\\\/09\\\/Logo-Forkommercex2.png\",\"contentUrl\":\"https:\\\/\\\/forkommerce.com\\\/wp-content\\\/uploads\\\/2025\\\/09\\\/Logo-Forkommercex2.png\",\"width\":470,\"height\":120,\"caption\":\"Forkommerce Spare Parts\"},\"image\":{\"@id\":\"https:\\\/\\\/forkommerce.com\\\/it\\\/#\\\/schema\\\/logo\\\/image\\\/\"}}]}<\/script>\n<!-- \/ Yoast SEO plugin. -->","yoast_head_json":{"title":"Kettenbolzen BL633KS | Forkommerce Spare Parts","robots":{"index":"index","follow":"follow","max-snippet":"max-snippet:-1","max-image-preview":"max-image-preview:large","max-video-preview":"max-video-preview:-1"},"canonical":"https:\/\/forkommerce.com\/de\/produkt\/kettenbolzen-bl633ks\/","og_locale":"de_DE","og_type":"article","og_title":"Kettenbolzen BL633KS | Forkommerce Spare Parts","og_description":"Kettenbolzen BL633KS","og_url":"https:\/\/forkommerce.com\/de\/produkt\/kettenbolzen-bl633ks\/","og_site_name":"Forkommerce Spare Parts","article_modified_time":"2026-04-11T09:22:31+00:00","og_image":[{"width":465,"height":469,"url":"https:\/\/forkommerce.com\/wp-content\/uploads\/2026\/02\/Perno-a-chiodo-per-catena-BL644.jpeg","type":"image\/jpeg"}],"twitter_card":"summary_large_image","twitter_misc":{"Gesch\u00e4tzte Lesezeit":"1\u00a0Minute"},"schema":{"@context":"https:\/\/schema.org","@graph":[{"@type":"WebPage","@id":"https:\/\/forkommerce.com\/de\/produkt\/kettenbolzen-bl633ks\/","url":"https:\/\/forkommerce.com\/de\/produkt\/kettenbolzen-bl633ks\/","name":"Kettenbolzen BL633KS | Forkommerce Spare Parts","isPartOf":{"@id":"https:\/\/forkommerce.com\/it\/#website"},"primaryImageOfPage":{"@id":"https:\/\/forkommerce.com\/de\/produkt\/kettenbolzen-bl633ks\/#primaryimage"},"image":{"@id":"https:\/\/forkommerce.com\/de\/produkt\/kettenbolzen-bl633ks\/#primaryimage"},"thumbnailUrl":"https:\/\/forkommerce.com\/wp-content\/uploads\/2026\/02\/Perno-a-chiodo-per-catena-BL644.jpeg","datePublished":"2026-02-03T08:28:57+00:00","dateModified":"2026-04-11T09:22:31+00:00","breadcrumb":{"@id":"https:\/\/forkommerce.com\/de\/produkt\/kettenbolzen-bl633ks\/#breadcrumb"},"inLanguage":"de","potentialAction":[{"@type":"ReadAction","target":["https:\/\/forkommerce.com\/de\/produkt\/kettenbolzen-bl633ks\/"]}]},{"@type":"ImageObject","inLanguage":"de","@id":"https:\/\/forkommerce.com\/de\/produkt\/kettenbolzen-bl633ks\/#primaryimage","url":"https:\/\/forkommerce.com\/wp-content\/uploads\/2026\/02\/Perno-a-chiodo-per-catena-BL644.jpeg","contentUrl":"https:\/\/forkommerce.com\/wp-content\/uploads\/2026\/02\/Perno-a-chiodo-per-catena-BL644.jpeg","width":465,"height":469,"caption":"Nietbolzen f\u00fcr Kette BL644"},{"@type":"BreadcrumbList","@id":"https:\/\/forkommerce.com\/de\/produkt\/kettenbolzen-bl633ks\/#breadcrumb","itemListElement":[{"@type":"ListItem","position":1,"name":"Home","item":"https:\/\/forkommerce.com\/de\/"},{"@type":"ListItem","position":2,"name":"Shop","item":"https:\/\/forkommerce.com\/it\/negozio\/"},{"@type":"ListItem","position":3,"name":"Kettenbolzen BL633KS"}]},{"@type":"WebSite","@id":"https:\/\/forkommerce.com\/it\/#website","url":"https:\/\/forkommerce.com\/it\/","name":"Forkommerce Spare Parts","description":"Ricambi originali e compatibili per carrelli elevatori e transpallet","publisher":{"@id":"https:\/\/forkommerce.com\/it\/#organization"},"alternateName":"Forkommerce Spare Parts","potentialAction":[{"@type":"SearchAction","target":{"@type":"EntryPoint","urlTemplate":"https:\/\/forkommerce.com\/it\/?s={search_term_string}"},"query-input":{"@type":"PropertyValueSpecification","valueRequired":true,"valueName":"search_term_string"}}],"inLanguage":"de"},{"@type":"Organization","@id":"https:\/\/forkommerce.com\/it\/#organization","name":"Forkommerce Spare Parts","url":"https:\/\/forkommerce.com\/it\/","logo":{"@type":"ImageObject","inLanguage":"de","@id":"https:\/\/forkommerce.com\/it\/#\/schema\/logo\/image\/","url":"https:\/\/forkommerce.com\/wp-content\/uploads\/2025\/09\/Logo-Forkommercex2.png","contentUrl":"https:\/\/forkommerce.com\/wp-content\/uploads\/2025\/09\/Logo-Forkommercex2.png","width":470,"height":120,"caption":"Forkommerce Spare Parts"},"image":{"@id":"https:\/\/forkommerce.com\/it\/#\/schema\/logo\/image\/"}}]}},"_links":{"self":[{"href":"https:\/\/forkommerce.com\/de\/wp-json\/wp\/v2\/product\/3102","targetHints":{"allow":["GET"]}}],"collection":[{"href":"https:\/\/forkommerce.com\/de\/wp-json\/wp\/v2\/product"}],"about":[{"href":"https:\/\/forkommerce.com\/de\/wp-json\/wp\/v2\/types\/product"}],"wp:featuredmedia":[{"embeddable":true,"href":"https:\/\/forkommerce.com\/de\/wp-json\/wp\/v2\/media\/2976"}],"wp:attachment":[{"href":"https:\/\/forkommerce.com\/de\/wp-json\/wp\/v2\/media?parent=3102"}],"wp:term":[{"taxonomy":"product_brand","embeddable":true,"href":"https:\/\/forkommerce.com\/de\/wp-json\/wp\/v2\/product_brand?post=3102"},{"taxonomy":"product_cat","embeddable":true,"href":"https:\/\/forkommerce.com\/de\/wp-json\/wp\/v2\/product_cat?post=3102"},{"taxonomy":"product_tag","embeddable":true,"href":"https:\/\/forkommerce.com\/de\/wp-json\/wp\/v2\/product_tag?post=3102"}],"curies":[{"name":"wp","href":"https:\/\/api.w.org\/{rel}","templated":true}]}}