{"id":3243,"date":"2026-02-02T15:49:42","date_gmt":"2026-02-02T14:49:42","guid":{"rendered":"https:\/\/forkommerce.com\/prodotto\/kette-bl866ks-111\/"},"modified":"2026-02-02T15:49:42","modified_gmt":"2026-02-02T14:49:42","slug":"kette-bl866ks-111","status":"publish","type":"product","link":"https:\/\/forkommerce.com\/de\/produkt\/kette-bl866ks-111\/","title":{"rendered":"Kette BL866KS 111"},"content":{"rendered":"<p><strong>Kette BL866KS-111 <\/strong><\/p>\n<p><strong>Zentralkette 6&#215;6 mit Kunststoff Marke: Jungheinrich \/ BL866<\/strong><\/p>\n<p><strong>Beschreibung:<br \/>\nZentralkette 6&#215;6 mit Kunststoffelementen, ideal f\u00fcr industrielle Anwendungen, die hohe Widerstandsf\u00e4higkeit und Langlebigkeit erfordern. <\/strong><\/p>\n<p><strong>Entwickelt f\u00fcr zuverl\u00e4ssige Leistung bei schweren Umschlag- und Hebevorg\u00e4ngen.<\/strong><\/p>\n<p><strong> <\/strong><\/p>\n<p><strong>Technische Daten:<\/strong><\/p>\n<ul>\n<li><strong>Kettentyp: Flyerkette (Leaf chain) TY-K<\/strong><\/li>\n<li><strong>Teilung (Bolzenabstand): 25,4 mm<\/strong><\/li>\n<li><strong>Bolzendurchmesser: 9,53 mm<\/strong><\/li>\n<li><strong>Gesamtbreite: 68,5 mm<\/strong><\/li>\n<li><strong>Gesamth\u00f6he: 23,6 mm<\/strong><\/li>\n<li><strong>Plattenst\u00e4rke: 4,0 mm<\/strong><\/li>\n<li><strong>Plattenkonfiguration: 6&#215;6<\/strong><\/li>\n<li><strong>Material: Stahl (Steel)<\/strong><\/li>\n<li><strong>Bruchkraft: 315 kN<\/strong><\/li>\n<li><strong>Gewicht: 7 kg\/m<\/strong><\/li>\n<\/ul>\n<p><strong>Warum Sie diese Kette w\u00e4hlen sollten:<\/strong><\/p>\n<ul>\n<li><strong>Widerstandsf\u00e4hig und langlebig auch unter schweren Arbeitsbedingungen<\/strong><\/li>\n<li><strong>Einfache Installation dank modularer Bauweise<\/strong><\/li>\n<li><strong>Garantierte Zuverl\u00e4ssigkeit durch die Marke Jungheinrich<\/strong><\/li>\n<\/ul>\n","protected":false},"excerpt":{"rendered":"<p>Kette BL866KS 111<\/p>\n","protected":false},"featured_media":3244,"template":"","meta":[],"product_brand":[178],"product_cat":[108],"product_tag":[],"class_list":{"0":"post-3243","1":"product","2":"type-product","3":"status-publish","4":"has-post-thumbnail","6":"product_brand-jungheinrich","7":"product_cat-ketten","9":"first","10":"instock","11":"taxable","12":"shipping-taxable","13":"purchasable","14":"product-type-simple"},"yoast_head":"<!-- This site is optimized with the Yoast SEO plugin v27.3 - https:\/\/yoast.com\/product\/yoast-seo-wordpress\/ -->\n<title>Kette BL866KS 111 | Forkommerce Spare Parts<\/title>\n<meta name=\"robots\" content=\"index, follow, max-snippet:-1, max-image-preview:large, max-video-preview:-1\" \/>\n<link rel=\"canonical\" href=\"https:\/\/forkommerce.com\/de\/produkt\/kette-bl866ks-111\/\" \/>\n<meta property=\"og:locale\" content=\"de_DE\" \/>\n<meta property=\"og:type\" content=\"article\" \/>\n<meta property=\"og:title\" content=\"Kette BL866KS 111 | Forkommerce Spare Parts\" \/>\n<meta property=\"og:description\" content=\"Kette BL866KS 111\" \/>\n<meta property=\"og:url\" content=\"https:\/\/forkommerce.com\/de\/produkt\/kette-bl866ks-111\/\" \/>\n<meta property=\"og:site_name\" content=\"Forkommerce Spare Parts\" \/>\n<meta property=\"og:image\" content=\"https:\/\/forkommerce.com\/wp-content\/uploads\/2026\/02\/Catena-BL866KS-111.jpeg\" \/>\n\t<meta property=\"og:image:width\" content=\"488\" \/>\n\t<meta property=\"og:image:height\" content=\"328\" \/>\n\t<meta property=\"og:image:type\" content=\"image\/jpeg\" \/>\n<meta name=\"twitter:card\" content=\"summary_large_image\" \/>\n<script type=\"application\/ld+json\" class=\"yoast-schema-graph\">{\"@context\":\"https:\\\/\\\/schema.org\",\"@graph\":[{\"@type\":\"WebPage\",\"@id\":\"https:\\\/\\\/forkommerce.com\\\/de\\\/produkt\\\/kette-bl866ks-111\\\/\",\"url\":\"https:\\\/\\\/forkommerce.com\\\/de\\\/produkt\\\/kette-bl866ks-111\\\/\",\"name\":\"Kette BL866KS 111 | Forkommerce Spare Parts\",\"isPartOf\":{\"@id\":\"https:\\\/\\\/forkommerce.com\\\/it\\\/#website\"},\"primaryImageOfPage\":{\"@id\":\"https:\\\/\\\/forkommerce.com\\\/de\\\/produkt\\\/kette-bl866ks-111\\\/#primaryimage\"},\"image\":{\"@id\":\"https:\\\/\\\/forkommerce.com\\\/de\\\/produkt\\\/kette-bl866ks-111\\\/#primaryimage\"},\"thumbnailUrl\":\"https:\\\/\\\/forkommerce.com\\\/wp-content\\\/uploads\\\/2026\\\/02\\\/Catena-BL866KS-111.jpeg\",\"datePublished\":\"2026-02-02T14:49:42+00:00\",\"breadcrumb\":{\"@id\":\"https:\\\/\\\/forkommerce.com\\\/de\\\/produkt\\\/kette-bl866ks-111\\\/#breadcrumb\"},\"inLanguage\":\"de\",\"potentialAction\":[{\"@type\":\"ReadAction\",\"target\":[\"https:\\\/\\\/forkommerce.com\\\/de\\\/produkt\\\/kette-bl866ks-111\\\/\"]}]},{\"@type\":\"ImageObject\",\"inLanguage\":\"de\",\"@id\":\"https:\\\/\\\/forkommerce.com\\\/de\\\/produkt\\\/kette-bl866ks-111\\\/#primaryimage\",\"url\":\"https:\\\/\\\/forkommerce.com\\\/wp-content\\\/uploads\\\/2026\\\/02\\\/Catena-BL866KS-111.jpeg\",\"contentUrl\":\"https:\\\/\\\/forkommerce.com\\\/wp-content\\\/uploads\\\/2026\\\/02\\\/Catena-BL866KS-111.jpeg\",\"width\":488,\"height\":328,\"caption\":\"Kette BL866KS 111\"},{\"@type\":\"BreadcrumbList\",\"@id\":\"https:\\\/\\\/forkommerce.com\\\/de\\\/produkt\\\/kette-bl866ks-111\\\/#breadcrumb\",\"itemListElement\":[{\"@type\":\"ListItem\",\"position\":1,\"name\":\"Home\",\"item\":\"https:\\\/\\\/forkommerce.com\\\/de\\\/\"},{\"@type\":\"ListItem\",\"position\":2,\"name\":\"Shop\",\"item\":\"https:\\\/\\\/forkommerce.com\\\/it\\\/negozio\\\/\"},{\"@type\":\"ListItem\",\"position\":3,\"name\":\"Kette BL866KS 111\"}]},{\"@type\":\"WebSite\",\"@id\":\"https:\\\/\\\/forkommerce.com\\\/it\\\/#website\",\"url\":\"https:\\\/\\\/forkommerce.com\\\/it\\\/\",\"name\":\"Forkommerce Spare Parts\",\"description\":\"Ricambi originali e compatibili per carrelli elevatori e transpallet\",\"publisher\":{\"@id\":\"https:\\\/\\\/forkommerce.com\\\/it\\\/#organization\"},\"alternateName\":\"Forkommerce Spare Parts\",\"potentialAction\":[{\"@type\":\"SearchAction\",\"target\":{\"@type\":\"EntryPoint\",\"urlTemplate\":\"https:\\\/\\\/forkommerce.com\\\/it\\\/?s={search_term_string}\"},\"query-input\":{\"@type\":\"PropertyValueSpecification\",\"valueRequired\":true,\"valueName\":\"search_term_string\"}}],\"inLanguage\":\"de\"},{\"@type\":\"Organization\",\"@id\":\"https:\\\/\\\/forkommerce.com\\\/it\\\/#organization\",\"name\":\"Forkommerce Spare Parts\",\"url\":\"https:\\\/\\\/forkommerce.com\\\/it\\\/\",\"logo\":{\"@type\":\"ImageObject\",\"inLanguage\":\"de\",\"@id\":\"https:\\\/\\\/forkommerce.com\\\/it\\\/#\\\/schema\\\/logo\\\/image\\\/\",\"url\":\"https:\\\/\\\/forkommerce.com\\\/wp-content\\\/uploads\\\/2025\\\/09\\\/Logo-Forkommercex2.png\",\"contentUrl\":\"https:\\\/\\\/forkommerce.com\\\/wp-content\\\/uploads\\\/2025\\\/09\\\/Logo-Forkommercex2.png\",\"width\":470,\"height\":120,\"caption\":\"Forkommerce Spare Parts\"},\"image\":{\"@id\":\"https:\\\/\\\/forkommerce.com\\\/it\\\/#\\\/schema\\\/logo\\\/image\\\/\"}}]}<\/script>\n<!-- \/ Yoast SEO plugin. -->","yoast_head_json":{"title":"Kette BL866KS 111 | Forkommerce Spare Parts","robots":{"index":"index","follow":"follow","max-snippet":"max-snippet:-1","max-image-preview":"max-image-preview:large","max-video-preview":"max-video-preview:-1"},"canonical":"https:\/\/forkommerce.com\/de\/produkt\/kette-bl866ks-111\/","og_locale":"de_DE","og_type":"article","og_title":"Kette BL866KS 111 | Forkommerce Spare Parts","og_description":"Kette BL866KS 111","og_url":"https:\/\/forkommerce.com\/de\/produkt\/kette-bl866ks-111\/","og_site_name":"Forkommerce Spare Parts","og_image":[{"width":488,"height":328,"url":"https:\/\/forkommerce.com\/wp-content\/uploads\/2026\/02\/Catena-BL866KS-111.jpeg","type":"image\/jpeg"}],"twitter_card":"summary_large_image","schema":{"@context":"https:\/\/schema.org","@graph":[{"@type":"WebPage","@id":"https:\/\/forkommerce.com\/de\/produkt\/kette-bl866ks-111\/","url":"https:\/\/forkommerce.com\/de\/produkt\/kette-bl866ks-111\/","name":"Kette BL866KS 111 | Forkommerce Spare Parts","isPartOf":{"@id":"https:\/\/forkommerce.com\/it\/#website"},"primaryImageOfPage":{"@id":"https:\/\/forkommerce.com\/de\/produkt\/kette-bl866ks-111\/#primaryimage"},"image":{"@id":"https:\/\/forkommerce.com\/de\/produkt\/kette-bl866ks-111\/#primaryimage"},"thumbnailUrl":"https:\/\/forkommerce.com\/wp-content\/uploads\/2026\/02\/Catena-BL866KS-111.jpeg","datePublished":"2026-02-02T14:49:42+00:00","breadcrumb":{"@id":"https:\/\/forkommerce.com\/de\/produkt\/kette-bl866ks-111\/#breadcrumb"},"inLanguage":"de","potentialAction":[{"@type":"ReadAction","target":["https:\/\/forkommerce.com\/de\/produkt\/kette-bl866ks-111\/"]}]},{"@type":"ImageObject","inLanguage":"de","@id":"https:\/\/forkommerce.com\/de\/produkt\/kette-bl866ks-111\/#primaryimage","url":"https:\/\/forkommerce.com\/wp-content\/uploads\/2026\/02\/Catena-BL866KS-111.jpeg","contentUrl":"https:\/\/forkommerce.com\/wp-content\/uploads\/2026\/02\/Catena-BL866KS-111.jpeg","width":488,"height":328,"caption":"Kette BL866KS 111"},{"@type":"BreadcrumbList","@id":"https:\/\/forkommerce.com\/de\/produkt\/kette-bl866ks-111\/#breadcrumb","itemListElement":[{"@type":"ListItem","position":1,"name":"Home","item":"https:\/\/forkommerce.com\/de\/"},{"@type":"ListItem","position":2,"name":"Shop","item":"https:\/\/forkommerce.com\/it\/negozio\/"},{"@type":"ListItem","position":3,"name":"Kette BL866KS 111"}]},{"@type":"WebSite","@id":"https:\/\/forkommerce.com\/it\/#website","url":"https:\/\/forkommerce.com\/it\/","name":"Forkommerce Spare Parts","description":"Ricambi originali e compatibili per carrelli elevatori e transpallet","publisher":{"@id":"https:\/\/forkommerce.com\/it\/#organization"},"alternateName":"Forkommerce Spare Parts","potentialAction":[{"@type":"SearchAction","target":{"@type":"EntryPoint","urlTemplate":"https:\/\/forkommerce.com\/it\/?s={search_term_string}"},"query-input":{"@type":"PropertyValueSpecification","valueRequired":true,"valueName":"search_term_string"}}],"inLanguage":"de"},{"@type":"Organization","@id":"https:\/\/forkommerce.com\/it\/#organization","name":"Forkommerce Spare Parts","url":"https:\/\/forkommerce.com\/it\/","logo":{"@type":"ImageObject","inLanguage":"de","@id":"https:\/\/forkommerce.com\/it\/#\/schema\/logo\/image\/","url":"https:\/\/forkommerce.com\/wp-content\/uploads\/2025\/09\/Logo-Forkommercex2.png","contentUrl":"https:\/\/forkommerce.com\/wp-content\/uploads\/2025\/09\/Logo-Forkommercex2.png","width":470,"height":120,"caption":"Forkommerce Spare Parts"},"image":{"@id":"https:\/\/forkommerce.com\/it\/#\/schema\/logo\/image\/"}}]}},"_links":{"self":[{"href":"https:\/\/forkommerce.com\/de\/wp-json\/wp\/v2\/product\/3243","targetHints":{"allow":["GET"]}}],"collection":[{"href":"https:\/\/forkommerce.com\/de\/wp-json\/wp\/v2\/product"}],"about":[{"href":"https:\/\/forkommerce.com\/de\/wp-json\/wp\/v2\/types\/product"}],"wp:featuredmedia":[{"embeddable":true,"href":"https:\/\/forkommerce.com\/de\/wp-json\/wp\/v2\/media\/3244"}],"wp:attachment":[{"href":"https:\/\/forkommerce.com\/de\/wp-json\/wp\/v2\/media?parent=3243"}],"wp:term":[{"taxonomy":"product_brand","embeddable":true,"href":"https:\/\/forkommerce.com\/de\/wp-json\/wp\/v2\/product_brand?post=3243"},{"taxonomy":"product_cat","embeddable":true,"href":"https:\/\/forkommerce.com\/de\/wp-json\/wp\/v2\/product_cat?post=3243"},{"taxonomy":"product_tag","embeddable":true,"href":"https:\/\/forkommerce.com\/de\/wp-json\/wp\/v2\/product_tag?post=3243"}],"curies":[{"name":"wp","href":"https:\/\/api.w.org\/{rel}","templated":true}]}}