{"id":3258,"date":"2026-02-02T16:02:09","date_gmt":"2026-02-02T15:02:09","guid":{"rendered":"https:\/\/forkommerce.com\/prodotto\/kette-ll1644\/"},"modified":"2026-02-02T16:02:09","modified_gmt":"2026-02-02T15:02:09","slug":"kette-ll1644","status":"publish","type":"product","link":"https:\/\/forkommerce.com\/de\/produkt\/kette-ll1644\/","title":{"rendered":"Kette LL1644"},"content":{"rendered":"<p><strong>Industrielle <em>Flyerkette<\/em> LL1644, konzipiert f\u00fcr hochfeste Hebe- und Zuganwendungen. <\/strong><\/p>\n<p><strong>Hergestellt aus hochwertigen Materialien mit spezieller W\u00e4rmebehandlung, um Langlebigkeit und Zuverl\u00e4ssigkeit zu gew\u00e4hrleisten. <\/strong><\/p>\n<p><strong>Die <em>Flyerkette<\/em> LL1644 ist eine Kette aus miteinander verbundenen Laschen und Bolzen, ohne Rollen, die speziell f\u00fcr hohe Lasten entwickelt wurde und gleichzeitig flexibel und stabil in der Bewegung bleibt. <\/strong><\/p>\n<p><strong>\ud83d\udccf<\/strong><strong> Teilung: 25,4\u202fmm (1\u2033)<\/strong><\/p>\n<ul>\n<li><strong>\ud83d\udccd<\/strong><strong> Laschenanordnung: 4\u00d74 (Kombination)<\/strong><\/li>\n<li><strong>\ud83d\udd29<\/strong><strong> Bolzendurchmesser: ca. 8,28\u202fmm<\/strong><\/li>\n<li><strong>\ud83d\udcd0<\/strong><strong> Laschendicke: ca. 3,20\u202fmm<\/strong><\/li>\n<li><strong>\u2699\ufe0f<\/strong><strong> Bruchkraft: ca. 120\u202fkN (ISO)<\/strong><\/li>\n<li><strong>\u2696\ufe0f<\/strong><strong> Ungef\u00e4hres Gewicht: ~2,9\u20133,2\u202fkg\/m<\/strong><\/li>\n<li><strong>\ud83d\udee0\ufe0f<\/strong><strong> Baunorm: ISO 4347 \/ DIN 8152<br \/>\n<\/strong><\/li>\n<\/ul>\n<p><strong>Ihre Vorteile:<br \/>\n<\/strong><strong>\u2705<\/strong><strong> H\u00f6here Dauerfestigkeit im Vergleich zu herk\u00f6mmlichen Rollenketten<br \/>\n<\/strong><strong>\u2705<\/strong><strong> Ideal f\u00fcr Zug- und Hebeanwendungen<br \/>\n<\/strong><strong>\u2705<\/strong><strong> Kompatibel mit den Industriestandards ISO \/ DIN<br \/>\n<\/strong><strong>\u2705<\/strong><strong> Perfekt f\u00fcr Wartung, Reparatur oder Modernisierung von Industrieanlagen<\/strong><\/p>\n","protected":false},"excerpt":{"rendered":"<p>Kette LL1644<\/p>\n","protected":false},"featured_media":3259,"template":"","meta":[],"product_brand":[],"product_cat":[108],"product_tag":[],"class_list":{"0":"post-3258","1":"product","2":"type-product","3":"status-publish","4":"has-post-thumbnail","6":"product_cat-ketten","8":"first","9":"instock","10":"taxable","11":"shipping-taxable","12":"purchasable","13":"product-type-simple"},"yoast_head":"<!-- This site is optimized with the Yoast SEO plugin v27.3 - https:\/\/yoast.com\/product\/yoast-seo-wordpress\/ -->\n<title>Kette LL1644 | Forkommerce Spare Parts<\/title>\n<meta name=\"robots\" content=\"index, follow, max-snippet:-1, max-image-preview:large, max-video-preview:-1\" \/>\n<link rel=\"canonical\" href=\"https:\/\/forkommerce.com\/de\/produkt\/kette-ll1644\/\" \/>\n<meta property=\"og:locale\" content=\"de_DE\" \/>\n<meta property=\"og:type\" content=\"article\" \/>\n<meta property=\"og:title\" content=\"Kette LL1644 | Forkommerce Spare Parts\" \/>\n<meta property=\"og:description\" content=\"Kette LL1644\" \/>\n<meta property=\"og:url\" content=\"https:\/\/forkommerce.com\/de\/produkt\/kette-ll1644\/\" \/>\n<meta property=\"og:site_name\" content=\"Forkommerce Spare Parts\" \/>\n<meta property=\"og:image\" content=\"https:\/\/forkommerce.com\/wp-content\/uploads\/2026\/02\/Catena-LL1644.jpeg\" \/>\n\t<meta property=\"og:image:width\" content=\"828\" \/>\n\t<meta property=\"og:image:height\" content=\"628\" \/>\n\t<meta property=\"og:image:type\" content=\"image\/jpeg\" \/>\n<meta name=\"twitter:card\" content=\"summary_large_image\" \/>\n<meta name=\"twitter:label1\" content=\"Gesch\u00e4tzte Lesezeit\" \/>\n\t<meta name=\"twitter:data1\" content=\"1\u00a0Minute\" \/>\n<script type=\"application\/ld+json\" class=\"yoast-schema-graph\">{\"@context\":\"https:\\\/\\\/schema.org\",\"@graph\":[{\"@type\":\"WebPage\",\"@id\":\"https:\\\/\\\/forkommerce.com\\\/de\\\/produkt\\\/kette-ll1644\\\/\",\"url\":\"https:\\\/\\\/forkommerce.com\\\/de\\\/produkt\\\/kette-ll1644\\\/\",\"name\":\"Kette LL1644 | Forkommerce Spare Parts\",\"isPartOf\":{\"@id\":\"https:\\\/\\\/forkommerce.com\\\/it\\\/#website\"},\"primaryImageOfPage\":{\"@id\":\"https:\\\/\\\/forkommerce.com\\\/de\\\/produkt\\\/kette-ll1644\\\/#primaryimage\"},\"image\":{\"@id\":\"https:\\\/\\\/forkommerce.com\\\/de\\\/produkt\\\/kette-ll1644\\\/#primaryimage\"},\"thumbnailUrl\":\"https:\\\/\\\/forkommerce.com\\\/wp-content\\\/uploads\\\/2026\\\/02\\\/Catena-LL1644.jpeg\",\"datePublished\":\"2026-02-02T15:02:09+00:00\",\"breadcrumb\":{\"@id\":\"https:\\\/\\\/forkommerce.com\\\/de\\\/produkt\\\/kette-ll1644\\\/#breadcrumb\"},\"inLanguage\":\"de\",\"potentialAction\":[{\"@type\":\"ReadAction\",\"target\":[\"https:\\\/\\\/forkommerce.com\\\/de\\\/produkt\\\/kette-ll1644\\\/\"]}]},{\"@type\":\"ImageObject\",\"inLanguage\":\"de\",\"@id\":\"https:\\\/\\\/forkommerce.com\\\/de\\\/produkt\\\/kette-ll1644\\\/#primaryimage\",\"url\":\"https:\\\/\\\/forkommerce.com\\\/wp-content\\\/uploads\\\/2026\\\/02\\\/Catena-LL1644.jpeg\",\"contentUrl\":\"https:\\\/\\\/forkommerce.com\\\/wp-content\\\/uploads\\\/2026\\\/02\\\/Catena-LL1644.jpeg\",\"width\":828,\"height\":628,\"caption\":\"Kette LL1644\"},{\"@type\":\"BreadcrumbList\",\"@id\":\"https:\\\/\\\/forkommerce.com\\\/de\\\/produkt\\\/kette-ll1644\\\/#breadcrumb\",\"itemListElement\":[{\"@type\":\"ListItem\",\"position\":1,\"name\":\"Home\",\"item\":\"https:\\\/\\\/forkommerce.com\\\/de\\\/\"},{\"@type\":\"ListItem\",\"position\":2,\"name\":\"Shop\",\"item\":\"https:\\\/\\\/forkommerce.com\\\/it\\\/negozio\\\/\"},{\"@type\":\"ListItem\",\"position\":3,\"name\":\"Kette LL1644\"}]},{\"@type\":\"WebSite\",\"@id\":\"https:\\\/\\\/forkommerce.com\\\/it\\\/#website\",\"url\":\"https:\\\/\\\/forkommerce.com\\\/it\\\/\",\"name\":\"Forkommerce Spare Parts\",\"description\":\"Ricambi originali e compatibili per carrelli elevatori e transpallet\",\"publisher\":{\"@id\":\"https:\\\/\\\/forkommerce.com\\\/it\\\/#organization\"},\"alternateName\":\"Forkommerce Spare Parts\",\"potentialAction\":[{\"@type\":\"SearchAction\",\"target\":{\"@type\":\"EntryPoint\",\"urlTemplate\":\"https:\\\/\\\/forkommerce.com\\\/it\\\/?s={search_term_string}\"},\"query-input\":{\"@type\":\"PropertyValueSpecification\",\"valueRequired\":true,\"valueName\":\"search_term_string\"}}],\"inLanguage\":\"de\"},{\"@type\":\"Organization\",\"@id\":\"https:\\\/\\\/forkommerce.com\\\/it\\\/#organization\",\"name\":\"Forkommerce Spare Parts\",\"url\":\"https:\\\/\\\/forkommerce.com\\\/it\\\/\",\"logo\":{\"@type\":\"ImageObject\",\"inLanguage\":\"de\",\"@id\":\"https:\\\/\\\/forkommerce.com\\\/it\\\/#\\\/schema\\\/logo\\\/image\\\/\",\"url\":\"https:\\\/\\\/forkommerce.com\\\/wp-content\\\/uploads\\\/2025\\\/09\\\/Logo-Forkommercex2.png\",\"contentUrl\":\"https:\\\/\\\/forkommerce.com\\\/wp-content\\\/uploads\\\/2025\\\/09\\\/Logo-Forkommercex2.png\",\"width\":470,\"height\":120,\"caption\":\"Forkommerce Spare Parts\"},\"image\":{\"@id\":\"https:\\\/\\\/forkommerce.com\\\/it\\\/#\\\/schema\\\/logo\\\/image\\\/\"}}]}<\/script>\n<!-- \/ Yoast SEO plugin. -->","yoast_head_json":{"title":"Kette LL1644 | Forkommerce Spare Parts","robots":{"index":"index","follow":"follow","max-snippet":"max-snippet:-1","max-image-preview":"max-image-preview:large","max-video-preview":"max-video-preview:-1"},"canonical":"https:\/\/forkommerce.com\/de\/produkt\/kette-ll1644\/","og_locale":"de_DE","og_type":"article","og_title":"Kette LL1644 | Forkommerce Spare Parts","og_description":"Kette LL1644","og_url":"https:\/\/forkommerce.com\/de\/produkt\/kette-ll1644\/","og_site_name":"Forkommerce Spare Parts","og_image":[{"width":828,"height":628,"url":"https:\/\/forkommerce.com\/wp-content\/uploads\/2026\/02\/Catena-LL1644.jpeg","type":"image\/jpeg"}],"twitter_card":"summary_large_image","twitter_misc":{"Gesch\u00e4tzte Lesezeit":"1\u00a0Minute"},"schema":{"@context":"https:\/\/schema.org","@graph":[{"@type":"WebPage","@id":"https:\/\/forkommerce.com\/de\/produkt\/kette-ll1644\/","url":"https:\/\/forkommerce.com\/de\/produkt\/kette-ll1644\/","name":"Kette LL1644 | Forkommerce Spare Parts","isPartOf":{"@id":"https:\/\/forkommerce.com\/it\/#website"},"primaryImageOfPage":{"@id":"https:\/\/forkommerce.com\/de\/produkt\/kette-ll1644\/#primaryimage"},"image":{"@id":"https:\/\/forkommerce.com\/de\/produkt\/kette-ll1644\/#primaryimage"},"thumbnailUrl":"https:\/\/forkommerce.com\/wp-content\/uploads\/2026\/02\/Catena-LL1644.jpeg","datePublished":"2026-02-02T15:02:09+00:00","breadcrumb":{"@id":"https:\/\/forkommerce.com\/de\/produkt\/kette-ll1644\/#breadcrumb"},"inLanguage":"de","potentialAction":[{"@type":"ReadAction","target":["https:\/\/forkommerce.com\/de\/produkt\/kette-ll1644\/"]}]},{"@type":"ImageObject","inLanguage":"de","@id":"https:\/\/forkommerce.com\/de\/produkt\/kette-ll1644\/#primaryimage","url":"https:\/\/forkommerce.com\/wp-content\/uploads\/2026\/02\/Catena-LL1644.jpeg","contentUrl":"https:\/\/forkommerce.com\/wp-content\/uploads\/2026\/02\/Catena-LL1644.jpeg","width":828,"height":628,"caption":"Kette LL1644"},{"@type":"BreadcrumbList","@id":"https:\/\/forkommerce.com\/de\/produkt\/kette-ll1644\/#breadcrumb","itemListElement":[{"@type":"ListItem","position":1,"name":"Home","item":"https:\/\/forkommerce.com\/de\/"},{"@type":"ListItem","position":2,"name":"Shop","item":"https:\/\/forkommerce.com\/it\/negozio\/"},{"@type":"ListItem","position":3,"name":"Kette LL1644"}]},{"@type":"WebSite","@id":"https:\/\/forkommerce.com\/it\/#website","url":"https:\/\/forkommerce.com\/it\/","name":"Forkommerce Spare Parts","description":"Ricambi originali e compatibili per carrelli elevatori e transpallet","publisher":{"@id":"https:\/\/forkommerce.com\/it\/#organization"},"alternateName":"Forkommerce Spare Parts","potentialAction":[{"@type":"SearchAction","target":{"@type":"EntryPoint","urlTemplate":"https:\/\/forkommerce.com\/it\/?s={search_term_string}"},"query-input":{"@type":"PropertyValueSpecification","valueRequired":true,"valueName":"search_term_string"}}],"inLanguage":"de"},{"@type":"Organization","@id":"https:\/\/forkommerce.com\/it\/#organization","name":"Forkommerce Spare Parts","url":"https:\/\/forkommerce.com\/it\/","logo":{"@type":"ImageObject","inLanguage":"de","@id":"https:\/\/forkommerce.com\/it\/#\/schema\/logo\/image\/","url":"https:\/\/forkommerce.com\/wp-content\/uploads\/2025\/09\/Logo-Forkommercex2.png","contentUrl":"https:\/\/forkommerce.com\/wp-content\/uploads\/2025\/09\/Logo-Forkommercex2.png","width":470,"height":120,"caption":"Forkommerce Spare Parts"},"image":{"@id":"https:\/\/forkommerce.com\/it\/#\/schema\/logo\/image\/"}}]}},"_links":{"self":[{"href":"https:\/\/forkommerce.com\/de\/wp-json\/wp\/v2\/product\/3258","targetHints":{"allow":["GET"]}}],"collection":[{"href":"https:\/\/forkommerce.com\/de\/wp-json\/wp\/v2\/product"}],"about":[{"href":"https:\/\/forkommerce.com\/de\/wp-json\/wp\/v2\/types\/product"}],"wp:featuredmedia":[{"embeddable":true,"href":"https:\/\/forkommerce.com\/de\/wp-json\/wp\/v2\/media\/3259"}],"wp:attachment":[{"href":"https:\/\/forkommerce.com\/de\/wp-json\/wp\/v2\/media?parent=3258"}],"wp:term":[{"taxonomy":"product_brand","embeddable":true,"href":"https:\/\/forkommerce.com\/de\/wp-json\/wp\/v2\/product_brand?post=3258"},{"taxonomy":"product_cat","embeddable":true,"href":"https:\/\/forkommerce.com\/de\/wp-json\/wp\/v2\/product_cat?post=3258"},{"taxonomy":"product_tag","embeddable":true,"href":"https:\/\/forkommerce.com\/de\/wp-json\/wp\/v2\/product_tag?post=3258"}],"curies":[{"name":"wp","href":"https:\/\/api.w.org\/{rel}","templated":true}]}}