{"id":5023,"date":"2026-04-09T14:24:50","date_gmt":"2026-04-09T12:24:50","guid":{"rendered":"https:\/\/forkommerce.com\/prodotto\/komplettmotor-xinchai-a498bt1\/"},"modified":"2026-04-09T14:24:50","modified_gmt":"2026-04-09T12:24:50","slug":"komplettmotor-xinchai-a498bt1","status":"publish","type":"product","link":"https:\/\/forkommerce.com\/de\/produkt\/komplettmotor-xinchai-a498bt1\/","title":{"rendered":"Komplettmotor Xinchai A498BT1"},"content":{"rendered":"<p>Xinchai A498BT1 Dieselmotor, geeignet f\u00fcr Gabelstapler und leichte Nutzfahrzeuge. Entwickelt f\u00fcr schwere Lasten, garantiert er Zuverl\u00e4ssigkeit und lange Lebensdauer bei einfacher Wartung und leicht verf\u00fcgbaren Komponenten. Ideal f\u00fcr konstante Leistung in intensiven Arbeitsumgebungen.  <\/p>\n","protected":false},"excerpt":{"rendered":"<p>Xinchai A498BT1 Dieselmotor, geeignet f\u00fcr Gabelstapler und leichte Nutzfahrzeuge. Entwickelt f\u00fcr schwere Lasten, garantiert er Zuverl\u00e4ssigkeit und lange Lebensdauer bei einfacher Wartung und leicht verf\u00fcgbaren Komponenten. Ideal f\u00fcr konstante Leistung in intensiven Arbeitsumgebungen.  <\/p>\n","protected":false},"featured_media":4989,"template":"","meta":[],"product_brand":[],"product_cat":[251],"product_tag":[],"class_list":{"0":"post-5023","1":"product","2":"type-product","3":"status-publish","4":"has-post-thumbnail","6":"product_cat-motoren","8":"first","9":"instock","10":"taxable","11":"shipping-taxable","12":"purchasable","13":"product-type-simple"},"yoast_head":"<!-- This site is optimized with the Yoast SEO plugin v27.3 - https:\/\/yoast.com\/product\/yoast-seo-wordpress\/ -->\n<title>Komplettmotor Xinchai A498BT1 | Forkommerce Spare Parts<\/title>\n<meta name=\"robots\" content=\"index, follow, max-snippet:-1, max-image-preview:large, max-video-preview:-1\" \/>\n<link rel=\"canonical\" href=\"https:\/\/forkommerce.com\/de\/produkt\/komplettmotor-xinchai-a498bt1\/\" \/>\n<meta property=\"og:locale\" content=\"de_DE\" \/>\n<meta property=\"og:type\" content=\"article\" \/>\n<meta property=\"og:title\" content=\"Komplettmotor Xinchai A498BT1 | Forkommerce Spare Parts\" \/>\n<meta property=\"og:description\" content=\"Xinchai A498BT1 Dieselmotor, geeignet f\u00fcr Gabelstapler und leichte Nutzfahrzeuge. Entwickelt f\u00fcr schwere Lasten, garantiert er Zuverl\u00e4ssigkeit und lange Lebensdauer bei einfacher Wartung und leicht verf\u00fcgbaren Komponenten. Ideal f\u00fcr konstante Leistung in intensiven Arbeitsumgebungen.\" \/>\n<meta property=\"og:url\" content=\"https:\/\/forkommerce.com\/de\/produkt\/komplettmotor-xinchai-a498bt1\/\" \/>\n<meta property=\"og:site_name\" content=\"Forkommerce Spare Parts\" \/>\n<meta property=\"og:image\" content=\"https:\/\/forkommerce.com\/wp-content\/uploads\/2026\/04\/Motore-completo-Xinchai-A498BT1.png\" \/>\n\t<meta property=\"og:image:width\" content=\"1024\" \/>\n\t<meta property=\"og:image:height\" content=\"768\" \/>\n\t<meta property=\"og:image:type\" content=\"image\/png\" \/>\n<meta name=\"twitter:card\" content=\"summary_large_image\" \/>\n<script type=\"application\/ld+json\" class=\"yoast-schema-graph\">{\"@context\":\"https:\\\/\\\/schema.org\",\"@graph\":[{\"@type\":\"WebPage\",\"@id\":\"https:\\\/\\\/forkommerce.com\\\/de\\\/produkt\\\/komplettmotor-xinchai-a498bt1\\\/\",\"url\":\"https:\\\/\\\/forkommerce.com\\\/de\\\/produkt\\\/komplettmotor-xinchai-a498bt1\\\/\",\"name\":\"Komplettmotor Xinchai A498BT1 | Forkommerce Spare Parts\",\"isPartOf\":{\"@id\":\"https:\\\/\\\/forkommerce.com\\\/it\\\/#website\"},\"primaryImageOfPage\":{\"@id\":\"https:\\\/\\\/forkommerce.com\\\/de\\\/produkt\\\/komplettmotor-xinchai-a498bt1\\\/#primaryimage\"},\"image\":{\"@id\":\"https:\\\/\\\/forkommerce.com\\\/de\\\/produkt\\\/komplettmotor-xinchai-a498bt1\\\/#primaryimage\"},\"thumbnailUrl\":\"https:\\\/\\\/forkommerce.com\\\/wp-content\\\/uploads\\\/2026\\\/04\\\/Motore-completo-Xinchai-A498BT1.png\",\"datePublished\":\"2026-04-09T12:24:50+00:00\",\"breadcrumb\":{\"@id\":\"https:\\\/\\\/forkommerce.com\\\/de\\\/produkt\\\/komplettmotor-xinchai-a498bt1\\\/#breadcrumb\"},\"inLanguage\":\"de\",\"potentialAction\":[{\"@type\":\"ReadAction\",\"target\":[\"https:\\\/\\\/forkommerce.com\\\/de\\\/produkt\\\/komplettmotor-xinchai-a498bt1\\\/\"]}]},{\"@type\":\"ImageObject\",\"inLanguage\":\"de\",\"@id\":\"https:\\\/\\\/forkommerce.com\\\/de\\\/produkt\\\/komplettmotor-xinchai-a498bt1\\\/#primaryimage\",\"url\":\"https:\\\/\\\/forkommerce.com\\\/wp-content\\\/uploads\\\/2026\\\/04\\\/Motore-completo-Xinchai-A498BT1.png\",\"contentUrl\":\"https:\\\/\\\/forkommerce.com\\\/wp-content\\\/uploads\\\/2026\\\/04\\\/Motore-completo-Xinchai-A498BT1.png\",\"width\":1024,\"height\":768,\"caption\":\"Komplettmotor Xinchai A498BT1\"},{\"@type\":\"BreadcrumbList\",\"@id\":\"https:\\\/\\\/forkommerce.com\\\/de\\\/produkt\\\/komplettmotor-xinchai-a498bt1\\\/#breadcrumb\",\"itemListElement\":[{\"@type\":\"ListItem\",\"position\":1,\"name\":\"Home\",\"item\":\"https:\\\/\\\/forkommerce.com\\\/de\\\/\"},{\"@type\":\"ListItem\",\"position\":2,\"name\":\"Shop\",\"item\":\"https:\\\/\\\/forkommerce.com\\\/it\\\/negozio\\\/\"},{\"@type\":\"ListItem\",\"position\":3,\"name\":\"Komplettmotor Xinchai A498BT1\"}]},{\"@type\":\"WebSite\",\"@id\":\"https:\\\/\\\/forkommerce.com\\\/it\\\/#website\",\"url\":\"https:\\\/\\\/forkommerce.com\\\/it\\\/\",\"name\":\"Forkommerce Spare Parts\",\"description\":\"Ricambi originali e compatibili per carrelli elevatori e transpallet\",\"publisher\":{\"@id\":\"https:\\\/\\\/forkommerce.com\\\/it\\\/#organization\"},\"alternateName\":\"Forkommerce Spare Parts\",\"potentialAction\":[{\"@type\":\"SearchAction\",\"target\":{\"@type\":\"EntryPoint\",\"urlTemplate\":\"https:\\\/\\\/forkommerce.com\\\/it\\\/?s={search_term_string}\"},\"query-input\":{\"@type\":\"PropertyValueSpecification\",\"valueRequired\":true,\"valueName\":\"search_term_string\"}}],\"inLanguage\":\"de\"},{\"@type\":\"Organization\",\"@id\":\"https:\\\/\\\/forkommerce.com\\\/it\\\/#organization\",\"name\":\"Forkommerce Spare Parts\",\"url\":\"https:\\\/\\\/forkommerce.com\\\/it\\\/\",\"logo\":{\"@type\":\"ImageObject\",\"inLanguage\":\"de\",\"@id\":\"https:\\\/\\\/forkommerce.com\\\/it\\\/#\\\/schema\\\/logo\\\/image\\\/\",\"url\":\"https:\\\/\\\/forkommerce.com\\\/wp-content\\\/uploads\\\/2025\\\/09\\\/Logo-Forkommercex2.png\",\"contentUrl\":\"https:\\\/\\\/forkommerce.com\\\/wp-content\\\/uploads\\\/2025\\\/09\\\/Logo-Forkommercex2.png\",\"width\":470,\"height\":120,\"caption\":\"Forkommerce Spare Parts\"},\"image\":{\"@id\":\"https:\\\/\\\/forkommerce.com\\\/it\\\/#\\\/schema\\\/logo\\\/image\\\/\"}}]}<\/script>\n<!-- \/ Yoast SEO plugin. -->","yoast_head_json":{"title":"Komplettmotor Xinchai A498BT1 | Forkommerce Spare Parts","robots":{"index":"index","follow":"follow","max-snippet":"max-snippet:-1","max-image-preview":"max-image-preview:large","max-video-preview":"max-video-preview:-1"},"canonical":"https:\/\/forkommerce.com\/de\/produkt\/komplettmotor-xinchai-a498bt1\/","og_locale":"de_DE","og_type":"article","og_title":"Komplettmotor Xinchai A498BT1 | Forkommerce Spare Parts","og_description":"Xinchai A498BT1 Dieselmotor, geeignet f\u00fcr Gabelstapler und leichte Nutzfahrzeuge. Entwickelt f\u00fcr schwere Lasten, garantiert er Zuverl\u00e4ssigkeit und lange Lebensdauer bei einfacher Wartung und leicht verf\u00fcgbaren Komponenten. Ideal f\u00fcr konstante Leistung in intensiven Arbeitsumgebungen.","og_url":"https:\/\/forkommerce.com\/de\/produkt\/komplettmotor-xinchai-a498bt1\/","og_site_name":"Forkommerce Spare Parts","og_image":[{"width":1024,"height":768,"url":"https:\/\/forkommerce.com\/wp-content\/uploads\/2026\/04\/Motore-completo-Xinchai-A498BT1.png","type":"image\/png"}],"twitter_card":"summary_large_image","schema":{"@context":"https:\/\/schema.org","@graph":[{"@type":"WebPage","@id":"https:\/\/forkommerce.com\/de\/produkt\/komplettmotor-xinchai-a498bt1\/","url":"https:\/\/forkommerce.com\/de\/produkt\/komplettmotor-xinchai-a498bt1\/","name":"Komplettmotor Xinchai A498BT1 | Forkommerce Spare Parts","isPartOf":{"@id":"https:\/\/forkommerce.com\/it\/#website"},"primaryImageOfPage":{"@id":"https:\/\/forkommerce.com\/de\/produkt\/komplettmotor-xinchai-a498bt1\/#primaryimage"},"image":{"@id":"https:\/\/forkommerce.com\/de\/produkt\/komplettmotor-xinchai-a498bt1\/#primaryimage"},"thumbnailUrl":"https:\/\/forkommerce.com\/wp-content\/uploads\/2026\/04\/Motore-completo-Xinchai-A498BT1.png","datePublished":"2026-04-09T12:24:50+00:00","breadcrumb":{"@id":"https:\/\/forkommerce.com\/de\/produkt\/komplettmotor-xinchai-a498bt1\/#breadcrumb"},"inLanguage":"de","potentialAction":[{"@type":"ReadAction","target":["https:\/\/forkommerce.com\/de\/produkt\/komplettmotor-xinchai-a498bt1\/"]}]},{"@type":"ImageObject","inLanguage":"de","@id":"https:\/\/forkommerce.com\/de\/produkt\/komplettmotor-xinchai-a498bt1\/#primaryimage","url":"https:\/\/forkommerce.com\/wp-content\/uploads\/2026\/04\/Motore-completo-Xinchai-A498BT1.png","contentUrl":"https:\/\/forkommerce.com\/wp-content\/uploads\/2026\/04\/Motore-completo-Xinchai-A498BT1.png","width":1024,"height":768,"caption":"Komplettmotor Xinchai A498BT1"},{"@type":"BreadcrumbList","@id":"https:\/\/forkommerce.com\/de\/produkt\/komplettmotor-xinchai-a498bt1\/#breadcrumb","itemListElement":[{"@type":"ListItem","position":1,"name":"Home","item":"https:\/\/forkommerce.com\/de\/"},{"@type":"ListItem","position":2,"name":"Shop","item":"https:\/\/forkommerce.com\/it\/negozio\/"},{"@type":"ListItem","position":3,"name":"Komplettmotor Xinchai A498BT1"}]},{"@type":"WebSite","@id":"https:\/\/forkommerce.com\/it\/#website","url":"https:\/\/forkommerce.com\/it\/","name":"Forkommerce Spare Parts","description":"Ricambi originali e compatibili per carrelli elevatori e transpallet","publisher":{"@id":"https:\/\/forkommerce.com\/it\/#organization"},"alternateName":"Forkommerce Spare Parts","potentialAction":[{"@type":"SearchAction","target":{"@type":"EntryPoint","urlTemplate":"https:\/\/forkommerce.com\/it\/?s={search_term_string}"},"query-input":{"@type":"PropertyValueSpecification","valueRequired":true,"valueName":"search_term_string"}}],"inLanguage":"de"},{"@type":"Organization","@id":"https:\/\/forkommerce.com\/it\/#organization","name":"Forkommerce Spare Parts","url":"https:\/\/forkommerce.com\/it\/","logo":{"@type":"ImageObject","inLanguage":"de","@id":"https:\/\/forkommerce.com\/it\/#\/schema\/logo\/image\/","url":"https:\/\/forkommerce.com\/wp-content\/uploads\/2025\/09\/Logo-Forkommercex2.png","contentUrl":"https:\/\/forkommerce.com\/wp-content\/uploads\/2025\/09\/Logo-Forkommercex2.png","width":470,"height":120,"caption":"Forkommerce Spare Parts"},"image":{"@id":"https:\/\/forkommerce.com\/it\/#\/schema\/logo\/image\/"}}]}},"_links":{"self":[{"href":"https:\/\/forkommerce.com\/de\/wp-json\/wp\/v2\/product\/5023","targetHints":{"allow":["GET"]}}],"collection":[{"href":"https:\/\/forkommerce.com\/de\/wp-json\/wp\/v2\/product"}],"about":[{"href":"https:\/\/forkommerce.com\/de\/wp-json\/wp\/v2\/types\/product"}],"wp:featuredmedia":[{"embeddable":true,"href":"https:\/\/forkommerce.com\/de\/wp-json\/wp\/v2\/media\/4989"}],"wp:attachment":[{"href":"https:\/\/forkommerce.com\/de\/wp-json\/wp\/v2\/media?parent=5023"}],"wp:term":[{"taxonomy":"product_brand","embeddable":true,"href":"https:\/\/forkommerce.com\/de\/wp-json\/wp\/v2\/product_brand?post=5023"},{"taxonomy":"product_cat","embeddable":true,"href":"https:\/\/forkommerce.com\/de\/wp-json\/wp\/v2\/product_cat?post=5023"},{"taxonomy":"product_tag","embeddable":true,"href":"https:\/\/forkommerce.com\/de\/wp-json\/wp\/v2\/product_tag?post=5023"}],"curies":[{"name":"wp","href":"https:\/\/api.w.org\/{rel}","templated":true}]}}