{"id":996,"date":"2025-10-23T10:48:23","date_gmt":"2025-10-23T08:48:23","guid":{"rendered":"https:\/\/forkommerce.com\/?page_id=996"},"modified":"2026-03-04T16:27:25","modified_gmt":"2026-03-04T15:27:25","slug":"impressum","status":"publish","type":"page","link":"https:\/\/forkommerce.com\/es\/impressum\/","title":{"rendered":"Impressum"},"content":{"rendered":"<h1 class=\"title-main\">Impressum<\/h1>\n<div class=\"clearfix\"><\/div>\n<style>\ndl {\n    margin-top: 0;\n    margin-bottom: 20px;\n}\n.dl-horizontal dt {\n    float: left;\n    width: 180px;\n    clear: left;\n    text-align: right;\n    overflow: hidden;\n    text-overflow: ellipsis;\n    white-space: nowrap;\n}\n.dl-horizontal dd {\n    margin-left: 200px;\n}\n.dl-horizontal dt {\n    font-weight: bold;\n}\n\/* Larghezza massima di 767px *\/\n@media only screen and (max-width: 767px) {\n    .dl-horizontal dt {\n        float: none; \/* Annulliamo il float *\/\n        width: auto; \/* Annulliamo la larghezza *\/\n        clear: none; \/* Annulliamo il clear *\/\n        text-align: left; \/* Reimpostiamo l'allineamento del testo *\/\n        overflow: visible; \/* Annulliamo l'overflow *\/\n        text-overflow: clip; \/* Annulliamo l'overflow del testo *\/\n        white-space: normal; \/* Reimpostiamo lo spazio bianco *\/\n    }\n    .dl-horizontal dd {\n        margin-left: 25px; \/* Rimuoviamo il margine sinistro *\/\n    }\n}\n<\/style>\n<dl class=\"dl-horizontal\">\n<dt>Raz\u00f3n social:<\/dt>\n<dd>FORKOMMERCE S.r.l.<\/dd>\n<dt>Direcci\u00f3n:<\/dt>\n<dd>Via Vecchia Ferriera 13, 36100 Vicenza (VI) \u2013 Italia<\/dd>\n<dt>Tel\u00e9fono:<\/dt>\n<dd><a href=\"tel:+393351657127\">+39 335 165 7127<\/a><\/dd>\n<dt>Mail:<\/dt>\n<dd><a href=\"mailto:info@forkommerce.com\">info@forkommerce.com<\/a><\/dd>\n<dt>Direcci\u00f3n italiana de email PEC:<\/dt>\n<dd><a href=\"mailto:forkommercesrl@legalmail.it\">forkommercesrl@legalmail.it<\/a><\/dd>\n<\/dl>\n<dl class=\"dl-horizontal\">\n<dt>Capital social:<\/dt>\n<dd>10.000,00 \u20ac p.v. en la medida del 25% igual a 2.500,00 \u20ac<\/dd>\n<dt>N\u00famero de IVA:<\/dt>\n<dd>IT-04628580245<\/dd>\n<dt>C\u00f3digo SdI italiano:<\/dt>\n<dd>M5UXCR1<\/dd>\n<\/dl>\n<dl class=\"dl-horizontal\">\n<dt>Cuenta de apoyo bancario:<\/dt>\n<dd>FORKOMMERCE SRL<\/dd>\n<dt>IBAN:<\/dt>\n<dd>IT83Y0303259750010001216918<\/dd>\n<dt>BIC\/SWIFT:<\/dt>\n<dd>BACRIT22XXX<\/dd>\n<\/dl>\n<dl class=\"dl-horizontal\">\n<dt>Responsable de textos:<\/dt>\n<dd>FORKOMMERCE S.r.l.<\/dd>\n<dt>Web:<\/dt>\n<dd>Argo Comunicazioni<\/dd>\n<\/dl>\n<dl class=\"dl-horizontal\">\n<dt>Indicaciones:<\/dt>\n<dd>Todos los datos y contenidos indicados en este sitio web (https:\/\/forkommerce.com) han sido cuidadosamente verificados por FORKOMMERCE S.r.l.. A pesar de ello, la informaci\u00f3n en el sitio web se proporciona sin garant\u00edas sobre la exactitud, integridad y actualidad de los datos. FORKOMMERCE S.r.l. se reserva el derecho de actualizar, cambiar y modificar la informaci\u00f3n y contenidos publicados en el sitio.<\/dd>\n<dt>Copyright:<\/dt>\n<dd>La estructura y el contenido de este sitio web (https:\/\/forkommerce.com) est\u00e1n protegidos por copyright. La reproducci\u00f3n de informaci\u00f3n y datos, en particular el uso de textos, partes de textos o im\u00e1genes, debe ser expresamente aprobada por FORKOMMERCE S.r.l..<\/p>\n<p>Para la resoluci\u00f3n extrajudicial de controversias en materia de derechos de los consumidores, la Uni\u00f3n Europea ha establecido una plataforma en l\u00ednea (\u00abplataforma OS\u00bb), a la que se puede recurrir. La plataforma se encuentra en el sitio <a href=\"http:\/\/ec.europa.eu\/consumers\/odr\/\" target=\"_blank\" rel=\"noopener\">http:\/\/ec.europa.eu\/consumers\/odr\/<\/a><\/dd>\n<\/dl>\n","protected":false},"excerpt":{"rendered":"<p>Impressum Raz\u00f3n social: FORKOMMERCE S.r.l. Direcci\u00f3n: Via Vecchia Ferriera 13,  [&#8230;]<\/p>\n","protected":false},"author":1,"featured_media":0,"parent":0,"menu_order":0,"comment_status":"closed","ping_status":"closed","template":"","meta":{"footnotes":""},"class_list":["post-996","page","type-page","status-publish","hentry"],"yoast_head":"<!-- This site is optimized with the Yoast SEO plugin v27.3 - https:\/\/yoast.com\/product\/yoast-seo-wordpress\/ -->\n<title>Impressum | Forkommerce Spare Parts<\/title>\n<meta name=\"robots\" content=\"index, follow, max-snippet:-1, max-image-preview:large, max-video-preview:-1\" \/>\n<link rel=\"canonical\" href=\"https:\/\/forkommerce.com\/es\/impressum\/\" \/>\n<meta property=\"og:locale\" content=\"es_ES\" \/>\n<meta property=\"og:type\" content=\"article\" \/>\n<meta property=\"og:title\" content=\"Impressum | Forkommerce Spare Parts\" \/>\n<meta property=\"og:description\" content=\"Impressum Raz\u00f3n social: FORKOMMERCE S.r.l. Direcci\u00f3n: Via Vecchia Ferriera 13, [...]\" \/>\n<meta property=\"og:url\" content=\"https:\/\/forkommerce.com\/es\/impressum\/\" \/>\n<meta property=\"og:site_name\" content=\"Forkommerce Spare Parts\" \/>\n<meta property=\"article:modified_time\" content=\"2026-03-04T15:27:25+00:00\" \/>\n<meta property=\"og:image\" content=\"https:\/\/forkommerce.com\/wp-content\/uploads\/2025\/12\/Slider-Home.jpg\" \/>\n\t<meta property=\"og:image:width\" content=\"1920\" \/>\n\t<meta property=\"og:image:height\" content=\"800\" \/>\n\t<meta property=\"og:image:type\" content=\"image\/jpeg\" \/>\n<meta name=\"twitter:card\" content=\"summary_large_image\" \/>\n<script type=\"application\/ld+json\" class=\"yoast-schema-graph\">{\"@context\":\"https:\\\/\\\/schema.org\",\"@graph\":[{\"@type\":\"WebPage\",\"@id\":\"https:\\\/\\\/forkommerce.com\\\/es\\\/impressum\\\/\",\"url\":\"https:\\\/\\\/forkommerce.com\\\/es\\\/impressum\\\/\",\"name\":\"Impressum | Forkommerce Spare Parts\",\"isPartOf\":{\"@id\":\"https:\\\/\\\/forkommerce.com\\\/it\\\/#website\"},\"datePublished\":\"2025-10-23T08:48:23+00:00\",\"dateModified\":\"2026-03-04T15:27:25+00:00\",\"breadcrumb\":{\"@id\":\"https:\\\/\\\/forkommerce.com\\\/es\\\/impressum\\\/#breadcrumb\"},\"inLanguage\":\"es\",\"potentialAction\":[{\"@type\":\"ReadAction\",\"target\":[\"https:\\\/\\\/forkommerce.com\\\/es\\\/impressum\\\/\"]}]},{\"@type\":\"BreadcrumbList\",\"@id\":\"https:\\\/\\\/forkommerce.com\\\/es\\\/impressum\\\/#breadcrumb\",\"itemListElement\":[{\"@type\":\"ListItem\",\"position\":1,\"name\":\"Home\",\"item\":\"https:\\\/\\\/forkommerce.com\\\/es\\\/\"},{\"@type\":\"ListItem\",\"position\":2,\"name\":\"Impressum\"}]},{\"@type\":\"WebSite\",\"@id\":\"https:\\\/\\\/forkommerce.com\\\/it\\\/#website\",\"url\":\"https:\\\/\\\/forkommerce.com\\\/it\\\/\",\"name\":\"Forkommerce Spare Parts\",\"description\":\"Ricambi originali e compatibili per carrelli elevatori e transpallet\",\"publisher\":{\"@id\":\"https:\\\/\\\/forkommerce.com\\\/it\\\/#organization\"},\"alternateName\":\"Forkommerce Spare Parts\",\"potentialAction\":[{\"@type\":\"SearchAction\",\"target\":{\"@type\":\"EntryPoint\",\"urlTemplate\":\"https:\\\/\\\/forkommerce.com\\\/it\\\/?s={search_term_string}\"},\"query-input\":{\"@type\":\"PropertyValueSpecification\",\"valueRequired\":true,\"valueName\":\"search_term_string\"}}],\"inLanguage\":\"es\"},{\"@type\":\"Organization\",\"@id\":\"https:\\\/\\\/forkommerce.com\\\/it\\\/#organization\",\"name\":\"Forkommerce Spare Parts\",\"url\":\"https:\\\/\\\/forkommerce.com\\\/it\\\/\",\"logo\":{\"@type\":\"ImageObject\",\"inLanguage\":\"es\",\"@id\":\"https:\\\/\\\/forkommerce.com\\\/it\\\/#\\\/schema\\\/logo\\\/image\\\/\",\"url\":\"https:\\\/\\\/forkommerce.com\\\/wp-content\\\/uploads\\\/2025\\\/09\\\/Logo-Forkommercex2.png\",\"contentUrl\":\"https:\\\/\\\/forkommerce.com\\\/wp-content\\\/uploads\\\/2025\\\/09\\\/Logo-Forkommercex2.png\",\"width\":470,\"height\":120,\"caption\":\"Forkommerce Spare Parts\"},\"image\":{\"@id\":\"https:\\\/\\\/forkommerce.com\\\/it\\\/#\\\/schema\\\/logo\\\/image\\\/\"}}]}<\/script>\n<!-- \/ Yoast SEO plugin. -->","yoast_head_json":{"title":"Impressum | Forkommerce Spare Parts","robots":{"index":"index","follow":"follow","max-snippet":"max-snippet:-1","max-image-preview":"max-image-preview:large","max-video-preview":"max-video-preview:-1"},"canonical":"https:\/\/forkommerce.com\/es\/impressum\/","og_locale":"es_ES","og_type":"article","og_title":"Impressum | Forkommerce Spare Parts","og_description":"Impressum Raz\u00f3n social: FORKOMMERCE S.r.l. Direcci\u00f3n: Via Vecchia Ferriera 13, [...]","og_url":"https:\/\/forkommerce.com\/es\/impressum\/","og_site_name":"Forkommerce Spare Parts","article_modified_time":"2026-03-04T15:27:25+00:00","og_image":[{"width":1920,"height":800,"url":"https:\/\/forkommerce.com\/wp-content\/uploads\/2025\/12\/Slider-Home.jpg","type":"image\/jpeg"}],"twitter_card":"summary_large_image","schema":{"@context":"https:\/\/schema.org","@graph":[{"@type":"WebPage","@id":"https:\/\/forkommerce.com\/es\/impressum\/","url":"https:\/\/forkommerce.com\/es\/impressum\/","name":"Impressum | Forkommerce Spare Parts","isPartOf":{"@id":"https:\/\/forkommerce.com\/it\/#website"},"datePublished":"2025-10-23T08:48:23+00:00","dateModified":"2026-03-04T15:27:25+00:00","breadcrumb":{"@id":"https:\/\/forkommerce.com\/es\/impressum\/#breadcrumb"},"inLanguage":"es","potentialAction":[{"@type":"ReadAction","target":["https:\/\/forkommerce.com\/es\/impressum\/"]}]},{"@type":"BreadcrumbList","@id":"https:\/\/forkommerce.com\/es\/impressum\/#breadcrumb","itemListElement":[{"@type":"ListItem","position":1,"name":"Home","item":"https:\/\/forkommerce.com\/es\/"},{"@type":"ListItem","position":2,"name":"Impressum"}]},{"@type":"WebSite","@id":"https:\/\/forkommerce.com\/it\/#website","url":"https:\/\/forkommerce.com\/it\/","name":"Forkommerce Spare Parts","description":"Ricambi originali e compatibili per carrelli elevatori e transpallet","publisher":{"@id":"https:\/\/forkommerce.com\/it\/#organization"},"alternateName":"Forkommerce Spare Parts","potentialAction":[{"@type":"SearchAction","target":{"@type":"EntryPoint","urlTemplate":"https:\/\/forkommerce.com\/it\/?s={search_term_string}"},"query-input":{"@type":"PropertyValueSpecification","valueRequired":true,"valueName":"search_term_string"}}],"inLanguage":"es"},{"@type":"Organization","@id":"https:\/\/forkommerce.com\/it\/#organization","name":"Forkommerce Spare Parts","url":"https:\/\/forkommerce.com\/it\/","logo":{"@type":"ImageObject","inLanguage":"es","@id":"https:\/\/forkommerce.com\/it\/#\/schema\/logo\/image\/","url":"https:\/\/forkommerce.com\/wp-content\/uploads\/2025\/09\/Logo-Forkommercex2.png","contentUrl":"https:\/\/forkommerce.com\/wp-content\/uploads\/2025\/09\/Logo-Forkommercex2.png","width":470,"height":120,"caption":"Forkommerce Spare Parts"},"image":{"@id":"https:\/\/forkommerce.com\/it\/#\/schema\/logo\/image\/"}}]}},"_links":{"self":[{"href":"https:\/\/forkommerce.com\/es\/wp-json\/wp\/v2\/pages\/996","targetHints":{"allow":["GET"]}}],"collection":[{"href":"https:\/\/forkommerce.com\/es\/wp-json\/wp\/v2\/pages"}],"about":[{"href":"https:\/\/forkommerce.com\/es\/wp-json\/wp\/v2\/types\/page"}],"author":[{"embeddable":true,"href":"https:\/\/forkommerce.com\/es\/wp-json\/wp\/v2\/users\/1"}],"replies":[{"embeddable":true,"href":"https:\/\/forkommerce.com\/es\/wp-json\/wp\/v2\/comments?post=996"}],"version-history":[{"count":2,"href":"https:\/\/forkommerce.com\/es\/wp-json\/wp\/v2\/pages\/996\/revisions"}],"predecessor-version":[{"id":4785,"href":"https:\/\/forkommerce.com\/es\/wp-json\/wp\/v2\/pages\/996\/revisions\/4785"}],"wp:attachment":[{"href":"https:\/\/forkommerce.com\/es\/wp-json\/wp\/v2\/media?parent=996"}],"curies":[{"name":"wp","href":"https:\/\/api.w.org\/{rel}","templated":true}]}}