{"id":2664,"date":"2026-02-09T12:15:39","date_gmt":"2026-02-09T11:15:39","guid":{"rendered":"https:\/\/forkommerce.com\/prodotto\/rueda-motriz-vulkollan-230x70-80-mm-jungheinrich-63210590-compatible\/"},"modified":"2026-04-10T14:06:24","modified_gmt":"2026-04-10T12:06:24","slug":"rueda-motriz-vulkollan-230x70-80-mm-jungheinrich-63210590-compatible","status":"publish","type":"product","link":"https:\/\/forkommerce.com\/es\/producto\/rueda-motriz-vulkollan-230x70-80-mm-jungheinrich-63210590-compatible\/","title":{"rendered":"Rueda motriz Vulkollan 230&#215;70\/80 mm Jungheinrich 63210590 (Compatible)"},"content":{"rendered":"<p data-start=\"241\" data-end=\"518\">Rueda de tracci\u00f3n de cuarzo antideslizante, utilizada en transpaletas el\u00e9ctricas de tim\u00f3n.<\/p>\n<p data-start=\"241\" data-end=\"518\">Fabricada en Vulkollan de alta resistencia, esta rueda ofrece una excelente combinaci\u00f3n de rigidez y flexibilidad, asegurando una tracci\u00f3n \u00f3ptima, un rodamiento fluido y estabilidad incluso con cargas pesadas.<\/p>\n<p data-start=\"241\" data-end=\"518\">Rueda motriz de cuarzo (antideslizante). Jungheinrich (c\u00f3digo original 63210590).<\/p>\n<p data-start=\"241\" data-end=\"518\">Dise\u00f1ada para garantizar la m\u00e1xima eficiencia, durabilidad y seguridad durante el movimiento industrial, es ideal como recambio original o sustituci\u00f3n equivalente.<\/p>\n<p> Gracias al compuesto especial de la banda de rodadura con adici\u00f3n de cuarzo, la rueda no resbala ni patina tan f\u00e1cilmente como el Vulkollan o el poliuretano est\u00e1ndar.<\/p>\n<p>Perfecta para almacenes, centros log\u00edsticos y entornos industriales, reduce el desgaste de las superficies y de los componentes de la carretilla, prolongando su vida operativa.<\/p>\n<h3 data-section-id=\"1sv4o0i\" data-start=\"164\" data-end=\"194\">Caracter\u00edsticas principales:<\/h3>\n<p data-start=\"198\" data-end=\"291\">Rueda motriz compatible con carretillas elevadoras Jungheinrich (c\u00f3d. original 63210590).<\/p>\n<p data-start=\"294\" data-end=\"368\">Fabricada en Vulkollan de alta resistencia al desgaste y a la abrasi\u00f3n.<\/p>\n<p data-start=\"371\" data-end=\"441\">Garantiza una mejor adherencia al suelo y no deja marcas (antihuella).<\/p>\n<p data-start=\"371\" data-end=\"441\">Rodamiento fluido y silencioso, incluso con cargas pesadas.<\/p>\n<p data-start=\"511\" data-end=\"564\">Ideal como sustituci\u00f3n del recambio original.<\/p>\n<p data-start=\"567\" data-end=\"611\">Apta para uso industrial y almacenes.<\/p>\n<p data-start=\"614\" data-end=\"669\">Alta durabilidad y reducci\u00f3n de los costes de mantenimiento.<\/p>\n","protected":false},"excerpt":{"rendered":"<p>Rueda motriz Vulkollan 230&#215;70-80 mm Jungheinrich 63210590 (Compatible)<\/p>\n","protected":false},"featured_media":2665,"template":"","meta":[],"product_brand":[180],"product_cat":[88,80],"product_tag":[],"class_list":{"0":"post-2664","1":"product","2":"type-product","3":"status-publish","4":"has-post-thumbnail","6":"product_brand-jungheinrich","7":"product_cat-recambios-compatibles","8":"product_cat-rodillos-y-ruedas","10":"first","11":"instock","12":"taxable","13":"shipping-taxable","14":"purchasable","15":"product-type-simple"},"yoast_head":"<!-- This site is optimized with the Yoast SEO plugin v27.3 - https:\/\/yoast.com\/product\/yoast-seo-wordpress\/ -->\n<title>Rueda motriz Vulkollan 230x70\/80 mm Jungheinrich 63210590 (Compatible) | Forkommerce Spare Parts<\/title>\n<meta name=\"robots\" content=\"index, follow, max-snippet:-1, max-image-preview:large, max-video-preview:-1\" \/>\n<link rel=\"canonical\" href=\"https:\/\/forkommerce.com\/es\/producto\/rueda-motriz-vulkollan-230x70-80-mm-jungheinrich-63210590-compatible\/\" \/>\n<meta property=\"og:locale\" content=\"es_ES\" \/>\n<meta property=\"og:type\" content=\"article\" \/>\n<meta property=\"og:title\" content=\"Rueda motriz Vulkollan 230x70\/80 mm Jungheinrich 63210590 (Compatible) | Forkommerce Spare Parts\" \/>\n<meta property=\"og:description\" content=\"Rueda motriz Vulkollan 230x70-80 mm Jungheinrich 63210590 (Compatible)\" \/>\n<meta property=\"og:url\" content=\"https:\/\/forkommerce.com\/es\/producto\/rueda-motriz-vulkollan-230x70-80-mm-jungheinrich-63210590-compatible\/\" \/>\n<meta property=\"og:site_name\" content=\"Forkommerce Spare Parts\" \/>\n<meta property=\"article:modified_time\" content=\"2026-04-10T12:06:24+00:00\" \/>\n<meta property=\"og:image\" content=\"https:\/\/forkommerce.com\/wp-content\/uploads\/2026\/02\/Ruota-motrice-Vulkollan-230x70-80mm-Jungheinrich-63210590-Compatibile.jpeg\" \/>\n\t<meta property=\"og:image:width\" content=\"504\" \/>\n\t<meta property=\"og:image:height\" content=\"598\" \/>\n\t<meta property=\"og:image:type\" content=\"image\/jpeg\" \/>\n<meta name=\"twitter:card\" content=\"summary_large_image\" \/>\n<meta name=\"twitter:label1\" content=\"Tiempo de lectura\" \/>\n\t<meta name=\"twitter:data1\" content=\"1 minuto\" \/>\n<script type=\"application\/ld+json\" class=\"yoast-schema-graph\">{\"@context\":\"https:\\\/\\\/schema.org\",\"@graph\":[{\"@type\":\"WebPage\",\"@id\":\"https:\\\/\\\/forkommerce.com\\\/es\\\/producto\\\/rueda-motriz-vulkollan-230x70-80-mm-jungheinrich-63210590-compatible\\\/\",\"url\":\"https:\\\/\\\/forkommerce.com\\\/es\\\/producto\\\/rueda-motriz-vulkollan-230x70-80-mm-jungheinrich-63210590-compatible\\\/\",\"name\":\"Rueda motriz Vulkollan 230x70\\\/80 mm Jungheinrich 63210590 (Compatible) | Forkommerce Spare Parts\",\"isPartOf\":{\"@id\":\"https:\\\/\\\/forkommerce.com\\\/it\\\/#website\"},\"primaryImageOfPage\":{\"@id\":\"https:\\\/\\\/forkommerce.com\\\/es\\\/producto\\\/rueda-motriz-vulkollan-230x70-80-mm-jungheinrich-63210590-compatible\\\/#primaryimage\"},\"image\":{\"@id\":\"https:\\\/\\\/forkommerce.com\\\/es\\\/producto\\\/rueda-motriz-vulkollan-230x70-80-mm-jungheinrich-63210590-compatible\\\/#primaryimage\"},\"thumbnailUrl\":\"https:\\\/\\\/forkommerce.com\\\/wp-content\\\/uploads\\\/2026\\\/02\\\/Ruota-motrice-Vulkollan-230x70-80mm-Jungheinrich-63210590-Compatibile.jpeg\",\"datePublished\":\"2026-02-09T11:15:39+00:00\",\"dateModified\":\"2026-04-10T12:06:24+00:00\",\"breadcrumb\":{\"@id\":\"https:\\\/\\\/forkommerce.com\\\/es\\\/producto\\\/rueda-motriz-vulkollan-230x70-80-mm-jungheinrich-63210590-compatible\\\/#breadcrumb\"},\"inLanguage\":\"es\",\"potentialAction\":[{\"@type\":\"ReadAction\",\"target\":[\"https:\\\/\\\/forkommerce.com\\\/es\\\/producto\\\/rueda-motriz-vulkollan-230x70-80-mm-jungheinrich-63210590-compatible\\\/\"]}]},{\"@type\":\"ImageObject\",\"inLanguage\":\"es\",\"@id\":\"https:\\\/\\\/forkommerce.com\\\/es\\\/producto\\\/rueda-motriz-vulkollan-230x70-80-mm-jungheinrich-63210590-compatible\\\/#primaryimage\",\"url\":\"https:\\\/\\\/forkommerce.com\\\/wp-content\\\/uploads\\\/2026\\\/02\\\/Ruota-motrice-Vulkollan-230x70-80mm-Jungheinrich-63210590-Compatibile.jpeg\",\"contentUrl\":\"https:\\\/\\\/forkommerce.com\\\/wp-content\\\/uploads\\\/2026\\\/02\\\/Ruota-motrice-Vulkollan-230x70-80mm-Jungheinrich-63210590-Compatibile.jpeg\",\"width\":504,\"height\":598,\"caption\":\"Rueda motriz Vulkollan 230x70 80 mm Jungheinrich 63210590 (Compatible)\"},{\"@type\":\"BreadcrumbList\",\"@id\":\"https:\\\/\\\/forkommerce.com\\\/es\\\/producto\\\/rueda-motriz-vulkollan-230x70-80-mm-jungheinrich-63210590-compatible\\\/#breadcrumb\",\"itemListElement\":[{\"@type\":\"ListItem\",\"position\":1,\"name\":\"Home\",\"item\":\"https:\\\/\\\/forkommerce.com\\\/es\\\/\"},{\"@type\":\"ListItem\",\"position\":2,\"name\":\"Tienda\",\"item\":\"https:\\\/\\\/forkommerce.com\\\/it\\\/negozio\\\/\"},{\"@type\":\"ListItem\",\"position\":3,\"name\":\"Rueda motriz Vulkollan 230&#215;70\\\/80 mm Jungheinrich 63210590 (Compatible)\"}]},{\"@type\":\"WebSite\",\"@id\":\"https:\\\/\\\/forkommerce.com\\\/it\\\/#website\",\"url\":\"https:\\\/\\\/forkommerce.com\\\/it\\\/\",\"name\":\"Forkommerce Spare Parts\",\"description\":\"Ricambi originali e compatibili per carrelli elevatori e transpallet\",\"publisher\":{\"@id\":\"https:\\\/\\\/forkommerce.com\\\/it\\\/#organization\"},\"alternateName\":\"Forkommerce Spare Parts\",\"potentialAction\":[{\"@type\":\"SearchAction\",\"target\":{\"@type\":\"EntryPoint\",\"urlTemplate\":\"https:\\\/\\\/forkommerce.com\\\/it\\\/?s={search_term_string}\"},\"query-input\":{\"@type\":\"PropertyValueSpecification\",\"valueRequired\":true,\"valueName\":\"search_term_string\"}}],\"inLanguage\":\"es\"},{\"@type\":\"Organization\",\"@id\":\"https:\\\/\\\/forkommerce.com\\\/it\\\/#organization\",\"name\":\"Forkommerce Spare Parts\",\"url\":\"https:\\\/\\\/forkommerce.com\\\/it\\\/\",\"logo\":{\"@type\":\"ImageObject\",\"inLanguage\":\"es\",\"@id\":\"https:\\\/\\\/forkommerce.com\\\/it\\\/#\\\/schema\\\/logo\\\/image\\\/\",\"url\":\"https:\\\/\\\/forkommerce.com\\\/wp-content\\\/uploads\\\/2025\\\/09\\\/Logo-Forkommercex2.png\",\"contentUrl\":\"https:\\\/\\\/forkommerce.com\\\/wp-content\\\/uploads\\\/2025\\\/09\\\/Logo-Forkommercex2.png\",\"width\":470,\"height\":120,\"caption\":\"Forkommerce Spare Parts\"},\"image\":{\"@id\":\"https:\\\/\\\/forkommerce.com\\\/it\\\/#\\\/schema\\\/logo\\\/image\\\/\"}}]}<\/script>\n<!-- \/ Yoast SEO plugin. -->","yoast_head_json":{"title":"Rueda motriz Vulkollan 230x70\/80 mm Jungheinrich 63210590 (Compatible) | Forkommerce Spare Parts","robots":{"index":"index","follow":"follow","max-snippet":"max-snippet:-1","max-image-preview":"max-image-preview:large","max-video-preview":"max-video-preview:-1"},"canonical":"https:\/\/forkommerce.com\/es\/producto\/rueda-motriz-vulkollan-230x70-80-mm-jungheinrich-63210590-compatible\/","og_locale":"es_ES","og_type":"article","og_title":"Rueda motriz Vulkollan 230x70\/80 mm Jungheinrich 63210590 (Compatible) | Forkommerce Spare Parts","og_description":"Rueda motriz Vulkollan 230x70-80 mm Jungheinrich 63210590 (Compatible)","og_url":"https:\/\/forkommerce.com\/es\/producto\/rueda-motriz-vulkollan-230x70-80-mm-jungheinrich-63210590-compatible\/","og_site_name":"Forkommerce Spare Parts","article_modified_time":"2026-04-10T12:06:24+00:00","og_image":[{"width":504,"height":598,"url":"https:\/\/forkommerce.com\/wp-content\/uploads\/2026\/02\/Ruota-motrice-Vulkollan-230x70-80mm-Jungheinrich-63210590-Compatibile.jpeg","type":"image\/jpeg"}],"twitter_card":"summary_large_image","twitter_misc":{"Tiempo de lectura":"1 minuto"},"schema":{"@context":"https:\/\/schema.org","@graph":[{"@type":"WebPage","@id":"https:\/\/forkommerce.com\/es\/producto\/rueda-motriz-vulkollan-230x70-80-mm-jungheinrich-63210590-compatible\/","url":"https:\/\/forkommerce.com\/es\/producto\/rueda-motriz-vulkollan-230x70-80-mm-jungheinrich-63210590-compatible\/","name":"Rueda motriz Vulkollan 230x70\/80 mm Jungheinrich 63210590 (Compatible) | Forkommerce Spare Parts","isPartOf":{"@id":"https:\/\/forkommerce.com\/it\/#website"},"primaryImageOfPage":{"@id":"https:\/\/forkommerce.com\/es\/producto\/rueda-motriz-vulkollan-230x70-80-mm-jungheinrich-63210590-compatible\/#primaryimage"},"image":{"@id":"https:\/\/forkommerce.com\/es\/producto\/rueda-motriz-vulkollan-230x70-80-mm-jungheinrich-63210590-compatible\/#primaryimage"},"thumbnailUrl":"https:\/\/forkommerce.com\/wp-content\/uploads\/2026\/02\/Ruota-motrice-Vulkollan-230x70-80mm-Jungheinrich-63210590-Compatibile.jpeg","datePublished":"2026-02-09T11:15:39+00:00","dateModified":"2026-04-10T12:06:24+00:00","breadcrumb":{"@id":"https:\/\/forkommerce.com\/es\/producto\/rueda-motriz-vulkollan-230x70-80-mm-jungheinrich-63210590-compatible\/#breadcrumb"},"inLanguage":"es","potentialAction":[{"@type":"ReadAction","target":["https:\/\/forkommerce.com\/es\/producto\/rueda-motriz-vulkollan-230x70-80-mm-jungheinrich-63210590-compatible\/"]}]},{"@type":"ImageObject","inLanguage":"es","@id":"https:\/\/forkommerce.com\/es\/producto\/rueda-motriz-vulkollan-230x70-80-mm-jungheinrich-63210590-compatible\/#primaryimage","url":"https:\/\/forkommerce.com\/wp-content\/uploads\/2026\/02\/Ruota-motrice-Vulkollan-230x70-80mm-Jungheinrich-63210590-Compatibile.jpeg","contentUrl":"https:\/\/forkommerce.com\/wp-content\/uploads\/2026\/02\/Ruota-motrice-Vulkollan-230x70-80mm-Jungheinrich-63210590-Compatibile.jpeg","width":504,"height":598,"caption":"Rueda motriz Vulkollan 230x70 80 mm Jungheinrich 63210590 (Compatible)"},{"@type":"BreadcrumbList","@id":"https:\/\/forkommerce.com\/es\/producto\/rueda-motriz-vulkollan-230x70-80-mm-jungheinrich-63210590-compatible\/#breadcrumb","itemListElement":[{"@type":"ListItem","position":1,"name":"Home","item":"https:\/\/forkommerce.com\/es\/"},{"@type":"ListItem","position":2,"name":"Tienda","item":"https:\/\/forkommerce.com\/it\/negozio\/"},{"@type":"ListItem","position":3,"name":"Rueda motriz Vulkollan 230&#215;70\/80 mm Jungheinrich 63210590 (Compatible)"}]},{"@type":"WebSite","@id":"https:\/\/forkommerce.com\/it\/#website","url":"https:\/\/forkommerce.com\/it\/","name":"Forkommerce Spare Parts","description":"Ricambi originali e compatibili per carrelli elevatori e transpallet","publisher":{"@id":"https:\/\/forkommerce.com\/it\/#organization"},"alternateName":"Forkommerce Spare Parts","potentialAction":[{"@type":"SearchAction","target":{"@type":"EntryPoint","urlTemplate":"https:\/\/forkommerce.com\/it\/?s={search_term_string}"},"query-input":{"@type":"PropertyValueSpecification","valueRequired":true,"valueName":"search_term_string"}}],"inLanguage":"es"},{"@type":"Organization","@id":"https:\/\/forkommerce.com\/it\/#organization","name":"Forkommerce Spare Parts","url":"https:\/\/forkommerce.com\/it\/","logo":{"@type":"ImageObject","inLanguage":"es","@id":"https:\/\/forkommerce.com\/it\/#\/schema\/logo\/image\/","url":"https:\/\/forkommerce.com\/wp-content\/uploads\/2025\/09\/Logo-Forkommercex2.png","contentUrl":"https:\/\/forkommerce.com\/wp-content\/uploads\/2025\/09\/Logo-Forkommercex2.png","width":470,"height":120,"caption":"Forkommerce Spare Parts"},"image":{"@id":"https:\/\/forkommerce.com\/it\/#\/schema\/logo\/image\/"}}]}},"_links":{"self":[{"href":"https:\/\/forkommerce.com\/es\/wp-json\/wp\/v2\/product\/2664","targetHints":{"allow":["GET"]}}],"collection":[{"href":"https:\/\/forkommerce.com\/es\/wp-json\/wp\/v2\/product"}],"about":[{"href":"https:\/\/forkommerce.com\/es\/wp-json\/wp\/v2\/types\/product"}],"wp:featuredmedia":[{"embeddable":true,"href":"https:\/\/forkommerce.com\/es\/wp-json\/wp\/v2\/media\/2665"}],"wp:attachment":[{"href":"https:\/\/forkommerce.com\/es\/wp-json\/wp\/v2\/media?parent=2664"}],"wp:term":[{"taxonomy":"product_brand","embeddable":true,"href":"https:\/\/forkommerce.com\/es\/wp-json\/wp\/v2\/product_brand?post=2664"},{"taxonomy":"product_cat","embeddable":true,"href":"https:\/\/forkommerce.com\/es\/wp-json\/wp\/v2\/product_cat?post=2664"},{"taxonomy":"product_tag","embeddable":true,"href":"https:\/\/forkommerce.com\/es\/wp-json\/wp\/v2\/product_tag?post=2664"}],"curies":[{"name":"wp","href":"https:\/\/api.w.org\/{rel}","templated":true}]}}