{"id":2696,"date":"2026-02-09T17:10:51","date_gmt":"2026-02-09T16:10:51","guid":{"rendered":"https:\/\/forkommerce.com\/prodotto\/transpaleta-manual-25-t-monorrodillo-pu-con-rueda-de-goma\/"},"modified":"2026-04-10T14:05:51","modified_gmt":"2026-04-10T12:05:51","slug":"transpaleta-manual-25-t-monorrodillo-pu-con-rueda-de-goma","status":"publish","type":"product","link":"https:\/\/forkommerce.com\/es\/producto\/transpaleta-manual-25-t-monorrodillo-pu-con-rueda-de-goma\/","title":{"rendered":"Transpaleta manual 2,5 T \u2013 rodillo simple PU con rueda de goma"},"content":{"rendered":"<p data-start=\"227\" data-end=\"474\"><strong>Compra m\u00ednima de 6 unidades o m\u00faltiplos de 6.<\/strong><\/p>\n<p>Transpaleta manual dise\u00f1ada para mover cargas de hasta 2,5 toneladas con facilidad y seguridad.<\/p>\n<p>Equipada con rodillo simple de poliuretano (PU) y rueda gu\u00eda de goma, garantiza un desplazamiento fluido, estabilidad y durabilidad prolongada incluso en pavimentos industriales. Ideal para almacenes, centros log\u00edsticos y l\u00edneas de producci\u00f3n. <\/p>\n<h4 data-section-id=\"d437e9\" data-start=\"501\" data-end=\"530\">Caracter\u00edsticas principales:<\/h4>\n<p data-start=\"568\" data-end=\"642\">Tipo de ruedas: rodillo simple de poliuretano (PU) + rueda gu\u00eda de goma.<\/p>\n<p data-start=\"645\" data-end=\"688\">Chasis: acero pintado resistente.<\/p>\n<p data-start=\"691\" data-end=\"742\">Bomba hidr\u00e1ulica: est\u00e1ndar, f\u00e1cil de accionar.<\/p>\n<p data-start=\"745\" data-end=\"785\">Elevaci\u00f3n m\u00e1xima<strong data-start=\"745\" data-end=\"770\">:<\/strong> aprox. 200 mm.<\/p>\n<p data-start=\"878\" data-end=\"942\">Desplazamiento fluido y silencioso, incluso con cargas pesadas.<\/p>\n<p data-start=\"945\" data-end=\"999\">Adecuada para pavimentos industriales y log\u00edsticos.<\/p>\n","protected":false},"excerpt":{"rendered":"<p>Transpaleta compacta para pal\u00e9s de hasta 2,5 t, con rodillo simple de PU y ruedas de goma para mayor precisi\u00f3n en espacios estrechos.<\/p>\n","protected":false},"featured_media":2697,"template":"","meta":[],"product_brand":[],"product_cat":[70],"product_tag":[],"class_list":{"0":"post-2696","1":"product","2":"type-product","3":"status-publish","4":"has-post-thumbnail","6":"product_cat-transpaletas-manuales","8":"first","9":"instock","10":"sale","11":"taxable","12":"shipping-taxable","13":"purchasable","14":"product-type-simple"},"yoast_head":"<!-- This site is optimized with the Yoast SEO plugin v27.3 - https:\/\/yoast.com\/product\/yoast-seo-wordpress\/ -->\n<title>Transpaleta manual 2,5 T \u2013 rodillo simple PU con rueda de goma | Forkommerce Spare Parts<\/title>\n<meta name=\"robots\" content=\"index, follow, max-snippet:-1, max-image-preview:large, max-video-preview:-1\" \/>\n<link rel=\"canonical\" href=\"https:\/\/forkommerce.com\/es\/producto\/transpaleta-manual-25-t-monorrodillo-pu-con-rueda-de-goma\/\" \/>\n<meta property=\"og:locale\" content=\"es_ES\" \/>\n<meta property=\"og:type\" content=\"article\" \/>\n<meta property=\"og:title\" content=\"Transpaleta manual 2,5 T \u2013 rodillo simple PU con rueda de goma | Forkommerce Spare Parts\" \/>\n<meta property=\"og:description\" content=\"Transpaleta compacta para pal\u00e9s de hasta 2,5 t, con rodillo simple de PU y ruedas de goma para mayor precisi\u00f3n en espacios estrechos.\" \/>\n<meta property=\"og:url\" content=\"https:\/\/forkommerce.com\/es\/producto\/transpaleta-manual-25-t-monorrodillo-pu-con-rueda-de-goma\/\" \/>\n<meta property=\"og:site_name\" content=\"Forkommerce Spare Parts\" \/>\n<meta property=\"article:modified_time\" content=\"2026-04-10T12:05:51+00:00\" \/>\n<meta property=\"og:image\" content=\"https:\/\/forkommerce.com\/wp-content\/uploads\/2026\/02\/Transpallet-manuale-25-T-\u2013-Mono-Rullo-PU-con-ruota-in-gomma.jpg\" \/>\n\t<meta property=\"og:image:width\" content=\"470\" \/>\n\t<meta property=\"og:image:height\" content=\"470\" \/>\n\t<meta property=\"og:image:type\" content=\"image\/jpeg\" \/>\n<meta name=\"twitter:card\" content=\"summary_large_image\" \/>\n<meta name=\"twitter:label1\" content=\"Tiempo de lectura\" \/>\n\t<meta name=\"twitter:data1\" content=\"1 minuto\" \/>\n<script type=\"application\/ld+json\" class=\"yoast-schema-graph\">{\"@context\":\"https:\\\/\\\/schema.org\",\"@graph\":[{\"@type\":\"WebPage\",\"@id\":\"https:\\\/\\\/forkommerce.com\\\/es\\\/producto\\\/transpaleta-manual-25-t-monorrodillo-pu-con-rueda-de-goma\\\/\",\"url\":\"https:\\\/\\\/forkommerce.com\\\/es\\\/producto\\\/transpaleta-manual-25-t-monorrodillo-pu-con-rueda-de-goma\\\/\",\"name\":\"Transpaleta manual 2,5 T \u2013 rodillo simple PU con rueda de goma | Forkommerce Spare Parts\",\"isPartOf\":{\"@id\":\"https:\\\/\\\/forkommerce.com\\\/it\\\/#website\"},\"primaryImageOfPage\":{\"@id\":\"https:\\\/\\\/forkommerce.com\\\/es\\\/producto\\\/transpaleta-manual-25-t-monorrodillo-pu-con-rueda-de-goma\\\/#primaryimage\"},\"image\":{\"@id\":\"https:\\\/\\\/forkommerce.com\\\/es\\\/producto\\\/transpaleta-manual-25-t-monorrodillo-pu-con-rueda-de-goma\\\/#primaryimage\"},\"thumbnailUrl\":\"https:\\\/\\\/forkommerce.com\\\/wp-content\\\/uploads\\\/2026\\\/02\\\/Transpallet-manuale-25-T-\u2013-Mono-Rullo-PU-con-ruota-in-gomma.jpg\",\"datePublished\":\"2026-02-09T16:10:51+00:00\",\"dateModified\":\"2026-04-10T12:05:51+00:00\",\"breadcrumb\":{\"@id\":\"https:\\\/\\\/forkommerce.com\\\/es\\\/producto\\\/transpaleta-manual-25-t-monorrodillo-pu-con-rueda-de-goma\\\/#breadcrumb\"},\"inLanguage\":\"es\",\"potentialAction\":[{\"@type\":\"ReadAction\",\"target\":[\"https:\\\/\\\/forkommerce.com\\\/es\\\/producto\\\/transpaleta-manual-25-t-monorrodillo-pu-con-rueda-de-goma\\\/\"]}]},{\"@type\":\"ImageObject\",\"inLanguage\":\"es\",\"@id\":\"https:\\\/\\\/forkommerce.com\\\/es\\\/producto\\\/transpaleta-manual-25-t-monorrodillo-pu-con-rueda-de-goma\\\/#primaryimage\",\"url\":\"https:\\\/\\\/forkommerce.com\\\/wp-content\\\/uploads\\\/2026\\\/02\\\/Transpallet-manuale-25-T-\u2013-Mono-Rullo-PU-con-ruota-in-gomma.jpg\",\"contentUrl\":\"https:\\\/\\\/forkommerce.com\\\/wp-content\\\/uploads\\\/2026\\\/02\\\/Transpallet-manuale-25-T-\u2013-Mono-Rullo-PU-con-ruota-in-gomma.jpg\",\"width\":470,\"height\":470,\"caption\":\"Transpaleta manual 2,5 T \u2013 Monorrodillo PU con rueda de goma\"},{\"@type\":\"BreadcrumbList\",\"@id\":\"https:\\\/\\\/forkommerce.com\\\/es\\\/producto\\\/transpaleta-manual-25-t-monorrodillo-pu-con-rueda-de-goma\\\/#breadcrumb\",\"itemListElement\":[{\"@type\":\"ListItem\",\"position\":1,\"name\":\"Home\",\"item\":\"https:\\\/\\\/forkommerce.com\\\/es\\\/\"},{\"@type\":\"ListItem\",\"position\":2,\"name\":\"Tienda\",\"item\":\"https:\\\/\\\/forkommerce.com\\\/it\\\/negozio\\\/\"},{\"@type\":\"ListItem\",\"position\":3,\"name\":\"Transpaleta manual 2,5 T \u2013 rodillo simple PU con rueda de goma\"}]},{\"@type\":\"WebSite\",\"@id\":\"https:\\\/\\\/forkommerce.com\\\/it\\\/#website\",\"url\":\"https:\\\/\\\/forkommerce.com\\\/it\\\/\",\"name\":\"Forkommerce Spare Parts\",\"description\":\"Ricambi originali e compatibili per carrelli elevatori e transpallet\",\"publisher\":{\"@id\":\"https:\\\/\\\/forkommerce.com\\\/it\\\/#organization\"},\"alternateName\":\"Forkommerce Spare Parts\",\"potentialAction\":[{\"@type\":\"SearchAction\",\"target\":{\"@type\":\"EntryPoint\",\"urlTemplate\":\"https:\\\/\\\/forkommerce.com\\\/it\\\/?s={search_term_string}\"},\"query-input\":{\"@type\":\"PropertyValueSpecification\",\"valueRequired\":true,\"valueName\":\"search_term_string\"}}],\"inLanguage\":\"es\"},{\"@type\":\"Organization\",\"@id\":\"https:\\\/\\\/forkommerce.com\\\/it\\\/#organization\",\"name\":\"Forkommerce Spare Parts\",\"url\":\"https:\\\/\\\/forkommerce.com\\\/it\\\/\",\"logo\":{\"@type\":\"ImageObject\",\"inLanguage\":\"es\",\"@id\":\"https:\\\/\\\/forkommerce.com\\\/it\\\/#\\\/schema\\\/logo\\\/image\\\/\",\"url\":\"https:\\\/\\\/forkommerce.com\\\/wp-content\\\/uploads\\\/2025\\\/09\\\/Logo-Forkommercex2.png\",\"contentUrl\":\"https:\\\/\\\/forkommerce.com\\\/wp-content\\\/uploads\\\/2025\\\/09\\\/Logo-Forkommercex2.png\",\"width\":470,\"height\":120,\"caption\":\"Forkommerce Spare Parts\"},\"image\":{\"@id\":\"https:\\\/\\\/forkommerce.com\\\/it\\\/#\\\/schema\\\/logo\\\/image\\\/\"}}]}<\/script>\n<!-- \/ Yoast SEO plugin. -->","yoast_head_json":{"title":"Transpaleta manual 2,5 T \u2013 rodillo simple PU con rueda de goma | Forkommerce Spare Parts","robots":{"index":"index","follow":"follow","max-snippet":"max-snippet:-1","max-image-preview":"max-image-preview:large","max-video-preview":"max-video-preview:-1"},"canonical":"https:\/\/forkommerce.com\/es\/producto\/transpaleta-manual-25-t-monorrodillo-pu-con-rueda-de-goma\/","og_locale":"es_ES","og_type":"article","og_title":"Transpaleta manual 2,5 T \u2013 rodillo simple PU con rueda de goma | Forkommerce Spare Parts","og_description":"Transpaleta compacta para pal\u00e9s de hasta 2,5 t, con rodillo simple de PU y ruedas de goma para mayor precisi\u00f3n en espacios estrechos.","og_url":"https:\/\/forkommerce.com\/es\/producto\/transpaleta-manual-25-t-monorrodillo-pu-con-rueda-de-goma\/","og_site_name":"Forkommerce Spare Parts","article_modified_time":"2026-04-10T12:05:51+00:00","og_image":[{"width":470,"height":470,"url":"https:\/\/forkommerce.com\/wp-content\/uploads\/2026\/02\/Transpallet-manuale-25-T-\u2013-Mono-Rullo-PU-con-ruota-in-gomma.jpg","type":"image\/jpeg"}],"twitter_card":"summary_large_image","twitter_misc":{"Tiempo de lectura":"1 minuto"},"schema":{"@context":"https:\/\/schema.org","@graph":[{"@type":"WebPage","@id":"https:\/\/forkommerce.com\/es\/producto\/transpaleta-manual-25-t-monorrodillo-pu-con-rueda-de-goma\/","url":"https:\/\/forkommerce.com\/es\/producto\/transpaleta-manual-25-t-monorrodillo-pu-con-rueda-de-goma\/","name":"Transpaleta manual 2,5 T \u2013 rodillo simple PU con rueda de goma | Forkommerce Spare Parts","isPartOf":{"@id":"https:\/\/forkommerce.com\/it\/#website"},"primaryImageOfPage":{"@id":"https:\/\/forkommerce.com\/es\/producto\/transpaleta-manual-25-t-monorrodillo-pu-con-rueda-de-goma\/#primaryimage"},"image":{"@id":"https:\/\/forkommerce.com\/es\/producto\/transpaleta-manual-25-t-monorrodillo-pu-con-rueda-de-goma\/#primaryimage"},"thumbnailUrl":"https:\/\/forkommerce.com\/wp-content\/uploads\/2026\/02\/Transpallet-manuale-25-T-\u2013-Mono-Rullo-PU-con-ruota-in-gomma.jpg","datePublished":"2026-02-09T16:10:51+00:00","dateModified":"2026-04-10T12:05:51+00:00","breadcrumb":{"@id":"https:\/\/forkommerce.com\/es\/producto\/transpaleta-manual-25-t-monorrodillo-pu-con-rueda-de-goma\/#breadcrumb"},"inLanguage":"es","potentialAction":[{"@type":"ReadAction","target":["https:\/\/forkommerce.com\/es\/producto\/transpaleta-manual-25-t-monorrodillo-pu-con-rueda-de-goma\/"]}]},{"@type":"ImageObject","inLanguage":"es","@id":"https:\/\/forkommerce.com\/es\/producto\/transpaleta-manual-25-t-monorrodillo-pu-con-rueda-de-goma\/#primaryimage","url":"https:\/\/forkommerce.com\/wp-content\/uploads\/2026\/02\/Transpallet-manuale-25-T-\u2013-Mono-Rullo-PU-con-ruota-in-gomma.jpg","contentUrl":"https:\/\/forkommerce.com\/wp-content\/uploads\/2026\/02\/Transpallet-manuale-25-T-\u2013-Mono-Rullo-PU-con-ruota-in-gomma.jpg","width":470,"height":470,"caption":"Transpaleta manual 2,5 T \u2013 Monorrodillo PU con rueda de goma"},{"@type":"BreadcrumbList","@id":"https:\/\/forkommerce.com\/es\/producto\/transpaleta-manual-25-t-monorrodillo-pu-con-rueda-de-goma\/#breadcrumb","itemListElement":[{"@type":"ListItem","position":1,"name":"Home","item":"https:\/\/forkommerce.com\/es\/"},{"@type":"ListItem","position":2,"name":"Tienda","item":"https:\/\/forkommerce.com\/it\/negozio\/"},{"@type":"ListItem","position":3,"name":"Transpaleta manual 2,5 T \u2013 rodillo simple PU con rueda de goma"}]},{"@type":"WebSite","@id":"https:\/\/forkommerce.com\/it\/#website","url":"https:\/\/forkommerce.com\/it\/","name":"Forkommerce Spare Parts","description":"Ricambi originali e compatibili per carrelli elevatori e transpallet","publisher":{"@id":"https:\/\/forkommerce.com\/it\/#organization"},"alternateName":"Forkommerce Spare Parts","potentialAction":[{"@type":"SearchAction","target":{"@type":"EntryPoint","urlTemplate":"https:\/\/forkommerce.com\/it\/?s={search_term_string}"},"query-input":{"@type":"PropertyValueSpecification","valueRequired":true,"valueName":"search_term_string"}}],"inLanguage":"es"},{"@type":"Organization","@id":"https:\/\/forkommerce.com\/it\/#organization","name":"Forkommerce Spare Parts","url":"https:\/\/forkommerce.com\/it\/","logo":{"@type":"ImageObject","inLanguage":"es","@id":"https:\/\/forkommerce.com\/it\/#\/schema\/logo\/image\/","url":"https:\/\/forkommerce.com\/wp-content\/uploads\/2025\/09\/Logo-Forkommercex2.png","contentUrl":"https:\/\/forkommerce.com\/wp-content\/uploads\/2025\/09\/Logo-Forkommercex2.png","width":470,"height":120,"caption":"Forkommerce Spare Parts"},"image":{"@id":"https:\/\/forkommerce.com\/it\/#\/schema\/logo\/image\/"}}]}},"_links":{"self":[{"href":"https:\/\/forkommerce.com\/es\/wp-json\/wp\/v2\/product\/2696","targetHints":{"allow":["GET"]}}],"collection":[{"href":"https:\/\/forkommerce.com\/es\/wp-json\/wp\/v2\/product"}],"about":[{"href":"https:\/\/forkommerce.com\/es\/wp-json\/wp\/v2\/types\/product"}],"wp:featuredmedia":[{"embeddable":true,"href":"https:\/\/forkommerce.com\/es\/wp-json\/wp\/v2\/media\/2697"}],"wp:attachment":[{"href":"https:\/\/forkommerce.com\/es\/wp-json\/wp\/v2\/media?parent=2696"}],"wp:term":[{"taxonomy":"product_brand","embeddable":true,"href":"https:\/\/forkommerce.com\/es\/wp-json\/wp\/v2\/product_brand?post=2696"},{"taxonomy":"product_cat","embeddable":true,"href":"https:\/\/forkommerce.com\/es\/wp-json\/wp\/v2\/product_cat?post=2696"},{"taxonomy":"product_tag","embeddable":true,"href":"https:\/\/forkommerce.com\/es\/wp-json\/wp\/v2\/product_tag?post=2696"}],"curies":[{"name":"wp","href":"https:\/\/api.w.org\/{rel}","templated":true}]}}