{"id":2831,"date":"2026-02-06T12:03:19","date_gmt":"2026-02-06T11:03:19","guid":{"rendered":"https:\/\/forkommerce.com\/prodotto\/rodillo-85x80-85-poliuretano-20f-linde-0009903524-compatible\/"},"modified":"2026-04-10T14:33:59","modified_gmt":"2026-04-10T12:33:59","slug":"rodillo-85x80-85-poliuretano-20f-linde-0009903524-compatible","status":"publish","type":"product","link":"https:\/\/forkommerce.com\/es\/producto\/rodillo-85x80-85-poliuretano-20f-linde-0009903524-compatible\/","title":{"rendered":"Rodillo 85&#215;80\/85 poliuretano 20F Linde 0009903524 (Compatible)"},"content":{"rendered":"<h4 data-section-id=\"3q99xj\" data-start=\"124\" data-end=\"180\">Rodillo 85&#215;80\/85 en Poliuretano 20F \u2013 Linde 0009903524<\/h4>\n<p data-start=\"182\" data-end=\"613\">Rodillo de alta calidad dise\u00f1ado para carretillas elevadoras Linde.<\/p>\n<p data-start=\"182\" data-end=\"613\">Fabricado en poliuretano reforzado de alta resistencia al desgaste, garantiza un desplazamiento fluido, estabilidad y larga duraci\u00f3n incluso en entornos industriales intensivos. Ideal como recambio original o sustituci\u00f3n equivalente, contribuye a mejorar la eficiencia operativa y la seguridad durante la manipulaci\u00f3n de palets y mercanc\u00edas pesadas. <\/p>\n<p data-start=\"615\" data-end=\"847\">Gracias al material resistente y duradero, el rodillo reduce el desgaste de los componentes y de las superficies de contacto, asegurando un rendimiento constante y un mantenimiento reducido.<\/p>\n<p data-start=\"615\" data-end=\"847\">Rodillo portante en poliuretano de altas prestaciones, adecuado para transpaletas el\u00e9ctricas y carretillas de almac\u00e9n.<\/p>\n<p data-start=\"615\" data-end=\"847\">Dise\u00f1ado para uso profesional y cargas elevadas.<\/p>\n<h4 data-section-id=\"d437e9\" data-start=\"854\" data-end=\"883\">Caracter\u00edsticas principales<\/h4>\n<p data-start=\"954\" data-end=\"1027\">Material: poliuretano de alta resistencia al desgaste y a la abrasi\u00f3n.<\/p>\n<p data-start=\"1030\" data-end=\"1076\">Tipo de rodillo: estabilizador \/ soporte.<\/p>\n<p data-start=\"1079\" data-end=\"1121\">Garantiza \u00f3ptima estabilidad y durabilidad.<\/p>\n<p data-start=\"1124\" data-end=\"1188\">Deslizamiento fluido y silencioso, incluso con cargas pesadas.<\/p>\n<p data-start=\"1191\" data-end=\"1244\">Ideal como sustituci\u00f3n del recambio original.<\/p>\n<p data-start=\"1247\" data-end=\"1294\">Reduce el desgaste de los componentes y del suelo.<\/p>\n<p data-start=\"1297\" data-end=\"1363\">Adecuado para entornos industriales y almacenes de alto tr\u00e1fico.<\/p>\n<h5><strong>Compatibilidad:<\/strong><\/h5>\n<h5><strong>Linde<\/strong><br \/>\n<strong>Modelos de las series L, N y T (entre ellos L20, N20, T16, T18, T20, T30)<\/strong><\/h5>\n<h5>Crown<br \/>\nCR 808984-001 \/ 808984001<br \/>\nWP2300S, WP2300, WP2000S, WP2000<\/h5>\n<h5><strong>Heli<\/strong><br \/>\n1000332004<\/h5>\n","protected":false},"excerpt":{"rendered":"<p>Rodillo 85&#215;80\/85 poliuretano 20F Linde 0009903524 (Compatible)<\/p>\n","protected":false},"featured_media":2832,"template":"","meta":[],"product_brand":[170,117],"product_cat":[88,80],"product_tag":[],"class_list":{"0":"post-2831","1":"product","2":"type-product","3":"status-publish","4":"has-post-thumbnail","6":"product_brand-crown","7":"product_brand-linde","8":"product_cat-recambios-compatibles","9":"product_cat-rodillos-y-ruedas","11":"first","12":"instock","13":"taxable","14":"shipping-taxable","15":"purchasable","16":"product-type-simple"},"yoast_head":"<!-- This site is optimized with the Yoast SEO plugin v27.3 - https:\/\/yoast.com\/product\/yoast-seo-wordpress\/ -->\n<title>Rodillo 85x80\/85 poliuretano 20F Linde 0009903524 (Compatible) | Forkommerce Spare Parts<\/title>\n<meta name=\"robots\" content=\"index, follow, max-snippet:-1, max-image-preview:large, max-video-preview:-1\" \/>\n<link rel=\"canonical\" href=\"https:\/\/forkommerce.com\/es\/producto\/rodillo-85x80-85-poliuretano-20f-linde-0009903524-compatible\/\" \/>\n<meta property=\"og:locale\" content=\"es_ES\" \/>\n<meta property=\"og:type\" content=\"article\" \/>\n<meta property=\"og:title\" content=\"Rodillo 85x80\/85 poliuretano 20F Linde 0009903524 (Compatible) | Forkommerce Spare Parts\" \/>\n<meta property=\"og:description\" content=\"Rodillo 85x80\/85 poliuretano 20F Linde 0009903524 (Compatible)\" \/>\n<meta property=\"og:url\" content=\"https:\/\/forkommerce.com\/es\/producto\/rodillo-85x80-85-poliuretano-20f-linde-0009903524-compatible\/\" \/>\n<meta property=\"og:site_name\" content=\"Forkommerce Spare Parts\" \/>\n<meta property=\"article:modified_time\" content=\"2026-04-10T12:33:59+00:00\" \/>\n<meta property=\"og:image\" content=\"https:\/\/forkommerce.com\/wp-content\/uploads\/2026\/02\/Rullo-85x80-85-Poliuretano-20F-Linde-0009903524-Compatibile.jpg\" \/>\n\t<meta property=\"og:image:width\" content=\"333\" \/>\n\t<meta property=\"og:image:height\" content=\"358\" \/>\n\t<meta property=\"og:image:type\" content=\"image\/jpeg\" \/>\n<meta name=\"twitter:card\" content=\"summary_large_image\" \/>\n<meta name=\"twitter:label1\" content=\"Tiempo de lectura\" \/>\n\t<meta name=\"twitter:data1\" content=\"1 minuto\" \/>\n<script type=\"application\/ld+json\" class=\"yoast-schema-graph\">{\"@context\":\"https:\\\/\\\/schema.org\",\"@graph\":[{\"@type\":\"WebPage\",\"@id\":\"https:\\\/\\\/forkommerce.com\\\/es\\\/producto\\\/rodillo-85x80-85-poliuretano-20f-linde-0009903524-compatible\\\/\",\"url\":\"https:\\\/\\\/forkommerce.com\\\/es\\\/producto\\\/rodillo-85x80-85-poliuretano-20f-linde-0009903524-compatible\\\/\",\"name\":\"Rodillo 85x80\\\/85 poliuretano 20F Linde 0009903524 (Compatible) | Forkommerce Spare Parts\",\"isPartOf\":{\"@id\":\"https:\\\/\\\/forkommerce.com\\\/it\\\/#website\"},\"primaryImageOfPage\":{\"@id\":\"https:\\\/\\\/forkommerce.com\\\/es\\\/producto\\\/rodillo-85x80-85-poliuretano-20f-linde-0009903524-compatible\\\/#primaryimage\"},\"image\":{\"@id\":\"https:\\\/\\\/forkommerce.com\\\/es\\\/producto\\\/rodillo-85x80-85-poliuretano-20f-linde-0009903524-compatible\\\/#primaryimage\"},\"thumbnailUrl\":\"https:\\\/\\\/forkommerce.com\\\/wp-content\\\/uploads\\\/2026\\\/02\\\/Rullo-85x80-85-Poliuretano-20F-Linde-0009903524-Compatibile.jpg\",\"datePublished\":\"2026-02-06T11:03:19+00:00\",\"dateModified\":\"2026-04-10T12:33:59+00:00\",\"breadcrumb\":{\"@id\":\"https:\\\/\\\/forkommerce.com\\\/es\\\/producto\\\/rodillo-85x80-85-poliuretano-20f-linde-0009903524-compatible\\\/#breadcrumb\"},\"inLanguage\":\"es\",\"potentialAction\":[{\"@type\":\"ReadAction\",\"target\":[\"https:\\\/\\\/forkommerce.com\\\/es\\\/producto\\\/rodillo-85x80-85-poliuretano-20f-linde-0009903524-compatible\\\/\"]}]},{\"@type\":\"ImageObject\",\"inLanguage\":\"es\",\"@id\":\"https:\\\/\\\/forkommerce.com\\\/es\\\/producto\\\/rodillo-85x80-85-poliuretano-20f-linde-0009903524-compatible\\\/#primaryimage\",\"url\":\"https:\\\/\\\/forkommerce.com\\\/wp-content\\\/uploads\\\/2026\\\/02\\\/Rullo-85x80-85-Poliuretano-20F-Linde-0009903524-Compatibile.jpg\",\"contentUrl\":\"https:\\\/\\\/forkommerce.com\\\/wp-content\\\/uploads\\\/2026\\\/02\\\/Rullo-85x80-85-Poliuretano-20F-Linde-0009903524-Compatibile.jpg\",\"width\":333,\"height\":358,\"caption\":\"Rodillo 85x80 85 poliuretano 20F Linde 0009903524 (Compatible)\"},{\"@type\":\"BreadcrumbList\",\"@id\":\"https:\\\/\\\/forkommerce.com\\\/es\\\/producto\\\/rodillo-85x80-85-poliuretano-20f-linde-0009903524-compatible\\\/#breadcrumb\",\"itemListElement\":[{\"@type\":\"ListItem\",\"position\":1,\"name\":\"Home\",\"item\":\"https:\\\/\\\/forkommerce.com\\\/es\\\/\"},{\"@type\":\"ListItem\",\"position\":2,\"name\":\"Tienda\",\"item\":\"https:\\\/\\\/forkommerce.com\\\/it\\\/negozio\\\/\"},{\"@type\":\"ListItem\",\"position\":3,\"name\":\"Rodillo 85&#215;80\\\/85 poliuretano 20F Linde 0009903524 (Compatible)\"}]},{\"@type\":\"WebSite\",\"@id\":\"https:\\\/\\\/forkommerce.com\\\/it\\\/#website\",\"url\":\"https:\\\/\\\/forkommerce.com\\\/it\\\/\",\"name\":\"Forkommerce Spare Parts\",\"description\":\"Ricambi originali e compatibili per carrelli elevatori e transpallet\",\"publisher\":{\"@id\":\"https:\\\/\\\/forkommerce.com\\\/it\\\/#organization\"},\"alternateName\":\"Forkommerce Spare Parts\",\"potentialAction\":[{\"@type\":\"SearchAction\",\"target\":{\"@type\":\"EntryPoint\",\"urlTemplate\":\"https:\\\/\\\/forkommerce.com\\\/it\\\/?s={search_term_string}\"},\"query-input\":{\"@type\":\"PropertyValueSpecification\",\"valueRequired\":true,\"valueName\":\"search_term_string\"}}],\"inLanguage\":\"es\"},{\"@type\":\"Organization\",\"@id\":\"https:\\\/\\\/forkommerce.com\\\/it\\\/#organization\",\"name\":\"Forkommerce Spare Parts\",\"url\":\"https:\\\/\\\/forkommerce.com\\\/it\\\/\",\"logo\":{\"@type\":\"ImageObject\",\"inLanguage\":\"es\",\"@id\":\"https:\\\/\\\/forkommerce.com\\\/it\\\/#\\\/schema\\\/logo\\\/image\\\/\",\"url\":\"https:\\\/\\\/forkommerce.com\\\/wp-content\\\/uploads\\\/2025\\\/09\\\/Logo-Forkommercex2.png\",\"contentUrl\":\"https:\\\/\\\/forkommerce.com\\\/wp-content\\\/uploads\\\/2025\\\/09\\\/Logo-Forkommercex2.png\",\"width\":470,\"height\":120,\"caption\":\"Forkommerce Spare Parts\"},\"image\":{\"@id\":\"https:\\\/\\\/forkommerce.com\\\/it\\\/#\\\/schema\\\/logo\\\/image\\\/\"}}]}<\/script>\n<!-- \/ Yoast SEO plugin. -->","yoast_head_json":{"title":"Rodillo 85x80\/85 poliuretano 20F Linde 0009903524 (Compatible) | Forkommerce Spare Parts","robots":{"index":"index","follow":"follow","max-snippet":"max-snippet:-1","max-image-preview":"max-image-preview:large","max-video-preview":"max-video-preview:-1"},"canonical":"https:\/\/forkommerce.com\/es\/producto\/rodillo-85x80-85-poliuretano-20f-linde-0009903524-compatible\/","og_locale":"es_ES","og_type":"article","og_title":"Rodillo 85x80\/85 poliuretano 20F Linde 0009903524 (Compatible) | Forkommerce Spare Parts","og_description":"Rodillo 85x80\/85 poliuretano 20F Linde 0009903524 (Compatible)","og_url":"https:\/\/forkommerce.com\/es\/producto\/rodillo-85x80-85-poliuretano-20f-linde-0009903524-compatible\/","og_site_name":"Forkommerce Spare Parts","article_modified_time":"2026-04-10T12:33:59+00:00","og_image":[{"width":333,"height":358,"url":"https:\/\/forkommerce.com\/wp-content\/uploads\/2026\/02\/Rullo-85x80-85-Poliuretano-20F-Linde-0009903524-Compatibile.jpg","type":"image\/jpeg"}],"twitter_card":"summary_large_image","twitter_misc":{"Tiempo de lectura":"1 minuto"},"schema":{"@context":"https:\/\/schema.org","@graph":[{"@type":"WebPage","@id":"https:\/\/forkommerce.com\/es\/producto\/rodillo-85x80-85-poliuretano-20f-linde-0009903524-compatible\/","url":"https:\/\/forkommerce.com\/es\/producto\/rodillo-85x80-85-poliuretano-20f-linde-0009903524-compatible\/","name":"Rodillo 85x80\/85 poliuretano 20F Linde 0009903524 (Compatible) | Forkommerce Spare Parts","isPartOf":{"@id":"https:\/\/forkommerce.com\/it\/#website"},"primaryImageOfPage":{"@id":"https:\/\/forkommerce.com\/es\/producto\/rodillo-85x80-85-poliuretano-20f-linde-0009903524-compatible\/#primaryimage"},"image":{"@id":"https:\/\/forkommerce.com\/es\/producto\/rodillo-85x80-85-poliuretano-20f-linde-0009903524-compatible\/#primaryimage"},"thumbnailUrl":"https:\/\/forkommerce.com\/wp-content\/uploads\/2026\/02\/Rullo-85x80-85-Poliuretano-20F-Linde-0009903524-Compatibile.jpg","datePublished":"2026-02-06T11:03:19+00:00","dateModified":"2026-04-10T12:33:59+00:00","breadcrumb":{"@id":"https:\/\/forkommerce.com\/es\/producto\/rodillo-85x80-85-poliuretano-20f-linde-0009903524-compatible\/#breadcrumb"},"inLanguage":"es","potentialAction":[{"@type":"ReadAction","target":["https:\/\/forkommerce.com\/es\/producto\/rodillo-85x80-85-poliuretano-20f-linde-0009903524-compatible\/"]}]},{"@type":"ImageObject","inLanguage":"es","@id":"https:\/\/forkommerce.com\/es\/producto\/rodillo-85x80-85-poliuretano-20f-linde-0009903524-compatible\/#primaryimage","url":"https:\/\/forkommerce.com\/wp-content\/uploads\/2026\/02\/Rullo-85x80-85-Poliuretano-20F-Linde-0009903524-Compatibile.jpg","contentUrl":"https:\/\/forkommerce.com\/wp-content\/uploads\/2026\/02\/Rullo-85x80-85-Poliuretano-20F-Linde-0009903524-Compatibile.jpg","width":333,"height":358,"caption":"Rodillo 85x80 85 poliuretano 20F Linde 0009903524 (Compatible)"},{"@type":"BreadcrumbList","@id":"https:\/\/forkommerce.com\/es\/producto\/rodillo-85x80-85-poliuretano-20f-linde-0009903524-compatible\/#breadcrumb","itemListElement":[{"@type":"ListItem","position":1,"name":"Home","item":"https:\/\/forkommerce.com\/es\/"},{"@type":"ListItem","position":2,"name":"Tienda","item":"https:\/\/forkommerce.com\/it\/negozio\/"},{"@type":"ListItem","position":3,"name":"Rodillo 85&#215;80\/85 poliuretano 20F Linde 0009903524 (Compatible)"}]},{"@type":"WebSite","@id":"https:\/\/forkommerce.com\/it\/#website","url":"https:\/\/forkommerce.com\/it\/","name":"Forkommerce Spare Parts","description":"Ricambi originali e compatibili per carrelli elevatori e transpallet","publisher":{"@id":"https:\/\/forkommerce.com\/it\/#organization"},"alternateName":"Forkommerce Spare Parts","potentialAction":[{"@type":"SearchAction","target":{"@type":"EntryPoint","urlTemplate":"https:\/\/forkommerce.com\/it\/?s={search_term_string}"},"query-input":{"@type":"PropertyValueSpecification","valueRequired":true,"valueName":"search_term_string"}}],"inLanguage":"es"},{"@type":"Organization","@id":"https:\/\/forkommerce.com\/it\/#organization","name":"Forkommerce Spare Parts","url":"https:\/\/forkommerce.com\/it\/","logo":{"@type":"ImageObject","inLanguage":"es","@id":"https:\/\/forkommerce.com\/it\/#\/schema\/logo\/image\/","url":"https:\/\/forkommerce.com\/wp-content\/uploads\/2025\/09\/Logo-Forkommercex2.png","contentUrl":"https:\/\/forkommerce.com\/wp-content\/uploads\/2025\/09\/Logo-Forkommercex2.png","width":470,"height":120,"caption":"Forkommerce Spare Parts"},"image":{"@id":"https:\/\/forkommerce.com\/it\/#\/schema\/logo\/image\/"}}]}},"_links":{"self":[{"href":"https:\/\/forkommerce.com\/es\/wp-json\/wp\/v2\/product\/2831","targetHints":{"allow":["GET"]}}],"collection":[{"href":"https:\/\/forkommerce.com\/es\/wp-json\/wp\/v2\/product"}],"about":[{"href":"https:\/\/forkommerce.com\/es\/wp-json\/wp\/v2\/types\/product"}],"wp:featuredmedia":[{"embeddable":true,"href":"https:\/\/forkommerce.com\/es\/wp-json\/wp\/v2\/media\/2832"}],"wp:attachment":[{"href":"https:\/\/forkommerce.com\/es\/wp-json\/wp\/v2\/media?parent=2831"}],"wp:term":[{"taxonomy":"product_brand","embeddable":true,"href":"https:\/\/forkommerce.com\/es\/wp-json\/wp\/v2\/product_brand?post=2831"},{"taxonomy":"product_cat","embeddable":true,"href":"https:\/\/forkommerce.com\/es\/wp-json\/wp\/v2\/product_cat?post=2831"},{"taxonomy":"product_tag","embeddable":true,"href":"https:\/\/forkommerce.com\/es\/wp-json\/wp\/v2\/product_tag?post=2831"}],"curies":[{"name":"wp","href":"https:\/\/api.w.org\/{rel}","templated":true}]}}