{"id":2873,"date":"2026-02-04T08:51:35","date_gmt":"2026-02-04T07:51:35","guid":{"rendered":"https:\/\/forkommerce.com\/prodotto\/perno-con-pasadores-bl844\/"},"modified":"2026-04-11T10:39:48","modified_gmt":"2026-04-11T08:39:48","slug":"perno-con-pasadores-bl844","status":"publish","type":"product","link":"https:\/\/forkommerce.com\/es\/producto\/perno-con-pasadores-bl844\/","title":{"rendered":"Perno con pasadores BL844"},"content":{"rendered":"<p data-start=\"30\" data-end=\"277\"><strong>Conexi\u00f3n <em>clevis<\/em> con perno y predisposici\u00f3n para pasador de seguridad, espec\u00edficamente dise\u00f1ado para cadenas de hoja BL844 (4\u00d74, 1\u2033 pitch).<\/strong><\/p>\n<p data-start=\"30\" data-end=\"277\">El <strong data-start=\"33\" data-end=\"62\">perno con pasadores de seguridad BL844<\/strong> es un componente de fijaci\u00f3n dise\u00f1ado para la conexi\u00f3n y el bloqueo seguro de las cadenas Fleyer serie BL844, utilizadas principalmente en sistemas de elevaci\u00f3n y en los m\u00e1stiles de carretillas elevadoras.<\/p>\n<p data-start=\"279\" data-end=\"474\">Este perno permite unir los eslabones de la cadena o conectar elementos mec\u00e1nicos garantizando estabilidad, seguridad y resistencia a la tracci\u00f3n incluso en aplicaciones industriales intensivas.<\/p>\n<p data-start=\"476\" data-end=\"799\">Fabricado en acero de alta resistencia, est\u00e1 dotado de orificio pasante para la inserci\u00f3n del pasador de seguridad, que impide la extracci\u00f3n accidental del perno durante el funcionamiento.<\/p>\n<p data-start=\"476\" data-end=\"799\">La estructura robusta y el mecanizado preciso aseguran larga duraci\u00f3n y fiabilidad incluso en condiciones de trabajo exigentes.<\/p>\n<p data-start=\"801\" data-end=\"1005\">Est\u00e1 especialmente indicado para mantenimiento, sustituci\u00f3n y montaje de cadenas industriales BL, utilizadas en sistemas de manutenci\u00f3n de materiales, instalaciones de elevaci\u00f3n y maquinaria industrial.<\/p>\n<p>Fabricado en acero de alta resistencia, con perno \u00d8 9,53 mm y placas compatibles con el ancho de la cadena.<\/p>\n<h4 data-section-id=\"1ti5jzm\" data-start=\"1012\" data-end=\"1040\">Caracter\u00edsticas principales:<\/h4>\n<p data-start=\"1195\" data-end=\"1242\">Sistema de bloqueo: pasador de seguridad.<\/p>\n<p data-start=\"1245\" data-end=\"1291\">Elevada resistencia a la tracci\u00f3n y al desgaste.<\/p>\n<p data-start=\"1294\" data-end=\"1341\">Ideal para unir extremos de cadenas industriales o fijar cadenas a soportes\/horquillas en aplicaciones de elevaci\u00f3n y manutenci\u00f3n.<\/p>\n<p data-start=\"1344\" data-end=\"1395\">Adecuado para sistemas de elevaci\u00f3n y manutenci\u00f3n.<\/p>\n","protected":false},"excerpt":{"rendered":"<p>Perno con pasadores BL844<\/p>\n","protected":false},"featured_media":2874,"template":"","meta":[],"product_brand":[],"product_cat":[208],"product_tag":[],"class_list":{"0":"post-2873","1":"product","2":"type-product","3":"status-publish","4":"has-post-thumbnail","6":"product_cat-pasadores-de-cadena","8":"first","9":"instock","10":"taxable","11":"shipping-taxable","12":"purchasable","13":"product-type-simple"},"yoast_head":"<!-- This site is optimized with the Yoast SEO plugin v27.3 - https:\/\/yoast.com\/product\/yoast-seo-wordpress\/ -->\n<title>Perno con pasadores BL844 | Forkommerce Spare Parts<\/title>\n<meta name=\"robots\" content=\"index, follow, max-snippet:-1, max-image-preview:large, max-video-preview:-1\" \/>\n<link rel=\"canonical\" href=\"https:\/\/forkommerce.com\/es\/producto\/perno-con-pasadores-bl844\/\" \/>\n<meta property=\"og:locale\" content=\"es_ES\" \/>\n<meta property=\"og:type\" content=\"article\" \/>\n<meta property=\"og:title\" content=\"Perno con pasadores BL844 | Forkommerce Spare Parts\" \/>\n<meta property=\"og:description\" content=\"Perno con pasadores BL844\" \/>\n<meta property=\"og:url\" content=\"https:\/\/forkommerce.com\/es\/producto\/perno-con-pasadores-bl844\/\" \/>\n<meta property=\"og:site_name\" content=\"Forkommerce Spare Parts\" \/>\n<meta property=\"article:modified_time\" content=\"2026-04-11T08:39:48+00:00\" \/>\n<meta property=\"og:image\" content=\"https:\/\/forkommerce.com\/wp-content\/uploads\/2026\/02\/Perno-con-coppiglie-BL844.jpeg\" \/>\n\t<meta property=\"og:image:width\" content=\"692\" \/>\n\t<meta property=\"og:image:height\" content=\"664\" \/>\n\t<meta property=\"og:image:type\" content=\"image\/jpeg\" \/>\n<meta name=\"twitter:card\" content=\"summary_large_image\" \/>\n<meta name=\"twitter:label1\" content=\"Tiempo de lectura\" \/>\n\t<meta name=\"twitter:data1\" content=\"1 minuto\" \/>\n<script type=\"application\/ld+json\" class=\"yoast-schema-graph\">{\"@context\":\"https:\\\/\\\/schema.org\",\"@graph\":[{\"@type\":\"WebPage\",\"@id\":\"https:\\\/\\\/forkommerce.com\\\/es\\\/producto\\\/perno-con-pasadores-bl844\\\/\",\"url\":\"https:\\\/\\\/forkommerce.com\\\/es\\\/producto\\\/perno-con-pasadores-bl844\\\/\",\"name\":\"Perno con pasadores BL844 | Forkommerce Spare Parts\",\"isPartOf\":{\"@id\":\"https:\\\/\\\/forkommerce.com\\\/it\\\/#website\"},\"primaryImageOfPage\":{\"@id\":\"https:\\\/\\\/forkommerce.com\\\/es\\\/producto\\\/perno-con-pasadores-bl844\\\/#primaryimage\"},\"image\":{\"@id\":\"https:\\\/\\\/forkommerce.com\\\/es\\\/producto\\\/perno-con-pasadores-bl844\\\/#primaryimage\"},\"thumbnailUrl\":\"https:\\\/\\\/forkommerce.com\\\/wp-content\\\/uploads\\\/2026\\\/02\\\/Perno-con-coppiglie-BL844.jpeg\",\"datePublished\":\"2026-02-04T07:51:35+00:00\",\"dateModified\":\"2026-04-11T08:39:48+00:00\",\"breadcrumb\":{\"@id\":\"https:\\\/\\\/forkommerce.com\\\/es\\\/producto\\\/perno-con-pasadores-bl844\\\/#breadcrumb\"},\"inLanguage\":\"es\",\"potentialAction\":[{\"@type\":\"ReadAction\",\"target\":[\"https:\\\/\\\/forkommerce.com\\\/es\\\/producto\\\/perno-con-pasadores-bl844\\\/\"]}]},{\"@type\":\"ImageObject\",\"inLanguage\":\"es\",\"@id\":\"https:\\\/\\\/forkommerce.com\\\/es\\\/producto\\\/perno-con-pasadores-bl844\\\/#primaryimage\",\"url\":\"https:\\\/\\\/forkommerce.com\\\/wp-content\\\/uploads\\\/2026\\\/02\\\/Perno-con-coppiglie-BL844.jpeg\",\"contentUrl\":\"https:\\\/\\\/forkommerce.com\\\/wp-content\\\/uploads\\\/2026\\\/02\\\/Perno-con-coppiglie-BL844.jpeg\",\"width\":692,\"height\":664,\"caption\":\"Perno con pasadores BL844\"},{\"@type\":\"BreadcrumbList\",\"@id\":\"https:\\\/\\\/forkommerce.com\\\/es\\\/producto\\\/perno-con-pasadores-bl844\\\/#breadcrumb\",\"itemListElement\":[{\"@type\":\"ListItem\",\"position\":1,\"name\":\"Home\",\"item\":\"https:\\\/\\\/forkommerce.com\\\/es\\\/\"},{\"@type\":\"ListItem\",\"position\":2,\"name\":\"Tienda\",\"item\":\"https:\\\/\\\/forkommerce.com\\\/it\\\/negozio\\\/\"},{\"@type\":\"ListItem\",\"position\":3,\"name\":\"Perno con pasadores BL844\"}]},{\"@type\":\"WebSite\",\"@id\":\"https:\\\/\\\/forkommerce.com\\\/it\\\/#website\",\"url\":\"https:\\\/\\\/forkommerce.com\\\/it\\\/\",\"name\":\"Forkommerce Spare Parts\",\"description\":\"Ricambi originali e compatibili per carrelli elevatori e transpallet\",\"publisher\":{\"@id\":\"https:\\\/\\\/forkommerce.com\\\/it\\\/#organization\"},\"alternateName\":\"Forkommerce Spare Parts\",\"potentialAction\":[{\"@type\":\"SearchAction\",\"target\":{\"@type\":\"EntryPoint\",\"urlTemplate\":\"https:\\\/\\\/forkommerce.com\\\/it\\\/?s={search_term_string}\"},\"query-input\":{\"@type\":\"PropertyValueSpecification\",\"valueRequired\":true,\"valueName\":\"search_term_string\"}}],\"inLanguage\":\"es\"},{\"@type\":\"Organization\",\"@id\":\"https:\\\/\\\/forkommerce.com\\\/it\\\/#organization\",\"name\":\"Forkommerce Spare Parts\",\"url\":\"https:\\\/\\\/forkommerce.com\\\/it\\\/\",\"logo\":{\"@type\":\"ImageObject\",\"inLanguage\":\"es\",\"@id\":\"https:\\\/\\\/forkommerce.com\\\/it\\\/#\\\/schema\\\/logo\\\/image\\\/\",\"url\":\"https:\\\/\\\/forkommerce.com\\\/wp-content\\\/uploads\\\/2025\\\/09\\\/Logo-Forkommercex2.png\",\"contentUrl\":\"https:\\\/\\\/forkommerce.com\\\/wp-content\\\/uploads\\\/2025\\\/09\\\/Logo-Forkommercex2.png\",\"width\":470,\"height\":120,\"caption\":\"Forkommerce Spare Parts\"},\"image\":{\"@id\":\"https:\\\/\\\/forkommerce.com\\\/it\\\/#\\\/schema\\\/logo\\\/image\\\/\"}}]}<\/script>\n<!-- \/ Yoast SEO plugin. -->","yoast_head_json":{"title":"Perno con pasadores BL844 | Forkommerce Spare Parts","robots":{"index":"index","follow":"follow","max-snippet":"max-snippet:-1","max-image-preview":"max-image-preview:large","max-video-preview":"max-video-preview:-1"},"canonical":"https:\/\/forkommerce.com\/es\/producto\/perno-con-pasadores-bl844\/","og_locale":"es_ES","og_type":"article","og_title":"Perno con pasadores BL844 | Forkommerce Spare Parts","og_description":"Perno con pasadores BL844","og_url":"https:\/\/forkommerce.com\/es\/producto\/perno-con-pasadores-bl844\/","og_site_name":"Forkommerce Spare Parts","article_modified_time":"2026-04-11T08:39:48+00:00","og_image":[{"width":692,"height":664,"url":"https:\/\/forkommerce.com\/wp-content\/uploads\/2026\/02\/Perno-con-coppiglie-BL844.jpeg","type":"image\/jpeg"}],"twitter_card":"summary_large_image","twitter_misc":{"Tiempo de lectura":"1 minuto"},"schema":{"@context":"https:\/\/schema.org","@graph":[{"@type":"WebPage","@id":"https:\/\/forkommerce.com\/es\/producto\/perno-con-pasadores-bl844\/","url":"https:\/\/forkommerce.com\/es\/producto\/perno-con-pasadores-bl844\/","name":"Perno con pasadores BL844 | Forkommerce Spare Parts","isPartOf":{"@id":"https:\/\/forkommerce.com\/it\/#website"},"primaryImageOfPage":{"@id":"https:\/\/forkommerce.com\/es\/producto\/perno-con-pasadores-bl844\/#primaryimage"},"image":{"@id":"https:\/\/forkommerce.com\/es\/producto\/perno-con-pasadores-bl844\/#primaryimage"},"thumbnailUrl":"https:\/\/forkommerce.com\/wp-content\/uploads\/2026\/02\/Perno-con-coppiglie-BL844.jpeg","datePublished":"2026-02-04T07:51:35+00:00","dateModified":"2026-04-11T08:39:48+00:00","breadcrumb":{"@id":"https:\/\/forkommerce.com\/es\/producto\/perno-con-pasadores-bl844\/#breadcrumb"},"inLanguage":"es","potentialAction":[{"@type":"ReadAction","target":["https:\/\/forkommerce.com\/es\/producto\/perno-con-pasadores-bl844\/"]}]},{"@type":"ImageObject","inLanguage":"es","@id":"https:\/\/forkommerce.com\/es\/producto\/perno-con-pasadores-bl844\/#primaryimage","url":"https:\/\/forkommerce.com\/wp-content\/uploads\/2026\/02\/Perno-con-coppiglie-BL844.jpeg","contentUrl":"https:\/\/forkommerce.com\/wp-content\/uploads\/2026\/02\/Perno-con-coppiglie-BL844.jpeg","width":692,"height":664,"caption":"Perno con pasadores BL844"},{"@type":"BreadcrumbList","@id":"https:\/\/forkommerce.com\/es\/producto\/perno-con-pasadores-bl844\/#breadcrumb","itemListElement":[{"@type":"ListItem","position":1,"name":"Home","item":"https:\/\/forkommerce.com\/es\/"},{"@type":"ListItem","position":2,"name":"Tienda","item":"https:\/\/forkommerce.com\/it\/negozio\/"},{"@type":"ListItem","position":3,"name":"Perno con pasadores BL844"}]},{"@type":"WebSite","@id":"https:\/\/forkommerce.com\/it\/#website","url":"https:\/\/forkommerce.com\/it\/","name":"Forkommerce Spare Parts","description":"Ricambi originali e compatibili per carrelli elevatori e transpallet","publisher":{"@id":"https:\/\/forkommerce.com\/it\/#organization"},"alternateName":"Forkommerce Spare Parts","potentialAction":[{"@type":"SearchAction","target":{"@type":"EntryPoint","urlTemplate":"https:\/\/forkommerce.com\/it\/?s={search_term_string}"},"query-input":{"@type":"PropertyValueSpecification","valueRequired":true,"valueName":"search_term_string"}}],"inLanguage":"es"},{"@type":"Organization","@id":"https:\/\/forkommerce.com\/it\/#organization","name":"Forkommerce Spare Parts","url":"https:\/\/forkommerce.com\/it\/","logo":{"@type":"ImageObject","inLanguage":"es","@id":"https:\/\/forkommerce.com\/it\/#\/schema\/logo\/image\/","url":"https:\/\/forkommerce.com\/wp-content\/uploads\/2025\/09\/Logo-Forkommercex2.png","contentUrl":"https:\/\/forkommerce.com\/wp-content\/uploads\/2025\/09\/Logo-Forkommercex2.png","width":470,"height":120,"caption":"Forkommerce Spare Parts"},"image":{"@id":"https:\/\/forkommerce.com\/it\/#\/schema\/logo\/image\/"}}]}},"_links":{"self":[{"href":"https:\/\/forkommerce.com\/es\/wp-json\/wp\/v2\/product\/2873","targetHints":{"allow":["GET"]}}],"collection":[{"href":"https:\/\/forkommerce.com\/es\/wp-json\/wp\/v2\/product"}],"about":[{"href":"https:\/\/forkommerce.com\/es\/wp-json\/wp\/v2\/types\/product"}],"wp:featuredmedia":[{"embeddable":true,"href":"https:\/\/forkommerce.com\/es\/wp-json\/wp\/v2\/media\/2874"}],"wp:attachment":[{"href":"https:\/\/forkommerce.com\/es\/wp-json\/wp\/v2\/media?parent=2873"}],"wp:term":[{"taxonomy":"product_brand","embeddable":true,"href":"https:\/\/forkommerce.com\/es\/wp-json\/wp\/v2\/product_brand?post=2873"},{"taxonomy":"product_cat","embeddable":true,"href":"https:\/\/forkommerce.com\/es\/wp-json\/wp\/v2\/product_cat?post=2873"},{"taxonomy":"product_tag","embeddable":true,"href":"https:\/\/forkommerce.com\/es\/wp-json\/wp\/v2\/product_tag?post=2873"}],"curies":[{"name":"wp","href":"https:\/\/api.w.org\/{rel}","templated":true}]}}