{"id":2901,"date":"2026-02-04T08:30:02","date_gmt":"2026-02-04T07:30:02","guid":{"rendered":"https:\/\/forkommerce.com\/prodotto\/perno-con-pasadores-bl646\/"},"modified":"2026-04-11T10:40:25","modified_gmt":"2026-04-11T08:40:25","slug":"perno-con-pasadores-bl646","status":"publish","type":"product","link":"https:\/\/forkommerce.com\/es\/producto\/perno-con-pasadores-bl646\/","title":{"rendered":"Perno con pasadores BL646"},"content":{"rendered":"<p data-start=\"30\" data-end=\"319\"><strong>Perno clevis de conexi\u00f3n para cadenas leaf BL646 (4\u00d76), con orificio para pasador de seguridad.<\/strong><\/p>\n<p data-start=\"30\" data-end=\"319\">El <strong data-start=\"33\" data-end=\"62\">perno con pasadores BL646<\/strong> es un componente de fijaci\u00f3n dise\u00f1ado para la conexi\u00f3n segura de las cadenas Fleyer, utilizadas principalmente en sistemas de elevaci\u00f3n industrial, en los m\u00e1stiles de las carretillas elevadoras y en aplicaciones de manutenci\u00f3n de materiales.<\/p>\n<p data-start=\"321\" data-end=\"552\">Este perno permite unir y bloquear los eslabones de la cadena o los elementos de conexi\u00f3n correspondientes, garantizando estabilidad estructural, elevada resistencia mec\u00e1nica y seguridad operativa incluso en condiciones de trabajo exigentes.<\/p>\n<p data-start=\"554\" data-end=\"876\">Fabricado en acero de alta resistencia, el perno dispone de orificio terminal para la inserci\u00f3n del pasador de seguridad, que impide la extracci\u00f3n accidental durante el funcionamiento.<\/p>\n<p data-start=\"554\" data-end=\"876\">El mecanizado preciso y la robustez del material aseguran fiabilidad, larga duraci\u00f3n y facilidad de mantenimiento.<\/p>\n<p data-start=\"878\" data-end=\"1052\">Est\u00e1 especialmente indicado como recambio para cadenas industriales serie BL, empleadas en instalaciones de elevaci\u00f3n, sistemas de transmisi\u00f3n y m\u00e1quinas de manutenci\u00f3n.<\/p>\n<p><strong>Fabricado en acero resistente para aplicaciones industriales y transmisiones mec\u00e1nicas. <\/strong><\/p>\n<h4 data-section-id=\"1ti5jzm\" data-start=\"1059\" data-end=\"1087\"><strong>Caracter\u00edsticas principales:<\/strong><\/h4>\n<p data-start=\"1200\" data-end=\"1239\">Material: fabricado en acero resistente para aplicaciones industriales y transmisiones mec\u00e1nicas.<\/p>\n<p data-start=\"1242\" data-end=\"1288\">Sistema de fijaci\u00f3n: pasador de seguridad.<\/p>\n<p data-start=\"1291\" data-end=\"1337\">Elevada resistencia a la tracci\u00f3n y al desgaste.<\/p>\n<p data-start=\"1340\" data-end=\"1387\">Ideal para mantenimiento y recambios industriales.<\/p>\n<p data-start=\"1390\" data-end=\"1441\"> Adecuado para conectar extremos de cadena o fijar cadenas a grapas\/horquillas.<\/p>\n","protected":false},"excerpt":{"rendered":"<p>Perno con pasadores BL646<\/p>\n","protected":false},"featured_media":2903,"template":"","meta":[],"product_brand":[],"product_cat":[208],"product_tag":[],"class_list":{"0":"post-2901","1":"product","2":"type-product","3":"status-publish","4":"has-post-thumbnail","6":"product_cat-pasadores-de-cadena","8":"first","9":"instock","10":"taxable","11":"shipping-taxable","12":"purchasable","13":"product-type-simple"},"yoast_head":"<!-- This site is optimized with the Yoast SEO plugin v27.3 - https:\/\/yoast.com\/product\/yoast-seo-wordpress\/ -->\n<title>Perno con pasadores BL646 | Forkommerce Spare Parts<\/title>\n<meta name=\"robots\" content=\"index, follow, max-snippet:-1, max-image-preview:large, max-video-preview:-1\" \/>\n<link rel=\"canonical\" href=\"https:\/\/forkommerce.com\/es\/producto\/perno-con-pasadores-bl646\/\" \/>\n<meta property=\"og:locale\" content=\"es_ES\" \/>\n<meta property=\"og:type\" content=\"article\" \/>\n<meta property=\"og:title\" content=\"Perno con pasadores BL646 | Forkommerce Spare Parts\" \/>\n<meta property=\"og:description\" content=\"Perno con pasadores BL646\" \/>\n<meta property=\"og:url\" content=\"https:\/\/forkommerce.com\/es\/producto\/perno-con-pasadores-bl646\/\" \/>\n<meta property=\"og:site_name\" content=\"Forkommerce Spare Parts\" \/>\n<meta property=\"article:modified_time\" content=\"2026-04-11T08:40:25+00:00\" \/>\n<meta property=\"og:image\" content=\"https:\/\/forkommerce.com\/wp-content\/uploads\/2026\/02\/Perno-con-coppiglie-BL646-1-1.jpeg\" \/>\n\t<meta property=\"og:image:width\" content=\"638\" \/>\n\t<meta property=\"og:image:height\" content=\"598\" \/>\n\t<meta property=\"og:image:type\" content=\"image\/jpeg\" \/>\n<meta name=\"twitter:card\" content=\"summary_large_image\" \/>\n<meta name=\"twitter:label1\" content=\"Tiempo de lectura\" \/>\n\t<meta name=\"twitter:data1\" content=\"1 minuto\" \/>\n<script type=\"application\/ld+json\" class=\"yoast-schema-graph\">{\"@context\":\"https:\\\/\\\/schema.org\",\"@graph\":[{\"@type\":\"WebPage\",\"@id\":\"https:\\\/\\\/forkommerce.com\\\/es\\\/producto\\\/perno-con-pasadores-bl646\\\/\",\"url\":\"https:\\\/\\\/forkommerce.com\\\/es\\\/producto\\\/perno-con-pasadores-bl646\\\/\",\"name\":\"Perno con pasadores BL646 | Forkommerce Spare Parts\",\"isPartOf\":{\"@id\":\"https:\\\/\\\/forkommerce.com\\\/it\\\/#website\"},\"primaryImageOfPage\":{\"@id\":\"https:\\\/\\\/forkommerce.com\\\/es\\\/producto\\\/perno-con-pasadores-bl646\\\/#primaryimage\"},\"image\":{\"@id\":\"https:\\\/\\\/forkommerce.com\\\/es\\\/producto\\\/perno-con-pasadores-bl646\\\/#primaryimage\"},\"thumbnailUrl\":\"https:\\\/\\\/forkommerce.com\\\/wp-content\\\/uploads\\\/2026\\\/02\\\/Perno-con-coppiglie-BL646-1-1.jpeg\",\"datePublished\":\"2026-02-04T07:30:02+00:00\",\"dateModified\":\"2026-04-11T08:40:25+00:00\",\"breadcrumb\":{\"@id\":\"https:\\\/\\\/forkommerce.com\\\/es\\\/producto\\\/perno-con-pasadores-bl646\\\/#breadcrumb\"},\"inLanguage\":\"es\",\"potentialAction\":[{\"@type\":\"ReadAction\",\"target\":[\"https:\\\/\\\/forkommerce.com\\\/es\\\/producto\\\/perno-con-pasadores-bl646\\\/\"]}]},{\"@type\":\"ImageObject\",\"inLanguage\":\"es\",\"@id\":\"https:\\\/\\\/forkommerce.com\\\/es\\\/producto\\\/perno-con-pasadores-bl646\\\/#primaryimage\",\"url\":\"https:\\\/\\\/forkommerce.com\\\/wp-content\\\/uploads\\\/2026\\\/02\\\/Perno-con-coppiglie-BL646-1-1.jpeg\",\"contentUrl\":\"https:\\\/\\\/forkommerce.com\\\/wp-content\\\/uploads\\\/2026\\\/02\\\/Perno-con-coppiglie-BL646-1-1.jpeg\",\"width\":638,\"height\":598,\"caption\":\"Perno con pasadores BL646\"},{\"@type\":\"BreadcrumbList\",\"@id\":\"https:\\\/\\\/forkommerce.com\\\/es\\\/producto\\\/perno-con-pasadores-bl646\\\/#breadcrumb\",\"itemListElement\":[{\"@type\":\"ListItem\",\"position\":1,\"name\":\"Home\",\"item\":\"https:\\\/\\\/forkommerce.com\\\/es\\\/\"},{\"@type\":\"ListItem\",\"position\":2,\"name\":\"Tienda\",\"item\":\"https:\\\/\\\/forkommerce.com\\\/it\\\/negozio\\\/\"},{\"@type\":\"ListItem\",\"position\":3,\"name\":\"Perno con pasadores BL646\"}]},{\"@type\":\"WebSite\",\"@id\":\"https:\\\/\\\/forkommerce.com\\\/it\\\/#website\",\"url\":\"https:\\\/\\\/forkommerce.com\\\/it\\\/\",\"name\":\"Forkommerce Spare Parts\",\"description\":\"Ricambi originali e compatibili per carrelli elevatori e transpallet\",\"publisher\":{\"@id\":\"https:\\\/\\\/forkommerce.com\\\/it\\\/#organization\"},\"alternateName\":\"Forkommerce Spare Parts\",\"potentialAction\":[{\"@type\":\"SearchAction\",\"target\":{\"@type\":\"EntryPoint\",\"urlTemplate\":\"https:\\\/\\\/forkommerce.com\\\/it\\\/?s={search_term_string}\"},\"query-input\":{\"@type\":\"PropertyValueSpecification\",\"valueRequired\":true,\"valueName\":\"search_term_string\"}}],\"inLanguage\":\"es\"},{\"@type\":\"Organization\",\"@id\":\"https:\\\/\\\/forkommerce.com\\\/it\\\/#organization\",\"name\":\"Forkommerce Spare Parts\",\"url\":\"https:\\\/\\\/forkommerce.com\\\/it\\\/\",\"logo\":{\"@type\":\"ImageObject\",\"inLanguage\":\"es\",\"@id\":\"https:\\\/\\\/forkommerce.com\\\/it\\\/#\\\/schema\\\/logo\\\/image\\\/\",\"url\":\"https:\\\/\\\/forkommerce.com\\\/wp-content\\\/uploads\\\/2025\\\/09\\\/Logo-Forkommercex2.png\",\"contentUrl\":\"https:\\\/\\\/forkommerce.com\\\/wp-content\\\/uploads\\\/2025\\\/09\\\/Logo-Forkommercex2.png\",\"width\":470,\"height\":120,\"caption\":\"Forkommerce Spare Parts\"},\"image\":{\"@id\":\"https:\\\/\\\/forkommerce.com\\\/it\\\/#\\\/schema\\\/logo\\\/image\\\/\"}}]}<\/script>\n<!-- \/ Yoast SEO plugin. -->","yoast_head_json":{"title":"Perno con pasadores BL646 | Forkommerce Spare Parts","robots":{"index":"index","follow":"follow","max-snippet":"max-snippet:-1","max-image-preview":"max-image-preview:large","max-video-preview":"max-video-preview:-1"},"canonical":"https:\/\/forkommerce.com\/es\/producto\/perno-con-pasadores-bl646\/","og_locale":"es_ES","og_type":"article","og_title":"Perno con pasadores BL646 | Forkommerce Spare Parts","og_description":"Perno con pasadores BL646","og_url":"https:\/\/forkommerce.com\/es\/producto\/perno-con-pasadores-bl646\/","og_site_name":"Forkommerce Spare Parts","article_modified_time":"2026-04-11T08:40:25+00:00","og_image":[{"width":638,"height":598,"url":"https:\/\/forkommerce.com\/wp-content\/uploads\/2026\/02\/Perno-con-coppiglie-BL646-1-1.jpeg","type":"image\/jpeg"}],"twitter_card":"summary_large_image","twitter_misc":{"Tiempo de lectura":"1 minuto"},"schema":{"@context":"https:\/\/schema.org","@graph":[{"@type":"WebPage","@id":"https:\/\/forkommerce.com\/es\/producto\/perno-con-pasadores-bl646\/","url":"https:\/\/forkommerce.com\/es\/producto\/perno-con-pasadores-bl646\/","name":"Perno con pasadores BL646 | Forkommerce Spare Parts","isPartOf":{"@id":"https:\/\/forkommerce.com\/it\/#website"},"primaryImageOfPage":{"@id":"https:\/\/forkommerce.com\/es\/producto\/perno-con-pasadores-bl646\/#primaryimage"},"image":{"@id":"https:\/\/forkommerce.com\/es\/producto\/perno-con-pasadores-bl646\/#primaryimage"},"thumbnailUrl":"https:\/\/forkommerce.com\/wp-content\/uploads\/2026\/02\/Perno-con-coppiglie-BL646-1-1.jpeg","datePublished":"2026-02-04T07:30:02+00:00","dateModified":"2026-04-11T08:40:25+00:00","breadcrumb":{"@id":"https:\/\/forkommerce.com\/es\/producto\/perno-con-pasadores-bl646\/#breadcrumb"},"inLanguage":"es","potentialAction":[{"@type":"ReadAction","target":["https:\/\/forkommerce.com\/es\/producto\/perno-con-pasadores-bl646\/"]}]},{"@type":"ImageObject","inLanguage":"es","@id":"https:\/\/forkommerce.com\/es\/producto\/perno-con-pasadores-bl646\/#primaryimage","url":"https:\/\/forkommerce.com\/wp-content\/uploads\/2026\/02\/Perno-con-coppiglie-BL646-1-1.jpeg","contentUrl":"https:\/\/forkommerce.com\/wp-content\/uploads\/2026\/02\/Perno-con-coppiglie-BL646-1-1.jpeg","width":638,"height":598,"caption":"Perno con pasadores BL646"},{"@type":"BreadcrumbList","@id":"https:\/\/forkommerce.com\/es\/producto\/perno-con-pasadores-bl646\/#breadcrumb","itemListElement":[{"@type":"ListItem","position":1,"name":"Home","item":"https:\/\/forkommerce.com\/es\/"},{"@type":"ListItem","position":2,"name":"Tienda","item":"https:\/\/forkommerce.com\/it\/negozio\/"},{"@type":"ListItem","position":3,"name":"Perno con pasadores BL646"}]},{"@type":"WebSite","@id":"https:\/\/forkommerce.com\/it\/#website","url":"https:\/\/forkommerce.com\/it\/","name":"Forkommerce Spare Parts","description":"Ricambi originali e compatibili per carrelli elevatori e transpallet","publisher":{"@id":"https:\/\/forkommerce.com\/it\/#organization"},"alternateName":"Forkommerce Spare Parts","potentialAction":[{"@type":"SearchAction","target":{"@type":"EntryPoint","urlTemplate":"https:\/\/forkommerce.com\/it\/?s={search_term_string}"},"query-input":{"@type":"PropertyValueSpecification","valueRequired":true,"valueName":"search_term_string"}}],"inLanguage":"es"},{"@type":"Organization","@id":"https:\/\/forkommerce.com\/it\/#organization","name":"Forkommerce Spare Parts","url":"https:\/\/forkommerce.com\/it\/","logo":{"@type":"ImageObject","inLanguage":"es","@id":"https:\/\/forkommerce.com\/it\/#\/schema\/logo\/image\/","url":"https:\/\/forkommerce.com\/wp-content\/uploads\/2025\/09\/Logo-Forkommercex2.png","contentUrl":"https:\/\/forkommerce.com\/wp-content\/uploads\/2025\/09\/Logo-Forkommercex2.png","width":470,"height":120,"caption":"Forkommerce Spare Parts"},"image":{"@id":"https:\/\/forkommerce.com\/it\/#\/schema\/logo\/image\/"}}]}},"_links":{"self":[{"href":"https:\/\/forkommerce.com\/es\/wp-json\/wp\/v2\/product\/2901","targetHints":{"allow":["GET"]}}],"collection":[{"href":"https:\/\/forkommerce.com\/es\/wp-json\/wp\/v2\/product"}],"about":[{"href":"https:\/\/forkommerce.com\/es\/wp-json\/wp\/v2\/types\/product"}],"wp:featuredmedia":[{"embeddable":true,"href":"https:\/\/forkommerce.com\/es\/wp-json\/wp\/v2\/media\/2903"}],"wp:attachment":[{"href":"https:\/\/forkommerce.com\/es\/wp-json\/wp\/v2\/media?parent=2901"}],"wp:term":[{"taxonomy":"product_brand","embeddable":true,"href":"https:\/\/forkommerce.com\/es\/wp-json\/wp\/v2\/product_brand?post=2901"},{"taxonomy":"product_cat","embeddable":true,"href":"https:\/\/forkommerce.com\/es\/wp-json\/wp\/v2\/product_cat?post=2901"},{"taxonomy":"product_tag","embeddable":true,"href":"https:\/\/forkommerce.com\/es\/wp-json\/wp\/v2\/product_tag?post=2901"}],"curies":[{"name":"wp","href":"https:\/\/api.w.org\/{rel}","templated":true}]}}