{"id":2941,"date":"2026-02-03T11:39:59","date_gmt":"2026-02-03T10:39:59","guid":{"rendered":"https:\/\/forkommerce.com\/prodotto\/perno-con-pasadores-bl546\/"},"modified":"2026-02-03T11:39:59","modified_gmt":"2026-02-03T10:39:59","slug":"perno-con-pasadores-bl546","status":"publish","type":"product","link":"https:\/\/forkommerce.com\/es\/producto\/perno-con-pasadores-bl546\/","title":{"rendered":"Perno con pasadores BL546"},"content":{"rendered":"<p><strong>Perno con pasadores BL546<\/strong><\/p>\n<p><strong>Perno con pasador compatible con cadena Leaf BL546 \u2013 \u00d8 5,94\u202fmm \u00d7 13,75\u202fmm<\/strong><\/p>\n<p><strong>Perno de conexi\u00f3n en acero de alta resistencia compatible con cadenas leaf BL546 (ANSI\/ISO) con paso de 5\/8\u2033 (15,875\u202fmm) y configuraci\u00f3n 4\u00d76. <\/strong><\/p>\n<p><strong>El cuerpo del perno tiene un di\u00e1metro nominal de aprox. 5,94\u202fmm y una longitud \u00fatil de aprox. 13,75\u202fmm, correspondientes a las dimensiones de los eslabones de la cadena BL546. <\/strong><\/p>\n<p><strong>Con orificio para pasador (<em>split cotter pin<\/em>) para un bloqueo seguro y f\u00e1cil de desmontar, este perno es ideal para mantenimiento, reparaci\u00f3n o montaje de cadenas en aplicaciones de elevaci\u00f3n, carretillas elevadoras, sistemas de manipulaci\u00f3n e instalaciones industriales. <\/strong><\/p>\n<p><strong>Caracter\u00edsticas principales:<\/strong><\/p>\n<ul>\n<li><strong>\ud83d\udccf<\/strong><strong> Di\u00e1metro del perno: \u2248 5,94\u202fmm \u2013 compatible con cadena BL546. <\/strong> <\/li>\n<li><strong>\ud83d\udcd0<\/strong><strong> Longitud del cuerpo del perno: \u2248 13,75\u202fmm \u2013 adecuada para atravesar las placas del eslab\u00f3n. <\/strong> <\/li>\n<li><strong>\ud83d\udd29<\/strong><strong> Material: acero de alta resistencia para un rendimiento duradero.<\/strong><\/li>\n<li><strong>\ud83d\udd12<\/strong><strong>  Fijaci\u00f3n: preparado para pasador met\u00e1lico (<em>split pin<\/em>).<\/strong><\/li>\n<li><strong>\ud83c\udfed<\/strong><strong> Uso: pernos de uni\u00f3n y bloqueo en cadenas leaf en sistemas de elevaci\u00f3n y manipulaci\u00f3n.<\/strong><\/li>\n<li><strong>\u2699\ufe0f<\/strong><strong> Compatibilidad: cadena leaf BL546 ANSI B29.8 \/ ISO 4347, lacing 4\u00d76.<\/strong><\/li>\n<\/ul>\n","protected":false},"excerpt":{"rendered":"<p>Perno con pasadores BL546 Perno con pasador compatible con cadena  [&#8230;]<\/p>\n","protected":false},"featured_media":2942,"template":"","meta":[],"product_brand":[],"product_cat":[208],"product_tag":[],"class_list":{"0":"post-2941","1":"product","2":"type-product","3":"status-publish","4":"has-post-thumbnail","6":"product_cat-pasadores-de-cadena","8":"first","9":"instock","10":"taxable","11":"shipping-taxable","12":"purchasable","13":"product-type-simple"},"yoast_head":"<!-- This site is optimized with the Yoast SEO plugin v27.3 - https:\/\/yoast.com\/product\/yoast-seo-wordpress\/ -->\n<title>Perno con pasadores BL546 | Forkommerce Spare Parts<\/title>\n<meta name=\"robots\" content=\"index, follow, max-snippet:-1, max-image-preview:large, max-video-preview:-1\" \/>\n<link rel=\"canonical\" href=\"https:\/\/forkommerce.com\/es\/producto\/perno-con-pasadores-bl546\/\" \/>\n<meta property=\"og:locale\" content=\"es_ES\" \/>\n<meta property=\"og:type\" content=\"article\" \/>\n<meta property=\"og:title\" content=\"Perno con pasadores BL546 | Forkommerce Spare Parts\" \/>\n<meta property=\"og:description\" content=\"Perno con pasadores BL546 Perno con pasador compatible con cadena [...]\" \/>\n<meta property=\"og:url\" content=\"https:\/\/forkommerce.com\/es\/producto\/perno-con-pasadores-bl546\/\" \/>\n<meta property=\"og:site_name\" content=\"Forkommerce Spare Parts\" \/>\n<meta property=\"og:image\" content=\"https:\/\/forkommerce.com\/wp-content\/uploads\/2026\/02\/Perno-con-coppiglie-BL544-.jpeg\" \/>\n\t<meta property=\"og:image:width\" content=\"333\" \/>\n\t<meta property=\"og:image:height\" content=\"421\" \/>\n\t<meta property=\"og:image:type\" content=\"image\/jpeg\" \/>\n<meta name=\"twitter:card\" content=\"summary_large_image\" \/>\n<meta name=\"twitter:label1\" content=\"Tiempo de lectura\" \/>\n\t<meta name=\"twitter:data1\" content=\"1 minuto\" \/>\n<script type=\"application\/ld+json\" class=\"yoast-schema-graph\">{\"@context\":\"https:\\\/\\\/schema.org\",\"@graph\":[{\"@type\":\"WebPage\",\"@id\":\"https:\\\/\\\/forkommerce.com\\\/es\\\/producto\\\/perno-con-pasadores-bl546\\\/\",\"url\":\"https:\\\/\\\/forkommerce.com\\\/es\\\/producto\\\/perno-con-pasadores-bl546\\\/\",\"name\":\"Perno con pasadores BL546 | Forkommerce Spare Parts\",\"isPartOf\":{\"@id\":\"https:\\\/\\\/forkommerce.com\\\/it\\\/#website\"},\"primaryImageOfPage\":{\"@id\":\"https:\\\/\\\/forkommerce.com\\\/es\\\/producto\\\/perno-con-pasadores-bl546\\\/#primaryimage\"},\"image\":{\"@id\":\"https:\\\/\\\/forkommerce.com\\\/es\\\/producto\\\/perno-con-pasadores-bl546\\\/#primaryimage\"},\"thumbnailUrl\":\"https:\\\/\\\/forkommerce.com\\\/wp-content\\\/uploads\\\/2026\\\/02\\\/Perno-con-coppiglie-BL544-.jpeg\",\"datePublished\":\"2026-02-03T10:39:59+00:00\",\"breadcrumb\":{\"@id\":\"https:\\\/\\\/forkommerce.com\\\/es\\\/producto\\\/perno-con-pasadores-bl546\\\/#breadcrumb\"},\"inLanguage\":\"es\",\"potentialAction\":[{\"@type\":\"ReadAction\",\"target\":[\"https:\\\/\\\/forkommerce.com\\\/es\\\/producto\\\/perno-con-pasadores-bl546\\\/\"]}]},{\"@type\":\"ImageObject\",\"inLanguage\":\"es\",\"@id\":\"https:\\\/\\\/forkommerce.com\\\/es\\\/producto\\\/perno-con-pasadores-bl546\\\/#primaryimage\",\"url\":\"https:\\\/\\\/forkommerce.com\\\/wp-content\\\/uploads\\\/2026\\\/02\\\/Perno-con-coppiglie-BL544-.jpeg\",\"contentUrl\":\"https:\\\/\\\/forkommerce.com\\\/wp-content\\\/uploads\\\/2026\\\/02\\\/Perno-con-coppiglie-BL544-.jpeg\",\"width\":333,\"height\":421,\"caption\":\"Perno con pasadores BL544\"},{\"@type\":\"BreadcrumbList\",\"@id\":\"https:\\\/\\\/forkommerce.com\\\/es\\\/producto\\\/perno-con-pasadores-bl546\\\/#breadcrumb\",\"itemListElement\":[{\"@type\":\"ListItem\",\"position\":1,\"name\":\"Home\",\"item\":\"https:\\\/\\\/forkommerce.com\\\/es\\\/\"},{\"@type\":\"ListItem\",\"position\":2,\"name\":\"Tienda\",\"item\":\"https:\\\/\\\/forkommerce.com\\\/it\\\/negozio\\\/\"},{\"@type\":\"ListItem\",\"position\":3,\"name\":\"Perno con pasadores BL546\"}]},{\"@type\":\"WebSite\",\"@id\":\"https:\\\/\\\/forkommerce.com\\\/it\\\/#website\",\"url\":\"https:\\\/\\\/forkommerce.com\\\/it\\\/\",\"name\":\"Forkommerce Spare Parts\",\"description\":\"Ricambi originali e compatibili per carrelli elevatori e transpallet\",\"publisher\":{\"@id\":\"https:\\\/\\\/forkommerce.com\\\/it\\\/#organization\"},\"alternateName\":\"Forkommerce Spare Parts\",\"potentialAction\":[{\"@type\":\"SearchAction\",\"target\":{\"@type\":\"EntryPoint\",\"urlTemplate\":\"https:\\\/\\\/forkommerce.com\\\/it\\\/?s={search_term_string}\"},\"query-input\":{\"@type\":\"PropertyValueSpecification\",\"valueRequired\":true,\"valueName\":\"search_term_string\"}}],\"inLanguage\":\"es\"},{\"@type\":\"Organization\",\"@id\":\"https:\\\/\\\/forkommerce.com\\\/it\\\/#organization\",\"name\":\"Forkommerce Spare Parts\",\"url\":\"https:\\\/\\\/forkommerce.com\\\/it\\\/\",\"logo\":{\"@type\":\"ImageObject\",\"inLanguage\":\"es\",\"@id\":\"https:\\\/\\\/forkommerce.com\\\/it\\\/#\\\/schema\\\/logo\\\/image\\\/\",\"url\":\"https:\\\/\\\/forkommerce.com\\\/wp-content\\\/uploads\\\/2025\\\/09\\\/Logo-Forkommercex2.png\",\"contentUrl\":\"https:\\\/\\\/forkommerce.com\\\/wp-content\\\/uploads\\\/2025\\\/09\\\/Logo-Forkommercex2.png\",\"width\":470,\"height\":120,\"caption\":\"Forkommerce Spare Parts\"},\"image\":{\"@id\":\"https:\\\/\\\/forkommerce.com\\\/it\\\/#\\\/schema\\\/logo\\\/image\\\/\"}}]}<\/script>\n<!-- \/ Yoast SEO plugin. -->","yoast_head_json":{"title":"Perno con pasadores BL546 | Forkommerce Spare Parts","robots":{"index":"index","follow":"follow","max-snippet":"max-snippet:-1","max-image-preview":"max-image-preview:large","max-video-preview":"max-video-preview:-1"},"canonical":"https:\/\/forkommerce.com\/es\/producto\/perno-con-pasadores-bl546\/","og_locale":"es_ES","og_type":"article","og_title":"Perno con pasadores BL546 | Forkommerce Spare Parts","og_description":"Perno con pasadores BL546 Perno con pasador compatible con cadena [...]","og_url":"https:\/\/forkommerce.com\/es\/producto\/perno-con-pasadores-bl546\/","og_site_name":"Forkommerce Spare Parts","og_image":[{"width":333,"height":421,"url":"https:\/\/forkommerce.com\/wp-content\/uploads\/2026\/02\/Perno-con-coppiglie-BL544-.jpeg","type":"image\/jpeg"}],"twitter_card":"summary_large_image","twitter_misc":{"Tiempo de lectura":"1 minuto"},"schema":{"@context":"https:\/\/schema.org","@graph":[{"@type":"WebPage","@id":"https:\/\/forkommerce.com\/es\/producto\/perno-con-pasadores-bl546\/","url":"https:\/\/forkommerce.com\/es\/producto\/perno-con-pasadores-bl546\/","name":"Perno con pasadores BL546 | Forkommerce Spare Parts","isPartOf":{"@id":"https:\/\/forkommerce.com\/it\/#website"},"primaryImageOfPage":{"@id":"https:\/\/forkommerce.com\/es\/producto\/perno-con-pasadores-bl546\/#primaryimage"},"image":{"@id":"https:\/\/forkommerce.com\/es\/producto\/perno-con-pasadores-bl546\/#primaryimage"},"thumbnailUrl":"https:\/\/forkommerce.com\/wp-content\/uploads\/2026\/02\/Perno-con-coppiglie-BL544-.jpeg","datePublished":"2026-02-03T10:39:59+00:00","breadcrumb":{"@id":"https:\/\/forkommerce.com\/es\/producto\/perno-con-pasadores-bl546\/#breadcrumb"},"inLanguage":"es","potentialAction":[{"@type":"ReadAction","target":["https:\/\/forkommerce.com\/es\/producto\/perno-con-pasadores-bl546\/"]}]},{"@type":"ImageObject","inLanguage":"es","@id":"https:\/\/forkommerce.com\/es\/producto\/perno-con-pasadores-bl546\/#primaryimage","url":"https:\/\/forkommerce.com\/wp-content\/uploads\/2026\/02\/Perno-con-coppiglie-BL544-.jpeg","contentUrl":"https:\/\/forkommerce.com\/wp-content\/uploads\/2026\/02\/Perno-con-coppiglie-BL544-.jpeg","width":333,"height":421,"caption":"Perno con pasadores BL544"},{"@type":"BreadcrumbList","@id":"https:\/\/forkommerce.com\/es\/producto\/perno-con-pasadores-bl546\/#breadcrumb","itemListElement":[{"@type":"ListItem","position":1,"name":"Home","item":"https:\/\/forkommerce.com\/es\/"},{"@type":"ListItem","position":2,"name":"Tienda","item":"https:\/\/forkommerce.com\/it\/negozio\/"},{"@type":"ListItem","position":3,"name":"Perno con pasadores BL546"}]},{"@type":"WebSite","@id":"https:\/\/forkommerce.com\/it\/#website","url":"https:\/\/forkommerce.com\/it\/","name":"Forkommerce Spare Parts","description":"Ricambi originali e compatibili per carrelli elevatori e transpallet","publisher":{"@id":"https:\/\/forkommerce.com\/it\/#organization"},"alternateName":"Forkommerce Spare Parts","potentialAction":[{"@type":"SearchAction","target":{"@type":"EntryPoint","urlTemplate":"https:\/\/forkommerce.com\/it\/?s={search_term_string}"},"query-input":{"@type":"PropertyValueSpecification","valueRequired":true,"valueName":"search_term_string"}}],"inLanguage":"es"},{"@type":"Organization","@id":"https:\/\/forkommerce.com\/it\/#organization","name":"Forkommerce Spare Parts","url":"https:\/\/forkommerce.com\/it\/","logo":{"@type":"ImageObject","inLanguage":"es","@id":"https:\/\/forkommerce.com\/it\/#\/schema\/logo\/image\/","url":"https:\/\/forkommerce.com\/wp-content\/uploads\/2025\/09\/Logo-Forkommercex2.png","contentUrl":"https:\/\/forkommerce.com\/wp-content\/uploads\/2025\/09\/Logo-Forkommercex2.png","width":470,"height":120,"caption":"Forkommerce Spare Parts"},"image":{"@id":"https:\/\/forkommerce.com\/it\/#\/schema\/logo\/image\/"}}]}},"_links":{"self":[{"href":"https:\/\/forkommerce.com\/es\/wp-json\/wp\/v2\/product\/2941","targetHints":{"allow":["GET"]}}],"collection":[{"href":"https:\/\/forkommerce.com\/es\/wp-json\/wp\/v2\/product"}],"about":[{"href":"https:\/\/forkommerce.com\/es\/wp-json\/wp\/v2\/types\/product"}],"wp:featuredmedia":[{"embeddable":true,"href":"https:\/\/forkommerce.com\/es\/wp-json\/wp\/v2\/media\/2942"}],"wp:attachment":[{"href":"https:\/\/forkommerce.com\/es\/wp-json\/wp\/v2\/media?parent=2941"}],"wp:term":[{"taxonomy":"product_brand","embeddable":true,"href":"https:\/\/forkommerce.com\/es\/wp-json\/wp\/v2\/product_brand?post=2941"},{"taxonomy":"product_cat","embeddable":true,"href":"https:\/\/forkommerce.com\/es\/wp-json\/wp\/v2\/product_cat?post=2941"},{"taxonomy":"product_tag","embeddable":true,"href":"https:\/\/forkommerce.com\/es\/wp-json\/wp\/v2\/product_tag?post=2941"}],"curies":[{"name":"wp","href":"https:\/\/api.w.org\/{rel}","templated":true}]}}