{"id":3011,"date":"2026-02-03T10:29:13","date_gmt":"2026-02-03T09:29:13","guid":{"rendered":"https:\/\/forkommerce.com\/prodotto\/perno-de-cadena-linde-m-170\/"},"modified":"2026-04-11T10:39:58","modified_gmt":"2026-04-11T08:39:58","slug":"perno-de-cadena-linde-m-170","status":"publish","type":"product","link":"https:\/\/forkommerce.com\/es\/producto\/perno-de-cadena-linde-m-170\/","title":{"rendered":"Perno de cadena Linde M.170"},"content":{"rendered":"<p><strong>Perno de cadena Linde M.170  <\/strong><\/p>\n<p data-start=\"43\" data-end=\"421\">El bul\u00f3n con pasadores Linde M.170 es un componente de fijaci\u00f3n dise\u00f1ado para la conexi\u00f3n segura de las cadenas industriales de las carretillas elevadoras Linde.<\/p>\n<p data-start=\"43\" data-end=\"421\">Perno cil\u00edndrico de uni\u00f3n fabricado en acero de alta resistencia para cadenas de elevaci\u00f3n y manipulaci\u00f3n empleadas en carretillas elevadoras Linde Material Handling.<\/p>\n<p data-start=\"423\" data-end=\"699\">Fabricado en acero de alta resistencia, el bul\u00f3n cuenta con un orificio pasante para la inserci\u00f3n del pasador de seguridad, que evita el desprendimiento accidental durante el funcionamiento, garantizando estabilidad, fiabilidad y seguridad en aplicaciones pesadas.<\/p>\n<p data-start=\"701\" data-end=\"874\">Es ideal para el mantenimiento, la sustituci\u00f3n y el recambio de las cadenas de las carretillas elevadoras Linde, asegurando una larga vida \u00fatil y un rendimiento \u00f3ptimo incluso bajo cargas elevadas.<\/p>\n<p>Dise\u00f1ado para resistir cargas din\u00e1micas y las tensiones t\u00edpicas de los m\u00e1stiles de elevaci\u00f3n, este pasador es el elemento central que conecta las placas de la cadena y permite la articulaci\u00f3n de los eslabones durante el uso.<\/p>\n<h4 data-section-id=\"1ti5jzm\" data-start=\"881\" data-end=\"909\">Caracter\u00edsticas principales:<\/h4>\n<p data-start=\"1032\" data-end=\"1071\">Material: acero de alta resistencia para una gran durabilidad bajo carga.<\/p>\n<p data-start=\"1074\" data-end=\"1120\">Sistema de fijaci\u00f3n: pasador de seguridad.<\/p>\n<p>Uso: componente de uni\u00f3n para cadenas de elevaci\u00f3n en carretillas elevadoras Linde, ideal para mantenimiento, reparaci\u00f3n o recambio en m\u00e1stiles de elevaci\u00f3n.<\/p>\n<p data-start=\"1123\" data-end=\"1169\">Elevada: resistencia a la tracci\u00f3n y al desgaste.<\/p>\n<p data-start=\"1172\" data-end=\"1219\">Ideal: para mantenimiento y recambios industriales.<\/p>\n<p data-start=\"1222\" data-end=\"1279\">Adecuado: para carretillas elevadoras y sistemas de elevaci\u00f3n.<\/p>\n","protected":false},"excerpt":{"rendered":"<p>Perno de cadena Linde M.170<\/p>\n","protected":false},"featured_media":0,"template":"","meta":[],"product_brand":[117],"product_cat":[208],"product_tag":[],"class_list":{"0":"post-3011","1":"product","2":"type-product","3":"status-publish","5":"product_brand-linde","6":"product_cat-pasadores-de-cadena","8":"first","9":"instock","10":"taxable","11":"shipping-taxable","12":"purchasable","13":"product-type-simple"},"yoast_head":"<!-- This site is optimized with the Yoast SEO plugin v27.3 - https:\/\/yoast.com\/product\/yoast-seo-wordpress\/ -->\n<title>Perno de cadena Linde M.170 | Forkommerce Spare Parts<\/title>\n<meta name=\"robots\" content=\"index, follow, max-snippet:-1, max-image-preview:large, max-video-preview:-1\" \/>\n<link rel=\"canonical\" href=\"https:\/\/forkommerce.com\/es\/producto\/perno-de-cadena-linde-m-170\/\" \/>\n<meta property=\"og:locale\" content=\"es_ES\" \/>\n<meta property=\"og:type\" content=\"article\" \/>\n<meta property=\"og:title\" content=\"Perno de cadena Linde M.170 | Forkommerce Spare Parts\" \/>\n<meta property=\"og:description\" content=\"Perno de cadena Linde M.170\" \/>\n<meta property=\"og:url\" content=\"https:\/\/forkommerce.com\/es\/producto\/perno-de-cadena-linde-m-170\/\" \/>\n<meta property=\"og:site_name\" content=\"Forkommerce Spare Parts\" \/>\n<meta property=\"article:modified_time\" content=\"2026-04-11T08:39:58+00:00\" \/>\n<meta property=\"og:image\" content=\"https:\/\/forkommerce.com\/wp-content\/uploads\/2025\/12\/Slider-Home.jpg\" \/>\n\t<meta property=\"og:image:width\" content=\"1920\" \/>\n\t<meta property=\"og:image:height\" content=\"800\" \/>\n\t<meta property=\"og:image:type\" content=\"image\/jpeg\" \/>\n<meta name=\"twitter:card\" content=\"summary_large_image\" \/>\n<meta name=\"twitter:label1\" content=\"Tiempo de lectura\" \/>\n\t<meta name=\"twitter:data1\" content=\"1 minuto\" \/>\n<script type=\"application\/ld+json\" class=\"yoast-schema-graph\">{\"@context\":\"https:\\\/\\\/schema.org\",\"@graph\":[{\"@type\":\"WebPage\",\"@id\":\"https:\\\/\\\/forkommerce.com\\\/es\\\/producto\\\/perno-de-cadena-linde-m-170\\\/\",\"url\":\"https:\\\/\\\/forkommerce.com\\\/es\\\/producto\\\/perno-de-cadena-linde-m-170\\\/\",\"name\":\"Perno de cadena Linde M.170 | Forkommerce Spare Parts\",\"isPartOf\":{\"@id\":\"https:\\\/\\\/forkommerce.com\\\/it\\\/#website\"},\"datePublished\":\"2026-02-03T09:29:13+00:00\",\"dateModified\":\"2026-04-11T08:39:58+00:00\",\"breadcrumb\":{\"@id\":\"https:\\\/\\\/forkommerce.com\\\/es\\\/producto\\\/perno-de-cadena-linde-m-170\\\/#breadcrumb\"},\"inLanguage\":\"es\",\"potentialAction\":[{\"@type\":\"ReadAction\",\"target\":[\"https:\\\/\\\/forkommerce.com\\\/es\\\/producto\\\/perno-de-cadena-linde-m-170\\\/\"]}]},{\"@type\":\"BreadcrumbList\",\"@id\":\"https:\\\/\\\/forkommerce.com\\\/es\\\/producto\\\/perno-de-cadena-linde-m-170\\\/#breadcrumb\",\"itemListElement\":[{\"@type\":\"ListItem\",\"position\":1,\"name\":\"Home\",\"item\":\"https:\\\/\\\/forkommerce.com\\\/es\\\/\"},{\"@type\":\"ListItem\",\"position\":2,\"name\":\"Tienda\",\"item\":\"https:\\\/\\\/forkommerce.com\\\/it\\\/negozio\\\/\"},{\"@type\":\"ListItem\",\"position\":3,\"name\":\"Perno de cadena Linde M.170\"}]},{\"@type\":\"WebSite\",\"@id\":\"https:\\\/\\\/forkommerce.com\\\/it\\\/#website\",\"url\":\"https:\\\/\\\/forkommerce.com\\\/it\\\/\",\"name\":\"Forkommerce Spare Parts\",\"description\":\"Ricambi originali e compatibili per carrelli elevatori e transpallet\",\"publisher\":{\"@id\":\"https:\\\/\\\/forkommerce.com\\\/it\\\/#organization\"},\"alternateName\":\"Forkommerce Spare Parts\",\"potentialAction\":[{\"@type\":\"SearchAction\",\"target\":{\"@type\":\"EntryPoint\",\"urlTemplate\":\"https:\\\/\\\/forkommerce.com\\\/it\\\/?s={search_term_string}\"},\"query-input\":{\"@type\":\"PropertyValueSpecification\",\"valueRequired\":true,\"valueName\":\"search_term_string\"}}],\"inLanguage\":\"es\"},{\"@type\":\"Organization\",\"@id\":\"https:\\\/\\\/forkommerce.com\\\/it\\\/#organization\",\"name\":\"Forkommerce Spare Parts\",\"url\":\"https:\\\/\\\/forkommerce.com\\\/it\\\/\",\"logo\":{\"@type\":\"ImageObject\",\"inLanguage\":\"es\",\"@id\":\"https:\\\/\\\/forkommerce.com\\\/it\\\/#\\\/schema\\\/logo\\\/image\\\/\",\"url\":\"https:\\\/\\\/forkommerce.com\\\/wp-content\\\/uploads\\\/2025\\\/09\\\/Logo-Forkommercex2.png\",\"contentUrl\":\"https:\\\/\\\/forkommerce.com\\\/wp-content\\\/uploads\\\/2025\\\/09\\\/Logo-Forkommercex2.png\",\"width\":470,\"height\":120,\"caption\":\"Forkommerce Spare Parts\"},\"image\":{\"@id\":\"https:\\\/\\\/forkommerce.com\\\/it\\\/#\\\/schema\\\/logo\\\/image\\\/\"}}]}<\/script>\n<!-- \/ Yoast SEO plugin. -->","yoast_head_json":{"title":"Perno de cadena Linde M.170 | Forkommerce Spare Parts","robots":{"index":"index","follow":"follow","max-snippet":"max-snippet:-1","max-image-preview":"max-image-preview:large","max-video-preview":"max-video-preview:-1"},"canonical":"https:\/\/forkommerce.com\/es\/producto\/perno-de-cadena-linde-m-170\/","og_locale":"es_ES","og_type":"article","og_title":"Perno de cadena Linde M.170 | Forkommerce Spare Parts","og_description":"Perno de cadena Linde M.170","og_url":"https:\/\/forkommerce.com\/es\/producto\/perno-de-cadena-linde-m-170\/","og_site_name":"Forkommerce Spare Parts","article_modified_time":"2026-04-11T08:39:58+00:00","og_image":[{"width":1920,"height":800,"url":"https:\/\/forkommerce.com\/wp-content\/uploads\/2025\/12\/Slider-Home.jpg","type":"image\/jpeg"}],"twitter_card":"summary_large_image","twitter_misc":{"Tiempo de lectura":"1 minuto"},"schema":{"@context":"https:\/\/schema.org","@graph":[{"@type":"WebPage","@id":"https:\/\/forkommerce.com\/es\/producto\/perno-de-cadena-linde-m-170\/","url":"https:\/\/forkommerce.com\/es\/producto\/perno-de-cadena-linde-m-170\/","name":"Perno de cadena Linde M.170 | Forkommerce Spare Parts","isPartOf":{"@id":"https:\/\/forkommerce.com\/it\/#website"},"datePublished":"2026-02-03T09:29:13+00:00","dateModified":"2026-04-11T08:39:58+00:00","breadcrumb":{"@id":"https:\/\/forkommerce.com\/es\/producto\/perno-de-cadena-linde-m-170\/#breadcrumb"},"inLanguage":"es","potentialAction":[{"@type":"ReadAction","target":["https:\/\/forkommerce.com\/es\/producto\/perno-de-cadena-linde-m-170\/"]}]},{"@type":"BreadcrumbList","@id":"https:\/\/forkommerce.com\/es\/producto\/perno-de-cadena-linde-m-170\/#breadcrumb","itemListElement":[{"@type":"ListItem","position":1,"name":"Home","item":"https:\/\/forkommerce.com\/es\/"},{"@type":"ListItem","position":2,"name":"Tienda","item":"https:\/\/forkommerce.com\/it\/negozio\/"},{"@type":"ListItem","position":3,"name":"Perno de cadena Linde M.170"}]},{"@type":"WebSite","@id":"https:\/\/forkommerce.com\/it\/#website","url":"https:\/\/forkommerce.com\/it\/","name":"Forkommerce Spare Parts","description":"Ricambi originali e compatibili per carrelli elevatori e transpallet","publisher":{"@id":"https:\/\/forkommerce.com\/it\/#organization"},"alternateName":"Forkommerce Spare Parts","potentialAction":[{"@type":"SearchAction","target":{"@type":"EntryPoint","urlTemplate":"https:\/\/forkommerce.com\/it\/?s={search_term_string}"},"query-input":{"@type":"PropertyValueSpecification","valueRequired":true,"valueName":"search_term_string"}}],"inLanguage":"es"},{"@type":"Organization","@id":"https:\/\/forkommerce.com\/it\/#organization","name":"Forkommerce Spare Parts","url":"https:\/\/forkommerce.com\/it\/","logo":{"@type":"ImageObject","inLanguage":"es","@id":"https:\/\/forkommerce.com\/it\/#\/schema\/logo\/image\/","url":"https:\/\/forkommerce.com\/wp-content\/uploads\/2025\/09\/Logo-Forkommercex2.png","contentUrl":"https:\/\/forkommerce.com\/wp-content\/uploads\/2025\/09\/Logo-Forkommercex2.png","width":470,"height":120,"caption":"Forkommerce Spare Parts"},"image":{"@id":"https:\/\/forkommerce.com\/it\/#\/schema\/logo\/image\/"}}]}},"_links":{"self":[{"href":"https:\/\/forkommerce.com\/es\/wp-json\/wp\/v2\/product\/3011","targetHints":{"allow":["GET"]}}],"collection":[{"href":"https:\/\/forkommerce.com\/es\/wp-json\/wp\/v2\/product"}],"about":[{"href":"https:\/\/forkommerce.com\/es\/wp-json\/wp\/v2\/types\/product"}],"wp:attachment":[{"href":"https:\/\/forkommerce.com\/es\/wp-json\/wp\/v2\/media?parent=3011"}],"wp:term":[{"taxonomy":"product_brand","embeddable":true,"href":"https:\/\/forkommerce.com\/es\/wp-json\/wp\/v2\/product_brand?post=3011"},{"taxonomy":"product_cat","embeddable":true,"href":"https:\/\/forkommerce.com\/es\/wp-json\/wp\/v2\/product_cat?post=3011"},{"taxonomy":"product_tag","embeddable":true,"href":"https:\/\/forkommerce.com\/es\/wp-json\/wp\/v2\/product_tag?post=3011"}],"curies":[{"name":"wp","href":"https:\/\/api.w.org\/{rel}","templated":true}]}}