{"id":3108,"date":"2026-02-03T09:22:37","date_gmt":"2026-02-03T08:22:37","guid":{"rendered":"https:\/\/forkommerce.com\/prodotto\/perno-de-cadena-bl544-534\/"},"modified":"2026-04-11T11:21:22","modified_gmt":"2026-04-11T09:21:22","slug":"perno-de-cadena-bl544-534","status":"publish","type":"product","link":"https:\/\/forkommerce.com\/es\/producto\/perno-de-cadena-bl544-534\/","title":{"rendered":"Perno de cadena BL544-534"},"content":{"rendered":"<p data-start=\"34\" data-end=\"307\"><strong>Perno de uni\u00f3n \/ pasador para cadenas leaf BL544 &amp; BL534<\/strong><\/p>\n<p data-start=\"34\" data-end=\"307\">El perno con pasador de aletas BL544-534 es un componente de fijaci\u00f3n dise\u00f1ado para la conexi\u00f3n segura de cadenas industriales, utilizadas principalmente en sistemas de elevaci\u00f3n, transmisi\u00f3n y manipulaci\u00f3n de materiales en el \u00e1mbito industrial.<\/p>\n<p data-start=\"309\" data-end=\"534\">Este perno permite unir los eslabones de la cadena u otros elementos de conexi\u00f3n garantizando estabilidad, resistencia a la tracci\u00f3n y seguridad operativa, incluso bajo cargas elevadas o en condiciones de trabajo exigentes.<\/p>\n<p data-start=\"536\" data-end=\"859\">Fabricado en acero de alta resistencia, cuenta con un orificio pasante para la inserci\u00f3n del pasador de aletas de seguridad, que evita la extracci\u00f3n accidental durante el funcionamiento.<\/p>\n<p data-start=\"536\" data-end=\"859\">La precisi\u00f3n del mecanizado y la robustez del material aseguran fiabilidad, larga vida \u00fatil y facilidad de mantenimiento.<\/p>\n<p data-start=\"861\" data-end=\"1030\">Es ideal como repuesto para cadenas industriales de las series BL544 y BL534, empleadas en equipos de elevaci\u00f3n, maquinaria industrial y sistemas de manipulaci\u00f3n pesada.<\/p>\n<p><strong>Caracter\u00edsticas principales:<\/strong><\/p>\n<p>Material: acero de alta resistencia para una larga vida \u00fatil.<\/p>\n<p>Sistema de fijaci\u00f3n: pasador de seguridad.<\/p>\n<p>Elevada resistencia a la tracci\u00f3n y al desgaste.<\/p>\n<p>Ideal para: mantenimiento, repuestos industriales, reparaci\u00f3n o montaje de cadenas leaf.<\/p>\n<p>Adecuado para: sistemas de elevaci\u00f3n y manipulaci\u00f3n pesada.<\/p>\n<p><strong>Conformidad con est\u00e1ndares: ANSI B29.8 \/ ISO4347<\/strong><\/p>\n<p><strong>Compatible con cadenas BL534 \/ BL544 con paso de 5\/8\u2033 (15,875 mm) y orificios de placas calibrados.<\/strong><\/p>\n","protected":false},"excerpt":{"rendered":"<p>Perno de cadena BL544 &#8211; 534<\/p>\n","protected":false},"featured_media":3109,"template":"","meta":[],"product_brand":[],"product_cat":[208],"product_tag":[],"class_list":{"0":"post-3108","1":"product","2":"type-product","3":"status-publish","4":"has-post-thumbnail","6":"product_cat-pasadores-de-cadena","8":"first","9":"instock","10":"taxable","11":"shipping-taxable","12":"purchasable","13":"product-type-simple"},"yoast_head":"<!-- This site is optimized with the Yoast SEO plugin v27.3 - https:\/\/yoast.com\/product\/yoast-seo-wordpress\/ -->\n<title>Perno de cadena BL544-534 | Forkommerce Spare Parts<\/title>\n<meta name=\"robots\" content=\"index, follow, max-snippet:-1, max-image-preview:large, max-video-preview:-1\" \/>\n<link rel=\"canonical\" href=\"https:\/\/forkommerce.com\/es\/producto\/perno-de-cadena-bl544-534\/\" \/>\n<meta property=\"og:locale\" content=\"es_ES\" \/>\n<meta property=\"og:type\" content=\"article\" \/>\n<meta property=\"og:title\" content=\"Perno de cadena BL544-534 | Forkommerce Spare Parts\" \/>\n<meta property=\"og:description\" content=\"Perno de cadena BL544 - 534\" \/>\n<meta property=\"og:url\" content=\"https:\/\/forkommerce.com\/es\/producto\/perno-de-cadena-bl544-534\/\" \/>\n<meta property=\"og:site_name\" content=\"Forkommerce Spare Parts\" \/>\n<meta property=\"article:modified_time\" content=\"2026-04-11T09:21:22+00:00\" \/>\n<meta property=\"og:image\" content=\"https:\/\/forkommerce.com\/wp-content\/uploads\/2026\/02\/Perno-a-chiodo-per-catena-BL544.jpeg\" \/>\n\t<meta property=\"og:image:width\" content=\"611\" \/>\n\t<meta property=\"og:image:height\" content=\"543\" \/>\n\t<meta property=\"og:image:type\" content=\"image\/jpeg\" \/>\n<meta name=\"twitter:card\" content=\"summary_large_image\" \/>\n<meta name=\"twitter:label1\" content=\"Tiempo de lectura\" \/>\n\t<meta name=\"twitter:data1\" content=\"1 minuto\" \/>\n<script type=\"application\/ld+json\" class=\"yoast-schema-graph\">{\"@context\":\"https:\\\/\\\/schema.org\",\"@graph\":[{\"@type\":\"WebPage\",\"@id\":\"https:\\\/\\\/forkommerce.com\\\/es\\\/producto\\\/perno-de-cadena-bl544-534\\\/\",\"url\":\"https:\\\/\\\/forkommerce.com\\\/es\\\/producto\\\/perno-de-cadena-bl544-534\\\/\",\"name\":\"Perno de cadena BL544-534 | Forkommerce Spare Parts\",\"isPartOf\":{\"@id\":\"https:\\\/\\\/forkommerce.com\\\/it\\\/#website\"},\"primaryImageOfPage\":{\"@id\":\"https:\\\/\\\/forkommerce.com\\\/es\\\/producto\\\/perno-de-cadena-bl544-534\\\/#primaryimage\"},\"image\":{\"@id\":\"https:\\\/\\\/forkommerce.com\\\/es\\\/producto\\\/perno-de-cadena-bl544-534\\\/#primaryimage\"},\"thumbnailUrl\":\"https:\\\/\\\/forkommerce.com\\\/wp-content\\\/uploads\\\/2026\\\/02\\\/Perno-a-chiodo-per-catena-BL544.jpeg\",\"datePublished\":\"2026-02-03T08:22:37+00:00\",\"dateModified\":\"2026-04-11T09:21:22+00:00\",\"breadcrumb\":{\"@id\":\"https:\\\/\\\/forkommerce.com\\\/es\\\/producto\\\/perno-de-cadena-bl544-534\\\/#breadcrumb\"},\"inLanguage\":\"es\",\"potentialAction\":[{\"@type\":\"ReadAction\",\"target\":[\"https:\\\/\\\/forkommerce.com\\\/es\\\/producto\\\/perno-de-cadena-bl544-534\\\/\"]}]},{\"@type\":\"ImageObject\",\"inLanguage\":\"es\",\"@id\":\"https:\\\/\\\/forkommerce.com\\\/es\\\/producto\\\/perno-de-cadena-bl544-534\\\/#primaryimage\",\"url\":\"https:\\\/\\\/forkommerce.com\\\/wp-content\\\/uploads\\\/2026\\\/02\\\/Perno-a-chiodo-per-catena-BL544.jpeg\",\"contentUrl\":\"https:\\\/\\\/forkommerce.com\\\/wp-content\\\/uploads\\\/2026\\\/02\\\/Perno-a-chiodo-per-catena-BL544.jpeg\",\"width\":611,\"height\":543,\"caption\":\"Perno de uni\u00f3n para cadena BL544\"},{\"@type\":\"BreadcrumbList\",\"@id\":\"https:\\\/\\\/forkommerce.com\\\/es\\\/producto\\\/perno-de-cadena-bl544-534\\\/#breadcrumb\",\"itemListElement\":[{\"@type\":\"ListItem\",\"position\":1,\"name\":\"Home\",\"item\":\"https:\\\/\\\/forkommerce.com\\\/es\\\/\"},{\"@type\":\"ListItem\",\"position\":2,\"name\":\"Tienda\",\"item\":\"https:\\\/\\\/forkommerce.com\\\/it\\\/negozio\\\/\"},{\"@type\":\"ListItem\",\"position\":3,\"name\":\"Perno de cadena BL544-534\"}]},{\"@type\":\"WebSite\",\"@id\":\"https:\\\/\\\/forkommerce.com\\\/it\\\/#website\",\"url\":\"https:\\\/\\\/forkommerce.com\\\/it\\\/\",\"name\":\"Forkommerce Spare Parts\",\"description\":\"Ricambi originali e compatibili per carrelli elevatori e transpallet\",\"publisher\":{\"@id\":\"https:\\\/\\\/forkommerce.com\\\/it\\\/#organization\"},\"alternateName\":\"Forkommerce Spare Parts\",\"potentialAction\":[{\"@type\":\"SearchAction\",\"target\":{\"@type\":\"EntryPoint\",\"urlTemplate\":\"https:\\\/\\\/forkommerce.com\\\/it\\\/?s={search_term_string}\"},\"query-input\":{\"@type\":\"PropertyValueSpecification\",\"valueRequired\":true,\"valueName\":\"search_term_string\"}}],\"inLanguage\":\"es\"},{\"@type\":\"Organization\",\"@id\":\"https:\\\/\\\/forkommerce.com\\\/it\\\/#organization\",\"name\":\"Forkommerce Spare Parts\",\"url\":\"https:\\\/\\\/forkommerce.com\\\/it\\\/\",\"logo\":{\"@type\":\"ImageObject\",\"inLanguage\":\"es\",\"@id\":\"https:\\\/\\\/forkommerce.com\\\/it\\\/#\\\/schema\\\/logo\\\/image\\\/\",\"url\":\"https:\\\/\\\/forkommerce.com\\\/wp-content\\\/uploads\\\/2025\\\/09\\\/Logo-Forkommercex2.png\",\"contentUrl\":\"https:\\\/\\\/forkommerce.com\\\/wp-content\\\/uploads\\\/2025\\\/09\\\/Logo-Forkommercex2.png\",\"width\":470,\"height\":120,\"caption\":\"Forkommerce Spare Parts\"},\"image\":{\"@id\":\"https:\\\/\\\/forkommerce.com\\\/it\\\/#\\\/schema\\\/logo\\\/image\\\/\"}}]}<\/script>\n<!-- \/ Yoast SEO plugin. -->","yoast_head_json":{"title":"Perno de cadena BL544-534 | Forkommerce Spare Parts","robots":{"index":"index","follow":"follow","max-snippet":"max-snippet:-1","max-image-preview":"max-image-preview:large","max-video-preview":"max-video-preview:-1"},"canonical":"https:\/\/forkommerce.com\/es\/producto\/perno-de-cadena-bl544-534\/","og_locale":"es_ES","og_type":"article","og_title":"Perno de cadena BL544-534 | Forkommerce Spare Parts","og_description":"Perno de cadena BL544 - 534","og_url":"https:\/\/forkommerce.com\/es\/producto\/perno-de-cadena-bl544-534\/","og_site_name":"Forkommerce Spare Parts","article_modified_time":"2026-04-11T09:21:22+00:00","og_image":[{"width":611,"height":543,"url":"https:\/\/forkommerce.com\/wp-content\/uploads\/2026\/02\/Perno-a-chiodo-per-catena-BL544.jpeg","type":"image\/jpeg"}],"twitter_card":"summary_large_image","twitter_misc":{"Tiempo de lectura":"1 minuto"},"schema":{"@context":"https:\/\/schema.org","@graph":[{"@type":"WebPage","@id":"https:\/\/forkommerce.com\/es\/producto\/perno-de-cadena-bl544-534\/","url":"https:\/\/forkommerce.com\/es\/producto\/perno-de-cadena-bl544-534\/","name":"Perno de cadena BL544-534 | Forkommerce Spare Parts","isPartOf":{"@id":"https:\/\/forkommerce.com\/it\/#website"},"primaryImageOfPage":{"@id":"https:\/\/forkommerce.com\/es\/producto\/perno-de-cadena-bl544-534\/#primaryimage"},"image":{"@id":"https:\/\/forkommerce.com\/es\/producto\/perno-de-cadena-bl544-534\/#primaryimage"},"thumbnailUrl":"https:\/\/forkommerce.com\/wp-content\/uploads\/2026\/02\/Perno-a-chiodo-per-catena-BL544.jpeg","datePublished":"2026-02-03T08:22:37+00:00","dateModified":"2026-04-11T09:21:22+00:00","breadcrumb":{"@id":"https:\/\/forkommerce.com\/es\/producto\/perno-de-cadena-bl544-534\/#breadcrumb"},"inLanguage":"es","potentialAction":[{"@type":"ReadAction","target":["https:\/\/forkommerce.com\/es\/producto\/perno-de-cadena-bl544-534\/"]}]},{"@type":"ImageObject","inLanguage":"es","@id":"https:\/\/forkommerce.com\/es\/producto\/perno-de-cadena-bl544-534\/#primaryimage","url":"https:\/\/forkommerce.com\/wp-content\/uploads\/2026\/02\/Perno-a-chiodo-per-catena-BL544.jpeg","contentUrl":"https:\/\/forkommerce.com\/wp-content\/uploads\/2026\/02\/Perno-a-chiodo-per-catena-BL544.jpeg","width":611,"height":543,"caption":"Perno de uni\u00f3n para cadena BL544"},{"@type":"BreadcrumbList","@id":"https:\/\/forkommerce.com\/es\/producto\/perno-de-cadena-bl544-534\/#breadcrumb","itemListElement":[{"@type":"ListItem","position":1,"name":"Home","item":"https:\/\/forkommerce.com\/es\/"},{"@type":"ListItem","position":2,"name":"Tienda","item":"https:\/\/forkommerce.com\/it\/negozio\/"},{"@type":"ListItem","position":3,"name":"Perno de cadena BL544-534"}]},{"@type":"WebSite","@id":"https:\/\/forkommerce.com\/it\/#website","url":"https:\/\/forkommerce.com\/it\/","name":"Forkommerce Spare Parts","description":"Ricambi originali e compatibili per carrelli elevatori e transpallet","publisher":{"@id":"https:\/\/forkommerce.com\/it\/#organization"},"alternateName":"Forkommerce Spare Parts","potentialAction":[{"@type":"SearchAction","target":{"@type":"EntryPoint","urlTemplate":"https:\/\/forkommerce.com\/it\/?s={search_term_string}"},"query-input":{"@type":"PropertyValueSpecification","valueRequired":true,"valueName":"search_term_string"}}],"inLanguage":"es"},{"@type":"Organization","@id":"https:\/\/forkommerce.com\/it\/#organization","name":"Forkommerce Spare Parts","url":"https:\/\/forkommerce.com\/it\/","logo":{"@type":"ImageObject","inLanguage":"es","@id":"https:\/\/forkommerce.com\/it\/#\/schema\/logo\/image\/","url":"https:\/\/forkommerce.com\/wp-content\/uploads\/2025\/09\/Logo-Forkommercex2.png","contentUrl":"https:\/\/forkommerce.com\/wp-content\/uploads\/2025\/09\/Logo-Forkommercex2.png","width":470,"height":120,"caption":"Forkommerce Spare Parts"},"image":{"@id":"https:\/\/forkommerce.com\/it\/#\/schema\/logo\/image\/"}}]}},"_links":{"self":[{"href":"https:\/\/forkommerce.com\/es\/wp-json\/wp\/v2\/product\/3108","targetHints":{"allow":["GET"]}}],"collection":[{"href":"https:\/\/forkommerce.com\/es\/wp-json\/wp\/v2\/product"}],"about":[{"href":"https:\/\/forkommerce.com\/es\/wp-json\/wp\/v2\/types\/product"}],"wp:featuredmedia":[{"embeddable":true,"href":"https:\/\/forkommerce.com\/es\/wp-json\/wp\/v2\/media\/3109"}],"wp:attachment":[{"href":"https:\/\/forkommerce.com\/es\/wp-json\/wp\/v2\/media?parent=3108"}],"wp:term":[{"taxonomy":"product_brand","embeddable":true,"href":"https:\/\/forkommerce.com\/es\/wp-json\/wp\/v2\/product_brand?post=3108"},{"taxonomy":"product_cat","embeddable":true,"href":"https:\/\/forkommerce.com\/es\/wp-json\/wp\/v2\/product_cat?post=3108"},{"taxonomy":"product_tag","embeddable":true,"href":"https:\/\/forkommerce.com\/es\/wp-json\/wp\/v2\/product_tag?post=3108"}],"curies":[{"name":"wp","href":"https:\/\/api.w.org\/{rel}","templated":true}]}}