{"id":3189,"date":"2026-02-02T16:05:37","date_gmt":"2026-02-02T15:05:37","guid":{"rendered":"https:\/\/forkommerce.com\/prodotto\/cadena-ll1644ks-2\/"},"modified":"2026-02-02T16:05:37","modified_gmt":"2026-02-02T15:05:37","slug":"cadena-ll1644ks-2","status":"publish","type":"product","link":"https:\/\/forkommerce.com\/es\/producto\/cadena-ll1644ks-2\/","title":{"rendered":"Cadena LL1644KS-2"},"content":{"rendered":"<p><strong>Cadena de mallas industrial LL1644KS \u2013 4\u00d74 con insertos pl\u00e1sticos.<\/strong><\/p>\n<p><strong>Cadena de mallas de alta calidad LL1644KS con insertos pl\u00e1sticos laterales, dise\u00f1ada para aplicaciones industriales de elevaci\u00f3n y tracci\u00f3n en carretillas elevadoras, m\u00e1stiles y sistemas de manipulaci\u00f3n de materiales.<\/strong><\/p>\n<p><strong>Detalles constructivos <\/strong><\/p>\n<p><strong>  Paso: aprox. 25,4 mm<\/strong><\/p>\n<ul>\n<li><strong>\ud83d\udcd0<\/strong><strong> Combinaci\u00f3n de placas: 4\u00d74<\/strong><\/li>\n<li><strong>\ud83d\udd29<\/strong><strong> Di\u00e1metro de los pernos: aprox. 8,28 mm<\/strong><\/li>\n<li><strong>\ud83d\udccf<\/strong><strong> Espesor de las placas: ~3,15 mm<\/strong><\/li>\n<li><strong>\ud83e\uddf1<\/strong><strong> Altura de las placas: ~20,5 mm<\/strong><\/li>\n<li><strong>\u2696\ufe0f<\/strong><strong> Funci\u00f3n: deslizamiento sobre gu\u00edas\/ra\u00edles con menor fricci\u00f3n gracias a los insertos pl\u00e1sticos <\/strong> <\/li>\n<\/ul>\n<p><strong> <\/strong><strong>Por qu\u00e9 elegirla:<\/strong><\/p>\n<ul>\n<li><strong>\u2705<\/strong><strong> Resistente y duradera para aplicaciones industriales pesadas<\/strong><\/li>\n<li><strong>\ud83e\uddf2<\/strong><strong> Insertos pl\u00e1sticos que reducen la fricci\u00f3n y el desgaste en los m\u00e1stiles gu\u00eda<\/strong><\/li>\n<li><strong>\ud83d\udee0\ufe0f<\/strong><strong> Compatible con el est\u00e1ndar de cadenas LL1644 y f\u00e1cil de sustituir<\/strong><\/li>\n<li><strong>\ud83d\udcc8<\/strong><strong> Ideal para mantenimiento, reparaciones y actualizaci\u00f3n de equipos industriales<\/strong><\/li>\n<\/ul>\n","protected":false},"excerpt":{"rendered":"<p>Cadena LL1644KS-2<\/p>\n","protected":false},"featured_media":3190,"template":"","meta":[],"product_brand":[],"product_cat":[110],"product_tag":[],"class_list":{"0":"post-3189","1":"product","2":"type-product","3":"status-publish","4":"has-post-thumbnail","6":"product_cat-cadenas","8":"first","9":"instock","10":"taxable","11":"shipping-taxable","12":"purchasable","13":"product-type-simple"},"yoast_head":"<!-- This site is optimized with the Yoast SEO plugin v27.3 - https:\/\/yoast.com\/product\/yoast-seo-wordpress\/ -->\n<title>Cadena LL1644KS-2 | Forkommerce Spare Parts<\/title>\n<meta name=\"robots\" content=\"index, follow, max-snippet:-1, max-image-preview:large, max-video-preview:-1\" \/>\n<link rel=\"canonical\" href=\"https:\/\/forkommerce.com\/es\/producto\/cadena-ll1644ks-2\/\" \/>\n<meta property=\"og:locale\" content=\"es_ES\" \/>\n<meta property=\"og:type\" content=\"article\" \/>\n<meta property=\"og:title\" content=\"Cadena LL1644KS-2 | Forkommerce Spare Parts\" \/>\n<meta property=\"og:description\" content=\"Cadena LL1644KS-2\" \/>\n<meta property=\"og:url\" content=\"https:\/\/forkommerce.com\/es\/producto\/cadena-ll1644ks-2\/\" \/>\n<meta property=\"og:site_name\" content=\"Forkommerce Spare Parts\" \/>\n<meta property=\"og:image\" content=\"https:\/\/forkommerce.com\/wp-content\/uploads\/2026\/02\/Catena-LL1644KS.jpeg\" \/>\n\t<meta property=\"og:image:width\" content=\"727\" \/>\n\t<meta property=\"og:image:height\" content=\"507\" \/>\n\t<meta property=\"og:image:type\" content=\"image\/jpeg\" \/>\n<meta name=\"twitter:card\" content=\"summary_large_image\" \/>\n<meta name=\"twitter:label1\" content=\"Tiempo de lectura\" \/>\n\t<meta name=\"twitter:data1\" content=\"1 minuto\" \/>\n<script type=\"application\/ld+json\" class=\"yoast-schema-graph\">{\"@context\":\"https:\\\/\\\/schema.org\",\"@graph\":[{\"@type\":\"WebPage\",\"@id\":\"https:\\\/\\\/forkommerce.com\\\/es\\\/producto\\\/cadena-ll1644ks-2\\\/\",\"url\":\"https:\\\/\\\/forkommerce.com\\\/es\\\/producto\\\/cadena-ll1644ks-2\\\/\",\"name\":\"Cadena LL1644KS-2 | Forkommerce Spare Parts\",\"isPartOf\":{\"@id\":\"https:\\\/\\\/forkommerce.com\\\/it\\\/#website\"},\"primaryImageOfPage\":{\"@id\":\"https:\\\/\\\/forkommerce.com\\\/es\\\/producto\\\/cadena-ll1644ks-2\\\/#primaryimage\"},\"image\":{\"@id\":\"https:\\\/\\\/forkommerce.com\\\/es\\\/producto\\\/cadena-ll1644ks-2\\\/#primaryimage\"},\"thumbnailUrl\":\"https:\\\/\\\/forkommerce.com\\\/wp-content\\\/uploads\\\/2026\\\/02\\\/Catena-LL1644KS.jpeg\",\"datePublished\":\"2026-02-02T15:05:37+00:00\",\"breadcrumb\":{\"@id\":\"https:\\\/\\\/forkommerce.com\\\/es\\\/producto\\\/cadena-ll1644ks-2\\\/#breadcrumb\"},\"inLanguage\":\"es\",\"potentialAction\":[{\"@type\":\"ReadAction\",\"target\":[\"https:\\\/\\\/forkommerce.com\\\/es\\\/producto\\\/cadena-ll1644ks-2\\\/\"]}]},{\"@type\":\"ImageObject\",\"inLanguage\":\"es\",\"@id\":\"https:\\\/\\\/forkommerce.com\\\/es\\\/producto\\\/cadena-ll1644ks-2\\\/#primaryimage\",\"url\":\"https:\\\/\\\/forkommerce.com\\\/wp-content\\\/uploads\\\/2026\\\/02\\\/Catena-LL1644KS.jpeg\",\"contentUrl\":\"https:\\\/\\\/forkommerce.com\\\/wp-content\\\/uploads\\\/2026\\\/02\\\/Catena-LL1644KS.jpeg\",\"width\":727,\"height\":507,\"caption\":\"Cadena LL1644KS\"},{\"@type\":\"BreadcrumbList\",\"@id\":\"https:\\\/\\\/forkommerce.com\\\/es\\\/producto\\\/cadena-ll1644ks-2\\\/#breadcrumb\",\"itemListElement\":[{\"@type\":\"ListItem\",\"position\":1,\"name\":\"Home\",\"item\":\"https:\\\/\\\/forkommerce.com\\\/es\\\/\"},{\"@type\":\"ListItem\",\"position\":2,\"name\":\"Tienda\",\"item\":\"https:\\\/\\\/forkommerce.com\\\/it\\\/negozio\\\/\"},{\"@type\":\"ListItem\",\"position\":3,\"name\":\"Cadena LL1644KS-2\"}]},{\"@type\":\"WebSite\",\"@id\":\"https:\\\/\\\/forkommerce.com\\\/it\\\/#website\",\"url\":\"https:\\\/\\\/forkommerce.com\\\/it\\\/\",\"name\":\"Forkommerce Spare Parts\",\"description\":\"Ricambi originali e compatibili per carrelli elevatori e transpallet\",\"publisher\":{\"@id\":\"https:\\\/\\\/forkommerce.com\\\/it\\\/#organization\"},\"alternateName\":\"Forkommerce Spare Parts\",\"potentialAction\":[{\"@type\":\"SearchAction\",\"target\":{\"@type\":\"EntryPoint\",\"urlTemplate\":\"https:\\\/\\\/forkommerce.com\\\/it\\\/?s={search_term_string}\"},\"query-input\":{\"@type\":\"PropertyValueSpecification\",\"valueRequired\":true,\"valueName\":\"search_term_string\"}}],\"inLanguage\":\"es\"},{\"@type\":\"Organization\",\"@id\":\"https:\\\/\\\/forkommerce.com\\\/it\\\/#organization\",\"name\":\"Forkommerce Spare Parts\",\"url\":\"https:\\\/\\\/forkommerce.com\\\/it\\\/\",\"logo\":{\"@type\":\"ImageObject\",\"inLanguage\":\"es\",\"@id\":\"https:\\\/\\\/forkommerce.com\\\/it\\\/#\\\/schema\\\/logo\\\/image\\\/\",\"url\":\"https:\\\/\\\/forkommerce.com\\\/wp-content\\\/uploads\\\/2025\\\/09\\\/Logo-Forkommercex2.png\",\"contentUrl\":\"https:\\\/\\\/forkommerce.com\\\/wp-content\\\/uploads\\\/2025\\\/09\\\/Logo-Forkommercex2.png\",\"width\":470,\"height\":120,\"caption\":\"Forkommerce Spare Parts\"},\"image\":{\"@id\":\"https:\\\/\\\/forkommerce.com\\\/it\\\/#\\\/schema\\\/logo\\\/image\\\/\"}}]}<\/script>\n<!-- \/ Yoast SEO plugin. -->","yoast_head_json":{"title":"Cadena LL1644KS-2 | Forkommerce Spare Parts","robots":{"index":"index","follow":"follow","max-snippet":"max-snippet:-1","max-image-preview":"max-image-preview:large","max-video-preview":"max-video-preview:-1"},"canonical":"https:\/\/forkommerce.com\/es\/producto\/cadena-ll1644ks-2\/","og_locale":"es_ES","og_type":"article","og_title":"Cadena LL1644KS-2 | Forkommerce Spare Parts","og_description":"Cadena LL1644KS-2","og_url":"https:\/\/forkommerce.com\/es\/producto\/cadena-ll1644ks-2\/","og_site_name":"Forkommerce Spare Parts","og_image":[{"width":727,"height":507,"url":"https:\/\/forkommerce.com\/wp-content\/uploads\/2026\/02\/Catena-LL1644KS.jpeg","type":"image\/jpeg"}],"twitter_card":"summary_large_image","twitter_misc":{"Tiempo de lectura":"1 minuto"},"schema":{"@context":"https:\/\/schema.org","@graph":[{"@type":"WebPage","@id":"https:\/\/forkommerce.com\/es\/producto\/cadena-ll1644ks-2\/","url":"https:\/\/forkommerce.com\/es\/producto\/cadena-ll1644ks-2\/","name":"Cadena LL1644KS-2 | Forkommerce Spare Parts","isPartOf":{"@id":"https:\/\/forkommerce.com\/it\/#website"},"primaryImageOfPage":{"@id":"https:\/\/forkommerce.com\/es\/producto\/cadena-ll1644ks-2\/#primaryimage"},"image":{"@id":"https:\/\/forkommerce.com\/es\/producto\/cadena-ll1644ks-2\/#primaryimage"},"thumbnailUrl":"https:\/\/forkommerce.com\/wp-content\/uploads\/2026\/02\/Catena-LL1644KS.jpeg","datePublished":"2026-02-02T15:05:37+00:00","breadcrumb":{"@id":"https:\/\/forkommerce.com\/es\/producto\/cadena-ll1644ks-2\/#breadcrumb"},"inLanguage":"es","potentialAction":[{"@type":"ReadAction","target":["https:\/\/forkommerce.com\/es\/producto\/cadena-ll1644ks-2\/"]}]},{"@type":"ImageObject","inLanguage":"es","@id":"https:\/\/forkommerce.com\/es\/producto\/cadena-ll1644ks-2\/#primaryimage","url":"https:\/\/forkommerce.com\/wp-content\/uploads\/2026\/02\/Catena-LL1644KS.jpeg","contentUrl":"https:\/\/forkommerce.com\/wp-content\/uploads\/2026\/02\/Catena-LL1644KS.jpeg","width":727,"height":507,"caption":"Cadena LL1644KS"},{"@type":"BreadcrumbList","@id":"https:\/\/forkommerce.com\/es\/producto\/cadena-ll1644ks-2\/#breadcrumb","itemListElement":[{"@type":"ListItem","position":1,"name":"Home","item":"https:\/\/forkommerce.com\/es\/"},{"@type":"ListItem","position":2,"name":"Tienda","item":"https:\/\/forkommerce.com\/it\/negozio\/"},{"@type":"ListItem","position":3,"name":"Cadena LL1644KS-2"}]},{"@type":"WebSite","@id":"https:\/\/forkommerce.com\/it\/#website","url":"https:\/\/forkommerce.com\/it\/","name":"Forkommerce Spare Parts","description":"Ricambi originali e compatibili per carrelli elevatori e transpallet","publisher":{"@id":"https:\/\/forkommerce.com\/it\/#organization"},"alternateName":"Forkommerce Spare Parts","potentialAction":[{"@type":"SearchAction","target":{"@type":"EntryPoint","urlTemplate":"https:\/\/forkommerce.com\/it\/?s={search_term_string}"},"query-input":{"@type":"PropertyValueSpecification","valueRequired":true,"valueName":"search_term_string"}}],"inLanguage":"es"},{"@type":"Organization","@id":"https:\/\/forkommerce.com\/it\/#organization","name":"Forkommerce Spare Parts","url":"https:\/\/forkommerce.com\/it\/","logo":{"@type":"ImageObject","inLanguage":"es","@id":"https:\/\/forkommerce.com\/it\/#\/schema\/logo\/image\/","url":"https:\/\/forkommerce.com\/wp-content\/uploads\/2025\/09\/Logo-Forkommercex2.png","contentUrl":"https:\/\/forkommerce.com\/wp-content\/uploads\/2025\/09\/Logo-Forkommercex2.png","width":470,"height":120,"caption":"Forkommerce Spare Parts"},"image":{"@id":"https:\/\/forkommerce.com\/it\/#\/schema\/logo\/image\/"}}]}},"_links":{"self":[{"href":"https:\/\/forkommerce.com\/es\/wp-json\/wp\/v2\/product\/3189","targetHints":{"allow":["GET"]}}],"collection":[{"href":"https:\/\/forkommerce.com\/es\/wp-json\/wp\/v2\/product"}],"about":[{"href":"https:\/\/forkommerce.com\/es\/wp-json\/wp\/v2\/types\/product"}],"wp:featuredmedia":[{"embeddable":true,"href":"https:\/\/forkommerce.com\/es\/wp-json\/wp\/v2\/media\/3190"}],"wp:attachment":[{"href":"https:\/\/forkommerce.com\/es\/wp-json\/wp\/v2\/media?parent=3189"}],"wp:term":[{"taxonomy":"product_brand","embeddable":true,"href":"https:\/\/forkommerce.com\/es\/wp-json\/wp\/v2\/product_brand?post=3189"},{"taxonomy":"product_cat","embeddable":true,"href":"https:\/\/forkommerce.com\/es\/wp-json\/wp\/v2\/product_cat?post=3189"},{"taxonomy":"product_tag","embeddable":true,"href":"https:\/\/forkommerce.com\/es\/wp-json\/wp\/v2\/product_tag?post=3189"}],"curies":[{"name":"wp","href":"https:\/\/api.w.org\/{rel}","templated":true}]}}