{"id":1001,"date":"2025-04-08T09:56:53","date_gmt":"2025-04-08T07:56:53","guid":{"rendered":"https:\/\/forkommerce.com\/?page_id=1001"},"modified":"2026-04-10T14:21:34","modified_gmt":"2026-04-10T12:21:34","slug":"politique-de-confidentialite","status":"publish","type":"page","link":"https:\/\/forkommerce.com\/fr\/politique-de-confidentialite\/","title":{"rendered":"Politique de confidentialit\u00e9"},"content":{"rendered":"<h1>Privacy Policy<\/h1>\n<p>La presente Privacy Policy ha lo scopo di descrivere le modalit\u00e0 di gestione del sito con riferimento al trattamento dei dati personali degli utenti\/visitatori che lo consultano.<\/p>\n<p>Si tratta di un&rsquo;informativa che \u00e8 resa anche ai sensi dell&rsquo;art. 13 del Regolamento (UE) 2016\/679 (di seguito anche \u201cRegolamento Generale per la Protezione dei Dati Personali\u201d ovvero \u201cRGPD\u201d) a coloro che accedono al suddetto sito.<\/p>\n<p>Il sito sopra indicato \u00e8 di titolarit\u00e0 di Forkommerce. L&rsquo;informativa \u00e8 resa da Forkommerce esclusivamente per il sito sopra menzionato e non anche per altri siti web o sezioni\/pagine\/spazi di titolarit\u00e0 di Terzi eventualmente consultati dall&rsquo;utente tramite appositi link.<\/p>\n<p>Gli utenti\/visitatori sono invitati a leggere attentamente la presente Privacy Policy prima di fornire qualsiasi tipo di informazione personale e\/o compilare qualunque modulo elettronico presente sul sito stesso.<\/p>\n<p><b>Indice<\/b><\/p>\n<ol>\n<li><b>Titolare, Responsabili e Autorizzati al trattamento<\/b><\/li>\n<li><b>Dati di contatto del Responsabile della Protezione dei Dati (\u201cRPD\u201d)<\/b><\/li>\n<li><b>Tipologia di dati trattati, finalit\u00e0 e base giuridica del trattamento <\/b><\/li>\n<li><b>Destinatari dei dati personali<\/b><\/li>\n<li><b>Trasferimento dei dati a Paesi Terzi<\/b><\/li>\n<li><b>Modalit\u00e0 del trattamento e periodo di conservazione dei dati<\/b><\/li>\n<li><b>Diritti dell&rsquo;Interessato<\/b><\/li>\n<li><b>Comunicazione e conferimento dei dati<\/b><\/li>\n<li><b>Aggiornamento e modifica della Privacy Policy<\/b><\/li>\n<\/ol>\n<h4 style=\"text-align: center;\">1. Titolare, Responsabili e Autorizzati al trattamento<\/h4>\n<p>Il Titolare del trattamento dei dati \u00e8<\/p>\n<blockquote>\n<p>Forkommerce Srl<\/p>\n<\/blockquote>\n<p>con sede legale in<\/p>\n<blockquote>\n<p>Via Vecchia Ferriera, 13<br \/>\n36100 Vicenza (VI) &#8211; Italia<\/p>\n<\/blockquote>\n<p>Oltre che dai dipendenti di Forkommerce (Autorizzati al trattamento), il trattamento dei dati potr\u00e0 essere effettuato anche da soggetti terzi ai quali l&rsquo;Azienda abbia affidato specifiche attivit\u00e0 connesse o strumentali allo svolgimento dei trattamenti o all&rsquo;erogazione dei servizi offerti. In tale evenienza gli stessi soggetti opereranno in qualit\u00e0 di Titolari autonomi, di co-Titolari ovvero di Responsabili esterni del trattamento.<\/p>\n<h4 style=\"text-align: center;\">2. Dati di contatto del Responsabile della Protezione dei Dati (\u201cRPD\u201d)<\/h4>\n<p>Il RPD designato da Forkommerce, il quale rappresenter\u00e0 il punto di contatto per gli Interessati, \u00e8 raggiungibile attraverso i seguenti canali di contatto: e-mail: <a href=\"mailto:info@forkommerce.com\" target=\"_blank\" rel=\"noopener\">info@forkommerce.com<\/a>, posta:<\/p>\n<blockquote>\n<p>Forkommerce Srl<\/p>\n<\/blockquote>\n<blockquote>\n<p>Via Vecchia Ferriera, 13<br \/>\n36100 Vicenza (VI) &#8211; Italia<\/p>\n<\/blockquote>\n<h4 style=\"text-align: center;\">3. Tipologia di dati trattati, finalit\u00e0 e base giuridica del trattamento<\/h4>\n<p><u>3.1. Dati di navigazione<\/u> I sistemi informatici e le procedure software preposte al funzionamento di questo sito acquisiscono, nel normale esercizio, alcuni dati personali che vengono poi trasmessi implicitamente nell&rsquo;uso dei protocolli di comunicazione Internet. Si tratta di informazioni che per loro natura potrebbero, mediante associazioni ed elaborazioni con dati detenuti da terzi, permettere di identificare gli utenti\/visitatori (ad es. indirizzo IP, nomi di domini dei computer utilizzati dagli utenti\/visitatori che si collegano al sito, ecc.). Questi dati vengono utilizzati al solo fine di ricavare informazioni di tipo statistico (quindi sono anonimi) e per controllare il corretto funzionamento del sito.<\/p>\n<p><u>3.2. Dati forniti volontariamente dagli utenti\/visitatori:<\/u> Qualora gli utenti\/visitatori collegandosi a questo sito inviino propri dati personali per accedere a determinati servizi, ovvero, per effettuare richieste via posta elettronica, si avr\u00e0 l&rsquo;acquisizione di tali dati da parte di Forkommerce e\/o dei terzi unitamente ai quali Forkommerce potrebbe fornire il servizio richiesto dall&rsquo;utente\/visitatore; tali dati verranno trattati esclusivamente per rispondere alla richiesta, ovvero per la fornitura del servizio in conformit\u00e0 con la presente Policy e le specifiche Informative privacy fornite in fase di adesione ai singoli servizi.<\/p>\n<p><u>3.3. Finalit\u00e0 del trattamento per scopi di profilazione:<\/u> Con il consenso specifico dell&rsquo;interessato, Forkommerce potr\u00e0 utilizzare i dati forniti volontariamente al fine di migliorare i servizi offerti in base alle esigenze dei propri clienti ed al fine di trarre informazioni su comportamenti e abitudini commerciali nel settore specifico in cui Forkommerce opera. L&rsquo;attivit\u00e0 di profilazione, riguardante singoli individui o gruppi, potrebbe essere svolta attraverso il trattamento di dati identificativi del cliente mediante una relazione tra i dati che permettono di individuare gli interessati e le indicazioni analitiche relative alla loro sfera personale (gusti, preferenze, abitudini, bisogni e scelte di consumo). I dati saranno trattati in modalit\u00e0 elettronica o telematica. Le modalit\u00e0 del loro trattamento saranno pertinenti e non eccedenti rispetto alla tipologia dei servizi resi. Per il trattamento di dati preordinato alla profilazione \u00e8 obbligatorio acquisire il consenso &#8211; specifico e separato &#8211; dell&rsquo;interessato, il quale \u00e8 fin da ora informato che tale conferimento \u00e8 del tutto facoltativo e l&rsquo;eventuale rifiuto non comporter\u00e0 conseguenza alcuna (se non quella di impedire i trattamenti dei dati finalizzati alla profilazione).<\/p>\n<p><u>3.4. Finalit\u00e0 del trattamento per scopi di marketing diretto:<\/u> Con il consenso specifico dell&rsquo;interessato, Forkommerce potr\u00e0 utilizzare i dati forniti volontariamente per attivit\u00e0 di marketing diretto, per elaborare studi, ricerche, statistiche di mercato; inviare materiale pubblicitario ed informativo; compiere attivit\u00e0 dirette di vendita o di collocamento di prodotti o servizi; inviare informazioni commerciali; effettuare comunicazioni commerciali interattive. Per il trattamento di dati preordinato allo svolgimento di attivit\u00e0 di marketing diretto \u00e8 obbligatorio acquisire il consenso &#8211; specifico e separato &#8211; da parte dell&rsquo;interessato, il quale \u00e8 fin da ora informato che tale conferimento \u00e8 del tutto facoltativo e l&rsquo;eventuale rifiuto non comporter\u00e0 conseguenza alcuna (se non quella di impedire i trattamenti dei dati finalizzati al marketing diretto). Per alcune forme di comunicazione mediante posta elettronica, fax, sistemi automatizzati di chiamata e messaggi del tipo Mms o Sms o di altro tipo, la necessit\u00e0 del consenso specifico e separato deriva anche da apposite disposizioni in tema di comunicazioni indesiderate o di vendite a distanza. Anche in tali ultimi casi, il conferimento \u00e8 del tutto facoltativo e l&rsquo;eventuale rifiuto non comporter\u00e0 conseguenza alcuna (se non quella di impedire il trattamento dei dati).<\/p>\n<p>Per i trattamenti di cui ai nn. 3.3. e 3.4. si precisa che la base giuridica \u00e8 rappresentata dal consenso espresso. Per i trattamenti di cui ai nn. 3.1 e 3.2. la base legale \u00e8 rappresentata dalla esecuzione di servizi richiesti o replicare alla richiesta degli utenti\/visitatori.<\/p>\n<h4 style=\"text-align: center;\">4. Destinatari dei dati personali<\/h4>\n<p>Nessun dato derivante dal servizio web verr\u00e0 comunicato o diffuso a soggetti terzi, salvo che per adempiere agli obblighi previsti da leggi, regolamenti o normative comunitarie. I dati personali espressamente conferiti dagli utenti\/visitatori verranno comunicati a terzi esclusivamente qualora la comunicazione sia necessaria per ottemperare alle richieste degli utenti\/visitatori medesimi, fermo restando quanto previsto nelle specifiche Informative dei singoli servizi.<\/p>\n<h4 style=\"text-align: center;\">5. Trasferimento dei dati a Paesi Terzi<\/h4>\n<p>Nell&rsquo;ambito delle finalit\u00e0 indicate all&rsquo;art. 3 della presente Informativa i Suoi dati personali non verranno comunicati\/trasferiti a soggetti terzi stabiliti in Paesi non appartenenti all&rsquo;Unione europea, fatto eventualmente salvo quanto previsto per l&rsquo;utilizzo dei Cookies in relazione al quale si rimanda alla relativa sezione del presente sito.<\/p>\n<h4 style=\"text-align: center;\">6. Modalit\u00e0 del trattamento e periodo di conservazione dei dati<\/h4>\n<p>Il trattamento dei dati viene effettuato attraverso strumenti automatizzati (ad es. utilizzando procedure e supporti elettronici) e\/o manualmente (ad es. su supporto cartaceo) per il tempo strettamente necessario a conseguire gli scopi per i quali i dati sono stati raccolti e, comunque, in conformit\u00e0 alle disposizioni normative vigenti in materia. I dati personali verranno conservati per il lasso di tempo strettamente necessario al perseguimento delle specifiche finalit\u00e0 del trattamento e, in particolare: &#8211; per i dati indicati all&rsquo;art. 3.1., per il tempo necessario allo svolgimento delle attivit\u00e0 specificate, salvo eventuali accertamenti di reati informatici ai danni del sito; &#8211; per i dati indicati all&rsquo;art. 3.2., per il tempo necessario allo svolgimento dei servizi richiesti o replicare alle richieste effettuate, salvo eventuali accertamenti di reati informatici ai danni del sito; eventuali ulteriori dettagli sulla conservazione dei dati in merito al singolo servizio o richiesta effettuata potranno essere fornite nelle informative specifiche del singolo servizio richiesto; &#8211; per le finalit\u00e0 indicate all&rsquo;art. 3.3. (profilazione) per 12 (dodici) mesi da momento del rilascio dello specifico ed espresso consenso al trattamento da parte degli utenti\/visitatori; &#8211; per le finalit\u00e0 indicata all&rsquo;art. 3.4. (marketing) per 24 (ventiquattro) mesi dal momento del rilascio dello specifico ed espresso consenso al trattamento da parte degli utenti\/visitatori.<\/p>\n<h4 style=\"text-align: center;\">7. Diritti dell&rsquo;Interessato<\/h4>\n<p>Gli utenti\/visitatori potranno in qualsiasi momento esercitare i diretti di seguito indicati.<\/p>\n<ul>\n<li style=\"list-style-type: none;\">\n<ul>\n<li style=\"list-style-type: none;\">\n<ol>a. Accesso ai dati personali: ottenere la conferma o meno che sia in corso un trattamento di dati che li riguardano e, in tal caso, l&rsquo;accesso alle seguenti informazioni: le finalit\u00e0, le categorie di dati, i destinatari, il periodo di conservazione, il diritto di proporre reclamo ad un&rsquo;autorit\u00e0 di controllo, il diritto di richiedere la rettifica o cancellazione o limitazione del trattamento od opposizione al trattamento stesso nonch\u00e9 l&rsquo;esistenza di un processo decisionale automatizzato;<\/ol>\n<\/li>\n<li style=\"list-style-type: none;\">\n<ol>b. Richiesta di rettifica o cancellazione degli stessi o limitazione dei trattamenti che li riguardano; per \u201climitazione\u201d si intende il contrassegno dei dati conservati con l&rsquo;obiettivo di limitarne il trattamento in futuro;<\/ol>\n<\/li>\n<li style=\"list-style-type: none;\">\n<ol>c. Opposizione al trattamento: opporsi per motivi connessi alla situazione particolare al trattamento di dati per l&rsquo;esecuzione di un compito di interesse pubblico o per il perseguimento di un legittimo interesse dei Titolari;<\/ol>\n<\/li>\n<li style=\"list-style-type: none;\">\n<ol>d. Portabilit\u00e0 dei dati: nel caso di trattamento automatizzato svolto sulla base del consenso o in esecuzione di un contratto, di ricevere in un formato strutturato, di uso comune e leggibile da dispositivo automatico, i dati che li riguardano; in particolare, i dati verranno forniti dai Titolari in formato .xml, o analogo;<\/ol>\n<\/li>\n<li style=\"list-style-type: none;\">\n<ol>e. Revoca del consenso al trattamento per finalit\u00e0 di marketing, sia diretto che indiretto, ricerche di mercato e profilazione; l&rsquo;esercizio di tale diritto non pregiudica in alcun modo la liceit\u00e0 dei trattamenti svolti prima della revoca;<\/ol>\n<\/li>\n<li style=\"list-style-type: none;\">\n<ol>f. Proporre reclamo ai sensi dell&rsquo;art. 77 RGPD all&rsquo;autorit\u00e0 di controllo competente in base alla residenza abituale, al luogo di lavoro oppure al luogo di violazione dei diritti; per l&rsquo;Italia \u00e8 competente il Garante per la protezione dei dati personali, contattabile tramite i dati di contatto riportati sul sito web garanteprivacy.it<\/ol>\n<\/li>\n<\/ul>\n<\/li>\n<\/ul>\n<p>I predetti diritti potranno essere esercitati inviando apposita richiesta al Titolare del trattamento mediante i canali di contatto indicati all&rsquo;art. 1 della presente informativa.<\/p>\n<p>Le richieste relative all&rsquo;esercizio dei diritti saranno evase senza ingiustificato ritardo e, in ogni modo, entro un mese dalla domanda; solo in casi di particolare complessit\u00e0 e del numero di richieste tale termine potr\u00e0 essere prorogato di ulteriori 2 (due) mesi.<\/p>\n<h4 style=\"text-align: center;\">8. Comunicazione e conferimento dei dati<\/h4>\n<p>Ad eccezione di quanto specificato per i dati di cui all&rsquo;art. 3.1 (dati di navigazione, il cui mancato apporto coincide con la mancata navigazione del sito web), gli utenti\/visitatori sono liberi di fornire i propri dati personali e il loro mancato conferimento potr\u00e0 comportare unicamente l&rsquo;impossibilit\u00e0 di ottenere il servizio richiesto.<\/p>\n<h4 style=\"text-align: center;\">9. Aggiornamento e modifica della Privacy Policy<\/h4>\n<p>La presente Privacy Policy pu\u00f2 subire modifiche nel corso del tempo &#8211; anche connesse all&rsquo;eventuale entrata in vigore di nuove normative di settore, all&rsquo;aggiornamento o erogazione di nuovi servizi ovvero ad intervenute innovazioni tecnologiche &#8211; per cui l&rsquo;utente\/visitatore \u00e8 invitato a consultare periodicamente questa pagina.<\/p>\n","protected":false},"excerpt":{"rendered":"<p>Privacy Policy La presente Privacy Policy ha lo scopo di  [&#8230;]<\/p>\n","protected":false},"author":1,"featured_media":0,"parent":0,"menu_order":0,"comment_status":"closed","ping_status":"open","template":"","meta":{"footnotes":""},"class_list":["post-1001","page","type-page","status-publish","hentry"],"yoast_head":"<!-- This site is optimized with the Yoast SEO plugin v27.3 - https:\/\/yoast.com\/product\/yoast-seo-wordpress\/ -->\n<title>Politique de confidentialit\u00e9 | Forkommerce Spare Parts<\/title>\n<meta name=\"robots\" content=\"index, follow, max-snippet:-1, max-image-preview:large, max-video-preview:-1\" \/>\n<link rel=\"canonical\" href=\"https:\/\/forkommerce.com\/fr\/politique-de-confidentialite\/\" \/>\n<meta property=\"og:locale\" content=\"fr_FR\" \/>\n<meta property=\"og:type\" content=\"article\" \/>\n<meta property=\"og:title\" content=\"Politique de confidentialit\u00e9 | Forkommerce Spare Parts\" \/>\n<meta property=\"og:description\" content=\"Privacy Policy La presente Privacy Policy ha lo scopo di [...]\" \/>\n<meta property=\"og:url\" content=\"https:\/\/forkommerce.com\/fr\/politique-de-confidentialite\/\" \/>\n<meta property=\"og:site_name\" content=\"Forkommerce Spare Parts\" \/>\n<meta property=\"article:modified_time\" content=\"2026-04-10T12:21:34+00:00\" \/>\n<meta property=\"og:image\" content=\"https:\/\/forkommerce.com\/wp-content\/uploads\/2025\/12\/Slider-Home.jpg\" \/>\n\t<meta property=\"og:image:width\" content=\"1920\" \/>\n\t<meta property=\"og:image:height\" content=\"800\" \/>\n\t<meta property=\"og:image:type\" content=\"image\/jpeg\" \/>\n<meta name=\"twitter:card\" content=\"summary_large_image\" \/>\n<meta name=\"twitter:label1\" content=\"Dur\u00e9e de lecture estim\u00e9e\" \/>\n\t<meta name=\"twitter:data1\" content=\"1 minute\" \/>\n<script type=\"application\/ld+json\" class=\"yoast-schema-graph\">{\"@context\":\"https:\\\/\\\/schema.org\",\"@graph\":[{\"@type\":\"WebPage\",\"@id\":\"https:\\\/\\\/forkommerce.com\\\/fr\\\/politique-de-confidentialite\\\/\",\"url\":\"https:\\\/\\\/forkommerce.com\\\/fr\\\/politique-de-confidentialite\\\/\",\"name\":\"Politique de confidentialit\u00e9 | Forkommerce Spare Parts\",\"isPartOf\":{\"@id\":\"https:\\\/\\\/forkommerce.com\\\/it\\\/#website\"},\"datePublished\":\"2025-04-08T07:56:53+00:00\",\"dateModified\":\"2026-04-10T12:21:34+00:00\",\"breadcrumb\":{\"@id\":\"https:\\\/\\\/forkommerce.com\\\/fr\\\/politique-de-confidentialite\\\/#breadcrumb\"},\"inLanguage\":\"fr-FR\",\"potentialAction\":[{\"@type\":\"ReadAction\",\"target\":[\"https:\\\/\\\/forkommerce.com\\\/fr\\\/politique-de-confidentialite\\\/\"]}]},{\"@type\":\"BreadcrumbList\",\"@id\":\"https:\\\/\\\/forkommerce.com\\\/fr\\\/politique-de-confidentialite\\\/#breadcrumb\",\"itemListElement\":[{\"@type\":\"ListItem\",\"position\":1,\"name\":\"Home\",\"item\":\"https:\\\/\\\/forkommerce.com\\\/fr\\\/\"},{\"@type\":\"ListItem\",\"position\":2,\"name\":\"Politique de confidentialit\u00e9\"}]},{\"@type\":\"WebSite\",\"@id\":\"https:\\\/\\\/forkommerce.com\\\/it\\\/#website\",\"url\":\"https:\\\/\\\/forkommerce.com\\\/it\\\/\",\"name\":\"Forkommerce Spare Parts\",\"description\":\"Ricambi originali e compatibili per carrelli elevatori e transpallet\",\"publisher\":{\"@id\":\"https:\\\/\\\/forkommerce.com\\\/it\\\/#organization\"},\"alternateName\":\"Forkommerce Spare Parts\",\"potentialAction\":[{\"@type\":\"SearchAction\",\"target\":{\"@type\":\"EntryPoint\",\"urlTemplate\":\"https:\\\/\\\/forkommerce.com\\\/it\\\/?s={search_term_string}\"},\"query-input\":{\"@type\":\"PropertyValueSpecification\",\"valueRequired\":true,\"valueName\":\"search_term_string\"}}],\"inLanguage\":\"fr-FR\"},{\"@type\":\"Organization\",\"@id\":\"https:\\\/\\\/forkommerce.com\\\/it\\\/#organization\",\"name\":\"Forkommerce Spare Parts\",\"url\":\"https:\\\/\\\/forkommerce.com\\\/it\\\/\",\"logo\":{\"@type\":\"ImageObject\",\"inLanguage\":\"fr-FR\",\"@id\":\"https:\\\/\\\/forkommerce.com\\\/it\\\/#\\\/schema\\\/logo\\\/image\\\/\",\"url\":\"https:\\\/\\\/forkommerce.com\\\/wp-content\\\/uploads\\\/2025\\\/09\\\/Logo-Forkommercex2.png\",\"contentUrl\":\"https:\\\/\\\/forkommerce.com\\\/wp-content\\\/uploads\\\/2025\\\/09\\\/Logo-Forkommercex2.png\",\"width\":470,\"height\":120,\"caption\":\"Forkommerce Spare Parts\"},\"image\":{\"@id\":\"https:\\\/\\\/forkommerce.com\\\/it\\\/#\\\/schema\\\/logo\\\/image\\\/\"}}]}<\/script>\n<!-- \/ Yoast SEO plugin. -->","yoast_head_json":{"title":"Politique de confidentialit\u00e9 | Forkommerce Spare Parts","robots":{"index":"index","follow":"follow","max-snippet":"max-snippet:-1","max-image-preview":"max-image-preview:large","max-video-preview":"max-video-preview:-1"},"canonical":"https:\/\/forkommerce.com\/fr\/politique-de-confidentialite\/","og_locale":"fr_FR","og_type":"article","og_title":"Politique de confidentialit\u00e9 | Forkommerce Spare Parts","og_description":"Privacy Policy La presente Privacy Policy ha lo scopo di [...]","og_url":"https:\/\/forkommerce.com\/fr\/politique-de-confidentialite\/","og_site_name":"Forkommerce Spare Parts","article_modified_time":"2026-04-10T12:21:34+00:00","og_image":[{"width":1920,"height":800,"url":"https:\/\/forkommerce.com\/wp-content\/uploads\/2025\/12\/Slider-Home.jpg","type":"image\/jpeg"}],"twitter_card":"summary_large_image","twitter_misc":{"Dur\u00e9e de lecture estim\u00e9e":"1 minute"},"schema":{"@context":"https:\/\/schema.org","@graph":[{"@type":"WebPage","@id":"https:\/\/forkommerce.com\/fr\/politique-de-confidentialite\/","url":"https:\/\/forkommerce.com\/fr\/politique-de-confidentialite\/","name":"Politique de confidentialit\u00e9 | Forkommerce Spare Parts","isPartOf":{"@id":"https:\/\/forkommerce.com\/it\/#website"},"datePublished":"2025-04-08T07:56:53+00:00","dateModified":"2026-04-10T12:21:34+00:00","breadcrumb":{"@id":"https:\/\/forkommerce.com\/fr\/politique-de-confidentialite\/#breadcrumb"},"inLanguage":"fr-FR","potentialAction":[{"@type":"ReadAction","target":["https:\/\/forkommerce.com\/fr\/politique-de-confidentialite\/"]}]},{"@type":"BreadcrumbList","@id":"https:\/\/forkommerce.com\/fr\/politique-de-confidentialite\/#breadcrumb","itemListElement":[{"@type":"ListItem","position":1,"name":"Home","item":"https:\/\/forkommerce.com\/fr\/"},{"@type":"ListItem","position":2,"name":"Politique de confidentialit\u00e9"}]},{"@type":"WebSite","@id":"https:\/\/forkommerce.com\/it\/#website","url":"https:\/\/forkommerce.com\/it\/","name":"Forkommerce Spare Parts","description":"Ricambi originali e compatibili per carrelli elevatori e transpallet","publisher":{"@id":"https:\/\/forkommerce.com\/it\/#organization"},"alternateName":"Forkommerce Spare Parts","potentialAction":[{"@type":"SearchAction","target":{"@type":"EntryPoint","urlTemplate":"https:\/\/forkommerce.com\/it\/?s={search_term_string}"},"query-input":{"@type":"PropertyValueSpecification","valueRequired":true,"valueName":"search_term_string"}}],"inLanguage":"fr-FR"},{"@type":"Organization","@id":"https:\/\/forkommerce.com\/it\/#organization","name":"Forkommerce Spare Parts","url":"https:\/\/forkommerce.com\/it\/","logo":{"@type":"ImageObject","inLanguage":"fr-FR","@id":"https:\/\/forkommerce.com\/it\/#\/schema\/logo\/image\/","url":"https:\/\/forkommerce.com\/wp-content\/uploads\/2025\/09\/Logo-Forkommercex2.png","contentUrl":"https:\/\/forkommerce.com\/wp-content\/uploads\/2025\/09\/Logo-Forkommercex2.png","width":470,"height":120,"caption":"Forkommerce Spare Parts"},"image":{"@id":"https:\/\/forkommerce.com\/it\/#\/schema\/logo\/image\/"}}]}},"_links":{"self":[{"href":"https:\/\/forkommerce.com\/fr\/wp-json\/wp\/v2\/pages\/1001","targetHints":{"allow":["GET"]}}],"collection":[{"href":"https:\/\/forkommerce.com\/fr\/wp-json\/wp\/v2\/pages"}],"about":[{"href":"https:\/\/forkommerce.com\/fr\/wp-json\/wp\/v2\/types\/page"}],"author":[{"embeddable":true,"href":"https:\/\/forkommerce.com\/fr\/wp-json\/wp\/v2\/users\/1"}],"replies":[{"embeddable":true,"href":"https:\/\/forkommerce.com\/fr\/wp-json\/wp\/v2\/comments?post=1001"}],"version-history":[{"count":3,"href":"https:\/\/forkommerce.com\/fr\/wp-json\/wp\/v2\/pages\/1001\/revisions"}],"predecessor-version":[{"id":5115,"href":"https:\/\/forkommerce.com\/fr\/wp-json\/wp\/v2\/pages\/1001\/revisions\/5115"}],"wp:attachment":[{"href":"https:\/\/forkommerce.com\/fr\/wp-json\/wp\/v2\/media?parent=1001"}],"curies":[{"name":"wp","href":"https:\/\/api.w.org\/{rel}","templated":true}]}}