{"id":759,"date":"2025-04-08T12:31:07","date_gmt":"2025-04-08T10:31:07","guid":{"rendered":"https:\/\/forkommerce.com\/?page_id=759"},"modified":"2025-11-25T10:47:28","modified_gmt":"2025-11-25T09:47:28","slug":"inscrivez-vous","status":"publish","type":"page","link":"https:\/\/forkommerce.com\/fr\/inscrivez-vous\/","title":{"rendered":"Inscrivez-vous"},"content":{"rendered":"<h1>Inscrivez-vous sur Forkommerce et cr\u00e9ez votre compte<\/h1>\n<h5>L&rsquo;enregistrement reste en attente jusqu&rsquo;\u00e0 son approbation.<\/h5>\n    <form method=\"post\" class=\"woocommerce-form woocommerce-form-register register\">\n        \n        <p class=\"woocommerce-form-row woocommerce-form-row--wide form-row form-row-wide\">\n            <label for=\"reg_email\">Adresse e-mail&nbsp;<span class=\"required\">*<\/span><\/label>\n            <input type=\"email\" class=\"woocommerce-Input woocommerce-Input--text input-text\"\n                   name=\"email\" id=\"reg_email\" autocomplete=\"email\"\n                   value=\"\" \/>\n        <\/p>\n\n        <p class=\"woocommerce-form-row woocommerce-form-row--wide form-row form-row-wide\">\n            <label for=\"reg_password\">Mot de passe&nbsp;<span class=\"required\">*<\/span><\/label>\n            <input type=\"password\" class=\"woocommerce-Input woocommerce-Input--text input-text\"\n                   name=\"password\" id=\"reg_password\" autocomplete=\"new-password\" \/>\n        <\/p>\n\n        \n    <p class=\"form-row form-row-wide\">\n        <label for=\"billing_first_name\">\n            Pr\u00e9nom <span class=\"required\">*<\/span>\n        <\/label><br \/>\n        <input type=\"text\" id=\"billing_first_name\" name=\"billing_first_name\" value=\"\" required aria-required=\"true\" \/>\n    <\/p>\n\n    <p class=\"form-row form-row-wide\">\n        <label for=\"billing_last_name\">\n            Nom de famille <span class=\"required\">*<\/span>\n        <\/label><br \/>\n        <input type=\"text\" id=\"billing_last_name\" name=\"billing_last_name\" value=\"\" required aria-required=\"true\" \/>\n    <\/p>\n\n    <p class=\"form-row form-row-wide\">\n        <label for=\"billing_company\">\n            Nom d&#039;entreprise <span class=\"required\">*<\/span>\n        <\/label><br \/>\n        <input type=\"text\" id=\"billing_company\" name=\"billing_company\" value=\"\" required aria-required=\"true\" \/>\n    <\/p>\n\n    <p class=\"form-row form-row-wide\">\n        <label for=\"billing_vat\">\n            Num\u00e9ro de TVA <span class=\"required\">*<\/span>\n        <\/label><br \/>\n        <input type=\"text\" id=\"billing_vat\" name=\"billing_vat\" value=\"\" required aria-required=\"true\" \/>\n    <\/p>\n\n    <p class=\"form-row form-row-wide\">\n        <label for=\"billing_country\">\n            Pays \/ R\u00e9gion <span class=\"required\">*<\/span>\n        <\/label><br \/>\n        <select name=\"billing_country\" id=\"billing_country\" required aria-required=\"true\">\n            <option value=\"\">Seleziona il paese<\/option>\n            <option value=\"AF\">Afghanistan<\/option><option value=\"ZA\">Afrique du Sud<\/option><option value=\"AX\">\u00c5land Islands<\/option><option value=\"AL\">Albanie<\/option><option value=\"DZ\">Alg\u00e9rie<\/option><option value=\"DE\">Allemagne<\/option><option value=\"AS\">American Samoa<\/option><option value=\"AD\">Andorre<\/option><option value=\"AO\">Angola<\/option><option value=\"AI\">Anguilla<\/option><option value=\"AQ\">Antarctique<\/option><option value=\"AG\">Antigua-et-Barbuda<\/option><option value=\"SA\">Arabie Saoudite<\/option><option value=\"AR\">Argentine<\/option><option value=\"AM\">Arm\u00e9nie<\/option><option value=\"AW\">Aruba<\/option><option value=\"AU\">Australie<\/option><option value=\"AT\">Autriche<\/option><option value=\"AZ\">Azerbaijan<\/option><option value=\"BS\">Bahamas<\/option><option value=\"BH\">Bahrain<\/option><option value=\"BD\">Bangladesh<\/option><option value=\"BB\">Barbades<\/option><option value=\"PW\">Belau<\/option><option value=\"BE\">Belgique<\/option><option value=\"BZ\">Belize<\/option><option value=\"BJ\">Benin<\/option><option value=\"BM\">Bermudes<\/option><option value=\"BT\">Bhutan<\/option><option value=\"BY\">Bi\u00e9lorussie<\/option><option value=\"BO\">Bolivie<\/option><option value=\"BA\">Bosnie-Herz\u00e9govine<\/option><option value=\"BW\">Botswana<\/option><option value=\"BR\">Br\u00e9sil<\/option><option value=\"BN\">Brunei<\/option><option value=\"BG\">Bulgarie<\/option><option value=\"BF\">Burkina Faso<\/option><option value=\"BI\">Burundi<\/option><option value=\"KH\">Cambodge<\/option><option value=\"CM\">Cameroun<\/option><option value=\"CA\">Canada<\/option><option value=\"CV\">Cap Vert<\/option><option value=\"CL\">Chili<\/option><option value=\"CN\">Chine<\/option><option value=\"CX\">Christmas Island<\/option><option value=\"CY\">Chypre<\/option><option value=\"CO\">Colombie<\/option><option value=\"KM\">Comores<\/option><option value=\"CG\">Congo (Brazzaville)<\/option><option value=\"CD\">Congo (Kinshasa)<\/option><option value=\"KP\">Cor\u00e9e du Nord<\/option><option value=\"KR\">Cor\u00e9e du Sud<\/option><option value=\"CR\">Costa Rica<\/option><option value=\"CI\">C\u00f4te-d\u2019Ivoire<\/option><option value=\"HR\">Croatie<\/option><option value=\"CU\">Cuba<\/option><option value=\"CW\">Cura\u00e7ao<\/option><option value=\"DK\">Danemark<\/option><option value=\"DJ\">Djibouti<\/option><option value=\"DM\">Dominique<\/option><option value=\"EG\">\u00c9gypte<\/option><option value=\"AE\">\u00c9mirats Arabes Unis<\/option><option value=\"EC\">\u00c9quateur<\/option><option value=\"ER\">Erythr\u00e9e<\/option><option value=\"ES\">Espagne<\/option><option value=\"EE\">Estonie<\/option><option value=\"SZ\">Eswatini<\/option><option value=\"US\">Etats-Unis (USA)<\/option><option value=\"ET\">\u00c9thiopie<\/option><option value=\"FJ\">Fidji<\/option><option value=\"FI\">Finlande<\/option><option value=\"FR\">France<\/option><option value=\"GA\">Gabon<\/option><option value=\"GM\">Gambie<\/option><option value=\"GE\">G\u00e9orgie<\/option><option value=\"GS\">G\u00e9orgie du Sud \/ \u00eeles Sandwich<\/option><option value=\"GH\">Ghana<\/option><option value=\"GI\">Gibraltar<\/option><option value=\"GR\">Gr\u00e8ce<\/option><option value=\"GD\">Grenade<\/option><option value=\"GL\">Groenland<\/option><option value=\"GP\">Guadeloupe<\/option><option value=\"GU\">Guam<\/option><option value=\"GT\">Guatemala<\/option><option value=\"GG\">Guernesey<\/option><option value=\"GN\">Guin\u00e9e<\/option><option value=\"GQ\">Guin\u00e9e \u00e9quatoriale<\/option><option value=\"GW\">Guin\u00e9e-Bissau<\/option><option value=\"GY\">Guyane<\/option><option value=\"GF\">Guyane Fran\u00e7aise<\/option><option value=\"HT\">Ha\u00efti<\/option><option value=\"HN\">Honduras<\/option><option value=\"HK\">Hong Kong<\/option><option value=\"HU\">Hongrie<\/option><option value=\"BV\">\u00cele Bouvet<\/option><option value=\"IM\">\u00cele de Man<\/option><option value=\"NF\">\u00cele Norfolk<\/option><option value=\"KY\">\u00celes Ca\u00efmans<\/option><option value=\"CC\">\u00celes Cocos<\/option><option value=\"CK\">\u00celes Cook<\/option><option value=\"FK\">\u00celes Falkland<\/option><option value=\"FO\">\u00celes F\u00e9ro\u00e9<\/option><option value=\"HM\">\u00celes Heard-et-MacDonald<\/option><option value=\"MH\">\u00celes Marshall<\/option><option value=\"UM\">\u00celes Mineures \u00e9loign\u00e9es des \u00c9tats-Unis<\/option><option value=\"SB\">\u00celes Salomon<\/option><option value=\"TC\">\u00celes Turques et Ca\u00efques<\/option><option value=\"IN\">Inde<\/option><option value=\"ID\">Indon\u00e9sie<\/option><option value=\"IR\">Iran<\/option><option value=\"IQ\">Iraq<\/option><option value=\"IE\">Irlande<\/option><option value=\"IS\">Islande<\/option><option value=\"IL\">Isra\u00ebl<\/option><option value=\"IT\" selected='selected'>Italie<\/option><option value=\"JM\">Jama\u00efque<\/option><option value=\"JP\">Japon<\/option><option value=\"JE\">Jersey<\/option><option value=\"JO\">Jordanie<\/option><option value=\"KZ\">Kazakhstan<\/option><option value=\"KE\">Kenya<\/option><option value=\"KI\">Kiribati<\/option><option value=\"XK\">Kosovo<\/option><option value=\"KW\">Kowe\u00eft<\/option><option value=\"KG\">Kyrgyzstan<\/option><option value=\"RE\">La R\u00e9union<\/option><option value=\"LA\">Laos<\/option><option value=\"LS\">Lesotho<\/option><option value=\"LV\">Lettonie<\/option><option value=\"LB\">Liban<\/option><option value=\"LR\">Liberia<\/option><option value=\"LY\">Libye<\/option><option value=\"LI\">Liechtenstein<\/option><option value=\"LT\">Lituanie<\/option><option value=\"LU\">Luxembourg<\/option><option value=\"MO\">Macao<\/option><option value=\"MK\">Mac\u00e9doine du Nord<\/option><option value=\"MG\">Madagascar<\/option><option value=\"MY\">Malaisie<\/option><option value=\"MW\">Malawi<\/option><option value=\"MV\">Maldives<\/option><option value=\"ML\">Mali<\/option><option value=\"MT\">Malte<\/option><option value=\"MA\">Maroc<\/option><option value=\"MQ\">Martinique<\/option><option value=\"MU\">Maurice<\/option><option value=\"MR\">Mauritanie<\/option><option value=\"YT\">Mayotte<\/option><option value=\"MX\">Mexique<\/option><option value=\"FM\">Micron\u00e9sie<\/option><option value=\"MD\">Moldavie<\/option><option value=\"MC\">Monaco<\/option><option value=\"MN\">Mongolie<\/option><option value=\"ME\">Montenegro<\/option><option value=\"MS\">Montserrat<\/option><option value=\"MZ\">Mozambique<\/option><option value=\"MM\">Myanmar<\/option><option value=\"NA\">Namibie<\/option><option value=\"NR\">Nauru<\/option><option value=\"NP\">N\u00e9pal<\/option><option value=\"NI\">Nicaragua<\/option><option value=\"NE\">Niger<\/option><option value=\"NG\">Nigeria<\/option><option value=\"NU\">Niue<\/option><option value=\"MP\">Northern Mariana Islands<\/option><option value=\"NO\">Norv\u00e8ge<\/option><option value=\"NC\">Nouvelle-Cal\u00e9donie<\/option><option value=\"NZ\">Nouvelle-Z\u00e9lande<\/option><option value=\"OM\">Oman<\/option><option value=\"PK\">Pakistan<\/option><option value=\"PA\">Panama<\/option><option value=\"PG\">Papouasie-Nouvelle-Guin\u00e9e<\/option><option value=\"PY\">Paraguay<\/option><option value=\"NL\">Pays-Bas<\/option><option value=\"PE\">P\u00e9rou<\/option><option value=\"PH\">Philippines<\/option><option value=\"PN\">Pitcairn<\/option><option value=\"PL\">Pologne<\/option><option value=\"PF\">Polyn\u00e9sie Fran\u00e7aise<\/option><option value=\"PT\">Portugal<\/option><option value=\"PR\">Puerto Rico<\/option><option value=\"QA\">Qatar<\/option><option value=\"CF\">R\u00e9publique Centrafricaine<\/option><option value=\"DO\">R\u00e9publique Dominicaine<\/option><option value=\"CZ\">R\u00e9publique Tch\u00e8que<\/option><option value=\"RO\">Roumanie<\/option><option value=\"GB\">Royaume-Uni (UK)<\/option><option value=\"RU\">Russie<\/option><option value=\"RW\">Rwanda<\/option><option value=\"BQ\">Saba, Saint-Eustache et Bonaire<\/option><option value=\"EH\">Sahara occidental<\/option><option value=\"BL\">Saint Barth\u00e9lemy<\/option><option value=\"PM\">Saint Pierre et Miquelon<\/option><option value=\"KN\">Saint-Kitts-et-Nevis<\/option><option value=\"MF\">Saint-Martin (partie fran\u00e7aise)<\/option><option value=\"SX\">Saint-Martin (partie n\u00e9erlandaise)<\/option><option value=\"VC\">Saint-Vincent-et-les-Grenadines<\/option><option value=\"SH\">Sainte-H\u00e9l\u00e8ne<\/option><option value=\"LC\">Sainte-Lucie<\/option><option value=\"SV\">Salvador<\/option><option value=\"WS\">Samoa<\/option><option value=\"SM\">San Marino<\/option><option value=\"ST\">Sao Tom\u00e9-et-Principe<\/option><option value=\"SN\">S\u00e9n\u00e9gal<\/option><option value=\"RS\">Serbie<\/option><option value=\"SC\">Seychelles<\/option><option value=\"SL\">Sierra Leone<\/option><option value=\"SG\">Singapour<\/option><option value=\"SK\">Slovaquie<\/option><option value=\"SI\">Slov\u00e9nie<\/option><option value=\"SO\">Somalie<\/option><option value=\"SD\">Soudan<\/option><option value=\"SS\">Soudan du Sud<\/option><option value=\"LK\">Sri Lanka<\/option><option value=\"SE\">Su\u00e8de<\/option><option value=\"CH\">Suisse<\/option><option value=\"SR\">Suriname<\/option><option value=\"SJ\">Svalbard et Jan Mayen<\/option><option value=\"SY\">Syrie<\/option><option value=\"TW\">Taiwan<\/option><option value=\"TJ\">Tajikistan<\/option><option value=\"TZ\">Tanzanie<\/option><option value=\"TD\">Tchad<\/option><option value=\"TF\">Terres Australes Fran\u00e7aises<\/option><option value=\"IO\">Territoire britannique de l\u2019oc\u00e9an Indien<\/option><option value=\"PS\">Territoire Palestinien<\/option><option value=\"TH\">Thailande<\/option><option value=\"TL\">Timor oriental<\/option><option value=\"TG\">Togo<\/option><option value=\"TK\">Tokelau<\/option><option value=\"TO\">Tonga<\/option><option value=\"TT\">Trinit\u00e9-et-Tobago<\/option><option value=\"TN\">Tunisie<\/option><option value=\"TM\">Turkm\u00e9nistan<\/option><option value=\"TR\">Turquie<\/option><option value=\"TV\">Tuvalu<\/option><option value=\"UG\">Uganda<\/option><option value=\"UA\">Ukraine<\/option><option value=\"UY\">Uruguay<\/option><option value=\"UZ\">Uzbekistan<\/option><option value=\"VU\">Vanuatu<\/option><option value=\"VA\">Vatican<\/option><option value=\"VE\">Venezuela<\/option><option value=\"VN\">Vietnam<\/option><option value=\"VG\">Virgin Islands (British)<\/option><option value=\"VI\">Virgin Islands (US)<\/option><option value=\"WF\">Wallis et Futuna<\/option><option value=\"YE\">Yemen<\/option><option value=\"ZM\">Zambie<\/option><option value=\"ZW\">Zimbabwe<\/option>        <\/select>\n    <\/p>\n\n    <p class=\"form-row form-row-wide\">\n        <label for=\"billing_address_1\">\n            Adresse <span class=\"required\">*<\/span>\n        <\/label><br \/>\n        <input type=\"text\" id=\"billing_address_1\" name=\"billing_address_1\" value=\"\" required aria-required=\"true\" \/>\n    <\/p>\n\n    <p class=\"form-row form-row-wide\">\n        <label for=\"billing_postcode\">\n            ZIP \/ Code postal <span class=\"required\">*<\/span>\n        <\/label><br \/>\n        <input type=\"text\" id=\"billing_postcode\" name=\"billing_postcode\" value=\"\" required aria-required=\"true\" \/>\n    <\/p>\n\n    <p class=\"form-row form-row-wide\">\n        <label for=\"billing_city\">\n            Ville \/ Commune <span class=\"required\">*<\/span>\n        <\/label><br \/>\n        <input type=\"text\" id=\"billing_city\" name=\"billing_city\" value=\"\" required aria-required=\"true\" \/>\n    <\/p>\n\n    <p class=\"form-row form-row-wide\">\n        <label for=\"billing_state\" id=\"billing_state_label\">\n            Province <span class=\"required\">*<\/span>\n        <\/label><br \/>\n        <span id=\"fk-billing-state-wrapper\" data-selected=\"\">\n            <!-- JS sostituir\u00e0 questo input con select o input corretto -->\n            <input type=\"text\" id=\"billing_state\" name=\"billing_state\" value=\"\" required aria-required=\"true\" \/>\n        <\/span>\n    <\/p>\n\n    <p class=\"form-row form-row-wide\">\n        <label for=\"billing_phone\">\n            T\u00e9l\u00e9phone <span class=\"required\">*<\/span>\n        <\/label><br \/>\n        <input type=\"text\" id=\"billing_phone\" name=\"billing_phone\" value=\"\" required aria-required=\"true\" \/>\n    <\/p>\n\n    <div class=\"clear\"><\/div>\n    <wc-order-attribution-inputs><\/wc-order-attribution-inputs><div class=\"woocommerce-privacy-policy-text\"><p>Vos donn\u00e9es personnelles seront utilis\u00e9es pour am\u00e9liorer votre exp\u00e9rience sur ce site web, pour g\u00e9rer l'acc\u00e8s \u00e0 votre compte et \u00e0 d'autres fins d\u00e9crites dans notre <a href=\"https:\/\/forkommerce.com\/it\/privacy-policy\/\" class=\"woocommerce-privacy-policy-link\" target=\"_blank\">politique de confidentialit\u00e9<\/a>.<\/p>\n<\/div>\n        <p class=\"woocommerce-form-row form-row\">\n            <input type=\"hidden\" id=\"woocommerce-register-nonce\" name=\"woocommerce-register-nonce\" value=\"99a5e77008\" \/><input type=\"hidden\" name=\"_wp_http_referer\" value=\"\/fr\/wp-json\/wp\/v2\/pages\/759\" \/>            <button type=\"submit\" class=\"woocommerce-Button button\" name=\"register\"\n                    value=\"Inscrivez-vous d\u00e8s maintenant\">\n                Inscrivez-vous d\u00e8s maintenant            <\/button>\n            <!-- flag per riconoscere il submit del nostro form -->\n            <input type=\"hidden\" name=\"fork_reg_form\" value=\"1\" \/>\n        <\/p>\n\n            <\/form>\n    \n<p>Vous avez d\u00e9j\u00e0 un compte? <a href=\"\/httpdocs\/forkommerce.com\/sviluppo\/?page_id=657\">Se connecter<\/a><\/p>\n","protected":false},"excerpt":{"rendered":"<p>Inscrivez-vous sur Forkommerce et cr\u00e9ez votre compte L&rsquo;enregistrement reste en  [&#8230;]<\/p>\n","protected":false},"author":1,"featured_media":0,"parent":0,"menu_order":0,"comment_status":"closed","ping_status":"closed","template":"","meta":{"footnotes":""},"class_list":["post-759","page","type-page","status-publish","hentry"],"yoast_head":"<!-- This site is optimized with the Yoast SEO plugin v27.3 - https:\/\/yoast.com\/product\/yoast-seo-wordpress\/ -->\n<title>Inscrivez-vous | Forkommerce Spare Parts<\/title>\n<meta name=\"robots\" content=\"index, follow, max-snippet:-1, max-image-preview:large, max-video-preview:-1\" \/>\n<link rel=\"canonical\" href=\"https:\/\/forkommerce.com\/fr\/inscrivez-vous\/\" \/>\n<meta property=\"og:locale\" content=\"fr_FR\" \/>\n<meta property=\"og:type\" content=\"article\" \/>\n<meta property=\"og:title\" content=\"Inscrivez-vous | Forkommerce Spare Parts\" \/>\n<meta property=\"og:description\" content=\"Inscrivez-vous sur Forkommerce et cr\u00e9ez votre compte L&rsquo;enregistrement reste en [...]\" \/>\n<meta property=\"og:url\" content=\"https:\/\/forkommerce.com\/fr\/inscrivez-vous\/\" \/>\n<meta property=\"og:site_name\" content=\"Forkommerce Spare Parts\" \/>\n<meta property=\"article:modified_time\" content=\"2025-11-25T09:47:28+00:00\" \/>\n<meta property=\"og:image\" content=\"https:\/\/forkommerce.com\/wp-content\/uploads\/2025\/12\/Slider-Home.jpg\" \/>\n\t<meta property=\"og:image:width\" content=\"1920\" \/>\n\t<meta property=\"og:image:height\" content=\"800\" \/>\n\t<meta property=\"og:image:type\" content=\"image\/jpeg\" \/>\n<meta name=\"twitter:card\" content=\"summary_large_image\" \/>\n<meta name=\"twitter:label1\" content=\"Dur\u00e9e de lecture estim\u00e9e\" \/>\n\t<meta name=\"twitter:data1\" content=\"1 minute\" \/>\n<script type=\"application\/ld+json\" class=\"yoast-schema-graph\">{\"@context\":\"https:\\\/\\\/schema.org\",\"@graph\":[{\"@type\":\"WebPage\",\"@id\":\"https:\\\/\\\/forkommerce.com\\\/fr\\\/inscrivez-vous\\\/\",\"url\":\"https:\\\/\\\/forkommerce.com\\\/fr\\\/inscrivez-vous\\\/\",\"name\":\"Inscrivez-vous | Forkommerce Spare Parts\",\"isPartOf\":{\"@id\":\"https:\\\/\\\/forkommerce.com\\\/it\\\/#website\"},\"datePublished\":\"2025-04-08T10:31:07+00:00\",\"dateModified\":\"2025-11-25T09:47:28+00:00\",\"breadcrumb\":{\"@id\":\"https:\\\/\\\/forkommerce.com\\\/fr\\\/inscrivez-vous\\\/#breadcrumb\"},\"inLanguage\":\"fr-FR\",\"potentialAction\":[{\"@type\":\"ReadAction\",\"target\":[\"https:\\\/\\\/forkommerce.com\\\/fr\\\/inscrivez-vous\\\/\"]}]},{\"@type\":\"BreadcrumbList\",\"@id\":\"https:\\\/\\\/forkommerce.com\\\/fr\\\/inscrivez-vous\\\/#breadcrumb\",\"itemListElement\":[{\"@type\":\"ListItem\",\"position\":1,\"name\":\"Home\",\"item\":\"https:\\\/\\\/forkommerce.com\\\/fr\\\/\"},{\"@type\":\"ListItem\",\"position\":2,\"name\":\"Inscrivez-vous\"}]},{\"@type\":\"WebSite\",\"@id\":\"https:\\\/\\\/forkommerce.com\\\/it\\\/#website\",\"url\":\"https:\\\/\\\/forkommerce.com\\\/it\\\/\",\"name\":\"Forkommerce Spare Parts\",\"description\":\"Ricambi originali e compatibili per carrelli elevatori e transpallet\",\"publisher\":{\"@id\":\"https:\\\/\\\/forkommerce.com\\\/it\\\/#organization\"},\"alternateName\":\"Forkommerce Spare Parts\",\"potentialAction\":[{\"@type\":\"SearchAction\",\"target\":{\"@type\":\"EntryPoint\",\"urlTemplate\":\"https:\\\/\\\/forkommerce.com\\\/it\\\/?s={search_term_string}\"},\"query-input\":{\"@type\":\"PropertyValueSpecification\",\"valueRequired\":true,\"valueName\":\"search_term_string\"}}],\"inLanguage\":\"fr-FR\"},{\"@type\":\"Organization\",\"@id\":\"https:\\\/\\\/forkommerce.com\\\/it\\\/#organization\",\"name\":\"Forkommerce Spare Parts\",\"url\":\"https:\\\/\\\/forkommerce.com\\\/it\\\/\",\"logo\":{\"@type\":\"ImageObject\",\"inLanguage\":\"fr-FR\",\"@id\":\"https:\\\/\\\/forkommerce.com\\\/it\\\/#\\\/schema\\\/logo\\\/image\\\/\",\"url\":\"https:\\\/\\\/forkommerce.com\\\/wp-content\\\/uploads\\\/2025\\\/09\\\/Logo-Forkommercex2.png\",\"contentUrl\":\"https:\\\/\\\/forkommerce.com\\\/wp-content\\\/uploads\\\/2025\\\/09\\\/Logo-Forkommercex2.png\",\"width\":470,\"height\":120,\"caption\":\"Forkommerce Spare Parts\"},\"image\":{\"@id\":\"https:\\\/\\\/forkommerce.com\\\/it\\\/#\\\/schema\\\/logo\\\/image\\\/\"}}]}<\/script>\n<!-- \/ Yoast SEO plugin. -->","yoast_head_json":{"title":"Inscrivez-vous | Forkommerce Spare Parts","robots":{"index":"index","follow":"follow","max-snippet":"max-snippet:-1","max-image-preview":"max-image-preview:large","max-video-preview":"max-video-preview:-1"},"canonical":"https:\/\/forkommerce.com\/fr\/inscrivez-vous\/","og_locale":"fr_FR","og_type":"article","og_title":"Inscrivez-vous | Forkommerce Spare Parts","og_description":"Inscrivez-vous sur Forkommerce et cr\u00e9ez votre compte L&rsquo;enregistrement reste en [...]","og_url":"https:\/\/forkommerce.com\/fr\/inscrivez-vous\/","og_site_name":"Forkommerce Spare Parts","article_modified_time":"2025-11-25T09:47:28+00:00","og_image":[{"width":1920,"height":800,"url":"https:\/\/forkommerce.com\/wp-content\/uploads\/2025\/12\/Slider-Home.jpg","type":"image\/jpeg"}],"twitter_card":"summary_large_image","twitter_misc":{"Dur\u00e9e de lecture estim\u00e9e":"1 minute"},"schema":{"@context":"https:\/\/schema.org","@graph":[{"@type":"WebPage","@id":"https:\/\/forkommerce.com\/fr\/inscrivez-vous\/","url":"https:\/\/forkommerce.com\/fr\/inscrivez-vous\/","name":"Inscrivez-vous | Forkommerce Spare Parts","isPartOf":{"@id":"https:\/\/forkommerce.com\/it\/#website"},"datePublished":"2025-04-08T10:31:07+00:00","dateModified":"2025-11-25T09:47:28+00:00","breadcrumb":{"@id":"https:\/\/forkommerce.com\/fr\/inscrivez-vous\/#breadcrumb"},"inLanguage":"fr-FR","potentialAction":[{"@type":"ReadAction","target":["https:\/\/forkommerce.com\/fr\/inscrivez-vous\/"]}]},{"@type":"BreadcrumbList","@id":"https:\/\/forkommerce.com\/fr\/inscrivez-vous\/#breadcrumb","itemListElement":[{"@type":"ListItem","position":1,"name":"Home","item":"https:\/\/forkommerce.com\/fr\/"},{"@type":"ListItem","position":2,"name":"Inscrivez-vous"}]},{"@type":"WebSite","@id":"https:\/\/forkommerce.com\/it\/#website","url":"https:\/\/forkommerce.com\/it\/","name":"Forkommerce Spare Parts","description":"Ricambi originali e compatibili per carrelli elevatori e transpallet","publisher":{"@id":"https:\/\/forkommerce.com\/it\/#organization"},"alternateName":"Forkommerce Spare Parts","potentialAction":[{"@type":"SearchAction","target":{"@type":"EntryPoint","urlTemplate":"https:\/\/forkommerce.com\/it\/?s={search_term_string}"},"query-input":{"@type":"PropertyValueSpecification","valueRequired":true,"valueName":"search_term_string"}}],"inLanguage":"fr-FR"},{"@type":"Organization","@id":"https:\/\/forkommerce.com\/it\/#organization","name":"Forkommerce Spare Parts","url":"https:\/\/forkommerce.com\/it\/","logo":{"@type":"ImageObject","inLanguage":"fr-FR","@id":"https:\/\/forkommerce.com\/it\/#\/schema\/logo\/image\/","url":"https:\/\/forkommerce.com\/wp-content\/uploads\/2025\/09\/Logo-Forkommercex2.png","contentUrl":"https:\/\/forkommerce.com\/wp-content\/uploads\/2025\/09\/Logo-Forkommercex2.png","width":470,"height":120,"caption":"Forkommerce Spare Parts"},"image":{"@id":"https:\/\/forkommerce.com\/it\/#\/schema\/logo\/image\/"}}]}},"_links":{"self":[{"href":"https:\/\/forkommerce.com\/fr\/wp-json\/wp\/v2\/pages\/759","targetHints":{"allow":["GET"]}}],"collection":[{"href":"https:\/\/forkommerce.com\/fr\/wp-json\/wp\/v2\/pages"}],"about":[{"href":"https:\/\/forkommerce.com\/fr\/wp-json\/wp\/v2\/types\/page"}],"author":[{"embeddable":true,"href":"https:\/\/forkommerce.com\/fr\/wp-json\/wp\/v2\/users\/1"}],"replies":[{"embeddable":true,"href":"https:\/\/forkommerce.com\/fr\/wp-json\/wp\/v2\/comments?post=759"}],"version-history":[{"count":2,"href":"https:\/\/forkommerce.com\/fr\/wp-json\/wp\/v2\/pages\/759\/revisions"}],"predecessor-version":[{"id":1636,"href":"https:\/\/forkommerce.com\/fr\/wp-json\/wp\/v2\/pages\/759\/revisions\/1636"}],"wp:attachment":[{"href":"https:\/\/forkommerce.com\/fr\/wp-json\/wp\/v2\/media?parent=759"}],"curies":[{"name":"wp","href":"https:\/\/api.w.org\/{rel}","templated":true}]}}