{"id":990,"date":"2025-10-23T10:48:23","date_gmt":"2025-10-23T08:48:23","guid":{"rendered":"https:\/\/forkommerce.com\/?page_id=990"},"modified":"2026-03-04T16:24:32","modified_gmt":"2026-03-04T15:24:32","slug":"impressum","status":"publish","type":"page","link":"https:\/\/forkommerce.com\/fr\/impressum\/","title":{"rendered":"Impressum"},"content":{"rendered":"<h1 class=\"title-main\">Impressum<\/h1>\n<div class=\"clearfix\"><\/div>\n<style>\ndl {\n    margin-top: 0;\n    margin-bottom: 20px;\n}\n.dl-horizontal dt {\n    float: left;\n    width: 180px;\n    clear: left;\n    text-align: right;\n    overflow: hidden;\n    text-overflow: ellipsis;\n    white-space: nowrap;\n}\n.dl-horizontal dd {\n    margin-left: 200px;\n}\n.dl-horizontal dt {\n    font-weight: bold;\n}\n\/* Larghezza massima di 767px *\/\n@media only screen and (max-width: 767px) {\n    .dl-horizontal dt {\n        float: none; \/* Annulliamo il float *\/\n        width: auto; \/* Annulliamo la larghezza *\/\n        clear: none; \/* Annulliamo il clear *\/\n        text-align: left; \/* Reimpostiamo l'allineamento del testo *\/\n        overflow: visible; \/* Annulliamo l'overflow *\/\n        text-overflow: clip; \/* Annulliamo l'overflow del testo *\/\n        white-space: normal; \/* Reimpostiamo lo spazio bianco *\/\n    }\n    .dl-horizontal dd {\n        margin-left: 25px; \/* Rimuoviamo il margine sinistro *\/\n    }\n}\n<\/style>\n<dl class=\"dl-horizontal\">\n<dt>Raison sociale:<\/dt>\n<dd>FORKOMMERCE S.r.l.<\/dd>\n<dt>Adresse:<\/dt>\n<dd>Via Vecchia Ferriera 13, 36100 Vicenza (VI) \u2013 Italia<\/dd>\n<dt>T\u00e9l\u00e9phone:<\/dt>\n<dd><a href=\"tel:+393351657127\">+39 335 165 7127<\/a><\/dd>\n<dt>Mail:<\/dt>\n<dd><a href=\"mailto:info@forkommerce.com\">info@forkommerce.com<\/a><\/dd>\n<dt>Adresse email PEC italienne:<\/dt>\n<dd><a href=\"mailto:forkommercesrl@legalmail.it\">forkommercesrl@legalmail.it<\/a><\/dd>\n<\/dl>\n<dl class=\"dl-horizontal\">\n<dt>Capital social:<\/dt>\n<dd>10 000,00 \u20ac v.p. \u00e0 hauteur de 25% soit 2 500,00 \u20ac<\/dd>\n<dt>Num\u00e9ro de TVA:<\/dt>\n<dd>IT-04628580245<\/dd>\n<dt>Code SdI italien:<\/dt>\n<dd>M5UXCR1<\/dd>\n<\/dl>\n<dl class=\"dl-horizontal\">\n<dt>Compte de rattachement:<\/dt>\n<dd>FORKOMMERCE SRL<\/dd>\n<dt>IBAN:<\/dt>\n<dd>IT83Y0303259750010001216918<\/dd>\n<dt>BIC\/SWIFT:<\/dt>\n<dd>BACRIT22XXX<\/dd>\n<\/dl>\n<dl class=\"dl-horizontal\">\n<dt>Responsable des textes:<\/dt>\n<dd>FORKOMMERCE S.r.l.<\/dd>\n<dt>Web:<\/dt>\n<dd>Argo Comunicazioni<\/dd>\n<\/dl>\n<dl class=\"dl-horizontal\">\n<dt>Mentions:<\/dt>\n<dd>Tous les donn\u00e9es et contenus indiqu\u00e9s sur ce site web (https:\/\/forkommerce.com) ont \u00e9t\u00e9 soigneusement v\u00e9rifi\u00e9s par FORKOMMERCE S.r.l.. Malgr\u00e9 cela, les informations sur le site Internet sont fournies sans garanties quant \u00e0 l&rsquo;exactitude, la compl\u00e9tude et l&rsquo;actualit\u00e9 des donn\u00e9es. FORKOMMERCE S.r.l. se r\u00e9serve le droit de mettre \u00e0 jour, modifier et changer les informations et contenus publi\u00e9s sur le site.<\/dd>\n<dt>Copyright:<\/dt>\n<dd>La structure et le contenu de ce site web (https:\/\/forkommerce.com) sont prot\u00e9g\u00e9s par copyright. La reproduction d&rsquo;informations et de donn\u00e9es, en particulier l&rsquo;utilisation de textes, parties de textes ou images, doit \u00eatre express\u00e9ment approuv\u00e9e par FORKOMMERCE S.r.l..<\/p>\n<p>Pour la r\u00e9solution extrajudiciaire des litiges en mati\u00e8re de droit des consommateurs, l&rsquo;Union europ\u00e9enne a mis en place une plateforme en ligne (\u00ab\u00a0plateforme OS\u00a0\u00bb), \u00e0 laquelle il est possible de recourir. La plateforme se trouve sur le site <a href=\"http:\/\/ec.europa.eu\/consumers\/odr\/\" target=\"_blank\" rel=\"noopener\">http:\/\/ec.europa.eu\/consumers\/odr\/<\/a><\/dd>\n<\/dl>\n","protected":false},"excerpt":{"rendered":"<p>Impressum Raison sociale: FORKOMMERCE S.r.l. Adresse: Via Vecchia Ferriera 13,  [&#8230;]<\/p>\n","protected":false},"author":1,"featured_media":0,"parent":0,"menu_order":0,"comment_status":"closed","ping_status":"closed","template":"","meta":{"footnotes":""},"class_list":["post-990","page","type-page","status-publish","hentry"],"yoast_head":"<!-- This site is optimized with the Yoast SEO plugin v27.3 - https:\/\/yoast.com\/product\/yoast-seo-wordpress\/ -->\n<title>Impressum | Forkommerce Spare Parts<\/title>\n<meta name=\"robots\" content=\"index, follow, max-snippet:-1, max-image-preview:large, max-video-preview:-1\" \/>\n<link rel=\"canonical\" href=\"https:\/\/forkommerce.com\/fr\/impressum\/\" \/>\n<meta property=\"og:locale\" content=\"fr_FR\" \/>\n<meta property=\"og:type\" content=\"article\" \/>\n<meta property=\"og:title\" content=\"Impressum | Forkommerce Spare Parts\" \/>\n<meta property=\"og:description\" content=\"Impressum Raison sociale: FORKOMMERCE S.r.l. Adresse: Via Vecchia Ferriera 13, [...]\" \/>\n<meta property=\"og:url\" content=\"https:\/\/forkommerce.com\/fr\/impressum\/\" \/>\n<meta property=\"og:site_name\" content=\"Forkommerce Spare Parts\" \/>\n<meta property=\"article:modified_time\" content=\"2026-03-04T15:24:32+00:00\" \/>\n<meta property=\"og:image\" content=\"https:\/\/forkommerce.com\/wp-content\/uploads\/2025\/12\/Slider-Home.jpg\" \/>\n\t<meta property=\"og:image:width\" content=\"1920\" \/>\n\t<meta property=\"og:image:height\" content=\"800\" \/>\n\t<meta property=\"og:image:type\" content=\"image\/jpeg\" \/>\n<meta name=\"twitter:card\" content=\"summary_large_image\" \/>\n<script type=\"application\/ld+json\" class=\"yoast-schema-graph\">{\"@context\":\"https:\\\/\\\/schema.org\",\"@graph\":[{\"@type\":\"WebPage\",\"@id\":\"https:\\\/\\\/forkommerce.com\\\/fr\\\/impressum\\\/\",\"url\":\"https:\\\/\\\/forkommerce.com\\\/fr\\\/impressum\\\/\",\"name\":\"Impressum | Forkommerce Spare Parts\",\"isPartOf\":{\"@id\":\"https:\\\/\\\/forkommerce.com\\\/it\\\/#website\"},\"datePublished\":\"2025-10-23T08:48:23+00:00\",\"dateModified\":\"2026-03-04T15:24:32+00:00\",\"breadcrumb\":{\"@id\":\"https:\\\/\\\/forkommerce.com\\\/fr\\\/impressum\\\/#breadcrumb\"},\"inLanguage\":\"fr-FR\",\"potentialAction\":[{\"@type\":\"ReadAction\",\"target\":[\"https:\\\/\\\/forkommerce.com\\\/fr\\\/impressum\\\/\"]}]},{\"@type\":\"BreadcrumbList\",\"@id\":\"https:\\\/\\\/forkommerce.com\\\/fr\\\/impressum\\\/#breadcrumb\",\"itemListElement\":[{\"@type\":\"ListItem\",\"position\":1,\"name\":\"Home\",\"item\":\"https:\\\/\\\/forkommerce.com\\\/fr\\\/\"},{\"@type\":\"ListItem\",\"position\":2,\"name\":\"Impressum\"}]},{\"@type\":\"WebSite\",\"@id\":\"https:\\\/\\\/forkommerce.com\\\/it\\\/#website\",\"url\":\"https:\\\/\\\/forkommerce.com\\\/it\\\/\",\"name\":\"Forkommerce Spare Parts\",\"description\":\"Ricambi originali e compatibili per carrelli elevatori e transpallet\",\"publisher\":{\"@id\":\"https:\\\/\\\/forkommerce.com\\\/it\\\/#organization\"},\"alternateName\":\"Forkommerce Spare Parts\",\"potentialAction\":[{\"@type\":\"SearchAction\",\"target\":{\"@type\":\"EntryPoint\",\"urlTemplate\":\"https:\\\/\\\/forkommerce.com\\\/it\\\/?s={search_term_string}\"},\"query-input\":{\"@type\":\"PropertyValueSpecification\",\"valueRequired\":true,\"valueName\":\"search_term_string\"}}],\"inLanguage\":\"fr-FR\"},{\"@type\":\"Organization\",\"@id\":\"https:\\\/\\\/forkommerce.com\\\/it\\\/#organization\",\"name\":\"Forkommerce Spare Parts\",\"url\":\"https:\\\/\\\/forkommerce.com\\\/it\\\/\",\"logo\":{\"@type\":\"ImageObject\",\"inLanguage\":\"fr-FR\",\"@id\":\"https:\\\/\\\/forkommerce.com\\\/it\\\/#\\\/schema\\\/logo\\\/image\\\/\",\"url\":\"https:\\\/\\\/forkommerce.com\\\/wp-content\\\/uploads\\\/2025\\\/09\\\/Logo-Forkommercex2.png\",\"contentUrl\":\"https:\\\/\\\/forkommerce.com\\\/wp-content\\\/uploads\\\/2025\\\/09\\\/Logo-Forkommercex2.png\",\"width\":470,\"height\":120,\"caption\":\"Forkommerce Spare Parts\"},\"image\":{\"@id\":\"https:\\\/\\\/forkommerce.com\\\/it\\\/#\\\/schema\\\/logo\\\/image\\\/\"}}]}<\/script>\n<!-- \/ Yoast SEO plugin. -->","yoast_head_json":{"title":"Impressum | Forkommerce Spare Parts","robots":{"index":"index","follow":"follow","max-snippet":"max-snippet:-1","max-image-preview":"max-image-preview:large","max-video-preview":"max-video-preview:-1"},"canonical":"https:\/\/forkommerce.com\/fr\/impressum\/","og_locale":"fr_FR","og_type":"article","og_title":"Impressum | Forkommerce Spare Parts","og_description":"Impressum Raison sociale: FORKOMMERCE S.r.l. Adresse: Via Vecchia Ferriera 13, [...]","og_url":"https:\/\/forkommerce.com\/fr\/impressum\/","og_site_name":"Forkommerce Spare Parts","article_modified_time":"2026-03-04T15:24:32+00:00","og_image":[{"width":1920,"height":800,"url":"https:\/\/forkommerce.com\/wp-content\/uploads\/2025\/12\/Slider-Home.jpg","type":"image\/jpeg"}],"twitter_card":"summary_large_image","schema":{"@context":"https:\/\/schema.org","@graph":[{"@type":"WebPage","@id":"https:\/\/forkommerce.com\/fr\/impressum\/","url":"https:\/\/forkommerce.com\/fr\/impressum\/","name":"Impressum | Forkommerce Spare Parts","isPartOf":{"@id":"https:\/\/forkommerce.com\/it\/#website"},"datePublished":"2025-10-23T08:48:23+00:00","dateModified":"2026-03-04T15:24:32+00:00","breadcrumb":{"@id":"https:\/\/forkommerce.com\/fr\/impressum\/#breadcrumb"},"inLanguage":"fr-FR","potentialAction":[{"@type":"ReadAction","target":["https:\/\/forkommerce.com\/fr\/impressum\/"]}]},{"@type":"BreadcrumbList","@id":"https:\/\/forkommerce.com\/fr\/impressum\/#breadcrumb","itemListElement":[{"@type":"ListItem","position":1,"name":"Home","item":"https:\/\/forkommerce.com\/fr\/"},{"@type":"ListItem","position":2,"name":"Impressum"}]},{"@type":"WebSite","@id":"https:\/\/forkommerce.com\/it\/#website","url":"https:\/\/forkommerce.com\/it\/","name":"Forkommerce Spare Parts","description":"Ricambi originali e compatibili per carrelli elevatori e transpallet","publisher":{"@id":"https:\/\/forkommerce.com\/it\/#organization"},"alternateName":"Forkommerce Spare Parts","potentialAction":[{"@type":"SearchAction","target":{"@type":"EntryPoint","urlTemplate":"https:\/\/forkommerce.com\/it\/?s={search_term_string}"},"query-input":{"@type":"PropertyValueSpecification","valueRequired":true,"valueName":"search_term_string"}}],"inLanguage":"fr-FR"},{"@type":"Organization","@id":"https:\/\/forkommerce.com\/it\/#organization","name":"Forkommerce Spare Parts","url":"https:\/\/forkommerce.com\/it\/","logo":{"@type":"ImageObject","inLanguage":"fr-FR","@id":"https:\/\/forkommerce.com\/it\/#\/schema\/logo\/image\/","url":"https:\/\/forkommerce.com\/wp-content\/uploads\/2025\/09\/Logo-Forkommercex2.png","contentUrl":"https:\/\/forkommerce.com\/wp-content\/uploads\/2025\/09\/Logo-Forkommercex2.png","width":470,"height":120,"caption":"Forkommerce Spare Parts"},"image":{"@id":"https:\/\/forkommerce.com\/it\/#\/schema\/logo\/image\/"}}]}},"_links":{"self":[{"href":"https:\/\/forkommerce.com\/fr\/wp-json\/wp\/v2\/pages\/990","targetHints":{"allow":["GET"]}}],"collection":[{"href":"https:\/\/forkommerce.com\/fr\/wp-json\/wp\/v2\/pages"}],"about":[{"href":"https:\/\/forkommerce.com\/fr\/wp-json\/wp\/v2\/types\/page"}],"author":[{"embeddable":true,"href":"https:\/\/forkommerce.com\/fr\/wp-json\/wp\/v2\/users\/1"}],"replies":[{"embeddable":true,"href":"https:\/\/forkommerce.com\/fr\/wp-json\/wp\/v2\/comments?post=990"}],"version-history":[{"count":2,"href":"https:\/\/forkommerce.com\/fr\/wp-json\/wp\/v2\/pages\/990\/revisions"}],"predecessor-version":[{"id":4781,"href":"https:\/\/forkommerce.com\/fr\/wp-json\/wp\/v2\/pages\/990\/revisions\/4781"}],"wp:attachment":[{"href":"https:\/\/forkommerce.com\/fr\/wp-json\/wp\/v2\/media?parent=990"}],"curies":[{"name":"wp","href":"https:\/\/api.w.org\/{rel}","templated":true}]}}