{"id":2604,"date":"2026-02-09T10:31:52","date_gmt":"2026-02-09T09:31:52","guid":{"rendered":"https:\/\/forkommerce.com\/prodotto\/roue-motrice-230x75-82-45-polyurethane-5f-still-4400716-compatible\/"},"modified":"2026-04-10T14:35:21","modified_gmt":"2026-04-10T12:35:21","slug":"roue-motrice-230x75-82-45-polyurethane-5f-still-4400716-compatible","status":"publish","type":"product","link":"https:\/\/forkommerce.com\/fr\/produit\/roue-motrice-230x75-82-45-polyurethane-5f-still-4400716-compatible\/","title":{"rendered":"Roue motrice 230&#215;75\/82-45 Polyur\u00e9thane 5F Still 4400716 (Compatible)"},"content":{"rendered":"<h4>Roue motrice 230&#215;75\/82-45 Polyur\u00e9thane 5F Still 4400716<\/h4>\n<p data-start=\"172\" data-end=\"536\">Roue motrice haute performance, compatible avec chariots \u00e9l\u00e9vateurs <strong data-start=\"246\" data-end=\"255\">Still<\/strong> (r\u00e9f\u00e9rence d&rsquo;origine 4400716).<\/p>\n<p data-start=\"172\" data-end=\"536\">Fabriqu\u00e9e en polyur\u00e9thane r\u00e9sistant \u00e0 l&rsquo;usure, cette roue garantit un roulement fluide, une stabilit\u00e9 et une longue dur\u00e9e de vie m\u00eame dans les environnements industriels intensifs.<\/p>\n<p data-start=\"172\" data-end=\"536\">Id\u00e9ale comme pi\u00e8ce d&rsquo;origine ou remplacement \u00e9quivalent pour l&rsquo;entretien de l&rsquo;engin.<\/p>\n<p data-start=\"172\" data-end=\"536\">Duret\u00e9 92 Shore A<strong>, <\/strong>con\u00e7ue pour les roues de grand diam\u00e8tre.<\/p>\n<h4 data-section-id=\"d437e9\" data-start=\"543\" data-end=\"572\">Caract\u00e9ristiques principales<\/h4>\n<p data-start=\"576\" data-end=\"637\">Compatible avec chariots \u00e9l\u00e9vateurs <strong data-start=\"611\" data-end=\"620\">Still<\/strong> (r\u00e9f. 4400716)<\/p>\n<p data-start=\"640\" data-end=\"690\">Fabriqu\u00e9e en polyur\u00e9thane haute r\u00e9sistance.<\/p>\n<p data-start=\"693\" data-end=\"732\">Type de roue : traction \/ motrice.<\/p>\n<p data-start=\"735\" data-end=\"793\">Excellente adh\u00e9rence et stabilit\u00e9 sur sols industriels.<\/p>\n<p data-start=\"796\" data-end=\"859\">Roulement fluide et silencieux m\u00eame avec charges lourdes.<\/p>\n<p data-start=\"862\" data-end=\"908\">Remplacement parfait de la pi\u00e8ce d&rsquo;origine.<\/p>\n<p data-start=\"911\" data-end=\"955\">R\u00e9duit l&rsquo;entretien et l&rsquo;usure des composants.<\/p>\n<p>Compatibilit\u00e9 \/ Utilis\u00e9e sur<\/p>\n<p>LINDE<br \/>\nCodes : 0009903819, 0009934071<\/p>\n<ul>\n<li>1151 T16 \/ T16P \/ T20 \/ T20P<\/li>\n<li>1152 T16 \/ T18 \/ T20 \/ T16L<\/li>\n<li>1160 D06 \/ D08<\/li>\n<li>1169 L10 \/ L12 \/ L14C<\/li>\n<li>1169 L10P \/ L12P \/ L14P<\/li>\n<li>1172 L10 \/ L12 \/ L12i<\/li>\n<\/ul>\n","protected":false},"excerpt":{"rendered":"<p>Roue motrice 230&#215;75\/82-45 Polyur\u00e9thane 5F Still 4400716 (Compatible)<\/p>\n","protected":false},"featured_media":2605,"template":"","meta":[],"product_brand":[120,123],"product_cat":[85,77],"product_tag":[],"class_list":{"0":"post-2604","1":"product","2":"type-product","3":"status-publish","4":"has-post-thumbnail","6":"product_brand-linde","7":"product_brand-still","8":"product_cat-pieces-compatibles","9":"product_cat-rouleaux-et-roues","11":"first","12":"instock","13":"taxable","14":"shipping-taxable","15":"purchasable","16":"product-type-simple"},"yoast_head":"<!-- This site is optimized with the Yoast SEO plugin v27.3 - https:\/\/yoast.com\/product\/yoast-seo-wordpress\/ -->\n<title>Roue motrice 230x75\/82-45 Polyur\u00e9thane 5F Still 4400716 (Compatible) | Forkommerce Spare Parts<\/title>\n<meta name=\"robots\" content=\"index, follow, max-snippet:-1, max-image-preview:large, max-video-preview:-1\" \/>\n<link rel=\"canonical\" href=\"https:\/\/forkommerce.com\/fr\/produit\/roue-motrice-230x75-82-45-polyurethane-5f-still-4400716-compatible\/\" \/>\n<meta property=\"og:locale\" content=\"fr_FR\" \/>\n<meta property=\"og:type\" content=\"article\" \/>\n<meta property=\"og:title\" content=\"Roue motrice 230x75\/82-45 Polyur\u00e9thane 5F Still 4400716 (Compatible) | Forkommerce Spare Parts\" \/>\n<meta property=\"og:description\" content=\"Roue motrice 230x75\/82-45 Polyur\u00e9thane 5F Still 4400716 (Compatible)\" \/>\n<meta property=\"og:url\" content=\"https:\/\/forkommerce.com\/fr\/produit\/roue-motrice-230x75-82-45-polyurethane-5f-still-4400716-compatible\/\" \/>\n<meta property=\"og:site_name\" content=\"Forkommerce Spare Parts\" \/>\n<meta property=\"article:modified_time\" content=\"2026-04-10T12:35:21+00:00\" \/>\n<meta property=\"og:image\" content=\"https:\/\/forkommerce.com\/wp-content\/uploads\/2026\/02\/Ruota-trazione-230x75-82-45-Poliuretano-5F-Still-4400716-Compatibile.jpg\" \/>\n\t<meta property=\"og:image:width\" content=\"378\" \/>\n\t<meta property=\"og:image:height\" content=\"472\" \/>\n\t<meta property=\"og:image:type\" content=\"image\/jpeg\" \/>\n<meta name=\"twitter:card\" content=\"summary_large_image\" \/>\n<meta name=\"twitter:label1\" content=\"Dur\u00e9e de lecture estim\u00e9e\" \/>\n\t<meta name=\"twitter:data1\" content=\"1 minute\" \/>\n<script type=\"application\/ld+json\" class=\"yoast-schema-graph\">{\"@context\":\"https:\\\/\\\/schema.org\",\"@graph\":[{\"@type\":\"WebPage\",\"@id\":\"https:\\\/\\\/forkommerce.com\\\/fr\\\/produit\\\/roue-motrice-230x75-82-45-polyurethane-5f-still-4400716-compatible\\\/\",\"url\":\"https:\\\/\\\/forkommerce.com\\\/fr\\\/produit\\\/roue-motrice-230x75-82-45-polyurethane-5f-still-4400716-compatible\\\/\",\"name\":\"Roue motrice 230x75\\\/82-45 Polyur\u00e9thane 5F Still 4400716 (Compatible) | Forkommerce Spare Parts\",\"isPartOf\":{\"@id\":\"https:\\\/\\\/forkommerce.com\\\/it\\\/#website\"},\"primaryImageOfPage\":{\"@id\":\"https:\\\/\\\/forkommerce.com\\\/fr\\\/produit\\\/roue-motrice-230x75-82-45-polyurethane-5f-still-4400716-compatible\\\/#primaryimage\"},\"image\":{\"@id\":\"https:\\\/\\\/forkommerce.com\\\/fr\\\/produit\\\/roue-motrice-230x75-82-45-polyurethane-5f-still-4400716-compatible\\\/#primaryimage\"},\"thumbnailUrl\":\"https:\\\/\\\/forkommerce.com\\\/wp-content\\\/uploads\\\/2026\\\/02\\\/Ruota-trazione-230x75-82-45-Poliuretano-5F-Still-4400716-Compatibile.jpg\",\"datePublished\":\"2026-02-09T09:31:52+00:00\",\"dateModified\":\"2026-04-10T12:35:21+00:00\",\"breadcrumb\":{\"@id\":\"https:\\\/\\\/forkommerce.com\\\/fr\\\/produit\\\/roue-motrice-230x75-82-45-polyurethane-5f-still-4400716-compatible\\\/#breadcrumb\"},\"inLanguage\":\"fr-FR\",\"potentialAction\":[{\"@type\":\"ReadAction\",\"target\":[\"https:\\\/\\\/forkommerce.com\\\/fr\\\/produit\\\/roue-motrice-230x75-82-45-polyurethane-5f-still-4400716-compatible\\\/\"]}]},{\"@type\":\"ImageObject\",\"inLanguage\":\"fr-FR\",\"@id\":\"https:\\\/\\\/forkommerce.com\\\/fr\\\/produit\\\/roue-motrice-230x75-82-45-polyurethane-5f-still-4400716-compatible\\\/#primaryimage\",\"url\":\"https:\\\/\\\/forkommerce.com\\\/wp-content\\\/uploads\\\/2026\\\/02\\\/Ruota-trazione-230x75-82-45-Poliuretano-5F-Still-4400716-Compatibile.jpg\",\"contentUrl\":\"https:\\\/\\\/forkommerce.com\\\/wp-content\\\/uploads\\\/2026\\\/02\\\/Ruota-trazione-230x75-82-45-Poliuretano-5F-Still-4400716-Compatibile.jpg\",\"width\":378,\"height\":472,\"caption\":\"Roue motrice 230x75 82 45 Polyur\u00e9thane 5F Still 4400716 (Compatible)\"},{\"@type\":\"BreadcrumbList\",\"@id\":\"https:\\\/\\\/forkommerce.com\\\/fr\\\/produit\\\/roue-motrice-230x75-82-45-polyurethane-5f-still-4400716-compatible\\\/#breadcrumb\",\"itemListElement\":[{\"@type\":\"ListItem\",\"position\":1,\"name\":\"Home\",\"item\":\"https:\\\/\\\/forkommerce.com\\\/fr\\\/\"},{\"@type\":\"ListItem\",\"position\":2,\"name\":\"Boutique\",\"item\":\"https:\\\/\\\/forkommerce.com\\\/it\\\/negozio\\\/\"},{\"@type\":\"ListItem\",\"position\":3,\"name\":\"Roue motrice 230&#215;75\\\/82-45 Polyur\u00e9thane 5F Still 4400716 (Compatible)\"}]},{\"@type\":\"WebSite\",\"@id\":\"https:\\\/\\\/forkommerce.com\\\/it\\\/#website\",\"url\":\"https:\\\/\\\/forkommerce.com\\\/it\\\/\",\"name\":\"Forkommerce Spare Parts\",\"description\":\"Ricambi originali e compatibili per carrelli elevatori e transpallet\",\"publisher\":{\"@id\":\"https:\\\/\\\/forkommerce.com\\\/it\\\/#organization\"},\"alternateName\":\"Forkommerce Spare Parts\",\"potentialAction\":[{\"@type\":\"SearchAction\",\"target\":{\"@type\":\"EntryPoint\",\"urlTemplate\":\"https:\\\/\\\/forkommerce.com\\\/it\\\/?s={search_term_string}\"},\"query-input\":{\"@type\":\"PropertyValueSpecification\",\"valueRequired\":true,\"valueName\":\"search_term_string\"}}],\"inLanguage\":\"fr-FR\"},{\"@type\":\"Organization\",\"@id\":\"https:\\\/\\\/forkommerce.com\\\/it\\\/#organization\",\"name\":\"Forkommerce Spare Parts\",\"url\":\"https:\\\/\\\/forkommerce.com\\\/it\\\/\",\"logo\":{\"@type\":\"ImageObject\",\"inLanguage\":\"fr-FR\",\"@id\":\"https:\\\/\\\/forkommerce.com\\\/it\\\/#\\\/schema\\\/logo\\\/image\\\/\",\"url\":\"https:\\\/\\\/forkommerce.com\\\/wp-content\\\/uploads\\\/2025\\\/09\\\/Logo-Forkommercex2.png\",\"contentUrl\":\"https:\\\/\\\/forkommerce.com\\\/wp-content\\\/uploads\\\/2025\\\/09\\\/Logo-Forkommercex2.png\",\"width\":470,\"height\":120,\"caption\":\"Forkommerce Spare Parts\"},\"image\":{\"@id\":\"https:\\\/\\\/forkommerce.com\\\/it\\\/#\\\/schema\\\/logo\\\/image\\\/\"}}]}<\/script>\n<!-- \/ Yoast SEO plugin. -->","yoast_head_json":{"title":"Roue motrice 230x75\/82-45 Polyur\u00e9thane 5F Still 4400716 (Compatible) | Forkommerce Spare Parts","robots":{"index":"index","follow":"follow","max-snippet":"max-snippet:-1","max-image-preview":"max-image-preview:large","max-video-preview":"max-video-preview:-1"},"canonical":"https:\/\/forkommerce.com\/fr\/produit\/roue-motrice-230x75-82-45-polyurethane-5f-still-4400716-compatible\/","og_locale":"fr_FR","og_type":"article","og_title":"Roue motrice 230x75\/82-45 Polyur\u00e9thane 5F Still 4400716 (Compatible) | Forkommerce Spare Parts","og_description":"Roue motrice 230x75\/82-45 Polyur\u00e9thane 5F Still 4400716 (Compatible)","og_url":"https:\/\/forkommerce.com\/fr\/produit\/roue-motrice-230x75-82-45-polyurethane-5f-still-4400716-compatible\/","og_site_name":"Forkommerce Spare Parts","article_modified_time":"2026-04-10T12:35:21+00:00","og_image":[{"width":378,"height":472,"url":"https:\/\/forkommerce.com\/wp-content\/uploads\/2026\/02\/Ruota-trazione-230x75-82-45-Poliuretano-5F-Still-4400716-Compatibile.jpg","type":"image\/jpeg"}],"twitter_card":"summary_large_image","twitter_misc":{"Dur\u00e9e de lecture estim\u00e9e":"1 minute"},"schema":{"@context":"https:\/\/schema.org","@graph":[{"@type":"WebPage","@id":"https:\/\/forkommerce.com\/fr\/produit\/roue-motrice-230x75-82-45-polyurethane-5f-still-4400716-compatible\/","url":"https:\/\/forkommerce.com\/fr\/produit\/roue-motrice-230x75-82-45-polyurethane-5f-still-4400716-compatible\/","name":"Roue motrice 230x75\/82-45 Polyur\u00e9thane 5F Still 4400716 (Compatible) | Forkommerce Spare Parts","isPartOf":{"@id":"https:\/\/forkommerce.com\/it\/#website"},"primaryImageOfPage":{"@id":"https:\/\/forkommerce.com\/fr\/produit\/roue-motrice-230x75-82-45-polyurethane-5f-still-4400716-compatible\/#primaryimage"},"image":{"@id":"https:\/\/forkommerce.com\/fr\/produit\/roue-motrice-230x75-82-45-polyurethane-5f-still-4400716-compatible\/#primaryimage"},"thumbnailUrl":"https:\/\/forkommerce.com\/wp-content\/uploads\/2026\/02\/Ruota-trazione-230x75-82-45-Poliuretano-5F-Still-4400716-Compatibile.jpg","datePublished":"2026-02-09T09:31:52+00:00","dateModified":"2026-04-10T12:35:21+00:00","breadcrumb":{"@id":"https:\/\/forkommerce.com\/fr\/produit\/roue-motrice-230x75-82-45-polyurethane-5f-still-4400716-compatible\/#breadcrumb"},"inLanguage":"fr-FR","potentialAction":[{"@type":"ReadAction","target":["https:\/\/forkommerce.com\/fr\/produit\/roue-motrice-230x75-82-45-polyurethane-5f-still-4400716-compatible\/"]}]},{"@type":"ImageObject","inLanguage":"fr-FR","@id":"https:\/\/forkommerce.com\/fr\/produit\/roue-motrice-230x75-82-45-polyurethane-5f-still-4400716-compatible\/#primaryimage","url":"https:\/\/forkommerce.com\/wp-content\/uploads\/2026\/02\/Ruota-trazione-230x75-82-45-Poliuretano-5F-Still-4400716-Compatibile.jpg","contentUrl":"https:\/\/forkommerce.com\/wp-content\/uploads\/2026\/02\/Ruota-trazione-230x75-82-45-Poliuretano-5F-Still-4400716-Compatibile.jpg","width":378,"height":472,"caption":"Roue motrice 230x75 82 45 Polyur\u00e9thane 5F Still 4400716 (Compatible)"},{"@type":"BreadcrumbList","@id":"https:\/\/forkommerce.com\/fr\/produit\/roue-motrice-230x75-82-45-polyurethane-5f-still-4400716-compatible\/#breadcrumb","itemListElement":[{"@type":"ListItem","position":1,"name":"Home","item":"https:\/\/forkommerce.com\/fr\/"},{"@type":"ListItem","position":2,"name":"Boutique","item":"https:\/\/forkommerce.com\/it\/negozio\/"},{"@type":"ListItem","position":3,"name":"Roue motrice 230&#215;75\/82-45 Polyur\u00e9thane 5F Still 4400716 (Compatible)"}]},{"@type":"WebSite","@id":"https:\/\/forkommerce.com\/it\/#website","url":"https:\/\/forkommerce.com\/it\/","name":"Forkommerce Spare Parts","description":"Ricambi originali e compatibili per carrelli elevatori e transpallet","publisher":{"@id":"https:\/\/forkommerce.com\/it\/#organization"},"alternateName":"Forkommerce Spare Parts","potentialAction":[{"@type":"SearchAction","target":{"@type":"EntryPoint","urlTemplate":"https:\/\/forkommerce.com\/it\/?s={search_term_string}"},"query-input":{"@type":"PropertyValueSpecification","valueRequired":true,"valueName":"search_term_string"}}],"inLanguage":"fr-FR"},{"@type":"Organization","@id":"https:\/\/forkommerce.com\/it\/#organization","name":"Forkommerce Spare Parts","url":"https:\/\/forkommerce.com\/it\/","logo":{"@type":"ImageObject","inLanguage":"fr-FR","@id":"https:\/\/forkommerce.com\/it\/#\/schema\/logo\/image\/","url":"https:\/\/forkommerce.com\/wp-content\/uploads\/2025\/09\/Logo-Forkommercex2.png","contentUrl":"https:\/\/forkommerce.com\/wp-content\/uploads\/2025\/09\/Logo-Forkommercex2.png","width":470,"height":120,"caption":"Forkommerce Spare Parts"},"image":{"@id":"https:\/\/forkommerce.com\/it\/#\/schema\/logo\/image\/"}}]}},"_links":{"self":[{"href":"https:\/\/forkommerce.com\/fr\/wp-json\/wp\/v2\/product\/2604","targetHints":{"allow":["GET"]}}],"collection":[{"href":"https:\/\/forkommerce.com\/fr\/wp-json\/wp\/v2\/product"}],"about":[{"href":"https:\/\/forkommerce.com\/fr\/wp-json\/wp\/v2\/types\/product"}],"wp:featuredmedia":[{"embeddable":true,"href":"https:\/\/forkommerce.com\/fr\/wp-json\/wp\/v2\/media\/2605"}],"wp:attachment":[{"href":"https:\/\/forkommerce.com\/fr\/wp-json\/wp\/v2\/media?parent=2604"}],"wp:term":[{"taxonomy":"product_brand","embeddable":true,"href":"https:\/\/forkommerce.com\/fr\/wp-json\/wp\/v2\/product_brand?post=2604"},{"taxonomy":"product_cat","embeddable":true,"href":"https:\/\/forkommerce.com\/fr\/wp-json\/wp\/v2\/product_cat?post=2604"},{"taxonomy":"product_tag","embeddable":true,"href":"https:\/\/forkommerce.com\/fr\/wp-json\/wp\/v2\/product_tag?post=2604"}],"curies":[{"name":"wp","href":"https:\/\/api.w.org\/{rel}","templated":true}]}}