{"id":2692,"date":"2026-02-09T12:45:05","date_gmt":"2026-02-09T11:45:05","guid":{"rendered":"https:\/\/forkommerce.com\/prodotto\/roue-motrice-230x90-45-vulkollan-pour-linde-0039933800-compatible\/"},"modified":"2026-04-10T14:08:08","modified_gmt":"2026-04-10T12:08:08","slug":"roue-motrice-230x90-45-vulkollan-pour-linde-0039933800-compatible","status":"publish","type":"product","link":"https:\/\/forkommerce.com\/fr\/produit\/roue-motrice-230x90-45-vulkollan-pour-linde-0039933800-compatible\/","title":{"rendered":"Roue de traction 230\u00d790\/45 Vulkollan pour Linde 0039933800 (Compatible)"},"content":{"rendered":"<p data-start=\"163\" data-end=\"493\">Roue de traction haute performance, 230&#215;90-45 compatible avec les chariots \u00e9l\u00e9vateurs <strong data-start=\"237\" data-end=\"246\">Linde<\/strong> (r\u00e9f\u00e9rence d\u2019origine 0039933800).<\/p>\n<p data-start=\"163\" data-end=\"493\">Fabriqu\u00e9e en Vulkollan, mat\u00e9riau hautement r\u00e9sistant \u00e0 l\u2019usure et \u00e0 l\u2019abrasion, elle garantit un roulement fluide, une dur\u00e9e de vie prolong\u00e9e et une excellente traction, m\u00eame dans les environnements industriels et les entrep\u00f4ts \u00e0 fort trafic.<\/p>\n<h4 data-section-id=\"d437e9\" data-start=\"500\" data-end=\"529\">Caract\u00e9ristiques principales<\/h4>\n<p data-start=\"533\" data-end=\"591\">Compatibilit\u00e9 : Linde \u2013 r\u00e9f. 0039933800 (compatible).<\/p>\n<p data-start=\"656\" data-end=\"701\">Mat\u00e9riau : Vulkollan haute r\u00e9sistance.<\/p>\n<p data-start=\"704\" data-end=\"743\">Type de roue : traction \/ motrice.<\/p>\n<p data-start=\"746\" data-end=\"817\">Utilisation : roue de rechange pour chariots \u00e9l\u00e9vateurs et transpalettes Linde.<\/p>\n<p data-start=\"820\" data-end=\"897\">Caract\u00e9ristiques : haute durabilit\u00e9, r\u00e9sistance \u00e0 l\u2019abrasion, excellente adh\u00e9rence.<\/p>\n<p data-start=\"900\" data-end=\"950\">Application : int\u00e9rieur et surfaces industrielles.<\/p>\n<p>OEM Stellana<\/p>\n<p>372 L14\/16<br \/>\n372 L14\/16\/L14AP\/16AP<br \/>\n1173 L14\/L16<\/p>\n<p>Still 0039933826<\/p>\n<p>EXH 25-30 \/ EXH-SF 20-25 (2360-2363)<\/p>\n","protected":false},"excerpt":{"rendered":"<p>Roue motrice 230\u00d790 45 Vulkollan pour Linde 0039933800 (Compatible)<\/p>\n","protected":false},"featured_media":2693,"template":"","meta":[],"product_brand":[120],"product_cat":[85,77],"product_tag":[],"class_list":{"0":"post-2692","1":"product","2":"type-product","3":"status-publish","4":"has-post-thumbnail","6":"product_brand-linde","7":"product_cat-pieces-compatibles","8":"product_cat-rouleaux-et-roues","10":"first","11":"instock","12":"taxable","13":"shipping-taxable","14":"purchasable","15":"product-type-simple"},"yoast_head":"<!-- This site is optimized with the Yoast SEO plugin v27.3 - https:\/\/yoast.com\/product\/yoast-seo-wordpress\/ -->\n<title>Roue de traction 230\u00d790\/45 Vulkollan pour Linde 0039933800 (Compatible) | Forkommerce Spare Parts<\/title>\n<meta name=\"robots\" content=\"index, follow, max-snippet:-1, max-image-preview:large, max-video-preview:-1\" \/>\n<link rel=\"canonical\" href=\"https:\/\/forkommerce.com\/fr\/produit\/roue-motrice-230x90-45-vulkollan-pour-linde-0039933800-compatible\/\" \/>\n<meta property=\"og:locale\" content=\"fr_FR\" \/>\n<meta property=\"og:type\" content=\"article\" \/>\n<meta property=\"og:title\" content=\"Roue de traction 230\u00d790\/45 Vulkollan pour Linde 0039933800 (Compatible) | Forkommerce Spare Parts\" \/>\n<meta property=\"og:description\" content=\"Roue motrice 230\u00d790 45 Vulkollan pour Linde 0039933800 (Compatible)\" \/>\n<meta property=\"og:url\" content=\"https:\/\/forkommerce.com\/fr\/produit\/roue-motrice-230x90-45-vulkollan-pour-linde-0039933800-compatible\/\" \/>\n<meta property=\"og:site_name\" content=\"Forkommerce Spare Parts\" \/>\n<meta property=\"article:modified_time\" content=\"2026-04-10T12:08:08+00:00\" \/>\n<meta property=\"og:image\" content=\"https:\/\/forkommerce.com\/wp-content\/uploads\/2026\/02\/Ruota-di-trazione-230\u00d790-45-Vulkollan-per-Linde-0039933800-Compatibili.jpeg\" \/>\n\t<meta property=\"og:image:width\" content=\"602\" \/>\n\t<meta property=\"og:image:height\" content=\"583\" \/>\n\t<meta property=\"og:image:type\" content=\"image\/jpeg\" \/>\n<meta name=\"twitter:card\" content=\"summary_large_image\" \/>\n<meta name=\"twitter:label1\" content=\"Dur\u00e9e de lecture estim\u00e9e\" \/>\n\t<meta name=\"twitter:data1\" content=\"1 minute\" \/>\n<script type=\"application\/ld+json\" class=\"yoast-schema-graph\">{\"@context\":\"https:\\\/\\\/schema.org\",\"@graph\":[{\"@type\":\"WebPage\",\"@id\":\"https:\\\/\\\/forkommerce.com\\\/fr\\\/produit\\\/roue-motrice-230x90-45-vulkollan-pour-linde-0039933800-compatible\\\/\",\"url\":\"https:\\\/\\\/forkommerce.com\\\/fr\\\/produit\\\/roue-motrice-230x90-45-vulkollan-pour-linde-0039933800-compatible\\\/\",\"name\":\"Roue de traction 230\u00d790\\\/45 Vulkollan pour Linde 0039933800 (Compatible) | Forkommerce Spare Parts\",\"isPartOf\":{\"@id\":\"https:\\\/\\\/forkommerce.com\\\/it\\\/#website\"},\"primaryImageOfPage\":{\"@id\":\"https:\\\/\\\/forkommerce.com\\\/fr\\\/produit\\\/roue-motrice-230x90-45-vulkollan-pour-linde-0039933800-compatible\\\/#primaryimage\"},\"image\":{\"@id\":\"https:\\\/\\\/forkommerce.com\\\/fr\\\/produit\\\/roue-motrice-230x90-45-vulkollan-pour-linde-0039933800-compatible\\\/#primaryimage\"},\"thumbnailUrl\":\"https:\\\/\\\/forkommerce.com\\\/wp-content\\\/uploads\\\/2026\\\/02\\\/Ruota-di-trazione-230\u00d790-45-Vulkollan-per-Linde-0039933800-Compatibili.jpeg\",\"datePublished\":\"2026-02-09T11:45:05+00:00\",\"dateModified\":\"2026-04-10T12:08:08+00:00\",\"breadcrumb\":{\"@id\":\"https:\\\/\\\/forkommerce.com\\\/fr\\\/produit\\\/roue-motrice-230x90-45-vulkollan-pour-linde-0039933800-compatible\\\/#breadcrumb\"},\"inLanguage\":\"fr-FR\",\"potentialAction\":[{\"@type\":\"ReadAction\",\"target\":[\"https:\\\/\\\/forkommerce.com\\\/fr\\\/produit\\\/roue-motrice-230x90-45-vulkollan-pour-linde-0039933800-compatible\\\/\"]}]},{\"@type\":\"ImageObject\",\"inLanguage\":\"fr-FR\",\"@id\":\"https:\\\/\\\/forkommerce.com\\\/fr\\\/produit\\\/roue-motrice-230x90-45-vulkollan-pour-linde-0039933800-compatible\\\/#primaryimage\",\"url\":\"https:\\\/\\\/forkommerce.com\\\/wp-content\\\/uploads\\\/2026\\\/02\\\/Ruota-di-trazione-230\u00d790-45-Vulkollan-per-Linde-0039933800-Compatibili.jpeg\",\"contentUrl\":\"https:\\\/\\\/forkommerce.com\\\/wp-content\\\/uploads\\\/2026\\\/02\\\/Ruota-di-trazione-230\u00d790-45-Vulkollan-per-Linde-0039933800-Compatibili.jpeg\",\"width\":602,\"height\":583,\"caption\":\"Roue motrice 230\u00d790 45 Vulkollan pour Linde 0039933800 (Compatibles)\"},{\"@type\":\"BreadcrumbList\",\"@id\":\"https:\\\/\\\/forkommerce.com\\\/fr\\\/produit\\\/roue-motrice-230x90-45-vulkollan-pour-linde-0039933800-compatible\\\/#breadcrumb\",\"itemListElement\":[{\"@type\":\"ListItem\",\"position\":1,\"name\":\"Home\",\"item\":\"https:\\\/\\\/forkommerce.com\\\/fr\\\/\"},{\"@type\":\"ListItem\",\"position\":2,\"name\":\"Boutique\",\"item\":\"https:\\\/\\\/forkommerce.com\\\/it\\\/negozio\\\/\"},{\"@type\":\"ListItem\",\"position\":3,\"name\":\"Roue de traction 230\u00d790\\\/45 Vulkollan pour Linde 0039933800 (Compatible)\"}]},{\"@type\":\"WebSite\",\"@id\":\"https:\\\/\\\/forkommerce.com\\\/it\\\/#website\",\"url\":\"https:\\\/\\\/forkommerce.com\\\/it\\\/\",\"name\":\"Forkommerce Spare Parts\",\"description\":\"Ricambi originali e compatibili per carrelli elevatori e transpallet\",\"publisher\":{\"@id\":\"https:\\\/\\\/forkommerce.com\\\/it\\\/#organization\"},\"alternateName\":\"Forkommerce Spare Parts\",\"potentialAction\":[{\"@type\":\"SearchAction\",\"target\":{\"@type\":\"EntryPoint\",\"urlTemplate\":\"https:\\\/\\\/forkommerce.com\\\/it\\\/?s={search_term_string}\"},\"query-input\":{\"@type\":\"PropertyValueSpecification\",\"valueRequired\":true,\"valueName\":\"search_term_string\"}}],\"inLanguage\":\"fr-FR\"},{\"@type\":\"Organization\",\"@id\":\"https:\\\/\\\/forkommerce.com\\\/it\\\/#organization\",\"name\":\"Forkommerce Spare Parts\",\"url\":\"https:\\\/\\\/forkommerce.com\\\/it\\\/\",\"logo\":{\"@type\":\"ImageObject\",\"inLanguage\":\"fr-FR\",\"@id\":\"https:\\\/\\\/forkommerce.com\\\/it\\\/#\\\/schema\\\/logo\\\/image\\\/\",\"url\":\"https:\\\/\\\/forkommerce.com\\\/wp-content\\\/uploads\\\/2025\\\/09\\\/Logo-Forkommercex2.png\",\"contentUrl\":\"https:\\\/\\\/forkommerce.com\\\/wp-content\\\/uploads\\\/2025\\\/09\\\/Logo-Forkommercex2.png\",\"width\":470,\"height\":120,\"caption\":\"Forkommerce Spare Parts\"},\"image\":{\"@id\":\"https:\\\/\\\/forkommerce.com\\\/it\\\/#\\\/schema\\\/logo\\\/image\\\/\"}}]}<\/script>\n<!-- \/ Yoast SEO plugin. -->","yoast_head_json":{"title":"Roue de traction 230\u00d790\/45 Vulkollan pour Linde 0039933800 (Compatible) | Forkommerce Spare Parts","robots":{"index":"index","follow":"follow","max-snippet":"max-snippet:-1","max-image-preview":"max-image-preview:large","max-video-preview":"max-video-preview:-1"},"canonical":"https:\/\/forkommerce.com\/fr\/produit\/roue-motrice-230x90-45-vulkollan-pour-linde-0039933800-compatible\/","og_locale":"fr_FR","og_type":"article","og_title":"Roue de traction 230\u00d790\/45 Vulkollan pour Linde 0039933800 (Compatible) | Forkommerce Spare Parts","og_description":"Roue motrice 230\u00d790 45 Vulkollan pour Linde 0039933800 (Compatible)","og_url":"https:\/\/forkommerce.com\/fr\/produit\/roue-motrice-230x90-45-vulkollan-pour-linde-0039933800-compatible\/","og_site_name":"Forkommerce Spare Parts","article_modified_time":"2026-04-10T12:08:08+00:00","og_image":[{"width":602,"height":583,"url":"https:\/\/forkommerce.com\/wp-content\/uploads\/2026\/02\/Ruota-di-trazione-230\u00d790-45-Vulkollan-per-Linde-0039933800-Compatibili.jpeg","type":"image\/jpeg"}],"twitter_card":"summary_large_image","twitter_misc":{"Dur\u00e9e de lecture estim\u00e9e":"1 minute"},"schema":{"@context":"https:\/\/schema.org","@graph":[{"@type":"WebPage","@id":"https:\/\/forkommerce.com\/fr\/produit\/roue-motrice-230x90-45-vulkollan-pour-linde-0039933800-compatible\/","url":"https:\/\/forkommerce.com\/fr\/produit\/roue-motrice-230x90-45-vulkollan-pour-linde-0039933800-compatible\/","name":"Roue de traction 230\u00d790\/45 Vulkollan pour Linde 0039933800 (Compatible) | Forkommerce Spare Parts","isPartOf":{"@id":"https:\/\/forkommerce.com\/it\/#website"},"primaryImageOfPage":{"@id":"https:\/\/forkommerce.com\/fr\/produit\/roue-motrice-230x90-45-vulkollan-pour-linde-0039933800-compatible\/#primaryimage"},"image":{"@id":"https:\/\/forkommerce.com\/fr\/produit\/roue-motrice-230x90-45-vulkollan-pour-linde-0039933800-compatible\/#primaryimage"},"thumbnailUrl":"https:\/\/forkommerce.com\/wp-content\/uploads\/2026\/02\/Ruota-di-trazione-230\u00d790-45-Vulkollan-per-Linde-0039933800-Compatibili.jpeg","datePublished":"2026-02-09T11:45:05+00:00","dateModified":"2026-04-10T12:08:08+00:00","breadcrumb":{"@id":"https:\/\/forkommerce.com\/fr\/produit\/roue-motrice-230x90-45-vulkollan-pour-linde-0039933800-compatible\/#breadcrumb"},"inLanguage":"fr-FR","potentialAction":[{"@type":"ReadAction","target":["https:\/\/forkommerce.com\/fr\/produit\/roue-motrice-230x90-45-vulkollan-pour-linde-0039933800-compatible\/"]}]},{"@type":"ImageObject","inLanguage":"fr-FR","@id":"https:\/\/forkommerce.com\/fr\/produit\/roue-motrice-230x90-45-vulkollan-pour-linde-0039933800-compatible\/#primaryimage","url":"https:\/\/forkommerce.com\/wp-content\/uploads\/2026\/02\/Ruota-di-trazione-230\u00d790-45-Vulkollan-per-Linde-0039933800-Compatibili.jpeg","contentUrl":"https:\/\/forkommerce.com\/wp-content\/uploads\/2026\/02\/Ruota-di-trazione-230\u00d790-45-Vulkollan-per-Linde-0039933800-Compatibili.jpeg","width":602,"height":583,"caption":"Roue motrice 230\u00d790 45 Vulkollan pour Linde 0039933800 (Compatibles)"},{"@type":"BreadcrumbList","@id":"https:\/\/forkommerce.com\/fr\/produit\/roue-motrice-230x90-45-vulkollan-pour-linde-0039933800-compatible\/#breadcrumb","itemListElement":[{"@type":"ListItem","position":1,"name":"Home","item":"https:\/\/forkommerce.com\/fr\/"},{"@type":"ListItem","position":2,"name":"Boutique","item":"https:\/\/forkommerce.com\/it\/negozio\/"},{"@type":"ListItem","position":3,"name":"Roue de traction 230\u00d790\/45 Vulkollan pour Linde 0039933800 (Compatible)"}]},{"@type":"WebSite","@id":"https:\/\/forkommerce.com\/it\/#website","url":"https:\/\/forkommerce.com\/it\/","name":"Forkommerce Spare Parts","description":"Ricambi originali e compatibili per carrelli elevatori e transpallet","publisher":{"@id":"https:\/\/forkommerce.com\/it\/#organization"},"alternateName":"Forkommerce Spare Parts","potentialAction":[{"@type":"SearchAction","target":{"@type":"EntryPoint","urlTemplate":"https:\/\/forkommerce.com\/it\/?s={search_term_string}"},"query-input":{"@type":"PropertyValueSpecification","valueRequired":true,"valueName":"search_term_string"}}],"inLanguage":"fr-FR"},{"@type":"Organization","@id":"https:\/\/forkommerce.com\/it\/#organization","name":"Forkommerce Spare Parts","url":"https:\/\/forkommerce.com\/it\/","logo":{"@type":"ImageObject","inLanguage":"fr-FR","@id":"https:\/\/forkommerce.com\/it\/#\/schema\/logo\/image\/","url":"https:\/\/forkommerce.com\/wp-content\/uploads\/2025\/09\/Logo-Forkommercex2.png","contentUrl":"https:\/\/forkommerce.com\/wp-content\/uploads\/2025\/09\/Logo-Forkommercex2.png","width":470,"height":120,"caption":"Forkommerce Spare Parts"},"image":{"@id":"https:\/\/forkommerce.com\/it\/#\/schema\/logo\/image\/"}}]}},"_links":{"self":[{"href":"https:\/\/forkommerce.com\/fr\/wp-json\/wp\/v2\/product\/2692","targetHints":{"allow":["GET"]}}],"collection":[{"href":"https:\/\/forkommerce.com\/fr\/wp-json\/wp\/v2\/product"}],"about":[{"href":"https:\/\/forkommerce.com\/fr\/wp-json\/wp\/v2\/types\/product"}],"wp:featuredmedia":[{"embeddable":true,"href":"https:\/\/forkommerce.com\/fr\/wp-json\/wp\/v2\/media\/2693"}],"wp:attachment":[{"href":"https:\/\/forkommerce.com\/fr\/wp-json\/wp\/v2\/media?parent=2692"}],"wp:term":[{"taxonomy":"product_brand","embeddable":true,"href":"https:\/\/forkommerce.com\/fr\/wp-json\/wp\/v2\/product_brand?post=2692"},{"taxonomy":"product_cat","embeddable":true,"href":"https:\/\/forkommerce.com\/fr\/wp-json\/wp\/v2\/product_cat?post=2692"},{"taxonomy":"product_tag","embeddable":true,"href":"https:\/\/forkommerce.com\/fr\/wp-json\/wp\/v2\/product_tag?post=2692"}],"curies":[{"name":"wp","href":"https:\/\/api.w.org\/{rel}","templated":true}]}}