{"id":2745,"date":"2026-02-09T08:42:30","date_gmt":"2026-02-09T07:42:30","guid":{"rendered":"https:\/\/forkommerce.com\/prodotto\/roue-85x100-105-polyurethane-12f-jungheinrich-50410186-compatible\/"},"modified":"2026-04-10T14:40:17","modified_gmt":"2026-04-10T12:40:17","slug":"roue-85x100-105-polyurethane-12f-jungheinrich-50410186-compatible","status":"publish","type":"product","link":"https:\/\/forkommerce.com\/fr\/produit\/roue-85x100-105-polyurethane-12f-jungheinrich-50410186-compatible\/","title":{"rendered":"Roue 85&#215;100\/105 Polyur\u00e9thane 12F Jungheinrich 50410186 (Compatible)"},"content":{"rendered":"<p data-start=\"196\" data-end=\"603\"><strong>Galet porteur Jungheinrich 85\u00d7100-105 \u2013 Polyur\u00e9thane renforc\u00e9 PT-92\u00ae<\/strong><\/p>\n<p data-start=\"196\" data-end=\"603\">Roue de haute qualit\u00e9 con\u00e7ue pour les chariots \u00e9l\u00e9vateurs Jungheinrich.<\/p>\n<p data-start=\"196\" data-end=\"603\">Fabriqu\u00e9e en polyur\u00e9thane renforc\u00e9 \u00e0 haute r\u00e9sistance \u00e0 l\u2019usure, elle assure stabilit\u00e9, roulement fluide et longue dur\u00e9e de vie, m\u00eame dans des environnements industriels intensifs. Id\u00e9ale comme pi\u00e8ce de rechange d\u2019origine ou \u00e9quivalente, elle garantit des performances constantes et une s\u00e9curit\u00e9 optimale lors de la manutention de charges lourdes. <\/p>\n<p data-start=\"605\" data-end=\"866\">Gr\u00e2ce \u00e0 la combinaison de r\u00e9sistance et de flexibilit\u00e9 du polyur\u00e9thane, cette roue r\u00e9duit l\u2019usure des composants et des surfaces de contact, prolongeant ainsi la dur\u00e9e de vie op\u00e9rationnelle du chariot \u00e9l\u00e9vateur.<\/p>\n<p data-start=\"605\" data-end=\"866\">Parfaite pour les entrep\u00f4ts, les centres logistiques et les lignes de production.<\/p>\n<p> Id\u00e9ale pour une utilisation intensive et un travail continu en 3 postes.<\/p>\n<h4 data-section-id=\"d437e9\" data-start=\"873\" data-end=\"902\">Caract\u00e9ristiques principales :<\/h4>\n<p data-start=\"978\" data-end=\"1051\">Mat\u00e9riau : polyur\u00e9thane \u00e0 haute r\u00e9sistance \u00e0 l\u2019usure et \u00e0 l\u2019abrasion.<\/p>\n<p data-start=\"1054\" data-end=\"1101\">Type de roue : porteuse \/ stabilisatrice.<\/p>\n<p data-start=\"1104\" data-end=\"1146\">Garantit une excellente stabilit\u00e9 et durabilit\u00e9.<\/p>\n<p data-start=\"1149\" data-end=\"1213\">Roulement fluide et silencieux, m\u00eame avec des charges lourdes.<\/p>\n<p data-start=\"1216\" data-end=\"1269\">Id\u00e9ale pour le remplacement de la pi\u00e8ce d\u2019origine.<\/p>\n<p data-start=\"1272\" data-end=\"1319\">R\u00e9duit l\u2019usure des composants et du sol.<\/p>\n<p data-start=\"1322\" data-end=\"1388\">Adapt\u00e9e aux environnements industriels et aux entrep\u00f4ts \u00e0 fort trafic.<\/p>\n<p>&nbsp;<\/p>\n<p><strong>Compatibilit\u00e9<\/strong><br \/>\nJungheinrich 85\u00d7100 \/ 85\u00d7105-25<\/p>\n<p><strong>Codes de r\u00e9f\u00e9rence :<\/strong><br \/>\n27631330 \u2013 50410186 \u2013 51064610<\/p>\n<p>Compatible avec de nombreux mod\u00e8les Jungheinrich des s\u00e9ries EJC, EJG, EKC, EKE, ERC.<\/p>\n","protected":false},"excerpt":{"rendered":"<p>Roue 85&#215;100\/105 Polyur\u00e9thane 12F Jungheinrich 50410186 (Compatible)<\/p>\n","protected":false},"featured_media":2749,"template":"","meta":[],"product_brand":[177],"product_cat":[85,77],"product_tag":[],"class_list":{"0":"post-2745","1":"product","2":"type-product","3":"status-publish","4":"has-post-thumbnail","6":"product_brand-jungheinrich","7":"product_cat-pieces-compatibles","8":"product_cat-rouleaux-et-roues","10":"first","11":"instock","12":"taxable","13":"shipping-taxable","14":"purchasable","15":"product-type-simple"},"yoast_head":"<!-- This site is optimized with the Yoast SEO plugin v27.3 - https:\/\/yoast.com\/product\/yoast-seo-wordpress\/ -->\n<title>Roue 85x100\/105 Polyur\u00e9thane 12F Jungheinrich 50410186 (Compatible) | Forkommerce Spare Parts<\/title>\n<meta name=\"robots\" content=\"index, follow, max-snippet:-1, max-image-preview:large, max-video-preview:-1\" \/>\n<link rel=\"canonical\" href=\"https:\/\/forkommerce.com\/fr\/produit\/roue-85x100-105-polyurethane-12f-jungheinrich-50410186-compatible\/\" \/>\n<meta property=\"og:locale\" content=\"fr_FR\" \/>\n<meta property=\"og:type\" content=\"article\" \/>\n<meta property=\"og:title\" content=\"Roue 85x100\/105 Polyur\u00e9thane 12F Jungheinrich 50410186 (Compatible) | Forkommerce Spare Parts\" \/>\n<meta property=\"og:description\" content=\"Roue 85x100\/105 Polyur\u00e9thane 12F Jungheinrich 50410186 (Compatible)\" \/>\n<meta property=\"og:url\" content=\"https:\/\/forkommerce.com\/fr\/produit\/roue-85x100-105-polyurethane-12f-jungheinrich-50410186-compatible\/\" \/>\n<meta property=\"og:site_name\" content=\"Forkommerce Spare Parts\" \/>\n<meta property=\"article:modified_time\" content=\"2026-04-10T12:40:17+00:00\" \/>\n<meta property=\"og:image\" content=\"https:\/\/forkommerce.com\/wp-content\/uploads\/2026\/02\/Ruota-85x100-105-Poliuretano-12F-Jungheinrich-50410186-Compatibile.jpg\" \/>\n\t<meta property=\"og:image:width\" content=\"371\" \/>\n\t<meta property=\"og:image:height\" content=\"346\" \/>\n\t<meta property=\"og:image:type\" content=\"image\/jpeg\" \/>\n<meta name=\"twitter:card\" content=\"summary_large_image\" \/>\n<meta name=\"twitter:label1\" content=\"Dur\u00e9e de lecture estim\u00e9e\" \/>\n\t<meta name=\"twitter:data1\" content=\"1 minute\" \/>\n<script type=\"application\/ld+json\" class=\"yoast-schema-graph\">{\"@context\":\"https:\\\/\\\/schema.org\",\"@graph\":[{\"@type\":\"WebPage\",\"@id\":\"https:\\\/\\\/forkommerce.com\\\/fr\\\/produit\\\/roue-85x100-105-polyurethane-12f-jungheinrich-50410186-compatible\\\/\",\"url\":\"https:\\\/\\\/forkommerce.com\\\/fr\\\/produit\\\/roue-85x100-105-polyurethane-12f-jungheinrich-50410186-compatible\\\/\",\"name\":\"Roue 85x100\\\/105 Polyur\u00e9thane 12F Jungheinrich 50410186 (Compatible) | Forkommerce Spare Parts\",\"isPartOf\":{\"@id\":\"https:\\\/\\\/forkommerce.com\\\/it\\\/#website\"},\"primaryImageOfPage\":{\"@id\":\"https:\\\/\\\/forkommerce.com\\\/fr\\\/produit\\\/roue-85x100-105-polyurethane-12f-jungheinrich-50410186-compatible\\\/#primaryimage\"},\"image\":{\"@id\":\"https:\\\/\\\/forkommerce.com\\\/fr\\\/produit\\\/roue-85x100-105-polyurethane-12f-jungheinrich-50410186-compatible\\\/#primaryimage\"},\"thumbnailUrl\":\"https:\\\/\\\/forkommerce.com\\\/wp-content\\\/uploads\\\/2026\\\/02\\\/Ruota-85x100-105-Poliuretano-12F-Jungheinrich-50410186-Compatibile.jpg\",\"datePublished\":\"2026-02-09T07:42:30+00:00\",\"dateModified\":\"2026-04-10T12:40:17+00:00\",\"breadcrumb\":{\"@id\":\"https:\\\/\\\/forkommerce.com\\\/fr\\\/produit\\\/roue-85x100-105-polyurethane-12f-jungheinrich-50410186-compatible\\\/#breadcrumb\"},\"inLanguage\":\"fr-FR\",\"potentialAction\":[{\"@type\":\"ReadAction\",\"target\":[\"https:\\\/\\\/forkommerce.com\\\/fr\\\/produit\\\/roue-85x100-105-polyurethane-12f-jungheinrich-50410186-compatible\\\/\"]}]},{\"@type\":\"ImageObject\",\"inLanguage\":\"fr-FR\",\"@id\":\"https:\\\/\\\/forkommerce.com\\\/fr\\\/produit\\\/roue-85x100-105-polyurethane-12f-jungheinrich-50410186-compatible\\\/#primaryimage\",\"url\":\"https:\\\/\\\/forkommerce.com\\\/wp-content\\\/uploads\\\/2026\\\/02\\\/Ruota-85x100-105-Poliuretano-12F-Jungheinrich-50410186-Compatibile.jpg\",\"contentUrl\":\"https:\\\/\\\/forkommerce.com\\\/wp-content\\\/uploads\\\/2026\\\/02\\\/Ruota-85x100-105-Poliuretano-12F-Jungheinrich-50410186-Compatibile.jpg\",\"width\":371,\"height\":346,\"caption\":\"Roue 85x100 105 Polyur\u00e9thane 12F Jungheinrich 50410186 (Compatible)\"},{\"@type\":\"BreadcrumbList\",\"@id\":\"https:\\\/\\\/forkommerce.com\\\/fr\\\/produit\\\/roue-85x100-105-polyurethane-12f-jungheinrich-50410186-compatible\\\/#breadcrumb\",\"itemListElement\":[{\"@type\":\"ListItem\",\"position\":1,\"name\":\"Home\",\"item\":\"https:\\\/\\\/forkommerce.com\\\/fr\\\/\"},{\"@type\":\"ListItem\",\"position\":2,\"name\":\"Boutique\",\"item\":\"https:\\\/\\\/forkommerce.com\\\/it\\\/negozio\\\/\"},{\"@type\":\"ListItem\",\"position\":3,\"name\":\"Roue 85&#215;100\\\/105 Polyur\u00e9thane 12F Jungheinrich 50410186 (Compatible)\"}]},{\"@type\":\"WebSite\",\"@id\":\"https:\\\/\\\/forkommerce.com\\\/it\\\/#website\",\"url\":\"https:\\\/\\\/forkommerce.com\\\/it\\\/\",\"name\":\"Forkommerce Spare Parts\",\"description\":\"Ricambi originali e compatibili per carrelli elevatori e transpallet\",\"publisher\":{\"@id\":\"https:\\\/\\\/forkommerce.com\\\/it\\\/#organization\"},\"alternateName\":\"Forkommerce Spare Parts\",\"potentialAction\":[{\"@type\":\"SearchAction\",\"target\":{\"@type\":\"EntryPoint\",\"urlTemplate\":\"https:\\\/\\\/forkommerce.com\\\/it\\\/?s={search_term_string}\"},\"query-input\":{\"@type\":\"PropertyValueSpecification\",\"valueRequired\":true,\"valueName\":\"search_term_string\"}}],\"inLanguage\":\"fr-FR\"},{\"@type\":\"Organization\",\"@id\":\"https:\\\/\\\/forkommerce.com\\\/it\\\/#organization\",\"name\":\"Forkommerce Spare Parts\",\"url\":\"https:\\\/\\\/forkommerce.com\\\/it\\\/\",\"logo\":{\"@type\":\"ImageObject\",\"inLanguage\":\"fr-FR\",\"@id\":\"https:\\\/\\\/forkommerce.com\\\/it\\\/#\\\/schema\\\/logo\\\/image\\\/\",\"url\":\"https:\\\/\\\/forkommerce.com\\\/wp-content\\\/uploads\\\/2025\\\/09\\\/Logo-Forkommercex2.png\",\"contentUrl\":\"https:\\\/\\\/forkommerce.com\\\/wp-content\\\/uploads\\\/2025\\\/09\\\/Logo-Forkommercex2.png\",\"width\":470,\"height\":120,\"caption\":\"Forkommerce Spare Parts\"},\"image\":{\"@id\":\"https:\\\/\\\/forkommerce.com\\\/it\\\/#\\\/schema\\\/logo\\\/image\\\/\"}}]}<\/script>\n<!-- \/ Yoast SEO plugin. -->","yoast_head_json":{"title":"Roue 85x100\/105 Polyur\u00e9thane 12F Jungheinrich 50410186 (Compatible) | Forkommerce Spare Parts","robots":{"index":"index","follow":"follow","max-snippet":"max-snippet:-1","max-image-preview":"max-image-preview:large","max-video-preview":"max-video-preview:-1"},"canonical":"https:\/\/forkommerce.com\/fr\/produit\/roue-85x100-105-polyurethane-12f-jungheinrich-50410186-compatible\/","og_locale":"fr_FR","og_type":"article","og_title":"Roue 85x100\/105 Polyur\u00e9thane 12F Jungheinrich 50410186 (Compatible) | Forkommerce Spare Parts","og_description":"Roue 85x100\/105 Polyur\u00e9thane 12F Jungheinrich 50410186 (Compatible)","og_url":"https:\/\/forkommerce.com\/fr\/produit\/roue-85x100-105-polyurethane-12f-jungheinrich-50410186-compatible\/","og_site_name":"Forkommerce Spare Parts","article_modified_time":"2026-04-10T12:40:17+00:00","og_image":[{"width":371,"height":346,"url":"https:\/\/forkommerce.com\/wp-content\/uploads\/2026\/02\/Ruota-85x100-105-Poliuretano-12F-Jungheinrich-50410186-Compatibile.jpg","type":"image\/jpeg"}],"twitter_card":"summary_large_image","twitter_misc":{"Dur\u00e9e de lecture estim\u00e9e":"1 minute"},"schema":{"@context":"https:\/\/schema.org","@graph":[{"@type":"WebPage","@id":"https:\/\/forkommerce.com\/fr\/produit\/roue-85x100-105-polyurethane-12f-jungheinrich-50410186-compatible\/","url":"https:\/\/forkommerce.com\/fr\/produit\/roue-85x100-105-polyurethane-12f-jungheinrich-50410186-compatible\/","name":"Roue 85x100\/105 Polyur\u00e9thane 12F Jungheinrich 50410186 (Compatible) | Forkommerce Spare Parts","isPartOf":{"@id":"https:\/\/forkommerce.com\/it\/#website"},"primaryImageOfPage":{"@id":"https:\/\/forkommerce.com\/fr\/produit\/roue-85x100-105-polyurethane-12f-jungheinrich-50410186-compatible\/#primaryimage"},"image":{"@id":"https:\/\/forkommerce.com\/fr\/produit\/roue-85x100-105-polyurethane-12f-jungheinrich-50410186-compatible\/#primaryimage"},"thumbnailUrl":"https:\/\/forkommerce.com\/wp-content\/uploads\/2026\/02\/Ruota-85x100-105-Poliuretano-12F-Jungheinrich-50410186-Compatibile.jpg","datePublished":"2026-02-09T07:42:30+00:00","dateModified":"2026-04-10T12:40:17+00:00","breadcrumb":{"@id":"https:\/\/forkommerce.com\/fr\/produit\/roue-85x100-105-polyurethane-12f-jungheinrich-50410186-compatible\/#breadcrumb"},"inLanguage":"fr-FR","potentialAction":[{"@type":"ReadAction","target":["https:\/\/forkommerce.com\/fr\/produit\/roue-85x100-105-polyurethane-12f-jungheinrich-50410186-compatible\/"]}]},{"@type":"ImageObject","inLanguage":"fr-FR","@id":"https:\/\/forkommerce.com\/fr\/produit\/roue-85x100-105-polyurethane-12f-jungheinrich-50410186-compatible\/#primaryimage","url":"https:\/\/forkommerce.com\/wp-content\/uploads\/2026\/02\/Ruota-85x100-105-Poliuretano-12F-Jungheinrich-50410186-Compatibile.jpg","contentUrl":"https:\/\/forkommerce.com\/wp-content\/uploads\/2026\/02\/Ruota-85x100-105-Poliuretano-12F-Jungheinrich-50410186-Compatibile.jpg","width":371,"height":346,"caption":"Roue 85x100 105 Polyur\u00e9thane 12F Jungheinrich 50410186 (Compatible)"},{"@type":"BreadcrumbList","@id":"https:\/\/forkommerce.com\/fr\/produit\/roue-85x100-105-polyurethane-12f-jungheinrich-50410186-compatible\/#breadcrumb","itemListElement":[{"@type":"ListItem","position":1,"name":"Home","item":"https:\/\/forkommerce.com\/fr\/"},{"@type":"ListItem","position":2,"name":"Boutique","item":"https:\/\/forkommerce.com\/it\/negozio\/"},{"@type":"ListItem","position":3,"name":"Roue 85&#215;100\/105 Polyur\u00e9thane 12F Jungheinrich 50410186 (Compatible)"}]},{"@type":"WebSite","@id":"https:\/\/forkommerce.com\/it\/#website","url":"https:\/\/forkommerce.com\/it\/","name":"Forkommerce Spare Parts","description":"Ricambi originali e compatibili per carrelli elevatori e transpallet","publisher":{"@id":"https:\/\/forkommerce.com\/it\/#organization"},"alternateName":"Forkommerce Spare Parts","potentialAction":[{"@type":"SearchAction","target":{"@type":"EntryPoint","urlTemplate":"https:\/\/forkommerce.com\/it\/?s={search_term_string}"},"query-input":{"@type":"PropertyValueSpecification","valueRequired":true,"valueName":"search_term_string"}}],"inLanguage":"fr-FR"},{"@type":"Organization","@id":"https:\/\/forkommerce.com\/it\/#organization","name":"Forkommerce Spare Parts","url":"https:\/\/forkommerce.com\/it\/","logo":{"@type":"ImageObject","inLanguage":"fr-FR","@id":"https:\/\/forkommerce.com\/it\/#\/schema\/logo\/image\/","url":"https:\/\/forkommerce.com\/wp-content\/uploads\/2025\/09\/Logo-Forkommercex2.png","contentUrl":"https:\/\/forkommerce.com\/wp-content\/uploads\/2025\/09\/Logo-Forkommercex2.png","width":470,"height":120,"caption":"Forkommerce Spare Parts"},"image":{"@id":"https:\/\/forkommerce.com\/it\/#\/schema\/logo\/image\/"}}]}},"_links":{"self":[{"href":"https:\/\/forkommerce.com\/fr\/wp-json\/wp\/v2\/product\/2745","targetHints":{"allow":["GET"]}}],"collection":[{"href":"https:\/\/forkommerce.com\/fr\/wp-json\/wp\/v2\/product"}],"about":[{"href":"https:\/\/forkommerce.com\/fr\/wp-json\/wp\/v2\/types\/product"}],"wp:featuredmedia":[{"embeddable":true,"href":"https:\/\/forkommerce.com\/fr\/wp-json\/wp\/v2\/media\/2749"}],"wp:attachment":[{"href":"https:\/\/forkommerce.com\/fr\/wp-json\/wp\/v2\/media?parent=2745"}],"wp:term":[{"taxonomy":"product_brand","embeddable":true,"href":"https:\/\/forkommerce.com\/fr\/wp-json\/wp\/v2\/product_brand?post=2745"},{"taxonomy":"product_cat","embeddable":true,"href":"https:\/\/forkommerce.com\/fr\/wp-json\/wp\/v2\/product_cat?post=2745"},{"taxonomy":"product_tag","embeddable":true,"href":"https:\/\/forkommerce.com\/fr\/wp-json\/wp\/v2\/product_tag?post=2745"}],"curies":[{"name":"wp","href":"https:\/\/api.w.org\/{rel}","templated":true}]}}