{"id":2837,"date":"2026-02-06T12:03:19","date_gmt":"2026-02-06T11:03:19","guid":{"rendered":"https:\/\/forkommerce.com\/prodotto\/galet-85x80-85-polyurethane-20f-linde-0009903524-compatible\/"},"modified":"2026-04-10T14:33:49","modified_gmt":"2026-04-10T12:33:49","slug":"galet-85x80-85-polyurethane-20f-linde-0009903524-compatible","status":"publish","type":"product","link":"https:\/\/forkommerce.com\/fr\/produit\/galet-85x80-85-polyurethane-20f-linde-0009903524-compatible\/","title":{"rendered":"Galet 85&#215;80\/85 Polyur\u00e9thane 20F Linde 0009903524 (Compatible)"},"content":{"rendered":"<h4 data-section-id=\"3q99xj\" data-start=\"124\" data-end=\"180\">Galet 85&#215;80\/85 en polyur\u00e9thane 20F \u2013 Linde 0009903524<\/h4>\n<p data-start=\"182\" data-end=\"613\">Galet de haute qualit\u00e9 con\u00e7u pour chariots \u00e9l\u00e9vateurs Linde.<\/p>\n<p data-start=\"182\" data-end=\"613\">Fabriqu\u00e9 en polyur\u00e9thane renforc\u00e9 \u00e0 haute r\u00e9sistance \u00e0 l&rsquo;usure, il garantit un roulement fluide, une stabilit\u00e9 et une longue dur\u00e9e de vie m\u00eame dans les environnements industriels intensifs. Id\u00e9al comme pi\u00e8ce de rechange d&rsquo;origine ou remplacement \u00e9quivalent, il contribue \u00e0 am\u00e9liorer l&rsquo;efficacit\u00e9 op\u00e9rationnelle et la s\u00e9curit\u00e9 lors de la manutention de palettes et de marchandises lourdes. <\/p>\n<p data-start=\"615\" data-end=\"847\">Gr\u00e2ce au mat\u00e9riau r\u00e9sistant et durable, le galet r\u00e9duit l&rsquo;usure des composants et des surfaces de contact, assurant des performances constantes et un entretien r\u00e9duit.<\/p>\n<p data-start=\"615\" data-end=\"847\">Galet porteur en polyur\u00e9thane haute performance, adapt\u00e9 aux transpalettes \u00e9lectriques et chariots de magasin.<\/p>\n<p data-start=\"615\" data-end=\"847\">Con\u00e7u pour un usage professionnel et des charges \u00e9lev\u00e9es.<\/p>\n<h4 data-section-id=\"d437e9\" data-start=\"854\" data-end=\"883\">Caract\u00e9ristiques principales<\/h4>\n<p data-start=\"954\" data-end=\"1027\">Mat\u00e9riau : polyur\u00e9thane \u00e0 haute r\u00e9sistance \u00e0 l&rsquo;usure et \u00e0 l&rsquo;abrasion.<\/p>\n<p data-start=\"1030\" data-end=\"1076\">Type de galet : stabilisateur \/ support.<\/p>\n<p data-start=\"1079\" data-end=\"1121\">Garantit une excellente stabilit\u00e9 et durabilit\u00e9.<\/p>\n<p data-start=\"1124\" data-end=\"1188\">Roulement fluide et silencieux, m\u00eame avec des charges lourdes.<\/p>\n<p data-start=\"1191\" data-end=\"1244\">Id\u00e9ale pour le remplacement de la pi\u00e8ce d\u2019origine.<\/p>\n<p data-start=\"1247\" data-end=\"1294\">R\u00e9duit l&rsquo;usure des composants et du sol.<\/p>\n<p data-start=\"1297\" data-end=\"1363\">Adapt\u00e9 aux environnements industriels et entrep\u00f4ts \u00e0 fort trafic.<\/p>\n<h5><strong>Compatibilit\u00e9 :<\/strong><\/h5>\n<h5><strong>Linde<\/strong><br \/>\n<strong>Mod\u00e8les des s\u00e9ries L, N et T (dont L20, N20, T16, T18, T20, T30)<\/strong><\/h5>\n<h5>Crown<br \/>\nCR 808984-001 \/ 808984001<br \/>\nWP2300S, WP2300, WP2000S, WP2000<\/h5>\n<h5><strong>Heli<\/strong><br \/>\n1000332004<\/h5>\n","protected":false},"excerpt":{"rendered":"<p>Galet 85&#215;80\/85 Polyur\u00e9thane 20F Linde 0009903524 (Compatible)<\/p>\n","protected":false},"featured_media":2838,"template":"","meta":[],"product_brand":[167,120],"product_cat":[85,77],"product_tag":[],"class_list":{"0":"post-2837","1":"product","2":"type-product","3":"status-publish","4":"has-post-thumbnail","6":"product_brand-crown","7":"product_brand-linde","8":"product_cat-pieces-compatibles","9":"product_cat-rouleaux-et-roues","11":"first","12":"instock","13":"taxable","14":"shipping-taxable","15":"purchasable","16":"product-type-simple"},"yoast_head":"<!-- This site is optimized with the Yoast SEO plugin v27.3 - https:\/\/yoast.com\/product\/yoast-seo-wordpress\/ -->\n<title>Galet 85x80\/85 Polyur\u00e9thane 20F Linde 0009903524 (Compatible) | Forkommerce Spare Parts<\/title>\n<meta name=\"robots\" content=\"index, follow, max-snippet:-1, max-image-preview:large, max-video-preview:-1\" \/>\n<link rel=\"canonical\" href=\"https:\/\/forkommerce.com\/fr\/produit\/galet-85x80-85-polyurethane-20f-linde-0009903524-compatible\/\" \/>\n<meta property=\"og:locale\" content=\"fr_FR\" \/>\n<meta property=\"og:type\" content=\"article\" \/>\n<meta property=\"og:title\" content=\"Galet 85x80\/85 Polyur\u00e9thane 20F Linde 0009903524 (Compatible) | Forkommerce Spare Parts\" \/>\n<meta property=\"og:description\" content=\"Galet 85x80\/85 Polyur\u00e9thane 20F Linde 0009903524 (Compatible)\" \/>\n<meta property=\"og:url\" content=\"https:\/\/forkommerce.com\/fr\/produit\/galet-85x80-85-polyurethane-20f-linde-0009903524-compatible\/\" \/>\n<meta property=\"og:site_name\" content=\"Forkommerce Spare Parts\" \/>\n<meta property=\"article:modified_time\" content=\"2026-04-10T12:33:49+00:00\" \/>\n<meta property=\"og:image\" content=\"https:\/\/forkommerce.com\/wp-content\/uploads\/2026\/02\/Rullo-85x80-85-Poliuretano-20F-Linde-0009903524-Compatibile.jpg\" \/>\n\t<meta property=\"og:image:width\" content=\"333\" \/>\n\t<meta property=\"og:image:height\" content=\"358\" \/>\n\t<meta property=\"og:image:type\" content=\"image\/jpeg\" \/>\n<meta name=\"twitter:card\" content=\"summary_large_image\" \/>\n<meta name=\"twitter:label1\" content=\"Dur\u00e9e de lecture estim\u00e9e\" \/>\n\t<meta name=\"twitter:data1\" content=\"1 minute\" \/>\n<script type=\"application\/ld+json\" class=\"yoast-schema-graph\">{\"@context\":\"https:\\\/\\\/schema.org\",\"@graph\":[{\"@type\":\"WebPage\",\"@id\":\"https:\\\/\\\/forkommerce.com\\\/fr\\\/produit\\\/galet-85x80-85-polyurethane-20f-linde-0009903524-compatible\\\/\",\"url\":\"https:\\\/\\\/forkommerce.com\\\/fr\\\/produit\\\/galet-85x80-85-polyurethane-20f-linde-0009903524-compatible\\\/\",\"name\":\"Galet 85x80\\\/85 Polyur\u00e9thane 20F Linde 0009903524 (Compatible) | Forkommerce Spare Parts\",\"isPartOf\":{\"@id\":\"https:\\\/\\\/forkommerce.com\\\/it\\\/#website\"},\"primaryImageOfPage\":{\"@id\":\"https:\\\/\\\/forkommerce.com\\\/fr\\\/produit\\\/galet-85x80-85-polyurethane-20f-linde-0009903524-compatible\\\/#primaryimage\"},\"image\":{\"@id\":\"https:\\\/\\\/forkommerce.com\\\/fr\\\/produit\\\/galet-85x80-85-polyurethane-20f-linde-0009903524-compatible\\\/#primaryimage\"},\"thumbnailUrl\":\"https:\\\/\\\/forkommerce.com\\\/wp-content\\\/uploads\\\/2026\\\/02\\\/Rullo-85x80-85-Poliuretano-20F-Linde-0009903524-Compatibile.jpg\",\"datePublished\":\"2026-02-06T11:03:19+00:00\",\"dateModified\":\"2026-04-10T12:33:49+00:00\",\"breadcrumb\":{\"@id\":\"https:\\\/\\\/forkommerce.com\\\/fr\\\/produit\\\/galet-85x80-85-polyurethane-20f-linde-0009903524-compatible\\\/#breadcrumb\"},\"inLanguage\":\"fr-FR\",\"potentialAction\":[{\"@type\":\"ReadAction\",\"target\":[\"https:\\\/\\\/forkommerce.com\\\/fr\\\/produit\\\/galet-85x80-85-polyurethane-20f-linde-0009903524-compatible\\\/\"]}]},{\"@type\":\"ImageObject\",\"inLanguage\":\"fr-FR\",\"@id\":\"https:\\\/\\\/forkommerce.com\\\/fr\\\/produit\\\/galet-85x80-85-polyurethane-20f-linde-0009903524-compatible\\\/#primaryimage\",\"url\":\"https:\\\/\\\/forkommerce.com\\\/wp-content\\\/uploads\\\/2026\\\/02\\\/Rullo-85x80-85-Poliuretano-20F-Linde-0009903524-Compatibile.jpg\",\"contentUrl\":\"https:\\\/\\\/forkommerce.com\\\/wp-content\\\/uploads\\\/2026\\\/02\\\/Rullo-85x80-85-Poliuretano-20F-Linde-0009903524-Compatibile.jpg\",\"width\":333,\"height\":358,\"caption\":\"Galet 85x80 85 Polyur\u00e9thane 20F Linde 0009903524 (Compatible)\"},{\"@type\":\"BreadcrumbList\",\"@id\":\"https:\\\/\\\/forkommerce.com\\\/fr\\\/produit\\\/galet-85x80-85-polyurethane-20f-linde-0009903524-compatible\\\/#breadcrumb\",\"itemListElement\":[{\"@type\":\"ListItem\",\"position\":1,\"name\":\"Home\",\"item\":\"https:\\\/\\\/forkommerce.com\\\/fr\\\/\"},{\"@type\":\"ListItem\",\"position\":2,\"name\":\"Boutique\",\"item\":\"https:\\\/\\\/forkommerce.com\\\/it\\\/negozio\\\/\"},{\"@type\":\"ListItem\",\"position\":3,\"name\":\"Galet 85&#215;80\\\/85 Polyur\u00e9thane 20F Linde 0009903524 (Compatible)\"}]},{\"@type\":\"WebSite\",\"@id\":\"https:\\\/\\\/forkommerce.com\\\/it\\\/#website\",\"url\":\"https:\\\/\\\/forkommerce.com\\\/it\\\/\",\"name\":\"Forkommerce Spare Parts\",\"description\":\"Ricambi originali e compatibili per carrelli elevatori e transpallet\",\"publisher\":{\"@id\":\"https:\\\/\\\/forkommerce.com\\\/it\\\/#organization\"},\"alternateName\":\"Forkommerce Spare Parts\",\"potentialAction\":[{\"@type\":\"SearchAction\",\"target\":{\"@type\":\"EntryPoint\",\"urlTemplate\":\"https:\\\/\\\/forkommerce.com\\\/it\\\/?s={search_term_string}\"},\"query-input\":{\"@type\":\"PropertyValueSpecification\",\"valueRequired\":true,\"valueName\":\"search_term_string\"}}],\"inLanguage\":\"fr-FR\"},{\"@type\":\"Organization\",\"@id\":\"https:\\\/\\\/forkommerce.com\\\/it\\\/#organization\",\"name\":\"Forkommerce Spare Parts\",\"url\":\"https:\\\/\\\/forkommerce.com\\\/it\\\/\",\"logo\":{\"@type\":\"ImageObject\",\"inLanguage\":\"fr-FR\",\"@id\":\"https:\\\/\\\/forkommerce.com\\\/it\\\/#\\\/schema\\\/logo\\\/image\\\/\",\"url\":\"https:\\\/\\\/forkommerce.com\\\/wp-content\\\/uploads\\\/2025\\\/09\\\/Logo-Forkommercex2.png\",\"contentUrl\":\"https:\\\/\\\/forkommerce.com\\\/wp-content\\\/uploads\\\/2025\\\/09\\\/Logo-Forkommercex2.png\",\"width\":470,\"height\":120,\"caption\":\"Forkommerce Spare Parts\"},\"image\":{\"@id\":\"https:\\\/\\\/forkommerce.com\\\/it\\\/#\\\/schema\\\/logo\\\/image\\\/\"}}]}<\/script>\n<!-- \/ Yoast SEO plugin. -->","yoast_head_json":{"title":"Galet 85x80\/85 Polyur\u00e9thane 20F Linde 0009903524 (Compatible) | Forkommerce Spare Parts","robots":{"index":"index","follow":"follow","max-snippet":"max-snippet:-1","max-image-preview":"max-image-preview:large","max-video-preview":"max-video-preview:-1"},"canonical":"https:\/\/forkommerce.com\/fr\/produit\/galet-85x80-85-polyurethane-20f-linde-0009903524-compatible\/","og_locale":"fr_FR","og_type":"article","og_title":"Galet 85x80\/85 Polyur\u00e9thane 20F Linde 0009903524 (Compatible) | Forkommerce Spare Parts","og_description":"Galet 85x80\/85 Polyur\u00e9thane 20F Linde 0009903524 (Compatible)","og_url":"https:\/\/forkommerce.com\/fr\/produit\/galet-85x80-85-polyurethane-20f-linde-0009903524-compatible\/","og_site_name":"Forkommerce Spare Parts","article_modified_time":"2026-04-10T12:33:49+00:00","og_image":[{"width":333,"height":358,"url":"https:\/\/forkommerce.com\/wp-content\/uploads\/2026\/02\/Rullo-85x80-85-Poliuretano-20F-Linde-0009903524-Compatibile.jpg","type":"image\/jpeg"}],"twitter_card":"summary_large_image","twitter_misc":{"Dur\u00e9e de lecture estim\u00e9e":"1 minute"},"schema":{"@context":"https:\/\/schema.org","@graph":[{"@type":"WebPage","@id":"https:\/\/forkommerce.com\/fr\/produit\/galet-85x80-85-polyurethane-20f-linde-0009903524-compatible\/","url":"https:\/\/forkommerce.com\/fr\/produit\/galet-85x80-85-polyurethane-20f-linde-0009903524-compatible\/","name":"Galet 85x80\/85 Polyur\u00e9thane 20F Linde 0009903524 (Compatible) | Forkommerce Spare Parts","isPartOf":{"@id":"https:\/\/forkommerce.com\/it\/#website"},"primaryImageOfPage":{"@id":"https:\/\/forkommerce.com\/fr\/produit\/galet-85x80-85-polyurethane-20f-linde-0009903524-compatible\/#primaryimage"},"image":{"@id":"https:\/\/forkommerce.com\/fr\/produit\/galet-85x80-85-polyurethane-20f-linde-0009903524-compatible\/#primaryimage"},"thumbnailUrl":"https:\/\/forkommerce.com\/wp-content\/uploads\/2026\/02\/Rullo-85x80-85-Poliuretano-20F-Linde-0009903524-Compatibile.jpg","datePublished":"2026-02-06T11:03:19+00:00","dateModified":"2026-04-10T12:33:49+00:00","breadcrumb":{"@id":"https:\/\/forkommerce.com\/fr\/produit\/galet-85x80-85-polyurethane-20f-linde-0009903524-compatible\/#breadcrumb"},"inLanguage":"fr-FR","potentialAction":[{"@type":"ReadAction","target":["https:\/\/forkommerce.com\/fr\/produit\/galet-85x80-85-polyurethane-20f-linde-0009903524-compatible\/"]}]},{"@type":"ImageObject","inLanguage":"fr-FR","@id":"https:\/\/forkommerce.com\/fr\/produit\/galet-85x80-85-polyurethane-20f-linde-0009903524-compatible\/#primaryimage","url":"https:\/\/forkommerce.com\/wp-content\/uploads\/2026\/02\/Rullo-85x80-85-Poliuretano-20F-Linde-0009903524-Compatibile.jpg","contentUrl":"https:\/\/forkommerce.com\/wp-content\/uploads\/2026\/02\/Rullo-85x80-85-Poliuretano-20F-Linde-0009903524-Compatibile.jpg","width":333,"height":358,"caption":"Galet 85x80 85 Polyur\u00e9thane 20F Linde 0009903524 (Compatible)"},{"@type":"BreadcrumbList","@id":"https:\/\/forkommerce.com\/fr\/produit\/galet-85x80-85-polyurethane-20f-linde-0009903524-compatible\/#breadcrumb","itemListElement":[{"@type":"ListItem","position":1,"name":"Home","item":"https:\/\/forkommerce.com\/fr\/"},{"@type":"ListItem","position":2,"name":"Boutique","item":"https:\/\/forkommerce.com\/it\/negozio\/"},{"@type":"ListItem","position":3,"name":"Galet 85&#215;80\/85 Polyur\u00e9thane 20F Linde 0009903524 (Compatible)"}]},{"@type":"WebSite","@id":"https:\/\/forkommerce.com\/it\/#website","url":"https:\/\/forkommerce.com\/it\/","name":"Forkommerce Spare Parts","description":"Ricambi originali e compatibili per carrelli elevatori e transpallet","publisher":{"@id":"https:\/\/forkommerce.com\/it\/#organization"},"alternateName":"Forkommerce Spare Parts","potentialAction":[{"@type":"SearchAction","target":{"@type":"EntryPoint","urlTemplate":"https:\/\/forkommerce.com\/it\/?s={search_term_string}"},"query-input":{"@type":"PropertyValueSpecification","valueRequired":true,"valueName":"search_term_string"}}],"inLanguage":"fr-FR"},{"@type":"Organization","@id":"https:\/\/forkommerce.com\/it\/#organization","name":"Forkommerce Spare Parts","url":"https:\/\/forkommerce.com\/it\/","logo":{"@type":"ImageObject","inLanguage":"fr-FR","@id":"https:\/\/forkommerce.com\/it\/#\/schema\/logo\/image\/","url":"https:\/\/forkommerce.com\/wp-content\/uploads\/2025\/09\/Logo-Forkommercex2.png","contentUrl":"https:\/\/forkommerce.com\/wp-content\/uploads\/2025\/09\/Logo-Forkommercex2.png","width":470,"height":120,"caption":"Forkommerce Spare Parts"},"image":{"@id":"https:\/\/forkommerce.com\/it\/#\/schema\/logo\/image\/"}}]}},"_links":{"self":[{"href":"https:\/\/forkommerce.com\/fr\/wp-json\/wp\/v2\/product\/2837","targetHints":{"allow":["GET"]}}],"collection":[{"href":"https:\/\/forkommerce.com\/fr\/wp-json\/wp\/v2\/product"}],"about":[{"href":"https:\/\/forkommerce.com\/fr\/wp-json\/wp\/v2\/types\/product"}],"wp:featuredmedia":[{"embeddable":true,"href":"https:\/\/forkommerce.com\/fr\/wp-json\/wp\/v2\/media\/2838"}],"wp:attachment":[{"href":"https:\/\/forkommerce.com\/fr\/wp-json\/wp\/v2\/media?parent=2837"}],"wp:term":[{"taxonomy":"product_brand","embeddable":true,"href":"https:\/\/forkommerce.com\/fr\/wp-json\/wp\/v2\/product_brand?post=2837"},{"taxonomy":"product_cat","embeddable":true,"href":"https:\/\/forkommerce.com\/fr\/wp-json\/wp\/v2\/product_cat?post=2837"},{"taxonomy":"product_tag","embeddable":true,"href":"https:\/\/forkommerce.com\/fr\/wp-json\/wp\/v2\/product_tag?post=2837"}],"curies":[{"name":"wp","href":"https:\/\/api.w.org\/{rel}","templated":true}]}}