{"id":2859,"date":"2026-02-04T09:05:05","date_gmt":"2026-02-04T08:05:05","guid":{"rendered":"https:\/\/forkommerce.com\/prodotto\/axe-avec-goupilles-ll1666\/"},"modified":"2026-04-11T10:39:13","modified_gmt":"2026-04-11T08:39:13","slug":"axe-avec-goupilles-ll1666","status":"publish","type":"product","link":"https:\/\/forkommerce.com\/fr\/produit\/axe-avec-goupilles-ll1666\/","title":{"rendered":"Axe avec goupilles LL1666"},"content":{"rendered":"<p data-start=\"184\" data-end=\"583\"><strong>Raccordement <em>clevis<\/em> avec axe et goupille de s\u00e9curit\u00e9 pour cha\u00eenes \u00e0 maillons S\u00e9rie LL1666 (ISO 4347, pas de 1\u2033, 6\u00d76).<\/strong><\/p>\n<p data-start=\"184\" data-end=\"583\">L&rsquo;<strong data-start=\"187\" data-end=\"217\">axe avec goupilles LL1666<\/strong> est un \u00e9l\u00e9ment de fixation utilis\u00e9 principalement dans les syst\u00e8mes de cha\u00eenes industrielles type Fleyer s\u00e9rie LL, employ\u00e9es dans les applications de levage, manutention et transmission m\u00e9canique.<\/p>\n<p data-start=\"184\" data-end=\"583\">Con\u00e7u pour garantir des connexions s\u00fbres et fiables, cet axe permet le blocage par goupille pour emp\u00eacher le d\u00e9sengagement pendant le fonctionnement.<\/p>\n<p data-start=\"585\" data-end=\"864\">Fabriqu\u00e9 en acier haute r\u00e9sistance, il assure une durabilit\u00e9 \u00e9lev\u00e9e dans le temps m\u00eame dans des conditions de travail difficiles et des cycles d&rsquo;utilisation intensifs.<\/p>\n<p data-start=\"585\" data-end=\"864\">Le trou terminal permet l&rsquo;insertion de la goupille de s\u00e9curit\u00e9, garantissant une fixation stable et facilement inspectable.<\/p>\n<p data-start=\"866\" data-end=\"1083\">Il est particuli\u00e8rement adapt\u00e9 aux cha\u00eenes industrielles s\u00e9rie LL1666, couramment utilis\u00e9es dans les chariots \u00e9l\u00e9vateurs, m\u00e2ts de levage et syst\u00e8mes de manutention industrielle.<\/p>\n<p data-start=\"1085\" data-end=\"1289\">Gr\u00e2ce \u00e0 sa pr\u00e9cision dimensionnelle et \u00e0 sa compatibilit\u00e9 avec les cha\u00eenes standard ISO de la s\u00e9rie LL, l&rsquo;axe repr\u00e9sente une solution fiable pour les maintenances, pi\u00e8ces de rechange et installations industrielles.<\/p>\n<h4 data-section-id=\"1ti5jzm\" data-start=\"1296\" data-end=\"1324\">Caract\u00e9ristiques principales :<\/h4>\n<p data-start=\"1431\" data-end=\"1470\">Mat\u00e9riau : acier haute r\u00e9sistance.<\/p>\n<p data-start=\"1473\" data-end=\"1519\">Syst\u00e8me de fixation : goupille de s\u00e9curit\u00e9.<\/p>\n<p data-start=\"1522\" data-end=\"1629\">Applications : transmissions industrielles, chariots \u00e9l\u00e9vateurs, syst\u00e8mes de levage, machines industrielles.<\/p>\n<p data-start=\"1632\" data-end=\"1662\">R\u00e9sistance m\u00e9canique \u00e9lev\u00e9e.<\/p>\n<p data-start=\"1665\" data-end=\"1713\">Montage et d\u00e9montage rapides pour maintenance.<\/p>\n","protected":false},"excerpt":{"rendered":"<p>Axe avec goupilles LL1666<\/p>\n","protected":false},"featured_media":2860,"template":"","meta":[],"product_brand":[],"product_cat":[205],"product_tag":[],"class_list":{"0":"post-2859","1":"product","2":"type-product","3":"status-publish","4":"has-post-thumbnail","6":"product_cat-axes-de-chaine","8":"first","9":"instock","10":"taxable","11":"shipping-taxable","12":"purchasable","13":"product-type-simple"},"yoast_head":"<!-- This site is optimized with the Yoast SEO plugin v27.3 - https:\/\/yoast.com\/product\/yoast-seo-wordpress\/ -->\n<title>Axe avec goupilles LL1666 | Forkommerce Spare Parts<\/title>\n<meta name=\"robots\" content=\"index, follow, max-snippet:-1, max-image-preview:large, max-video-preview:-1\" \/>\n<link rel=\"canonical\" href=\"https:\/\/forkommerce.com\/fr\/produit\/axe-avec-goupilles-ll1666\/\" \/>\n<meta property=\"og:locale\" content=\"fr_FR\" \/>\n<meta property=\"og:type\" content=\"article\" \/>\n<meta property=\"og:title\" content=\"Axe avec goupilles LL1666 | Forkommerce Spare Parts\" \/>\n<meta property=\"og:description\" content=\"Axe avec goupilles LL1666\" \/>\n<meta property=\"og:url\" content=\"https:\/\/forkommerce.com\/fr\/produit\/axe-avec-goupilles-ll1666\/\" \/>\n<meta property=\"og:site_name\" content=\"Forkommerce Spare Parts\" \/>\n<meta property=\"article:modified_time\" content=\"2026-04-11T08:39:13+00:00\" \/>\n<meta property=\"og:image\" content=\"https:\/\/forkommerce.com\/wp-content\/uploads\/2026\/02\/Perno-con-coppiglie-LL1666.jpeg\" \/>\n\t<meta property=\"og:image:width\" content=\"535\" \/>\n\t<meta property=\"og:image:height\" content=\"518\" \/>\n\t<meta property=\"og:image:type\" content=\"image\/jpeg\" \/>\n<meta name=\"twitter:card\" content=\"summary_large_image\" \/>\n<meta name=\"twitter:label1\" content=\"Dur\u00e9e de lecture estim\u00e9e\" \/>\n\t<meta name=\"twitter:data1\" content=\"1 minute\" \/>\n<script type=\"application\/ld+json\" class=\"yoast-schema-graph\">{\"@context\":\"https:\\\/\\\/schema.org\",\"@graph\":[{\"@type\":\"WebPage\",\"@id\":\"https:\\\/\\\/forkommerce.com\\\/fr\\\/produit\\\/axe-avec-goupilles-ll1666\\\/\",\"url\":\"https:\\\/\\\/forkommerce.com\\\/fr\\\/produit\\\/axe-avec-goupilles-ll1666\\\/\",\"name\":\"Axe avec goupilles LL1666 | Forkommerce Spare Parts\",\"isPartOf\":{\"@id\":\"https:\\\/\\\/forkommerce.com\\\/it\\\/#website\"},\"primaryImageOfPage\":{\"@id\":\"https:\\\/\\\/forkommerce.com\\\/fr\\\/produit\\\/axe-avec-goupilles-ll1666\\\/#primaryimage\"},\"image\":{\"@id\":\"https:\\\/\\\/forkommerce.com\\\/fr\\\/produit\\\/axe-avec-goupilles-ll1666\\\/#primaryimage\"},\"thumbnailUrl\":\"https:\\\/\\\/forkommerce.com\\\/wp-content\\\/uploads\\\/2026\\\/02\\\/Perno-con-coppiglie-LL1666.jpeg\",\"datePublished\":\"2026-02-04T08:05:05+00:00\",\"dateModified\":\"2026-04-11T08:39:13+00:00\",\"breadcrumb\":{\"@id\":\"https:\\\/\\\/forkommerce.com\\\/fr\\\/produit\\\/axe-avec-goupilles-ll1666\\\/#breadcrumb\"},\"inLanguage\":\"fr-FR\",\"potentialAction\":[{\"@type\":\"ReadAction\",\"target\":[\"https:\\\/\\\/forkommerce.com\\\/fr\\\/produit\\\/axe-avec-goupilles-ll1666\\\/\"]}]},{\"@type\":\"ImageObject\",\"inLanguage\":\"fr-FR\",\"@id\":\"https:\\\/\\\/forkommerce.com\\\/fr\\\/produit\\\/axe-avec-goupilles-ll1666\\\/#primaryimage\",\"url\":\"https:\\\/\\\/forkommerce.com\\\/wp-content\\\/uploads\\\/2026\\\/02\\\/Perno-con-coppiglie-LL1666.jpeg\",\"contentUrl\":\"https:\\\/\\\/forkommerce.com\\\/wp-content\\\/uploads\\\/2026\\\/02\\\/Perno-con-coppiglie-LL1666.jpeg\",\"width\":535,\"height\":518,\"caption\":\"Axe avec goupilles LL1666\"},{\"@type\":\"BreadcrumbList\",\"@id\":\"https:\\\/\\\/forkommerce.com\\\/fr\\\/produit\\\/axe-avec-goupilles-ll1666\\\/#breadcrumb\",\"itemListElement\":[{\"@type\":\"ListItem\",\"position\":1,\"name\":\"Home\",\"item\":\"https:\\\/\\\/forkommerce.com\\\/fr\\\/\"},{\"@type\":\"ListItem\",\"position\":2,\"name\":\"Boutique\",\"item\":\"https:\\\/\\\/forkommerce.com\\\/it\\\/negozio\\\/\"},{\"@type\":\"ListItem\",\"position\":3,\"name\":\"Axe avec goupilles LL1666\"}]},{\"@type\":\"WebSite\",\"@id\":\"https:\\\/\\\/forkommerce.com\\\/it\\\/#website\",\"url\":\"https:\\\/\\\/forkommerce.com\\\/it\\\/\",\"name\":\"Forkommerce Spare Parts\",\"description\":\"Ricambi originali e compatibili per carrelli elevatori e transpallet\",\"publisher\":{\"@id\":\"https:\\\/\\\/forkommerce.com\\\/it\\\/#organization\"},\"alternateName\":\"Forkommerce Spare Parts\",\"potentialAction\":[{\"@type\":\"SearchAction\",\"target\":{\"@type\":\"EntryPoint\",\"urlTemplate\":\"https:\\\/\\\/forkommerce.com\\\/it\\\/?s={search_term_string}\"},\"query-input\":{\"@type\":\"PropertyValueSpecification\",\"valueRequired\":true,\"valueName\":\"search_term_string\"}}],\"inLanguage\":\"fr-FR\"},{\"@type\":\"Organization\",\"@id\":\"https:\\\/\\\/forkommerce.com\\\/it\\\/#organization\",\"name\":\"Forkommerce Spare Parts\",\"url\":\"https:\\\/\\\/forkommerce.com\\\/it\\\/\",\"logo\":{\"@type\":\"ImageObject\",\"inLanguage\":\"fr-FR\",\"@id\":\"https:\\\/\\\/forkommerce.com\\\/it\\\/#\\\/schema\\\/logo\\\/image\\\/\",\"url\":\"https:\\\/\\\/forkommerce.com\\\/wp-content\\\/uploads\\\/2025\\\/09\\\/Logo-Forkommercex2.png\",\"contentUrl\":\"https:\\\/\\\/forkommerce.com\\\/wp-content\\\/uploads\\\/2025\\\/09\\\/Logo-Forkommercex2.png\",\"width\":470,\"height\":120,\"caption\":\"Forkommerce Spare Parts\"},\"image\":{\"@id\":\"https:\\\/\\\/forkommerce.com\\\/it\\\/#\\\/schema\\\/logo\\\/image\\\/\"}}]}<\/script>\n<!-- \/ Yoast SEO plugin. -->","yoast_head_json":{"title":"Axe avec goupilles LL1666 | Forkommerce Spare Parts","robots":{"index":"index","follow":"follow","max-snippet":"max-snippet:-1","max-image-preview":"max-image-preview:large","max-video-preview":"max-video-preview:-1"},"canonical":"https:\/\/forkommerce.com\/fr\/produit\/axe-avec-goupilles-ll1666\/","og_locale":"fr_FR","og_type":"article","og_title":"Axe avec goupilles LL1666 | Forkommerce Spare Parts","og_description":"Axe avec goupilles LL1666","og_url":"https:\/\/forkommerce.com\/fr\/produit\/axe-avec-goupilles-ll1666\/","og_site_name":"Forkommerce Spare Parts","article_modified_time":"2026-04-11T08:39:13+00:00","og_image":[{"width":535,"height":518,"url":"https:\/\/forkommerce.com\/wp-content\/uploads\/2026\/02\/Perno-con-coppiglie-LL1666.jpeg","type":"image\/jpeg"}],"twitter_card":"summary_large_image","twitter_misc":{"Dur\u00e9e de lecture estim\u00e9e":"1 minute"},"schema":{"@context":"https:\/\/schema.org","@graph":[{"@type":"WebPage","@id":"https:\/\/forkommerce.com\/fr\/produit\/axe-avec-goupilles-ll1666\/","url":"https:\/\/forkommerce.com\/fr\/produit\/axe-avec-goupilles-ll1666\/","name":"Axe avec goupilles LL1666 | Forkommerce Spare Parts","isPartOf":{"@id":"https:\/\/forkommerce.com\/it\/#website"},"primaryImageOfPage":{"@id":"https:\/\/forkommerce.com\/fr\/produit\/axe-avec-goupilles-ll1666\/#primaryimage"},"image":{"@id":"https:\/\/forkommerce.com\/fr\/produit\/axe-avec-goupilles-ll1666\/#primaryimage"},"thumbnailUrl":"https:\/\/forkommerce.com\/wp-content\/uploads\/2026\/02\/Perno-con-coppiglie-LL1666.jpeg","datePublished":"2026-02-04T08:05:05+00:00","dateModified":"2026-04-11T08:39:13+00:00","breadcrumb":{"@id":"https:\/\/forkommerce.com\/fr\/produit\/axe-avec-goupilles-ll1666\/#breadcrumb"},"inLanguage":"fr-FR","potentialAction":[{"@type":"ReadAction","target":["https:\/\/forkommerce.com\/fr\/produit\/axe-avec-goupilles-ll1666\/"]}]},{"@type":"ImageObject","inLanguage":"fr-FR","@id":"https:\/\/forkommerce.com\/fr\/produit\/axe-avec-goupilles-ll1666\/#primaryimage","url":"https:\/\/forkommerce.com\/wp-content\/uploads\/2026\/02\/Perno-con-coppiglie-LL1666.jpeg","contentUrl":"https:\/\/forkommerce.com\/wp-content\/uploads\/2026\/02\/Perno-con-coppiglie-LL1666.jpeg","width":535,"height":518,"caption":"Axe avec goupilles LL1666"},{"@type":"BreadcrumbList","@id":"https:\/\/forkommerce.com\/fr\/produit\/axe-avec-goupilles-ll1666\/#breadcrumb","itemListElement":[{"@type":"ListItem","position":1,"name":"Home","item":"https:\/\/forkommerce.com\/fr\/"},{"@type":"ListItem","position":2,"name":"Boutique","item":"https:\/\/forkommerce.com\/it\/negozio\/"},{"@type":"ListItem","position":3,"name":"Axe avec goupilles LL1666"}]},{"@type":"WebSite","@id":"https:\/\/forkommerce.com\/it\/#website","url":"https:\/\/forkommerce.com\/it\/","name":"Forkommerce Spare Parts","description":"Ricambi originali e compatibili per carrelli elevatori e transpallet","publisher":{"@id":"https:\/\/forkommerce.com\/it\/#organization"},"alternateName":"Forkommerce Spare Parts","potentialAction":[{"@type":"SearchAction","target":{"@type":"EntryPoint","urlTemplate":"https:\/\/forkommerce.com\/it\/?s={search_term_string}"},"query-input":{"@type":"PropertyValueSpecification","valueRequired":true,"valueName":"search_term_string"}}],"inLanguage":"fr-FR"},{"@type":"Organization","@id":"https:\/\/forkommerce.com\/it\/#organization","name":"Forkommerce Spare Parts","url":"https:\/\/forkommerce.com\/it\/","logo":{"@type":"ImageObject","inLanguage":"fr-FR","@id":"https:\/\/forkommerce.com\/it\/#\/schema\/logo\/image\/","url":"https:\/\/forkommerce.com\/wp-content\/uploads\/2025\/09\/Logo-Forkommercex2.png","contentUrl":"https:\/\/forkommerce.com\/wp-content\/uploads\/2025\/09\/Logo-Forkommercex2.png","width":470,"height":120,"caption":"Forkommerce Spare Parts"},"image":{"@id":"https:\/\/forkommerce.com\/it\/#\/schema\/logo\/image\/"}}]}},"_links":{"self":[{"href":"https:\/\/forkommerce.com\/fr\/wp-json\/wp\/v2\/product\/2859","targetHints":{"allow":["GET"]}}],"collection":[{"href":"https:\/\/forkommerce.com\/fr\/wp-json\/wp\/v2\/product"}],"about":[{"href":"https:\/\/forkommerce.com\/fr\/wp-json\/wp\/v2\/types\/product"}],"wp:featuredmedia":[{"embeddable":true,"href":"https:\/\/forkommerce.com\/fr\/wp-json\/wp\/v2\/media\/2860"}],"wp:attachment":[{"href":"https:\/\/forkommerce.com\/fr\/wp-json\/wp\/v2\/media?parent=2859"}],"wp:term":[{"taxonomy":"product_brand","embeddable":true,"href":"https:\/\/forkommerce.com\/fr\/wp-json\/wp\/v2\/product_brand?post=2859"},{"taxonomy":"product_cat","embeddable":true,"href":"https:\/\/forkommerce.com\/fr\/wp-json\/wp\/v2\/product_cat?post=2859"},{"taxonomy":"product_tag","embeddable":true,"href":"https:\/\/forkommerce.com\/fr\/wp-json\/wp\/v2\/product_tag?post=2859"}],"curies":[{"name":"wp","href":"https:\/\/api.w.org\/{rel}","templated":true}]}}