{"id":2867,"date":"2026-02-04T09:00:05","date_gmt":"2026-02-04T08:00:05","guid":{"rendered":"https:\/\/forkommerce.com\/prodotto\/axe-a-goupilles-bl846\/"},"modified":"2026-04-11T10:39:01","modified_gmt":"2026-04-11T08:39:01","slug":"axe-a-goupilles-bl846","status":"publish","type":"product","link":"https:\/\/forkommerce.com\/fr\/produit\/axe-a-goupilles-bl846\/","title":{"rendered":"Axe \u00e0 goupilles BL846"},"content":{"rendered":"<p data-start=\"174\" data-end=\"558\"><strong>Raccord <em>clevis<\/em> avec trou pour goupille, sp\u00e9cifique pour cha\u00eenes leaf BL846 (ANSI\/ISO pas de 1\u2033, la\u00e7age 4\u00d76).<\/strong><\/p>\n<p data-start=\"174\" data-end=\"558\">L&rsquo;<strong data-start=\"177\" data-end=\"206\">axe avec goupilles BL846<\/strong> est un composant de fixation con\u00e7u pour l&rsquo;utilisation sur cha\u00eenes Fleyer s\u00e9rie BL846, couramment employ\u00e9es dans les syst\u00e8mes de levage et les m\u00e2ts de chariots \u00e9l\u00e9vateurs.<\/p>\n<p data-start=\"174\" data-end=\"558\">Cet axe permet le raccordement s\u00e9curis\u00e9 des maillons de la cha\u00eene ou des attaches m\u00e9caniques, garantissant stabilit\u00e9 et fiabilit\u00e9 m\u00eame dans des conditions de travail intensives.<\/p>\n<p data-start=\"560\" data-end=\"779\">Fabriqu\u00e9 en acier haute r\u00e9sistance, l&rsquo;axe est \u00e9quip\u00e9 d&rsquo;un trou traversant pour goupille, qui permet le blocage par goupilles de s\u00e9curit\u00e9 emp\u00eachant le d\u00e9chaussement accidentel pendant le fonctionnement.<\/p>\n<p data-start=\"781\" data-end=\"1191\">Gr\u00e2ce \u00e0 sa pr\u00e9cision dimensionnelle et \u00e0 sa compatibilit\u00e9 avec les cha\u00eenes standard ANSI \/ ISO type BL, il est id\u00e9al pour la maintenance, les pi\u00e8ces d\u00e9tach\u00e9es industrielles et les applications de manutention. Les cha\u00eenes BL sont en effet largement utilis\u00e9es dans les chariots \u00e9l\u00e9vateurs, les installations de levage et les machines industrielles gr\u00e2ce \u00e0 leur r\u00e9sistance \u00e9lev\u00e9e \u00e0 la traction. <\/p>\n<h4 data-section-id=\"1ti5jzm\" data-start=\"1198\" data-end=\"1226\">Caract\u00e9ristiques principales :<\/h4>\n<p data-start=\"1339\" data-end=\"1378\">Mat\u00e9riau : acier au carbone pour applications industrielles de levage et manutention.<\/p>\n<p data-start=\"1381\" data-end=\"1427\">Syst\u00e8me de fixation : goupille de s\u00e9curit\u00e9<\/p>\n<p data-start=\"1430\" data-end=\"1476\">R\u00e9sistance \u00e9lev\u00e9e \u00e0 l&rsquo;usure et \u00e0 la traction<\/p>\n<p data-start=\"1479\" data-end=\"1537\">Id\u00e9al pour la maintenance et le remplacement de composants de cha\u00eene<\/p>\n<p data-start=\"1540\" data-end=\"1606\">Utilisation dans les syst\u00e8mes de levage et manutention industrielle<\/p>\n<p><strong>Compatible avec axe \u00d8 env. 9,5 mm et plaques hautes et \u00e9paisses pour usage intensif.<\/strong><\/p>\n<p>&nbsp;<\/p>\n","protected":false},"excerpt":{"rendered":"<p>Axe \u00e0 goupilles BL846<\/p>\n","protected":false},"featured_media":2868,"template":"","meta":[],"product_brand":[],"product_cat":[205],"product_tag":[],"class_list":{"0":"post-2867","1":"product","2":"type-product","3":"status-publish","4":"has-post-thumbnail","6":"product_cat-axes-de-chaine","8":"first","9":"instock","10":"taxable","11":"shipping-taxable","12":"purchasable","13":"product-type-simple"},"yoast_head":"<!-- This site is optimized with the Yoast SEO plugin v27.3 - https:\/\/yoast.com\/product\/yoast-seo-wordpress\/ -->\n<title>Axe \u00e0 goupilles BL846 | Forkommerce Spare Parts<\/title>\n<meta name=\"robots\" content=\"index, follow, max-snippet:-1, max-image-preview:large, max-video-preview:-1\" \/>\n<link rel=\"canonical\" href=\"https:\/\/forkommerce.com\/fr\/produit\/axe-a-goupilles-bl846\/\" \/>\n<meta property=\"og:locale\" content=\"fr_FR\" \/>\n<meta property=\"og:type\" content=\"article\" \/>\n<meta property=\"og:title\" content=\"Axe \u00e0 goupilles BL846 | Forkommerce Spare Parts\" \/>\n<meta property=\"og:description\" content=\"Axe \u00e0 goupilles BL846\" \/>\n<meta property=\"og:url\" content=\"https:\/\/forkommerce.com\/fr\/produit\/axe-a-goupilles-bl846\/\" \/>\n<meta property=\"og:site_name\" content=\"Forkommerce Spare Parts\" \/>\n<meta property=\"article:modified_time\" content=\"2026-04-11T08:39:01+00:00\" \/>\n<meta property=\"og:image\" content=\"https:\/\/forkommerce.com\/wp-content\/uploads\/2026\/02\/Perno-con-coppiglie-BL846.jpeg\" \/>\n\t<meta property=\"og:image:width\" content=\"671\" \/>\n\t<meta property=\"og:image:height\" content=\"648\" \/>\n\t<meta property=\"og:image:type\" content=\"image\/jpeg\" \/>\n<meta name=\"twitter:card\" content=\"summary_large_image\" \/>\n<meta name=\"twitter:label1\" content=\"Dur\u00e9e de lecture estim\u00e9e\" \/>\n\t<meta name=\"twitter:data1\" content=\"1 minute\" \/>\n<script type=\"application\/ld+json\" class=\"yoast-schema-graph\">{\"@context\":\"https:\\\/\\\/schema.org\",\"@graph\":[{\"@type\":\"WebPage\",\"@id\":\"https:\\\/\\\/forkommerce.com\\\/fr\\\/produit\\\/axe-a-goupilles-bl846\\\/\",\"url\":\"https:\\\/\\\/forkommerce.com\\\/fr\\\/produit\\\/axe-a-goupilles-bl846\\\/\",\"name\":\"Axe \u00e0 goupilles BL846 | Forkommerce Spare Parts\",\"isPartOf\":{\"@id\":\"https:\\\/\\\/forkommerce.com\\\/it\\\/#website\"},\"primaryImageOfPage\":{\"@id\":\"https:\\\/\\\/forkommerce.com\\\/fr\\\/produit\\\/axe-a-goupilles-bl846\\\/#primaryimage\"},\"image\":{\"@id\":\"https:\\\/\\\/forkommerce.com\\\/fr\\\/produit\\\/axe-a-goupilles-bl846\\\/#primaryimage\"},\"thumbnailUrl\":\"https:\\\/\\\/forkommerce.com\\\/wp-content\\\/uploads\\\/2026\\\/02\\\/Perno-con-coppiglie-BL846.jpeg\",\"datePublished\":\"2026-02-04T08:00:05+00:00\",\"dateModified\":\"2026-04-11T08:39:01+00:00\",\"breadcrumb\":{\"@id\":\"https:\\\/\\\/forkommerce.com\\\/fr\\\/produit\\\/axe-a-goupilles-bl846\\\/#breadcrumb\"},\"inLanguage\":\"fr-FR\",\"potentialAction\":[{\"@type\":\"ReadAction\",\"target\":[\"https:\\\/\\\/forkommerce.com\\\/fr\\\/produit\\\/axe-a-goupilles-bl846\\\/\"]}]},{\"@type\":\"ImageObject\",\"inLanguage\":\"fr-FR\",\"@id\":\"https:\\\/\\\/forkommerce.com\\\/fr\\\/produit\\\/axe-a-goupilles-bl846\\\/#primaryimage\",\"url\":\"https:\\\/\\\/forkommerce.com\\\/wp-content\\\/uploads\\\/2026\\\/02\\\/Perno-con-coppiglie-BL846.jpeg\",\"contentUrl\":\"https:\\\/\\\/forkommerce.com\\\/wp-content\\\/uploads\\\/2026\\\/02\\\/Perno-con-coppiglie-BL846.jpeg\",\"width\":671,\"height\":648,\"caption\":\"Axe \u00e0 goupilles BL846\"},{\"@type\":\"BreadcrumbList\",\"@id\":\"https:\\\/\\\/forkommerce.com\\\/fr\\\/produit\\\/axe-a-goupilles-bl846\\\/#breadcrumb\",\"itemListElement\":[{\"@type\":\"ListItem\",\"position\":1,\"name\":\"Home\",\"item\":\"https:\\\/\\\/forkommerce.com\\\/fr\\\/\"},{\"@type\":\"ListItem\",\"position\":2,\"name\":\"Boutique\",\"item\":\"https:\\\/\\\/forkommerce.com\\\/it\\\/negozio\\\/\"},{\"@type\":\"ListItem\",\"position\":3,\"name\":\"Axe \u00e0 goupilles BL846\"}]},{\"@type\":\"WebSite\",\"@id\":\"https:\\\/\\\/forkommerce.com\\\/it\\\/#website\",\"url\":\"https:\\\/\\\/forkommerce.com\\\/it\\\/\",\"name\":\"Forkommerce Spare Parts\",\"description\":\"Ricambi originali e compatibili per carrelli elevatori e transpallet\",\"publisher\":{\"@id\":\"https:\\\/\\\/forkommerce.com\\\/it\\\/#organization\"},\"alternateName\":\"Forkommerce Spare Parts\",\"potentialAction\":[{\"@type\":\"SearchAction\",\"target\":{\"@type\":\"EntryPoint\",\"urlTemplate\":\"https:\\\/\\\/forkommerce.com\\\/it\\\/?s={search_term_string}\"},\"query-input\":{\"@type\":\"PropertyValueSpecification\",\"valueRequired\":true,\"valueName\":\"search_term_string\"}}],\"inLanguage\":\"fr-FR\"},{\"@type\":\"Organization\",\"@id\":\"https:\\\/\\\/forkommerce.com\\\/it\\\/#organization\",\"name\":\"Forkommerce Spare Parts\",\"url\":\"https:\\\/\\\/forkommerce.com\\\/it\\\/\",\"logo\":{\"@type\":\"ImageObject\",\"inLanguage\":\"fr-FR\",\"@id\":\"https:\\\/\\\/forkommerce.com\\\/it\\\/#\\\/schema\\\/logo\\\/image\\\/\",\"url\":\"https:\\\/\\\/forkommerce.com\\\/wp-content\\\/uploads\\\/2025\\\/09\\\/Logo-Forkommercex2.png\",\"contentUrl\":\"https:\\\/\\\/forkommerce.com\\\/wp-content\\\/uploads\\\/2025\\\/09\\\/Logo-Forkommercex2.png\",\"width\":470,\"height\":120,\"caption\":\"Forkommerce Spare Parts\"},\"image\":{\"@id\":\"https:\\\/\\\/forkommerce.com\\\/it\\\/#\\\/schema\\\/logo\\\/image\\\/\"}}]}<\/script>\n<!-- \/ Yoast SEO plugin. -->","yoast_head_json":{"title":"Axe \u00e0 goupilles BL846 | Forkommerce Spare Parts","robots":{"index":"index","follow":"follow","max-snippet":"max-snippet:-1","max-image-preview":"max-image-preview:large","max-video-preview":"max-video-preview:-1"},"canonical":"https:\/\/forkommerce.com\/fr\/produit\/axe-a-goupilles-bl846\/","og_locale":"fr_FR","og_type":"article","og_title":"Axe \u00e0 goupilles BL846 | Forkommerce Spare Parts","og_description":"Axe \u00e0 goupilles BL846","og_url":"https:\/\/forkommerce.com\/fr\/produit\/axe-a-goupilles-bl846\/","og_site_name":"Forkommerce Spare Parts","article_modified_time":"2026-04-11T08:39:01+00:00","og_image":[{"width":671,"height":648,"url":"https:\/\/forkommerce.com\/wp-content\/uploads\/2026\/02\/Perno-con-coppiglie-BL846.jpeg","type":"image\/jpeg"}],"twitter_card":"summary_large_image","twitter_misc":{"Dur\u00e9e de lecture estim\u00e9e":"1 minute"},"schema":{"@context":"https:\/\/schema.org","@graph":[{"@type":"WebPage","@id":"https:\/\/forkommerce.com\/fr\/produit\/axe-a-goupilles-bl846\/","url":"https:\/\/forkommerce.com\/fr\/produit\/axe-a-goupilles-bl846\/","name":"Axe \u00e0 goupilles BL846 | Forkommerce Spare Parts","isPartOf":{"@id":"https:\/\/forkommerce.com\/it\/#website"},"primaryImageOfPage":{"@id":"https:\/\/forkommerce.com\/fr\/produit\/axe-a-goupilles-bl846\/#primaryimage"},"image":{"@id":"https:\/\/forkommerce.com\/fr\/produit\/axe-a-goupilles-bl846\/#primaryimage"},"thumbnailUrl":"https:\/\/forkommerce.com\/wp-content\/uploads\/2026\/02\/Perno-con-coppiglie-BL846.jpeg","datePublished":"2026-02-04T08:00:05+00:00","dateModified":"2026-04-11T08:39:01+00:00","breadcrumb":{"@id":"https:\/\/forkommerce.com\/fr\/produit\/axe-a-goupilles-bl846\/#breadcrumb"},"inLanguage":"fr-FR","potentialAction":[{"@type":"ReadAction","target":["https:\/\/forkommerce.com\/fr\/produit\/axe-a-goupilles-bl846\/"]}]},{"@type":"ImageObject","inLanguage":"fr-FR","@id":"https:\/\/forkommerce.com\/fr\/produit\/axe-a-goupilles-bl846\/#primaryimage","url":"https:\/\/forkommerce.com\/wp-content\/uploads\/2026\/02\/Perno-con-coppiglie-BL846.jpeg","contentUrl":"https:\/\/forkommerce.com\/wp-content\/uploads\/2026\/02\/Perno-con-coppiglie-BL846.jpeg","width":671,"height":648,"caption":"Axe \u00e0 goupilles BL846"},{"@type":"BreadcrumbList","@id":"https:\/\/forkommerce.com\/fr\/produit\/axe-a-goupilles-bl846\/#breadcrumb","itemListElement":[{"@type":"ListItem","position":1,"name":"Home","item":"https:\/\/forkommerce.com\/fr\/"},{"@type":"ListItem","position":2,"name":"Boutique","item":"https:\/\/forkommerce.com\/it\/negozio\/"},{"@type":"ListItem","position":3,"name":"Axe \u00e0 goupilles BL846"}]},{"@type":"WebSite","@id":"https:\/\/forkommerce.com\/it\/#website","url":"https:\/\/forkommerce.com\/it\/","name":"Forkommerce Spare Parts","description":"Ricambi originali e compatibili per carrelli elevatori e transpallet","publisher":{"@id":"https:\/\/forkommerce.com\/it\/#organization"},"alternateName":"Forkommerce Spare Parts","potentialAction":[{"@type":"SearchAction","target":{"@type":"EntryPoint","urlTemplate":"https:\/\/forkommerce.com\/it\/?s={search_term_string}"},"query-input":{"@type":"PropertyValueSpecification","valueRequired":true,"valueName":"search_term_string"}}],"inLanguage":"fr-FR"},{"@type":"Organization","@id":"https:\/\/forkommerce.com\/it\/#organization","name":"Forkommerce Spare Parts","url":"https:\/\/forkommerce.com\/it\/","logo":{"@type":"ImageObject","inLanguage":"fr-FR","@id":"https:\/\/forkommerce.com\/it\/#\/schema\/logo\/image\/","url":"https:\/\/forkommerce.com\/wp-content\/uploads\/2025\/09\/Logo-Forkommercex2.png","contentUrl":"https:\/\/forkommerce.com\/wp-content\/uploads\/2025\/09\/Logo-Forkommercex2.png","width":470,"height":120,"caption":"Forkommerce Spare Parts"},"image":{"@id":"https:\/\/forkommerce.com\/it\/#\/schema\/logo\/image\/"}}]}},"_links":{"self":[{"href":"https:\/\/forkommerce.com\/fr\/wp-json\/wp\/v2\/product\/2867","targetHints":{"allow":["GET"]}}],"collection":[{"href":"https:\/\/forkommerce.com\/fr\/wp-json\/wp\/v2\/product"}],"about":[{"href":"https:\/\/forkommerce.com\/fr\/wp-json\/wp\/v2\/types\/product"}],"wp:featuredmedia":[{"embeddable":true,"href":"https:\/\/forkommerce.com\/fr\/wp-json\/wp\/v2\/media\/2868"}],"wp:attachment":[{"href":"https:\/\/forkommerce.com\/fr\/wp-json\/wp\/v2\/media?parent=2867"}],"wp:term":[{"taxonomy":"product_brand","embeddable":true,"href":"https:\/\/forkommerce.com\/fr\/wp-json\/wp\/v2\/product_brand?post=2867"},{"taxonomy":"product_cat","embeddable":true,"href":"https:\/\/forkommerce.com\/fr\/wp-json\/wp\/v2\/product_cat?post=2867"},{"taxonomy":"product_tag","embeddable":true,"href":"https:\/\/forkommerce.com\/fr\/wp-json\/wp\/v2\/product_tag?post=2867"}],"curies":[{"name":"wp","href":"https:\/\/api.w.org\/{rel}","templated":true}]}}