{"id":2877,"date":"2026-02-04T08:51:35","date_gmt":"2026-02-04T07:51:35","guid":{"rendered":"https:\/\/forkommerce.com\/prodotto\/axe-avec-goupilles-bl844\/"},"modified":"2026-04-11T10:39:13","modified_gmt":"2026-04-11T08:39:13","slug":"axe-avec-goupilles-bl844","status":"publish","type":"product","link":"https:\/\/forkommerce.com\/fr\/produit\/axe-avec-goupilles-bl844\/","title":{"rendered":"Axe avec goupilles BL844"},"content":{"rendered":"<p data-start=\"30\" data-end=\"277\"><strong>Raccord <em>chape<\/em> avec axe et pr\u00e9disposition pour goupille, sp\u00e9cifiquement con\u00e7u pour les cha\u00eenes \u00e0 mailles jointives BL844 (4\u00d74, pas de 1\u2033).<\/strong><\/p>\n<p data-start=\"30\" data-end=\"277\">L\u2019<strong data-start=\"33\" data-end=\"62\">axe avec goupilles BL844<\/strong> est un composant de fixation con\u00e7u pour le raccordement et le verrouillage s\u00e9curis\u00e9 des cha\u00eenes Fleyer s\u00e9rie BL844, principalement utilis\u00e9es dans les syst\u00e8mes de levage et les m\u00e2ts de chariots \u00e9l\u00e9vateurs.<\/p>\n<p data-start=\"279\" data-end=\"474\">Cet axe permet d\u2019unir les maillons de la cha\u00eene ou de raccorder des \u00e9l\u00e9ments m\u00e9caniques en garantissant stabilit\u00e9, s\u00e9curit\u00e9 et r\u00e9sistance \u00e0 la traction, m\u00eame dans des applications industrielles intensives.<\/p>\n<p data-start=\"476\" data-end=\"799\">Fabriqu\u00e9 en acier \u00e0 haute r\u00e9sistance, il est dot\u00e9 d\u2019un trou traversant pour l\u2019insertion de la goupille de s\u00e9curit\u00e9, emp\u00eachant tout retrait accidentel de l\u2019axe pendant le fonctionnement.<\/p>\n<p data-start=\"476\" data-end=\"799\">La structure robuste et l\u2019usinage de pr\u00e9cision assurent une longue dur\u00e9e de vie et une grande fiabilit\u00e9, m\u00eame dans des conditions de travail difficiles.<\/p>\n<p data-start=\"801\" data-end=\"1005\">Il est particuli\u00e8rement indiqu\u00e9 pour la maintenance, le remplacement et l\u2019assemblage de cha\u00eenes industrielles BL, utilis\u00e9es dans les syst\u00e8mes de manutention, les installations de levage et les machines industrielles.<\/p>\n<p>Construit en acier \u00e0 haute r\u00e9sistance, avec un axe de \u00d8 9,53 mm et des plaques compatibles avec la largeur de la cha\u00eene.<\/p>\n<h4 data-section-id=\"1ti5jzm\" data-start=\"1012\" data-end=\"1040\">Caract\u00e9ristiques principales :<\/h4>\n<p data-start=\"1195\" data-end=\"1242\">Syst\u00e8me de verrouillage : goupille de s\u00e9curit\u00e9.<\/p>\n<p data-start=\"1245\" data-end=\"1291\">Haute r\u00e9sistance \u00e0 la traction et \u00e0 l\u2019usure.<\/p>\n<p data-start=\"1294\" data-end=\"1341\">Id\u00e9al pour unir les extr\u00e9mit\u00e9s de cha\u00eenes industrielles ou fixer des cha\u00eenes \u00e0 des supports\/fourches dans des applications de levage et de manutention.<\/p>\n<p data-start=\"1344\" data-end=\"1395\">Adapt\u00e9 aux syst\u00e8mes de levage et de manutention.<\/p>\n","protected":false},"excerpt":{"rendered":"<p>Axe avec goupilles BL844<\/p>\n","protected":false},"featured_media":2878,"template":"","meta":[],"product_brand":[],"product_cat":[205],"product_tag":[],"class_list":{"0":"post-2877","1":"product","2":"type-product","3":"status-publish","4":"has-post-thumbnail","6":"product_cat-axes-de-chaine","8":"first","9":"instock","10":"taxable","11":"shipping-taxable","12":"purchasable","13":"product-type-simple"},"yoast_head":"<!-- This site is optimized with the Yoast SEO plugin v27.3 - https:\/\/yoast.com\/product\/yoast-seo-wordpress\/ -->\n<title>Axe avec goupilles BL844 | Forkommerce Spare Parts<\/title>\n<meta name=\"robots\" content=\"index, follow, max-snippet:-1, max-image-preview:large, max-video-preview:-1\" \/>\n<link rel=\"canonical\" href=\"https:\/\/forkommerce.com\/fr\/produit\/axe-avec-goupilles-bl844\/\" \/>\n<meta property=\"og:locale\" content=\"fr_FR\" \/>\n<meta property=\"og:type\" content=\"article\" \/>\n<meta property=\"og:title\" content=\"Axe avec goupilles BL844 | Forkommerce Spare Parts\" \/>\n<meta property=\"og:description\" content=\"Axe avec goupilles BL844\" \/>\n<meta property=\"og:url\" content=\"https:\/\/forkommerce.com\/fr\/produit\/axe-avec-goupilles-bl844\/\" \/>\n<meta property=\"og:site_name\" content=\"Forkommerce Spare Parts\" \/>\n<meta property=\"article:modified_time\" content=\"2026-04-11T08:39:13+00:00\" \/>\n<meta property=\"og:image\" content=\"https:\/\/forkommerce.com\/wp-content\/uploads\/2026\/02\/Perno-con-coppiglie-BL844.jpeg\" \/>\n\t<meta property=\"og:image:width\" content=\"692\" \/>\n\t<meta property=\"og:image:height\" content=\"664\" \/>\n\t<meta property=\"og:image:type\" content=\"image\/jpeg\" \/>\n<meta name=\"twitter:card\" content=\"summary_large_image\" \/>\n<meta name=\"twitter:label1\" content=\"Dur\u00e9e de lecture estim\u00e9e\" \/>\n\t<meta name=\"twitter:data1\" content=\"1 minute\" \/>\n<script type=\"application\/ld+json\" class=\"yoast-schema-graph\">{\"@context\":\"https:\\\/\\\/schema.org\",\"@graph\":[{\"@type\":\"WebPage\",\"@id\":\"https:\\\/\\\/forkommerce.com\\\/fr\\\/produit\\\/axe-avec-goupilles-bl844\\\/\",\"url\":\"https:\\\/\\\/forkommerce.com\\\/fr\\\/produit\\\/axe-avec-goupilles-bl844\\\/\",\"name\":\"Axe avec goupilles BL844 | Forkommerce Spare Parts\",\"isPartOf\":{\"@id\":\"https:\\\/\\\/forkommerce.com\\\/it\\\/#website\"},\"primaryImageOfPage\":{\"@id\":\"https:\\\/\\\/forkommerce.com\\\/fr\\\/produit\\\/axe-avec-goupilles-bl844\\\/#primaryimage\"},\"image\":{\"@id\":\"https:\\\/\\\/forkommerce.com\\\/fr\\\/produit\\\/axe-avec-goupilles-bl844\\\/#primaryimage\"},\"thumbnailUrl\":\"https:\\\/\\\/forkommerce.com\\\/wp-content\\\/uploads\\\/2026\\\/02\\\/Perno-con-coppiglie-BL844.jpeg\",\"datePublished\":\"2026-02-04T07:51:35+00:00\",\"dateModified\":\"2026-04-11T08:39:13+00:00\",\"breadcrumb\":{\"@id\":\"https:\\\/\\\/forkommerce.com\\\/fr\\\/produit\\\/axe-avec-goupilles-bl844\\\/#breadcrumb\"},\"inLanguage\":\"fr-FR\",\"potentialAction\":[{\"@type\":\"ReadAction\",\"target\":[\"https:\\\/\\\/forkommerce.com\\\/fr\\\/produit\\\/axe-avec-goupilles-bl844\\\/\"]}]},{\"@type\":\"ImageObject\",\"inLanguage\":\"fr-FR\",\"@id\":\"https:\\\/\\\/forkommerce.com\\\/fr\\\/produit\\\/axe-avec-goupilles-bl844\\\/#primaryimage\",\"url\":\"https:\\\/\\\/forkommerce.com\\\/wp-content\\\/uploads\\\/2026\\\/02\\\/Perno-con-coppiglie-BL844.jpeg\",\"contentUrl\":\"https:\\\/\\\/forkommerce.com\\\/wp-content\\\/uploads\\\/2026\\\/02\\\/Perno-con-coppiglie-BL844.jpeg\",\"width\":692,\"height\":664,\"caption\":\"Axe avec goupilles BL844\"},{\"@type\":\"BreadcrumbList\",\"@id\":\"https:\\\/\\\/forkommerce.com\\\/fr\\\/produit\\\/axe-avec-goupilles-bl844\\\/#breadcrumb\",\"itemListElement\":[{\"@type\":\"ListItem\",\"position\":1,\"name\":\"Home\",\"item\":\"https:\\\/\\\/forkommerce.com\\\/fr\\\/\"},{\"@type\":\"ListItem\",\"position\":2,\"name\":\"Boutique\",\"item\":\"https:\\\/\\\/forkommerce.com\\\/it\\\/negozio\\\/\"},{\"@type\":\"ListItem\",\"position\":3,\"name\":\"Axe avec goupilles BL844\"}]},{\"@type\":\"WebSite\",\"@id\":\"https:\\\/\\\/forkommerce.com\\\/it\\\/#website\",\"url\":\"https:\\\/\\\/forkommerce.com\\\/it\\\/\",\"name\":\"Forkommerce Spare Parts\",\"description\":\"Ricambi originali e compatibili per carrelli elevatori e transpallet\",\"publisher\":{\"@id\":\"https:\\\/\\\/forkommerce.com\\\/it\\\/#organization\"},\"alternateName\":\"Forkommerce Spare Parts\",\"potentialAction\":[{\"@type\":\"SearchAction\",\"target\":{\"@type\":\"EntryPoint\",\"urlTemplate\":\"https:\\\/\\\/forkommerce.com\\\/it\\\/?s={search_term_string}\"},\"query-input\":{\"@type\":\"PropertyValueSpecification\",\"valueRequired\":true,\"valueName\":\"search_term_string\"}}],\"inLanguage\":\"fr-FR\"},{\"@type\":\"Organization\",\"@id\":\"https:\\\/\\\/forkommerce.com\\\/it\\\/#organization\",\"name\":\"Forkommerce Spare Parts\",\"url\":\"https:\\\/\\\/forkommerce.com\\\/it\\\/\",\"logo\":{\"@type\":\"ImageObject\",\"inLanguage\":\"fr-FR\",\"@id\":\"https:\\\/\\\/forkommerce.com\\\/it\\\/#\\\/schema\\\/logo\\\/image\\\/\",\"url\":\"https:\\\/\\\/forkommerce.com\\\/wp-content\\\/uploads\\\/2025\\\/09\\\/Logo-Forkommercex2.png\",\"contentUrl\":\"https:\\\/\\\/forkommerce.com\\\/wp-content\\\/uploads\\\/2025\\\/09\\\/Logo-Forkommercex2.png\",\"width\":470,\"height\":120,\"caption\":\"Forkommerce Spare Parts\"},\"image\":{\"@id\":\"https:\\\/\\\/forkommerce.com\\\/it\\\/#\\\/schema\\\/logo\\\/image\\\/\"}}]}<\/script>\n<!-- \/ Yoast SEO plugin. -->","yoast_head_json":{"title":"Axe avec goupilles BL844 | Forkommerce Spare Parts","robots":{"index":"index","follow":"follow","max-snippet":"max-snippet:-1","max-image-preview":"max-image-preview:large","max-video-preview":"max-video-preview:-1"},"canonical":"https:\/\/forkommerce.com\/fr\/produit\/axe-avec-goupilles-bl844\/","og_locale":"fr_FR","og_type":"article","og_title":"Axe avec goupilles BL844 | Forkommerce Spare Parts","og_description":"Axe avec goupilles BL844","og_url":"https:\/\/forkommerce.com\/fr\/produit\/axe-avec-goupilles-bl844\/","og_site_name":"Forkommerce Spare Parts","article_modified_time":"2026-04-11T08:39:13+00:00","og_image":[{"width":692,"height":664,"url":"https:\/\/forkommerce.com\/wp-content\/uploads\/2026\/02\/Perno-con-coppiglie-BL844.jpeg","type":"image\/jpeg"}],"twitter_card":"summary_large_image","twitter_misc":{"Dur\u00e9e de lecture estim\u00e9e":"1 minute"},"schema":{"@context":"https:\/\/schema.org","@graph":[{"@type":"WebPage","@id":"https:\/\/forkommerce.com\/fr\/produit\/axe-avec-goupilles-bl844\/","url":"https:\/\/forkommerce.com\/fr\/produit\/axe-avec-goupilles-bl844\/","name":"Axe avec goupilles BL844 | Forkommerce Spare Parts","isPartOf":{"@id":"https:\/\/forkommerce.com\/it\/#website"},"primaryImageOfPage":{"@id":"https:\/\/forkommerce.com\/fr\/produit\/axe-avec-goupilles-bl844\/#primaryimage"},"image":{"@id":"https:\/\/forkommerce.com\/fr\/produit\/axe-avec-goupilles-bl844\/#primaryimage"},"thumbnailUrl":"https:\/\/forkommerce.com\/wp-content\/uploads\/2026\/02\/Perno-con-coppiglie-BL844.jpeg","datePublished":"2026-02-04T07:51:35+00:00","dateModified":"2026-04-11T08:39:13+00:00","breadcrumb":{"@id":"https:\/\/forkommerce.com\/fr\/produit\/axe-avec-goupilles-bl844\/#breadcrumb"},"inLanguage":"fr-FR","potentialAction":[{"@type":"ReadAction","target":["https:\/\/forkommerce.com\/fr\/produit\/axe-avec-goupilles-bl844\/"]}]},{"@type":"ImageObject","inLanguage":"fr-FR","@id":"https:\/\/forkommerce.com\/fr\/produit\/axe-avec-goupilles-bl844\/#primaryimage","url":"https:\/\/forkommerce.com\/wp-content\/uploads\/2026\/02\/Perno-con-coppiglie-BL844.jpeg","contentUrl":"https:\/\/forkommerce.com\/wp-content\/uploads\/2026\/02\/Perno-con-coppiglie-BL844.jpeg","width":692,"height":664,"caption":"Axe avec goupilles BL844"},{"@type":"BreadcrumbList","@id":"https:\/\/forkommerce.com\/fr\/produit\/axe-avec-goupilles-bl844\/#breadcrumb","itemListElement":[{"@type":"ListItem","position":1,"name":"Home","item":"https:\/\/forkommerce.com\/fr\/"},{"@type":"ListItem","position":2,"name":"Boutique","item":"https:\/\/forkommerce.com\/it\/negozio\/"},{"@type":"ListItem","position":3,"name":"Axe avec goupilles BL844"}]},{"@type":"WebSite","@id":"https:\/\/forkommerce.com\/it\/#website","url":"https:\/\/forkommerce.com\/it\/","name":"Forkommerce Spare Parts","description":"Ricambi originali e compatibili per carrelli elevatori e transpallet","publisher":{"@id":"https:\/\/forkommerce.com\/it\/#organization"},"alternateName":"Forkommerce Spare Parts","potentialAction":[{"@type":"SearchAction","target":{"@type":"EntryPoint","urlTemplate":"https:\/\/forkommerce.com\/it\/?s={search_term_string}"},"query-input":{"@type":"PropertyValueSpecification","valueRequired":true,"valueName":"search_term_string"}}],"inLanguage":"fr-FR"},{"@type":"Organization","@id":"https:\/\/forkommerce.com\/it\/#organization","name":"Forkommerce Spare Parts","url":"https:\/\/forkommerce.com\/it\/","logo":{"@type":"ImageObject","inLanguage":"fr-FR","@id":"https:\/\/forkommerce.com\/it\/#\/schema\/logo\/image\/","url":"https:\/\/forkommerce.com\/wp-content\/uploads\/2025\/09\/Logo-Forkommercex2.png","contentUrl":"https:\/\/forkommerce.com\/wp-content\/uploads\/2025\/09\/Logo-Forkommercex2.png","width":470,"height":120,"caption":"Forkommerce Spare Parts"},"image":{"@id":"https:\/\/forkommerce.com\/it\/#\/schema\/logo\/image\/"}}]}},"_links":{"self":[{"href":"https:\/\/forkommerce.com\/fr\/wp-json\/wp\/v2\/product\/2877","targetHints":{"allow":["GET"]}}],"collection":[{"href":"https:\/\/forkommerce.com\/fr\/wp-json\/wp\/v2\/product"}],"about":[{"href":"https:\/\/forkommerce.com\/fr\/wp-json\/wp\/v2\/types\/product"}],"wp:featuredmedia":[{"embeddable":true,"href":"https:\/\/forkommerce.com\/fr\/wp-json\/wp\/v2\/media\/2878"}],"wp:attachment":[{"href":"https:\/\/forkommerce.com\/fr\/wp-json\/wp\/v2\/media?parent=2877"}],"wp:term":[{"taxonomy":"product_brand","embeddable":true,"href":"https:\/\/forkommerce.com\/fr\/wp-json\/wp\/v2\/product_brand?post=2877"},{"taxonomy":"product_cat","embeddable":true,"href":"https:\/\/forkommerce.com\/fr\/wp-json\/wp\/v2\/product_cat?post=2877"},{"taxonomy":"product_tag","embeddable":true,"href":"https:\/\/forkommerce.com\/fr\/wp-json\/wp\/v2\/product_tag?post=2877"}],"curies":[{"name":"wp","href":"https:\/\/api.w.org\/{rel}","templated":true}]}}