{"id":2917,"date":"2026-02-03T12:26:22","date_gmt":"2026-02-03T11:26:22","guid":{"rendered":"https:\/\/forkommerce.com\/prodotto\/axe-a-goupilles-bl644\/"},"modified":"2026-04-11T10:37:17","modified_gmt":"2026-04-11T08:37:17","slug":"axe-a-goupilles-bl644","status":"publish","type":"product","link":"https:\/\/forkommerce.com\/fr\/produit\/axe-a-goupilles-bl644\/","title":{"rendered":"Axe \u00e0 goupilles BL644"},"content":{"rendered":"<p data-start=\"30\" data-end=\"268\"><strong>Axe \u00e0 goupille compatible pour cha\u00eene \u00e0 mailles jointives BL644 \u2013 \u00d8 ~7,9\u202fmm \u00d7 ~15\u201318\u202fmm.<\/strong><\/p>\n<p data-start=\"30\" data-end=\"268\">L&rsquo;<strong data-start=\"33\" data-end=\"62\">axe avec goupilles BL644<\/strong> est un \u00e9l\u00e9ment de fixation con\u00e7u pour la liaison et le blocage des cha\u00eenes Fleyer, utilis\u00e9es principalement dans les syst\u00e8mes de levage et les m\u00e2ts de chariots \u00e9l\u00e9vateurs.<\/p>\n<p data-start=\"270\" data-end=\"516\">Ce composant permet d&rsquo;assembler de mani\u00e8re s\u00fbre les maillons de la cha\u00eene ou les \u00e9l\u00e9ments de liaison, assurant stabilit\u00e9, r\u00e9sistance \u00e0 la traction et fiabilit\u00e9 op\u00e9rationnelle m\u00eame dans les applications industrielles soumises \u00e0 des charges \u00e9lev\u00e9es.<\/p>\n<p data-start=\"518\" data-end=\"832\">Fabriqu\u00e9 en acier haute r\u00e9sistance, l&rsquo;axe est \u00e9quip\u00e9 d&rsquo;un trou terminal pour l&rsquo;insertion de la goupille de s\u00e9curit\u00e9, qui emp\u00eache le d\u00e9sengagement accidentel pendant le fonctionnement.<\/p>\n<p data-start=\"518\" data-end=\"832\">La pr\u00e9cision dimensionnelle et la robustesse du mat\u00e9riau garantissent une longue dur\u00e9e de vie et une facilit\u00e9 d&rsquo;entretien.<\/p>\n<p>Pr\u00e9vu pour trou de goupille fendue (split pin) pour blocage s\u00e9curis\u00e9, garantit un montage et d\u00e9montage faciles sans utilisation de rivets.<\/p>\n<p>Id\u00e9al comme pi\u00e8ce de rechange pour cha\u00eenes industrielles s\u00e9rie BL, largement utilis\u00e9es dans les installations de levage, syst\u00e8mes de manutention de mat\u00e9riaux et machines industrielles.<\/p>\n<h4 data-section-id=\"1ti5jzm\" data-start=\"1012\" data-end=\"1040\">Caract\u00e9ristiques principales :<\/h4>\n<p>Mat\u00e9riau : acier haute r\u00e9sistance.<\/p>\n<p data-start=\"1195\" data-end=\"1241\">Syst\u00e8me de fixation : goupille de s\u00e9curit\u00e9.<\/p>\n<p data-start=\"1244\" data-end=\"1290\">R\u00e9sistance \u00e9lev\u00e9e \u00e0 la traction et \u00e0 l&rsquo;usure.<\/p>\n<p data-start=\"1293\" data-end=\"1340\">Id\u00e9al pour les raccordements rapides, la maintenance ou les r\u00e9parations dans les applications de levage et de manutention de mat\u00e9riaux.<\/p>\n<p data-start=\"1343\" data-end=\"1394\">Adapt\u00e9 aux syst\u00e8mes de levage et de manutention.<\/p>\n","protected":false},"excerpt":{"rendered":"<p>Axe \u00e0 goupilles BL644<\/p>\n","protected":false},"featured_media":2918,"template":"","meta":[],"product_brand":[],"product_cat":[205],"product_tag":[],"class_list":{"0":"post-2917","1":"product","2":"type-product","3":"status-publish","4":"has-post-thumbnail","6":"product_cat-axes-de-chaine","8":"first","9":"instock","10":"taxable","11":"shipping-taxable","12":"purchasable","13":"product-type-simple"},"yoast_head":"<!-- This site is optimized with the Yoast SEO plugin v27.3 - https:\/\/yoast.com\/product\/yoast-seo-wordpress\/ -->\n<title>Axe \u00e0 goupilles BL644 | Forkommerce Spare Parts<\/title>\n<meta name=\"robots\" content=\"index, follow, max-snippet:-1, max-image-preview:large, max-video-preview:-1\" \/>\n<link rel=\"canonical\" href=\"https:\/\/forkommerce.com\/fr\/produit\/axe-a-goupilles-bl644\/\" \/>\n<meta property=\"og:locale\" content=\"fr_FR\" \/>\n<meta property=\"og:type\" content=\"article\" \/>\n<meta property=\"og:title\" content=\"Axe \u00e0 goupilles BL644 | Forkommerce Spare Parts\" \/>\n<meta property=\"og:description\" content=\"Axe \u00e0 goupilles BL644\" \/>\n<meta property=\"og:url\" content=\"https:\/\/forkommerce.com\/fr\/produit\/axe-a-goupilles-bl644\/\" \/>\n<meta property=\"og:site_name\" content=\"Forkommerce Spare Parts\" \/>\n<meta property=\"article:modified_time\" content=\"2026-04-11T08:37:17+00:00\" \/>\n<meta property=\"og:image\" content=\"https:\/\/forkommerce.com\/wp-content\/uploads\/2026\/02\/Perno-con-coppiglie-BL644-.jpeg\" \/>\n\t<meta property=\"og:image:width\" content=\"576\" \/>\n\t<meta property=\"og:image:height\" content=\"453\" \/>\n\t<meta property=\"og:image:type\" content=\"image\/jpeg\" \/>\n<meta name=\"twitter:card\" content=\"summary_large_image\" \/>\n<meta name=\"twitter:label1\" content=\"Dur\u00e9e de lecture estim\u00e9e\" \/>\n\t<meta name=\"twitter:data1\" content=\"1 minute\" \/>\n<script type=\"application\/ld+json\" class=\"yoast-schema-graph\">{\"@context\":\"https:\\\/\\\/schema.org\",\"@graph\":[{\"@type\":\"WebPage\",\"@id\":\"https:\\\/\\\/forkommerce.com\\\/fr\\\/produit\\\/axe-a-goupilles-bl644\\\/\",\"url\":\"https:\\\/\\\/forkommerce.com\\\/fr\\\/produit\\\/axe-a-goupilles-bl644\\\/\",\"name\":\"Axe \u00e0 goupilles BL644 | Forkommerce Spare Parts\",\"isPartOf\":{\"@id\":\"https:\\\/\\\/forkommerce.com\\\/it\\\/#website\"},\"primaryImageOfPage\":{\"@id\":\"https:\\\/\\\/forkommerce.com\\\/fr\\\/produit\\\/axe-a-goupilles-bl644\\\/#primaryimage\"},\"image\":{\"@id\":\"https:\\\/\\\/forkommerce.com\\\/fr\\\/produit\\\/axe-a-goupilles-bl644\\\/#primaryimage\"},\"thumbnailUrl\":\"https:\\\/\\\/forkommerce.com\\\/wp-content\\\/uploads\\\/2026\\\/02\\\/Perno-con-coppiglie-BL644-.jpeg\",\"datePublished\":\"2026-02-03T11:26:22+00:00\",\"dateModified\":\"2026-04-11T08:37:17+00:00\",\"breadcrumb\":{\"@id\":\"https:\\\/\\\/forkommerce.com\\\/fr\\\/produit\\\/axe-a-goupilles-bl644\\\/#breadcrumb\"},\"inLanguage\":\"fr-FR\",\"potentialAction\":[{\"@type\":\"ReadAction\",\"target\":[\"https:\\\/\\\/forkommerce.com\\\/fr\\\/produit\\\/axe-a-goupilles-bl644\\\/\"]}]},{\"@type\":\"ImageObject\",\"inLanguage\":\"fr-FR\",\"@id\":\"https:\\\/\\\/forkommerce.com\\\/fr\\\/produit\\\/axe-a-goupilles-bl644\\\/#primaryimage\",\"url\":\"https:\\\/\\\/forkommerce.com\\\/wp-content\\\/uploads\\\/2026\\\/02\\\/Perno-con-coppiglie-BL644-.jpeg\",\"contentUrl\":\"https:\\\/\\\/forkommerce.com\\\/wp-content\\\/uploads\\\/2026\\\/02\\\/Perno-con-coppiglie-BL644-.jpeg\",\"width\":576,\"height\":453,\"caption\":\"Axe \u00e0 goupilles BL644\"},{\"@type\":\"BreadcrumbList\",\"@id\":\"https:\\\/\\\/forkommerce.com\\\/fr\\\/produit\\\/axe-a-goupilles-bl644\\\/#breadcrumb\",\"itemListElement\":[{\"@type\":\"ListItem\",\"position\":1,\"name\":\"Home\",\"item\":\"https:\\\/\\\/forkommerce.com\\\/fr\\\/\"},{\"@type\":\"ListItem\",\"position\":2,\"name\":\"Boutique\",\"item\":\"https:\\\/\\\/forkommerce.com\\\/it\\\/negozio\\\/\"},{\"@type\":\"ListItem\",\"position\":3,\"name\":\"Axe \u00e0 goupilles BL644\"}]},{\"@type\":\"WebSite\",\"@id\":\"https:\\\/\\\/forkommerce.com\\\/it\\\/#website\",\"url\":\"https:\\\/\\\/forkommerce.com\\\/it\\\/\",\"name\":\"Forkommerce Spare Parts\",\"description\":\"Ricambi originali e compatibili per carrelli elevatori e transpallet\",\"publisher\":{\"@id\":\"https:\\\/\\\/forkommerce.com\\\/it\\\/#organization\"},\"alternateName\":\"Forkommerce Spare Parts\",\"potentialAction\":[{\"@type\":\"SearchAction\",\"target\":{\"@type\":\"EntryPoint\",\"urlTemplate\":\"https:\\\/\\\/forkommerce.com\\\/it\\\/?s={search_term_string}\"},\"query-input\":{\"@type\":\"PropertyValueSpecification\",\"valueRequired\":true,\"valueName\":\"search_term_string\"}}],\"inLanguage\":\"fr-FR\"},{\"@type\":\"Organization\",\"@id\":\"https:\\\/\\\/forkommerce.com\\\/it\\\/#organization\",\"name\":\"Forkommerce Spare Parts\",\"url\":\"https:\\\/\\\/forkommerce.com\\\/it\\\/\",\"logo\":{\"@type\":\"ImageObject\",\"inLanguage\":\"fr-FR\",\"@id\":\"https:\\\/\\\/forkommerce.com\\\/it\\\/#\\\/schema\\\/logo\\\/image\\\/\",\"url\":\"https:\\\/\\\/forkommerce.com\\\/wp-content\\\/uploads\\\/2025\\\/09\\\/Logo-Forkommercex2.png\",\"contentUrl\":\"https:\\\/\\\/forkommerce.com\\\/wp-content\\\/uploads\\\/2025\\\/09\\\/Logo-Forkommercex2.png\",\"width\":470,\"height\":120,\"caption\":\"Forkommerce Spare Parts\"},\"image\":{\"@id\":\"https:\\\/\\\/forkommerce.com\\\/it\\\/#\\\/schema\\\/logo\\\/image\\\/\"}}]}<\/script>\n<!-- \/ Yoast SEO plugin. -->","yoast_head_json":{"title":"Axe \u00e0 goupilles BL644 | Forkommerce Spare Parts","robots":{"index":"index","follow":"follow","max-snippet":"max-snippet:-1","max-image-preview":"max-image-preview:large","max-video-preview":"max-video-preview:-1"},"canonical":"https:\/\/forkommerce.com\/fr\/produit\/axe-a-goupilles-bl644\/","og_locale":"fr_FR","og_type":"article","og_title":"Axe \u00e0 goupilles BL644 | Forkommerce Spare Parts","og_description":"Axe \u00e0 goupilles BL644","og_url":"https:\/\/forkommerce.com\/fr\/produit\/axe-a-goupilles-bl644\/","og_site_name":"Forkommerce Spare Parts","article_modified_time":"2026-04-11T08:37:17+00:00","og_image":[{"width":576,"height":453,"url":"https:\/\/forkommerce.com\/wp-content\/uploads\/2026\/02\/Perno-con-coppiglie-BL644-.jpeg","type":"image\/jpeg"}],"twitter_card":"summary_large_image","twitter_misc":{"Dur\u00e9e de lecture estim\u00e9e":"1 minute"},"schema":{"@context":"https:\/\/schema.org","@graph":[{"@type":"WebPage","@id":"https:\/\/forkommerce.com\/fr\/produit\/axe-a-goupilles-bl644\/","url":"https:\/\/forkommerce.com\/fr\/produit\/axe-a-goupilles-bl644\/","name":"Axe \u00e0 goupilles BL644 | Forkommerce Spare Parts","isPartOf":{"@id":"https:\/\/forkommerce.com\/it\/#website"},"primaryImageOfPage":{"@id":"https:\/\/forkommerce.com\/fr\/produit\/axe-a-goupilles-bl644\/#primaryimage"},"image":{"@id":"https:\/\/forkommerce.com\/fr\/produit\/axe-a-goupilles-bl644\/#primaryimage"},"thumbnailUrl":"https:\/\/forkommerce.com\/wp-content\/uploads\/2026\/02\/Perno-con-coppiglie-BL644-.jpeg","datePublished":"2026-02-03T11:26:22+00:00","dateModified":"2026-04-11T08:37:17+00:00","breadcrumb":{"@id":"https:\/\/forkommerce.com\/fr\/produit\/axe-a-goupilles-bl644\/#breadcrumb"},"inLanguage":"fr-FR","potentialAction":[{"@type":"ReadAction","target":["https:\/\/forkommerce.com\/fr\/produit\/axe-a-goupilles-bl644\/"]}]},{"@type":"ImageObject","inLanguage":"fr-FR","@id":"https:\/\/forkommerce.com\/fr\/produit\/axe-a-goupilles-bl644\/#primaryimage","url":"https:\/\/forkommerce.com\/wp-content\/uploads\/2026\/02\/Perno-con-coppiglie-BL644-.jpeg","contentUrl":"https:\/\/forkommerce.com\/wp-content\/uploads\/2026\/02\/Perno-con-coppiglie-BL644-.jpeg","width":576,"height":453,"caption":"Axe \u00e0 goupilles BL644"},{"@type":"BreadcrumbList","@id":"https:\/\/forkommerce.com\/fr\/produit\/axe-a-goupilles-bl644\/#breadcrumb","itemListElement":[{"@type":"ListItem","position":1,"name":"Home","item":"https:\/\/forkommerce.com\/fr\/"},{"@type":"ListItem","position":2,"name":"Boutique","item":"https:\/\/forkommerce.com\/it\/negozio\/"},{"@type":"ListItem","position":3,"name":"Axe \u00e0 goupilles BL644"}]},{"@type":"WebSite","@id":"https:\/\/forkommerce.com\/it\/#website","url":"https:\/\/forkommerce.com\/it\/","name":"Forkommerce Spare Parts","description":"Ricambi originali e compatibili per carrelli elevatori e transpallet","publisher":{"@id":"https:\/\/forkommerce.com\/it\/#organization"},"alternateName":"Forkommerce Spare Parts","potentialAction":[{"@type":"SearchAction","target":{"@type":"EntryPoint","urlTemplate":"https:\/\/forkommerce.com\/it\/?s={search_term_string}"},"query-input":{"@type":"PropertyValueSpecification","valueRequired":true,"valueName":"search_term_string"}}],"inLanguage":"fr-FR"},{"@type":"Organization","@id":"https:\/\/forkommerce.com\/it\/#organization","name":"Forkommerce Spare Parts","url":"https:\/\/forkommerce.com\/it\/","logo":{"@type":"ImageObject","inLanguage":"fr-FR","@id":"https:\/\/forkommerce.com\/it\/#\/schema\/logo\/image\/","url":"https:\/\/forkommerce.com\/wp-content\/uploads\/2025\/09\/Logo-Forkommercex2.png","contentUrl":"https:\/\/forkommerce.com\/wp-content\/uploads\/2025\/09\/Logo-Forkommercex2.png","width":470,"height":120,"caption":"Forkommerce Spare Parts"},"image":{"@id":"https:\/\/forkommerce.com\/it\/#\/schema\/logo\/image\/"}}]}},"_links":{"self":[{"href":"https:\/\/forkommerce.com\/fr\/wp-json\/wp\/v2\/product\/2917","targetHints":{"allow":["GET"]}}],"collection":[{"href":"https:\/\/forkommerce.com\/fr\/wp-json\/wp\/v2\/product"}],"about":[{"href":"https:\/\/forkommerce.com\/fr\/wp-json\/wp\/v2\/types\/product"}],"wp:featuredmedia":[{"embeddable":true,"href":"https:\/\/forkommerce.com\/fr\/wp-json\/wp\/v2\/media\/2918"}],"wp:attachment":[{"href":"https:\/\/forkommerce.com\/fr\/wp-json\/wp\/v2\/media?parent=2917"}],"wp:term":[{"taxonomy":"product_brand","embeddable":true,"href":"https:\/\/forkommerce.com\/fr\/wp-json\/wp\/v2\/product_brand?post=2917"},{"taxonomy":"product_cat","embeddable":true,"href":"https:\/\/forkommerce.com\/fr\/wp-json\/wp\/v2\/product_cat?post=2917"},{"taxonomy":"product_tag","embeddable":true,"href":"https:\/\/forkommerce.com\/fr\/wp-json\/wp\/v2\/product_tag?post=2917"}],"curies":[{"name":"wp","href":"https:\/\/api.w.org\/{rel}","templated":true}]}}