{"id":2936,"date":"2026-02-04T08:30:02","date_gmt":"2026-02-04T07:30:02","guid":{"rendered":"https:\/\/forkommerce.com\/prodotto\/axe-avec-goupilles-bl646\/"},"modified":"2026-04-11T10:40:14","modified_gmt":"2026-04-11T08:40:14","slug":"axe-avec-goupilles-bl646","status":"publish","type":"product","link":"https:\/\/forkommerce.com\/fr\/produit\/axe-avec-goupilles-bl646\/","title":{"rendered":"Axe avec goupilles BL646"},"content":{"rendered":"<p data-start=\"30\" data-end=\"319\"><strong>Axe de chape de raccordement pour cha\u00eenes \u00e0 mailles jointives BL646 (4\u00d76), avec trou pour goupille de s\u00e9curit\u00e9.<\/strong><\/p>\n<p data-start=\"30\" data-end=\"319\">L\u2019<strong data-start=\"33\" data-end=\"62\">axe avec goupilles BL646<\/strong> est un composant de fixation con\u00e7u pour le raccordement s\u00e9curis\u00e9 des cha\u00eenes Fleyer, principalement utilis\u00e9es dans les syst\u00e8mes de levage industriel, les m\u00e2ts de chariots \u00e9l\u00e9vateurs et les applications de manutention.<\/p>\n<p data-start=\"321\" data-end=\"552\">Cet axe permet d\u2019unir et de bloquer les maillons de la cha\u00eene ou les \u00e9l\u00e9ments de raccordement correspondants, garantissant stabilit\u00e9 structurelle, haute r\u00e9sistance m\u00e9canique et s\u00e9curit\u00e9 op\u00e9rationnelle m\u00eame dans des conditions de travail difficiles.<\/p>\n<p data-start=\"554\" data-end=\"876\">Fabriqu\u00e9 en acier \u00e0 haute r\u00e9sistance, l\u2019axe est dot\u00e9 d\u2019un trou terminal pour l\u2019insertion de la goupille de s\u00e9curit\u00e9, ce qui emp\u00eache tout retrait accidentel pendant le fonctionnement.<\/p>\n<p data-start=\"554\" data-end=\"876\">L\u2019usinage pr\u00e9cis et la robustesse du mat\u00e9riau assurent fiabilit\u00e9, longue dur\u00e9e de vie et facilit\u00e9 d\u2019entretien.<\/p>\n<p data-start=\"878\" data-end=\"1052\">Il est particuli\u00e8rement indiqu\u00e9 comme pi\u00e8ce de rechange pour les cha\u00eenes industrielles de la s\u00e9rie BL, employ\u00e9es dans les installations de levage, les syst\u00e8mes de transmission et les engins de manutention.<\/p>\n<p><strong>Fabriqu\u00e9 en acier robuste pour les applications industrielles et les transmissions m\u00e9caniques. <\/strong><\/p>\n<h4 data-section-id=\"1ti5jzm\" data-start=\"1059\" data-end=\"1087\"><strong>Caract\u00e9ristiques principales :<\/strong><\/h4>\n<p data-start=\"1200\" data-end=\"1239\">Mat\u00e9riau : fabriqu\u00e9 en acier r\u00e9sistant pour applications industrielles et transmissions m\u00e9caniques.<\/p>\n<p data-start=\"1242\" data-end=\"1288\">Syst\u00e8me de fixation : goupille de s\u00e9curit\u00e9.<\/p>\n<p data-start=\"1291\" data-end=\"1337\">Haute r\u00e9sistance \u00e0 la traction et \u00e0 l\u2019usure.<\/p>\n<p data-start=\"1340\" data-end=\"1387\">Id\u00e9al pour la maintenance et les pi\u00e8ces de rechange industrielles.<\/p>\n<p data-start=\"1390\" data-end=\"1441\"> Adapt\u00e9 pour connecter les extr\u00e9mit\u00e9s de cha\u00eene ou fixer les cha\u00eenes aux supports\/fourches.<\/p>\n","protected":false},"excerpt":{"rendered":"<p>Axe avec goupilles BL646<\/p>\n","protected":false},"featured_media":2938,"template":"","meta":[],"product_brand":[],"product_cat":[205],"product_tag":[],"class_list":{"0":"post-2936","1":"product","2":"type-product","3":"status-publish","4":"has-post-thumbnail","6":"product_cat-axes-de-chaine","8":"first","9":"instock","10":"taxable","11":"shipping-taxable","12":"purchasable","13":"product-type-simple"},"yoast_head":"<!-- This site is optimized with the Yoast SEO plugin v27.3 - https:\/\/yoast.com\/product\/yoast-seo-wordpress\/ -->\n<title>Axe avec goupilles BL646 | Forkommerce Spare Parts<\/title>\n<meta name=\"robots\" content=\"index, follow, max-snippet:-1, max-image-preview:large, max-video-preview:-1\" \/>\n<link rel=\"canonical\" href=\"https:\/\/forkommerce.com\/fr\/produit\/axe-avec-goupilles-bl646\/\" \/>\n<meta property=\"og:locale\" content=\"fr_FR\" \/>\n<meta property=\"og:type\" content=\"article\" \/>\n<meta property=\"og:title\" content=\"Axe avec goupilles BL646 | Forkommerce Spare Parts\" \/>\n<meta property=\"og:description\" content=\"Axe avec goupilles BL646\" \/>\n<meta property=\"og:url\" content=\"https:\/\/forkommerce.com\/fr\/produit\/axe-avec-goupilles-bl646\/\" \/>\n<meta property=\"og:site_name\" content=\"Forkommerce Spare Parts\" \/>\n<meta property=\"article:modified_time\" content=\"2026-04-11T08:40:14+00:00\" \/>\n<meta property=\"og:image\" content=\"https:\/\/forkommerce.com\/wp-content\/uploads\/2026\/02\/Perno-con-coppiglie-BL646-1-1.jpeg\" \/>\n\t<meta property=\"og:image:width\" content=\"638\" \/>\n\t<meta property=\"og:image:height\" content=\"598\" \/>\n\t<meta property=\"og:image:type\" content=\"image\/jpeg\" \/>\n<meta name=\"twitter:card\" content=\"summary_large_image\" \/>\n<meta name=\"twitter:label1\" content=\"Dur\u00e9e de lecture estim\u00e9e\" \/>\n\t<meta name=\"twitter:data1\" content=\"1 minute\" \/>\n<script type=\"application\/ld+json\" class=\"yoast-schema-graph\">{\"@context\":\"https:\\\/\\\/schema.org\",\"@graph\":[{\"@type\":\"WebPage\",\"@id\":\"https:\\\/\\\/forkommerce.com\\\/fr\\\/produit\\\/axe-avec-goupilles-bl646\\\/\",\"url\":\"https:\\\/\\\/forkommerce.com\\\/fr\\\/produit\\\/axe-avec-goupilles-bl646\\\/\",\"name\":\"Axe avec goupilles BL646 | Forkommerce Spare Parts\",\"isPartOf\":{\"@id\":\"https:\\\/\\\/forkommerce.com\\\/it\\\/#website\"},\"primaryImageOfPage\":{\"@id\":\"https:\\\/\\\/forkommerce.com\\\/fr\\\/produit\\\/axe-avec-goupilles-bl646\\\/#primaryimage\"},\"image\":{\"@id\":\"https:\\\/\\\/forkommerce.com\\\/fr\\\/produit\\\/axe-avec-goupilles-bl646\\\/#primaryimage\"},\"thumbnailUrl\":\"https:\\\/\\\/forkommerce.com\\\/wp-content\\\/uploads\\\/2026\\\/02\\\/Perno-con-coppiglie-BL646-1-1.jpeg\",\"datePublished\":\"2026-02-04T07:30:02+00:00\",\"dateModified\":\"2026-04-11T08:40:14+00:00\",\"breadcrumb\":{\"@id\":\"https:\\\/\\\/forkommerce.com\\\/fr\\\/produit\\\/axe-avec-goupilles-bl646\\\/#breadcrumb\"},\"inLanguage\":\"fr-FR\",\"potentialAction\":[{\"@type\":\"ReadAction\",\"target\":[\"https:\\\/\\\/forkommerce.com\\\/fr\\\/produit\\\/axe-avec-goupilles-bl646\\\/\"]}]},{\"@type\":\"ImageObject\",\"inLanguage\":\"fr-FR\",\"@id\":\"https:\\\/\\\/forkommerce.com\\\/fr\\\/produit\\\/axe-avec-goupilles-bl646\\\/#primaryimage\",\"url\":\"https:\\\/\\\/forkommerce.com\\\/wp-content\\\/uploads\\\/2026\\\/02\\\/Perno-con-coppiglie-BL646-1-1.jpeg\",\"contentUrl\":\"https:\\\/\\\/forkommerce.com\\\/wp-content\\\/uploads\\\/2026\\\/02\\\/Perno-con-coppiglie-BL646-1-1.jpeg\",\"width\":638,\"height\":598,\"caption\":\"Axe avec goupilles BL646\"},{\"@type\":\"BreadcrumbList\",\"@id\":\"https:\\\/\\\/forkommerce.com\\\/fr\\\/produit\\\/axe-avec-goupilles-bl646\\\/#breadcrumb\",\"itemListElement\":[{\"@type\":\"ListItem\",\"position\":1,\"name\":\"Home\",\"item\":\"https:\\\/\\\/forkommerce.com\\\/fr\\\/\"},{\"@type\":\"ListItem\",\"position\":2,\"name\":\"Boutique\",\"item\":\"https:\\\/\\\/forkommerce.com\\\/it\\\/negozio\\\/\"},{\"@type\":\"ListItem\",\"position\":3,\"name\":\"Axe avec goupilles BL646\"}]},{\"@type\":\"WebSite\",\"@id\":\"https:\\\/\\\/forkommerce.com\\\/it\\\/#website\",\"url\":\"https:\\\/\\\/forkommerce.com\\\/it\\\/\",\"name\":\"Forkommerce Spare Parts\",\"description\":\"Ricambi originali e compatibili per carrelli elevatori e transpallet\",\"publisher\":{\"@id\":\"https:\\\/\\\/forkommerce.com\\\/it\\\/#organization\"},\"alternateName\":\"Forkommerce Spare Parts\",\"potentialAction\":[{\"@type\":\"SearchAction\",\"target\":{\"@type\":\"EntryPoint\",\"urlTemplate\":\"https:\\\/\\\/forkommerce.com\\\/it\\\/?s={search_term_string}\"},\"query-input\":{\"@type\":\"PropertyValueSpecification\",\"valueRequired\":true,\"valueName\":\"search_term_string\"}}],\"inLanguage\":\"fr-FR\"},{\"@type\":\"Organization\",\"@id\":\"https:\\\/\\\/forkommerce.com\\\/it\\\/#organization\",\"name\":\"Forkommerce Spare Parts\",\"url\":\"https:\\\/\\\/forkommerce.com\\\/it\\\/\",\"logo\":{\"@type\":\"ImageObject\",\"inLanguage\":\"fr-FR\",\"@id\":\"https:\\\/\\\/forkommerce.com\\\/it\\\/#\\\/schema\\\/logo\\\/image\\\/\",\"url\":\"https:\\\/\\\/forkommerce.com\\\/wp-content\\\/uploads\\\/2025\\\/09\\\/Logo-Forkommercex2.png\",\"contentUrl\":\"https:\\\/\\\/forkommerce.com\\\/wp-content\\\/uploads\\\/2025\\\/09\\\/Logo-Forkommercex2.png\",\"width\":470,\"height\":120,\"caption\":\"Forkommerce Spare Parts\"},\"image\":{\"@id\":\"https:\\\/\\\/forkommerce.com\\\/it\\\/#\\\/schema\\\/logo\\\/image\\\/\"}}]}<\/script>\n<!-- \/ Yoast SEO plugin. -->","yoast_head_json":{"title":"Axe avec goupilles BL646 | Forkommerce Spare Parts","robots":{"index":"index","follow":"follow","max-snippet":"max-snippet:-1","max-image-preview":"max-image-preview:large","max-video-preview":"max-video-preview:-1"},"canonical":"https:\/\/forkommerce.com\/fr\/produit\/axe-avec-goupilles-bl646\/","og_locale":"fr_FR","og_type":"article","og_title":"Axe avec goupilles BL646 | Forkommerce Spare Parts","og_description":"Axe avec goupilles BL646","og_url":"https:\/\/forkommerce.com\/fr\/produit\/axe-avec-goupilles-bl646\/","og_site_name":"Forkommerce Spare Parts","article_modified_time":"2026-04-11T08:40:14+00:00","og_image":[{"width":638,"height":598,"url":"https:\/\/forkommerce.com\/wp-content\/uploads\/2026\/02\/Perno-con-coppiglie-BL646-1-1.jpeg","type":"image\/jpeg"}],"twitter_card":"summary_large_image","twitter_misc":{"Dur\u00e9e de lecture estim\u00e9e":"1 minute"},"schema":{"@context":"https:\/\/schema.org","@graph":[{"@type":"WebPage","@id":"https:\/\/forkommerce.com\/fr\/produit\/axe-avec-goupilles-bl646\/","url":"https:\/\/forkommerce.com\/fr\/produit\/axe-avec-goupilles-bl646\/","name":"Axe avec goupilles BL646 | Forkommerce Spare Parts","isPartOf":{"@id":"https:\/\/forkommerce.com\/it\/#website"},"primaryImageOfPage":{"@id":"https:\/\/forkommerce.com\/fr\/produit\/axe-avec-goupilles-bl646\/#primaryimage"},"image":{"@id":"https:\/\/forkommerce.com\/fr\/produit\/axe-avec-goupilles-bl646\/#primaryimage"},"thumbnailUrl":"https:\/\/forkommerce.com\/wp-content\/uploads\/2026\/02\/Perno-con-coppiglie-BL646-1-1.jpeg","datePublished":"2026-02-04T07:30:02+00:00","dateModified":"2026-04-11T08:40:14+00:00","breadcrumb":{"@id":"https:\/\/forkommerce.com\/fr\/produit\/axe-avec-goupilles-bl646\/#breadcrumb"},"inLanguage":"fr-FR","potentialAction":[{"@type":"ReadAction","target":["https:\/\/forkommerce.com\/fr\/produit\/axe-avec-goupilles-bl646\/"]}]},{"@type":"ImageObject","inLanguage":"fr-FR","@id":"https:\/\/forkommerce.com\/fr\/produit\/axe-avec-goupilles-bl646\/#primaryimage","url":"https:\/\/forkommerce.com\/wp-content\/uploads\/2026\/02\/Perno-con-coppiglie-BL646-1-1.jpeg","contentUrl":"https:\/\/forkommerce.com\/wp-content\/uploads\/2026\/02\/Perno-con-coppiglie-BL646-1-1.jpeg","width":638,"height":598,"caption":"Axe avec goupilles BL646"},{"@type":"BreadcrumbList","@id":"https:\/\/forkommerce.com\/fr\/produit\/axe-avec-goupilles-bl646\/#breadcrumb","itemListElement":[{"@type":"ListItem","position":1,"name":"Home","item":"https:\/\/forkommerce.com\/fr\/"},{"@type":"ListItem","position":2,"name":"Boutique","item":"https:\/\/forkommerce.com\/it\/negozio\/"},{"@type":"ListItem","position":3,"name":"Axe avec goupilles BL646"}]},{"@type":"WebSite","@id":"https:\/\/forkommerce.com\/it\/#website","url":"https:\/\/forkommerce.com\/it\/","name":"Forkommerce Spare Parts","description":"Ricambi originali e compatibili per carrelli elevatori e transpallet","publisher":{"@id":"https:\/\/forkommerce.com\/it\/#organization"},"alternateName":"Forkommerce Spare Parts","potentialAction":[{"@type":"SearchAction","target":{"@type":"EntryPoint","urlTemplate":"https:\/\/forkommerce.com\/it\/?s={search_term_string}"},"query-input":{"@type":"PropertyValueSpecification","valueRequired":true,"valueName":"search_term_string"}}],"inLanguage":"fr-FR"},{"@type":"Organization","@id":"https:\/\/forkommerce.com\/it\/#organization","name":"Forkommerce Spare Parts","url":"https:\/\/forkommerce.com\/it\/","logo":{"@type":"ImageObject","inLanguage":"fr-FR","@id":"https:\/\/forkommerce.com\/it\/#\/schema\/logo\/image\/","url":"https:\/\/forkommerce.com\/wp-content\/uploads\/2025\/09\/Logo-Forkommercex2.png","contentUrl":"https:\/\/forkommerce.com\/wp-content\/uploads\/2025\/09\/Logo-Forkommercex2.png","width":470,"height":120,"caption":"Forkommerce Spare Parts"},"image":{"@id":"https:\/\/forkommerce.com\/it\/#\/schema\/logo\/image\/"}}]}},"_links":{"self":[{"href":"https:\/\/forkommerce.com\/fr\/wp-json\/wp\/v2\/product\/2936","targetHints":{"allow":["GET"]}}],"collection":[{"href":"https:\/\/forkommerce.com\/fr\/wp-json\/wp\/v2\/product"}],"about":[{"href":"https:\/\/forkommerce.com\/fr\/wp-json\/wp\/v2\/types\/product"}],"wp:featuredmedia":[{"embeddable":true,"href":"https:\/\/forkommerce.com\/fr\/wp-json\/wp\/v2\/media\/2938"}],"wp:attachment":[{"href":"https:\/\/forkommerce.com\/fr\/wp-json\/wp\/v2\/media?parent=2936"}],"wp:term":[{"taxonomy":"product_brand","embeddable":true,"href":"https:\/\/forkommerce.com\/fr\/wp-json\/wp\/v2\/product_brand?post=2936"},{"taxonomy":"product_cat","embeddable":true,"href":"https:\/\/forkommerce.com\/fr\/wp-json\/wp\/v2\/product_cat?post=2936"},{"taxonomy":"product_tag","embeddable":true,"href":"https:\/\/forkommerce.com\/fr\/wp-json\/wp\/v2\/product_tag?post=2936"}],"curies":[{"name":"wp","href":"https:\/\/api.w.org\/{rel}","templated":true}]}}