{"id":2939,"date":"2026-02-03T11:39:59","date_gmt":"2026-02-03T10:39:59","guid":{"rendered":"https:\/\/forkommerce.com\/prodotto\/axe-a-goupilles-bl546\/"},"modified":"2026-02-03T11:39:59","modified_gmt":"2026-02-03T10:39:59","slug":"axe-a-goupilles-bl546","status":"publish","type":"product","link":"https:\/\/forkommerce.com\/fr\/produit\/axe-a-goupilles-bl546\/","title":{"rendered":"Axe \u00e0 goupilles BL546"},"content":{"rendered":"<p><strong>Axe \u00e0 goupilles BL546<\/strong><\/p>\n<p><strong>Axe \u00e0 goupille compatible avec cha\u00eene Leaf BL546 \u2013 \u00d8 5,94\u202fmm \u00d7 13,75\u202fmm<\/strong><\/p>\n<p><strong>Axe de liaison en acier \u00e0 haute r\u00e9sistance compatible avec les cha\u00eenes leaf BL546 (ANSI\/ISO) au pas de 5\/8\u2033 (15,875\u202fmm) et configuration 4\u00d76. <\/strong><\/p>\n<p><strong>Le corps de l\u2019axe a un diam\u00e8tre nominal d\u2019environ 5,94\u202fmm et une longueur utile d\u2019environ 13,75\u202fmm, correspondant aux dimensions des maillons de la cha\u00eene BL546. <\/strong><\/p>\n<p><strong>Dot\u00e9 d\u2019un per\u00e7age pour goupille fendue (<em>split cotter pin<\/em>) pour un verrouillage s\u00fbr et un d\u00e9montage facile, cet axe est id\u00e9al pour la maintenance, les r\u00e9parations ou l\u2019assemblage de cha\u00eenes dans les applications de levage, chariots \u00e9l\u00e9vateurs, installations de manutention et syst\u00e8mes industriels. <\/strong><\/p>\n<p><strong>Caract\u00e9ristiques principales :<\/strong><\/p>\n<ul>\n<li><strong>\ud83d\udccf<\/strong><strong> Diam\u00e8tre de l\u2019axe : \u2248 5,94\u202fmm \u2013 compatible avec cha\u00eene BL546. <\/strong> <\/li>\n<li><strong>\ud83d\udcd0<\/strong><strong> Longueur du corps de l\u2019axe : \u2248 13,75\u202fmm \u2013 adapt\u00e9e pour traverser les plaques du maillon. <\/strong> <\/li>\n<li><strong>\ud83d\udd29<\/strong><strong> Mat\u00e9riau : acier \u00e0 haute r\u00e9sistance pour des performances durables.<\/strong><\/li>\n<li><strong>\ud83d\udd12<\/strong><strong>  Fixation : pr\u00e9vu pour goupille m\u00e9tallique fendue (<em>split pin<\/em>).<\/strong><\/li>\n<li><strong>\ud83c\udfed<\/strong><strong> Utilisation : axes de jonction et de verrouillage sur cha\u00eenes leaf dans les syst\u00e8mes de levage et manutention.<\/strong><\/li>\n<li><strong>\u2699\ufe0f<\/strong><strong> Compatibilit\u00e9 : cha\u00eene leaf BL546 ANSI B29.8 \/ ISO 4347, combinaison 4\u00d76.<\/strong><\/li>\n<\/ul>\n","protected":false},"excerpt":{"rendered":"<p>Axe \u00e0 goupilles BL546 Axe \u00e0 goupille compatible avec cha\u00eene  [&#8230;]<\/p>\n","protected":false},"featured_media":2940,"template":"","meta":[],"product_brand":[],"product_cat":[205],"product_tag":[],"class_list":{"0":"post-2939","1":"product","2":"type-product","3":"status-publish","4":"has-post-thumbnail","6":"product_cat-axes-de-chaine","8":"first","9":"instock","10":"taxable","11":"shipping-taxable","12":"purchasable","13":"product-type-simple"},"yoast_head":"<!-- This site is optimized with the Yoast SEO plugin v27.3 - https:\/\/yoast.com\/product\/yoast-seo-wordpress\/ -->\n<title>Axe \u00e0 goupilles BL546 | Forkommerce Spare Parts<\/title>\n<meta name=\"robots\" content=\"index, follow, max-snippet:-1, max-image-preview:large, max-video-preview:-1\" \/>\n<link rel=\"canonical\" href=\"https:\/\/forkommerce.com\/fr\/produit\/axe-a-goupilles-bl546\/\" \/>\n<meta property=\"og:locale\" content=\"fr_FR\" \/>\n<meta property=\"og:type\" content=\"article\" \/>\n<meta property=\"og:title\" content=\"Axe \u00e0 goupilles BL546 | Forkommerce Spare Parts\" \/>\n<meta property=\"og:description\" content=\"Axe \u00e0 goupilles BL546 Axe \u00e0 goupille compatible avec cha\u00eene [...]\" \/>\n<meta property=\"og:url\" content=\"https:\/\/forkommerce.com\/fr\/produit\/axe-a-goupilles-bl546\/\" \/>\n<meta property=\"og:site_name\" content=\"Forkommerce Spare Parts\" \/>\n<meta property=\"og:image\" content=\"https:\/\/forkommerce.com\/wp-content\/uploads\/2026\/02\/Perno-con-coppiglie-BL544-.jpeg\" \/>\n\t<meta property=\"og:image:width\" content=\"333\" \/>\n\t<meta property=\"og:image:height\" content=\"421\" \/>\n\t<meta property=\"og:image:type\" content=\"image\/jpeg\" \/>\n<meta name=\"twitter:card\" content=\"summary_large_image\" \/>\n<meta name=\"twitter:label1\" content=\"Dur\u00e9e de lecture estim\u00e9e\" \/>\n\t<meta name=\"twitter:data1\" content=\"1 minute\" \/>\n<script type=\"application\/ld+json\" class=\"yoast-schema-graph\">{\"@context\":\"https:\\\/\\\/schema.org\",\"@graph\":[{\"@type\":\"WebPage\",\"@id\":\"https:\\\/\\\/forkommerce.com\\\/fr\\\/produit\\\/axe-a-goupilles-bl546\\\/\",\"url\":\"https:\\\/\\\/forkommerce.com\\\/fr\\\/produit\\\/axe-a-goupilles-bl546\\\/\",\"name\":\"Axe \u00e0 goupilles BL546 | Forkommerce Spare Parts\",\"isPartOf\":{\"@id\":\"https:\\\/\\\/forkommerce.com\\\/it\\\/#website\"},\"primaryImageOfPage\":{\"@id\":\"https:\\\/\\\/forkommerce.com\\\/fr\\\/produit\\\/axe-a-goupilles-bl546\\\/#primaryimage\"},\"image\":{\"@id\":\"https:\\\/\\\/forkommerce.com\\\/fr\\\/produit\\\/axe-a-goupilles-bl546\\\/#primaryimage\"},\"thumbnailUrl\":\"https:\\\/\\\/forkommerce.com\\\/wp-content\\\/uploads\\\/2026\\\/02\\\/Perno-con-coppiglie-BL544-.jpeg\",\"datePublished\":\"2026-02-03T10:39:59+00:00\",\"breadcrumb\":{\"@id\":\"https:\\\/\\\/forkommerce.com\\\/fr\\\/produit\\\/axe-a-goupilles-bl546\\\/#breadcrumb\"},\"inLanguage\":\"fr-FR\",\"potentialAction\":[{\"@type\":\"ReadAction\",\"target\":[\"https:\\\/\\\/forkommerce.com\\\/fr\\\/produit\\\/axe-a-goupilles-bl546\\\/\"]}]},{\"@type\":\"ImageObject\",\"inLanguage\":\"fr-FR\",\"@id\":\"https:\\\/\\\/forkommerce.com\\\/fr\\\/produit\\\/axe-a-goupilles-bl546\\\/#primaryimage\",\"url\":\"https:\\\/\\\/forkommerce.com\\\/wp-content\\\/uploads\\\/2026\\\/02\\\/Perno-con-coppiglie-BL544-.jpeg\",\"contentUrl\":\"https:\\\/\\\/forkommerce.com\\\/wp-content\\\/uploads\\\/2026\\\/02\\\/Perno-con-coppiglie-BL544-.jpeg\",\"width\":333,\"height\":421,\"caption\":\"Axe \u00e0 goupilles BL544\"},{\"@type\":\"BreadcrumbList\",\"@id\":\"https:\\\/\\\/forkommerce.com\\\/fr\\\/produit\\\/axe-a-goupilles-bl546\\\/#breadcrumb\",\"itemListElement\":[{\"@type\":\"ListItem\",\"position\":1,\"name\":\"Home\",\"item\":\"https:\\\/\\\/forkommerce.com\\\/fr\\\/\"},{\"@type\":\"ListItem\",\"position\":2,\"name\":\"Boutique\",\"item\":\"https:\\\/\\\/forkommerce.com\\\/it\\\/negozio\\\/\"},{\"@type\":\"ListItem\",\"position\":3,\"name\":\"Axe \u00e0 goupilles BL546\"}]},{\"@type\":\"WebSite\",\"@id\":\"https:\\\/\\\/forkommerce.com\\\/it\\\/#website\",\"url\":\"https:\\\/\\\/forkommerce.com\\\/it\\\/\",\"name\":\"Forkommerce Spare Parts\",\"description\":\"Ricambi originali e compatibili per carrelli elevatori e transpallet\",\"publisher\":{\"@id\":\"https:\\\/\\\/forkommerce.com\\\/it\\\/#organization\"},\"alternateName\":\"Forkommerce Spare Parts\",\"potentialAction\":[{\"@type\":\"SearchAction\",\"target\":{\"@type\":\"EntryPoint\",\"urlTemplate\":\"https:\\\/\\\/forkommerce.com\\\/it\\\/?s={search_term_string}\"},\"query-input\":{\"@type\":\"PropertyValueSpecification\",\"valueRequired\":true,\"valueName\":\"search_term_string\"}}],\"inLanguage\":\"fr-FR\"},{\"@type\":\"Organization\",\"@id\":\"https:\\\/\\\/forkommerce.com\\\/it\\\/#organization\",\"name\":\"Forkommerce Spare Parts\",\"url\":\"https:\\\/\\\/forkommerce.com\\\/it\\\/\",\"logo\":{\"@type\":\"ImageObject\",\"inLanguage\":\"fr-FR\",\"@id\":\"https:\\\/\\\/forkommerce.com\\\/it\\\/#\\\/schema\\\/logo\\\/image\\\/\",\"url\":\"https:\\\/\\\/forkommerce.com\\\/wp-content\\\/uploads\\\/2025\\\/09\\\/Logo-Forkommercex2.png\",\"contentUrl\":\"https:\\\/\\\/forkommerce.com\\\/wp-content\\\/uploads\\\/2025\\\/09\\\/Logo-Forkommercex2.png\",\"width\":470,\"height\":120,\"caption\":\"Forkommerce Spare Parts\"},\"image\":{\"@id\":\"https:\\\/\\\/forkommerce.com\\\/it\\\/#\\\/schema\\\/logo\\\/image\\\/\"}}]}<\/script>\n<!-- \/ Yoast SEO plugin. -->","yoast_head_json":{"title":"Axe \u00e0 goupilles BL546 | Forkommerce Spare Parts","robots":{"index":"index","follow":"follow","max-snippet":"max-snippet:-1","max-image-preview":"max-image-preview:large","max-video-preview":"max-video-preview:-1"},"canonical":"https:\/\/forkommerce.com\/fr\/produit\/axe-a-goupilles-bl546\/","og_locale":"fr_FR","og_type":"article","og_title":"Axe \u00e0 goupilles BL546 | Forkommerce Spare Parts","og_description":"Axe \u00e0 goupilles BL546 Axe \u00e0 goupille compatible avec cha\u00eene [...]","og_url":"https:\/\/forkommerce.com\/fr\/produit\/axe-a-goupilles-bl546\/","og_site_name":"Forkommerce Spare Parts","og_image":[{"width":333,"height":421,"url":"https:\/\/forkommerce.com\/wp-content\/uploads\/2026\/02\/Perno-con-coppiglie-BL544-.jpeg","type":"image\/jpeg"}],"twitter_card":"summary_large_image","twitter_misc":{"Dur\u00e9e de lecture estim\u00e9e":"1 minute"},"schema":{"@context":"https:\/\/schema.org","@graph":[{"@type":"WebPage","@id":"https:\/\/forkommerce.com\/fr\/produit\/axe-a-goupilles-bl546\/","url":"https:\/\/forkommerce.com\/fr\/produit\/axe-a-goupilles-bl546\/","name":"Axe \u00e0 goupilles BL546 | Forkommerce Spare Parts","isPartOf":{"@id":"https:\/\/forkommerce.com\/it\/#website"},"primaryImageOfPage":{"@id":"https:\/\/forkommerce.com\/fr\/produit\/axe-a-goupilles-bl546\/#primaryimage"},"image":{"@id":"https:\/\/forkommerce.com\/fr\/produit\/axe-a-goupilles-bl546\/#primaryimage"},"thumbnailUrl":"https:\/\/forkommerce.com\/wp-content\/uploads\/2026\/02\/Perno-con-coppiglie-BL544-.jpeg","datePublished":"2026-02-03T10:39:59+00:00","breadcrumb":{"@id":"https:\/\/forkommerce.com\/fr\/produit\/axe-a-goupilles-bl546\/#breadcrumb"},"inLanguage":"fr-FR","potentialAction":[{"@type":"ReadAction","target":["https:\/\/forkommerce.com\/fr\/produit\/axe-a-goupilles-bl546\/"]}]},{"@type":"ImageObject","inLanguage":"fr-FR","@id":"https:\/\/forkommerce.com\/fr\/produit\/axe-a-goupilles-bl546\/#primaryimage","url":"https:\/\/forkommerce.com\/wp-content\/uploads\/2026\/02\/Perno-con-coppiglie-BL544-.jpeg","contentUrl":"https:\/\/forkommerce.com\/wp-content\/uploads\/2026\/02\/Perno-con-coppiglie-BL544-.jpeg","width":333,"height":421,"caption":"Axe \u00e0 goupilles BL544"},{"@type":"BreadcrumbList","@id":"https:\/\/forkommerce.com\/fr\/produit\/axe-a-goupilles-bl546\/#breadcrumb","itemListElement":[{"@type":"ListItem","position":1,"name":"Home","item":"https:\/\/forkommerce.com\/fr\/"},{"@type":"ListItem","position":2,"name":"Boutique","item":"https:\/\/forkommerce.com\/it\/negozio\/"},{"@type":"ListItem","position":3,"name":"Axe \u00e0 goupilles BL546"}]},{"@type":"WebSite","@id":"https:\/\/forkommerce.com\/it\/#website","url":"https:\/\/forkommerce.com\/it\/","name":"Forkommerce Spare Parts","description":"Ricambi originali e compatibili per carrelli elevatori e transpallet","publisher":{"@id":"https:\/\/forkommerce.com\/it\/#organization"},"alternateName":"Forkommerce Spare Parts","potentialAction":[{"@type":"SearchAction","target":{"@type":"EntryPoint","urlTemplate":"https:\/\/forkommerce.com\/it\/?s={search_term_string}"},"query-input":{"@type":"PropertyValueSpecification","valueRequired":true,"valueName":"search_term_string"}}],"inLanguage":"fr-FR"},{"@type":"Organization","@id":"https:\/\/forkommerce.com\/it\/#organization","name":"Forkommerce Spare Parts","url":"https:\/\/forkommerce.com\/it\/","logo":{"@type":"ImageObject","inLanguage":"fr-FR","@id":"https:\/\/forkommerce.com\/it\/#\/schema\/logo\/image\/","url":"https:\/\/forkommerce.com\/wp-content\/uploads\/2025\/09\/Logo-Forkommercex2.png","contentUrl":"https:\/\/forkommerce.com\/wp-content\/uploads\/2025\/09\/Logo-Forkommercex2.png","width":470,"height":120,"caption":"Forkommerce Spare Parts"},"image":{"@id":"https:\/\/forkommerce.com\/it\/#\/schema\/logo\/image\/"}}]}},"_links":{"self":[{"href":"https:\/\/forkommerce.com\/fr\/wp-json\/wp\/v2\/product\/2939","targetHints":{"allow":["GET"]}}],"collection":[{"href":"https:\/\/forkommerce.com\/fr\/wp-json\/wp\/v2\/product"}],"about":[{"href":"https:\/\/forkommerce.com\/fr\/wp-json\/wp\/v2\/types\/product"}],"wp:featuredmedia":[{"embeddable":true,"href":"https:\/\/forkommerce.com\/fr\/wp-json\/wp\/v2\/media\/2940"}],"wp:attachment":[{"href":"https:\/\/forkommerce.com\/fr\/wp-json\/wp\/v2\/media?parent=2939"}],"wp:term":[{"taxonomy":"product_brand","embeddable":true,"href":"https:\/\/forkommerce.com\/fr\/wp-json\/wp\/v2\/product_brand?post=2939"},{"taxonomy":"product_cat","embeddable":true,"href":"https:\/\/forkommerce.com\/fr\/wp-json\/wp\/v2\/product_cat?post=2939"},{"taxonomy":"product_tag","embeddable":true,"href":"https:\/\/forkommerce.com\/fr\/wp-json\/wp\/v2\/product_tag?post=2939"}],"curies":[{"name":"wp","href":"https:\/\/api.w.org\/{rel}","templated":true}]}}