{"id":2952,"date":"2026-02-03T11:21:47","date_gmt":"2026-02-03T10:21:47","guid":{"rendered":"https:\/\/forkommerce.com\/prodotto\/axe-a-goupilles-bl544\/"},"modified":"2026-02-03T11:21:47","modified_gmt":"2026-02-03T10:21:47","slug":"axe-a-goupilles-bl544","status":"publish","type":"product","link":"https:\/\/forkommerce.com\/fr\/produit\/axe-a-goupilles-bl544\/","title":{"rendered":"Axe \u00e0 goupilles BL544"},"content":{"rendered":"<p><strong>Axe \u00e0 goupilles BL544 <\/strong><\/p>\n<p><strong>Axe \u00e0 goupille pour cha\u00eene Leaf BL544 \u2013 \u00d8 5,94\u202fmm \u00d7 11,28\u202fmm (compatible)<\/strong><\/p>\n<p><strong>Axe de jonction en acier \u00e0 haute r\u00e9sistance con\u00e7u pour une utilisation avec les cha\u00eenes \u00e0 plaques BL544 (ANSI\/ISO) au pas de 5\/8\u2033 et combinaison 4\u00d74. <\/strong><\/p>\n<p><strong>Le corps cylindrique a un diam\u00e8tre nominal de \u2248 5,94\u202fmm et une longueur compatible de \u2248 11,28\u202fmm (traverse les plaques de la cha\u00eene), avec un trou pr\u00e9vu pour une fixation par goupille fendue (<em>split cotter pin<\/em>) incluse ou choisie s\u00e9par\u00e9ment. <\/strong><\/p>\n<p><strong>Garantit des connexions s\u00fbres et d\u00e9montables pour les maillons de cha\u00eene, id\u00e9al pour la maintenance, les r\u00e9parations ou les assemblages sur mesure dans les applications de levage et de manutention. <\/strong><\/p>\n<p><strong> <\/strong><\/p>\n<p><strong>Principales caract\u00e9ristiques techniques :<\/strong><\/p>\n<ul>\n<li><strong>\ud83d\udccf<\/strong><strong> Diam\u00e8tre de l\u2019axe : \u2248 5,94\u202fmm \u2014 compatible avec l\u2019al\u00e9sage des plaques BL544. <\/strong> <\/li>\n<li><strong>\ud83d\udcd0<\/strong><strong> Longueur du corps de l\u2019axe : \u2248 11,28\u202fmm (compatible avec la combinaison de plaques 4\u00d74). <\/strong> <\/li>\n<li><strong>\ud83e\uddf0<\/strong><strong> Mat\u00e9riau : acier \u00e0 haute r\u00e9sistance avec possibilit\u00e9 de rev\u00eatement zingu\u00e9\/oxyd\u00e9 pour la protection.<\/strong><\/li>\n<li><strong>\ud83d\udd29<\/strong><strong>  Fixation : trou pr\u00e9vu pour goupille (<em>split cotter pin<\/em>) pour un verrouillage s\u00e9curis\u00e9.<\/strong><\/li>\n<li><strong>\ud83c\udfd7\ufe0f<\/strong><strong> Utilisation : raccordements et jonctions amovibles pour cha\u00eenes BL544 utilis\u00e9es sur les m\u00e2ts de chariots \u00e9l\u00e9vateurs, \u00e9l\u00e9vateurs et installations. <\/strong> <\/li>\n<li><strong>\u2699\ufe0f<\/strong><strong> Compatibilit\u00e9 : cha\u00eene \u00e0 plaques BL544 ANSI B29.8 \/ ISO4347.<\/strong><\/li>\n<\/ul>\n","protected":false},"excerpt":{"rendered":"<p><strong>Axe \u00e0 goupilles BL544<\/strong><\/p>\n","protected":false},"featured_media":2940,"template":"","meta":[],"product_brand":[],"product_cat":[205],"product_tag":[],"class_list":{"0":"post-2952","1":"product","2":"type-product","3":"status-publish","4":"has-post-thumbnail","6":"product_cat-axes-de-chaine","8":"first","9":"instock","10":"taxable","11":"shipping-taxable","12":"purchasable","13":"product-type-simple"},"yoast_head":"<!-- This site is optimized with the Yoast SEO plugin v27.3 - https:\/\/yoast.com\/product\/yoast-seo-wordpress\/ -->\n<title>Axe \u00e0 goupilles BL544 | Forkommerce Spare Parts<\/title>\n<meta name=\"robots\" content=\"index, follow, max-snippet:-1, max-image-preview:large, max-video-preview:-1\" \/>\n<link rel=\"canonical\" href=\"https:\/\/forkommerce.com\/fr\/produit\/axe-a-goupilles-bl544\/\" \/>\n<meta property=\"og:locale\" content=\"fr_FR\" \/>\n<meta property=\"og:type\" content=\"article\" \/>\n<meta property=\"og:title\" content=\"Axe \u00e0 goupilles BL544 | Forkommerce Spare Parts\" \/>\n<meta property=\"og:description\" content=\"Axe \u00e0 goupilles BL544\" \/>\n<meta property=\"og:url\" content=\"https:\/\/forkommerce.com\/fr\/produit\/axe-a-goupilles-bl544\/\" \/>\n<meta property=\"og:site_name\" content=\"Forkommerce Spare Parts\" \/>\n<meta property=\"og:image\" content=\"https:\/\/forkommerce.com\/wp-content\/uploads\/2026\/02\/Perno-con-coppiglie-BL544-.jpeg\" \/>\n\t<meta property=\"og:image:width\" content=\"333\" \/>\n\t<meta property=\"og:image:height\" content=\"421\" \/>\n\t<meta property=\"og:image:type\" content=\"image\/jpeg\" \/>\n<meta name=\"twitter:card\" content=\"summary_large_image\" \/>\n<meta name=\"twitter:label1\" content=\"Dur\u00e9e de lecture estim\u00e9e\" \/>\n\t<meta name=\"twitter:data1\" content=\"1 minute\" \/>\n<script type=\"application\/ld+json\" class=\"yoast-schema-graph\">{\"@context\":\"https:\\\/\\\/schema.org\",\"@graph\":[{\"@type\":\"WebPage\",\"@id\":\"https:\\\/\\\/forkommerce.com\\\/fr\\\/produit\\\/axe-a-goupilles-bl544\\\/\",\"url\":\"https:\\\/\\\/forkommerce.com\\\/fr\\\/produit\\\/axe-a-goupilles-bl544\\\/\",\"name\":\"Axe \u00e0 goupilles BL544 | Forkommerce Spare Parts\",\"isPartOf\":{\"@id\":\"https:\\\/\\\/forkommerce.com\\\/it\\\/#website\"},\"primaryImageOfPage\":{\"@id\":\"https:\\\/\\\/forkommerce.com\\\/fr\\\/produit\\\/axe-a-goupilles-bl544\\\/#primaryimage\"},\"image\":{\"@id\":\"https:\\\/\\\/forkommerce.com\\\/fr\\\/produit\\\/axe-a-goupilles-bl544\\\/#primaryimage\"},\"thumbnailUrl\":\"https:\\\/\\\/forkommerce.com\\\/wp-content\\\/uploads\\\/2026\\\/02\\\/Perno-con-coppiglie-BL544-.jpeg\",\"datePublished\":\"2026-02-03T10:21:47+00:00\",\"breadcrumb\":{\"@id\":\"https:\\\/\\\/forkommerce.com\\\/fr\\\/produit\\\/axe-a-goupilles-bl544\\\/#breadcrumb\"},\"inLanguage\":\"fr-FR\",\"potentialAction\":[{\"@type\":\"ReadAction\",\"target\":[\"https:\\\/\\\/forkommerce.com\\\/fr\\\/produit\\\/axe-a-goupilles-bl544\\\/\"]}]},{\"@type\":\"ImageObject\",\"inLanguage\":\"fr-FR\",\"@id\":\"https:\\\/\\\/forkommerce.com\\\/fr\\\/produit\\\/axe-a-goupilles-bl544\\\/#primaryimage\",\"url\":\"https:\\\/\\\/forkommerce.com\\\/wp-content\\\/uploads\\\/2026\\\/02\\\/Perno-con-coppiglie-BL544-.jpeg\",\"contentUrl\":\"https:\\\/\\\/forkommerce.com\\\/wp-content\\\/uploads\\\/2026\\\/02\\\/Perno-con-coppiglie-BL544-.jpeg\",\"width\":333,\"height\":421,\"caption\":\"Axe \u00e0 goupilles BL544\"},{\"@type\":\"BreadcrumbList\",\"@id\":\"https:\\\/\\\/forkommerce.com\\\/fr\\\/produit\\\/axe-a-goupilles-bl544\\\/#breadcrumb\",\"itemListElement\":[{\"@type\":\"ListItem\",\"position\":1,\"name\":\"Home\",\"item\":\"https:\\\/\\\/forkommerce.com\\\/fr\\\/\"},{\"@type\":\"ListItem\",\"position\":2,\"name\":\"Boutique\",\"item\":\"https:\\\/\\\/forkommerce.com\\\/it\\\/negozio\\\/\"},{\"@type\":\"ListItem\",\"position\":3,\"name\":\"Axe \u00e0 goupilles BL544\"}]},{\"@type\":\"WebSite\",\"@id\":\"https:\\\/\\\/forkommerce.com\\\/it\\\/#website\",\"url\":\"https:\\\/\\\/forkommerce.com\\\/it\\\/\",\"name\":\"Forkommerce Spare Parts\",\"description\":\"Ricambi originali e compatibili per carrelli elevatori e transpallet\",\"publisher\":{\"@id\":\"https:\\\/\\\/forkommerce.com\\\/it\\\/#organization\"},\"alternateName\":\"Forkommerce Spare Parts\",\"potentialAction\":[{\"@type\":\"SearchAction\",\"target\":{\"@type\":\"EntryPoint\",\"urlTemplate\":\"https:\\\/\\\/forkommerce.com\\\/it\\\/?s={search_term_string}\"},\"query-input\":{\"@type\":\"PropertyValueSpecification\",\"valueRequired\":true,\"valueName\":\"search_term_string\"}}],\"inLanguage\":\"fr-FR\"},{\"@type\":\"Organization\",\"@id\":\"https:\\\/\\\/forkommerce.com\\\/it\\\/#organization\",\"name\":\"Forkommerce Spare Parts\",\"url\":\"https:\\\/\\\/forkommerce.com\\\/it\\\/\",\"logo\":{\"@type\":\"ImageObject\",\"inLanguage\":\"fr-FR\",\"@id\":\"https:\\\/\\\/forkommerce.com\\\/it\\\/#\\\/schema\\\/logo\\\/image\\\/\",\"url\":\"https:\\\/\\\/forkommerce.com\\\/wp-content\\\/uploads\\\/2025\\\/09\\\/Logo-Forkommercex2.png\",\"contentUrl\":\"https:\\\/\\\/forkommerce.com\\\/wp-content\\\/uploads\\\/2025\\\/09\\\/Logo-Forkommercex2.png\",\"width\":470,\"height\":120,\"caption\":\"Forkommerce Spare Parts\"},\"image\":{\"@id\":\"https:\\\/\\\/forkommerce.com\\\/it\\\/#\\\/schema\\\/logo\\\/image\\\/\"}}]}<\/script>\n<!-- \/ Yoast SEO plugin. -->","yoast_head_json":{"title":"Axe \u00e0 goupilles BL544 | Forkommerce Spare Parts","robots":{"index":"index","follow":"follow","max-snippet":"max-snippet:-1","max-image-preview":"max-image-preview:large","max-video-preview":"max-video-preview:-1"},"canonical":"https:\/\/forkommerce.com\/fr\/produit\/axe-a-goupilles-bl544\/","og_locale":"fr_FR","og_type":"article","og_title":"Axe \u00e0 goupilles BL544 | Forkommerce Spare Parts","og_description":"Axe \u00e0 goupilles BL544","og_url":"https:\/\/forkommerce.com\/fr\/produit\/axe-a-goupilles-bl544\/","og_site_name":"Forkommerce Spare Parts","og_image":[{"width":333,"height":421,"url":"https:\/\/forkommerce.com\/wp-content\/uploads\/2026\/02\/Perno-con-coppiglie-BL544-.jpeg","type":"image\/jpeg"}],"twitter_card":"summary_large_image","twitter_misc":{"Dur\u00e9e de lecture estim\u00e9e":"1 minute"},"schema":{"@context":"https:\/\/schema.org","@graph":[{"@type":"WebPage","@id":"https:\/\/forkommerce.com\/fr\/produit\/axe-a-goupilles-bl544\/","url":"https:\/\/forkommerce.com\/fr\/produit\/axe-a-goupilles-bl544\/","name":"Axe \u00e0 goupilles BL544 | Forkommerce Spare Parts","isPartOf":{"@id":"https:\/\/forkommerce.com\/it\/#website"},"primaryImageOfPage":{"@id":"https:\/\/forkommerce.com\/fr\/produit\/axe-a-goupilles-bl544\/#primaryimage"},"image":{"@id":"https:\/\/forkommerce.com\/fr\/produit\/axe-a-goupilles-bl544\/#primaryimage"},"thumbnailUrl":"https:\/\/forkommerce.com\/wp-content\/uploads\/2026\/02\/Perno-con-coppiglie-BL544-.jpeg","datePublished":"2026-02-03T10:21:47+00:00","breadcrumb":{"@id":"https:\/\/forkommerce.com\/fr\/produit\/axe-a-goupilles-bl544\/#breadcrumb"},"inLanguage":"fr-FR","potentialAction":[{"@type":"ReadAction","target":["https:\/\/forkommerce.com\/fr\/produit\/axe-a-goupilles-bl544\/"]}]},{"@type":"ImageObject","inLanguage":"fr-FR","@id":"https:\/\/forkommerce.com\/fr\/produit\/axe-a-goupilles-bl544\/#primaryimage","url":"https:\/\/forkommerce.com\/wp-content\/uploads\/2026\/02\/Perno-con-coppiglie-BL544-.jpeg","contentUrl":"https:\/\/forkommerce.com\/wp-content\/uploads\/2026\/02\/Perno-con-coppiglie-BL544-.jpeg","width":333,"height":421,"caption":"Axe \u00e0 goupilles BL544"},{"@type":"BreadcrumbList","@id":"https:\/\/forkommerce.com\/fr\/produit\/axe-a-goupilles-bl544\/#breadcrumb","itemListElement":[{"@type":"ListItem","position":1,"name":"Home","item":"https:\/\/forkommerce.com\/fr\/"},{"@type":"ListItem","position":2,"name":"Boutique","item":"https:\/\/forkommerce.com\/it\/negozio\/"},{"@type":"ListItem","position":3,"name":"Axe \u00e0 goupilles BL544"}]},{"@type":"WebSite","@id":"https:\/\/forkommerce.com\/it\/#website","url":"https:\/\/forkommerce.com\/it\/","name":"Forkommerce Spare Parts","description":"Ricambi originali e compatibili per carrelli elevatori e transpallet","publisher":{"@id":"https:\/\/forkommerce.com\/it\/#organization"},"alternateName":"Forkommerce Spare Parts","potentialAction":[{"@type":"SearchAction","target":{"@type":"EntryPoint","urlTemplate":"https:\/\/forkommerce.com\/it\/?s={search_term_string}"},"query-input":{"@type":"PropertyValueSpecification","valueRequired":true,"valueName":"search_term_string"}}],"inLanguage":"fr-FR"},{"@type":"Organization","@id":"https:\/\/forkommerce.com\/it\/#organization","name":"Forkommerce Spare Parts","url":"https:\/\/forkommerce.com\/it\/","logo":{"@type":"ImageObject","inLanguage":"fr-FR","@id":"https:\/\/forkommerce.com\/it\/#\/schema\/logo\/image\/","url":"https:\/\/forkommerce.com\/wp-content\/uploads\/2025\/09\/Logo-Forkommercex2.png","contentUrl":"https:\/\/forkommerce.com\/wp-content\/uploads\/2025\/09\/Logo-Forkommercex2.png","width":470,"height":120,"caption":"Forkommerce Spare Parts"},"image":{"@id":"https:\/\/forkommerce.com\/it\/#\/schema\/logo\/image\/"}}]}},"_links":{"self":[{"href":"https:\/\/forkommerce.com\/fr\/wp-json\/wp\/v2\/product\/2952","targetHints":{"allow":["GET"]}}],"collection":[{"href":"https:\/\/forkommerce.com\/fr\/wp-json\/wp\/v2\/product"}],"about":[{"href":"https:\/\/forkommerce.com\/fr\/wp-json\/wp\/v2\/types\/product"}],"wp:featuredmedia":[{"embeddable":true,"href":"https:\/\/forkommerce.com\/fr\/wp-json\/wp\/v2\/media\/2940"}],"wp:attachment":[{"href":"https:\/\/forkommerce.com\/fr\/wp-json\/wp\/v2\/media?parent=2952"}],"wp:term":[{"taxonomy":"product_brand","embeddable":true,"href":"https:\/\/forkommerce.com\/fr\/wp-json\/wp\/v2\/product_brand?post=2952"},{"taxonomy":"product_cat","embeddable":true,"href":"https:\/\/forkommerce.com\/fr\/wp-json\/wp\/v2\/product_cat?post=2952"},{"taxonomy":"product_tag","embeddable":true,"href":"https:\/\/forkommerce.com\/fr\/wp-json\/wp\/v2\/product_tag?post=2952"}],"curies":[{"name":"wp","href":"https:\/\/api.w.org\/{rel}","templated":true}]}}