{"id":2981,"date":"2026-02-03T10:42:31","date_gmt":"2026-02-03T09:42:31","guid":{"rendered":"https:\/\/forkommerce.com\/prodotto\/axe-avec-goupilles-bl1023\/"},"modified":"2026-04-11T11:22:53","modified_gmt":"2026-04-11T09:22:53","slug":"axe-avec-goupilles-bl1023","status":"publish","type":"product","link":"https:\/\/forkommerce.com\/fr\/produit\/axe-avec-goupilles-bl1023\/","title":{"rendered":"Axe avec goupilles BL1023"},"content":{"rendered":"<p data-start=\"31\" data-end=\"324\"><strong>Axe avec goupilles BL1023.<\/strong><\/p>\n<p data-start=\"31\" data-end=\"324\">L&rsquo;axe avec goupilles BL1023 est un composant de fixation con\u00e7u pour la connexion s\u00e9curis\u00e9e des cha\u00eenes Fleyer, utilis\u00e9es principalement dans les syst\u00e8mes de levage industriel, les m\u00e2ts de chariots \u00e9l\u00e9vateurs et les applications de manutention.<\/p>\n<p data-start=\"326\" data-end=\"547\">Cet axe permet d&rsquo;assembler les maillons de la cha\u00eene ou d&rsquo;autres \u00e9l\u00e9ments de liaison, garantissant stabilit\u00e9, r\u00e9sistance m\u00e9canique et s\u00e9curit\u00e9 op\u00e9rationnelle m\u00eame sous charges \u00e9lev\u00e9es ou dans des conditions de travail difficiles.<\/p>\n<p data-start=\"549\" data-end=\"861\">Fabriqu\u00e9 en acier haute r\u00e9sistance, il est \u00e9quip\u00e9 d&rsquo;un trou traversant pour l&rsquo;insertion de la goupille de s\u00e9curit\u00e9, qui emp\u00eache le d\u00e9sengagement accidentel pendant l&rsquo;utilisation.<\/p>\n<p data-start=\"549\" data-end=\"861\">La pr\u00e9cision dimensionnelle et la robustesse du mat\u00e9riau assurent fiabilit\u00e9, longue dur\u00e9e de vie et facilit\u00e9 d&rsquo;entretien.<\/p>\n<p data-start=\"863\" data-end=\"1025\">Id\u00e9al comme pi\u00e8ce de rechange pour cha\u00eenes industrielles s\u00e9rie BL1023, utilis\u00e9es dans les installations de levage, les machines industrielles et les syst\u00e8mes de manutention lourde.<\/p>\n<h4 data-section-id=\"1ti5jzm\" data-start=\"1032\" data-end=\"1060\">Caract\u00e9ristiques principales :<\/h4>\n<p data-start=\"1174\" data-end=\"1213\">Mat\u00e9riau : acier haute r\u00e9sistance trait\u00e9 techniquement.<\/p>\n<p data-start=\"1216\" data-end=\"1262\">Syst\u00e8me de fixation : pr\u00e9vu pour la fixation par goupille (<em>cotter pin<\/em>), garantissant un montage s\u00fbr et fiable.<\/p>\n<p data-start=\"1265\" data-end=\"1311\">R\u00e9sistance \u00e9lev\u00e9e \u00e0 la traction et \u00e0 l&rsquo;usure<\/p>\n<p data-start=\"1265\" data-end=\"1311\">Applications typiques : chariots \u00e9l\u00e9vateurs, m\u00e2ts de levage, installations heavy-duty.<\/p>\n<p data-start=\"1314\" data-end=\"1361\">Id\u00e9al : maintenance, r\u00e9paration ou assemblage de cha\u00eenes de levage et manutention.<\/p>\n<p data-start=\"1364\" data-end=\"1415\">Adapt\u00e9 : pour syst\u00e8mes de levage et manutention<\/p>\n<p><strong>Compatible avec les plaques de cha\u00eenes BL1023 au pas de 1,25\u2033 (31,75\u202fmm) et une configuration 2\u00d73. <\/strong><\/p>\n","protected":false},"excerpt":{"rendered":"<p>Axe avec goupilles BL1023<\/p>\n","protected":false},"featured_media":2982,"template":"","meta":[],"product_brand":[],"product_cat":[205],"product_tag":[],"class_list":{"0":"post-2981","1":"product","2":"type-product","3":"status-publish","4":"has-post-thumbnail","6":"product_cat-axes-de-chaine","8":"first","9":"instock","10":"taxable","11":"shipping-taxable","12":"purchasable","13":"product-type-simple"},"yoast_head":"<!-- This site is optimized with the Yoast SEO plugin v27.3 - https:\/\/yoast.com\/product\/yoast-seo-wordpress\/ -->\n<title>Axe avec goupilles BL1023 | Forkommerce Spare Parts<\/title>\n<meta name=\"robots\" content=\"index, follow, max-snippet:-1, max-image-preview:large, max-video-preview:-1\" \/>\n<link rel=\"canonical\" href=\"https:\/\/forkommerce.com\/fr\/produit\/axe-avec-goupilles-bl1023\/\" \/>\n<meta property=\"og:locale\" content=\"fr_FR\" \/>\n<meta property=\"og:type\" content=\"article\" \/>\n<meta property=\"og:title\" content=\"Axe avec goupilles BL1023 | Forkommerce Spare Parts\" \/>\n<meta property=\"og:description\" content=\"Axe avec goupilles BL1023\" \/>\n<meta property=\"og:url\" content=\"https:\/\/forkommerce.com\/fr\/produit\/axe-avec-goupilles-bl1023\/\" \/>\n<meta property=\"og:site_name\" content=\"Forkommerce Spare Parts\" \/>\n<meta property=\"article:modified_time\" content=\"2026-04-11T09:22:53+00:00\" \/>\n<meta property=\"og:image\" content=\"https:\/\/forkommerce.com\/wp-content\/uploads\/2026\/02\/Perno-con-coppiglie-BL1023-.jpeg\" \/>\n\t<meta property=\"og:image:width\" content=\"679\" \/>\n\t<meta property=\"og:image:height\" content=\"628\" \/>\n\t<meta property=\"og:image:type\" content=\"image\/jpeg\" \/>\n<meta name=\"twitter:card\" content=\"summary_large_image\" \/>\n<meta name=\"twitter:label1\" content=\"Dur\u00e9e de lecture estim\u00e9e\" \/>\n\t<meta name=\"twitter:data1\" content=\"1 minute\" \/>\n<script type=\"application\/ld+json\" class=\"yoast-schema-graph\">{\"@context\":\"https:\\\/\\\/schema.org\",\"@graph\":[{\"@type\":\"WebPage\",\"@id\":\"https:\\\/\\\/forkommerce.com\\\/fr\\\/produit\\\/axe-avec-goupilles-bl1023\\\/\",\"url\":\"https:\\\/\\\/forkommerce.com\\\/fr\\\/produit\\\/axe-avec-goupilles-bl1023\\\/\",\"name\":\"Axe avec goupilles BL1023 | Forkommerce Spare Parts\",\"isPartOf\":{\"@id\":\"https:\\\/\\\/forkommerce.com\\\/it\\\/#website\"},\"primaryImageOfPage\":{\"@id\":\"https:\\\/\\\/forkommerce.com\\\/fr\\\/produit\\\/axe-avec-goupilles-bl1023\\\/#primaryimage\"},\"image\":{\"@id\":\"https:\\\/\\\/forkommerce.com\\\/fr\\\/produit\\\/axe-avec-goupilles-bl1023\\\/#primaryimage\"},\"thumbnailUrl\":\"https:\\\/\\\/forkommerce.com\\\/wp-content\\\/uploads\\\/2026\\\/02\\\/Perno-con-coppiglie-BL1023-.jpeg\",\"datePublished\":\"2026-02-03T09:42:31+00:00\",\"dateModified\":\"2026-04-11T09:22:53+00:00\",\"breadcrumb\":{\"@id\":\"https:\\\/\\\/forkommerce.com\\\/fr\\\/produit\\\/axe-avec-goupilles-bl1023\\\/#breadcrumb\"},\"inLanguage\":\"fr-FR\",\"potentialAction\":[{\"@type\":\"ReadAction\",\"target\":[\"https:\\\/\\\/forkommerce.com\\\/fr\\\/produit\\\/axe-avec-goupilles-bl1023\\\/\"]}]},{\"@type\":\"ImageObject\",\"inLanguage\":\"fr-FR\",\"@id\":\"https:\\\/\\\/forkommerce.com\\\/fr\\\/produit\\\/axe-avec-goupilles-bl1023\\\/#primaryimage\",\"url\":\"https:\\\/\\\/forkommerce.com\\\/wp-content\\\/uploads\\\/2026\\\/02\\\/Perno-con-coppiglie-BL1023-.jpeg\",\"contentUrl\":\"https:\\\/\\\/forkommerce.com\\\/wp-content\\\/uploads\\\/2026\\\/02\\\/Perno-con-coppiglie-BL1023-.jpeg\",\"width\":679,\"height\":628,\"caption\":\"Axe avec goupilles BL1023\"},{\"@type\":\"BreadcrumbList\",\"@id\":\"https:\\\/\\\/forkommerce.com\\\/fr\\\/produit\\\/axe-avec-goupilles-bl1023\\\/#breadcrumb\",\"itemListElement\":[{\"@type\":\"ListItem\",\"position\":1,\"name\":\"Home\",\"item\":\"https:\\\/\\\/forkommerce.com\\\/fr\\\/\"},{\"@type\":\"ListItem\",\"position\":2,\"name\":\"Boutique\",\"item\":\"https:\\\/\\\/forkommerce.com\\\/it\\\/negozio\\\/\"},{\"@type\":\"ListItem\",\"position\":3,\"name\":\"Axe avec goupilles BL1023\"}]},{\"@type\":\"WebSite\",\"@id\":\"https:\\\/\\\/forkommerce.com\\\/it\\\/#website\",\"url\":\"https:\\\/\\\/forkommerce.com\\\/it\\\/\",\"name\":\"Forkommerce Spare Parts\",\"description\":\"Ricambi originali e compatibili per carrelli elevatori e transpallet\",\"publisher\":{\"@id\":\"https:\\\/\\\/forkommerce.com\\\/it\\\/#organization\"},\"alternateName\":\"Forkommerce Spare Parts\",\"potentialAction\":[{\"@type\":\"SearchAction\",\"target\":{\"@type\":\"EntryPoint\",\"urlTemplate\":\"https:\\\/\\\/forkommerce.com\\\/it\\\/?s={search_term_string}\"},\"query-input\":{\"@type\":\"PropertyValueSpecification\",\"valueRequired\":true,\"valueName\":\"search_term_string\"}}],\"inLanguage\":\"fr-FR\"},{\"@type\":\"Organization\",\"@id\":\"https:\\\/\\\/forkommerce.com\\\/it\\\/#organization\",\"name\":\"Forkommerce Spare Parts\",\"url\":\"https:\\\/\\\/forkommerce.com\\\/it\\\/\",\"logo\":{\"@type\":\"ImageObject\",\"inLanguage\":\"fr-FR\",\"@id\":\"https:\\\/\\\/forkommerce.com\\\/it\\\/#\\\/schema\\\/logo\\\/image\\\/\",\"url\":\"https:\\\/\\\/forkommerce.com\\\/wp-content\\\/uploads\\\/2025\\\/09\\\/Logo-Forkommercex2.png\",\"contentUrl\":\"https:\\\/\\\/forkommerce.com\\\/wp-content\\\/uploads\\\/2025\\\/09\\\/Logo-Forkommercex2.png\",\"width\":470,\"height\":120,\"caption\":\"Forkommerce Spare Parts\"},\"image\":{\"@id\":\"https:\\\/\\\/forkommerce.com\\\/it\\\/#\\\/schema\\\/logo\\\/image\\\/\"}}]}<\/script>\n<!-- \/ Yoast SEO plugin. -->","yoast_head_json":{"title":"Axe avec goupilles BL1023 | Forkommerce Spare Parts","robots":{"index":"index","follow":"follow","max-snippet":"max-snippet:-1","max-image-preview":"max-image-preview:large","max-video-preview":"max-video-preview:-1"},"canonical":"https:\/\/forkommerce.com\/fr\/produit\/axe-avec-goupilles-bl1023\/","og_locale":"fr_FR","og_type":"article","og_title":"Axe avec goupilles BL1023 | Forkommerce Spare Parts","og_description":"Axe avec goupilles BL1023","og_url":"https:\/\/forkommerce.com\/fr\/produit\/axe-avec-goupilles-bl1023\/","og_site_name":"Forkommerce Spare Parts","article_modified_time":"2026-04-11T09:22:53+00:00","og_image":[{"width":679,"height":628,"url":"https:\/\/forkommerce.com\/wp-content\/uploads\/2026\/02\/Perno-con-coppiglie-BL1023-.jpeg","type":"image\/jpeg"}],"twitter_card":"summary_large_image","twitter_misc":{"Dur\u00e9e de lecture estim\u00e9e":"1 minute"},"schema":{"@context":"https:\/\/schema.org","@graph":[{"@type":"WebPage","@id":"https:\/\/forkommerce.com\/fr\/produit\/axe-avec-goupilles-bl1023\/","url":"https:\/\/forkommerce.com\/fr\/produit\/axe-avec-goupilles-bl1023\/","name":"Axe avec goupilles BL1023 | Forkommerce Spare Parts","isPartOf":{"@id":"https:\/\/forkommerce.com\/it\/#website"},"primaryImageOfPage":{"@id":"https:\/\/forkommerce.com\/fr\/produit\/axe-avec-goupilles-bl1023\/#primaryimage"},"image":{"@id":"https:\/\/forkommerce.com\/fr\/produit\/axe-avec-goupilles-bl1023\/#primaryimage"},"thumbnailUrl":"https:\/\/forkommerce.com\/wp-content\/uploads\/2026\/02\/Perno-con-coppiglie-BL1023-.jpeg","datePublished":"2026-02-03T09:42:31+00:00","dateModified":"2026-04-11T09:22:53+00:00","breadcrumb":{"@id":"https:\/\/forkommerce.com\/fr\/produit\/axe-avec-goupilles-bl1023\/#breadcrumb"},"inLanguage":"fr-FR","potentialAction":[{"@type":"ReadAction","target":["https:\/\/forkommerce.com\/fr\/produit\/axe-avec-goupilles-bl1023\/"]}]},{"@type":"ImageObject","inLanguage":"fr-FR","@id":"https:\/\/forkommerce.com\/fr\/produit\/axe-avec-goupilles-bl1023\/#primaryimage","url":"https:\/\/forkommerce.com\/wp-content\/uploads\/2026\/02\/Perno-con-coppiglie-BL1023-.jpeg","contentUrl":"https:\/\/forkommerce.com\/wp-content\/uploads\/2026\/02\/Perno-con-coppiglie-BL1023-.jpeg","width":679,"height":628,"caption":"Axe avec goupilles BL1023"},{"@type":"BreadcrumbList","@id":"https:\/\/forkommerce.com\/fr\/produit\/axe-avec-goupilles-bl1023\/#breadcrumb","itemListElement":[{"@type":"ListItem","position":1,"name":"Home","item":"https:\/\/forkommerce.com\/fr\/"},{"@type":"ListItem","position":2,"name":"Boutique","item":"https:\/\/forkommerce.com\/it\/negozio\/"},{"@type":"ListItem","position":3,"name":"Axe avec goupilles BL1023"}]},{"@type":"WebSite","@id":"https:\/\/forkommerce.com\/it\/#website","url":"https:\/\/forkommerce.com\/it\/","name":"Forkommerce Spare Parts","description":"Ricambi originali e compatibili per carrelli elevatori e transpallet","publisher":{"@id":"https:\/\/forkommerce.com\/it\/#organization"},"alternateName":"Forkommerce Spare Parts","potentialAction":[{"@type":"SearchAction","target":{"@type":"EntryPoint","urlTemplate":"https:\/\/forkommerce.com\/it\/?s={search_term_string}"},"query-input":{"@type":"PropertyValueSpecification","valueRequired":true,"valueName":"search_term_string"}}],"inLanguage":"fr-FR"},{"@type":"Organization","@id":"https:\/\/forkommerce.com\/it\/#organization","name":"Forkommerce Spare Parts","url":"https:\/\/forkommerce.com\/it\/","logo":{"@type":"ImageObject","inLanguage":"fr-FR","@id":"https:\/\/forkommerce.com\/it\/#\/schema\/logo\/image\/","url":"https:\/\/forkommerce.com\/wp-content\/uploads\/2025\/09\/Logo-Forkommercex2.png","contentUrl":"https:\/\/forkommerce.com\/wp-content\/uploads\/2025\/09\/Logo-Forkommercex2.png","width":470,"height":120,"caption":"Forkommerce Spare Parts"},"image":{"@id":"https:\/\/forkommerce.com\/it\/#\/schema\/logo\/image\/"}}]}},"_links":{"self":[{"href":"https:\/\/forkommerce.com\/fr\/wp-json\/wp\/v2\/product\/2981","targetHints":{"allow":["GET"]}}],"collection":[{"href":"https:\/\/forkommerce.com\/fr\/wp-json\/wp\/v2\/product"}],"about":[{"href":"https:\/\/forkommerce.com\/fr\/wp-json\/wp\/v2\/types\/product"}],"wp:featuredmedia":[{"embeddable":true,"href":"https:\/\/forkommerce.com\/fr\/wp-json\/wp\/v2\/media\/2982"}],"wp:attachment":[{"href":"https:\/\/forkommerce.com\/fr\/wp-json\/wp\/v2\/media?parent=2981"}],"wp:term":[{"taxonomy":"product_brand","embeddable":true,"href":"https:\/\/forkommerce.com\/fr\/wp-json\/wp\/v2\/product_brand?post=2981"},{"taxonomy":"product_cat","embeddable":true,"href":"https:\/\/forkommerce.com\/fr\/wp-json\/wp\/v2\/product_cat?post=2981"},{"taxonomy":"product_tag","embeddable":true,"href":"https:\/\/forkommerce.com\/fr\/wp-json\/wp\/v2\/product_tag?post=2981"}],"curies":[{"name":"wp","href":"https:\/\/api.w.org\/{rel}","templated":true}]}}