{"id":3003,"date":"2026-02-03T10:35:59","date_gmt":"2026-02-03T09:35:59","guid":{"rendered":"https:\/\/forkommerce.com\/prodotto\/axe-de-chaine-ll1644ks\/"},"modified":"2026-04-11T11:24:11","modified_gmt":"2026-04-11T09:24:11","slug":"axe-de-chaine-ll1644ks","status":"publish","type":"product","link":"https:\/\/forkommerce.com\/fr\/produit\/axe-de-chaine-ll1644ks\/","title":{"rendered":"Axe de cha\u00eene LL1644KS"},"content":{"rendered":"<p><strong>Axe cylindrique de rechange pour cha\u00eenes \u00e0 plaques LL1644KS (leaf chain) avec un pas de 25,4\u202fmm (1\u2033) et une configuration 4\u00d74 de plaques.<\/strong><\/p>\n<p data-start=\"33\" data-end=\"345\">L\u2019axe \u00e0 goupilles LL1644KS est un composant de fixation con\u00e7u pour le raccordement s\u00e9curis\u00e9 des cha\u00eenes Fleyer, principalement utilis\u00e9es dans les syst\u00e8mes de levage industriel, les m\u00e2ts de chariots \u00e9l\u00e9vateurs et les applications de transmission et de manutention de mat\u00e9riaux.<\/p>\n<p data-start=\"33\" data-end=\"345\">Cet axe est fabriqu\u00e9 en acier \u00e0 haute r\u00e9sistance et con\u00e7u pour r\u00e9sister aux charges dynamiques et cycliques typiques des syst\u00e8mes de levage et de manutention de mat\u00e9riaux.<\/p>\n<p data-start=\"572\" data-end=\"895\">Fabriqu\u00e9 en acier haute r\u00e9sistance, il est \u00e9quip\u00e9 d&rsquo;un trou traversant pour l&rsquo;insertion de la goupille de s\u00e9curit\u00e9, qui emp\u00eache le d\u00e9sengagement accidentel pendant le fonctionnement.<\/p>\n<p data-start=\"572\" data-end=\"895\">La pr\u00e9cision de l&rsquo;usinage et la robustesse du mat\u00e9riau assurent fiabilit\u00e9, longue dur\u00e9e de vie et facilit\u00e9 d&rsquo;entretien.<\/p>\n<p data-start=\"897\" data-end=\"1079\">Il est particuli\u00e8rement indiqu\u00e9 comme pi\u00e8ce de rechange pour les cha\u00eenes industrielles de la s\u00e9rie LL1644KS, utilis\u00e9es dans les installations de levage, les machines industrielles et les syst\u00e8mes de manutention lourde.<\/p>\n<p> Conforme aux normes ISO 4347 et DIN 8152.<\/p>\n<h4 data-section-id=\"1ti5jzm\" data-start=\"1086\" data-end=\"1114\">Caract\u00e9ristiques principales :<\/h4>\n<p data-start=\"1230\" data-end=\"1269\">Mat\u00e9riau : acier \u00e0 haute r\u00e9sistance m\u00e9canique.<\/p>\n<p data-start=\"1272\" data-end=\"1318\">Syst\u00e8me de fixation : goupille de s\u00e9curit\u00e9.<\/p>\n<p data-start=\"1321\" data-end=\"1367\">Haute r\u00e9sistance \u00e0 la traction et \u00e0 l\u2019usure.<\/p>\n<p data-start=\"1321\" data-end=\"1367\">Id\u00e9al pour l\u2019entretien, la r\u00e9paration ou l\u2019assemblage de cha\u00eenes sur mesure dans les applications industrielles.<\/p>\n<p data-start=\"1420\" data-end=\"1479\">Adapt\u00e9 : axes d\u2019articulation et de jonction dans les cha\u00eenes leaf de levage industriel.<\/p>\n<p><strong>Compatibilit\u00e9 : cha\u00eenes LL1644 \/ LL1644KS avec pas de 1\u2033 (ISO 4347).<\/strong><\/p>\n","protected":false},"excerpt":{"rendered":"<p>Axe de cha\u00eene LL1644KS<\/p>\n","protected":false},"featured_media":3004,"template":"","meta":[],"product_brand":[],"product_cat":[205],"product_tag":[],"class_list":{"0":"post-3003","1":"product","2":"type-product","3":"status-publish","4":"has-post-thumbnail","6":"product_cat-axes-de-chaine","8":"first","9":"instock","10":"taxable","11":"shipping-taxable","12":"purchasable","13":"product-type-simple"},"yoast_head":"<!-- This site is optimized with the Yoast SEO plugin v27.3 - https:\/\/yoast.com\/product\/yoast-seo-wordpress\/ -->\n<title>Axe de cha\u00eene LL1644KS | Forkommerce Spare Parts<\/title>\n<meta name=\"robots\" content=\"index, follow, max-snippet:-1, max-image-preview:large, max-video-preview:-1\" \/>\n<link rel=\"canonical\" href=\"https:\/\/forkommerce.com\/fr\/produit\/axe-de-chaine-ll1644ks\/\" \/>\n<meta property=\"og:locale\" content=\"fr_FR\" \/>\n<meta property=\"og:type\" content=\"article\" \/>\n<meta property=\"og:title\" content=\"Axe de cha\u00eene LL1644KS | Forkommerce Spare Parts\" \/>\n<meta property=\"og:description\" content=\"Axe de cha\u00eene LL1644KS\" \/>\n<meta property=\"og:url\" content=\"https:\/\/forkommerce.com\/fr\/produit\/axe-de-chaine-ll1644ks\/\" \/>\n<meta property=\"og:site_name\" content=\"Forkommerce Spare Parts\" \/>\n<meta property=\"article:modified_time\" content=\"2026-04-11T09:24:11+00:00\" \/>\n<meta property=\"og:image\" content=\"https:\/\/forkommerce.com\/wp-content\/uploads\/2026\/02\/Perno-per-catena-LL1644KS.jpeg\" \/>\n\t<meta property=\"og:image:width\" content=\"520\" \/>\n\t<meta property=\"og:image:height\" content=\"521\" \/>\n\t<meta property=\"og:image:type\" content=\"image\/jpeg\" \/>\n<meta name=\"twitter:card\" content=\"summary_large_image\" \/>\n<meta name=\"twitter:label1\" content=\"Dur\u00e9e de lecture estim\u00e9e\" \/>\n\t<meta name=\"twitter:data1\" content=\"1 minute\" \/>\n<script type=\"application\/ld+json\" class=\"yoast-schema-graph\">{\"@context\":\"https:\\\/\\\/schema.org\",\"@graph\":[{\"@type\":\"WebPage\",\"@id\":\"https:\\\/\\\/forkommerce.com\\\/fr\\\/produit\\\/axe-de-chaine-ll1644ks\\\/\",\"url\":\"https:\\\/\\\/forkommerce.com\\\/fr\\\/produit\\\/axe-de-chaine-ll1644ks\\\/\",\"name\":\"Axe de cha\u00eene LL1644KS | Forkommerce Spare Parts\",\"isPartOf\":{\"@id\":\"https:\\\/\\\/forkommerce.com\\\/it\\\/#website\"},\"primaryImageOfPage\":{\"@id\":\"https:\\\/\\\/forkommerce.com\\\/fr\\\/produit\\\/axe-de-chaine-ll1644ks\\\/#primaryimage\"},\"image\":{\"@id\":\"https:\\\/\\\/forkommerce.com\\\/fr\\\/produit\\\/axe-de-chaine-ll1644ks\\\/#primaryimage\"},\"thumbnailUrl\":\"https:\\\/\\\/forkommerce.com\\\/wp-content\\\/uploads\\\/2026\\\/02\\\/Perno-per-catena-LL1644KS.jpeg\",\"datePublished\":\"2026-02-03T09:35:59+00:00\",\"dateModified\":\"2026-04-11T09:24:11+00:00\",\"breadcrumb\":{\"@id\":\"https:\\\/\\\/forkommerce.com\\\/fr\\\/produit\\\/axe-de-chaine-ll1644ks\\\/#breadcrumb\"},\"inLanguage\":\"fr-FR\",\"potentialAction\":[{\"@type\":\"ReadAction\",\"target\":[\"https:\\\/\\\/forkommerce.com\\\/fr\\\/produit\\\/axe-de-chaine-ll1644ks\\\/\"]}]},{\"@type\":\"ImageObject\",\"inLanguage\":\"fr-FR\",\"@id\":\"https:\\\/\\\/forkommerce.com\\\/fr\\\/produit\\\/axe-de-chaine-ll1644ks\\\/#primaryimage\",\"url\":\"https:\\\/\\\/forkommerce.com\\\/wp-content\\\/uploads\\\/2026\\\/02\\\/Perno-per-catena-LL1644KS.jpeg\",\"contentUrl\":\"https:\\\/\\\/forkommerce.com\\\/wp-content\\\/uploads\\\/2026\\\/02\\\/Perno-per-catena-LL1644KS.jpeg\",\"width\":520,\"height\":521,\"caption\":\"Axe pour cha\u00eene LL1644KS\"},{\"@type\":\"BreadcrumbList\",\"@id\":\"https:\\\/\\\/forkommerce.com\\\/fr\\\/produit\\\/axe-de-chaine-ll1644ks\\\/#breadcrumb\",\"itemListElement\":[{\"@type\":\"ListItem\",\"position\":1,\"name\":\"Home\",\"item\":\"https:\\\/\\\/forkommerce.com\\\/fr\\\/\"},{\"@type\":\"ListItem\",\"position\":2,\"name\":\"Boutique\",\"item\":\"https:\\\/\\\/forkommerce.com\\\/it\\\/negozio\\\/\"},{\"@type\":\"ListItem\",\"position\":3,\"name\":\"Axe de cha\u00eene LL1644KS\"}]},{\"@type\":\"WebSite\",\"@id\":\"https:\\\/\\\/forkommerce.com\\\/it\\\/#website\",\"url\":\"https:\\\/\\\/forkommerce.com\\\/it\\\/\",\"name\":\"Forkommerce Spare Parts\",\"description\":\"Ricambi originali e compatibili per carrelli elevatori e transpallet\",\"publisher\":{\"@id\":\"https:\\\/\\\/forkommerce.com\\\/it\\\/#organization\"},\"alternateName\":\"Forkommerce Spare Parts\",\"potentialAction\":[{\"@type\":\"SearchAction\",\"target\":{\"@type\":\"EntryPoint\",\"urlTemplate\":\"https:\\\/\\\/forkommerce.com\\\/it\\\/?s={search_term_string}\"},\"query-input\":{\"@type\":\"PropertyValueSpecification\",\"valueRequired\":true,\"valueName\":\"search_term_string\"}}],\"inLanguage\":\"fr-FR\"},{\"@type\":\"Organization\",\"@id\":\"https:\\\/\\\/forkommerce.com\\\/it\\\/#organization\",\"name\":\"Forkommerce Spare Parts\",\"url\":\"https:\\\/\\\/forkommerce.com\\\/it\\\/\",\"logo\":{\"@type\":\"ImageObject\",\"inLanguage\":\"fr-FR\",\"@id\":\"https:\\\/\\\/forkommerce.com\\\/it\\\/#\\\/schema\\\/logo\\\/image\\\/\",\"url\":\"https:\\\/\\\/forkommerce.com\\\/wp-content\\\/uploads\\\/2025\\\/09\\\/Logo-Forkommercex2.png\",\"contentUrl\":\"https:\\\/\\\/forkommerce.com\\\/wp-content\\\/uploads\\\/2025\\\/09\\\/Logo-Forkommercex2.png\",\"width\":470,\"height\":120,\"caption\":\"Forkommerce Spare Parts\"},\"image\":{\"@id\":\"https:\\\/\\\/forkommerce.com\\\/it\\\/#\\\/schema\\\/logo\\\/image\\\/\"}}]}<\/script>\n<!-- \/ Yoast SEO plugin. -->","yoast_head_json":{"title":"Axe de cha\u00eene LL1644KS | Forkommerce Spare Parts","robots":{"index":"index","follow":"follow","max-snippet":"max-snippet:-1","max-image-preview":"max-image-preview:large","max-video-preview":"max-video-preview:-1"},"canonical":"https:\/\/forkommerce.com\/fr\/produit\/axe-de-chaine-ll1644ks\/","og_locale":"fr_FR","og_type":"article","og_title":"Axe de cha\u00eene LL1644KS | Forkommerce Spare Parts","og_description":"Axe de cha\u00eene LL1644KS","og_url":"https:\/\/forkommerce.com\/fr\/produit\/axe-de-chaine-ll1644ks\/","og_site_name":"Forkommerce Spare Parts","article_modified_time":"2026-04-11T09:24:11+00:00","og_image":[{"width":520,"height":521,"url":"https:\/\/forkommerce.com\/wp-content\/uploads\/2026\/02\/Perno-per-catena-LL1644KS.jpeg","type":"image\/jpeg"}],"twitter_card":"summary_large_image","twitter_misc":{"Dur\u00e9e de lecture estim\u00e9e":"1 minute"},"schema":{"@context":"https:\/\/schema.org","@graph":[{"@type":"WebPage","@id":"https:\/\/forkommerce.com\/fr\/produit\/axe-de-chaine-ll1644ks\/","url":"https:\/\/forkommerce.com\/fr\/produit\/axe-de-chaine-ll1644ks\/","name":"Axe de cha\u00eene LL1644KS | Forkommerce Spare Parts","isPartOf":{"@id":"https:\/\/forkommerce.com\/it\/#website"},"primaryImageOfPage":{"@id":"https:\/\/forkommerce.com\/fr\/produit\/axe-de-chaine-ll1644ks\/#primaryimage"},"image":{"@id":"https:\/\/forkommerce.com\/fr\/produit\/axe-de-chaine-ll1644ks\/#primaryimage"},"thumbnailUrl":"https:\/\/forkommerce.com\/wp-content\/uploads\/2026\/02\/Perno-per-catena-LL1644KS.jpeg","datePublished":"2026-02-03T09:35:59+00:00","dateModified":"2026-04-11T09:24:11+00:00","breadcrumb":{"@id":"https:\/\/forkommerce.com\/fr\/produit\/axe-de-chaine-ll1644ks\/#breadcrumb"},"inLanguage":"fr-FR","potentialAction":[{"@type":"ReadAction","target":["https:\/\/forkommerce.com\/fr\/produit\/axe-de-chaine-ll1644ks\/"]}]},{"@type":"ImageObject","inLanguage":"fr-FR","@id":"https:\/\/forkommerce.com\/fr\/produit\/axe-de-chaine-ll1644ks\/#primaryimage","url":"https:\/\/forkommerce.com\/wp-content\/uploads\/2026\/02\/Perno-per-catena-LL1644KS.jpeg","contentUrl":"https:\/\/forkommerce.com\/wp-content\/uploads\/2026\/02\/Perno-per-catena-LL1644KS.jpeg","width":520,"height":521,"caption":"Axe pour cha\u00eene LL1644KS"},{"@type":"BreadcrumbList","@id":"https:\/\/forkommerce.com\/fr\/produit\/axe-de-chaine-ll1644ks\/#breadcrumb","itemListElement":[{"@type":"ListItem","position":1,"name":"Home","item":"https:\/\/forkommerce.com\/fr\/"},{"@type":"ListItem","position":2,"name":"Boutique","item":"https:\/\/forkommerce.com\/it\/negozio\/"},{"@type":"ListItem","position":3,"name":"Axe de cha\u00eene LL1644KS"}]},{"@type":"WebSite","@id":"https:\/\/forkommerce.com\/it\/#website","url":"https:\/\/forkommerce.com\/it\/","name":"Forkommerce Spare Parts","description":"Ricambi originali e compatibili per carrelli elevatori e transpallet","publisher":{"@id":"https:\/\/forkommerce.com\/it\/#organization"},"alternateName":"Forkommerce Spare Parts","potentialAction":[{"@type":"SearchAction","target":{"@type":"EntryPoint","urlTemplate":"https:\/\/forkommerce.com\/it\/?s={search_term_string}"},"query-input":{"@type":"PropertyValueSpecification","valueRequired":true,"valueName":"search_term_string"}}],"inLanguage":"fr-FR"},{"@type":"Organization","@id":"https:\/\/forkommerce.com\/it\/#organization","name":"Forkommerce Spare Parts","url":"https:\/\/forkommerce.com\/it\/","logo":{"@type":"ImageObject","inLanguage":"fr-FR","@id":"https:\/\/forkommerce.com\/it\/#\/schema\/logo\/image\/","url":"https:\/\/forkommerce.com\/wp-content\/uploads\/2025\/09\/Logo-Forkommercex2.png","contentUrl":"https:\/\/forkommerce.com\/wp-content\/uploads\/2025\/09\/Logo-Forkommercex2.png","width":470,"height":120,"caption":"Forkommerce Spare Parts"},"image":{"@id":"https:\/\/forkommerce.com\/it\/#\/schema\/logo\/image\/"}}]}},"_links":{"self":[{"href":"https:\/\/forkommerce.com\/fr\/wp-json\/wp\/v2\/product\/3003","targetHints":{"allow":["GET"]}}],"collection":[{"href":"https:\/\/forkommerce.com\/fr\/wp-json\/wp\/v2\/product"}],"about":[{"href":"https:\/\/forkommerce.com\/fr\/wp-json\/wp\/v2\/types\/product"}],"wp:featuredmedia":[{"embeddable":true,"href":"https:\/\/forkommerce.com\/fr\/wp-json\/wp\/v2\/media\/3004"}],"wp:attachment":[{"href":"https:\/\/forkommerce.com\/fr\/wp-json\/wp\/v2\/media?parent=3003"}],"wp:term":[{"taxonomy":"product_brand","embeddable":true,"href":"https:\/\/forkommerce.com\/fr\/wp-json\/wp\/v2\/product_brand?post=3003"},{"taxonomy":"product_cat","embeddable":true,"href":"https:\/\/forkommerce.com\/fr\/wp-json\/wp\/v2\/product_cat?post=3003"},{"taxonomy":"product_tag","embeddable":true,"href":"https:\/\/forkommerce.com\/fr\/wp-json\/wp\/v2\/product_tag?post=3003"}],"curies":[{"name":"wp","href":"https:\/\/api.w.org\/{rel}","templated":true}]}}