{"id":3019,"date":"2026-02-03T10:23:21","date_gmt":"2026-02-03T09:23:21","guid":{"rendered":"https:\/\/forkommerce.com\/prodotto\/axe-de-chaine-f2544ks\/"},"modified":"2026-04-11T11:23:37","modified_gmt":"2026-04-11T09:23:37","slug":"axe-de-chaine-f2544ks","status":"publish","type":"product","link":"https:\/\/forkommerce.com\/fr\/produit\/axe-de-chaine-f2544ks\/","title":{"rendered":"Axe de cha\u00eene F2544KS"},"content":{"rendered":"<p data-start=\"39\" data-end=\"290\"><strong>Axe \u00e0 rivet \/ axe pour cha\u00eene Leaf F2544KS.<\/strong><\/p>\n<p data-start=\"39\" data-end=\"290\">L\u2019axe \u00e0 goupilles F2544KS est un composant de fixation con\u00e7u pour le raccordement s\u00e9curis\u00e9 des cha\u00eenes industrielles de la s\u00e9rie F2544KS, principalement utilis\u00e9es dans les syst\u00e8mes de levage, de transmission et de manutention de mat\u00e9riaux lourds.<\/p>\n<p data-start=\"292\" data-end=\"497\">Cet axe permet de relier les maillons de la cha\u00eene ou d\u2019autres \u00e9l\u00e9ments de connexion, garantissant stabilit\u00e9, s\u00e9curit\u00e9 et r\u00e9sistance \u00e0 la traction, m\u00eame dans des applications exigeantes et avec des charges \u00e9lev\u00e9es.<\/p>\n<p data-start=\"292\" data-end=\"497\">Fabriqu\u00e9 en acier trait\u00e9 \u00e0 haute r\u00e9sistance, cet axe pr\u00e9sente un diam\u00e8tre nominal de 8,28\u202fmm et une longueur utile de 35,3\u202fmm. Il est con\u00e7u pour traverser les plaques de la cha\u00eene avec pr\u00e9cision, garantissant fiabilit\u00e9 et long\u00e9vit\u00e9 m\u00eame sous charge.<\/p>\n<p data-start=\"499\" data-end=\"820\">Fabriqu\u00e9 en acier \u00e0 haute r\u00e9sistance, il est dot\u00e9 d\u2019un trou traversant pour l\u2019insertion de la goupille de s\u00e9curit\u00e9, emp\u00eachant tout retrait accidentel pendant le fonctionnement. La pr\u00e9cision de l\u2019usinage et la robustesse du mat\u00e9riau assurent fiabilit\u00e9, long\u00e9vit\u00e9 et facilit\u00e9 d\u2019entretien. <\/p>\n<p data-start=\"822\" data-end=\"985\">Il est id\u00e9al comme pi\u00e8ce de rechange pour les cha\u00eenes industrielles de la s\u00e9rie F2544KS, employ\u00e9es dans les installations de levage, les machines industrielles et les syst\u00e8mes de manutention lourde.<\/p>\n<h4 data-section-id=\"1ti5jzm\" data-start=\"992\" data-end=\"1020\">Caract\u00e9ristiques principales :<\/h4>\n<p data-start=\"1139\" data-end=\"1178\">Mat\u00e9riau : acier \u00e0 haute r\u00e9sistance trait\u00e9 pour un usage intensif.<\/p>\n<p data-start=\"1181\" data-end=\"1227\">Syst\u00e8me de fixation : goupille de s\u00e9curit\u00e9.<\/p>\n<p data-start=\"1230\" data-end=\"1276\">Haute r\u00e9sistance \u00e0 la traction et \u00e0 l\u2019usure.<\/p>\n<p data-start=\"1230\" data-end=\"1276\">Id\u00e9al pour la maintenance, la r\u00e9paration ou l\u2019assemblage de cha\u00eenes sur mesure.<\/p>\n<p data-start=\"1279\" data-end=\"1326\">Adapt\u00e9 aux m\u00e2ts de chariots \u00e9l\u00e9vateurs, aux \u00e9l\u00e9vateurs industriels et aux installations de manutention de mat\u00e9riaux.<\/p>\n<p><strong>Compatibilit\u00e9 : d\u00e9di\u00e9 aux cha\u00eenes Leaf avec le code F25\u201144KS (ISO LL1644) ou de fabricants tels que Rexnord.<\/strong><\/p>\n","protected":false},"excerpt":{"rendered":"<p>Axe de cha\u00eene F2544KS<\/p>\n","protected":false},"featured_media":3020,"template":"","meta":[],"product_brand":[],"product_cat":[205],"product_tag":[],"class_list":{"0":"post-3019","1":"product","2":"type-product","3":"status-publish","4":"has-post-thumbnail","6":"product_cat-axes-de-chaine","8":"first","9":"instock","10":"taxable","11":"shipping-taxable","12":"purchasable","13":"product-type-simple"},"yoast_head":"<!-- This site is optimized with the Yoast SEO plugin v27.3 - https:\/\/yoast.com\/product\/yoast-seo-wordpress\/ -->\n<title>Axe de cha\u00eene F2544KS | Forkommerce Spare Parts<\/title>\n<meta name=\"robots\" content=\"index, follow, max-snippet:-1, max-image-preview:large, max-video-preview:-1\" \/>\n<link rel=\"canonical\" href=\"https:\/\/forkommerce.com\/fr\/produit\/axe-de-chaine-f2544ks\/\" \/>\n<meta property=\"og:locale\" content=\"fr_FR\" \/>\n<meta property=\"og:type\" content=\"article\" \/>\n<meta property=\"og:title\" content=\"Axe de cha\u00eene F2544KS | Forkommerce Spare Parts\" \/>\n<meta property=\"og:description\" content=\"Axe de cha\u00eene F2544KS\" \/>\n<meta property=\"og:url\" content=\"https:\/\/forkommerce.com\/fr\/produit\/axe-de-chaine-f2544ks\/\" \/>\n<meta property=\"og:site_name\" content=\"Forkommerce Spare Parts\" \/>\n<meta property=\"article:modified_time\" content=\"2026-04-11T09:23:37+00:00\" \/>\n<meta property=\"og:image\" content=\"https:\/\/forkommerce.com\/wp-content\/uploads\/2026\/02\/Perno-per-catena-F2544KS.jpeg\" \/>\n\t<meta property=\"og:image:width\" content=\"413\" \/>\n\t<meta property=\"og:image:height\" content=\"384\" \/>\n\t<meta property=\"og:image:type\" content=\"image\/jpeg\" \/>\n<meta name=\"twitter:card\" content=\"summary_large_image\" \/>\n<meta name=\"twitter:label1\" content=\"Dur\u00e9e de lecture estim\u00e9e\" \/>\n\t<meta name=\"twitter:data1\" content=\"2 minutes\" \/>\n<script type=\"application\/ld+json\" class=\"yoast-schema-graph\">{\"@context\":\"https:\\\/\\\/schema.org\",\"@graph\":[{\"@type\":\"WebPage\",\"@id\":\"https:\\\/\\\/forkommerce.com\\\/fr\\\/produit\\\/axe-de-chaine-f2544ks\\\/\",\"url\":\"https:\\\/\\\/forkommerce.com\\\/fr\\\/produit\\\/axe-de-chaine-f2544ks\\\/\",\"name\":\"Axe de cha\u00eene F2544KS | Forkommerce Spare Parts\",\"isPartOf\":{\"@id\":\"https:\\\/\\\/forkommerce.com\\\/it\\\/#website\"},\"primaryImageOfPage\":{\"@id\":\"https:\\\/\\\/forkommerce.com\\\/fr\\\/produit\\\/axe-de-chaine-f2544ks\\\/#primaryimage\"},\"image\":{\"@id\":\"https:\\\/\\\/forkommerce.com\\\/fr\\\/produit\\\/axe-de-chaine-f2544ks\\\/#primaryimage\"},\"thumbnailUrl\":\"https:\\\/\\\/forkommerce.com\\\/wp-content\\\/uploads\\\/2026\\\/02\\\/Perno-per-catena-F2544KS.jpeg\",\"datePublished\":\"2026-02-03T09:23:21+00:00\",\"dateModified\":\"2026-04-11T09:23:37+00:00\",\"breadcrumb\":{\"@id\":\"https:\\\/\\\/forkommerce.com\\\/fr\\\/produit\\\/axe-de-chaine-f2544ks\\\/#breadcrumb\"},\"inLanguage\":\"fr-FR\",\"potentialAction\":[{\"@type\":\"ReadAction\",\"target\":[\"https:\\\/\\\/forkommerce.com\\\/fr\\\/produit\\\/axe-de-chaine-f2544ks\\\/\"]}]},{\"@type\":\"ImageObject\",\"inLanguage\":\"fr-FR\",\"@id\":\"https:\\\/\\\/forkommerce.com\\\/fr\\\/produit\\\/axe-de-chaine-f2544ks\\\/#primaryimage\",\"url\":\"https:\\\/\\\/forkommerce.com\\\/wp-content\\\/uploads\\\/2026\\\/02\\\/Perno-per-catena-F2544KS.jpeg\",\"contentUrl\":\"https:\\\/\\\/forkommerce.com\\\/wp-content\\\/uploads\\\/2026\\\/02\\\/Perno-per-catena-F2544KS.jpeg\",\"width\":413,\"height\":384,\"caption\":\"Axe pour cha\u00eene F2544KS\"},{\"@type\":\"BreadcrumbList\",\"@id\":\"https:\\\/\\\/forkommerce.com\\\/fr\\\/produit\\\/axe-de-chaine-f2544ks\\\/#breadcrumb\",\"itemListElement\":[{\"@type\":\"ListItem\",\"position\":1,\"name\":\"Home\",\"item\":\"https:\\\/\\\/forkommerce.com\\\/fr\\\/\"},{\"@type\":\"ListItem\",\"position\":2,\"name\":\"Boutique\",\"item\":\"https:\\\/\\\/forkommerce.com\\\/it\\\/negozio\\\/\"},{\"@type\":\"ListItem\",\"position\":3,\"name\":\"Axe de cha\u00eene F2544KS\"}]},{\"@type\":\"WebSite\",\"@id\":\"https:\\\/\\\/forkommerce.com\\\/it\\\/#website\",\"url\":\"https:\\\/\\\/forkommerce.com\\\/it\\\/\",\"name\":\"Forkommerce Spare Parts\",\"description\":\"Ricambi originali e compatibili per carrelli elevatori e transpallet\",\"publisher\":{\"@id\":\"https:\\\/\\\/forkommerce.com\\\/it\\\/#organization\"},\"alternateName\":\"Forkommerce Spare Parts\",\"potentialAction\":[{\"@type\":\"SearchAction\",\"target\":{\"@type\":\"EntryPoint\",\"urlTemplate\":\"https:\\\/\\\/forkommerce.com\\\/it\\\/?s={search_term_string}\"},\"query-input\":{\"@type\":\"PropertyValueSpecification\",\"valueRequired\":true,\"valueName\":\"search_term_string\"}}],\"inLanguage\":\"fr-FR\"},{\"@type\":\"Organization\",\"@id\":\"https:\\\/\\\/forkommerce.com\\\/it\\\/#organization\",\"name\":\"Forkommerce Spare Parts\",\"url\":\"https:\\\/\\\/forkommerce.com\\\/it\\\/\",\"logo\":{\"@type\":\"ImageObject\",\"inLanguage\":\"fr-FR\",\"@id\":\"https:\\\/\\\/forkommerce.com\\\/it\\\/#\\\/schema\\\/logo\\\/image\\\/\",\"url\":\"https:\\\/\\\/forkommerce.com\\\/wp-content\\\/uploads\\\/2025\\\/09\\\/Logo-Forkommercex2.png\",\"contentUrl\":\"https:\\\/\\\/forkommerce.com\\\/wp-content\\\/uploads\\\/2025\\\/09\\\/Logo-Forkommercex2.png\",\"width\":470,\"height\":120,\"caption\":\"Forkommerce Spare Parts\"},\"image\":{\"@id\":\"https:\\\/\\\/forkommerce.com\\\/it\\\/#\\\/schema\\\/logo\\\/image\\\/\"}}]}<\/script>\n<!-- \/ Yoast SEO plugin. -->","yoast_head_json":{"title":"Axe de cha\u00eene F2544KS | Forkommerce Spare Parts","robots":{"index":"index","follow":"follow","max-snippet":"max-snippet:-1","max-image-preview":"max-image-preview:large","max-video-preview":"max-video-preview:-1"},"canonical":"https:\/\/forkommerce.com\/fr\/produit\/axe-de-chaine-f2544ks\/","og_locale":"fr_FR","og_type":"article","og_title":"Axe de cha\u00eene F2544KS | Forkommerce Spare Parts","og_description":"Axe de cha\u00eene F2544KS","og_url":"https:\/\/forkommerce.com\/fr\/produit\/axe-de-chaine-f2544ks\/","og_site_name":"Forkommerce Spare Parts","article_modified_time":"2026-04-11T09:23:37+00:00","og_image":[{"width":413,"height":384,"url":"https:\/\/forkommerce.com\/wp-content\/uploads\/2026\/02\/Perno-per-catena-F2544KS.jpeg","type":"image\/jpeg"}],"twitter_card":"summary_large_image","twitter_misc":{"Dur\u00e9e de lecture estim\u00e9e":"2 minutes"},"schema":{"@context":"https:\/\/schema.org","@graph":[{"@type":"WebPage","@id":"https:\/\/forkommerce.com\/fr\/produit\/axe-de-chaine-f2544ks\/","url":"https:\/\/forkommerce.com\/fr\/produit\/axe-de-chaine-f2544ks\/","name":"Axe de cha\u00eene F2544KS | Forkommerce Spare Parts","isPartOf":{"@id":"https:\/\/forkommerce.com\/it\/#website"},"primaryImageOfPage":{"@id":"https:\/\/forkommerce.com\/fr\/produit\/axe-de-chaine-f2544ks\/#primaryimage"},"image":{"@id":"https:\/\/forkommerce.com\/fr\/produit\/axe-de-chaine-f2544ks\/#primaryimage"},"thumbnailUrl":"https:\/\/forkommerce.com\/wp-content\/uploads\/2026\/02\/Perno-per-catena-F2544KS.jpeg","datePublished":"2026-02-03T09:23:21+00:00","dateModified":"2026-04-11T09:23:37+00:00","breadcrumb":{"@id":"https:\/\/forkommerce.com\/fr\/produit\/axe-de-chaine-f2544ks\/#breadcrumb"},"inLanguage":"fr-FR","potentialAction":[{"@type":"ReadAction","target":["https:\/\/forkommerce.com\/fr\/produit\/axe-de-chaine-f2544ks\/"]}]},{"@type":"ImageObject","inLanguage":"fr-FR","@id":"https:\/\/forkommerce.com\/fr\/produit\/axe-de-chaine-f2544ks\/#primaryimage","url":"https:\/\/forkommerce.com\/wp-content\/uploads\/2026\/02\/Perno-per-catena-F2544KS.jpeg","contentUrl":"https:\/\/forkommerce.com\/wp-content\/uploads\/2026\/02\/Perno-per-catena-F2544KS.jpeg","width":413,"height":384,"caption":"Axe pour cha\u00eene F2544KS"},{"@type":"BreadcrumbList","@id":"https:\/\/forkommerce.com\/fr\/produit\/axe-de-chaine-f2544ks\/#breadcrumb","itemListElement":[{"@type":"ListItem","position":1,"name":"Home","item":"https:\/\/forkommerce.com\/fr\/"},{"@type":"ListItem","position":2,"name":"Boutique","item":"https:\/\/forkommerce.com\/it\/negozio\/"},{"@type":"ListItem","position":3,"name":"Axe de cha\u00eene F2544KS"}]},{"@type":"WebSite","@id":"https:\/\/forkommerce.com\/it\/#website","url":"https:\/\/forkommerce.com\/it\/","name":"Forkommerce Spare Parts","description":"Ricambi originali e compatibili per carrelli elevatori e transpallet","publisher":{"@id":"https:\/\/forkommerce.com\/it\/#organization"},"alternateName":"Forkommerce Spare Parts","potentialAction":[{"@type":"SearchAction","target":{"@type":"EntryPoint","urlTemplate":"https:\/\/forkommerce.com\/it\/?s={search_term_string}"},"query-input":{"@type":"PropertyValueSpecification","valueRequired":true,"valueName":"search_term_string"}}],"inLanguage":"fr-FR"},{"@type":"Organization","@id":"https:\/\/forkommerce.com\/it\/#organization","name":"Forkommerce Spare Parts","url":"https:\/\/forkommerce.com\/it\/","logo":{"@type":"ImageObject","inLanguage":"fr-FR","@id":"https:\/\/forkommerce.com\/it\/#\/schema\/logo\/image\/","url":"https:\/\/forkommerce.com\/wp-content\/uploads\/2025\/09\/Logo-Forkommercex2.png","contentUrl":"https:\/\/forkommerce.com\/wp-content\/uploads\/2025\/09\/Logo-Forkommercex2.png","width":470,"height":120,"caption":"Forkommerce Spare Parts"},"image":{"@id":"https:\/\/forkommerce.com\/it\/#\/schema\/logo\/image\/"}}]}},"_links":{"self":[{"href":"https:\/\/forkommerce.com\/fr\/wp-json\/wp\/v2\/product\/3019","targetHints":{"allow":["GET"]}}],"collection":[{"href":"https:\/\/forkommerce.com\/fr\/wp-json\/wp\/v2\/product"}],"about":[{"href":"https:\/\/forkommerce.com\/fr\/wp-json\/wp\/v2\/types\/product"}],"wp:featuredmedia":[{"embeddable":true,"href":"https:\/\/forkommerce.com\/fr\/wp-json\/wp\/v2\/media\/3020"}],"wp:attachment":[{"href":"https:\/\/forkommerce.com\/fr\/wp-json\/wp\/v2\/media?parent=3019"}],"wp:term":[{"taxonomy":"product_brand","embeddable":true,"href":"https:\/\/forkommerce.com\/fr\/wp-json\/wp\/v2\/product_brand?post=3019"},{"taxonomy":"product_cat","embeddable":true,"href":"https:\/\/forkommerce.com\/fr\/wp-json\/wp\/v2\/product_cat?post=3019"},{"taxonomy":"product_tag","embeddable":true,"href":"https:\/\/forkommerce.com\/fr\/wp-json\/wp\/v2\/product_tag?post=3019"}],"curies":[{"name":"wp","href":"https:\/\/api.w.org\/{rel}","templated":true}]}}