{"id":3077,"date":"2026-02-03T09:28:57","date_gmt":"2026-02-03T08:28:57","guid":{"rendered":"https:\/\/forkommerce.com\/prodotto\/axe-de-chaine-bl633ks\/"},"modified":"2026-04-11T11:21:45","modified_gmt":"2026-04-11T09:21:45","slug":"axe-de-chaine-bl633ks","status":"publish","type":"product","link":"https:\/\/forkommerce.com\/fr\/produit\/axe-de-chaine-bl633ks\/","title":{"rendered":"Axe de cha\u00eene BL633KS"},"content":{"rendered":"<p data-start=\"32\" data-end=\"297\"><strong>Axe de cha\u00eene BL633KS  <\/strong><\/p>\n<p data-start=\"32\" data-end=\"297\">L&rsquo;axe avec goupille fendue BL633KS est un composant de fixation con\u00e7u pour la connexion s\u00e9curis\u00e9e des cha\u00eenes industrielles, utilis\u00e9es principalement dans les syst\u00e8mes de levage, transmission et manutention de mat\u00e9riaux en milieu industriel.<\/p>\n<p data-start=\"299\" data-end=\"514\">Cet axe permet de relier les maillons de la cha\u00eene ou d&rsquo;autres \u00e9l\u00e9ments de connexion en garantissant stabilit\u00e9, s\u00e9curit\u00e9 et r\u00e9sistance \u00e0 la traction, m\u00eame sous charges \u00e9lev\u00e9es ou dans des conditions de travail difficiles.<\/p>\n<p data-start=\"516\" data-end=\"848\">Fabriqu\u00e9 en acier \u00e0 haute r\u00e9sistance, l\u2019axe est dot\u00e9 d\u2019un trou traversant pour l\u2019insertion de la goupille de s\u00e9curit\u00e9, ce qui emp\u00eache tout retrait accidentel pendant le fonctionnement.<\/p>\n<p data-start=\"516\" data-end=\"848\">La pr\u00e9cision de l&rsquo;usinage et la robustesse du mat\u00e9riau assurent fiabilit\u00e9, longue dur\u00e9e de vie et facilit\u00e9 d&rsquo;entretien.<\/p>\n<p>Axe de rechange professionnel pour cha\u00eenes \u00e0 plaques BL633KS, utilis\u00e9es dans les applications industrielles de levage, manutention de mat\u00e9riaux et sur chariots \u00e9l\u00e9vateurs comme Linde s\u00e9rie 391\/394\/335\/350.<\/p>\n<h4 data-section-id=\"1ti5jzm\" data-start=\"1038\" data-end=\"1066\">Caract\u00e9ristiques principales :<\/h4>\n<p data-start=\"1180\" data-end=\"1219\">Mat\u00e9riau : acier haute r\u00e9sistance pour durabilit\u00e9 et r\u00e9sistance aux charges lourdes.<\/p>\n<p data-start=\"1222\" data-end=\"1268\">Syst\u00e8me de fixation : goupille de s\u00e9curit\u00e9.<\/p>\n<p data-start=\"1271\" data-end=\"1317\">Haute r\u00e9sistance \u00e0 la traction et \u00e0 l\u2019usure.<\/p>\n<p data-start=\"1320\" data-end=\"1367\">Id\u00e9al pour maintenance, pi\u00e8ces d\u00e9tach\u00e9es industrielles, r\u00e9paration ou assemblage de cha\u00eenes sur mesure.<\/p>\n<p data-start=\"1320\" data-end=\"1367\">Applications typiques : \u00e9l\u00e9vateurs, chariots \u00e9l\u00e9vateurs, installations de manutention industrielle.<\/p>\n<p data-start=\"1370\" data-end=\"1429\">Adapt\u00e9 aux syst\u00e8mes de levage et manutention lourde.<\/p>\n","protected":false},"excerpt":{"rendered":"<p><strong>Axe de cha\u00eene BL633KS  <\/strong><\/p>\n","protected":false},"featured_media":2968,"template":"","meta":[],"product_brand":[],"product_cat":[205],"product_tag":[],"class_list":{"0":"post-3077","1":"product","2":"type-product","3":"status-publish","4":"has-post-thumbnail","6":"product_cat-axes-de-chaine","8":"first","9":"instock","10":"taxable","11":"shipping-taxable","12":"purchasable","13":"product-type-simple"},"yoast_head":"<!-- This site is optimized with the Yoast SEO plugin v27.3 - https:\/\/yoast.com\/product\/yoast-seo-wordpress\/ -->\n<title>Axe de cha\u00eene BL633KS | Forkommerce Spare Parts<\/title>\n<meta name=\"robots\" content=\"index, follow, max-snippet:-1, max-image-preview:large, max-video-preview:-1\" \/>\n<link rel=\"canonical\" href=\"https:\/\/forkommerce.com\/fr\/produit\/axe-de-chaine-bl633ks\/\" \/>\n<meta property=\"og:locale\" content=\"fr_FR\" \/>\n<meta property=\"og:type\" content=\"article\" \/>\n<meta property=\"og:title\" content=\"Axe de cha\u00eene BL633KS | Forkommerce Spare Parts\" \/>\n<meta property=\"og:description\" content=\"Axe de cha\u00eene BL633KS\" \/>\n<meta property=\"og:url\" content=\"https:\/\/forkommerce.com\/fr\/produit\/axe-de-chaine-bl633ks\/\" \/>\n<meta property=\"og:site_name\" content=\"Forkommerce Spare Parts\" \/>\n<meta property=\"article:modified_time\" content=\"2026-04-11T09:21:45+00:00\" \/>\n<meta property=\"og:image\" content=\"https:\/\/forkommerce.com\/wp-content\/uploads\/2026\/02\/Perno-a-chiodo-per-catena-BL644.jpeg\" \/>\n\t<meta property=\"og:image:width\" content=\"465\" \/>\n\t<meta property=\"og:image:height\" content=\"469\" \/>\n\t<meta property=\"og:image:type\" content=\"image\/jpeg\" \/>\n<meta name=\"twitter:card\" content=\"summary_large_image\" \/>\n<meta name=\"twitter:label1\" content=\"Dur\u00e9e de lecture estim\u00e9e\" \/>\n\t<meta name=\"twitter:data1\" content=\"1 minute\" \/>\n<script type=\"application\/ld+json\" class=\"yoast-schema-graph\">{\"@context\":\"https:\\\/\\\/schema.org\",\"@graph\":[{\"@type\":\"WebPage\",\"@id\":\"https:\\\/\\\/forkommerce.com\\\/fr\\\/produit\\\/axe-de-chaine-bl633ks\\\/\",\"url\":\"https:\\\/\\\/forkommerce.com\\\/fr\\\/produit\\\/axe-de-chaine-bl633ks\\\/\",\"name\":\"Axe de cha\u00eene BL633KS | Forkommerce Spare Parts\",\"isPartOf\":{\"@id\":\"https:\\\/\\\/forkommerce.com\\\/it\\\/#website\"},\"primaryImageOfPage\":{\"@id\":\"https:\\\/\\\/forkommerce.com\\\/fr\\\/produit\\\/axe-de-chaine-bl633ks\\\/#primaryimage\"},\"image\":{\"@id\":\"https:\\\/\\\/forkommerce.com\\\/fr\\\/produit\\\/axe-de-chaine-bl633ks\\\/#primaryimage\"},\"thumbnailUrl\":\"https:\\\/\\\/forkommerce.com\\\/wp-content\\\/uploads\\\/2026\\\/02\\\/Perno-a-chiodo-per-catena-BL644.jpeg\",\"datePublished\":\"2026-02-03T08:28:57+00:00\",\"dateModified\":\"2026-04-11T09:21:45+00:00\",\"breadcrumb\":{\"@id\":\"https:\\\/\\\/forkommerce.com\\\/fr\\\/produit\\\/axe-de-chaine-bl633ks\\\/#breadcrumb\"},\"inLanguage\":\"fr-FR\",\"potentialAction\":[{\"@type\":\"ReadAction\",\"target\":[\"https:\\\/\\\/forkommerce.com\\\/fr\\\/produit\\\/axe-de-chaine-bl633ks\\\/\"]}]},{\"@type\":\"ImageObject\",\"inLanguage\":\"fr-FR\",\"@id\":\"https:\\\/\\\/forkommerce.com\\\/fr\\\/produit\\\/axe-de-chaine-bl633ks\\\/#primaryimage\",\"url\":\"https:\\\/\\\/forkommerce.com\\\/wp-content\\\/uploads\\\/2026\\\/02\\\/Perno-a-chiodo-per-catena-BL644.jpeg\",\"contentUrl\":\"https:\\\/\\\/forkommerce.com\\\/wp-content\\\/uploads\\\/2026\\\/02\\\/Perno-a-chiodo-per-catena-BL644.jpeg\",\"width\":465,\"height\":469,\"caption\":\"Axe rivet\u00e9 pour cha\u00eene BL644\"},{\"@type\":\"BreadcrumbList\",\"@id\":\"https:\\\/\\\/forkommerce.com\\\/fr\\\/produit\\\/axe-de-chaine-bl633ks\\\/#breadcrumb\",\"itemListElement\":[{\"@type\":\"ListItem\",\"position\":1,\"name\":\"Home\",\"item\":\"https:\\\/\\\/forkommerce.com\\\/fr\\\/\"},{\"@type\":\"ListItem\",\"position\":2,\"name\":\"Boutique\",\"item\":\"https:\\\/\\\/forkommerce.com\\\/it\\\/negozio\\\/\"},{\"@type\":\"ListItem\",\"position\":3,\"name\":\"Axe de cha\u00eene BL633KS\"}]},{\"@type\":\"WebSite\",\"@id\":\"https:\\\/\\\/forkommerce.com\\\/it\\\/#website\",\"url\":\"https:\\\/\\\/forkommerce.com\\\/it\\\/\",\"name\":\"Forkommerce Spare Parts\",\"description\":\"Ricambi originali e compatibili per carrelli elevatori e transpallet\",\"publisher\":{\"@id\":\"https:\\\/\\\/forkommerce.com\\\/it\\\/#organization\"},\"alternateName\":\"Forkommerce Spare Parts\",\"potentialAction\":[{\"@type\":\"SearchAction\",\"target\":{\"@type\":\"EntryPoint\",\"urlTemplate\":\"https:\\\/\\\/forkommerce.com\\\/it\\\/?s={search_term_string}\"},\"query-input\":{\"@type\":\"PropertyValueSpecification\",\"valueRequired\":true,\"valueName\":\"search_term_string\"}}],\"inLanguage\":\"fr-FR\"},{\"@type\":\"Organization\",\"@id\":\"https:\\\/\\\/forkommerce.com\\\/it\\\/#organization\",\"name\":\"Forkommerce Spare Parts\",\"url\":\"https:\\\/\\\/forkommerce.com\\\/it\\\/\",\"logo\":{\"@type\":\"ImageObject\",\"inLanguage\":\"fr-FR\",\"@id\":\"https:\\\/\\\/forkommerce.com\\\/it\\\/#\\\/schema\\\/logo\\\/image\\\/\",\"url\":\"https:\\\/\\\/forkommerce.com\\\/wp-content\\\/uploads\\\/2025\\\/09\\\/Logo-Forkommercex2.png\",\"contentUrl\":\"https:\\\/\\\/forkommerce.com\\\/wp-content\\\/uploads\\\/2025\\\/09\\\/Logo-Forkommercex2.png\",\"width\":470,\"height\":120,\"caption\":\"Forkommerce Spare Parts\"},\"image\":{\"@id\":\"https:\\\/\\\/forkommerce.com\\\/it\\\/#\\\/schema\\\/logo\\\/image\\\/\"}}]}<\/script>\n<!-- \/ Yoast SEO plugin. -->","yoast_head_json":{"title":"Axe de cha\u00eene BL633KS | Forkommerce Spare Parts","robots":{"index":"index","follow":"follow","max-snippet":"max-snippet:-1","max-image-preview":"max-image-preview:large","max-video-preview":"max-video-preview:-1"},"canonical":"https:\/\/forkommerce.com\/fr\/produit\/axe-de-chaine-bl633ks\/","og_locale":"fr_FR","og_type":"article","og_title":"Axe de cha\u00eene BL633KS | Forkommerce Spare Parts","og_description":"Axe de cha\u00eene BL633KS","og_url":"https:\/\/forkommerce.com\/fr\/produit\/axe-de-chaine-bl633ks\/","og_site_name":"Forkommerce Spare Parts","article_modified_time":"2026-04-11T09:21:45+00:00","og_image":[{"width":465,"height":469,"url":"https:\/\/forkommerce.com\/wp-content\/uploads\/2026\/02\/Perno-a-chiodo-per-catena-BL644.jpeg","type":"image\/jpeg"}],"twitter_card":"summary_large_image","twitter_misc":{"Dur\u00e9e de lecture estim\u00e9e":"1 minute"},"schema":{"@context":"https:\/\/schema.org","@graph":[{"@type":"WebPage","@id":"https:\/\/forkommerce.com\/fr\/produit\/axe-de-chaine-bl633ks\/","url":"https:\/\/forkommerce.com\/fr\/produit\/axe-de-chaine-bl633ks\/","name":"Axe de cha\u00eene BL633KS | Forkommerce Spare Parts","isPartOf":{"@id":"https:\/\/forkommerce.com\/it\/#website"},"primaryImageOfPage":{"@id":"https:\/\/forkommerce.com\/fr\/produit\/axe-de-chaine-bl633ks\/#primaryimage"},"image":{"@id":"https:\/\/forkommerce.com\/fr\/produit\/axe-de-chaine-bl633ks\/#primaryimage"},"thumbnailUrl":"https:\/\/forkommerce.com\/wp-content\/uploads\/2026\/02\/Perno-a-chiodo-per-catena-BL644.jpeg","datePublished":"2026-02-03T08:28:57+00:00","dateModified":"2026-04-11T09:21:45+00:00","breadcrumb":{"@id":"https:\/\/forkommerce.com\/fr\/produit\/axe-de-chaine-bl633ks\/#breadcrumb"},"inLanguage":"fr-FR","potentialAction":[{"@type":"ReadAction","target":["https:\/\/forkommerce.com\/fr\/produit\/axe-de-chaine-bl633ks\/"]}]},{"@type":"ImageObject","inLanguage":"fr-FR","@id":"https:\/\/forkommerce.com\/fr\/produit\/axe-de-chaine-bl633ks\/#primaryimage","url":"https:\/\/forkommerce.com\/wp-content\/uploads\/2026\/02\/Perno-a-chiodo-per-catena-BL644.jpeg","contentUrl":"https:\/\/forkommerce.com\/wp-content\/uploads\/2026\/02\/Perno-a-chiodo-per-catena-BL644.jpeg","width":465,"height":469,"caption":"Axe rivet\u00e9 pour cha\u00eene BL644"},{"@type":"BreadcrumbList","@id":"https:\/\/forkommerce.com\/fr\/produit\/axe-de-chaine-bl633ks\/#breadcrumb","itemListElement":[{"@type":"ListItem","position":1,"name":"Home","item":"https:\/\/forkommerce.com\/fr\/"},{"@type":"ListItem","position":2,"name":"Boutique","item":"https:\/\/forkommerce.com\/it\/negozio\/"},{"@type":"ListItem","position":3,"name":"Axe de cha\u00eene BL633KS"}]},{"@type":"WebSite","@id":"https:\/\/forkommerce.com\/it\/#website","url":"https:\/\/forkommerce.com\/it\/","name":"Forkommerce Spare Parts","description":"Ricambi originali e compatibili per carrelli elevatori e transpallet","publisher":{"@id":"https:\/\/forkommerce.com\/it\/#organization"},"alternateName":"Forkommerce Spare Parts","potentialAction":[{"@type":"SearchAction","target":{"@type":"EntryPoint","urlTemplate":"https:\/\/forkommerce.com\/it\/?s={search_term_string}"},"query-input":{"@type":"PropertyValueSpecification","valueRequired":true,"valueName":"search_term_string"}}],"inLanguage":"fr-FR"},{"@type":"Organization","@id":"https:\/\/forkommerce.com\/it\/#organization","name":"Forkommerce Spare Parts","url":"https:\/\/forkommerce.com\/it\/","logo":{"@type":"ImageObject","inLanguage":"fr-FR","@id":"https:\/\/forkommerce.com\/it\/#\/schema\/logo\/image\/","url":"https:\/\/forkommerce.com\/wp-content\/uploads\/2025\/09\/Logo-Forkommercex2.png","contentUrl":"https:\/\/forkommerce.com\/wp-content\/uploads\/2025\/09\/Logo-Forkommercex2.png","width":470,"height":120,"caption":"Forkommerce Spare Parts"},"image":{"@id":"https:\/\/forkommerce.com\/it\/#\/schema\/logo\/image\/"}}]}},"_links":{"self":[{"href":"https:\/\/forkommerce.com\/fr\/wp-json\/wp\/v2\/product\/3077","targetHints":{"allow":["GET"]}}],"collection":[{"href":"https:\/\/forkommerce.com\/fr\/wp-json\/wp\/v2\/product"}],"about":[{"href":"https:\/\/forkommerce.com\/fr\/wp-json\/wp\/v2\/types\/product"}],"wp:featuredmedia":[{"embeddable":true,"href":"https:\/\/forkommerce.com\/fr\/wp-json\/wp\/v2\/media\/2968"}],"wp:attachment":[{"href":"https:\/\/forkommerce.com\/fr\/wp-json\/wp\/v2\/media?parent=3077"}],"wp:term":[{"taxonomy":"product_brand","embeddable":true,"href":"https:\/\/forkommerce.com\/fr\/wp-json\/wp\/v2\/product_brand?post=3077"},{"taxonomy":"product_cat","embeddable":true,"href":"https:\/\/forkommerce.com\/fr\/wp-json\/wp\/v2\/product_cat?post=3077"},{"taxonomy":"product_tag","embeddable":true,"href":"https:\/\/forkommerce.com\/fr\/wp-json\/wp\/v2\/product_tag?post=3077"}],"curies":[{"name":"wp","href":"https:\/\/api.w.org\/{rel}","templated":true}]}}