{"id":3246,"date":"2026-02-02T15:49:42","date_gmt":"2026-02-02T14:49:42","guid":{"rendered":"https:\/\/forkommerce.com\/prodotto\/chaine-bl866ks-111\/"},"modified":"2026-02-02T15:49:42","modified_gmt":"2026-02-02T14:49:42","slug":"chaine-bl866ks-111","status":"publish","type":"product","link":"https:\/\/forkommerce.com\/fr\/produit\/chaine-bl866ks-111\/","title":{"rendered":"Cha\u00eene BL866KS 111"},"content":{"rendered":"<p><strong>Cha\u00eene BL866KS-111  <\/strong><\/p>\n<p><strong>Cha\u00eene centrale 6&#215;6 avec plastique marque : Jungheinrich \/ BL866<\/strong><\/p>\n<p><strong>Description :<br \/>\nCha\u00eene centrale 6&#215;6 avec \u00e9l\u00e9ments en plastique, id\u00e9ale pour les applications industrielles exigeant une haute r\u00e9sistance et durabilit\u00e9. <\/strong><\/p>\n<p><strong>Con\u00e7ue pour garantir des performances fiables en manutention et levage lourd.<\/strong><\/p>\n<p><strong> <\/strong><\/p>\n<p><strong>Sp\u00e9cifications techniques :<\/strong><\/p>\n<ul>\n<li><strong>Type de cha\u00eene : Cha\u00eene \u00e0 mailles jointives (Leaf chain) TY-K<\/strong><\/li>\n<li><strong>Pas (distance entre axes) : 25,4 mm<\/strong><\/li>\n<li><strong>Diam\u00e8tre de l\u2019axe : 9,53 mm<\/strong><\/li>\n<li><strong>Largeur totale : 68,5 mm<\/strong><\/li>\n<li><strong>Hauteur totale : 23,6 mm<\/strong><\/li>\n<li><strong>\u00c9paisseur de la plaque : 4,0 mm<\/strong><\/li>\n<li><strong>Configuration des plaques : 6&#215;6<\/strong><\/li>\n<li><strong>Mat\u00e9riau : Acier (Steel)<\/strong><\/li>\n<li><strong>Force de rupture : 315 kN<\/strong><\/li>\n<li><strong>Poids : 7 kg\/m<\/strong><\/li>\n<\/ul>\n<p><strong>Pourquoi choisir cette cha\u00eene :<\/strong><\/p>\n<ul>\n<li><strong>R\u00e9sistante et durable m\u00eame dans des conditions de travail intensif<\/strong><\/li>\n<li><strong>Installation simple gr\u00e2ce \u00e0 sa conception modulaire<\/strong><\/li>\n<li><strong>Fiabilit\u00e9 garantie par la marque Jungheinrich<\/strong><\/li>\n<\/ul>\n","protected":false},"excerpt":{"rendered":"<p>Cha\u00eene BL866KS 111<\/p>\n","protected":false},"featured_media":3247,"template":"","meta":[],"product_brand":[177],"product_cat":[107],"product_tag":[],"class_list":{"0":"post-3246","1":"product","2":"type-product","3":"status-publish","4":"has-post-thumbnail","6":"product_brand-jungheinrich","7":"product_cat-chaines","9":"first","10":"instock","11":"taxable","12":"shipping-taxable","13":"purchasable","14":"product-type-simple"},"yoast_head":"<!-- This site is optimized with the Yoast SEO plugin v27.3 - https:\/\/yoast.com\/product\/yoast-seo-wordpress\/ -->\n<title>Cha\u00eene BL866KS 111 | Forkommerce Spare Parts<\/title>\n<meta name=\"robots\" content=\"index, follow, max-snippet:-1, max-image-preview:large, max-video-preview:-1\" \/>\n<link rel=\"canonical\" href=\"https:\/\/forkommerce.com\/fr\/produit\/chaine-bl866ks-111\/\" \/>\n<meta property=\"og:locale\" content=\"fr_FR\" \/>\n<meta property=\"og:type\" content=\"article\" \/>\n<meta property=\"og:title\" content=\"Cha\u00eene BL866KS 111 | Forkommerce Spare Parts\" \/>\n<meta property=\"og:description\" content=\"Cha\u00eene BL866KS 111\" \/>\n<meta property=\"og:url\" content=\"https:\/\/forkommerce.com\/fr\/produit\/chaine-bl866ks-111\/\" \/>\n<meta property=\"og:site_name\" content=\"Forkommerce Spare Parts\" \/>\n<meta property=\"og:image\" content=\"https:\/\/forkommerce.com\/wp-content\/uploads\/2026\/02\/Catena-BL866KS-111.jpeg\" \/>\n\t<meta property=\"og:image:width\" content=\"488\" \/>\n\t<meta property=\"og:image:height\" content=\"328\" \/>\n\t<meta property=\"og:image:type\" content=\"image\/jpeg\" \/>\n<meta name=\"twitter:card\" content=\"summary_large_image\" \/>\n<meta name=\"twitter:label1\" content=\"Dur\u00e9e de lecture estim\u00e9e\" \/>\n\t<meta name=\"twitter:data1\" content=\"1 minute\" \/>\n<script type=\"application\/ld+json\" class=\"yoast-schema-graph\">{\"@context\":\"https:\\\/\\\/schema.org\",\"@graph\":[{\"@type\":\"WebPage\",\"@id\":\"https:\\\/\\\/forkommerce.com\\\/fr\\\/produit\\\/chaine-bl866ks-111\\\/\",\"url\":\"https:\\\/\\\/forkommerce.com\\\/fr\\\/produit\\\/chaine-bl866ks-111\\\/\",\"name\":\"Cha\u00eene BL866KS 111 | Forkommerce Spare Parts\",\"isPartOf\":{\"@id\":\"https:\\\/\\\/forkommerce.com\\\/it\\\/#website\"},\"primaryImageOfPage\":{\"@id\":\"https:\\\/\\\/forkommerce.com\\\/fr\\\/produit\\\/chaine-bl866ks-111\\\/#primaryimage\"},\"image\":{\"@id\":\"https:\\\/\\\/forkommerce.com\\\/fr\\\/produit\\\/chaine-bl866ks-111\\\/#primaryimage\"},\"thumbnailUrl\":\"https:\\\/\\\/forkommerce.com\\\/wp-content\\\/uploads\\\/2026\\\/02\\\/Catena-BL866KS-111.jpeg\",\"datePublished\":\"2026-02-02T14:49:42+00:00\",\"breadcrumb\":{\"@id\":\"https:\\\/\\\/forkommerce.com\\\/fr\\\/produit\\\/chaine-bl866ks-111\\\/#breadcrumb\"},\"inLanguage\":\"fr-FR\",\"potentialAction\":[{\"@type\":\"ReadAction\",\"target\":[\"https:\\\/\\\/forkommerce.com\\\/fr\\\/produit\\\/chaine-bl866ks-111\\\/\"]}]},{\"@type\":\"ImageObject\",\"inLanguage\":\"fr-FR\",\"@id\":\"https:\\\/\\\/forkommerce.com\\\/fr\\\/produit\\\/chaine-bl866ks-111\\\/#primaryimage\",\"url\":\"https:\\\/\\\/forkommerce.com\\\/wp-content\\\/uploads\\\/2026\\\/02\\\/Catena-BL866KS-111.jpeg\",\"contentUrl\":\"https:\\\/\\\/forkommerce.com\\\/wp-content\\\/uploads\\\/2026\\\/02\\\/Catena-BL866KS-111.jpeg\",\"width\":488,\"height\":328,\"caption\":\"Cha\u00eene BL866KS 111\"},{\"@type\":\"BreadcrumbList\",\"@id\":\"https:\\\/\\\/forkommerce.com\\\/fr\\\/produit\\\/chaine-bl866ks-111\\\/#breadcrumb\",\"itemListElement\":[{\"@type\":\"ListItem\",\"position\":1,\"name\":\"Home\",\"item\":\"https:\\\/\\\/forkommerce.com\\\/fr\\\/\"},{\"@type\":\"ListItem\",\"position\":2,\"name\":\"Boutique\",\"item\":\"https:\\\/\\\/forkommerce.com\\\/it\\\/negozio\\\/\"},{\"@type\":\"ListItem\",\"position\":3,\"name\":\"Cha\u00eene BL866KS 111\"}]},{\"@type\":\"WebSite\",\"@id\":\"https:\\\/\\\/forkommerce.com\\\/it\\\/#website\",\"url\":\"https:\\\/\\\/forkommerce.com\\\/it\\\/\",\"name\":\"Forkommerce Spare Parts\",\"description\":\"Ricambi originali e compatibili per carrelli elevatori e transpallet\",\"publisher\":{\"@id\":\"https:\\\/\\\/forkommerce.com\\\/it\\\/#organization\"},\"alternateName\":\"Forkommerce Spare Parts\",\"potentialAction\":[{\"@type\":\"SearchAction\",\"target\":{\"@type\":\"EntryPoint\",\"urlTemplate\":\"https:\\\/\\\/forkommerce.com\\\/it\\\/?s={search_term_string}\"},\"query-input\":{\"@type\":\"PropertyValueSpecification\",\"valueRequired\":true,\"valueName\":\"search_term_string\"}}],\"inLanguage\":\"fr-FR\"},{\"@type\":\"Organization\",\"@id\":\"https:\\\/\\\/forkommerce.com\\\/it\\\/#organization\",\"name\":\"Forkommerce Spare Parts\",\"url\":\"https:\\\/\\\/forkommerce.com\\\/it\\\/\",\"logo\":{\"@type\":\"ImageObject\",\"inLanguage\":\"fr-FR\",\"@id\":\"https:\\\/\\\/forkommerce.com\\\/it\\\/#\\\/schema\\\/logo\\\/image\\\/\",\"url\":\"https:\\\/\\\/forkommerce.com\\\/wp-content\\\/uploads\\\/2025\\\/09\\\/Logo-Forkommercex2.png\",\"contentUrl\":\"https:\\\/\\\/forkommerce.com\\\/wp-content\\\/uploads\\\/2025\\\/09\\\/Logo-Forkommercex2.png\",\"width\":470,\"height\":120,\"caption\":\"Forkommerce Spare Parts\"},\"image\":{\"@id\":\"https:\\\/\\\/forkommerce.com\\\/it\\\/#\\\/schema\\\/logo\\\/image\\\/\"}}]}<\/script>\n<!-- \/ Yoast SEO plugin. -->","yoast_head_json":{"title":"Cha\u00eene BL866KS 111 | Forkommerce Spare Parts","robots":{"index":"index","follow":"follow","max-snippet":"max-snippet:-1","max-image-preview":"max-image-preview:large","max-video-preview":"max-video-preview:-1"},"canonical":"https:\/\/forkommerce.com\/fr\/produit\/chaine-bl866ks-111\/","og_locale":"fr_FR","og_type":"article","og_title":"Cha\u00eene BL866KS 111 | Forkommerce Spare Parts","og_description":"Cha\u00eene BL866KS 111","og_url":"https:\/\/forkommerce.com\/fr\/produit\/chaine-bl866ks-111\/","og_site_name":"Forkommerce Spare Parts","og_image":[{"width":488,"height":328,"url":"https:\/\/forkommerce.com\/wp-content\/uploads\/2026\/02\/Catena-BL866KS-111.jpeg","type":"image\/jpeg"}],"twitter_card":"summary_large_image","twitter_misc":{"Dur\u00e9e de lecture estim\u00e9e":"1 minute"},"schema":{"@context":"https:\/\/schema.org","@graph":[{"@type":"WebPage","@id":"https:\/\/forkommerce.com\/fr\/produit\/chaine-bl866ks-111\/","url":"https:\/\/forkommerce.com\/fr\/produit\/chaine-bl866ks-111\/","name":"Cha\u00eene BL866KS 111 | Forkommerce Spare Parts","isPartOf":{"@id":"https:\/\/forkommerce.com\/it\/#website"},"primaryImageOfPage":{"@id":"https:\/\/forkommerce.com\/fr\/produit\/chaine-bl866ks-111\/#primaryimage"},"image":{"@id":"https:\/\/forkommerce.com\/fr\/produit\/chaine-bl866ks-111\/#primaryimage"},"thumbnailUrl":"https:\/\/forkommerce.com\/wp-content\/uploads\/2026\/02\/Catena-BL866KS-111.jpeg","datePublished":"2026-02-02T14:49:42+00:00","breadcrumb":{"@id":"https:\/\/forkommerce.com\/fr\/produit\/chaine-bl866ks-111\/#breadcrumb"},"inLanguage":"fr-FR","potentialAction":[{"@type":"ReadAction","target":["https:\/\/forkommerce.com\/fr\/produit\/chaine-bl866ks-111\/"]}]},{"@type":"ImageObject","inLanguage":"fr-FR","@id":"https:\/\/forkommerce.com\/fr\/produit\/chaine-bl866ks-111\/#primaryimage","url":"https:\/\/forkommerce.com\/wp-content\/uploads\/2026\/02\/Catena-BL866KS-111.jpeg","contentUrl":"https:\/\/forkommerce.com\/wp-content\/uploads\/2026\/02\/Catena-BL866KS-111.jpeg","width":488,"height":328,"caption":"Cha\u00eene BL866KS 111"},{"@type":"BreadcrumbList","@id":"https:\/\/forkommerce.com\/fr\/produit\/chaine-bl866ks-111\/#breadcrumb","itemListElement":[{"@type":"ListItem","position":1,"name":"Home","item":"https:\/\/forkommerce.com\/fr\/"},{"@type":"ListItem","position":2,"name":"Boutique","item":"https:\/\/forkommerce.com\/it\/negozio\/"},{"@type":"ListItem","position":3,"name":"Cha\u00eene BL866KS 111"}]},{"@type":"WebSite","@id":"https:\/\/forkommerce.com\/it\/#website","url":"https:\/\/forkommerce.com\/it\/","name":"Forkommerce Spare Parts","description":"Ricambi originali e compatibili per carrelli elevatori e transpallet","publisher":{"@id":"https:\/\/forkommerce.com\/it\/#organization"},"alternateName":"Forkommerce Spare Parts","potentialAction":[{"@type":"SearchAction","target":{"@type":"EntryPoint","urlTemplate":"https:\/\/forkommerce.com\/it\/?s={search_term_string}"},"query-input":{"@type":"PropertyValueSpecification","valueRequired":true,"valueName":"search_term_string"}}],"inLanguage":"fr-FR"},{"@type":"Organization","@id":"https:\/\/forkommerce.com\/it\/#organization","name":"Forkommerce Spare Parts","url":"https:\/\/forkommerce.com\/it\/","logo":{"@type":"ImageObject","inLanguage":"fr-FR","@id":"https:\/\/forkommerce.com\/it\/#\/schema\/logo\/image\/","url":"https:\/\/forkommerce.com\/wp-content\/uploads\/2025\/09\/Logo-Forkommercex2.png","contentUrl":"https:\/\/forkommerce.com\/wp-content\/uploads\/2025\/09\/Logo-Forkommercex2.png","width":470,"height":120,"caption":"Forkommerce Spare Parts"},"image":{"@id":"https:\/\/forkommerce.com\/it\/#\/schema\/logo\/image\/"}}]}},"_links":{"self":[{"href":"https:\/\/forkommerce.com\/fr\/wp-json\/wp\/v2\/product\/3246","targetHints":{"allow":["GET"]}}],"collection":[{"href":"https:\/\/forkommerce.com\/fr\/wp-json\/wp\/v2\/product"}],"about":[{"href":"https:\/\/forkommerce.com\/fr\/wp-json\/wp\/v2\/types\/product"}],"wp:featuredmedia":[{"embeddable":true,"href":"https:\/\/forkommerce.com\/fr\/wp-json\/wp\/v2\/media\/3247"}],"wp:attachment":[{"href":"https:\/\/forkommerce.com\/fr\/wp-json\/wp\/v2\/media?parent=3246"}],"wp:term":[{"taxonomy":"product_brand","embeddable":true,"href":"https:\/\/forkommerce.com\/fr\/wp-json\/wp\/v2\/product_brand?post=3246"},{"taxonomy":"product_cat","embeddable":true,"href":"https:\/\/forkommerce.com\/fr\/wp-json\/wp\/v2\/product_cat?post=3246"},{"taxonomy":"product_tag","embeddable":true,"href":"https:\/\/forkommerce.com\/fr\/wp-json\/wp\/v2\/product_tag?post=3246"}],"curies":[{"name":"wp","href":"https:\/\/api.w.org\/{rel}","templated":true}]}}