{"id":3285,"date":"2026-02-02T15:37:03","date_gmt":"2026-02-02T14:37:03","guid":{"rendered":"https:\/\/forkommerce.com\/prodotto\/chaine-bl633ks-2\/"},"modified":"2026-02-02T15:37:03","modified_gmt":"2026-02-02T14:37:03","slug":"chaine-bl633ks-2","status":"publish","type":"product","link":"https:\/\/forkommerce.com\/fr\/produit\/chaine-bl633ks-2\/","title":{"rendered":"Cha\u00eene BL633KS-2"},"content":{"rendered":"<p><strong>Cha\u00eene lat\u00e9rale Linde avec rev\u00eatement plastique \u2013 S\u00e9rie 394 \/ 391<\/strong><\/p>\n<p>Cha\u00eene <strong>de levage \u00e0 mailles jointives (Leaf Chain TY-K)<\/strong> pour chariots <strong>Linde<\/strong>, avec <strong>guidage lat\u00e9ral en plastique sur un c\u00f4t\u00e9 sur toute la largeur<\/strong>.<\/p>\n<p>Id\u00e9ale pour les applications industrielles et les chariots \u00e9l\u00e9vateurs.<\/p>\n<p><strong>Compatibilit\u00e9 :<\/strong><br \/>\nLinde <strong>S\u00e9rie 394 \/ 391 \/ 335 \/ 350<\/strong><\/p>\n<p><strong>Sp\u00e9cifications techniques :<\/strong><\/p>\n<ul>\n<li>Pas (P) : <strong>19,05 mm<\/strong><\/li>\n<li>\u00d8 axe (D2) : <strong>7,94 mm<\/strong><\/li>\n<li>Largeur totale (B) : <strong>26,6 mm<\/strong><\/li>\n<li>Hauteur totale (H) : <strong>17,9 mm<\/strong><\/li>\n<li>\u00c9paisseur de plaque (S) : <strong>3,4 mm<\/strong><\/li>\n<li>Combinaison de plaques : <strong>2&#215;3<\/strong><\/li>\n<li>Mat\u00e9riau : <strong>Acier<\/strong><\/li>\n<li>Charge de rupture : <strong>62 kN<\/strong><\/li>\n<li>Poids : <strong>2,20 kg\/m<\/strong><\/li>\n<\/ul>\n<p><strong>Caract\u00e9ristiques principales :<\/strong><\/p>\n<ul>\n<li>Haute r\u00e9sistance et longue dur\u00e9e de vie<\/li>\n<li>Rev\u00eatement lat\u00e9ral en plastique pour r\u00e9duire la friction et l\u2019usure<\/li>\n<li>Qualit\u00e9 professionnelle pour usage intensif<\/li>\n<\/ul>\n","protected":false},"excerpt":{"rendered":"<p>Cha\u00eene BL633KS-2<\/p>\n","protected":false},"featured_media":3286,"template":"","meta":[],"product_brand":[120],"product_cat":[107],"product_tag":[],"class_list":{"0":"post-3285","1":"product","2":"type-product","3":"status-publish","4":"has-post-thumbnail","6":"product_brand-linde","7":"product_cat-chaines","9":"first","10":"instock","11":"taxable","12":"shipping-taxable","13":"purchasable","14":"product-type-simple"},"yoast_head":"<!-- This site is optimized with the Yoast SEO plugin v27.3 - https:\/\/yoast.com\/product\/yoast-seo-wordpress\/ -->\n<title>Cha\u00eene BL633KS-2 | Forkommerce Spare Parts<\/title>\n<meta name=\"robots\" content=\"index, follow, max-snippet:-1, max-image-preview:large, max-video-preview:-1\" \/>\n<link rel=\"canonical\" href=\"https:\/\/forkommerce.com\/fr\/produit\/chaine-bl633ks-2\/\" \/>\n<meta property=\"og:locale\" content=\"fr_FR\" \/>\n<meta property=\"og:type\" content=\"article\" \/>\n<meta property=\"og:title\" content=\"Cha\u00eene BL633KS-2 | Forkommerce Spare Parts\" \/>\n<meta property=\"og:description\" content=\"Cha\u00eene BL633KS-2\" \/>\n<meta property=\"og:url\" content=\"https:\/\/forkommerce.com\/fr\/produit\/chaine-bl633ks-2\/\" \/>\n<meta property=\"og:site_name\" content=\"Forkommerce Spare Parts\" \/>\n<meta property=\"og:image\" content=\"https:\/\/forkommerce.com\/wp-content\/uploads\/2026\/02\/Catena-BL633KS.jpeg\" \/>\n\t<meta property=\"og:image:width\" content=\"434\" \/>\n\t<meta property=\"og:image:height\" content=\"264\" \/>\n\t<meta property=\"og:image:type\" content=\"image\/jpeg\" \/>\n<meta name=\"twitter:card\" content=\"summary_large_image\" \/>\n<meta name=\"twitter:label1\" content=\"Dur\u00e9e de lecture estim\u00e9e\" \/>\n\t<meta name=\"twitter:data1\" content=\"1 minute\" \/>\n<script type=\"application\/ld+json\" class=\"yoast-schema-graph\">{\"@context\":\"https:\\\/\\\/schema.org\",\"@graph\":[{\"@type\":\"WebPage\",\"@id\":\"https:\\\/\\\/forkommerce.com\\\/fr\\\/produit\\\/chaine-bl633ks-2\\\/\",\"url\":\"https:\\\/\\\/forkommerce.com\\\/fr\\\/produit\\\/chaine-bl633ks-2\\\/\",\"name\":\"Cha\u00eene BL633KS-2 | Forkommerce Spare Parts\",\"isPartOf\":{\"@id\":\"https:\\\/\\\/forkommerce.com\\\/it\\\/#website\"},\"primaryImageOfPage\":{\"@id\":\"https:\\\/\\\/forkommerce.com\\\/fr\\\/produit\\\/chaine-bl633ks-2\\\/#primaryimage\"},\"image\":{\"@id\":\"https:\\\/\\\/forkommerce.com\\\/fr\\\/produit\\\/chaine-bl633ks-2\\\/#primaryimage\"},\"thumbnailUrl\":\"https:\\\/\\\/forkommerce.com\\\/wp-content\\\/uploads\\\/2026\\\/02\\\/Catena-BL633KS.jpeg\",\"datePublished\":\"2026-02-02T14:37:03+00:00\",\"breadcrumb\":{\"@id\":\"https:\\\/\\\/forkommerce.com\\\/fr\\\/produit\\\/chaine-bl633ks-2\\\/#breadcrumb\"},\"inLanguage\":\"fr-FR\",\"potentialAction\":[{\"@type\":\"ReadAction\",\"target\":[\"https:\\\/\\\/forkommerce.com\\\/fr\\\/produit\\\/chaine-bl633ks-2\\\/\"]}]},{\"@type\":\"ImageObject\",\"inLanguage\":\"fr-FR\",\"@id\":\"https:\\\/\\\/forkommerce.com\\\/fr\\\/produit\\\/chaine-bl633ks-2\\\/#primaryimage\",\"url\":\"https:\\\/\\\/forkommerce.com\\\/wp-content\\\/uploads\\\/2026\\\/02\\\/Catena-BL633KS.jpeg\",\"contentUrl\":\"https:\\\/\\\/forkommerce.com\\\/wp-content\\\/uploads\\\/2026\\\/02\\\/Catena-BL633KS.jpeg\",\"width\":434,\"height\":264,\"caption\":\"Cha\u00eene BL633KS\"},{\"@type\":\"BreadcrumbList\",\"@id\":\"https:\\\/\\\/forkommerce.com\\\/fr\\\/produit\\\/chaine-bl633ks-2\\\/#breadcrumb\",\"itemListElement\":[{\"@type\":\"ListItem\",\"position\":1,\"name\":\"Home\",\"item\":\"https:\\\/\\\/forkommerce.com\\\/fr\\\/\"},{\"@type\":\"ListItem\",\"position\":2,\"name\":\"Boutique\",\"item\":\"https:\\\/\\\/forkommerce.com\\\/it\\\/negozio\\\/\"},{\"@type\":\"ListItem\",\"position\":3,\"name\":\"Cha\u00eene BL633KS-2\"}]},{\"@type\":\"WebSite\",\"@id\":\"https:\\\/\\\/forkommerce.com\\\/it\\\/#website\",\"url\":\"https:\\\/\\\/forkommerce.com\\\/it\\\/\",\"name\":\"Forkommerce Spare Parts\",\"description\":\"Ricambi originali e compatibili per carrelli elevatori e transpallet\",\"publisher\":{\"@id\":\"https:\\\/\\\/forkommerce.com\\\/it\\\/#organization\"},\"alternateName\":\"Forkommerce Spare Parts\",\"potentialAction\":[{\"@type\":\"SearchAction\",\"target\":{\"@type\":\"EntryPoint\",\"urlTemplate\":\"https:\\\/\\\/forkommerce.com\\\/it\\\/?s={search_term_string}\"},\"query-input\":{\"@type\":\"PropertyValueSpecification\",\"valueRequired\":true,\"valueName\":\"search_term_string\"}}],\"inLanguage\":\"fr-FR\"},{\"@type\":\"Organization\",\"@id\":\"https:\\\/\\\/forkommerce.com\\\/it\\\/#organization\",\"name\":\"Forkommerce Spare Parts\",\"url\":\"https:\\\/\\\/forkommerce.com\\\/it\\\/\",\"logo\":{\"@type\":\"ImageObject\",\"inLanguage\":\"fr-FR\",\"@id\":\"https:\\\/\\\/forkommerce.com\\\/it\\\/#\\\/schema\\\/logo\\\/image\\\/\",\"url\":\"https:\\\/\\\/forkommerce.com\\\/wp-content\\\/uploads\\\/2025\\\/09\\\/Logo-Forkommercex2.png\",\"contentUrl\":\"https:\\\/\\\/forkommerce.com\\\/wp-content\\\/uploads\\\/2025\\\/09\\\/Logo-Forkommercex2.png\",\"width\":470,\"height\":120,\"caption\":\"Forkommerce Spare Parts\"},\"image\":{\"@id\":\"https:\\\/\\\/forkommerce.com\\\/it\\\/#\\\/schema\\\/logo\\\/image\\\/\"}}]}<\/script>\n<!-- \/ Yoast SEO plugin. -->","yoast_head_json":{"title":"Cha\u00eene BL633KS-2 | Forkommerce Spare Parts","robots":{"index":"index","follow":"follow","max-snippet":"max-snippet:-1","max-image-preview":"max-image-preview:large","max-video-preview":"max-video-preview:-1"},"canonical":"https:\/\/forkommerce.com\/fr\/produit\/chaine-bl633ks-2\/","og_locale":"fr_FR","og_type":"article","og_title":"Cha\u00eene BL633KS-2 | Forkommerce Spare Parts","og_description":"Cha\u00eene BL633KS-2","og_url":"https:\/\/forkommerce.com\/fr\/produit\/chaine-bl633ks-2\/","og_site_name":"Forkommerce Spare Parts","og_image":[{"width":434,"height":264,"url":"https:\/\/forkommerce.com\/wp-content\/uploads\/2026\/02\/Catena-BL633KS.jpeg","type":"image\/jpeg"}],"twitter_card":"summary_large_image","twitter_misc":{"Dur\u00e9e de lecture estim\u00e9e":"1 minute"},"schema":{"@context":"https:\/\/schema.org","@graph":[{"@type":"WebPage","@id":"https:\/\/forkommerce.com\/fr\/produit\/chaine-bl633ks-2\/","url":"https:\/\/forkommerce.com\/fr\/produit\/chaine-bl633ks-2\/","name":"Cha\u00eene BL633KS-2 | Forkommerce Spare Parts","isPartOf":{"@id":"https:\/\/forkommerce.com\/it\/#website"},"primaryImageOfPage":{"@id":"https:\/\/forkommerce.com\/fr\/produit\/chaine-bl633ks-2\/#primaryimage"},"image":{"@id":"https:\/\/forkommerce.com\/fr\/produit\/chaine-bl633ks-2\/#primaryimage"},"thumbnailUrl":"https:\/\/forkommerce.com\/wp-content\/uploads\/2026\/02\/Catena-BL633KS.jpeg","datePublished":"2026-02-02T14:37:03+00:00","breadcrumb":{"@id":"https:\/\/forkommerce.com\/fr\/produit\/chaine-bl633ks-2\/#breadcrumb"},"inLanguage":"fr-FR","potentialAction":[{"@type":"ReadAction","target":["https:\/\/forkommerce.com\/fr\/produit\/chaine-bl633ks-2\/"]}]},{"@type":"ImageObject","inLanguage":"fr-FR","@id":"https:\/\/forkommerce.com\/fr\/produit\/chaine-bl633ks-2\/#primaryimage","url":"https:\/\/forkommerce.com\/wp-content\/uploads\/2026\/02\/Catena-BL633KS.jpeg","contentUrl":"https:\/\/forkommerce.com\/wp-content\/uploads\/2026\/02\/Catena-BL633KS.jpeg","width":434,"height":264,"caption":"Cha\u00eene BL633KS"},{"@type":"BreadcrumbList","@id":"https:\/\/forkommerce.com\/fr\/produit\/chaine-bl633ks-2\/#breadcrumb","itemListElement":[{"@type":"ListItem","position":1,"name":"Home","item":"https:\/\/forkommerce.com\/fr\/"},{"@type":"ListItem","position":2,"name":"Boutique","item":"https:\/\/forkommerce.com\/it\/negozio\/"},{"@type":"ListItem","position":3,"name":"Cha\u00eene BL633KS-2"}]},{"@type":"WebSite","@id":"https:\/\/forkommerce.com\/it\/#website","url":"https:\/\/forkommerce.com\/it\/","name":"Forkommerce Spare Parts","description":"Ricambi originali e compatibili per carrelli elevatori e transpallet","publisher":{"@id":"https:\/\/forkommerce.com\/it\/#organization"},"alternateName":"Forkommerce Spare Parts","potentialAction":[{"@type":"SearchAction","target":{"@type":"EntryPoint","urlTemplate":"https:\/\/forkommerce.com\/it\/?s={search_term_string}"},"query-input":{"@type":"PropertyValueSpecification","valueRequired":true,"valueName":"search_term_string"}}],"inLanguage":"fr-FR"},{"@type":"Organization","@id":"https:\/\/forkommerce.com\/it\/#organization","name":"Forkommerce Spare Parts","url":"https:\/\/forkommerce.com\/it\/","logo":{"@type":"ImageObject","inLanguage":"fr-FR","@id":"https:\/\/forkommerce.com\/it\/#\/schema\/logo\/image\/","url":"https:\/\/forkommerce.com\/wp-content\/uploads\/2025\/09\/Logo-Forkommercex2.png","contentUrl":"https:\/\/forkommerce.com\/wp-content\/uploads\/2025\/09\/Logo-Forkommercex2.png","width":470,"height":120,"caption":"Forkommerce Spare Parts"},"image":{"@id":"https:\/\/forkommerce.com\/it\/#\/schema\/logo\/image\/"}}]}},"_links":{"self":[{"href":"https:\/\/forkommerce.com\/fr\/wp-json\/wp\/v2\/product\/3285","targetHints":{"allow":["GET"]}}],"collection":[{"href":"https:\/\/forkommerce.com\/fr\/wp-json\/wp\/v2\/product"}],"about":[{"href":"https:\/\/forkommerce.com\/fr\/wp-json\/wp\/v2\/types\/product"}],"wp:featuredmedia":[{"embeddable":true,"href":"https:\/\/forkommerce.com\/fr\/wp-json\/wp\/v2\/media\/3286"}],"wp:attachment":[{"href":"https:\/\/forkommerce.com\/fr\/wp-json\/wp\/v2\/media?parent=3285"}],"wp:term":[{"taxonomy":"product_brand","embeddable":true,"href":"https:\/\/forkommerce.com\/fr\/wp-json\/wp\/v2\/product_brand?post=3285"},{"taxonomy":"product_cat","embeddable":true,"href":"https:\/\/forkommerce.com\/fr\/wp-json\/wp\/v2\/product_cat?post=3285"},{"taxonomy":"product_tag","embeddable":true,"href":"https:\/\/forkommerce.com\/fr\/wp-json\/wp\/v2\/product_tag?post=3285"}],"curies":[{"name":"wp","href":"https:\/\/api.w.org\/{rel}","templated":true}]}}