{"id":5013,"date":"2026-04-09T14:29:01","date_gmt":"2026-04-09T12:29:01","guid":{"rendered":"https:\/\/forkommerce.com\/prodotto\/moteur-complet-yanmar-4tne98\/"},"modified":"2026-04-10T13:58:11","modified_gmt":"2026-04-10T11:58:11","slug":"moteur-complet-yanmar-4tne98","status":"publish","type":"product","link":"https:\/\/forkommerce.com\/fr\/produit\/moteur-complet-yanmar-4tne98\/","title":{"rendered":"Moteur complet Yanmar 4TNE98"},"content":{"rendered":"<p>Moteur diesel Yanmar 4TNE98, con\u00e7u pour chariots \u00e9l\u00e9vateurs et machines industrielles l\u00e9g\u00e8res. Fiable et robuste, il garantit des performances constantes m\u00eame dans des conditions de travail difficiles, avec un entretien simple et des composants facilement disponibles. Id\u00e9al pour op\u00e9rations continues et applications industrielles intensives.  <\/p>\n","protected":false},"excerpt":{"rendered":"<p>Moteur diesel Yanmar 4TNE98, con\u00e7u pour chariots \u00e9l\u00e9vateurs et machines industrielles l\u00e9g\u00e8res. Fiable et robuste, il garantit des performances constantes m\u00eame dans des conditions de travail difficiles, avec un entretien simple et des composants facilement disponibles. Id\u00e9al pour op\u00e9rations continues et applications industrielles intensives.  <\/p>\n","protected":false},"featured_media":4991,"template":"","meta":[],"product_brand":[],"product_cat":[250],"product_tag":[],"class_list":{"0":"post-5013","1":"product","2":"type-product","3":"status-publish","4":"has-post-thumbnail","6":"product_cat-moteurs","8":"first","9":"instock","10":"taxable","11":"shipping-taxable","12":"purchasable","13":"product-type-simple"},"yoast_head":"<!-- This site is optimized with the Yoast SEO plugin v27.3 - https:\/\/yoast.com\/product\/yoast-seo-wordpress\/ -->\n<title>Moteur complet Yanmar 4TNE98 | Forkommerce Spare Parts<\/title>\n<meta name=\"robots\" content=\"index, follow, max-snippet:-1, max-image-preview:large, max-video-preview:-1\" \/>\n<link rel=\"canonical\" href=\"https:\/\/forkommerce.com\/fr\/produit\/moteur-complet-yanmar-4tne98\/\" \/>\n<meta property=\"og:locale\" content=\"fr_FR\" \/>\n<meta property=\"og:type\" content=\"article\" \/>\n<meta property=\"og:title\" content=\"Moteur complet Yanmar 4TNE98 | Forkommerce Spare Parts\" \/>\n<meta property=\"og:description\" content=\"Moteur diesel Yanmar 4TNE98, con\u00e7u pour chariots \u00e9l\u00e9vateurs et machines industrielles l\u00e9g\u00e8res. Fiable et robuste, il garantit des performances constantes m\u00eame dans des conditions de travail difficiles, avec un entretien simple et des composants facilement disponibles. Id\u00e9al pour op\u00e9rations continues et applications industrielles intensives.\" \/>\n<meta property=\"og:url\" content=\"https:\/\/forkommerce.com\/fr\/produit\/moteur-complet-yanmar-4tne98\/\" \/>\n<meta property=\"og:site_name\" content=\"Forkommerce Spare Parts\" \/>\n<meta property=\"article:modified_time\" content=\"2026-04-10T11:58:11+00:00\" \/>\n<meta property=\"og:image\" content=\"https:\/\/forkommerce.com\/wp-content\/uploads\/2026\/04\/Motore-completo-Yanmar-4TNE98.png\" \/>\n\t<meta property=\"og:image:width\" content=\"1184\" \/>\n\t<meta property=\"og:image:height\" content=\"824\" \/>\n\t<meta property=\"og:image:type\" content=\"image\/png\" \/>\n<meta name=\"twitter:card\" content=\"summary_large_image\" \/>\n<script type=\"application\/ld+json\" class=\"yoast-schema-graph\">{\"@context\":\"https:\\\/\\\/schema.org\",\"@graph\":[{\"@type\":\"WebPage\",\"@id\":\"https:\\\/\\\/forkommerce.com\\\/fr\\\/produit\\\/moteur-complet-yanmar-4tne98\\\/\",\"url\":\"https:\\\/\\\/forkommerce.com\\\/fr\\\/produit\\\/moteur-complet-yanmar-4tne98\\\/\",\"name\":\"Moteur complet Yanmar 4TNE98 | Forkommerce Spare Parts\",\"isPartOf\":{\"@id\":\"https:\\\/\\\/forkommerce.com\\\/it\\\/#website\"},\"primaryImageOfPage\":{\"@id\":\"https:\\\/\\\/forkommerce.com\\\/fr\\\/produit\\\/moteur-complet-yanmar-4tne98\\\/#primaryimage\"},\"image\":{\"@id\":\"https:\\\/\\\/forkommerce.com\\\/fr\\\/produit\\\/moteur-complet-yanmar-4tne98\\\/#primaryimage\"},\"thumbnailUrl\":\"https:\\\/\\\/forkommerce.com\\\/wp-content\\\/uploads\\\/2026\\\/04\\\/Motore-completo-Yanmar-4TNE98.png\",\"datePublished\":\"2026-04-09T12:29:01+00:00\",\"dateModified\":\"2026-04-10T11:58:11+00:00\",\"breadcrumb\":{\"@id\":\"https:\\\/\\\/forkommerce.com\\\/fr\\\/produit\\\/moteur-complet-yanmar-4tne98\\\/#breadcrumb\"},\"inLanguage\":\"fr-FR\",\"potentialAction\":[{\"@type\":\"ReadAction\",\"target\":[\"https:\\\/\\\/forkommerce.com\\\/fr\\\/produit\\\/moteur-complet-yanmar-4tne98\\\/\"]}]},{\"@type\":\"ImageObject\",\"inLanguage\":\"fr-FR\",\"@id\":\"https:\\\/\\\/forkommerce.com\\\/fr\\\/produit\\\/moteur-complet-yanmar-4tne98\\\/#primaryimage\",\"url\":\"https:\\\/\\\/forkommerce.com\\\/wp-content\\\/uploads\\\/2026\\\/04\\\/Motore-completo-Yanmar-4TNE98.png\",\"contentUrl\":\"https:\\\/\\\/forkommerce.com\\\/wp-content\\\/uploads\\\/2026\\\/04\\\/Motore-completo-Yanmar-4TNE98.png\",\"width\":1184,\"height\":824,\"caption\":\"Moteur complet Yanmar 4TNE98\"},{\"@type\":\"BreadcrumbList\",\"@id\":\"https:\\\/\\\/forkommerce.com\\\/fr\\\/produit\\\/moteur-complet-yanmar-4tne98\\\/#breadcrumb\",\"itemListElement\":[{\"@type\":\"ListItem\",\"position\":1,\"name\":\"Home\",\"item\":\"https:\\\/\\\/forkommerce.com\\\/fr\\\/\"},{\"@type\":\"ListItem\",\"position\":2,\"name\":\"Boutique\",\"item\":\"https:\\\/\\\/forkommerce.com\\\/it\\\/negozio\\\/\"},{\"@type\":\"ListItem\",\"position\":3,\"name\":\"Moteur complet Yanmar 4TNE98\"}]},{\"@type\":\"WebSite\",\"@id\":\"https:\\\/\\\/forkommerce.com\\\/it\\\/#website\",\"url\":\"https:\\\/\\\/forkommerce.com\\\/it\\\/\",\"name\":\"Forkommerce Spare Parts\",\"description\":\"Ricambi originali e compatibili per carrelli elevatori e transpallet\",\"publisher\":{\"@id\":\"https:\\\/\\\/forkommerce.com\\\/it\\\/#organization\"},\"alternateName\":\"Forkommerce Spare Parts\",\"potentialAction\":[{\"@type\":\"SearchAction\",\"target\":{\"@type\":\"EntryPoint\",\"urlTemplate\":\"https:\\\/\\\/forkommerce.com\\\/it\\\/?s={search_term_string}\"},\"query-input\":{\"@type\":\"PropertyValueSpecification\",\"valueRequired\":true,\"valueName\":\"search_term_string\"}}],\"inLanguage\":\"fr-FR\"},{\"@type\":\"Organization\",\"@id\":\"https:\\\/\\\/forkommerce.com\\\/it\\\/#organization\",\"name\":\"Forkommerce Spare Parts\",\"url\":\"https:\\\/\\\/forkommerce.com\\\/it\\\/\",\"logo\":{\"@type\":\"ImageObject\",\"inLanguage\":\"fr-FR\",\"@id\":\"https:\\\/\\\/forkommerce.com\\\/it\\\/#\\\/schema\\\/logo\\\/image\\\/\",\"url\":\"https:\\\/\\\/forkommerce.com\\\/wp-content\\\/uploads\\\/2025\\\/09\\\/Logo-Forkommercex2.png\",\"contentUrl\":\"https:\\\/\\\/forkommerce.com\\\/wp-content\\\/uploads\\\/2025\\\/09\\\/Logo-Forkommercex2.png\",\"width\":470,\"height\":120,\"caption\":\"Forkommerce Spare Parts\"},\"image\":{\"@id\":\"https:\\\/\\\/forkommerce.com\\\/it\\\/#\\\/schema\\\/logo\\\/image\\\/\"}}]}<\/script>\n<!-- \/ Yoast SEO plugin. -->","yoast_head_json":{"title":"Moteur complet Yanmar 4TNE98 | Forkommerce Spare Parts","robots":{"index":"index","follow":"follow","max-snippet":"max-snippet:-1","max-image-preview":"max-image-preview:large","max-video-preview":"max-video-preview:-1"},"canonical":"https:\/\/forkommerce.com\/fr\/produit\/moteur-complet-yanmar-4tne98\/","og_locale":"fr_FR","og_type":"article","og_title":"Moteur complet Yanmar 4TNE98 | Forkommerce Spare Parts","og_description":"Moteur diesel Yanmar 4TNE98, con\u00e7u pour chariots \u00e9l\u00e9vateurs et machines industrielles l\u00e9g\u00e8res. Fiable et robuste, il garantit des performances constantes m\u00eame dans des conditions de travail difficiles, avec un entretien simple et des composants facilement disponibles. Id\u00e9al pour op\u00e9rations continues et applications industrielles intensives.","og_url":"https:\/\/forkommerce.com\/fr\/produit\/moteur-complet-yanmar-4tne98\/","og_site_name":"Forkommerce Spare Parts","article_modified_time":"2026-04-10T11:58:11+00:00","og_image":[{"width":1184,"height":824,"url":"https:\/\/forkommerce.com\/wp-content\/uploads\/2026\/04\/Motore-completo-Yanmar-4TNE98.png","type":"image\/png"}],"twitter_card":"summary_large_image","schema":{"@context":"https:\/\/schema.org","@graph":[{"@type":"WebPage","@id":"https:\/\/forkommerce.com\/fr\/produit\/moteur-complet-yanmar-4tne98\/","url":"https:\/\/forkommerce.com\/fr\/produit\/moteur-complet-yanmar-4tne98\/","name":"Moteur complet Yanmar 4TNE98 | Forkommerce Spare Parts","isPartOf":{"@id":"https:\/\/forkommerce.com\/it\/#website"},"primaryImageOfPage":{"@id":"https:\/\/forkommerce.com\/fr\/produit\/moteur-complet-yanmar-4tne98\/#primaryimage"},"image":{"@id":"https:\/\/forkommerce.com\/fr\/produit\/moteur-complet-yanmar-4tne98\/#primaryimage"},"thumbnailUrl":"https:\/\/forkommerce.com\/wp-content\/uploads\/2026\/04\/Motore-completo-Yanmar-4TNE98.png","datePublished":"2026-04-09T12:29:01+00:00","dateModified":"2026-04-10T11:58:11+00:00","breadcrumb":{"@id":"https:\/\/forkommerce.com\/fr\/produit\/moteur-complet-yanmar-4tne98\/#breadcrumb"},"inLanguage":"fr-FR","potentialAction":[{"@type":"ReadAction","target":["https:\/\/forkommerce.com\/fr\/produit\/moteur-complet-yanmar-4tne98\/"]}]},{"@type":"ImageObject","inLanguage":"fr-FR","@id":"https:\/\/forkommerce.com\/fr\/produit\/moteur-complet-yanmar-4tne98\/#primaryimage","url":"https:\/\/forkommerce.com\/wp-content\/uploads\/2026\/04\/Motore-completo-Yanmar-4TNE98.png","contentUrl":"https:\/\/forkommerce.com\/wp-content\/uploads\/2026\/04\/Motore-completo-Yanmar-4TNE98.png","width":1184,"height":824,"caption":"Moteur complet Yanmar 4TNE98"},{"@type":"BreadcrumbList","@id":"https:\/\/forkommerce.com\/fr\/produit\/moteur-complet-yanmar-4tne98\/#breadcrumb","itemListElement":[{"@type":"ListItem","position":1,"name":"Home","item":"https:\/\/forkommerce.com\/fr\/"},{"@type":"ListItem","position":2,"name":"Boutique","item":"https:\/\/forkommerce.com\/it\/negozio\/"},{"@type":"ListItem","position":3,"name":"Moteur complet Yanmar 4TNE98"}]},{"@type":"WebSite","@id":"https:\/\/forkommerce.com\/it\/#website","url":"https:\/\/forkommerce.com\/it\/","name":"Forkommerce Spare Parts","description":"Ricambi originali e compatibili per carrelli elevatori e transpallet","publisher":{"@id":"https:\/\/forkommerce.com\/it\/#organization"},"alternateName":"Forkommerce Spare Parts","potentialAction":[{"@type":"SearchAction","target":{"@type":"EntryPoint","urlTemplate":"https:\/\/forkommerce.com\/it\/?s={search_term_string}"},"query-input":{"@type":"PropertyValueSpecification","valueRequired":true,"valueName":"search_term_string"}}],"inLanguage":"fr-FR"},{"@type":"Organization","@id":"https:\/\/forkommerce.com\/it\/#organization","name":"Forkommerce Spare Parts","url":"https:\/\/forkommerce.com\/it\/","logo":{"@type":"ImageObject","inLanguage":"fr-FR","@id":"https:\/\/forkommerce.com\/it\/#\/schema\/logo\/image\/","url":"https:\/\/forkommerce.com\/wp-content\/uploads\/2025\/09\/Logo-Forkommercex2.png","contentUrl":"https:\/\/forkommerce.com\/wp-content\/uploads\/2025\/09\/Logo-Forkommercex2.png","width":470,"height":120,"caption":"Forkommerce Spare Parts"},"image":{"@id":"https:\/\/forkommerce.com\/it\/#\/schema\/logo\/image\/"}}]}},"_links":{"self":[{"href":"https:\/\/forkommerce.com\/fr\/wp-json\/wp\/v2\/product\/5013","targetHints":{"allow":["GET"]}}],"collection":[{"href":"https:\/\/forkommerce.com\/fr\/wp-json\/wp\/v2\/product"}],"about":[{"href":"https:\/\/forkommerce.com\/fr\/wp-json\/wp\/v2\/types\/product"}],"wp:featuredmedia":[{"embeddable":true,"href":"https:\/\/forkommerce.com\/fr\/wp-json\/wp\/v2\/media\/4991"}],"wp:attachment":[{"href":"https:\/\/forkommerce.com\/fr\/wp-json\/wp\/v2\/media?parent=5013"}],"wp:term":[{"taxonomy":"product_brand","embeddable":true,"href":"https:\/\/forkommerce.com\/fr\/wp-json\/wp\/v2\/product_brand?post=5013"},{"taxonomy":"product_cat","embeddable":true,"href":"https:\/\/forkommerce.com\/fr\/wp-json\/wp\/v2\/product_cat?post=5013"},{"taxonomy":"product_tag","embeddable":true,"href":"https:\/\/forkommerce.com\/fr\/wp-json\/wp\/v2\/product_tag?post=5013"}],"curies":[{"name":"wp","href":"https:\/\/api.w.org\/{rel}","templated":true}]}}