{"id":5056,"date":"2026-04-09T13:55:41","date_gmt":"2026-04-09T11:55:41","guid":{"rendered":"https:\/\/forkommerce.com\/prodotto\/moteur-complet-nissan-k25\/"},"modified":"2026-04-09T13:55:41","modified_gmt":"2026-04-09T11:55:41","slug":"moteur-complet-nissan-k25","status":"publish","type":"product","link":"https:\/\/forkommerce.com\/fr\/produit\/moteur-complet-nissan-k25\/","title":{"rendered":"Moteur complet Nissan K25"},"content":{"rendered":"<p>Moteur diesel Nissan K25, con\u00e7u pour les chariots \u00e9l\u00e9vateurs et les v\u00e9hicules industriels l\u00e9gers. Robuste et fiable, il garantit des performances constantes et une longue dur\u00e9e de vie m\u00eame dans des conditions de travail difficiles, avec un entretien simple et des composants faciles \u00e0 trouver. <\/p>\n","protected":false},"excerpt":{"rendered":"<p>Moteur diesel Nissan K25, con\u00e7u pour les chariots \u00e9l\u00e9vateurs et les v\u00e9hicules industriels l\u00e9gers. Robuste et fiable, il garantit des performances constantes et une longue dur\u00e9e de vie m\u00eame dans des conditions de travail difficiles, avec un entretien simple et des composants faciles \u00e0 trouver. <\/p>\n","protected":false},"featured_media":4981,"template":"","meta":[],"product_brand":[],"product_cat":[250],"product_tag":[],"class_list":{"0":"post-5056","1":"product","2":"type-product","3":"status-publish","4":"has-post-thumbnail","6":"product_cat-moteurs","8":"first","9":"instock","10":"taxable","11":"shipping-taxable","12":"purchasable","13":"product-type-simple"},"yoast_head":"<!-- This site is optimized with the Yoast SEO plugin v27.3 - https:\/\/yoast.com\/product\/yoast-seo-wordpress\/ -->\n<title>Moteur complet Nissan K25 | Forkommerce Spare Parts<\/title>\n<meta name=\"robots\" content=\"index, follow, max-snippet:-1, max-image-preview:large, max-video-preview:-1\" \/>\n<link rel=\"canonical\" href=\"https:\/\/forkommerce.com\/fr\/produit\/moteur-complet-nissan-k25\/\" \/>\n<meta property=\"og:locale\" content=\"fr_FR\" \/>\n<meta property=\"og:type\" content=\"article\" \/>\n<meta property=\"og:title\" content=\"Moteur complet Nissan K25 | Forkommerce Spare Parts\" \/>\n<meta property=\"og:description\" content=\"Moteur diesel Nissan K25, con\u00e7u pour les chariots \u00e9l\u00e9vateurs et les v\u00e9hicules industriels l\u00e9gers. Robuste et fiable, il garantit des performances constantes et une longue dur\u00e9e de vie m\u00eame dans des conditions de travail difficiles, avec un entretien simple et des composants faciles \u00e0 trouver.\" \/>\n<meta property=\"og:url\" content=\"https:\/\/forkommerce.com\/fr\/produit\/moteur-complet-nissan-k25\/\" \/>\n<meta property=\"og:site_name\" content=\"Forkommerce Spare Parts\" \/>\n<meta property=\"og:image\" content=\"https:\/\/forkommerce.com\/wp-content\/uploads\/2026\/04\/Motore-completo-Nissan-K25.jpg\" \/>\n\t<meta property=\"og:image:width\" content=\"1024\" \/>\n\t<meta property=\"og:image:height\" content=\"946\" \/>\n\t<meta property=\"og:image:type\" content=\"image\/jpeg\" \/>\n<meta name=\"twitter:card\" content=\"summary_large_image\" \/>\n<script type=\"application\/ld+json\" class=\"yoast-schema-graph\">{\"@context\":\"https:\\\/\\\/schema.org\",\"@graph\":[{\"@type\":\"WebPage\",\"@id\":\"https:\\\/\\\/forkommerce.com\\\/fr\\\/produit\\\/moteur-complet-nissan-k25\\\/\",\"url\":\"https:\\\/\\\/forkommerce.com\\\/fr\\\/produit\\\/moteur-complet-nissan-k25\\\/\",\"name\":\"Moteur complet Nissan K25 | Forkommerce Spare Parts\",\"isPartOf\":{\"@id\":\"https:\\\/\\\/forkommerce.com\\\/it\\\/#website\"},\"primaryImageOfPage\":{\"@id\":\"https:\\\/\\\/forkommerce.com\\\/fr\\\/produit\\\/moteur-complet-nissan-k25\\\/#primaryimage\"},\"image\":{\"@id\":\"https:\\\/\\\/forkommerce.com\\\/fr\\\/produit\\\/moteur-complet-nissan-k25\\\/#primaryimage\"},\"thumbnailUrl\":\"https:\\\/\\\/forkommerce.com\\\/wp-content\\\/uploads\\\/2026\\\/04\\\/Motore-completo-Nissan-K25.jpg\",\"datePublished\":\"2026-04-09T11:55:41+00:00\",\"breadcrumb\":{\"@id\":\"https:\\\/\\\/forkommerce.com\\\/fr\\\/produit\\\/moteur-complet-nissan-k25\\\/#breadcrumb\"},\"inLanguage\":\"fr-FR\",\"potentialAction\":[{\"@type\":\"ReadAction\",\"target\":[\"https:\\\/\\\/forkommerce.com\\\/fr\\\/produit\\\/moteur-complet-nissan-k25\\\/\"]}]},{\"@type\":\"ImageObject\",\"inLanguage\":\"fr-FR\",\"@id\":\"https:\\\/\\\/forkommerce.com\\\/fr\\\/produit\\\/moteur-complet-nissan-k25\\\/#primaryimage\",\"url\":\"https:\\\/\\\/forkommerce.com\\\/wp-content\\\/uploads\\\/2026\\\/04\\\/Motore-completo-Nissan-K25.jpg\",\"contentUrl\":\"https:\\\/\\\/forkommerce.com\\\/wp-content\\\/uploads\\\/2026\\\/04\\\/Motore-completo-Nissan-K25.jpg\",\"width\":1024,\"height\":946,\"caption\":\"Moteur complet Nissan K25\"},{\"@type\":\"BreadcrumbList\",\"@id\":\"https:\\\/\\\/forkommerce.com\\\/fr\\\/produit\\\/moteur-complet-nissan-k25\\\/#breadcrumb\",\"itemListElement\":[{\"@type\":\"ListItem\",\"position\":1,\"name\":\"Home\",\"item\":\"https:\\\/\\\/forkommerce.com\\\/fr\\\/\"},{\"@type\":\"ListItem\",\"position\":2,\"name\":\"Boutique\",\"item\":\"https:\\\/\\\/forkommerce.com\\\/it\\\/negozio\\\/\"},{\"@type\":\"ListItem\",\"position\":3,\"name\":\"Moteur complet Nissan K25\"}]},{\"@type\":\"WebSite\",\"@id\":\"https:\\\/\\\/forkommerce.com\\\/it\\\/#website\",\"url\":\"https:\\\/\\\/forkommerce.com\\\/it\\\/\",\"name\":\"Forkommerce Spare Parts\",\"description\":\"Ricambi originali e compatibili per carrelli elevatori e transpallet\",\"publisher\":{\"@id\":\"https:\\\/\\\/forkommerce.com\\\/it\\\/#organization\"},\"alternateName\":\"Forkommerce Spare Parts\",\"potentialAction\":[{\"@type\":\"SearchAction\",\"target\":{\"@type\":\"EntryPoint\",\"urlTemplate\":\"https:\\\/\\\/forkommerce.com\\\/it\\\/?s={search_term_string}\"},\"query-input\":{\"@type\":\"PropertyValueSpecification\",\"valueRequired\":true,\"valueName\":\"search_term_string\"}}],\"inLanguage\":\"fr-FR\"},{\"@type\":\"Organization\",\"@id\":\"https:\\\/\\\/forkommerce.com\\\/it\\\/#organization\",\"name\":\"Forkommerce Spare Parts\",\"url\":\"https:\\\/\\\/forkommerce.com\\\/it\\\/\",\"logo\":{\"@type\":\"ImageObject\",\"inLanguage\":\"fr-FR\",\"@id\":\"https:\\\/\\\/forkommerce.com\\\/it\\\/#\\\/schema\\\/logo\\\/image\\\/\",\"url\":\"https:\\\/\\\/forkommerce.com\\\/wp-content\\\/uploads\\\/2025\\\/09\\\/Logo-Forkommercex2.png\",\"contentUrl\":\"https:\\\/\\\/forkommerce.com\\\/wp-content\\\/uploads\\\/2025\\\/09\\\/Logo-Forkommercex2.png\",\"width\":470,\"height\":120,\"caption\":\"Forkommerce Spare Parts\"},\"image\":{\"@id\":\"https:\\\/\\\/forkommerce.com\\\/it\\\/#\\\/schema\\\/logo\\\/image\\\/\"}}]}<\/script>\n<!-- \/ Yoast SEO plugin. -->","yoast_head_json":{"title":"Moteur complet Nissan K25 | Forkommerce Spare Parts","robots":{"index":"index","follow":"follow","max-snippet":"max-snippet:-1","max-image-preview":"max-image-preview:large","max-video-preview":"max-video-preview:-1"},"canonical":"https:\/\/forkommerce.com\/fr\/produit\/moteur-complet-nissan-k25\/","og_locale":"fr_FR","og_type":"article","og_title":"Moteur complet Nissan K25 | Forkommerce Spare Parts","og_description":"Moteur diesel Nissan K25, con\u00e7u pour les chariots \u00e9l\u00e9vateurs et les v\u00e9hicules industriels l\u00e9gers. Robuste et fiable, il garantit des performances constantes et une longue dur\u00e9e de vie m\u00eame dans des conditions de travail difficiles, avec un entretien simple et des composants faciles \u00e0 trouver.","og_url":"https:\/\/forkommerce.com\/fr\/produit\/moteur-complet-nissan-k25\/","og_site_name":"Forkommerce Spare Parts","og_image":[{"width":1024,"height":946,"url":"https:\/\/forkommerce.com\/wp-content\/uploads\/2026\/04\/Motore-completo-Nissan-K25.jpg","type":"image\/jpeg"}],"twitter_card":"summary_large_image","schema":{"@context":"https:\/\/schema.org","@graph":[{"@type":"WebPage","@id":"https:\/\/forkommerce.com\/fr\/produit\/moteur-complet-nissan-k25\/","url":"https:\/\/forkommerce.com\/fr\/produit\/moteur-complet-nissan-k25\/","name":"Moteur complet Nissan K25 | Forkommerce Spare Parts","isPartOf":{"@id":"https:\/\/forkommerce.com\/it\/#website"},"primaryImageOfPage":{"@id":"https:\/\/forkommerce.com\/fr\/produit\/moteur-complet-nissan-k25\/#primaryimage"},"image":{"@id":"https:\/\/forkommerce.com\/fr\/produit\/moteur-complet-nissan-k25\/#primaryimage"},"thumbnailUrl":"https:\/\/forkommerce.com\/wp-content\/uploads\/2026\/04\/Motore-completo-Nissan-K25.jpg","datePublished":"2026-04-09T11:55:41+00:00","breadcrumb":{"@id":"https:\/\/forkommerce.com\/fr\/produit\/moteur-complet-nissan-k25\/#breadcrumb"},"inLanguage":"fr-FR","potentialAction":[{"@type":"ReadAction","target":["https:\/\/forkommerce.com\/fr\/produit\/moteur-complet-nissan-k25\/"]}]},{"@type":"ImageObject","inLanguage":"fr-FR","@id":"https:\/\/forkommerce.com\/fr\/produit\/moteur-complet-nissan-k25\/#primaryimage","url":"https:\/\/forkommerce.com\/wp-content\/uploads\/2026\/04\/Motore-completo-Nissan-K25.jpg","contentUrl":"https:\/\/forkommerce.com\/wp-content\/uploads\/2026\/04\/Motore-completo-Nissan-K25.jpg","width":1024,"height":946,"caption":"Moteur complet Nissan K25"},{"@type":"BreadcrumbList","@id":"https:\/\/forkommerce.com\/fr\/produit\/moteur-complet-nissan-k25\/#breadcrumb","itemListElement":[{"@type":"ListItem","position":1,"name":"Home","item":"https:\/\/forkommerce.com\/fr\/"},{"@type":"ListItem","position":2,"name":"Boutique","item":"https:\/\/forkommerce.com\/it\/negozio\/"},{"@type":"ListItem","position":3,"name":"Moteur complet Nissan K25"}]},{"@type":"WebSite","@id":"https:\/\/forkommerce.com\/it\/#website","url":"https:\/\/forkommerce.com\/it\/","name":"Forkommerce Spare Parts","description":"Ricambi originali e compatibili per carrelli elevatori e transpallet","publisher":{"@id":"https:\/\/forkommerce.com\/it\/#organization"},"alternateName":"Forkommerce Spare Parts","potentialAction":[{"@type":"SearchAction","target":{"@type":"EntryPoint","urlTemplate":"https:\/\/forkommerce.com\/it\/?s={search_term_string}"},"query-input":{"@type":"PropertyValueSpecification","valueRequired":true,"valueName":"search_term_string"}}],"inLanguage":"fr-FR"},{"@type":"Organization","@id":"https:\/\/forkommerce.com\/it\/#organization","name":"Forkommerce Spare Parts","url":"https:\/\/forkommerce.com\/it\/","logo":{"@type":"ImageObject","inLanguage":"fr-FR","@id":"https:\/\/forkommerce.com\/it\/#\/schema\/logo\/image\/","url":"https:\/\/forkommerce.com\/wp-content\/uploads\/2025\/09\/Logo-Forkommercex2.png","contentUrl":"https:\/\/forkommerce.com\/wp-content\/uploads\/2025\/09\/Logo-Forkommercex2.png","width":470,"height":120,"caption":"Forkommerce Spare Parts"},"image":{"@id":"https:\/\/forkommerce.com\/it\/#\/schema\/logo\/image\/"}}]}},"_links":{"self":[{"href":"https:\/\/forkommerce.com\/fr\/wp-json\/wp\/v2\/product\/5056","targetHints":{"allow":["GET"]}}],"collection":[{"href":"https:\/\/forkommerce.com\/fr\/wp-json\/wp\/v2\/product"}],"about":[{"href":"https:\/\/forkommerce.com\/fr\/wp-json\/wp\/v2\/types\/product"}],"wp:featuredmedia":[{"embeddable":true,"href":"https:\/\/forkommerce.com\/fr\/wp-json\/wp\/v2\/media\/4981"}],"wp:attachment":[{"href":"https:\/\/forkommerce.com\/fr\/wp-json\/wp\/v2\/media?parent=5056"}],"wp:term":[{"taxonomy":"product_brand","embeddable":true,"href":"https:\/\/forkommerce.com\/fr\/wp-json\/wp\/v2\/product_brand?post=5056"},{"taxonomy":"product_cat","embeddable":true,"href":"https:\/\/forkommerce.com\/fr\/wp-json\/wp\/v2\/product_cat?post=5056"},{"taxonomy":"product_tag","embeddable":true,"href":"https:\/\/forkommerce.com\/fr\/wp-json\/wp\/v2\/product_tag?post=5056"}],"curies":[{"name":"wp","href":"https:\/\/api.w.org\/{rel}","templated":true}]}}