{"id":5064,"date":"2026-04-09T13:59:34","date_gmt":"2026-04-09T11:59:34","guid":{"rendered":"https:\/\/forkommerce.com\/prodotto\/moteur-complet-heli-c490\/"},"modified":"2026-04-09T13:59:34","modified_gmt":"2026-04-09T11:59:34","slug":"moteur-complet-heli-c490","status":"publish","type":"product","link":"https:\/\/forkommerce.com\/fr\/produit\/moteur-complet-heli-c490\/","title":{"rendered":"Moteur complet Heli C490"},"content":{"rendered":"<p>Moteur diesel Heli C490, con\u00e7u pour les chariots \u00e9l\u00e9vateurs et les v\u00e9hicules industriels l\u00e9gers. Robuste et fiable, il assure des performances constantes et une grande long\u00e9vit\u00e9, m\u00eame en conditions de travail difficiles, avec un entretien simple et des pi\u00e8ces facilement disponibles. <\/p>\n","protected":false},"excerpt":{"rendered":"<p>Moteur diesel Heli C490, con\u00e7u pour les chariots \u00e9l\u00e9vateurs et les v\u00e9hicules industriels l\u00e9gers. Robuste et fiable, il assure des performances constantes et une grande long\u00e9vit\u00e9, m\u00eame en conditions de travail difficiles, avec un entretien simple et des pi\u00e8ces facilement disponibles. <\/p>\n","protected":false},"featured_media":4983,"template":"","meta":[],"product_brand":[223],"product_cat":[250],"product_tag":[],"class_list":{"0":"post-5064","1":"product","2":"type-product","3":"status-publish","4":"has-post-thumbnail","6":"product_brand-heli","7":"product_cat-moteurs","9":"first","10":"instock","11":"taxable","12":"shipping-taxable","13":"purchasable","14":"product-type-simple"},"yoast_head":"<!-- This site is optimized with the Yoast SEO plugin v27.3 - https:\/\/yoast.com\/product\/yoast-seo-wordpress\/ -->\n<title>Moteur complet Heli C490 | Forkommerce Spare Parts<\/title>\n<meta name=\"robots\" content=\"index, follow, max-snippet:-1, max-image-preview:large, max-video-preview:-1\" \/>\n<link rel=\"canonical\" href=\"https:\/\/forkommerce.com\/fr\/produit\/moteur-complet-heli-c490\/\" \/>\n<meta property=\"og:locale\" content=\"fr_FR\" \/>\n<meta property=\"og:type\" content=\"article\" \/>\n<meta property=\"og:title\" content=\"Moteur complet Heli C490 | Forkommerce Spare Parts\" \/>\n<meta property=\"og:description\" content=\"Moteur diesel Heli C490, con\u00e7u pour les chariots \u00e9l\u00e9vateurs et les v\u00e9hicules industriels l\u00e9gers. Robuste et fiable, il assure des performances constantes et une grande long\u00e9vit\u00e9, m\u00eame en conditions de travail difficiles, avec un entretien simple et des pi\u00e8ces facilement disponibles.\" \/>\n<meta property=\"og:url\" content=\"https:\/\/forkommerce.com\/fr\/produit\/moteur-complet-heli-c490\/\" \/>\n<meta property=\"og:site_name\" content=\"Forkommerce Spare Parts\" \/>\n<meta property=\"og:image\" content=\"https:\/\/forkommerce.com\/wp-content\/uploads\/2026\/04\/Motore-completo-Heli-C490.png\" \/>\n\t<meta property=\"og:image:width\" content=\"935\" \/>\n\t<meta property=\"og:image:height\" content=\"768\" \/>\n\t<meta property=\"og:image:type\" content=\"image\/png\" \/>\n<meta name=\"twitter:card\" content=\"summary_large_image\" \/>\n<script type=\"application\/ld+json\" class=\"yoast-schema-graph\">{\"@context\":\"https:\\\/\\\/schema.org\",\"@graph\":[{\"@type\":\"WebPage\",\"@id\":\"https:\\\/\\\/forkommerce.com\\\/fr\\\/produit\\\/moteur-complet-heli-c490\\\/\",\"url\":\"https:\\\/\\\/forkommerce.com\\\/fr\\\/produit\\\/moteur-complet-heli-c490\\\/\",\"name\":\"Moteur complet Heli C490 | Forkommerce Spare Parts\",\"isPartOf\":{\"@id\":\"https:\\\/\\\/forkommerce.com\\\/it\\\/#website\"},\"primaryImageOfPage\":{\"@id\":\"https:\\\/\\\/forkommerce.com\\\/fr\\\/produit\\\/moteur-complet-heli-c490\\\/#primaryimage\"},\"image\":{\"@id\":\"https:\\\/\\\/forkommerce.com\\\/fr\\\/produit\\\/moteur-complet-heli-c490\\\/#primaryimage\"},\"thumbnailUrl\":\"https:\\\/\\\/forkommerce.com\\\/wp-content\\\/uploads\\\/2026\\\/04\\\/Motore-completo-Heli-C490.png\",\"datePublished\":\"2026-04-09T11:59:34+00:00\",\"breadcrumb\":{\"@id\":\"https:\\\/\\\/forkommerce.com\\\/fr\\\/produit\\\/moteur-complet-heli-c490\\\/#breadcrumb\"},\"inLanguage\":\"fr-FR\",\"potentialAction\":[{\"@type\":\"ReadAction\",\"target\":[\"https:\\\/\\\/forkommerce.com\\\/fr\\\/produit\\\/moteur-complet-heli-c490\\\/\"]}]},{\"@type\":\"ImageObject\",\"inLanguage\":\"fr-FR\",\"@id\":\"https:\\\/\\\/forkommerce.com\\\/fr\\\/produit\\\/moteur-complet-heli-c490\\\/#primaryimage\",\"url\":\"https:\\\/\\\/forkommerce.com\\\/wp-content\\\/uploads\\\/2026\\\/04\\\/Motore-completo-Heli-C490.png\",\"contentUrl\":\"https:\\\/\\\/forkommerce.com\\\/wp-content\\\/uploads\\\/2026\\\/04\\\/Motore-completo-Heli-C490.png\",\"width\":935,\"height\":768,\"caption\":\"Moteur complet Heli C490\"},{\"@type\":\"BreadcrumbList\",\"@id\":\"https:\\\/\\\/forkommerce.com\\\/fr\\\/produit\\\/moteur-complet-heli-c490\\\/#breadcrumb\",\"itemListElement\":[{\"@type\":\"ListItem\",\"position\":1,\"name\":\"Home\",\"item\":\"https:\\\/\\\/forkommerce.com\\\/fr\\\/\"},{\"@type\":\"ListItem\",\"position\":2,\"name\":\"Boutique\",\"item\":\"https:\\\/\\\/forkommerce.com\\\/it\\\/negozio\\\/\"},{\"@type\":\"ListItem\",\"position\":3,\"name\":\"Moteur complet Heli C490\"}]},{\"@type\":\"WebSite\",\"@id\":\"https:\\\/\\\/forkommerce.com\\\/it\\\/#website\",\"url\":\"https:\\\/\\\/forkommerce.com\\\/it\\\/\",\"name\":\"Forkommerce Spare Parts\",\"description\":\"Ricambi originali e compatibili per carrelli elevatori e transpallet\",\"publisher\":{\"@id\":\"https:\\\/\\\/forkommerce.com\\\/it\\\/#organization\"},\"alternateName\":\"Forkommerce Spare Parts\",\"potentialAction\":[{\"@type\":\"SearchAction\",\"target\":{\"@type\":\"EntryPoint\",\"urlTemplate\":\"https:\\\/\\\/forkommerce.com\\\/it\\\/?s={search_term_string}\"},\"query-input\":{\"@type\":\"PropertyValueSpecification\",\"valueRequired\":true,\"valueName\":\"search_term_string\"}}],\"inLanguage\":\"fr-FR\"},{\"@type\":\"Organization\",\"@id\":\"https:\\\/\\\/forkommerce.com\\\/it\\\/#organization\",\"name\":\"Forkommerce Spare Parts\",\"url\":\"https:\\\/\\\/forkommerce.com\\\/it\\\/\",\"logo\":{\"@type\":\"ImageObject\",\"inLanguage\":\"fr-FR\",\"@id\":\"https:\\\/\\\/forkommerce.com\\\/it\\\/#\\\/schema\\\/logo\\\/image\\\/\",\"url\":\"https:\\\/\\\/forkommerce.com\\\/wp-content\\\/uploads\\\/2025\\\/09\\\/Logo-Forkommercex2.png\",\"contentUrl\":\"https:\\\/\\\/forkommerce.com\\\/wp-content\\\/uploads\\\/2025\\\/09\\\/Logo-Forkommercex2.png\",\"width\":470,\"height\":120,\"caption\":\"Forkommerce Spare Parts\"},\"image\":{\"@id\":\"https:\\\/\\\/forkommerce.com\\\/it\\\/#\\\/schema\\\/logo\\\/image\\\/\"}}]}<\/script>\n<!-- \/ Yoast SEO plugin. -->","yoast_head_json":{"title":"Moteur complet Heli C490 | Forkommerce Spare Parts","robots":{"index":"index","follow":"follow","max-snippet":"max-snippet:-1","max-image-preview":"max-image-preview:large","max-video-preview":"max-video-preview:-1"},"canonical":"https:\/\/forkommerce.com\/fr\/produit\/moteur-complet-heli-c490\/","og_locale":"fr_FR","og_type":"article","og_title":"Moteur complet Heli C490 | Forkommerce Spare Parts","og_description":"Moteur diesel Heli C490, con\u00e7u pour les chariots \u00e9l\u00e9vateurs et les v\u00e9hicules industriels l\u00e9gers. Robuste et fiable, il assure des performances constantes et une grande long\u00e9vit\u00e9, m\u00eame en conditions de travail difficiles, avec un entretien simple et des pi\u00e8ces facilement disponibles.","og_url":"https:\/\/forkommerce.com\/fr\/produit\/moteur-complet-heli-c490\/","og_site_name":"Forkommerce Spare Parts","og_image":[{"width":935,"height":768,"url":"https:\/\/forkommerce.com\/wp-content\/uploads\/2026\/04\/Motore-completo-Heli-C490.png","type":"image\/png"}],"twitter_card":"summary_large_image","schema":{"@context":"https:\/\/schema.org","@graph":[{"@type":"WebPage","@id":"https:\/\/forkommerce.com\/fr\/produit\/moteur-complet-heli-c490\/","url":"https:\/\/forkommerce.com\/fr\/produit\/moteur-complet-heli-c490\/","name":"Moteur complet Heli C490 | Forkommerce Spare Parts","isPartOf":{"@id":"https:\/\/forkommerce.com\/it\/#website"},"primaryImageOfPage":{"@id":"https:\/\/forkommerce.com\/fr\/produit\/moteur-complet-heli-c490\/#primaryimage"},"image":{"@id":"https:\/\/forkommerce.com\/fr\/produit\/moteur-complet-heli-c490\/#primaryimage"},"thumbnailUrl":"https:\/\/forkommerce.com\/wp-content\/uploads\/2026\/04\/Motore-completo-Heli-C490.png","datePublished":"2026-04-09T11:59:34+00:00","breadcrumb":{"@id":"https:\/\/forkommerce.com\/fr\/produit\/moteur-complet-heli-c490\/#breadcrumb"},"inLanguage":"fr-FR","potentialAction":[{"@type":"ReadAction","target":["https:\/\/forkommerce.com\/fr\/produit\/moteur-complet-heli-c490\/"]}]},{"@type":"ImageObject","inLanguage":"fr-FR","@id":"https:\/\/forkommerce.com\/fr\/produit\/moteur-complet-heli-c490\/#primaryimage","url":"https:\/\/forkommerce.com\/wp-content\/uploads\/2026\/04\/Motore-completo-Heli-C490.png","contentUrl":"https:\/\/forkommerce.com\/wp-content\/uploads\/2026\/04\/Motore-completo-Heli-C490.png","width":935,"height":768,"caption":"Moteur complet Heli C490"},{"@type":"BreadcrumbList","@id":"https:\/\/forkommerce.com\/fr\/produit\/moteur-complet-heli-c490\/#breadcrumb","itemListElement":[{"@type":"ListItem","position":1,"name":"Home","item":"https:\/\/forkommerce.com\/fr\/"},{"@type":"ListItem","position":2,"name":"Boutique","item":"https:\/\/forkommerce.com\/it\/negozio\/"},{"@type":"ListItem","position":3,"name":"Moteur complet Heli C490"}]},{"@type":"WebSite","@id":"https:\/\/forkommerce.com\/it\/#website","url":"https:\/\/forkommerce.com\/it\/","name":"Forkommerce Spare Parts","description":"Ricambi originali e compatibili per carrelli elevatori e transpallet","publisher":{"@id":"https:\/\/forkommerce.com\/it\/#organization"},"alternateName":"Forkommerce Spare Parts","potentialAction":[{"@type":"SearchAction","target":{"@type":"EntryPoint","urlTemplate":"https:\/\/forkommerce.com\/it\/?s={search_term_string}"},"query-input":{"@type":"PropertyValueSpecification","valueRequired":true,"valueName":"search_term_string"}}],"inLanguage":"fr-FR"},{"@type":"Organization","@id":"https:\/\/forkommerce.com\/it\/#organization","name":"Forkommerce Spare Parts","url":"https:\/\/forkommerce.com\/it\/","logo":{"@type":"ImageObject","inLanguage":"fr-FR","@id":"https:\/\/forkommerce.com\/it\/#\/schema\/logo\/image\/","url":"https:\/\/forkommerce.com\/wp-content\/uploads\/2025\/09\/Logo-Forkommercex2.png","contentUrl":"https:\/\/forkommerce.com\/wp-content\/uploads\/2025\/09\/Logo-Forkommercex2.png","width":470,"height":120,"caption":"Forkommerce Spare Parts"},"image":{"@id":"https:\/\/forkommerce.com\/it\/#\/schema\/logo\/image\/"}}]}},"_links":{"self":[{"href":"https:\/\/forkommerce.com\/fr\/wp-json\/wp\/v2\/product\/5064","targetHints":{"allow":["GET"]}}],"collection":[{"href":"https:\/\/forkommerce.com\/fr\/wp-json\/wp\/v2\/product"}],"about":[{"href":"https:\/\/forkommerce.com\/fr\/wp-json\/wp\/v2\/types\/product"}],"wp:featuredmedia":[{"embeddable":true,"href":"https:\/\/forkommerce.com\/fr\/wp-json\/wp\/v2\/media\/4983"}],"wp:attachment":[{"href":"https:\/\/forkommerce.com\/fr\/wp-json\/wp\/v2\/media?parent=5064"}],"wp:term":[{"taxonomy":"product_brand","embeddable":true,"href":"https:\/\/forkommerce.com\/fr\/wp-json\/wp\/v2\/product_brand?post=5064"},{"taxonomy":"product_cat","embeddable":true,"href":"https:\/\/forkommerce.com\/fr\/wp-json\/wp\/v2\/product_cat?post=5064"},{"taxonomy":"product_tag","embeddable":true,"href":"https:\/\/forkommerce.com\/fr\/wp-json\/wp\/v2\/product_tag?post=5064"}],"curies":[{"name":"wp","href":"https:\/\/api.w.org\/{rel}","templated":true}]}}